{"id":9,"date":"2021-10-15T10:10:28","date_gmt":"2021-10-15T10:10:28","guid":{"rendered":"http:\/\/510premiumcarts.com\/?page_id=9"},"modified":"2023-03-08T21:49:45","modified_gmt":"2023-03-08T21:49:45","slug":"politique-de-remboursement","status":"publish","type":"page","link":"https:\/\/510premiumcarts.com\/index.php\/politique-de-remboursement\/","title":{"rendered":"Politique de remboursement"},"content":{"rendered":"\n<div class=\"slider-wrapper relative\" id=\"slider-889395698\" style=\"background-color:rgb(0, 0, 0);\">\n    <div class=\"slider slider-nav-circle slider-nav-large slider-nav-light slider-style-normal\"\n        data-flickity-options='{\n            \"cellAlign\": \"center\",\n            \"imagesLoaded\": true,\n            \"lazyLoad\": 1,\n            \"freeScroll\": false,\n            \"wrapAround\": true,\n            \"autoPlay\": 6000,\n            \"pauseAutoPlayOnHover\" : true,\n            \"prevNextButtons\": true,\n            \"contain\" : true,\n            \"adaptiveHeight\" : true,\n            \"dragThreshold\" : 10,\n            \"percentPosition\": true,\n            \"pageDots\": true,\n            \"rightToLeft\": false,\n            \"draggable\": true,\n            \"selectedAttraction\": 0.1,\n            \"parallax\" : 0,\n            \"friction\": 0.6        }'\n        >\n        \n\n\n  <div class=\"banner has-hover is-full-height has-slide-effect slide-zoom-in\" id=\"banner-1187146760\">\n          <div class=\"banner-inner fill\">\n        <div class=\"banner-bg fill\" >\n            <div class=\"bg fill bg-fill \"><\/div>\n                        <div class=\"overlay\"><\/div>            \n                    <\/div><!-- bg-layers -->\n        <div class=\"banner-layers container\">\n            <div class=\"fill banner-link\"><\/div>            \n\n   <div id=\"text-box-1104246559\" class=\"text-box banner-layer x50 md-x50 lg-x50 y50 md-y50 lg-y50 res-text\">\n              <div data-parallax=\"2\" data-parallax-fade=\"true\">       <div data-animate=\"fadeInUp\">           <div class=\"text dark\">\n              \n              <div class=\"text-inner text-center\">\n                  \n\n<h2 class=\"uppercase\" style=\"text-align: center;\"><strong>POLITIQUE DE R\u00c9DUCTION<\/strong><\/h2>\n\n              <\/div>\n           <\/div><!-- text-box-inner -->\n       <\/div>       <\/div>              \n<style scope=\"scope\">\n\n#text-box-1104246559 {\n  width: 100%;\n}\n#text-box-1104246559 .text {\n  font-size: 100%;\n}\n\n\n@media (min-width:550px) {\n\n  #text-box-1104246559 {\n    width: 58%;\n  }\n\n}\n<\/style>\n    <\/div><!-- text-box -->\n \n\n        <\/div><!-- .banner-layers -->\n      <\/div><!-- .banner-inner -->\n\n            \n<style scope=\"scope\">\n\n#banner-1187146760 {\n  padding-top: 100%;\n  background-color: rgb(35, 35, 35);\n}\n#banner-1187146760 .bg.bg-loaded {\n  background-image: url(https:\/\/510premiumcarts.com\/wp-content\/uploads\/2021\/10\/NEWS.jpg);\n}\n#banner-1187146760 .overlay {\n  background-color: rgba(0, 0, 0, 0.17);\n}\n#banner-1187146760 .bg {\n  background-position: 44% 34%;\n}\n<\/style>\n  <\/div><!-- .banner -->\n\n\n\n     <\/div>\n\n     <div class=\"loading-spin dark large centered\"><\/div>\n\n     <style scope=\"scope\">\n             <\/style>\n<\/div><!-- .ux-slider-wrapper -->\n\n\n<div class=\"slider-wrapper relative\" id=\"slider-62866551\" style=\"background-color:rgb(255,255,255);\">\n    <div class=\"slider slider-nav-circle slider-nav-large slider-nav-light slider-style-normal\"\n        data-flickity-options='{\n            \"cellAlign\": \"center\",\n            \"imagesLoaded\": true,\n            \"lazyLoad\": 1,\n            \"freeScroll\": false,\n            \"wrapAround\": true,\n            \"autoPlay\": 6000,\n            \"pauseAutoPlayOnHover\" : true,\n            \"prevNextButtons\": true,\n            \"contain\" : true,\n            \"adaptiveHeight\" : true,\n            \"dragThreshold\" : 10,\n            \"percentPosition\": true,\n            \"pageDots\": true,\n            \"rightToLeft\": false,\n            \"draggable\": true,\n            \"selectedAttraction\": 0.1,\n            \"parallax\" : 0,\n            \"friction\": 0.6        }'\n        >\n        \n\n<div class=\"row\"  id=\"row-725031177\">\n\n<div class=\"col small-12 large-12\"  ><div class=\"col-inner\" style=\"background-color:rgb(255,255,255);\" >\n\n<p>&nbsp;<\/p>\n<p>510premiumcarts.com s&rsquo;engage \u00e0 fournir des produits et un service client de la plus haute qualit\u00e9 et est responsable de la livraison des commandes aux clients. Nous offrons \u00e0 tous nos pr\u00e9cieux clients une garantie de remboursement de 30 jours. Cependant, en raison de la nature des produits, qui sont des m\u00e9dicaments contr\u00f4l\u00e9s dans de nombreux pays, certaines directives doivent \u00eatre suivies avec les cartouches de vape.<\/p>\n<h2 style=\"text-align: center;\"><strong>Remboursements&nbsp;:<\/strong><\/h2>\n<p><strong>Voici les cas o\u00f9 un client peut demander un remboursement&nbsp;:<\/strong><\/p>\n<ul>\n<li><strong>Annulation:<\/strong> Si un client annule la commande dans les 3 heures suivant le paiement. Une fois le paiement effectu\u00e9 et la commande transmise au service des exp\u00e9ditions, aucun remboursement ne pourra \u00eatre effectu\u00e9.<\/li>\n<li><strong>Non-r\u00e9ception:<\/strong> Si une commande n&rsquo;a pas \u00e9t\u00e9 re\u00e7ue par le client dans les 45 jours suivant le traitement du paiement, le client peut demander un remboursement. Toutefois, les causes de non-r\u00e9ception suivantes ne seront pas rembours\u00e9es :<\/li>\n<li>Le client a chang\u00e9 d&rsquo;adresse.<\/li>\n<li>Le client a fourni une adresse incorrecte.<\/li>\n<li>La commande est arriv\u00e9e \u00e0 la bonne adresse, mais il n&rsquo;y avait personne pour la r\u00e9clamer.<\/li>\n<li><strong>Produits inefficaces<\/strong>: nous faisons de notre mieux pour trouver des produits de premier ordre pour<\/li>\n<li><span style=\"color: #000000;\">Nos pr\u00e9cieux clients, mais si un client pr\u00e9tend que les produits qu&rsquo;il a re\u00e7us sont inefficaces, le client peut demander un remboursement, \u00e9tant donn\u00e9 que le client nous fournit les \u00e9l\u00e9ments suivants&nbsp;:<\/span><\/li>\n<li><span style=\"color: #000000;\">&nbsp;<\/span><span style=\"color: #000000;\">-Une image claire du rapport des tests de laboratoire.<\/span><\/li>\n<li><span style=\"color: #000000;\">-Une image claire des produits.<\/span><\/li>\n<li><span style=\"color: #000000;\">-Une image claire du colis (Enveloppe, bo\u00eete, etc.).<\/span><br><span style=\"color: #000000;\">-Num\u00e9ro de commande.<\/span><br><span style=\"color: #000000;\">-Preuve de paiement (re\u00e7u \u00e9lectronique ou physique)<\/span><\/li>\n<\/ul>\n<p><strong>Remarque:<\/strong> Un remboursement peut prendre jusqu&rsquo;\u00e0 60 jours ouvrables selon les politiques de la soci\u00e9t\u00e9 de traitement des cartes de cr\u00e9dit et les politiques des banques correspondantes utilis\u00e9es par le client.<\/p>\n<p>Les paiements effectu\u00e9s via Cash App, PayPal ou Bitcoin peuvent \u00eatre rembours\u00e9s dans les 3 jours ouvrables suivant la fin de l&rsquo;enqu\u00eate<\/p>\n<p>&nbsp;<\/p>\n\n<\/div><\/div>\n\n\n<style scope=\"scope\">\n\n#row-725031177 > .col > .col-inner {\n  background-color: rgb(255,255,255);\n}\n<\/style>\n<\/div>\n\n     <\/div>\n\n     <div class=\"loading-spin dark large centered\"><\/div>\n\n     <style scope=\"scope\">\n             <\/style>\n<\/div><!-- .ux-slider-wrapper -->\n\n\n","protected":false},"excerpt":{"rendered":"","protected":false},"author":1,"featured_media":0,"parent":0,"menu_order":0,"comment_status":"closed","ping_status":"closed","template":"page-blank.php","meta":{"_monsterinsights_skip_tracking":false,"_monsterinsights_sitenote_active":false,"_monsterinsights_sitenote_note":"","_monsterinsights_sitenote_category":0,"footnotes":""},"class_list":["post-9","page","type-page","status-publish","hentry"],"yoast_head":"<!-- This site is optimized with the Yoast SEO plugin v27.3 - https:\/\/yoast.com\/product\/yoast-seo-wordpress\/ -->\n<title>Politique de remboursement - 510 Premium Carts<\/title>\n<meta name=\"robots\" content=\"index, follow, max-snippet:-1, max-image-preview:large, max-video-preview:-1\" \/>\n<link rel=\"canonical\" href=\"https:\/\/510premiumcarts.com\/index.php\/politique-de-remboursement\/\" \/>\n<meta property=\"og:locale\" content=\"fr_FR\" \/>\n<meta property=\"og:type\" content=\"article\" \/>\n<meta property=\"og:title\" content=\"Politique de remboursement - 510 Premium Carts\" \/>\n<meta property=\"og:url\" content=\"https:\/\/510premiumcarts.com\/index.php\/politique-de-remboursement\/\" \/>\n<meta property=\"og:site_name\" content=\"510 Premium Carts\" \/>\n<meta property=\"article:modified_time\" content=\"2023-03-08T21:49:45+00:00\" \/>\n<meta name=\"twitter:card\" content=\"summary_large_image\" \/>\n<meta name=\"twitter:label1\" content=\"Dur\u00e9e de lecture estim\u00e9e\" \/>\n\t<meta name=\"twitter:data1\" content=\"2 minutes\" \/>\n<script type=\"application\/ld+json\" class=\"yoast-schema-graph\">{\"@context\":\"https:\\\/\\\/schema.org\",\"@graph\":[{\"@type\":\"WebPage\",\"@id\":\"https:\\\/\\\/510premiumcarts.com\\\/index.php\\\/politique-de-remboursement\\\/\",\"url\":\"https:\\\/\\\/510premiumcarts.com\\\/index.php\\\/politique-de-remboursement\\\/\",\"name\":\"Politique de remboursement - 510 Premium Carts\",\"isPartOf\":{\"@id\":\"https:\\\/\\\/510premiumcarts.com\\\/#website\"},\"datePublished\":\"2021-10-15T10:10:28+00:00\",\"dateModified\":\"2023-03-08T21:49:45+00:00\",\"breadcrumb\":{\"@id\":\"https:\\\/\\\/510premiumcarts.com\\\/index.php\\\/politique-de-remboursement\\\/#breadcrumb\"},\"inLanguage\":\"fr-FR\",\"potentialAction\":[{\"@type\":\"ReadAction\",\"target\":[\"https:\\\/\\\/510premiumcarts.com\\\/index.php\\\/politique-de-remboursement\\\/\"]}]},{\"@type\":\"BreadcrumbList\",\"@id\":\"https:\\\/\\\/510premiumcarts.com\\\/index.php\\\/politique-de-remboursement\\\/#breadcrumb\",\"itemListElement\":[{\"@type\":\"ListItem\",\"position\":1,\"name\":\"Home\",\"item\":\"https:\\\/\\\/510premiumcarts.com\\\/\"},{\"@type\":\"ListItem\",\"position\":2,\"name\":\"Politique de remboursement\"}]},{\"@type\":\"WebSite\",\"@id\":\"https:\\\/\\\/510premiumcarts.com\\\/#website\",\"url\":\"https:\\\/\\\/510premiumcarts.com\\\/\",\"name\":\"510 Premium Carts\",\"description\":\"Just another WordPress site\",\"potentialAction\":[{\"@type\":\"SearchAction\",\"target\":{\"@type\":\"EntryPoint\",\"urlTemplate\":\"https:\\\/\\\/510premiumcarts.com\\\/?s={search_term_string}\"},\"query-input\":{\"@type\":\"PropertyValueSpecification\",\"valueRequired\":true,\"valueName\":\"search_term_string\"}}],\"inLanguage\":\"fr-FR\"}]}<\/script>\n<!-- \/ Yoast SEO plugin. -->","yoast_head_json":{"title":"Politique de remboursement - 510 Premium Carts","robots":{"index":"index","follow":"follow","max-snippet":"max-snippet:-1","max-image-preview":"max-image-preview:large","max-video-preview":"max-video-preview:-1"},"canonical":"https:\/\/510premiumcarts.com\/index.php\/politique-de-remboursement\/","og_locale":"fr_FR","og_type":"article","og_title":"Politique de remboursement - 510 Premium Carts","og_url":"https:\/\/510premiumcarts.com\/index.php\/politique-de-remboursement\/","og_site_name":"510 Premium Carts","article_modified_time":"2023-03-08T21:49:45+00:00","twitter_card":"summary_large_image","twitter_misc":{"Dur\u00e9e de lecture estim\u00e9e":"2 minutes"},"schema":{"@context":"https:\/\/schema.org","@graph":[{"@type":"WebPage","@id":"https:\/\/510premiumcarts.com\/index.php\/politique-de-remboursement\/","url":"https:\/\/510premiumcarts.com\/index.php\/politique-de-remboursement\/","name":"Politique de remboursement - 510 Premium Carts","isPartOf":{"@id":"https:\/\/510premiumcarts.com\/#website"},"datePublished":"2021-10-15T10:10:28+00:00","dateModified":"2023-03-08T21:49:45+00:00","breadcrumb":{"@id":"https:\/\/510premiumcarts.com\/index.php\/politique-de-remboursement\/#breadcrumb"},"inLanguage":"fr-FR","potentialAction":[{"@type":"ReadAction","target":["https:\/\/510premiumcarts.com\/index.php\/politique-de-remboursement\/"]}]},{"@type":"BreadcrumbList","@id":"https:\/\/510premiumcarts.com\/index.php\/politique-de-remboursement\/#breadcrumb","itemListElement":[{"@type":"ListItem","position":1,"name":"Home","item":"https:\/\/510premiumcarts.com\/"},{"@type":"ListItem","position":2,"name":"Politique de remboursement"}]},{"@type":"WebSite","@id":"https:\/\/510premiumcarts.com\/#website","url":"https:\/\/510premiumcarts.com\/","name":"510 Premium Carts","description":"Just another WordPress site","potentialAction":[{"@type":"SearchAction","target":{"@type":"EntryPoint","urlTemplate":"https:\/\/510premiumcarts.com\/?s={search_term_string}"},"query-input":{"@type":"PropertyValueSpecification","valueRequired":true,"valueName":"search_term_string"}}],"inLanguage":"fr-FR"}]}},"jetpack_sharing_enabled":true,"_links":{"self":[{"href":"https:\/\/510premiumcarts.com\/index.php\/wp-json\/wp\/v2\/pages\/9","targetHints":{"allow":["GET"]}}],"collection":[{"href":"https:\/\/510premiumcarts.com\/index.php\/wp-json\/wp\/v2\/pages"}],"about":[{"href":"https:\/\/510premiumcarts.com\/index.php\/wp-json\/wp\/v2\/types\/page"}],"author":[{"embeddable":true,"href":"https:\/\/510premiumcarts.com\/index.php\/wp-json\/wp\/v2\/users\/1"}],"replies":[{"embeddable":true,"href":"https:\/\/510premiumcarts.com\/index.php\/wp-json\/wp\/v2\/comments?post=9"}],"version-history":[{"count":10,"href":"https:\/\/510premiumcarts.com\/index.php\/wp-json\/wp\/v2\/pages\/9\/revisions"}],"predecessor-version":[{"id":1842,"href":"https:\/\/510premiumcarts.com\/index.php\/wp-json\/wp\/v2\/pages\/9\/revisions\/1842"}],"wp:attachment":[{"href":"https:\/\/510premiumcarts.com\/index.php\/wp-json\/wp\/v2\/media?parent=9"}],"curies":[{"name":"wp","href":"https:\/\/api.w.org\/{rel}","templated":true}]}}