{"id":97,"date":"2021-10-13T13:01:37","date_gmt":"2021-10-13T13:01:37","guid":{"rendered":"http:\/\/510premiumcarts.com\/?page_id=97"},"modified":"2023-03-08T21:22:56","modified_gmt":"2023-03-08T21:22:56","slug":"a-propos-de-nous","status":"publish","type":"page","link":"https:\/\/510premiumcarts.com\/index.php\/a-propos-de-nous\/","title":{"rendered":"\u00c0 propos de nous"},"content":{"rendered":"\n<div class=\"slider-wrapper relative\" id=\"slider-818369626\" style=\"background-color:rgb(0, 0, 0);\">\n    <div class=\"slider slider-nav-circle slider-nav-large slider-nav-light slider-style-normal\"\n        data-flickity-options='{\n            \"cellAlign\": \"center\",\n            \"imagesLoaded\": true,\n            \"lazyLoad\": 1,\n            \"freeScroll\": false,\n            \"wrapAround\": true,\n            \"autoPlay\": 6000,\n            \"pauseAutoPlayOnHover\" : true,\n            \"prevNextButtons\": true,\n            \"contain\" : true,\n            \"adaptiveHeight\" : true,\n            \"dragThreshold\" : 10,\n            \"percentPosition\": true,\n            \"pageDots\": true,\n            \"rightToLeft\": false,\n            \"draggable\": true,\n            \"selectedAttraction\": 0.1,\n            \"parallax\" : 0,\n            \"friction\": 0.6        }'\n        >\n        \n\n\n  <div class=\"banner has-hover has-slide-effect slide-zoom-in\" id=\"banner-10775354\">\n          <div class=\"banner-inner fill\">\n        <div class=\"banner-bg fill\" >\n            <div class=\"bg fill bg-fill \"><\/div>\n                        <div class=\"overlay\"><\/div>            \n                    <\/div><!-- bg-layers -->\n        <div class=\"banner-layers container\">\n            <div class=\"fill banner-link\"><\/div>            \n\n   <div id=\"text-box-1724621746\" class=\"text-box banner-layer x50 md-x50 lg-x50 y50 md-y50 lg-y50 res-text\">\n                                <div class=\"text dark\">\n              \n              <div class=\"text-inner text-center\">\n                  \n\n\n              <\/div>\n           <\/div><!-- text-box-inner -->\n                            \n<style scope=\"scope\">\n\n#text-box-1724621746 {\n  width: 60%;\n}\n#text-box-1724621746 .text {\n  font-size: 100%;\n}\n\n\n@media (min-width:550px) {\n\n  #text-box-1724621746 {\n    width: 60%;\n  }\n\n}\n<\/style>\n    <\/div><!-- text-box -->\n \n\n        <\/div><!-- .banner-layers -->\n      <\/div><!-- .banner-inner -->\n\n            \n<style scope=\"scope\">\n\n#banner-10775354 {\n  padding-top: 36%;\n  background-color: rgb(35, 35, 35);\n}\n#banner-10775354 .bg.bg-loaded {\n  background-image: url(https:\/\/510premiumcarts.com\/wp-content\/uploads\/2023\/01\/32-popular-cannabis-indica-strains.jpg);\n}\n#banner-10775354 .overlay {\n  background-color: rgba(0, 0, 0, 0.17);\n}\n#banner-10775354 .bg {\n  background-position: 44% 34%;\n}\n<\/style>\n  <\/div><!-- .banner -->\n\n\n\n     <\/div>\n\n     <div class=\"loading-spin dark large centered\"><\/div>\n\n     <style scope=\"scope\">\n             <\/style>\n<\/div><!-- .ux-slider-wrapper -->\n\n\n<div class=\"row\"  id=\"row-1740721044\">\n\n<div class=\"col small-12 large-12\"  ><div class=\"col-inner\"  >\n\n<h1 class=\"lead\" style=\"text-align: center;\"><strong>\u00c0 propos de nous<\/strong><\/h1>\n<p>Nous croyons fermement que chaque Europ\u00e9en qui a besoin de pot clinique devrait y avoir facilement acc\u00e8s. L&rsquo;autorit\u00e9 publique continue de dire qu&rsquo;elle \u00ab\u00a0n&rsquo;englobe pas l&rsquo;usage du cannabis, mais les plus hautes juridictions ont exig\u00e9 l&rsquo;admission raisonnable de patients agr\u00e9\u00e9s\u00a0\u00bb. Nous devons faire tout notre possible pour que ces patients obtiennent la meilleure admission absolue dans le meilleur pot clinique absolu que la France doit apporter \u00e0 la table. Enfin, nous aimons le pot de qualit\u00e9 et ses subordonn\u00e9s dans leur ensemble et appr\u00e9cions de le proposer \u00e0 nos clients et compagnons qui en ont besoin.<\/p>\n<p>510 Premium Carts n&rsquo;est pas seulement votre magasin de cannabis en ligne habituel, mais plut\u00f4t une institution. Fond\u00e9s sur la conviction que tout le monde devrait avoir acc\u00e8s aux vapescarts m\u00e9dicaux et r\u00e9cr\u00e9atifs, nous ne fournissons que les meilleures souches, concentr\u00e9s et produits comestibles d&rsquo;huile de vape thc de la plus haute qualit\u00e9, ainsi que des accessoires de la plus haute qualit\u00e9. . Pour nous, la marijuana est plus qu&rsquo;une entreprise, elle repr\u00e9sente tous les principes qui nous sont chers et c&rsquo;est pourquoi nous nous effor\u00e7ons de faire en sorte que nos clients ne re\u00e7oivent que le meilleur.<\/p>\n<p>Lorsque vous commandez des cartouches THC Vape aupr\u00e8s de 510 Premium Carts, vous ne recevez pas seulement vos Vape Carts par la poste ou \u00e0 votre adresse. Ce que vous obtenez est une promesse du plus grand engagement envers la qualit\u00e9 des produits et le service \u00e0 la client\u00e8le. C&rsquo;est l&rsquo;avantage des 510 premium carts.<\/p>\n<p style=\"text-align: center;\"><strong>EXP\u00c9RIENCE IN\u00c9GAL\u00c9E<\/strong><\/p>\n<p>Une exp\u00e9rience combin\u00e9e de plus de 5 ans dans l&rsquo;industrie, non seulement dans le courtage d&rsquo;huiles de vape de marijuana de qualit\u00e9 sup\u00e9rieure, mais aussi dans la lutte pour sa l\u00e9galisation, signifie que personne d&rsquo;autre ne peut s&rsquo;en approcher. Cette exp\u00e9rience est la force motrice de notre r\u00e9seau, garantissant que nous stockons et fournissons uniquement les meilleurs produits des producteurs du monde entier. Lorsque vous commandez chez 510 Premium Carts, vous pouvez \u00eatre tranquille en sachant que vos chariots \u00e0 cannabis ont \u00e9t\u00e9 soigneusement s\u00e9lectionn\u00e9s et class\u00e9s par la meilleure \u00e9quipe la plus exp\u00e9riment\u00e9e de l&rsquo;industrie.<\/p>\n<p style=\"text-align: center;\"><strong>D\u00e9vouement AUX CLIENTS<\/strong><\/p>\n<p>Chez 510 Premium Carts, Vape n&rsquo;est pas une entreprise et nos clients ne sont pas que des clients. Nous traitons chacun de nos clients comme une famille et consid\u00e9rons qu&rsquo;il est de notre devoir et de notre mission de leur fournir les meilleurs stylos vapoteurs de marijuana au monde. Nous n&rsquo;aurions jamais pu aller aussi loin sans notre fid\u00e8le famille de 510 Premium Carts et c&rsquo;est l&rsquo;une des principales forces motrices de notre \u00e9thique de travail. Nos normes d&rsquo;engagement envers nos clients sont parmi les plus \u00e9lev\u00e9es de l&rsquo;industrie.<\/p>\n<p style=\"text-align: center;\"><strong>QUELQUE CHOSE POUR TOUT LE MONDE<\/strong><\/p>\n<p>510 Premium Carts n&rsquo;est pas simplement un autre dispensaire en ligne r\u00e9gulier pour les vapos. Nous stockons non seulement la plus grande collection d&rsquo;huiles de cannabis de la plus haute qualit\u00e9 en France, mais \u00e9galement une large gamme de produits comestibles, d&rsquo;accessoires, de produits topiques et plus encore. Un v\u00e9ritable guichet unique pour tout ce qui concerne les stylos Vape de marijuana thc, 510PC a quelque chose pour tout le monde.<\/p>\n<p>Nous pensons que tous les Europ\u00e9ens et Am\u00e9ricains devraient avoir acc\u00e8s \u00e0 la meilleure qualit\u00e9 de Vapescarts disponible. Alors que nous nous effor\u00e7ons de servir tous les types de clients, 510 Premium Carts est c\u00e9l\u00e8bre pour notre politique de qualit\u00e9 sans compromis.<\/p>\n<p style=\"text-align: center;\"><strong>ENGAGEMENT POUR LA QUALIT\u00c9<\/strong><\/p>\n<p>Quand nous disons un produit de qualit\u00e9 sup\u00e9rieure, nous le pensons. Notre processus de s\u00e9lection est l&rsquo;un des plus rigoureux et des plus exhaustifs de l&rsquo;industrie, garantissant que nous ne stockons que les meilleurs bourgeons des fournisseurs les plus fiables. En tant que connaisseurs de la marijuana, nous vous garantissons que vous ne trouverez nulle part ailleurs une fleur aussi exquise. Qu&rsquo;il s&rsquo;agisse de vari\u00e9t\u00e9s, de fleurs, de concentr\u00e9s, de produits comestibles ou d&rsquo;accessoires, si vous commandez chez nous, vous pouvez \u00eatre s\u00fbr d&rsquo;obtenir le meilleur.<\/p>\n<p>&nbsp;<\/p>\n\n<\/div><\/div>\n\n<\/div>\n","protected":false},"excerpt":{"rendered":"","protected":false},"author":1,"featured_media":0,"parent":0,"menu_order":0,"comment_status":"closed","ping_status":"closed","template":"page-blank.php","meta":{"_monsterinsights_skip_tracking":false,"_monsterinsights_sitenote_active":false,"_monsterinsights_sitenote_note":"","_monsterinsights_sitenote_category":0,"footnotes":""},"class_list":["post-97","page","type-page","status-publish","hentry"],"yoast_head":"<!-- This site is optimized with the Yoast SEO plugin v27.3 - https:\/\/yoast.com\/product\/yoast-seo-wordpress\/ -->\n<title>\u00c0 propos de nous - 510 Premium Carts<\/title>\n<meta name=\"robots\" content=\"index, follow, max-snippet:-1, max-image-preview:large, max-video-preview:-1\" \/>\n<link rel=\"canonical\" href=\"https:\/\/510premiumcarts.com\/index.php\/a-propos-de-nous\/\" \/>\n<meta property=\"og:locale\" content=\"fr_FR\" \/>\n<meta property=\"og:type\" content=\"article\" \/>\n<meta property=\"og:title\" content=\"\u00c0 propos de nous - 510 Premium Carts\" \/>\n<meta property=\"og:url\" content=\"https:\/\/510premiumcarts.com\/index.php\/a-propos-de-nous\/\" \/>\n<meta property=\"og:site_name\" content=\"510 Premium Carts\" \/>\n<meta property=\"article:modified_time\" content=\"2023-03-08T21:22:56+00:00\" \/>\n<meta name=\"twitter:card\" content=\"summary_large_image\" \/>\n<meta name=\"twitter:label1\" content=\"Dur\u00e9e de lecture estim\u00e9e\" \/>\n\t<meta name=\"twitter:data1\" content=\"3 minutes\" \/>\n<script type=\"application\/ld+json\" class=\"yoast-schema-graph\">{\"@context\":\"https:\\\/\\\/schema.org\",\"@graph\":[{\"@type\":\"WebPage\",\"@id\":\"https:\\\/\\\/510premiumcarts.com\\\/index.php\\\/a-propos-de-nous\\\/\",\"url\":\"https:\\\/\\\/510premiumcarts.com\\\/index.php\\\/a-propos-de-nous\\\/\",\"name\":\"\u00c0 propos de nous - 510 Premium Carts\",\"isPartOf\":{\"@id\":\"https:\\\/\\\/510premiumcarts.com\\\/#website\"},\"datePublished\":\"2021-10-13T13:01:37+00:00\",\"dateModified\":\"2023-03-08T21:22:56+00:00\",\"breadcrumb\":{\"@id\":\"https:\\\/\\\/510premiumcarts.com\\\/index.php\\\/a-propos-de-nous\\\/#breadcrumb\"},\"inLanguage\":\"fr-FR\",\"potentialAction\":[{\"@type\":\"ReadAction\",\"target\":[\"https:\\\/\\\/510premiumcarts.com\\\/index.php\\\/a-propos-de-nous\\\/\"]}]},{\"@type\":\"BreadcrumbList\",\"@id\":\"https:\\\/\\\/510premiumcarts.com\\\/index.php\\\/a-propos-de-nous\\\/#breadcrumb\",\"itemListElement\":[{\"@type\":\"ListItem\",\"position\":1,\"name\":\"Home\",\"item\":\"https:\\\/\\\/510premiumcarts.com\\\/\"},{\"@type\":\"ListItem\",\"position\":2,\"name\":\"\u00c0 propos de nous\"}]},{\"@type\":\"WebSite\",\"@id\":\"https:\\\/\\\/510premiumcarts.com\\\/#website\",\"url\":\"https:\\\/\\\/510premiumcarts.com\\\/\",\"name\":\"510 Premium Carts\",\"description\":\"Just another WordPress site\",\"potentialAction\":[{\"@type\":\"SearchAction\",\"target\":{\"@type\":\"EntryPoint\",\"urlTemplate\":\"https:\\\/\\\/510premiumcarts.com\\\/?s={search_term_string}\"},\"query-input\":{\"@type\":\"PropertyValueSpecification\",\"valueRequired\":true,\"valueName\":\"search_term_string\"}}],\"inLanguage\":\"fr-FR\"}]}<\/script>\n<!-- \/ Yoast SEO plugin. -->","yoast_head_json":{"title":"\u00c0 propos de nous - 510 Premium Carts","robots":{"index":"index","follow":"follow","max-snippet":"max-snippet:-1","max-image-preview":"max-image-preview:large","max-video-preview":"max-video-preview:-1"},"canonical":"https:\/\/510premiumcarts.com\/index.php\/a-propos-de-nous\/","og_locale":"fr_FR","og_type":"article","og_title":"\u00c0 propos de nous - 510 Premium Carts","og_url":"https:\/\/510premiumcarts.com\/index.php\/a-propos-de-nous\/","og_site_name":"510 Premium Carts","article_modified_time":"2023-03-08T21:22:56+00:00","twitter_card":"summary_large_image","twitter_misc":{"Dur\u00e9e de lecture estim\u00e9e":"3 minutes"},"schema":{"@context":"https:\/\/schema.org","@graph":[{"@type":"WebPage","@id":"https:\/\/510premiumcarts.com\/index.php\/a-propos-de-nous\/","url":"https:\/\/510premiumcarts.com\/index.php\/a-propos-de-nous\/","name":"\u00c0 propos de nous - 510 Premium Carts","isPartOf":{"@id":"https:\/\/510premiumcarts.com\/#website"},"datePublished":"2021-10-13T13:01:37+00:00","dateModified":"2023-03-08T21:22:56+00:00","breadcrumb":{"@id":"https:\/\/510premiumcarts.com\/index.php\/a-propos-de-nous\/#breadcrumb"},"inLanguage":"fr-FR","potentialAction":[{"@type":"ReadAction","target":["https:\/\/510premiumcarts.com\/index.php\/a-propos-de-nous\/"]}]},{"@type":"BreadcrumbList","@id":"https:\/\/510premiumcarts.com\/index.php\/a-propos-de-nous\/#breadcrumb","itemListElement":[{"@type":"ListItem","position":1,"name":"Home","item":"https:\/\/510premiumcarts.com\/"},{"@type":"ListItem","position":2,"name":"\u00c0 propos de nous"}]},{"@type":"WebSite","@id":"https:\/\/510premiumcarts.com\/#website","url":"https:\/\/510premiumcarts.com\/","name":"510 Premium Carts","description":"Just another WordPress site","potentialAction":[{"@type":"SearchAction","target":{"@type":"EntryPoint","urlTemplate":"https:\/\/510premiumcarts.com\/?s={search_term_string}"},"query-input":{"@type":"PropertyValueSpecification","valueRequired":true,"valueName":"search_term_string"}}],"inLanguage":"fr-FR"}]}},"jetpack_sharing_enabled":true,"_links":{"self":[{"href":"https:\/\/510premiumcarts.com\/index.php\/wp-json\/wp\/v2\/pages\/97","targetHints":{"allow":["GET"]}}],"collection":[{"href":"https:\/\/510premiumcarts.com\/index.php\/wp-json\/wp\/v2\/pages"}],"about":[{"href":"https:\/\/510premiumcarts.com\/index.php\/wp-json\/wp\/v2\/types\/page"}],"author":[{"embeddable":true,"href":"https:\/\/510premiumcarts.com\/index.php\/wp-json\/wp\/v2\/users\/1"}],"replies":[{"embeddable":true,"href":"https:\/\/510premiumcarts.com\/index.php\/wp-json\/wp\/v2\/comments?post=97"}],"version-history":[{"count":8,"href":"https:\/\/510premiumcarts.com\/index.php\/wp-json\/wp\/v2\/pages\/97\/revisions"}],"predecessor-version":[{"id":1836,"href":"https:\/\/510premiumcarts.com\/index.php\/wp-json\/wp\/v2\/pages\/97\/revisions\/1836"}],"wp:attachment":[{"href":"https:\/\/510premiumcarts.com\/index.php\/wp-json\/wp\/v2\/media?parent=97"}],"curies":[{"name":"wp","href":"https:\/\/api.w.org\/{rel}","templated":true}]}}