{"id":99,"date":"2021-10-13T13:02:24","date_gmt":"2021-10-13T13:02:24","guid":{"rendered":"http:\/\/510premiumcarts.com\/?page_id=99"},"modified":"2023-03-09T09:41:10","modified_gmt":"2023-03-09T09:41:10","slug":"big-chief-carts-a-vendre","status":"publish","type":"page","link":"https:\/\/510premiumcarts.com\/index.php\/big-chief-carts-a-vendre\/","title":{"rendered":"Contactez-nous"},"content":{"rendered":"\n<div class=\"slider-wrapper relative\" id=\"slider-443089815\" style=\"background-color:rgb(0, 0, 0);\">\n    <div class=\"slider slider-nav-circle slider-nav-large slider-nav-light slider-style-normal\"\n        data-flickity-options='{\n            \"cellAlign\": \"center\",\n            \"imagesLoaded\": true,\n            \"lazyLoad\": 1,\n            \"freeScroll\": false,\n            \"wrapAround\": true,\n            \"autoPlay\": 6000,\n            \"pauseAutoPlayOnHover\" : true,\n            \"prevNextButtons\": true,\n            \"contain\" : true,\n            \"adaptiveHeight\" : true,\n            \"dragThreshold\" : 10,\n            \"percentPosition\": true,\n            \"pageDots\": true,\n            \"rightToLeft\": false,\n            \"draggable\": true,\n            \"selectedAttraction\": 0.1,\n            \"parallax\" : 0,\n            \"friction\": 0.6        }'\n        >\n        \n\n\n  <div class=\"banner has-hover has-slide-effect slide-zoom-in\" id=\"banner-1561112151\">\n          <div class=\"banner-inner fill\">\n        <div class=\"banner-bg fill\" >\n            <div class=\"bg fill bg-fill \"><\/div>\n                        <div class=\"overlay\"><\/div>            \n                    <\/div><!-- bg-layers -->\n        <div class=\"banner-layers container\">\n            <div class=\"fill banner-link\"><\/div>            \n\n   <div id=\"text-box-1478284658\" class=\"text-box banner-layer x50 md-x50 lg-x50 y50 md-y50 lg-y50 res-text\">\n              <div data-parallax=\"2\" data-parallax-fade=\"true\">       <div data-animate=\"fadeInUp\">           <div class=\"text dark\">\n              \n              <div class=\"text-inner text-center\">\n                  \n\n<h3>Prenez Contact <span style=\"background-color: #ffffff; color: #00ffff;\">Avec Nous<\/span><\/h3>\n\n              <\/div>\n           <\/div><!-- text-box-inner -->\n       <\/div>       <\/div>              \n<style scope=\"scope\">\n\n#text-box-1478284658 {\n  width: 100%;\n}\n#text-box-1478284658 .text {\n  font-size: 100%;\n}\n\n\n@media (min-width:550px) {\n\n  #text-box-1478284658 {\n    width: 58%;\n  }\n\n}\n<\/style>\n    <\/div><!-- text-box -->\n \n\n        <\/div><!-- .banner-layers -->\n      <\/div><!-- .banner-inner -->\n\n            \n<style scope=\"scope\">\n\n#banner-1561112151 {\n  padding-top: 33%;\n  background-color: rgb(35, 35, 35);\n}\n#banner-1561112151 .bg.bg-loaded {\n  background-image: url(https:\/\/510premiumcarts.com\/wp-content\/uploads\/2021\/10\/BannerForVapeStore.png);\n}\n#banner-1561112151 .overlay {\n  background-color: rgba(0, 0, 0, 0.17);\n}\n#banner-1561112151 .bg {\n  background-position: 98% 33%;\n}\n<\/style>\n  <\/div><!-- .banner -->\n\n\n\n     <\/div>\n\n     <div class=\"loading-spin dark large centered\"><\/div>\n\n     <style scope=\"scope\">\n             <\/style>\n<\/div><!-- .ux-slider-wrapper -->\n\n\n\t<div id=\"gap-2078103613\" class=\"gap-element clearfix\" style=\"display:block; height:auto;\">\n\t\t\n<style scope=\"scope\">\n\n#gap-2078103613 {\n  padding-top: 56px;\n}\n<\/style>\n\t<\/div>\n\t\n\n<div class=\"row\"  id=\"row-2051897304\">\n\n<div class=\"col medium-6 small-12 large-6\"  ><div class=\"col-inner\"  >\n\n\t<div class=\"box has-hover   has-hover box-text-bottom\" >\n\n\t\t<div class=\"box-image\" style=\"width:36%;\">\n\t\t\t\t\t\t<div class=\"\" >\n\t\t\t\t<img loading=\"lazy\" decoding=\"async\" width=\"512\" height=\"352\" src=\"https:\/\/510premiumcarts.com\/wp-content\/uploads\/2023\/01\/contact-us-icon.webp\" class=\"attachment- size-\" alt=\"\" srcset=\"https:\/\/510premiumcarts.com\/wp-content\/uploads\/2023\/01\/contact-us-icon.webp 512w, https:\/\/510premiumcarts.com\/wp-content\/uploads\/2023\/01\/contact-us-icon-300x206.webp 300w, https:\/\/510premiumcarts.com\/wp-content\/uploads\/2023\/01\/contact-us-icon-510x351.webp 510w\" sizes=\"auto, (max-width: 512px) 100vw, 512px\" \/>\t\t\t\t\t\t\t\t\t\t\t<\/div>\n\t\t\t\t\t<\/div><!-- box-image -->\n\n\t\t<div class=\"box-text text-center\" >\n\t\t\t<div class=\"box-text-inner\">\n\t\t\t\t\n\n<p>&nbsp;<\/p>\n<h2 style=\"text-align: center;\"><a href=\"https:\/\/510premiumcarts.com\/\"><strong><span style=\"color: #ff0000;\">Contactez le support<\/span><\/strong><\/a><\/h2>\n<p>&nbsp;<\/p>\n<p>La plupart du temps, les clients ont besoin d&rsquo;aide, ne vous inqui\u00e9tez pas, nous sommes l\u00e0 pour vous!<\/p>\n<h3>&nbsp;<\/h3>\n<h3 style=\"text-align: center;\"><strong><span style=\"color: #800000;\">service@510premiumcarts.com<\/span><\/strong><\/h3>\n\n\t\t\t<\/div><!-- box-text-inner -->\n\t\t<\/div><!-- box-text -->\n\t<\/div><!-- .box  -->\n\t\n\n<\/div><\/div>\n<div class=\"col medium-6 small-12 large-6\"  ><div class=\"col-inner\"  >\n\n<div class=\"container section-title-container\" ><h3 class=\"section-title section-title-center\"><b><\/b><span class=\"section-title-main\" style=\"font-size:117%;color:rgb(123, 0, 0);\"><i class=\"icon-pinterest\" ><\/i>QUESTIONS FR\u00c9QUEMMENT POS\u00c9ES<\/span><b><\/b><\/h3><\/div><!-- .section-title -->\n\n<div class=\"row\"  id=\"row-1079282137\">\n\n<div class=\"col small-12 large-12\"  ><div class=\"col-inner\"  >\n\n<p class=\"lead\" style=\"text-align: center;\">Veuillez lire notre FAQ avant de nous envoyer un message<\/p>\n<div class=\"accordion\">\n<div class=\"accordion-item\">&nbsp;<\/div>\n<\/div>\n\n<\/div><\/div>\n\n<\/div>\n<div class=\"row\"  id=\"row-739027671\">\n\n<div class=\"col small-12 large-12\"  ><div class=\"col-inner\"  >\n\n<div class=\"accordion\" rel=\"\">\n\n<div class=\"accordion-item\"><a href=\"#\" class=\"accordion-title plain\"><button class=\"toggle\"><i class=\"icon-angle-down\"><\/i><\/button><span>Quels sont les frais de port pour les commandes ?<\/span><\/a><div class=\"accordion-inner\">\n\n<p style=\"text-align: center;\">Nous offrons la livraison gratuite en Europe afin que vous n&rsquo;ayez pas \u00e0 payer de frais d&rsquo;exp\u00e9dition lorsque vous achetez chez nous.<\/p>\n\n<\/div><\/div>\n<div class=\"accordion-item\"><a href=\"#\" class=\"accordion-title plain\"><button class=\"toggle\"><i class=\"icon-angle-down\"><\/i><\/button><span>Quel mode de paiement acceptons-nous ?<\/span><\/a><div class=\"accordion-inner\">\n\n<p style=\"text-align: center;\">Nous acceptons les paiements via Bitcoin, PayPal ou Cashapp.<\/p>\n\n<\/div><\/div>\n<div class=\"accordion-item\"><a href=\"#\" class=\"accordion-title plain\"><button class=\"toggle\"><i class=\"icon-angle-down\"><\/i><\/button><span>Combien de temps la livraison peut-elle prendre ?<\/span><\/a><div class=\"accordion-inner\">\n\n<p style=\"text-align: center;\">La livraison prend 24 heures en Europe et 3-4 jours dans d&rsquo;autres parties du monde selon l&#8217;emplacement.<\/p>\n\n<\/div><\/div>\n\n<\/div>\n<div class=\"accordion\" rel=\"\">\n\n<div class=\"accordion-item\"><a href=\"#\" class=\"accordion-title plain\"><button class=\"toggle\"><i class=\"icon-angle-down\"><\/i><\/button><span>Dans quelle mesure le magasin est-il s\u00e9curis\u00e9, mes informations sont-elles prot\u00e9g\u00e9es&nbsp;?<\/span><\/a><div class=\"accordion-inner\">\n\n<p style=\"text-align: center;\">Notre site Web est bien crypt\u00e9 et prot\u00e9g\u00e9. Avec nous, votre s\u00e9curit\u00e9 est garantie car nous ne partageons pas vos informations avec des tiers.<\/p>\n\n<\/div><\/div>\n<div class=\"accordion-item\"><a href=\"#\" class=\"accordion-title plain\"><button class=\"toggle\"><i class=\"icon-angle-down\"><\/i><\/button><span>Comment les commandes sont-elles exp\u00e9di\u00e9es ?<\/span><\/a><div class=\"accordion-inner\">\n\n<p style=\"text-align: center;\">Une fois votre commande pass\u00e9e et pay\u00e9e, nous les scellons dans un emballage sous vide pour \u00e9viter les mouvements d&rsquo;air et donc aucune odeur. Nous les emballons maintenant comme cadeaux d&rsquo;anniversaire et les faisons envoyer.<\/p>\n\n<\/div><\/div>\n<div class=\"accordion-item\"><a href=\"#\" class=\"accordion-title plain\"><button class=\"toggle\"><i class=\"icon-angle-down\"><\/i><\/button><span>J'ai pay\u00e9 mes commandes, et ensuite ?<\/span><\/a><div class=\"accordion-inner\">\n\n<p style=\"text-align: center;\">Une fois la commande pass\u00e9e et pay\u00e9e, veuillez nous laisser un peu de temps pour traiter la commande. <a href=\"https:\/\/ogdispensary.org\/product\/jungle-boys-wifi-mints\/\">Dan<\/a>s un d\u00e9lai d&rsquo;environ 2 \u00e0 3 heures, votre commande sera emball\u00e9e et enregistr\u00e9e pour livraison \u00e0 votre adresse, apr\u00e8s quoi nous vous enverrons par e-mail une confirmation de livraison contenant vos d\u00e9tails de suivi et d&rsquo;autres informations relatives \u00e0 la livraison. Merci<\/p>\n\n<\/div><\/div>\n\n<\/div>\n\n<\/div><\/div>\n\n<\/div>\n\n<\/div><\/div>\n\n<\/div>\n","protected":false},"excerpt":{"rendered":"","protected":false},"author":1,"featured_media":0,"parent":0,"menu_order":0,"comment_status":"closed","ping_status":"closed","template":"page-blank.php","meta":{"_monsterinsights_skip_tracking":false,"_monsterinsights_sitenote_active":false,"_monsterinsights_sitenote_note":"","_monsterinsights_sitenote_category":0,"footnotes":""},"class_list":["post-99","page","type-page","status-publish","hentry"],"yoast_head":"<!-- This site is optimized with the Yoast SEO plugin v27.3 - https:\/\/yoast.com\/product\/yoast-seo-wordpress\/ -->\n<title>Big Chief Carts \u00c0 VENDRE - Commande pour THC Vapescarts - Acheter Big Bang Carts<\/title>\n<meta name=\"description\" content=\"Big Chief Carts \u00c0 VENDRE - 510 Premium Carts est une boutique en ligne bas\u00e9e sur des vapes m\u00e9dicales pr\u00e9-remplies et des cartouches d&#039;huile CBD Avec une \u00e9quipe\" \/>\n<meta name=\"robots\" content=\"index, follow, max-snippet:-1, max-image-preview:large, max-video-preview:-1\" \/>\n<link rel=\"canonical\" href=\"https:\/\/510premiumcarts.com\/index.php\/big-chief-carts-a-vendre\/\" \/>\n<meta property=\"og:locale\" content=\"fr_FR\" \/>\n<meta property=\"og:type\" content=\"article\" \/>\n<meta property=\"og:title\" content=\"Big Chief Carts \u00c0 VENDRE - Commande pour THC Vapescarts - Acheter Big Bang Carts\" \/>\n<meta property=\"og:description\" content=\"Big Chief Carts \u00c0 VENDRE - 510 Premium Carts est une boutique en ligne bas\u00e9e sur des vapes m\u00e9dicales pr\u00e9-remplies et des cartouches d&#039;huile CBD Avec une \u00e9quipe\" \/>\n<meta property=\"og:url\" content=\"https:\/\/510premiumcarts.com\/index.php\/big-chief-carts-a-vendre\/\" \/>\n<meta property=\"og:site_name\" content=\"510 Premium Carts\" \/>\n<meta property=\"article:modified_time\" content=\"2023-03-09T09:41:10+00:00\" \/>\n<meta name=\"twitter:card\" content=\"summary_large_image\" \/>\n<meta name=\"twitter:label1\" content=\"Dur\u00e9e de lecture estim\u00e9e\" \/>\n\t<meta name=\"twitter:data1\" content=\"2 minutes\" \/>\n<script type=\"application\/ld+json\" class=\"yoast-schema-graph\">{\"@context\":\"https:\\\/\\\/schema.org\",\"@graph\":[{\"@type\":\"WebPage\",\"@id\":\"https:\\\/\\\/510premiumcarts.com\\\/index.php\\\/big-chief-carts-a-vendre\\\/\",\"url\":\"https:\\\/\\\/510premiumcarts.com\\\/index.php\\\/big-chief-carts-a-vendre\\\/\",\"name\":\"Big Chief Carts \u00c0 VENDRE - Commande pour THC Vapescarts - Acheter Big Bang Carts\",\"isPartOf\":{\"@id\":\"https:\\\/\\\/510premiumcarts.com\\\/#website\"},\"datePublished\":\"2021-10-13T13:02:24+00:00\",\"dateModified\":\"2023-03-09T09:41:10+00:00\",\"description\":\"Big Chief Carts \u00c0 VENDRE - 510 Premium Carts est une boutique en ligne bas\u00e9e sur des vapes m\u00e9dicales pr\u00e9-remplies et des cartouches d'huile CBD Avec une \u00e9quipe\",\"breadcrumb\":{\"@id\":\"https:\\\/\\\/510premiumcarts.com\\\/index.php\\\/big-chief-carts-a-vendre\\\/#breadcrumb\"},\"inLanguage\":\"fr-FR\",\"potentialAction\":[{\"@type\":\"ReadAction\",\"target\":[\"https:\\\/\\\/510premiumcarts.com\\\/index.php\\\/big-chief-carts-a-vendre\\\/\"]}]},{\"@type\":\"BreadcrumbList\",\"@id\":\"https:\\\/\\\/510premiumcarts.com\\\/index.php\\\/big-chief-carts-a-vendre\\\/#breadcrumb\",\"itemListElement\":[{\"@type\":\"ListItem\",\"position\":1,\"name\":\"Home\",\"item\":\"https:\\\/\\\/510premiumcarts.com\\\/\"},{\"@type\":\"ListItem\",\"position\":2,\"name\":\"Contactez-nous\"}]},{\"@type\":\"WebSite\",\"@id\":\"https:\\\/\\\/510premiumcarts.com\\\/#website\",\"url\":\"https:\\\/\\\/510premiumcarts.com\\\/\",\"name\":\"510 Premium Carts\",\"description\":\"Just another WordPress site\",\"potentialAction\":[{\"@type\":\"SearchAction\",\"target\":{\"@type\":\"EntryPoint\",\"urlTemplate\":\"https:\\\/\\\/510premiumcarts.com\\\/?s={search_term_string}\"},\"query-input\":{\"@type\":\"PropertyValueSpecification\",\"valueRequired\":true,\"valueName\":\"search_term_string\"}}],\"inLanguage\":\"fr-FR\"}]}<\/script>\n<!-- \/ Yoast SEO plugin. -->","yoast_head_json":{"title":"Big Chief Carts \u00c0 VENDRE - Commande pour THC Vapescarts - Acheter Big Bang Carts","description":"Big Chief Carts \u00c0 VENDRE - 510 Premium Carts est une boutique en ligne bas\u00e9e sur des vapes m\u00e9dicales pr\u00e9-remplies et des cartouches d'huile CBD Avec une \u00e9quipe","robots":{"index":"index","follow":"follow","max-snippet":"max-snippet:-1","max-image-preview":"max-image-preview:large","max-video-preview":"max-video-preview:-1"},"canonical":"https:\/\/510premiumcarts.com\/index.php\/big-chief-carts-a-vendre\/","og_locale":"fr_FR","og_type":"article","og_title":"Big Chief Carts \u00c0 VENDRE - Commande pour THC Vapescarts - Acheter Big Bang Carts","og_description":"Big Chief Carts \u00c0 VENDRE - 510 Premium Carts est une boutique en ligne bas\u00e9e sur des vapes m\u00e9dicales pr\u00e9-remplies et des cartouches d'huile CBD Avec une \u00e9quipe","og_url":"https:\/\/510premiumcarts.com\/index.php\/big-chief-carts-a-vendre\/","og_site_name":"510 Premium Carts","article_modified_time":"2023-03-09T09:41:10+00:00","twitter_card":"summary_large_image","twitter_misc":{"Dur\u00e9e de lecture estim\u00e9e":"2 minutes"},"schema":{"@context":"https:\/\/schema.org","@graph":[{"@type":"WebPage","@id":"https:\/\/510premiumcarts.com\/index.php\/big-chief-carts-a-vendre\/","url":"https:\/\/510premiumcarts.com\/index.php\/big-chief-carts-a-vendre\/","name":"Big Chief Carts \u00c0 VENDRE - Commande pour THC Vapescarts - Acheter Big Bang Carts","isPartOf":{"@id":"https:\/\/510premiumcarts.com\/#website"},"datePublished":"2021-10-13T13:02:24+00:00","dateModified":"2023-03-09T09:41:10+00:00","description":"Big Chief Carts \u00c0 VENDRE - 510 Premium Carts est une boutique en ligne bas\u00e9e sur des vapes m\u00e9dicales pr\u00e9-remplies et des cartouches d'huile CBD Avec une \u00e9quipe","breadcrumb":{"@id":"https:\/\/510premiumcarts.com\/index.php\/big-chief-carts-a-vendre\/#breadcrumb"},"inLanguage":"fr-FR","potentialAction":[{"@type":"ReadAction","target":["https:\/\/510premiumcarts.com\/index.php\/big-chief-carts-a-vendre\/"]}]},{"@type":"BreadcrumbList","@id":"https:\/\/510premiumcarts.com\/index.php\/big-chief-carts-a-vendre\/#breadcrumb","itemListElement":[{"@type":"ListItem","position":1,"name":"Home","item":"https:\/\/510premiumcarts.com\/"},{"@type":"ListItem","position":2,"name":"Contactez-nous"}]},{"@type":"WebSite","@id":"https:\/\/510premiumcarts.com\/#website","url":"https:\/\/510premiumcarts.com\/","name":"510 Premium Carts","description":"Just another WordPress site","potentialAction":[{"@type":"SearchAction","target":{"@type":"EntryPoint","urlTemplate":"https:\/\/510premiumcarts.com\/?s={search_term_string}"},"query-input":{"@type":"PropertyValueSpecification","valueRequired":true,"valueName":"search_term_string"}}],"inLanguage":"fr-FR"}]}},"jetpack_sharing_enabled":true,"_links":{"self":[{"href":"https:\/\/510premiumcarts.com\/index.php\/wp-json\/wp\/v2\/pages\/99","targetHints":{"allow":["GET"]}}],"collection":[{"href":"https:\/\/510premiumcarts.com\/index.php\/wp-json\/wp\/v2\/pages"}],"about":[{"href":"https:\/\/510premiumcarts.com\/index.php\/wp-json\/wp\/v2\/types\/page"}],"author":[{"embeddable":true,"href":"https:\/\/510premiumcarts.com\/index.php\/wp-json\/wp\/v2\/users\/1"}],"replies":[{"embeddable":true,"href":"https:\/\/510premiumcarts.com\/index.php\/wp-json\/wp\/v2\/comments?post=99"}],"version-history":[{"count":22,"href":"https:\/\/510premiumcarts.com\/index.php\/wp-json\/wp\/v2\/pages\/99\/revisions"}],"predecessor-version":[{"id":1878,"href":"https:\/\/510premiumcarts.com\/index.php\/wp-json\/wp\/v2\/pages\/99\/revisions\/1878"}],"wp:attachment":[{"href":"https:\/\/510premiumcarts.com\/index.php\/wp-json\/wp\/v2\/media?parent=99"}],"curies":[{"name":"wp","href":"https:\/\/api.w.org\/{rel}","templated":true}]}}