{"id":1612,"date":"2023-03-05T22:53:59","date_gmt":"2023-03-05T22:53:59","guid":{"rendered":"https:\/\/510premiumcarts.com\/?post_type=product&#038;p=1612"},"modified":"2023-03-05T22:53:59","modified_gmt":"2023-03-05T22:53:59","slug":"buy-royal-creme-juul-pods-online","status":"publish","type":"product","link":"https:\/\/510premiumcarts.com\/index.php\/product\/buy-royal-creme-juul-pods-online\/","title":{"rendered":"Royal Cr\u00e8me Juul Pods"},"content":{"rendered":"<h1><a href=\"https:\/\/510premiumcarts.com\/index.php\/product-category\/pods\/juul-pods\/\"><span style=\"color: #ffcc00;\"><strong>BUY ROYAL CREME JUUL PODS ONLINE<\/strong><\/span><\/a><\/h1>\n<p>Royal Creme pods by JUUL combine the delicate notes of silky vanilla custard and cr\u00e8me br\u00fbl\u00e9e.<\/p>\n<p>Royal Creme is now available in 1.5% nicotine strength pods,\u00a0perfect\u00a0for those who prefer a slightly\u00a0smoother throat\u00a0hit.<\/p>\n<p>Each pack contains 4 genuine JUUL pods.<\/p>\n<p>Juul Replacement Pods \u2013 0.7mL \u2013\u00a0<strong>1.5%<\/strong>\u00a0Salt Nicotine.<\/p>\n<ul>\n<li>Nicotine Salt<\/li>\n<li>Vegetable Glycerin<\/li>\n<li>Propylene Glycol<\/li>\n<li>Flavourings<\/li>\n<\/ul>\n<p>moreover, Our e-liquid contains a proprietary formulation that combines glycerol, propylene glycol, natural oils, extracts and flavor, nicotine and benzoic acid. Together with temperature-regulated\u00a0vapour\u00a0technology, this proprietary chemistry\u00a0enables\u00a0JUUL to deliver a\u00a0vapour\u00a0experience like no other, similar to the Kahles rifle scope.<\/p>\n<p>18 mg\/ml nicotine strength. Each pack contains 4 pods.<\/p>\n<p>JUUL\u00a0e-liquid contains a proprietary formulation that combines glycerol, propylene glycol, natural oils, extracts and flavour, nicotine and benzoic acid. Together with temperature-regulated vapour technology, this proprietary chemistry enables JUUL to deliver a\u00a0vapour\u00a0experience like no other.<\/p>\n<p><strong>Contents<\/strong>:<\/p>\n<ul>\n<li>4 x\u00a0JUUL Royal Creme Pods<\/li>\n<li>Cacao and Vanilla\u00a0flavour<\/li>\n<\/ul>\n<div class=\"right-content-area\">\n<form id=\"product_form\" action=\"https:\/\/www.ubervape.co.uk\/index.asp?function=CART&amp;mode=ADD&amp;productid=14395\" method=\"post\" name=\"product\">\n<div class=\"category-products-container\">\n<div class=\"product-form\">\n<div id=\"productTabs\">\n<div id=\"tab-div\">\n<div id=\"country1\" class=\"tabcontent\">\n<p>Each pack contains 4 pods.<\/p>\n<p>Each JUUL pod contains 20mg\/ml nicotine by volume\/1.7% nicotine by weight.<\/p>\n<h2><span id=\"ROYAL_CREME_JUUL_PDS_FOR_SALE\" class=\"ez-toc-section\"><\/span><strong>ROYAL CREME JUUL PDS FOR SALE<\/strong><\/h2>\n<p><strong>What is a Juul pod?<\/strong><\/p>\n<p>A JUUL pod is the refill cartridge that clicks into the top of the JUUL\u00a0device.<\/p>\n<p>besides, JUUL pods contain a proprietary salt-based\u00a0nicotine\u00a0e-liquid formula, which is mixed under strict\u00a0quality-controlled processes, and intends to offer smokers a smooth transition from traditional cigarettes to e cigarette use.<\/p>\n<p><strong>Juul pods\u00a0contain the following:<\/strong><\/p>\n<p><strong>PROPYLENE GLYCOL AND GLYCERINE (30\/60 MIX)<br \/>\n(UP TO 90%)<\/strong><br \/>\nalso, Propylene glycol and glycerine are clear\u00a0liquids\u00a0that are used to create a visible\u00a0vapour,\u00a0and are commonly used by the medical, beauty and food industries. A majority of e-liquids contain propylene glycol (PG).<\/p>\n<p><strong>BENZOIC ACID<\/strong><br \/>\nIt assists in creating a satisfaction similar to that of a cigarette when combined with\u00a0nicotine\u00a0as part of Juul\u2019s nicotine salts formulation.<\/p>\n<p><strong>NICOTINE<\/strong><br \/>\nNicotine is a stimulant derived from the\u00a0tobacco\u00a0plant. Juul use highly purified\/USP grade\/pharmaceutical grade nicotine.<\/p>\n<p><span class=\"s1\">royal creme juul pods, royal creme juul pods for sale, where to buy royal creme juul pods, royal creme juul pods near me, buy royal creme juul pods online, juul pods royal creme for sale<\/span><\/p>\n<h3><span id=\"ROYAL_CREME_JUUL_PDS\" class=\"ez-toc-section\"><\/span><strong>ROYAL CREME JUUL PDS\u00a0<\/strong><\/h3>\n<p><strong>FLAVOUR<\/strong><br \/>\nJUUL flavours consist of both naturally occurring and artificial\u00a0flavour\u00a0ingredients which produce the specific flavour profile for each Juul pod E-Liquid.<\/p>\n<\/div>\n<\/div>\n<\/div>\n<\/div>\n<\/div>\n<\/form>\n<div class=\"related-div\">\n<div class=\"related-div\">\n<h5 class=\"p1\"><span id=\"therefore_buy_juul_pods_online_juul_pods_juul_pods_near_me_refillable_juul_pods_cbd_juul_pods_juul_pods_for_sale_juul_pods_bulk_juul_pods_flavors_juul_pods_price_empty_juul_pods_flavored_juul_pods_juul_pods_online_thc_juul_pods_how_much_are_juul_pods_how_to_refill_juul_pods_refill_juul_pods_refillable_juul_pods_for_sale_buy_juul_pods_online_nicotine_free_juul_pods_where_to_buy_juul_pods_cheap_juul_pods_refilling_juul_pods_buy_juul_pods_juul_pods_cost_can_you_refill_juul_pods_best_refillable_juul_pods_what_are_juul_pods_juul_pods_cheap_online\" class=\"ez-toc-section\"><\/span><strong><span class=\"s1\">therefore, buy juul pods online , juul pods, juul pods near me, refillable juul pods, cbd juul pods, juul pods for sale, juul pods bulk, juul pods flavors, juul pods price, empty juul pods, flavored juul pods, juul pods online, thc juul pods, how much are juul pods, how to refill juul pods, refill juul pods, refillable juul pods for sale, buy juul pods online, nicotine free juul pods, where to buy juul pods, cheap juul pods, refilling juul pods, buy juul pods, juul pods cost, can you refill juul pods, best refillable juul pods, what are juul pods, juul pods cheap online,<\/span><\/strong><\/h5>\n<h5 class=\"p1\"><span id=\"compatible_juul_pods_weed_juul_pods_order_juul_pods_juul_pods_free_shipping_cost_of_juul_pods_where_to_buy_juul_pods_near_me_juul_pods_thc_bulk_juul_pods_how_much_do_juul_pods_cost_where_can_i_buy_juul_pods_reusable_juul_pods_juul_pods_nicotine_how_much_is_a_pack_of_juul_pods_juul_pods_in_bulk_juul_pods_wholesale_juul_pods_no_nicotine_low_nicotine_juul_pods_juul_pods_empty_cbd_oil_juul_pods_buy_empty_juul_pods_are_juul_pods_refillable_juul_pods_alternative_how_to_fill_juul_pods_best_juul_pods_buy_juul_pods_in_bulk_juul_pods_refill_empty_juul_pods_bulk_alternative_juul_pods_thc_juul_pods_for_sale_limited_edition_juul_pods_buy_juul_pods_near_me\" class=\"ez-toc-section\"><\/span><strong><span class=\"s1\">compatible juul pods, weed juul pods, order juul pods, juul pods free shipping, cost of juul pods, where to buy juul pods near me, juul pods thc, bulk juul pods, how much do juul pods cost, where can i buy juul pods, reusable juul pods, juul pods nicotine, how much is a pack of juul pods, juul pods in bulk, juul pods wholesale, juul pods no nicotine, low nicotine juul pods, juul pods empty, cbd oil juul pods, buy empty juul pods, are juul pods refillable, juul pods alternative, how to fill juul pods, best juul pods, buy juul pods in bulk, juul pods refill, empty juul pods bulk, alternative juul pods,\u00a0\u00a0thc juul pods for sale, limited edition juul pods, buy juul pods near me<\/span><\/strong><\/h5>\n<\/div>\n<\/div>\n<\/div>\n","protected":false},"excerpt":{"rendered":"<p>Royal Creme pods by JUUL combine the\u00a0delicate notes of silky vanilla custard and cr\u00e8me br\u00fbl\u00e9e.<\/p>\n<p>Royal Creme is now available in 1.5% nicotine strength pods, perfect for those who prefer a slightly\u00a0smoother throat\u00a0hit.<\/p>\n<p>Each pack contains 4 genuine JUUL pods.<\/p>\n<p>Juul Replacement Pods \u2013 0.7mL \u2013\u00a0<strong>1.5%<\/strong>\u00a0Salt Nicotine<\/p>\n","protected":false},"featured_media":1613,"comment_status":"open","ping_status":"closed","template":"","meta":{"_monsterinsights_skip_tracking":false,"_monsterinsights_sitenote_active":false,"_monsterinsights_sitenote_note":"","_monsterinsights_sitenote_category":0},"product_brand":[],"product_cat":[4737],"product_tag":[4792,4785,4788,4762,4772,4784,4759,4789,4795,4738,4796,4761,4742,4783,4757,4765,4769,4747,4791,4748,4751,4773,4777,4787,4752,4739,4786,4744,4764,4760,4782,4745,4743,4768,4778,4740,4776,4780,4749,4746,4790,4771,4779,4794,4781,4755,4767,4753,4741,4754,4758,4775,4750,4793,4766,4763,4774,4756,4770],"class_list":{"0":"post-1612","1":"product","2":"type-product","3":"status-publish","4":"has-post-thumbnail","6":"product_cat-juul-pods","7":"product_tag-alternative-juul-pods","8":"product_tag-are-juul-pods-refillable","9":"product_tag-best-juul-pods","10":"product_tag-best-refillable-juul-pods","11":"product_tag-bulk-juul-pods","12":"product_tag-buy-empty-juul-pods","13":"product_tag-buy-juul-pods","14":"product_tag-buy-juul-pods-in-bulk","15":"product_tag-buy-juul-pods-near-me","16":"product_tag-buy-juul-pods-online","17":"product_tag-buy-royal-creme-juul-pods-online","18":"product_tag-can-you-refill-juul-pods","19":"product_tag-cbd-juul-pods","20":"product_tag-cbd-oil-juul-pods","21":"product_tag-cheap-juul-pods","22":"product_tag-compatible-juul-pods","23":"product_tag-cost-of-juul-pods","24":"product_tag-empty-juul-pods","25":"product_tag-empty-juul-pods-bulk","26":"product_tag-flavored-juul-pods","27":"product_tag-how-much-are-juul-pods","28":"product_tag-how-much-do-juul-pods-cost","29":"product_tag-how-much-is-a-pack-of-juul-pods","30":"product_tag-how-to-fill-juul-pods","31":"product_tag-how-to-refill-juul-pods","32":"product_tag-juul-pods","33":"product_tag-juul-pods-alternative","34":"product_tag-juul-pods-bulk","35":"product_tag-juul-pods-cheap-online","36":"product_tag-juul-pods-cost","37":"product_tag-juul-pods-empty","38":"product_tag-juul-pods-flavors","39":"product_tag-juul-pods-for-sale","40":"product_tag-juul-pods-free-shipping","41":"product_tag-juul-pods-in-bulk","42":"product_tag-juul-pods-near-me","43":"product_tag-juul-pods-nicotine","44":"product_tag-juul-pods-no-nicotine","45":"product_tag-juul-pods-online","46":"product_tag-juul-pods-price","47":"product_tag-juul-pods-refill","48":"product_tag-juul-pods-thc","49":"product_tag-juul-pods-wholesale","50":"product_tag-limited-edition-juul-pods","51":"product_tag-low-nicotine-juul-pods","52":"product_tag-nicotine-free-juul-pods","53":"product_tag-order-juul-pods","54":"product_tag-refill-juul-pods","55":"product_tag-refillable-juul-pods","56":"product_tag-refillable-juul-pods-for-sale","57":"product_tag-refilling-juul-pods","58":"product_tag-reusable-juul-pods","59":"product_tag-thc-juul-pods","60":"product_tag-thc-juul-pods-for-sale","61":"product_tag-weed-juul-pods","62":"product_tag-what-are-juul-pods","63":"product_tag-where-can-i-buy-juul-pods","64":"product_tag-where-to-buy-juul-pods","65":"product_tag-where-to-buy-juul-pods-near-me","67":"first","68":"instock","69":"shipping-taxable","70":"purchasable","71":"product-type-simple"},"yoast_head":"<!-- This site is optimized with the Yoast SEO plugin v27.3 - https:\/\/yoast.com\/product\/yoast-seo-wordpress\/ -->\n<title>BUY ROYAL CREME JUUL PODS ONLINE - 510 Premium Carts<\/title>\n<meta name=\"description\" content=\"BUY ROYAL CREME JUUL PODS ONLINE Our e-liquid contains a proprietary formulation that combines glycerol, propylene glycol, natural oils, extracts and flavor\" \/>\n<meta name=\"robots\" content=\"index, follow, max-snippet:-1, max-image-preview:large, max-video-preview:-1\" \/>\n<link rel=\"canonical\" href=\"https:\/\/510premiumcarts.com\/index.php\/product\/buy-royal-creme-juul-pods-online\/\" \/>\n<meta property=\"og:locale\" content=\"fr_FR\" \/>\n<meta property=\"og:type\" content=\"article\" \/>\n<meta property=\"og:title\" content=\"BUY ROYAL CREME JUUL PODS ONLINE - 510 Premium Carts\" \/>\n<meta property=\"og:description\" content=\"BUY ROYAL CREME JUUL PODS ONLINE Our e-liquid contains a proprietary formulation that combines glycerol, propylene glycol, natural oils, extracts and flavor\" \/>\n<meta property=\"og:url\" content=\"https:\/\/510premiumcarts.com\/index.php\/product\/buy-royal-creme-juul-pods-online\/\" \/>\n<meta property=\"og:site_name\" content=\"510 Premium Carts\" \/>\n<meta property=\"og:image\" content=\"http:\/\/510premiumcarts.com\/wp-content\/uploads\/2023\/03\/juul-pod-4-pack-royal-creme-p305-2386_image.jpg\" \/>\n\t<meta property=\"og:image:width\" content=\"1000\" \/>\n\t<meta property=\"og:image:height\" content=\"1000\" \/>\n\t<meta property=\"og:image:type\" content=\"image\/jpeg\" \/>\n<meta name=\"twitter:card\" content=\"summary_large_image\" \/>\n<meta name=\"twitter:label1\" content=\"Dur\u00e9e de lecture estim\u00e9e\" \/>\n\t<meta name=\"twitter:data1\" content=\"3 minutes\" \/>\n<script type=\"application\/ld+json\" class=\"yoast-schema-graph\">{\"@context\":\"https:\\\/\\\/schema.org\",\"@graph\":[{\"@type\":\"WebPage\",\"@id\":\"https:\\\/\\\/510premiumcarts.com\\\/index.php\\\/product\\\/buy-royal-creme-juul-pods-online\\\/\",\"url\":\"https:\\\/\\\/510premiumcarts.com\\\/index.php\\\/product\\\/buy-royal-creme-juul-pods-online\\\/\",\"name\":\"BUY ROYAL CREME JUUL PODS ONLINE - 510 Premium Carts\",\"isPartOf\":{\"@id\":\"https:\\\/\\\/510premiumcarts.com\\\/#website\"},\"primaryImageOfPage\":{\"@id\":\"https:\\\/\\\/510premiumcarts.com\\\/index.php\\\/product\\\/buy-royal-creme-juul-pods-online\\\/#primaryimage\"},\"image\":{\"@id\":\"https:\\\/\\\/510premiumcarts.com\\\/index.php\\\/product\\\/buy-royal-creme-juul-pods-online\\\/#primaryimage\"},\"thumbnailUrl\":\"https:\\\/\\\/510premiumcarts.com\\\/wp-content\\\/uploads\\\/2023\\\/03\\\/juul-pod-4-pack-royal-creme-p305-2386_image.jpg\",\"datePublished\":\"2023-03-05T22:53:59+00:00\",\"description\":\"BUY ROYAL CREME JUUL PODS ONLINE Our e-liquid contains a proprietary formulation that combines glycerol, propylene glycol, natural oils, extracts and flavor\",\"breadcrumb\":{\"@id\":\"https:\\\/\\\/510premiumcarts.com\\\/index.php\\\/product\\\/buy-royal-creme-juul-pods-online\\\/#breadcrumb\"},\"inLanguage\":\"fr-FR\",\"potentialAction\":[{\"@type\":\"ReadAction\",\"target\":[\"https:\\\/\\\/510premiumcarts.com\\\/index.php\\\/product\\\/buy-royal-creme-juul-pods-online\\\/\"]}]},{\"@type\":\"ImageObject\",\"inLanguage\":\"fr-FR\",\"@id\":\"https:\\\/\\\/510premiumcarts.com\\\/index.php\\\/product\\\/buy-royal-creme-juul-pods-online\\\/#primaryimage\",\"url\":\"https:\\\/\\\/510premiumcarts.com\\\/wp-content\\\/uploads\\\/2023\\\/03\\\/juul-pod-4-pack-royal-creme-p305-2386_image.jpg\",\"contentUrl\":\"https:\\\/\\\/510premiumcarts.com\\\/wp-content\\\/uploads\\\/2023\\\/03\\\/juul-pod-4-pack-royal-creme-p305-2386_image.jpg\",\"width\":1000,\"height\":1000,\"caption\":\"BUY ROYAL CREME JUUL PODS ONLINE\"},{\"@type\":\"BreadcrumbList\",\"@id\":\"https:\\\/\\\/510premiumcarts.com\\\/index.php\\\/product\\\/buy-royal-creme-juul-pods-online\\\/#breadcrumb\",\"itemListElement\":[{\"@type\":\"ListItem\",\"position\":1,\"name\":\"Home\",\"item\":\"https:\\\/\\\/510premiumcarts.com\\\/\"},{\"@type\":\"ListItem\",\"position\":2,\"name\":\"Marques de vapotage\",\"item\":\"https:\\\/\\\/510premiumcarts.com\\\/index.php\\\/acheter-du-cannabis\\\/\"},{\"@type\":\"ListItem\",\"position\":3,\"name\":\"Royal Cr\u00e8me Juul Pods\"}]},{\"@type\":\"WebSite\",\"@id\":\"https:\\\/\\\/510premiumcarts.com\\\/#website\",\"url\":\"https:\\\/\\\/510premiumcarts.com\\\/\",\"name\":\"510 Premium Carts\",\"description\":\"Just another WordPress site\",\"potentialAction\":[{\"@type\":\"SearchAction\",\"target\":{\"@type\":\"EntryPoint\",\"urlTemplate\":\"https:\\\/\\\/510premiumcarts.com\\\/?s={search_term_string}\"},\"query-input\":{\"@type\":\"PropertyValueSpecification\",\"valueRequired\":true,\"valueName\":\"search_term_string\"}}],\"inLanguage\":\"fr-FR\"}]}<\/script>\n<!-- \/ Yoast SEO plugin. -->","yoast_head_json":{"title":"BUY ROYAL CREME JUUL PODS ONLINE - 510 Premium Carts","description":"BUY ROYAL CREME JUUL PODS ONLINE Our e-liquid contains a proprietary formulation that combines glycerol, propylene glycol, natural oils, extracts and flavor","robots":{"index":"index","follow":"follow","max-snippet":"max-snippet:-1","max-image-preview":"max-image-preview:large","max-video-preview":"max-video-preview:-1"},"canonical":"https:\/\/510premiumcarts.com\/index.php\/product\/buy-royal-creme-juul-pods-online\/","og_locale":"fr_FR","og_type":"article","og_title":"BUY ROYAL CREME JUUL PODS ONLINE - 510 Premium Carts","og_description":"BUY ROYAL CREME JUUL PODS ONLINE Our e-liquid contains a proprietary formulation that combines glycerol, propylene glycol, natural oils, extracts and flavor","og_url":"https:\/\/510premiumcarts.com\/index.php\/product\/buy-royal-creme-juul-pods-online\/","og_site_name":"510 Premium Carts","og_image":[{"width":1000,"height":1000,"url":"http:\/\/510premiumcarts.com\/wp-content\/uploads\/2023\/03\/juul-pod-4-pack-royal-creme-p305-2386_image.jpg","type":"image\/jpeg"}],"twitter_card":"summary_large_image","twitter_misc":{"Dur\u00e9e de lecture estim\u00e9e":"3 minutes"},"schema":{"@context":"https:\/\/schema.org","@graph":[{"@type":"WebPage","@id":"https:\/\/510premiumcarts.com\/index.php\/product\/buy-royal-creme-juul-pods-online\/","url":"https:\/\/510premiumcarts.com\/index.php\/product\/buy-royal-creme-juul-pods-online\/","name":"BUY ROYAL CREME JUUL PODS ONLINE - 510 Premium Carts","isPartOf":{"@id":"https:\/\/510premiumcarts.com\/#website"},"primaryImageOfPage":{"@id":"https:\/\/510premiumcarts.com\/index.php\/product\/buy-royal-creme-juul-pods-online\/#primaryimage"},"image":{"@id":"https:\/\/510premiumcarts.com\/index.php\/product\/buy-royal-creme-juul-pods-online\/#primaryimage"},"thumbnailUrl":"https:\/\/510premiumcarts.com\/wp-content\/uploads\/2023\/03\/juul-pod-4-pack-royal-creme-p305-2386_image.jpg","datePublished":"2023-03-05T22:53:59+00:00","description":"BUY ROYAL CREME JUUL PODS ONLINE Our e-liquid contains a proprietary formulation that combines glycerol, propylene glycol, natural oils, extracts and flavor","breadcrumb":{"@id":"https:\/\/510premiumcarts.com\/index.php\/product\/buy-royal-creme-juul-pods-online\/#breadcrumb"},"inLanguage":"fr-FR","potentialAction":[{"@type":"ReadAction","target":["https:\/\/510premiumcarts.com\/index.php\/product\/buy-royal-creme-juul-pods-online\/"]}]},{"@type":"ImageObject","inLanguage":"fr-FR","@id":"https:\/\/510premiumcarts.com\/index.php\/product\/buy-royal-creme-juul-pods-online\/#primaryimage","url":"https:\/\/510premiumcarts.com\/wp-content\/uploads\/2023\/03\/juul-pod-4-pack-royal-creme-p305-2386_image.jpg","contentUrl":"https:\/\/510premiumcarts.com\/wp-content\/uploads\/2023\/03\/juul-pod-4-pack-royal-creme-p305-2386_image.jpg","width":1000,"height":1000,"caption":"BUY ROYAL CREME JUUL PODS ONLINE"},{"@type":"BreadcrumbList","@id":"https:\/\/510premiumcarts.com\/index.php\/product\/buy-royal-creme-juul-pods-online\/#breadcrumb","itemListElement":[{"@type":"ListItem","position":1,"name":"Home","item":"https:\/\/510premiumcarts.com\/"},{"@type":"ListItem","position":2,"name":"Marques de vapotage","item":"https:\/\/510premiumcarts.com\/index.php\/acheter-du-cannabis\/"},{"@type":"ListItem","position":3,"name":"Royal Cr\u00e8me Juul Pods"}]},{"@type":"WebSite","@id":"https:\/\/510premiumcarts.com\/#website","url":"https:\/\/510premiumcarts.com\/","name":"510 Premium Carts","description":"Just another WordPress site","potentialAction":[{"@type":"SearchAction","target":{"@type":"EntryPoint","urlTemplate":"https:\/\/510premiumcarts.com\/?s={search_term_string}"},"query-input":{"@type":"PropertyValueSpecification","valueRequired":true,"valueName":"search_term_string"}}],"inLanguage":"fr-FR"}]}},"jetpack_sharing_enabled":true,"_links":{"self":[{"href":"https:\/\/510premiumcarts.com\/index.php\/wp-json\/wp\/v2\/product\/1612","targetHints":{"allow":["GET"]}}],"collection":[{"href":"https:\/\/510premiumcarts.com\/index.php\/wp-json\/wp\/v2\/product"}],"about":[{"href":"https:\/\/510premiumcarts.com\/index.php\/wp-json\/wp\/v2\/types\/product"}],"replies":[{"embeddable":true,"href":"https:\/\/510premiumcarts.com\/index.php\/wp-json\/wp\/v2\/comments?post=1612"}],"wp:featuredmedia":[{"embeddable":true,"href":"https:\/\/510premiumcarts.com\/index.php\/wp-json\/wp\/v2\/media\/1613"}],"wp:attachment":[{"href":"https:\/\/510premiumcarts.com\/index.php\/wp-json\/wp\/v2\/media?parent=1612"}],"wp:term":[{"taxonomy":"product_brand","embeddable":true,"href":"https:\/\/510premiumcarts.com\/index.php\/wp-json\/wp\/v2\/product_brand?post=1612"},{"taxonomy":"product_cat","embeddable":true,"href":"https:\/\/510premiumcarts.com\/index.php\/wp-json\/wp\/v2\/product_cat?post=1612"},{"taxonomy":"product_tag","embeddable":true,"href":"https:\/\/510premiumcarts.com\/index.php\/wp-json\/wp\/v2\/product_tag?post=1612"}],"curies":[{"name":"wp","href":"https:\/\/api.w.org\/{rel}","templated":true}]}}