{"id":1650,"date":"2023-03-06T00:15:51","date_gmt":"2023-03-06T00:15:51","guid":{"rendered":"https:\/\/510premiumcarts.com\/?post_type=product&#038;p=1650"},"modified":"2023-04-18T02:18:53","modified_gmt":"2023-04-18T02:18:53","slug":"acheter-stiiizy-pods-mangue","status":"publish","type":"product","link":"https:\/\/510premiumcarts.com\/index.php\/product\/acheter-stiiizy-pods-mangue\/","title":{"rendered":"STIIIZY PODS\u00a0MANGUE"},"content":{"rendered":"<h1><a href=\"https:\/\/510premiumcarts.com\/index.php\/product-category\/pods\/stiiizy-pods\/\"><span style=\"color: #ffcc00;\"><strong><span style=\"vertical-align: inherit;\"><span style=\"vertical-align: inherit;\">ACHETER STIIIZY PODS\u00a0 MANGUE<\/span><\/span><\/strong><strong><span style=\"vertical-align: inherit;\"><span style=\"vertical-align: inherit;\">\u00a0EN LIGNE<\/span><\/span><\/strong><\/span><\/a><\/h1>\n<p>Nous vous pr\u00e9sentons les nouveaux pods\u00a0STIIIZY\u00a01:1\u00a0CBD\u00a0qui offrent un rapport \u00e9gal de CBD et de THC\u00a0! L&rsquo;ajout de Cannabidiol (CBD) \u00e0 notre gamme offre des avantages suppl\u00e9mentaires \u00e0 l&rsquo;exp\u00e9rience\u00a0STIIIZY. Infus\u00e9 d&rsquo;une saveur de mangue fra\u00eeche, les patients peuvent d\u00e9sormais profiter d&rsquo;une saveur acidul\u00e9e \u00e0 chaque bouff\u00e9e\u00a0!<\/p>\n<p>Pr\u00e9sentation des nouvelles dosettes CBD STIIIZY 1:1 qui offrent un rapport \u00e9gal de CBD et de THC !<\/p>\n<p>Premi\u00e8rement, l&rsquo;ajout de cannabidiol (CBD) \u00e0 notre gamme offre des avantages suppl\u00e9mentaires \u00e0 l&rsquo;exp\u00e9rience STIIIZY. Infus\u00e9 d&rsquo;une saveur de mangue fra\u00eeche, les patients peuvent d\u00e9sormais profiter d&rsquo;une saveur acidul\u00e9e sucr\u00e9e \u00e0 chaque bouff\u00e9e\u00a0!<\/p>\n<p>Cette mangue stiiizy 1: 1 CBD est la meilleure option pour se d\u00e9tendre et simplement \u00eatre de bonne humeur. Pendant le temps que j&rsquo;utilise ce chariot, cela m&rsquo;aiderait \u00e0 soulager le stress et l&rsquo;anxi\u00e9t\u00e9 ainsi qu&rsquo;\u00e0 simplement me calmer dans les moments de forte \u00e9motion et de frustration. Cela a \u00e9galement rendu l&rsquo;\u00e9coute de la musique comme un r\u00eave absolu. Cela vaut pour tous les genres, du rap au classique.<\/p>\n<p>J&rsquo;ai aussi utilis\u00e9 ce chariot avec des amis et chaque exp\u00e9rience \u00e9tait incroyable et liante. L&rsquo;une des meilleures choses \u00e0 faire lorsque vous l&rsquo;utilisez est de vous asseoir et de regarder un film amusant. Laissez-moi vous dire que j&rsquo;ai utilis\u00e9 de nombreuses autres souches de chariots stiiizy, y compris le Juicy Melon qui est \u00e9galement un chariot cbd 1: 1, mais j&rsquo;ai eu de nombreuses mauvaises exp\u00e9riences avec chacun d&rsquo;eux. Cependant, je peux dire en toute confiance \u00e0 tous ceux qui lisent ceci que chaque fois que j&rsquo;ai utilis\u00e9 cette mangue stiiizy, cela n&rsquo;a \u00e9t\u00e9 qu&rsquo;un bon moment.<\/p>\n<h2><span id=\"STIIIZY_PODS_MANGO_FOR_SALE\" class=\"ez-toc-section\"><\/span><strong><span style=\"vertical-align: inherit;\"><span style=\"vertical-align: inherit;\">STIIIZY PODS\u00a0 MANGUE <\/span><\/span><\/strong><strong><span style=\"vertical-align: inherit;\"><span style=\"vertical-align: inherit;\">\u00c0 VENDRE<\/span><\/span><\/strong><\/h2>\n<p>Une dosette 1:1 qui offre un rapport \u00e9gal de CBD et de THC infus\u00e9 avec une saveur de mangue fra\u00eeche.<\/p>\n<p>Go\u00fbt<\/p>\n<ul>\n<li>\u00e0 base de plantes<\/li>\n<li>mangue<\/li>\n<li>Bonbon<\/li>\n<\/ul>\n<p>Disponible en dosettes de 0,5 et 1 gramme.<\/p>\n<p>Pr\u00e9sentation des nouvelles dosettes CBD STIIIZY 1:1 qui offrent un rapport \u00e9gal de CBD et de THC !<\/p>\n<p>Les distillats de STIIIZY sont fabriqu\u00e9s \u00e0 la main selon un processus de distillation sans solvant utilisant uniquement des concentr\u00e9s de qualit\u00e9 sup\u00e9rieure et des terp\u00e8nes d\u00e9riv\u00e9s du cannabis. La <a href=\"http:\/\/stiiizy.com\/\">puret\u00e9<\/a> de STIIIZY est imbattable.<\/p>\n<p>Terp\u00e8nes d\u00e9riv\u00e9s du cannabis test\u00e9s en laboratoire<\/p>\n<p>Faits : Une vari\u00e9t\u00e9 \u00e0 <a href=\"http:\/\/google.com\/\">dominance<\/a> indica qui apaise le corps sans calmer l&rsquo;esprit.<\/p>\n<h2><span id=\"STIIIZY_PODS_MANGO\" class=\"ez-toc-section\"><\/span><strong><span style=\"vertical-align: inherit;\"><span style=\"vertical-align: inherit;\">STIIIZY PODS MANGUE<\/span><\/span><\/strong><\/h2>\n<p>de plus, les distillats STIIIZY sont fabriqu\u00e9s \u00e0 la main selon un processus de distillation sans solvant utilisant uniquement des concentr\u00e9s de qualit\u00e9 sup\u00e9rieure et des terp\u00e8nes d\u00e9riv\u00e9s du cannabis. Test\u00e9 en laboratoire \u00e0 plus de 85 % de THC, la puret\u00e9 de STIIIZY est imbattable. Disponible en dosettes de 0,5 et 1 gramme.<\/p>\n<p>Mazar x Blueberry OG est une puissante vari\u00e9t\u00e9 hybride \u00e0 dominance indica qui pourrait bien vous emmener dans une galaxie tr\u00e8s, tr\u00e8s lointaine. Pas de g\u00e9n\u00e9tique Sith ici &#8211; cette plante est un croisement entre Mazar x Bluebery et\u00a0OG Kush\u00a0et a le fort ar\u00f4me caract\u00e9ristique des souches de kush qui comprend un parfum \u00e9pic\u00e9 \u00e0 base de plantes teint\u00e9 de carbur\u00e9acteur. Cette souche fait de la relaxation votre seule mission, et certains utilisateurs signalent de forts effets corporels, notamment de l\u00e9gers picotements et des engourdissements. Si la douleur et les limitations physiques sont les probl\u00e8mes, Mazar x Bluebery OG est l\u00e0 pour vous sauver.<\/p>\n<h5><span id=\"are_stiiizy_pods_safe_are_mango_stiiizy_pods_safe_best_stiizy_pods_buy_stiiizy_pods_online_buy_mango_stiiizy_pods_online_cheap_stiiizy_pods_cheap_mango_stiiizy_pods_how_much_are_stiiizy_pods_how_much_are_mango_stiiizy_pods_order_stiiizy_pods_online_order_mango_stiiizy_pods_online_stiiizy_pods_stiiizy_pods_for_sale_stiiizy_pods_near_me_stiiizy_pods_price_mango_stiiizy_pods_mango_stiiizy_pods_for_sale_mango_stiiizy_pods_near_me_mango_stiiizy_pods_price_mango_stiizy_pods_where_to_buy_stiiizy_pods_where_to_buy_mango_stiiizy_pods\" class=\"ez-toc-section\"><\/span><strong>les gousses stiiizy sont-elles s\u00fbres, les gousses de mangue stiiizy sont-elles s\u00fbres, les meilleures gousses stiiizy, acheter des gousses stiiizy en ligne, acheter des gousses de mangue stiiizy en ligne, des gousses stiiizy bon march\u00e9, des gousses de mangue stiiizy bon march\u00e9, combien co\u00fbtent des gousses stiiizy, combien co\u00fbtent des gousses de mangue stiiizy, commander des stiiizy gousses en ligne, commander des gousses de mangue stiiizy en ligne, des gousses stiiizy, des gousses stiiizy \u00e0 vendre, des gousses stiiizy pr\u00e8s de chez moi, des gousses stiiizy prix, des gousses de mangue stiiizy, des gousses de mangue stiiizy \u00e0 vendre, des gousses de mangue stiiizy pr\u00e8s de chez moi, des gousses de mangue stiiizy prix, des gousses de mangue stiizy , o\u00f9 acheter des gousses stiiizy, o\u00f9 acheter des gousses stiiizy \u00e0 la mangue<\/strong><\/h5>\n","protected":false},"excerpt":{"rendered":"<p>Nous vous pr\u00e9sentons les nouvelles dosettes de CBD\u00a0STIIIZY\u00a01:1\u00a0qui offrent un rapport \u00e9gal de CBD et de THC\u00a0! L&rsquo;ajout de Cannabidiol (CBD) \u00e0 notre gamme offre des avantages suppl\u00e9mentaires \u00e0 l&rsquo;exp\u00e9rience\u00a0STIIIZY. Infus\u00e9 d&rsquo;une saveur de mangue fra\u00eeche, les patients peuvent d\u00e9sormais profiter d&rsquo;une saveur acidul\u00e9e \u00e0 chaque bouff\u00e9e\u00a0!<\/p>\n","protected":false},"featured_media":1651,"comment_status":"open","ping_status":"closed","template":"","meta":{"_monsterinsights_skip_tracking":false,"_monsterinsights_sitenote_active":false,"_monsterinsights_sitenote_note":"","_monsterinsights_sitenote_category":0},"product_brand":[],"product_cat":[4812],"product_tag":[],"class_list":{"0":"post-1650","1":"product","2":"type-product","3":"status-publish","4":"has-post-thumbnail","6":"product_cat-stiiizy-pods","8":"first","9":"instock","10":"shipping-taxable","11":"purchasable","12":"product-type-simple"},"yoast_head":"<!-- This site is optimized with the Yoast SEO plugin v27.3 - https:\/\/yoast.com\/product\/yoast-seo-wordpress\/ -->\n<title>acheter STIIIZY PODS\u00a0MANGUE - 510 Premium Carts<\/title>\n<meta name=\"description\" content=\"acheter STIIIZY PODS\u00a0MANGUE Des gousses de CBD\u00a0qui offrent un rapport \u00e9gal de CBD et de THC\u00a0! L&#039;ajout de Cannabidiol (CBD) \u00e0 notre gamme offre des avantages\" \/>\n<meta name=\"robots\" content=\"index, follow, max-snippet:-1, max-image-preview:large, max-video-preview:-1\" \/>\n<link rel=\"canonical\" href=\"https:\/\/510premiumcarts.com\/index.php\/product\/acheter-stiiizy-pods-mangue\/\" \/>\n<meta property=\"og:locale\" content=\"fr_FR\" \/>\n<meta property=\"og:type\" content=\"article\" \/>\n<meta property=\"og:title\" content=\"acheter STIIIZY PODS\u00a0MANGUE - 510 Premium Carts\" \/>\n<meta property=\"og:description\" content=\"acheter STIIIZY PODS\u00a0MANGUE Des gousses de CBD\u00a0qui offrent un rapport \u00e9gal de CBD et de THC\u00a0! L&#039;ajout de Cannabidiol (CBD) \u00e0 notre gamme offre des avantages\" \/>\n<meta property=\"og:url\" content=\"https:\/\/510premiumcarts.com\/index.php\/product\/acheter-stiiizy-pods-mangue\/\" \/>\n<meta property=\"og:site_name\" content=\"510 Premium Carts\" \/>\n<meta property=\"article:modified_time\" content=\"2023-04-18T02:18:53+00:00\" \/>\n<meta property=\"og:image\" content=\"http:\/\/510premiumcarts.com\/wp-content\/uploads\/2023\/03\/large-1.jpg\" \/>\n\t<meta property=\"og:image:width\" content=\"400\" \/>\n\t<meta property=\"og:image:height\" content=\"400\" \/>\n\t<meta property=\"og:image:type\" content=\"image\/jpeg\" \/>\n<meta name=\"twitter:card\" content=\"summary_large_image\" \/>\n<meta name=\"twitter:label1\" content=\"Dur\u00e9e de lecture estim\u00e9e\" \/>\n\t<meta name=\"twitter:data1\" content=\"4 minutes\" \/>\n<script type=\"application\/ld+json\" class=\"yoast-schema-graph\">{\"@context\":\"https:\\\/\\\/schema.org\",\"@graph\":[{\"@type\":\"WebPage\",\"@id\":\"https:\\\/\\\/510premiumcarts.com\\\/index.php\\\/product\\\/acheter-stiiizy-pods-mangue\\\/\",\"url\":\"https:\\\/\\\/510premiumcarts.com\\\/index.php\\\/product\\\/acheter-stiiizy-pods-mangue\\\/\",\"name\":\"acheter STIIIZY PODS\u00a0MANGUE - 510 Premium Carts\",\"isPartOf\":{\"@id\":\"https:\\\/\\\/510premiumcarts.com\\\/#website\"},\"primaryImageOfPage\":{\"@id\":\"https:\\\/\\\/510premiumcarts.com\\\/index.php\\\/product\\\/acheter-stiiizy-pods-mangue\\\/#primaryimage\"},\"image\":{\"@id\":\"https:\\\/\\\/510premiumcarts.com\\\/index.php\\\/product\\\/acheter-stiiizy-pods-mangue\\\/#primaryimage\"},\"thumbnailUrl\":\"https:\\\/\\\/510premiumcarts.com\\\/wp-content\\\/uploads\\\/2023\\\/03\\\/large-1.jpg\",\"datePublished\":\"2023-03-06T00:15:51+00:00\",\"dateModified\":\"2023-04-18T02:18:53+00:00\",\"description\":\"acheter STIIIZY PODS\u00a0MANGUE Des gousses de CBD\u00a0qui offrent un rapport \u00e9gal de CBD et de THC\u00a0! L'ajout de Cannabidiol (CBD) \u00e0 notre gamme offre des avantages\",\"breadcrumb\":{\"@id\":\"https:\\\/\\\/510premiumcarts.com\\\/index.php\\\/product\\\/acheter-stiiizy-pods-mangue\\\/#breadcrumb\"},\"inLanguage\":\"fr-FR\",\"potentialAction\":[{\"@type\":\"ReadAction\",\"target\":[\"https:\\\/\\\/510premiumcarts.com\\\/index.php\\\/product\\\/acheter-stiiizy-pods-mangue\\\/\"]}]},{\"@type\":\"ImageObject\",\"inLanguage\":\"fr-FR\",\"@id\":\"https:\\\/\\\/510premiumcarts.com\\\/index.php\\\/product\\\/acheter-stiiizy-pods-mangue\\\/#primaryimage\",\"url\":\"https:\\\/\\\/510premiumcarts.com\\\/wp-content\\\/uploads\\\/2023\\\/03\\\/large-1.jpg\",\"contentUrl\":\"https:\\\/\\\/510premiumcarts.com\\\/wp-content\\\/uploads\\\/2023\\\/03\\\/large-1.jpg\",\"width\":400,\"height\":400,\"caption\":\"BUY STIIIZY PODS\u00a0MANGO\u00a0ONLINE\"},{\"@type\":\"BreadcrumbList\",\"@id\":\"https:\\\/\\\/510premiumcarts.com\\\/index.php\\\/product\\\/acheter-stiiizy-pods-mangue\\\/#breadcrumb\",\"itemListElement\":[{\"@type\":\"ListItem\",\"position\":1,\"name\":\"Home\",\"item\":\"https:\\\/\\\/510premiumcarts.com\\\/\"},{\"@type\":\"ListItem\",\"position\":2,\"name\":\"Marques de vapotage\",\"item\":\"https:\\\/\\\/510premiumcarts.com\\\/index.php\\\/acheter-du-cannabis\\\/\"},{\"@type\":\"ListItem\",\"position\":3,\"name\":\"STIIIZY PODS\u00a0MANGUE\"}]},{\"@type\":\"WebSite\",\"@id\":\"https:\\\/\\\/510premiumcarts.com\\\/#website\",\"url\":\"https:\\\/\\\/510premiumcarts.com\\\/\",\"name\":\"510 Premium Carts\",\"description\":\"Just another WordPress site\",\"potentialAction\":[{\"@type\":\"SearchAction\",\"target\":{\"@type\":\"EntryPoint\",\"urlTemplate\":\"https:\\\/\\\/510premiumcarts.com\\\/?s={search_term_string}\"},\"query-input\":{\"@type\":\"PropertyValueSpecification\",\"valueRequired\":true,\"valueName\":\"search_term_string\"}}],\"inLanguage\":\"fr-FR\"}]}<\/script>\n<!-- \/ Yoast SEO plugin. -->","yoast_head_json":{"title":"acheter STIIIZY PODS\u00a0MANGUE - 510 Premium Carts","description":"acheter STIIIZY PODS\u00a0MANGUE Des gousses de CBD\u00a0qui offrent un rapport \u00e9gal de CBD et de THC\u00a0! L'ajout de Cannabidiol (CBD) \u00e0 notre gamme offre des avantages","robots":{"index":"index","follow":"follow","max-snippet":"max-snippet:-1","max-image-preview":"max-image-preview:large","max-video-preview":"max-video-preview:-1"},"canonical":"https:\/\/510premiumcarts.com\/index.php\/product\/acheter-stiiizy-pods-mangue\/","og_locale":"fr_FR","og_type":"article","og_title":"acheter STIIIZY PODS\u00a0MANGUE - 510 Premium Carts","og_description":"acheter STIIIZY PODS\u00a0MANGUE Des gousses de CBD\u00a0qui offrent un rapport \u00e9gal de CBD et de THC\u00a0! L'ajout de Cannabidiol (CBD) \u00e0 notre gamme offre des avantages","og_url":"https:\/\/510premiumcarts.com\/index.php\/product\/acheter-stiiizy-pods-mangue\/","og_site_name":"510 Premium Carts","article_modified_time":"2023-04-18T02:18:53+00:00","og_image":[{"width":400,"height":400,"url":"http:\/\/510premiumcarts.com\/wp-content\/uploads\/2023\/03\/large-1.jpg","type":"image\/jpeg"}],"twitter_card":"summary_large_image","twitter_misc":{"Dur\u00e9e de lecture estim\u00e9e":"4 minutes"},"schema":{"@context":"https:\/\/schema.org","@graph":[{"@type":"WebPage","@id":"https:\/\/510premiumcarts.com\/index.php\/product\/acheter-stiiizy-pods-mangue\/","url":"https:\/\/510premiumcarts.com\/index.php\/product\/acheter-stiiizy-pods-mangue\/","name":"acheter STIIIZY PODS\u00a0MANGUE - 510 Premium Carts","isPartOf":{"@id":"https:\/\/510premiumcarts.com\/#website"},"primaryImageOfPage":{"@id":"https:\/\/510premiumcarts.com\/index.php\/product\/acheter-stiiizy-pods-mangue\/#primaryimage"},"image":{"@id":"https:\/\/510premiumcarts.com\/index.php\/product\/acheter-stiiizy-pods-mangue\/#primaryimage"},"thumbnailUrl":"https:\/\/510premiumcarts.com\/wp-content\/uploads\/2023\/03\/large-1.jpg","datePublished":"2023-03-06T00:15:51+00:00","dateModified":"2023-04-18T02:18:53+00:00","description":"acheter STIIIZY PODS\u00a0MANGUE Des gousses de CBD\u00a0qui offrent un rapport \u00e9gal de CBD et de THC\u00a0! L'ajout de Cannabidiol (CBD) \u00e0 notre gamme offre des avantages","breadcrumb":{"@id":"https:\/\/510premiumcarts.com\/index.php\/product\/acheter-stiiizy-pods-mangue\/#breadcrumb"},"inLanguage":"fr-FR","potentialAction":[{"@type":"ReadAction","target":["https:\/\/510premiumcarts.com\/index.php\/product\/acheter-stiiizy-pods-mangue\/"]}]},{"@type":"ImageObject","inLanguage":"fr-FR","@id":"https:\/\/510premiumcarts.com\/index.php\/product\/acheter-stiiizy-pods-mangue\/#primaryimage","url":"https:\/\/510premiumcarts.com\/wp-content\/uploads\/2023\/03\/large-1.jpg","contentUrl":"https:\/\/510premiumcarts.com\/wp-content\/uploads\/2023\/03\/large-1.jpg","width":400,"height":400,"caption":"BUY STIIIZY PODS\u00a0MANGO\u00a0ONLINE"},{"@type":"BreadcrumbList","@id":"https:\/\/510premiumcarts.com\/index.php\/product\/acheter-stiiizy-pods-mangue\/#breadcrumb","itemListElement":[{"@type":"ListItem","position":1,"name":"Home","item":"https:\/\/510premiumcarts.com\/"},{"@type":"ListItem","position":2,"name":"Marques de vapotage","item":"https:\/\/510premiumcarts.com\/index.php\/acheter-du-cannabis\/"},{"@type":"ListItem","position":3,"name":"STIIIZY PODS\u00a0MANGUE"}]},{"@type":"WebSite","@id":"https:\/\/510premiumcarts.com\/#website","url":"https:\/\/510premiumcarts.com\/","name":"510 Premium Carts","description":"Just another WordPress site","potentialAction":[{"@type":"SearchAction","target":{"@type":"EntryPoint","urlTemplate":"https:\/\/510premiumcarts.com\/?s={search_term_string}"},"query-input":{"@type":"PropertyValueSpecification","valueRequired":true,"valueName":"search_term_string"}}],"inLanguage":"fr-FR"}]}},"jetpack_sharing_enabled":true,"_links":{"self":[{"href":"https:\/\/510premiumcarts.com\/index.php\/wp-json\/wp\/v2\/product\/1650","targetHints":{"allow":["GET"]}}],"collection":[{"href":"https:\/\/510premiumcarts.com\/index.php\/wp-json\/wp\/v2\/product"}],"about":[{"href":"https:\/\/510premiumcarts.com\/index.php\/wp-json\/wp\/v2\/types\/product"}],"replies":[{"embeddable":true,"href":"https:\/\/510premiumcarts.com\/index.php\/wp-json\/wp\/v2\/comments?post=1650"}],"wp:featuredmedia":[{"embeddable":true,"href":"https:\/\/510premiumcarts.com\/index.php\/wp-json\/wp\/v2\/media\/1651"}],"wp:attachment":[{"href":"https:\/\/510premiumcarts.com\/index.php\/wp-json\/wp\/v2\/media?parent=1650"}],"wp:term":[{"taxonomy":"product_brand","embeddable":true,"href":"https:\/\/510premiumcarts.com\/index.php\/wp-json\/wp\/v2\/product_brand?post=1650"},{"taxonomy":"product_cat","embeddable":true,"href":"https:\/\/510premiumcarts.com\/index.php\/wp-json\/wp\/v2\/product_cat?post=1650"},{"taxonomy":"product_tag","embeddable":true,"href":"https:\/\/510premiumcarts.com\/index.php\/wp-json\/wp\/v2\/product_tag?post=1650"}],"curies":[{"name":"wp","href":"https:\/\/api.w.org\/{rel}","templated":true}]}}