{"id":1654,"date":"2023-03-06T00:22:59","date_gmt":"2023-03-06T00:22:59","guid":{"rendered":"https:\/\/510premiumcarts.com\/?post_type=product&#038;p=1654"},"modified":"2023-04-18T02:02:00","modified_gmt":"2023-04-18T02:02:00","slug":"acheter-blue-dream-stiiizy-pods-en-ligne","status":"publish","type":"product","link":"https:\/\/510premiumcarts.com\/index.php\/product\/acheter-blue-dream-stiiizy-pods-en-ligne\/","title":{"rendered":"BLUE DREAM STIIIZY PODS"},"content":{"rendered":"<h1><a href=\"https:\/\/510premiumcarts.com\/index.php\/product-category\/pods\/stiiizy-pods\/\"><span style=\"color: #ffcc00;\"><strong><span style=\"vertical-align: inherit;\"><span style=\"vertical-align: inherit;\">ACHETER BLUE DREAM STIIIZY PODS EN LIGNE<\/span><\/span><\/strong><\/span><\/a><\/h1>\n<p>acheter stiiizy pods blue dream en ligne, un hybride \u00e0 dominance sativa originaire de Californie, a atteint un statut l\u00e9gendaire parmi les souches de la c\u00f4te ouest. En croisant Blueberry avec Haze, Blue Dream \u00e9quilibre la relaxation de tout le corps avec une douce revigoration c\u00e9r\u00e9brale. Les consommateurs novices et v\u00e9t\u00e9rans appr\u00e9cient les effets de niveau de Blue Dream, qui vous plongent doucement dans une euphorie calme.<\/p>\n<p>Premi\u00e8rement, avec un ar\u00f4me de baies sucr\u00e9es rappelant son parent Blueberry, Blue Dream offre un soulagement rapide des sympt\u00f4mes sans effets s\u00e9datifs lourds. <a href=\"https:\/\/www.leafly.com\/strains\/blueberry\">Cela<\/a> fait de Blue <a href=\"https:\/\/www.leafly.com\/strains\/haze\">Dream<\/a> un m\u00e9dicament de jour populaire pour les patients qui traitent la douleur, la d\u00e9pression, les naus\u00e9es et d&rsquo;autres affections n\u00e9cessitant une forte souche de THC.<\/p>\n<p><span style=\"vertical-align: inherit;\"><span style=\"vertical-align: inherit;\">Deuxi\u00e8mement, Blue Dream est une souche hybride \u00e0 dominante l\u00e9g\u00e8rement sativa (60\u00a0% sativa\/40\u00a0% indica) qui est un puissant croisement entre les <a href=\"https:\/\/www.leafly.com\/strains\/lists\/flavor\/berry\">souches<\/a> extr\u00eamement populaires Blueberry\u00a0X\u00a0Haze. <a href=\"https:\/\/www.leafly.com\/strains\/lists\/condition\/depression\">stiiizy<\/a> pods, <a href=\"https:\/\/www.leafly.com\/strains\/lists\/condition\/nausea\">acheter<\/a> des stiiizy pods en ligne, stiiizy pods \u00e0 vendre, meilleurs <a href=\"https:\/\/www.leafly.com\/strains\/lists\/flavor\/sweet\">stiiizy<\/a> pods, commander des stiiizy pods en ligne, prix des stiiizy pods, combien co\u00fbtent les stiiizy pods, stiiizy pods pr\u00e8s de chez moi, les stiiizy pods sont-ils <a href=\"https:\/\/www.leafly.com\/strains\/lists\/condition\/pain\">s\u00fbrs<\/a>, stiiizy pods bon march\u00e9, o\u00f9 acheter stiiizy gousses,<\/span><\/span><\/p>\n<div class=\"woocommerce-tabs wc-tabs-wrapper\"><\/div>\n<h3><strong><span style=\"vertical-align: inherit;\"><span style=\"vertical-align: inherit;\">BLUE DREAM STIIIZY PODS<\/span><\/span><\/strong><\/h3>\n<p>De plus, un croisement entre Blueberry et Haze, <a href=\"https:\/\/www.allbud.com\/marijuana-strains\/indica-dominant-hybrid\/blueberry\">Blue<\/a> Dream a <a href=\"https:\/\/www.allbud.com\/marijuana-strains\/sativa-dominant-hybrid\/haze\">atteint<\/a> un statut l\u00e9gendaire parmi les fumeurs du monde entier. Blue Dream Stiiizy Pod. Une vari\u00e9t\u00e9 parfaite pour les concentr\u00e9s en raison de sa teneur \u00e9lev\u00e9e en r\u00e9sine charg\u00e9e de THC. Ainsi, cette vari\u00e9t\u00e9 embl\u00e9matique offre un high bien \u00e9quilibr\u00e9 qui est parfait pour les sorties nocturnes. De plus, id\u00e9al pour : stress, d\u00e9pression, douleur, maux de t\u00eate. Les distillats de Stiiizy sont fabriqu\u00e9s \u00e0 la main selon un processus de distillation sans solvant utilisant uniquement des concentr\u00e9s de qualit\u00e9 sup\u00e9rieure et des terp\u00e8nes d\u00e9riv\u00e9s du cannabis. Cependant, la puret\u00e9 de Stiiizy est imbattable.<\/p>\n<p>&nbsp;<\/p>\n<h5><strong>gousses stiiizy de r\u00eave bleu, gousses stiiizy de r\u00eave bleu \u00e0 vendre, gousses stiiizy de r\u00eave bleu, commander des gousses stiiizy de r\u00eave bleu en ligne, prix des gousses stiiizy de r\u00eave bleu, combien co\u00fbtent les gousses stiiizy de r\u00eave bleu, gousses stiiizy de r\u00eave bleu pr\u00e8s de chez moi, sont des gousses stiiizy de r\u00eave bleu pods stiiizy blue dream s\u00fbrs et bon march\u00e9, o\u00f9 acheter des pods stiiizy blue dream<\/strong><\/h5>\n","protected":false},"excerpt":{"rendered":"<p>Blue Dream, un hybride \u00e0 dominance sativa originaire de Californie, a atteint un statut l\u00e9gendaire parmi les vari\u00e9t\u00e9s de la c\u00f4te ouest. En croisant Blueberry avec Haze, Blue Dream \u00e9quilibre la relaxation de tout le corps avec une douce revigoration c\u00e9r\u00e9brale. Les consommateurs novices et v\u00e9t\u00e9rans appr\u00e9cient les effets de niveau de Blue Dream, qui vous plongent doucement dans une euphorie calme.<\/p>\n","protected":false},"featured_media":1655,"comment_status":"open","ping_status":"closed","template":"","meta":{"_monsterinsights_skip_tracking":false,"_monsterinsights_sitenote_active":false,"_monsterinsights_sitenote_note":"","_monsterinsights_sitenote_category":0},"product_brand":[],"product_cat":[4812],"product_tag":[4877,4870,4871,4876,4874,4872,4878,4875,4873,4879],"class_list":{"0":"post-1654","1":"product","2":"type-product","3":"status-publish","4":"has-post-thumbnail","6":"product_cat-stiiizy-pods","7":"product_tag-are-blue-dream-stiiizy-pods-safe","8":"product_tag-blue-dream-stiiizy-pods","9":"product_tag-blue-dream-stiiizy-pods-for-sale","10":"product_tag-blue-dream-stiiizy-pods-near-me","11":"product_tag-blue-dream-stiiizy-pods-price","12":"product_tag-blue-dream-stiizy-pods","13":"product_tag-cheap-blue-dream-stiiizy-pods","14":"product_tag-how-much-are-blue-dream-stiiizy-pods","15":"product_tag-order-blue-dream-stiiizy-pods-online","16":"product_tag-where-to-buy-blue-dream-stiiizy-pods","18":"first","19":"instock","20":"shipping-taxable","21":"purchasable","22":"product-type-simple"},"yoast_head":"<!-- This site is optimized with the Yoast SEO plugin v27.3 - https:\/\/yoast.com\/product\/yoast-seo-wordpress\/ -->\n<title>ACHETER BLUE DREAM STIIIZY PODS - 510 Premium Carts<\/title>\n<meta name=\"description\" content=\"ACHETER BLUE DREAM STIIIZY PODS EN LIGNEa hybride \u00e0 dominance sativa originaire de Californie, a atteint un statut l\u00e9gendaire parmi les vari\u00e9t\u00e9s de la c\u00f4te ouest.\" \/>\n<meta name=\"robots\" content=\"index, follow, max-snippet:-1, max-image-preview:large, max-video-preview:-1\" \/>\n<link rel=\"canonical\" href=\"https:\/\/510premiumcarts.com\/index.php\/product\/acheter-blue-dream-stiiizy-pods-en-ligne\/\" \/>\n<meta property=\"og:locale\" content=\"fr_FR\" \/>\n<meta property=\"og:type\" content=\"article\" \/>\n<meta property=\"og:title\" content=\"ACHETER BLUE DREAM STIIIZY PODS - 510 Premium Carts\" \/>\n<meta property=\"og:description\" content=\"ACHETER BLUE DREAM STIIIZY PODS EN LIGNEa hybride \u00e0 dominance sativa originaire de Californie, a atteint un statut l\u00e9gendaire parmi les vari\u00e9t\u00e9s de la c\u00f4te ouest.\" \/>\n<meta property=\"og:url\" content=\"https:\/\/510premiumcarts.com\/index.php\/product\/acheter-blue-dream-stiiizy-pods-en-ligne\/\" \/>\n<meta property=\"og:site_name\" content=\"510 Premium Carts\" \/>\n<meta property=\"article:modified_time\" content=\"2023-04-18T02:02:00+00:00\" \/>\n<meta property=\"og:image\" content=\"http:\/\/510premiumcarts.com\/wp-content\/uploads\/2023\/03\/c1eadb13-27eb-4603-92b6-93e8edee3971.png\" \/>\n\t<meta property=\"og:image:width\" content=\"800\" \/>\n\t<meta property=\"og:image:height\" content=\"800\" \/>\n\t<meta property=\"og:image:type\" content=\"image\/png\" \/>\n<meta name=\"twitter:card\" content=\"summary_large_image\" \/>\n<meta name=\"twitter:label1\" content=\"Dur\u00e9e de lecture estim\u00e9e\" \/>\n\t<meta name=\"twitter:data1\" content=\"2 minutes\" \/>\n<script type=\"application\/ld+json\" class=\"yoast-schema-graph\">{\"@context\":\"https:\\\/\\\/schema.org\",\"@graph\":[{\"@type\":\"WebPage\",\"@id\":\"https:\\\/\\\/510premiumcarts.com\\\/index.php\\\/product\\\/acheter-blue-dream-stiiizy-pods-en-ligne\\\/\",\"url\":\"https:\\\/\\\/510premiumcarts.com\\\/index.php\\\/product\\\/acheter-blue-dream-stiiizy-pods-en-ligne\\\/\",\"name\":\"ACHETER BLUE DREAM STIIIZY PODS - 510 Premium Carts\",\"isPartOf\":{\"@id\":\"https:\\\/\\\/510premiumcarts.com\\\/#website\"},\"primaryImageOfPage\":{\"@id\":\"https:\\\/\\\/510premiumcarts.com\\\/index.php\\\/product\\\/acheter-blue-dream-stiiizy-pods-en-ligne\\\/#primaryimage\"},\"image\":{\"@id\":\"https:\\\/\\\/510premiumcarts.com\\\/index.php\\\/product\\\/acheter-blue-dream-stiiizy-pods-en-ligne\\\/#primaryimage\"},\"thumbnailUrl\":\"https:\\\/\\\/510premiumcarts.com\\\/wp-content\\\/uploads\\\/2023\\\/03\\\/c1eadb13-27eb-4603-92b6-93e8edee3971.png\",\"datePublished\":\"2023-03-06T00:22:59+00:00\",\"dateModified\":\"2023-04-18T02:02:00+00:00\",\"description\":\"ACHETER BLUE DREAM STIIIZY PODS EN LIGNEa hybride \u00e0 dominance sativa originaire de Californie, a atteint un statut l\u00e9gendaire parmi les vari\u00e9t\u00e9s de la c\u00f4te ouest.\",\"breadcrumb\":{\"@id\":\"https:\\\/\\\/510premiumcarts.com\\\/index.php\\\/product\\\/acheter-blue-dream-stiiizy-pods-en-ligne\\\/#breadcrumb\"},\"inLanguage\":\"fr-FR\",\"potentialAction\":[{\"@type\":\"ReadAction\",\"target\":[\"https:\\\/\\\/510premiumcarts.com\\\/index.php\\\/product\\\/acheter-blue-dream-stiiizy-pods-en-ligne\\\/\"]}]},{\"@type\":\"ImageObject\",\"inLanguage\":\"fr-FR\",\"@id\":\"https:\\\/\\\/510premiumcarts.com\\\/index.php\\\/product\\\/acheter-blue-dream-stiiizy-pods-en-ligne\\\/#primaryimage\",\"url\":\"https:\\\/\\\/510premiumcarts.com\\\/wp-content\\\/uploads\\\/2023\\\/03\\\/c1eadb13-27eb-4603-92b6-93e8edee3971.png\",\"contentUrl\":\"https:\\\/\\\/510premiumcarts.com\\\/wp-content\\\/uploads\\\/2023\\\/03\\\/c1eadb13-27eb-4603-92b6-93e8edee3971.png\",\"width\":800,\"height\":800,\"caption\":\"BUY BLUE DREAM STIIIZY PODS ONLINE\"},{\"@type\":\"BreadcrumbList\",\"@id\":\"https:\\\/\\\/510premiumcarts.com\\\/index.php\\\/product\\\/acheter-blue-dream-stiiizy-pods-en-ligne\\\/#breadcrumb\",\"itemListElement\":[{\"@type\":\"ListItem\",\"position\":1,\"name\":\"Home\",\"item\":\"https:\\\/\\\/510premiumcarts.com\\\/\"},{\"@type\":\"ListItem\",\"position\":2,\"name\":\"Marques de vapotage\",\"item\":\"https:\\\/\\\/510premiumcarts.com\\\/index.php\\\/acheter-du-cannabis\\\/\"},{\"@type\":\"ListItem\",\"position\":3,\"name\":\"BLUE DREAM STIIIZY PODS\"}]},{\"@type\":\"WebSite\",\"@id\":\"https:\\\/\\\/510premiumcarts.com\\\/#website\",\"url\":\"https:\\\/\\\/510premiumcarts.com\\\/\",\"name\":\"510 Premium Carts\",\"description\":\"Just another WordPress site\",\"potentialAction\":[{\"@type\":\"SearchAction\",\"target\":{\"@type\":\"EntryPoint\",\"urlTemplate\":\"https:\\\/\\\/510premiumcarts.com\\\/?s={search_term_string}\"},\"query-input\":{\"@type\":\"PropertyValueSpecification\",\"valueRequired\":true,\"valueName\":\"search_term_string\"}}],\"inLanguage\":\"fr-FR\"}]}<\/script>\n<!-- \/ Yoast SEO plugin. -->","yoast_head_json":{"title":"ACHETER BLUE DREAM STIIIZY PODS - 510 Premium Carts","description":"ACHETER BLUE DREAM STIIIZY PODS EN LIGNEa hybride \u00e0 dominance sativa originaire de Californie, a atteint un statut l\u00e9gendaire parmi les vari\u00e9t\u00e9s de la c\u00f4te ouest.","robots":{"index":"index","follow":"follow","max-snippet":"max-snippet:-1","max-image-preview":"max-image-preview:large","max-video-preview":"max-video-preview:-1"},"canonical":"https:\/\/510premiumcarts.com\/index.php\/product\/acheter-blue-dream-stiiizy-pods-en-ligne\/","og_locale":"fr_FR","og_type":"article","og_title":"ACHETER BLUE DREAM STIIIZY PODS - 510 Premium Carts","og_description":"ACHETER BLUE DREAM STIIIZY PODS EN LIGNEa hybride \u00e0 dominance sativa originaire de Californie, a atteint un statut l\u00e9gendaire parmi les vari\u00e9t\u00e9s de la c\u00f4te ouest.","og_url":"https:\/\/510premiumcarts.com\/index.php\/product\/acheter-blue-dream-stiiizy-pods-en-ligne\/","og_site_name":"510 Premium Carts","article_modified_time":"2023-04-18T02:02:00+00:00","og_image":[{"width":800,"height":800,"url":"http:\/\/510premiumcarts.com\/wp-content\/uploads\/2023\/03\/c1eadb13-27eb-4603-92b6-93e8edee3971.png","type":"image\/png"}],"twitter_card":"summary_large_image","twitter_misc":{"Dur\u00e9e de lecture estim\u00e9e":"2 minutes"},"schema":{"@context":"https:\/\/schema.org","@graph":[{"@type":"WebPage","@id":"https:\/\/510premiumcarts.com\/index.php\/product\/acheter-blue-dream-stiiizy-pods-en-ligne\/","url":"https:\/\/510premiumcarts.com\/index.php\/product\/acheter-blue-dream-stiiizy-pods-en-ligne\/","name":"ACHETER BLUE DREAM STIIIZY PODS - 510 Premium Carts","isPartOf":{"@id":"https:\/\/510premiumcarts.com\/#website"},"primaryImageOfPage":{"@id":"https:\/\/510premiumcarts.com\/index.php\/product\/acheter-blue-dream-stiiizy-pods-en-ligne\/#primaryimage"},"image":{"@id":"https:\/\/510premiumcarts.com\/index.php\/product\/acheter-blue-dream-stiiizy-pods-en-ligne\/#primaryimage"},"thumbnailUrl":"https:\/\/510premiumcarts.com\/wp-content\/uploads\/2023\/03\/c1eadb13-27eb-4603-92b6-93e8edee3971.png","datePublished":"2023-03-06T00:22:59+00:00","dateModified":"2023-04-18T02:02:00+00:00","description":"ACHETER BLUE DREAM STIIIZY PODS EN LIGNEa hybride \u00e0 dominance sativa originaire de Californie, a atteint un statut l\u00e9gendaire parmi les vari\u00e9t\u00e9s de la c\u00f4te ouest.","breadcrumb":{"@id":"https:\/\/510premiumcarts.com\/index.php\/product\/acheter-blue-dream-stiiizy-pods-en-ligne\/#breadcrumb"},"inLanguage":"fr-FR","potentialAction":[{"@type":"ReadAction","target":["https:\/\/510premiumcarts.com\/index.php\/product\/acheter-blue-dream-stiiizy-pods-en-ligne\/"]}]},{"@type":"ImageObject","inLanguage":"fr-FR","@id":"https:\/\/510premiumcarts.com\/index.php\/product\/acheter-blue-dream-stiiizy-pods-en-ligne\/#primaryimage","url":"https:\/\/510premiumcarts.com\/wp-content\/uploads\/2023\/03\/c1eadb13-27eb-4603-92b6-93e8edee3971.png","contentUrl":"https:\/\/510premiumcarts.com\/wp-content\/uploads\/2023\/03\/c1eadb13-27eb-4603-92b6-93e8edee3971.png","width":800,"height":800,"caption":"BUY BLUE DREAM STIIIZY PODS ONLINE"},{"@type":"BreadcrumbList","@id":"https:\/\/510premiumcarts.com\/index.php\/product\/acheter-blue-dream-stiiizy-pods-en-ligne\/#breadcrumb","itemListElement":[{"@type":"ListItem","position":1,"name":"Home","item":"https:\/\/510premiumcarts.com\/"},{"@type":"ListItem","position":2,"name":"Marques de vapotage","item":"https:\/\/510premiumcarts.com\/index.php\/acheter-du-cannabis\/"},{"@type":"ListItem","position":3,"name":"BLUE DREAM STIIIZY PODS"}]},{"@type":"WebSite","@id":"https:\/\/510premiumcarts.com\/#website","url":"https:\/\/510premiumcarts.com\/","name":"510 Premium Carts","description":"Just another WordPress site","potentialAction":[{"@type":"SearchAction","target":{"@type":"EntryPoint","urlTemplate":"https:\/\/510premiumcarts.com\/?s={search_term_string}"},"query-input":{"@type":"PropertyValueSpecification","valueRequired":true,"valueName":"search_term_string"}}],"inLanguage":"fr-FR"}]}},"jetpack_sharing_enabled":true,"_links":{"self":[{"href":"https:\/\/510premiumcarts.com\/index.php\/wp-json\/wp\/v2\/product\/1654","targetHints":{"allow":["GET"]}}],"collection":[{"href":"https:\/\/510premiumcarts.com\/index.php\/wp-json\/wp\/v2\/product"}],"about":[{"href":"https:\/\/510premiumcarts.com\/index.php\/wp-json\/wp\/v2\/types\/product"}],"replies":[{"embeddable":true,"href":"https:\/\/510premiumcarts.com\/index.php\/wp-json\/wp\/v2\/comments?post=1654"}],"wp:featuredmedia":[{"embeddable":true,"href":"https:\/\/510premiumcarts.com\/index.php\/wp-json\/wp\/v2\/media\/1655"}],"wp:attachment":[{"href":"https:\/\/510premiumcarts.com\/index.php\/wp-json\/wp\/v2\/media?parent=1654"}],"wp:term":[{"taxonomy":"product_brand","embeddable":true,"href":"https:\/\/510premiumcarts.com\/index.php\/wp-json\/wp\/v2\/product_brand?post=1654"},{"taxonomy":"product_cat","embeddable":true,"href":"https:\/\/510premiumcarts.com\/index.php\/wp-json\/wp\/v2\/product_cat?post=1654"},{"taxonomy":"product_tag","embeddable":true,"href":"https:\/\/510premiumcarts.com\/index.php\/wp-json\/wp\/v2\/product_tag?post=1654"}],"curies":[{"name":"wp","href":"https:\/\/api.w.org\/{rel}","templated":true}]}}