{"id":1656,"date":"2023-03-06T00:27:06","date_gmt":"2023-03-06T00:27:06","guid":{"rendered":"https:\/\/510premiumcarts.com\/?post_type=product&#038;p=1656"},"modified":"2023-04-18T01:54:58","modified_gmt":"2023-04-18T01:54:58","slug":"acheter-stiiizy-pods-blue-burst-en-ligne","status":"publish","type":"product","link":"https:\/\/510premiumcarts.com\/index.php\/product\/acheter-stiiizy-pods-blue-burst-en-ligne\/","title":{"rendered":"STIIIZY PODS BLUE BURST"},"content":{"rendered":"<h1><a href=\"https:\/\/510premiumcarts.com\/index.php\/product-category\/pods\/stiiizy-pods\/\"><span style=\"color: #ffcc00;\"><strong><span style=\"vertical-align: inherit;\"><span style=\"vertical-align: inherit;\">ACHETER STIIIZY PODS BLUE BURST EN LIGNE<\/span><\/span><\/strong><\/span><\/a><\/h1>\n<p>stiiizy pods blue burst \u00e0 vendre. Go\u00fbt sucr\u00e9. Piquant. Noisette. Se sentir-relaxant. Euphorique. Content. Faits Une vari\u00e9t\u00e9 \u00e0 dominance indica qui apaise le corps sans calmer l&rsquo;esprit. Disponible en dosettes de 0,5 et 1 gramme<\/p>\n<p>Hybride principalement sativa de Snow High Seeds, Blueberry Blast est le r\u00e9sultat de la fameuse g\u00e9n\u00e9tique Blueberry &#8211; Haze de Blue Dream pollinis\u00e9e par un m\u00e2le Johnny Blaze. Ces fleurs sentent fortement la myrtille, le musc et les bonbons sucr\u00e9s, et ont un go\u00fbt de c\u00e8dre et de baies lorsqu&rsquo;elles sont fum\u00e9es ou vaporis\u00e9es. A Hybride, Go\u00fbt., Myrtille, Juteux, Acidul\u00e9, Sentiment, Heureux, Relaxant, \u00c9difiant. Faits. De plus, cet hybride offre un high \u00e9quilibr\u00e9 pour l&rsquo;esprit et le corps avec une explosion juteuse de plaisir absolu. commander des dosettes stiiizy blue burst<\/p>\n<h2><span id=\"STIIIZY_PODS_BLUE_BURST_FOR_SALE\" class=\"ez-toc-section\"><\/span><strong><span style=\"vertical-align: inherit;\"><span style=\"vertical-align: inherit;\">STIIIZY PODS BLUE BURST \u00c0 VENDRE<\/span><\/span><\/strong><\/h2>\n<p>De plus, une v\u00e9ritable vari\u00e9t\u00e9 de <a href=\"https:\/\/www.leafly.com\/strains\/blue-dream\">cannabis<\/a> A-List, le statut <a href=\"https:\/\/www.leafly.com\/strains\/blueberry\">l\u00e9gendaire<\/a> de Blueberry a <a href=\"https:\/\/www.leafly.com\/strains\/haze\">atteint<\/a> de nouveaux sommets apr\u00e8s avoir remport\u00e9 la Cannabis Cup 2000 du High Times pour la meilleure Indica. La longue histoire de la vari\u00e9t\u00e9 remonte \u00e0 la fin des ann\u00e9es 1970, lorsque le s\u00e9lectionneur am\u00e9ricain DJ Short travaillait avec une vari\u00e9t\u00e9 de vari\u00e9t\u00e9s locales exotiques. Les saveurs sucr\u00e9es des myrtilles fra\u00eeches se combinent avec des effets relaxants pour produire une sensation d&rsquo;euphorie durable. De nombreux consommateurs utilisent Blueberry pour lutter contre la douleur et le stress, tandis que les connaisseurs et les producteurs admirent la vari\u00e9t\u00e9 pour ses teintes color\u00e9es et sa teneur \u00e9lev\u00e9e en THC. commander des dosettes stiiizy blue burst<\/p>\n<h3><span id=\"STIIIZY_PODS_BLUE_BURST\" class=\"ez-toc-section\"><\/span><strong><span style=\"vertical-align: inherit;\"><span style=\"vertical-align: inherit;\">STIIIZY PODS BLUE BURST<\/span><\/span><\/strong><\/h3>\n<p>de plus, Blueberry pousse de taille <a href=\"https:\/\/www.leafly.com\/strains\/lists\/flavor\/blueberry\">moyenne<\/a> \u00e0 haute pendant une p\u00e9riode de <a href=\"http:\/\/weedmap.com\/\">floraison<\/a> de 49 \u00e0 56 <a href=\"http:\/\/google.com\/\">jours<\/a>, produisant des niveaux de THC compris entre 16 % et 24 %. Mieux cultiv\u00e9 \u00e0 l&rsquo;int\u00e9rieur et en particulier en utilisant la m\u00e9thode Sea of \u200b\u200bGreen. La vari\u00e9t\u00e9 a tendance \u00e0 produire des rendements sup\u00e9rieurs \u00e0 la moyenne de t\u00eates denses, collantes et violettes. Lorsqu&rsquo;elle est correctement s\u00e9ch\u00e9e, cette vari\u00e9t\u00e9 d\u00e9gage un ar\u00f4me et un go\u00fbt qui ressemblent \u00e0 des myrtilles fra\u00eeches<\/p>\n<h5 class=\"product_meta\"><span id=\"_are_blue_burst_stiiizy_pods_safe_are_stiiizy_pods_safe_best_stiiizy_pods_blue_burst_stiiizy_pods_for_sale_blue_burst_stiiizy_pods_near_me_blue_burst_stiiizy_pods_price_buy_stiiizy_buy_stiiizy_blue_burst_batttery_online_buy_stiiizy_in_bulk_buy_stiiizy_pods_buy_stiiizy_starter_kit_cheap_blue_burst_stiiizy_pods_cheap_stiiizy_pods_how_much_are_blue_burst_stiiizy_pods_how_much_are_stiiizy_pods_stiiizy_pod_buy_stiiizy_pods_stiiizy_pods_for_sale_stiiizy_pods_near_me_stiiizy_pods_online_stiiizy_pods_price_where_can_i_buy_a_stiiizy_pen_where_can_i_buy_stiiizy_pods_where_can_i_buy_stiiizy_products_where_can_you_buy_stiiizy_batteries_where_to_buy_blue_burst_stiiizy_pods_where_to_buy_cheap_stiiizy_pods_where_to_buy_stiiizy_where_to_buy_stiiizy_cartridges_where_to_buy_stiiizy_pen_where_to_buy_stiiizy_pens_where_to_buy_stiiizy_pods_where_to_buy_stiiizy_pods_online\" class=\"ez-toc-section\"><\/span><strong>sont les pods stiiizy blue burst s\u00fbrs, sont les pods stiiizy s\u00fbrs, meilleurs pods stiiizy, podss stiiizy blue burst \u00e0 vendre, pods stiiizy blue burst pr\u00e8s de chez moi, prix des pods stiiizy blue burst, acheter stiiizy, acheter stiiizy blue burst batttery en ligne, acheter stiiizy en vrac , acheter des dosettes stiiizy, acheter un kit de d\u00e9marrage stiiizy, des dosettes stiiizy bleues pas ch\u00e8res, des dosettes stiiizy bon march\u00e9, combien co\u00fbtent des dosettes stiiizy bleues, combien co\u00fbtent des dosettes stiiiizy, acheter des dosettes stiiizy, des dosettes stiiizy, des dosettes stiiizy \u00e0 vendre, des dosettes stiiizy pr\u00e8s de chez moi , stiiizy pods en ligne, prix des stiiizy poods, o\u00f9 puis-je acheter un stylo stiiizy, o\u00f9 puis-je acheter des stiiizy pods, o\u00f9 puis-je acheter des produits stiiizy, o\u00f9 acheter des piles stiiizy, o\u00f9 acheter des pods stiiizy blue burst, o\u00f9 acheter pas cher stiiizy pods, o\u00f9 acheter stiiizy, o\u00f9 acheter des cartouches stiiizy, o\u00f9 acheter un stylo stiiizy, o\u00f9 acheter des stylos stiiizy, o\u00f9 acheter des stiiizy pods, o\u00f9 acheter des stiiizy pods en ligne<\/strong><\/h5>\n","protected":false},"excerpt":{"rendered":"<p>Go\u00fbt sucr\u00e9. Piquant. Noisette. Se sentir-relaxant. Euphorique. Content. Faits Une vari\u00e9t\u00e9 \u00e0 dominance indica qui apaise le corps sans calmer l&rsquo;esprit. Disponible en dosettes de 0,5 et 1 gramme<\/p>\n","protected":false},"featured_media":1657,"comment_status":"open","ping_status":"closed","template":"","meta":{"_monsterinsights_skip_tracking":false,"_monsterinsights_sitenote_active":false,"_monsterinsights_sitenote_note":"","_monsterinsights_sitenote_category":0},"product_brand":[],"product_cat":[4812],"product_tag":[4880],"class_list":{"0":"post-1656","1":"product","2":"type-product","3":"status-publish","4":"has-post-thumbnail","6":"product_cat-stiiizy-pods","7":"product_tag-buy-stiiizy-pods-blue-burst-online","9":"first","10":"instock","11":"shipping-taxable","12":"purchasable","13":"product-type-simple"},"yoast_head":"<!-- This site is optimized with the Yoast SEO plugin v27.3 - https:\/\/yoast.com\/product\/yoast-seo-wordpress\/ -->\n<title>ACHETER STIIIZY PODS BLUE BURST - 510 Premium Carts<\/title>\n<meta name=\"description\" content=\"ACHETER STIIIZY PODS BLUE BURST en ligne Go\u00fbt sucr\u00e9. Piquant. Noisette. Se sentir relaxant. Euphorique. Content. Une vari\u00e9t\u00e9 \u00e0 dominance indica qui apaise\" \/>\n<meta name=\"robots\" content=\"index, follow, max-snippet:-1, max-image-preview:large, max-video-preview:-1\" \/>\n<link rel=\"canonical\" href=\"https:\/\/510premiumcarts.com\/index.php\/product\/acheter-stiiizy-pods-blue-burst-en-ligne\/\" \/>\n<meta property=\"og:locale\" content=\"fr_FR\" \/>\n<meta property=\"og:type\" content=\"article\" \/>\n<meta property=\"og:title\" content=\"ACHETER STIIIZY PODS BLUE BURST - 510 Premium Carts\" \/>\n<meta property=\"og:description\" content=\"ACHETER STIIIZY PODS BLUE BURST en ligne Go\u00fbt sucr\u00e9. Piquant. Noisette. Se sentir relaxant. Euphorique. Content. Une vari\u00e9t\u00e9 \u00e0 dominance indica qui apaise\" \/>\n<meta property=\"og:url\" content=\"https:\/\/510premiumcarts.com\/index.php\/product\/acheter-stiiizy-pods-blue-burst-en-ligne\/\" \/>\n<meta property=\"og:site_name\" content=\"510 Premium Carts\" \/>\n<meta property=\"article:modified_time\" content=\"2023-04-18T01:54:58+00:00\" \/>\n<meta property=\"og:image\" content=\"http:\/\/510premiumcarts.com\/wp-content\/uploads\/2023\/03\/zoom-4.jpg\" \/>\n\t<meta property=\"og:image:width\" content=\"1200\" \/>\n\t<meta property=\"og:image:height\" content=\"1200\" \/>\n\t<meta property=\"og:image:type\" content=\"image\/jpeg\" \/>\n<meta name=\"twitter:card\" content=\"summary_large_image\" \/>\n<meta name=\"twitter:label1\" content=\"Dur\u00e9e de lecture estim\u00e9e\" \/>\n\t<meta name=\"twitter:data1\" content=\"3 minutes\" \/>\n<script type=\"application\/ld+json\" class=\"yoast-schema-graph\">{\"@context\":\"https:\\\/\\\/schema.org\",\"@graph\":[{\"@type\":\"WebPage\",\"@id\":\"https:\\\/\\\/510premiumcarts.com\\\/index.php\\\/product\\\/acheter-stiiizy-pods-blue-burst-en-ligne\\\/\",\"url\":\"https:\\\/\\\/510premiumcarts.com\\\/index.php\\\/product\\\/acheter-stiiizy-pods-blue-burst-en-ligne\\\/\",\"name\":\"ACHETER STIIIZY PODS BLUE BURST - 510 Premium Carts\",\"isPartOf\":{\"@id\":\"https:\\\/\\\/510premiumcarts.com\\\/#website\"},\"primaryImageOfPage\":{\"@id\":\"https:\\\/\\\/510premiumcarts.com\\\/index.php\\\/product\\\/acheter-stiiizy-pods-blue-burst-en-ligne\\\/#primaryimage\"},\"image\":{\"@id\":\"https:\\\/\\\/510premiumcarts.com\\\/index.php\\\/product\\\/acheter-stiiizy-pods-blue-burst-en-ligne\\\/#primaryimage\"},\"thumbnailUrl\":\"https:\\\/\\\/510premiumcarts.com\\\/wp-content\\\/uploads\\\/2023\\\/03\\\/zoom-4.jpg\",\"datePublished\":\"2023-03-06T00:27:06+00:00\",\"dateModified\":\"2023-04-18T01:54:58+00:00\",\"description\":\"ACHETER STIIIZY PODS BLUE BURST en ligne Go\u00fbt sucr\u00e9. Piquant. Noisette. Se sentir relaxant. Euphorique. Content. Une vari\u00e9t\u00e9 \u00e0 dominance indica qui apaise\",\"breadcrumb\":{\"@id\":\"https:\\\/\\\/510premiumcarts.com\\\/index.php\\\/product\\\/acheter-stiiizy-pods-blue-burst-en-ligne\\\/#breadcrumb\"},\"inLanguage\":\"fr-FR\",\"potentialAction\":[{\"@type\":\"ReadAction\",\"target\":[\"https:\\\/\\\/510premiumcarts.com\\\/index.php\\\/product\\\/acheter-stiiizy-pods-blue-burst-en-ligne\\\/\"]}]},{\"@type\":\"ImageObject\",\"inLanguage\":\"fr-FR\",\"@id\":\"https:\\\/\\\/510premiumcarts.com\\\/index.php\\\/product\\\/acheter-stiiizy-pods-blue-burst-en-ligne\\\/#primaryimage\",\"url\":\"https:\\\/\\\/510premiumcarts.com\\\/wp-content\\\/uploads\\\/2023\\\/03\\\/zoom-4.jpg\",\"contentUrl\":\"https:\\\/\\\/510premiumcarts.com\\\/wp-content\\\/uploads\\\/2023\\\/03\\\/zoom-4.jpg\",\"width\":1200,\"height\":1200,\"caption\":\"ACHETER STIIIZY PODS BLUE BURST\"},{\"@type\":\"BreadcrumbList\",\"@id\":\"https:\\\/\\\/510premiumcarts.com\\\/index.php\\\/product\\\/acheter-stiiizy-pods-blue-burst-en-ligne\\\/#breadcrumb\",\"itemListElement\":[{\"@type\":\"ListItem\",\"position\":1,\"name\":\"Home\",\"item\":\"https:\\\/\\\/510premiumcarts.com\\\/\"},{\"@type\":\"ListItem\",\"position\":2,\"name\":\"Marques de vapotage\",\"item\":\"https:\\\/\\\/510premiumcarts.com\\\/index.php\\\/acheter-du-cannabis\\\/\"},{\"@type\":\"ListItem\",\"position\":3,\"name\":\"STIIIZY PODS BLUE BURST\"}]},{\"@type\":\"WebSite\",\"@id\":\"https:\\\/\\\/510premiumcarts.com\\\/#website\",\"url\":\"https:\\\/\\\/510premiumcarts.com\\\/\",\"name\":\"510 Premium Carts\",\"description\":\"Just another WordPress site\",\"potentialAction\":[{\"@type\":\"SearchAction\",\"target\":{\"@type\":\"EntryPoint\",\"urlTemplate\":\"https:\\\/\\\/510premiumcarts.com\\\/?s={search_term_string}\"},\"query-input\":{\"@type\":\"PropertyValueSpecification\",\"valueRequired\":true,\"valueName\":\"search_term_string\"}}],\"inLanguage\":\"fr-FR\"}]}<\/script>\n<!-- \/ Yoast SEO plugin. -->","yoast_head_json":{"title":"ACHETER STIIIZY PODS BLUE BURST - 510 Premium Carts","description":"ACHETER STIIIZY PODS BLUE BURST en ligne Go\u00fbt sucr\u00e9. Piquant. Noisette. Se sentir relaxant. Euphorique. Content. Une vari\u00e9t\u00e9 \u00e0 dominance indica qui apaise","robots":{"index":"index","follow":"follow","max-snippet":"max-snippet:-1","max-image-preview":"max-image-preview:large","max-video-preview":"max-video-preview:-1"},"canonical":"https:\/\/510premiumcarts.com\/index.php\/product\/acheter-stiiizy-pods-blue-burst-en-ligne\/","og_locale":"fr_FR","og_type":"article","og_title":"ACHETER STIIIZY PODS BLUE BURST - 510 Premium Carts","og_description":"ACHETER STIIIZY PODS BLUE BURST en ligne Go\u00fbt sucr\u00e9. Piquant. Noisette. Se sentir relaxant. Euphorique. Content. Une vari\u00e9t\u00e9 \u00e0 dominance indica qui apaise","og_url":"https:\/\/510premiumcarts.com\/index.php\/product\/acheter-stiiizy-pods-blue-burst-en-ligne\/","og_site_name":"510 Premium Carts","article_modified_time":"2023-04-18T01:54:58+00:00","og_image":[{"width":1200,"height":1200,"url":"http:\/\/510premiumcarts.com\/wp-content\/uploads\/2023\/03\/zoom-4.jpg","type":"image\/jpeg"}],"twitter_card":"summary_large_image","twitter_misc":{"Dur\u00e9e de lecture estim\u00e9e":"3 minutes"},"schema":{"@context":"https:\/\/schema.org","@graph":[{"@type":"WebPage","@id":"https:\/\/510premiumcarts.com\/index.php\/product\/acheter-stiiizy-pods-blue-burst-en-ligne\/","url":"https:\/\/510premiumcarts.com\/index.php\/product\/acheter-stiiizy-pods-blue-burst-en-ligne\/","name":"ACHETER STIIIZY PODS BLUE BURST - 510 Premium Carts","isPartOf":{"@id":"https:\/\/510premiumcarts.com\/#website"},"primaryImageOfPage":{"@id":"https:\/\/510premiumcarts.com\/index.php\/product\/acheter-stiiizy-pods-blue-burst-en-ligne\/#primaryimage"},"image":{"@id":"https:\/\/510premiumcarts.com\/index.php\/product\/acheter-stiiizy-pods-blue-burst-en-ligne\/#primaryimage"},"thumbnailUrl":"https:\/\/510premiumcarts.com\/wp-content\/uploads\/2023\/03\/zoom-4.jpg","datePublished":"2023-03-06T00:27:06+00:00","dateModified":"2023-04-18T01:54:58+00:00","description":"ACHETER STIIIZY PODS BLUE BURST en ligne Go\u00fbt sucr\u00e9. Piquant. Noisette. Se sentir relaxant. Euphorique. Content. Une vari\u00e9t\u00e9 \u00e0 dominance indica qui apaise","breadcrumb":{"@id":"https:\/\/510premiumcarts.com\/index.php\/product\/acheter-stiiizy-pods-blue-burst-en-ligne\/#breadcrumb"},"inLanguage":"fr-FR","potentialAction":[{"@type":"ReadAction","target":["https:\/\/510premiumcarts.com\/index.php\/product\/acheter-stiiizy-pods-blue-burst-en-ligne\/"]}]},{"@type":"ImageObject","inLanguage":"fr-FR","@id":"https:\/\/510premiumcarts.com\/index.php\/product\/acheter-stiiizy-pods-blue-burst-en-ligne\/#primaryimage","url":"https:\/\/510premiumcarts.com\/wp-content\/uploads\/2023\/03\/zoom-4.jpg","contentUrl":"https:\/\/510premiumcarts.com\/wp-content\/uploads\/2023\/03\/zoom-4.jpg","width":1200,"height":1200,"caption":"ACHETER STIIIZY PODS BLUE BURST"},{"@type":"BreadcrumbList","@id":"https:\/\/510premiumcarts.com\/index.php\/product\/acheter-stiiizy-pods-blue-burst-en-ligne\/#breadcrumb","itemListElement":[{"@type":"ListItem","position":1,"name":"Home","item":"https:\/\/510premiumcarts.com\/"},{"@type":"ListItem","position":2,"name":"Marques de vapotage","item":"https:\/\/510premiumcarts.com\/index.php\/acheter-du-cannabis\/"},{"@type":"ListItem","position":3,"name":"STIIIZY PODS BLUE BURST"}]},{"@type":"WebSite","@id":"https:\/\/510premiumcarts.com\/#website","url":"https:\/\/510premiumcarts.com\/","name":"510 Premium Carts","description":"Just another WordPress site","potentialAction":[{"@type":"SearchAction","target":{"@type":"EntryPoint","urlTemplate":"https:\/\/510premiumcarts.com\/?s={search_term_string}"},"query-input":{"@type":"PropertyValueSpecification","valueRequired":true,"valueName":"search_term_string"}}],"inLanguage":"fr-FR"}]}},"jetpack_sharing_enabled":true,"_links":{"self":[{"href":"https:\/\/510premiumcarts.com\/index.php\/wp-json\/wp\/v2\/product\/1656","targetHints":{"allow":["GET"]}}],"collection":[{"href":"https:\/\/510premiumcarts.com\/index.php\/wp-json\/wp\/v2\/product"}],"about":[{"href":"https:\/\/510premiumcarts.com\/index.php\/wp-json\/wp\/v2\/types\/product"}],"replies":[{"embeddable":true,"href":"https:\/\/510premiumcarts.com\/index.php\/wp-json\/wp\/v2\/comments?post=1656"}],"wp:featuredmedia":[{"embeddable":true,"href":"https:\/\/510premiumcarts.com\/index.php\/wp-json\/wp\/v2\/media\/1657"}],"wp:attachment":[{"href":"https:\/\/510premiumcarts.com\/index.php\/wp-json\/wp\/v2\/media?parent=1656"}],"wp:term":[{"taxonomy":"product_brand","embeddable":true,"href":"https:\/\/510premiumcarts.com\/index.php\/wp-json\/wp\/v2\/product_brand?post=1656"},{"taxonomy":"product_cat","embeddable":true,"href":"https:\/\/510premiumcarts.com\/index.php\/wp-json\/wp\/v2\/product_cat?post=1656"},{"taxonomy":"product_tag","embeddable":true,"href":"https:\/\/510premiumcarts.com\/index.php\/wp-json\/wp\/v2\/product_tag?post=1656"}],"curies":[{"name":"wp","href":"https:\/\/api.w.org\/{rel}","templated":true}]}}