{"id":1674,"date":"2023-03-06T11:52:09","date_gmt":"2023-03-06T11:52:09","guid":{"rendered":"https:\/\/510premiumcarts.com\/?post_type=product&#038;p=1674"},"modified":"2023-04-17T05:36:29","modified_gmt":"2023-04-17T05:36:29","slug":"acheter-cire-de-cannabis-rosin","status":"publish","type":"product","link":"https:\/\/510premiumcarts.com\/index.php\/product\/acheter-cire-de-cannabis-rosin\/","title":{"rendered":"Cannabis Wax &#8211; ROSIN"},"content":{"rendered":"<h1><a href=\"https:\/\/510premiumcarts.com\/index.php\/buy-marihuana\/\"><span style=\"color: #ffcc00;\"><strong><span style=\"vertical-align: inherit;\"><span style=\"vertical-align: inherit;\">ACHETER Cannabis Wax ROSIN EN LIGNE<\/span><\/span><\/strong><\/span><\/a><\/h1>\n<p>acheter de la colophane en ligne,. Il est semi-transparent et sa couleur varie du jaune au noir. \u00c0 temp\u00e9rature ambiante, la colophane est cassante, mais elle fond \u00e0 la temp\u00e9rature de la cuisini\u00e8re. Il se compose principalement de divers acides r\u00e9siniques, en particulier l&rsquo;acide abi\u00e9tique. Le terme \u00ab colophane \u00bb vient de colophonia resina, latin pour \u00ab r\u00e9sine de Colophon \u00bb, une ancienne cit\u00e9 ionienne.<\/p>\n<p><strong>Qu&rsquo;est-ce que la colophane ?<\/strong><br \/>\nLes \u00e9l\u00e9ments n\u00e9cessaires \u00e0 la fabrication de la colophane comprennent de la fleur de cannabis s\u00e9ch\u00e9e, un fer \u00e0 lisser, un outil en m\u00e9tal et du papier cir\u00e9<\/p>\n<p>acheter de la colophane en ligne fait <a href=\"https:\/\/420weedpost.com\/product\/buy-ice-hash\/\">r\u00e9f\u00e9rence<\/a> \u00e0 un processus <a href=\"https:\/\/420weedpost.com\/product\/gas-house-dough-x-packwoods\/\">d&rsquo;extraction<\/a> qui utilise une combinaison de chaleur et de pression pour extraire presque instantan\u00e9ment la s\u00e8ve r\u00e9sineuse de votre mat\u00e9riau de d\u00e9part <a href=\"https:\/\/420weedpost.com\/product\/stiiizy-live-resin-pods\/\">initial<\/a>. Le terme \u00abcolophane\u00bb est \u00e0 l&rsquo;origine une m\u00e9thode de fabrication d&rsquo;un produit utilis\u00e9 <a href=\"https:\/\/420weedpost.com\/product\/rosin\/\">pour<\/a> cr\u00e9er une friction avec les archets de violon. prix de colophane vivante<\/p>\n<p>colophane vivante contre colophane, r\u00e9sine contre colophane, herbe de colophane, colophane de cannabis, comment faire de la colophane, colophane de hachage, colophane contre r\u00e9sine, colophane vivante, qu&rsquo;est-ce que la colophane, colophane CBD, prix de la colophane vivante.<\/p>\n<h2><strong><span style=\"vertical-align: inherit;\"><span style=\"vertical-align: inherit;\">CANNABIS ROSIN \u00c0 VENDRE<\/span><\/span><\/strong><\/h2>\n<p>Si elle est ex\u00e9cut\u00e9e correctement, la colophane peut rivaliser avec la saveur, la puissance et le rendement d&rsquo;autres produits d&rsquo;extraction \u00e0 base de solvant.<\/p>\n<p>colophane \u00e0 vendre, acheter de la colophane de cannabis en ligne, commander de la colophane en ligne<\/p>\n<p><strong>La colophane est-elle \u00e0 spectre complet ?<\/strong><br \/>\nIls sont assez difficiles \u00e0 produire car de nombreuses m\u00e9thodes d&rsquo;extraction filtrent <a href=\"https:\/\/420weedpost.com\/product\/hash-plant-strain\/\">certains<\/a> composants au cours de leur processus de raffinement.<\/p>\n<p>Selon la fa\u00e7on dont elle est extraite, la colophane (en particulier la colophane de fleurs) peut \u00eatre consid\u00e9r\u00e9e comme un spectre complet. La colophane de hachage, cependant, est plus commun\u00e9ment un extrait \u00e0 spectre s\u00e9lectionn\u00e9.<\/p>\n<p>L&rsquo;une des raisons de la nouvelle popularit\u00e9 de la colophane est qu&rsquo;il s&rsquo;agit d&rsquo;une technique sans solvant, ce qui signifie que le processus ne n\u00e9cessite l&rsquo;utilisation d&rsquo;aucune substance \u00e9trang\u00e8re. Au lieu de cela, la colophane utilise un processus m\u00e9canique impliquant la chaleur et la pression pour extraire la r\u00e9sine de la plante. D&rsquo;autres m\u00e9thodes d&rsquo;extraction utilisent des hydrocarbures l\u00e9gers tels que le butane et\/ou le propane.<\/p>\n<p>La colophane, d&rsquo;autre part, utilise simplement la chaleur et la pression et ne n\u00e9cessite aucun nettoyage suppl\u00e9mentaire, de sorte que votre produit final est propre et pr\u00eat en quelques minutes. Par rapport au BHO (butane hasch oil), les deux sont esth\u00e9tiquement indiscernables. La colophane, lorsqu&rsquo;elle est fabriqu\u00e9e correctement, conserve autant de terp\u00e8nes pr\u00e9cieux qui expliquent l&rsquo;ar\u00f4me et la saveur. Cependant, lors d&rsquo;un test en laboratoire, la colophane ne contiendra jamais une seule partie par million (PPM) d&rsquo;hydrocarbure r\u00e9siduel. En d&rsquo;autres termes, vous obtenez essentiellement des \u00e9clats sans aucun\u00a0solvant\u00a0lorsque vous utilisez ce processus.<\/p>\n<h3><strong>acheter ROSIN en ligne EXTRAIT DE CANNABIS<\/strong><\/h3>\n<p>Le concentr\u00e9 r\u00e9sultant lorsque la chaleur et la <a href=\"http:\/\/leafly.comm\/\">pression<\/a> sont appliqu\u00e9es \u00e0 la <a href=\"http:\/\/leafly.cm\/\">plante<\/a> de cannabis. La colophane est une technique souhaitable car sa concentration ne n\u00e9cessite pas l&rsquo;utilisation de solvants externes.<\/p>\n<p>\u00ab\u00a0Je pr\u00e9f\u00e8re mes concentr\u00e9s sans solvant, donc je choisis la colophane.\u00a0\u00bb<\/p>\n<p><strong>En savoir plus sur la colophane<\/strong><\/p>\n<p>acheter de la <a href=\"https:\/\/ogdispensary.org\/product\/rosin\/\">colophane<\/a> en ligne est un extrait sans solvant qui utilise la chaleur et la pression pour forcer les compos\u00e9s de la glande trichome hors de la plante de cannabis, o\u00f9 se trouvent tout le THCA, les autres cannabino\u00efdes et les terp\u00e8nes. Pensez-y comme si vous pressiez le jus de raisins ou l&rsquo;huile d&rsquo;olives, le r\u00e9sultat final \u00e9tant similaire \u00e0 l&rsquo;huile de hachage au butane (BHO), mais sans les produits chimiques nocifs. mauvaise herbe de colophane. ACHETER Cire de Cannabis ROSIN EN LIGNE<\/p>\n<p>M\u00eame dans ce cas, il peut encore rester de petites quantit\u00e9s dans les extraits \u00e0 base de solvant. (Attention\u00a0: n&rsquo;essayez pas de processus impliquant des produits chimiques \u00e0 la maison\u00a0; ceux-ci doivent \u00eatre confi\u00e9s \u00e0 un professionnel.)<\/p>\n<p>La temp\u00e9rature et la pression utilis\u00e9es lors de l&rsquo;extraction de la colophane ayant tendance \u00e0 dicter la couleur et la consistance, la colophane est disponible sous forme d&rsquo;\u00e9clats, de cire, de badder\/batter\/budder, de pi\u00e8ces de colophane et de tire.<br \/>\nHistoire de la colophane<\/p>\n<p>Bien qu&rsquo;elle ait pu \u00eatre fabriqu\u00e9e accidentellement il y a longtemps et qu&rsquo;il y ait beaucoup de d\u00e9bats sur son origine, la colophane a \u00e9t\u00e9 introduite pour la premi\u00e8re fois dans la communaut\u00e9 du cannabis via ICMag en 2006 par le membre du forum Compashon. Il n&rsquo;a gagn\u00e9 en notori\u00e9t\u00e9 qu&rsquo;en 2015 lorsque Phil \u00ab\u00a0Soilgrown\u00a0\u00bb Salazar, connu sous le nom de @soilgrown_solventless, a commenc\u00e9 \u00e0 en faire et \u00e0 en prendre des photos tout en essayant d&rsquo;utiliser du hash de qualit\u00e9 inf\u00e9rieure.<\/p>\n","protected":false},"excerpt":{"rendered":"<p>acheter de la colophane en ligne fait r\u00e9f\u00e9rence \u00e0 un processus d&rsquo;extraction qui utilise une combinaison de chaleur et de pression pour extraire presque instantan\u00e9ment la s\u00e8ve r\u00e9sineuse de votre mat\u00e9riau de d\u00e9part initial. Le terme \u00abcolophane\u00bb est \u00e0 l&rsquo;origine une m\u00e9thode de fabrication d&rsquo;un produit utilis\u00e9 pour cr\u00e9er une friction avec les archets de violon. prix de la colophane vivante.<\/p>\n","protected":false},"featured_media":1675,"comment_status":"open","ping_status":"closed","template":"","meta":{"_monsterinsights_skip_tracking":false,"_monsterinsights_sitenote_active":false,"_monsterinsights_sitenote_note":"","_monsterinsights_sitenote_category":0},"product_brand":[],"product_cat":[4882],"product_tag":[4883],"class_list":{"0":"post-1674","1":"product","2":"type-product","3":"status-publish","4":"has-post-thumbnail","6":"product_cat-wax-extraits-de-cannabis","7":"product_tag-buy-cannabis-wax-rosin-online","9":"first","10":"instock","11":"shipping-taxable","12":"purchasable","13":"product-type-variable"},"yoast_head":"<!-- This site is optimized with the Yoast SEO plugin v27.3 - https:\/\/yoast.com\/product\/yoast-seo-wordpress\/ -->\n<title>ACHETER Cire de Cannabis ROSIN - 510 Premium Carts Online<\/title>\n<meta name=\"description\" content=\"ACHETER Cire de Cannabis ROSIN Il est semi-transparent et sa couleur varie du jaune au noir. \u00c0 temp\u00e9rature ambiante, la colophane est cassante, mais elle fond au four\" \/>\n<meta name=\"robots\" content=\"index, follow, max-snippet:-1, max-image-preview:large, max-video-preview:-1\" \/>\n<link rel=\"canonical\" href=\"https:\/\/510premiumcarts.com\/index.php\/product\/acheter-cire-de-cannabis-rosin\/\" \/>\n<meta property=\"og:locale\" content=\"fr_FR\" \/>\n<meta property=\"og:type\" content=\"article\" \/>\n<meta property=\"og:title\" content=\"ACHETER Cire de Cannabis ROSIN - 510 Premium Carts Online\" \/>\n<meta property=\"og:description\" content=\"ACHETER Cire de Cannabis ROSIN Il est semi-transparent et sa couleur varie du jaune au noir. \u00c0 temp\u00e9rature ambiante, la colophane est cassante, mais elle fond au four\" \/>\n<meta property=\"og:url\" content=\"https:\/\/510premiumcarts.com\/index.php\/product\/acheter-cire-de-cannabis-rosin\/\" \/>\n<meta property=\"og:site_name\" content=\"510 Premium Carts\" \/>\n<meta property=\"article:modified_time\" content=\"2023-04-17T05:36:29+00:00\" \/>\n<meta property=\"og:image\" content=\"http:\/\/510premiumcarts.com\/wp-content\/uploads\/2023\/03\/DSC_0030-2-1024x683-1.webp\" \/>\n\t<meta property=\"og:image:width\" content=\"1024\" \/>\n\t<meta property=\"og:image:height\" content=\"683\" \/>\n\t<meta property=\"og:image:type\" content=\"image\/webp\" \/>\n<meta name=\"twitter:card\" content=\"summary_large_image\" \/>\n<meta name=\"twitter:label1\" content=\"Dur\u00e9e de lecture estim\u00e9e\" \/>\n\t<meta name=\"twitter:data1\" content=\"4 minutes\" \/>\n<script type=\"application\/ld+json\" class=\"yoast-schema-graph\">{\"@context\":\"https:\\\/\\\/schema.org\",\"@graph\":[{\"@type\":\"WebPage\",\"@id\":\"https:\\\/\\\/510premiumcarts.com\\\/index.php\\\/product\\\/acheter-cire-de-cannabis-rosin\\\/\",\"url\":\"https:\\\/\\\/510premiumcarts.com\\\/index.php\\\/product\\\/acheter-cire-de-cannabis-rosin\\\/\",\"name\":\"ACHETER Cire de Cannabis ROSIN - 510 Premium Carts Online\",\"isPartOf\":{\"@id\":\"https:\\\/\\\/510premiumcarts.com\\\/#website\"},\"primaryImageOfPage\":{\"@id\":\"https:\\\/\\\/510premiumcarts.com\\\/index.php\\\/product\\\/acheter-cire-de-cannabis-rosin\\\/#primaryimage\"},\"image\":{\"@id\":\"https:\\\/\\\/510premiumcarts.com\\\/index.php\\\/product\\\/acheter-cire-de-cannabis-rosin\\\/#primaryimage\"},\"thumbnailUrl\":\"https:\\\/\\\/510premiumcarts.com\\\/wp-content\\\/uploads\\\/2023\\\/03\\\/DSC_0030-2-1024x683-1.webp\",\"datePublished\":\"2023-03-06T11:52:09+00:00\",\"dateModified\":\"2023-04-17T05:36:29+00:00\",\"description\":\"ACHETER Cire de Cannabis ROSIN Il est semi-transparent et sa couleur varie du jaune au noir. \u00c0 temp\u00e9rature ambiante, la colophane est cassante, mais elle fond au four\",\"breadcrumb\":{\"@id\":\"https:\\\/\\\/510premiumcarts.com\\\/index.php\\\/product\\\/acheter-cire-de-cannabis-rosin\\\/#breadcrumb\"},\"inLanguage\":\"fr-FR\",\"potentialAction\":[{\"@type\":\"ReadAction\",\"target\":[\"https:\\\/\\\/510premiumcarts.com\\\/index.php\\\/product\\\/acheter-cire-de-cannabis-rosin\\\/\"]}]},{\"@type\":\"ImageObject\",\"inLanguage\":\"fr-FR\",\"@id\":\"https:\\\/\\\/510premiumcarts.com\\\/index.php\\\/product\\\/acheter-cire-de-cannabis-rosin\\\/#primaryimage\",\"url\":\"https:\\\/\\\/510premiumcarts.com\\\/wp-content\\\/uploads\\\/2023\\\/03\\\/DSC_0030-2-1024x683-1.webp\",\"contentUrl\":\"https:\\\/\\\/510premiumcarts.com\\\/wp-content\\\/uploads\\\/2023\\\/03\\\/DSC_0030-2-1024x683-1.webp\",\"width\":1024,\"height\":683,\"caption\":\"BUY Cannabis Wax ROSIN ONLINE\"},{\"@type\":\"BreadcrumbList\",\"@id\":\"https:\\\/\\\/510premiumcarts.com\\\/index.php\\\/product\\\/acheter-cire-de-cannabis-rosin\\\/#breadcrumb\",\"itemListElement\":[{\"@type\":\"ListItem\",\"position\":1,\"name\":\"Home\",\"item\":\"https:\\\/\\\/510premiumcarts.com\\\/\"},{\"@type\":\"ListItem\",\"position\":2,\"name\":\"Marques de vapotage\",\"item\":\"https:\\\/\\\/510premiumcarts.com\\\/index.php\\\/acheter-du-cannabis\\\/\"},{\"@type\":\"ListItem\",\"position\":3,\"name\":\"Cannabis Wax &#8211; ROSIN\"}]},{\"@type\":\"WebSite\",\"@id\":\"https:\\\/\\\/510premiumcarts.com\\\/#website\",\"url\":\"https:\\\/\\\/510premiumcarts.com\\\/\",\"name\":\"510 Premium Carts\",\"description\":\"Just another WordPress site\",\"potentialAction\":[{\"@type\":\"SearchAction\",\"target\":{\"@type\":\"EntryPoint\",\"urlTemplate\":\"https:\\\/\\\/510premiumcarts.com\\\/?s={search_term_string}\"},\"query-input\":{\"@type\":\"PropertyValueSpecification\",\"valueRequired\":true,\"valueName\":\"search_term_string\"}}],\"inLanguage\":\"fr-FR\"}]}<\/script>\n<!-- \/ Yoast SEO plugin. -->","yoast_head_json":{"title":"ACHETER Cire de Cannabis ROSIN - 510 Premium Carts Online","description":"ACHETER Cire de Cannabis ROSIN Il est semi-transparent et sa couleur varie du jaune au noir. \u00c0 temp\u00e9rature ambiante, la colophane est cassante, mais elle fond au four","robots":{"index":"index","follow":"follow","max-snippet":"max-snippet:-1","max-image-preview":"max-image-preview:large","max-video-preview":"max-video-preview:-1"},"canonical":"https:\/\/510premiumcarts.com\/index.php\/product\/acheter-cire-de-cannabis-rosin\/","og_locale":"fr_FR","og_type":"article","og_title":"ACHETER Cire de Cannabis ROSIN - 510 Premium Carts Online","og_description":"ACHETER Cire de Cannabis ROSIN Il est semi-transparent et sa couleur varie du jaune au noir. \u00c0 temp\u00e9rature ambiante, la colophane est cassante, mais elle fond au four","og_url":"https:\/\/510premiumcarts.com\/index.php\/product\/acheter-cire-de-cannabis-rosin\/","og_site_name":"510 Premium Carts","article_modified_time":"2023-04-17T05:36:29+00:00","og_image":[{"width":1024,"height":683,"url":"http:\/\/510premiumcarts.com\/wp-content\/uploads\/2023\/03\/DSC_0030-2-1024x683-1.webp","type":"image\/webp"}],"twitter_card":"summary_large_image","twitter_misc":{"Dur\u00e9e de lecture estim\u00e9e":"4 minutes"},"schema":{"@context":"https:\/\/schema.org","@graph":[{"@type":"WebPage","@id":"https:\/\/510premiumcarts.com\/index.php\/product\/acheter-cire-de-cannabis-rosin\/","url":"https:\/\/510premiumcarts.com\/index.php\/product\/acheter-cire-de-cannabis-rosin\/","name":"ACHETER Cire de Cannabis ROSIN - 510 Premium Carts Online","isPartOf":{"@id":"https:\/\/510premiumcarts.com\/#website"},"primaryImageOfPage":{"@id":"https:\/\/510premiumcarts.com\/index.php\/product\/acheter-cire-de-cannabis-rosin\/#primaryimage"},"image":{"@id":"https:\/\/510premiumcarts.com\/index.php\/product\/acheter-cire-de-cannabis-rosin\/#primaryimage"},"thumbnailUrl":"https:\/\/510premiumcarts.com\/wp-content\/uploads\/2023\/03\/DSC_0030-2-1024x683-1.webp","datePublished":"2023-03-06T11:52:09+00:00","dateModified":"2023-04-17T05:36:29+00:00","description":"ACHETER Cire de Cannabis ROSIN Il est semi-transparent et sa couleur varie du jaune au noir. \u00c0 temp\u00e9rature ambiante, la colophane est cassante, mais elle fond au four","breadcrumb":{"@id":"https:\/\/510premiumcarts.com\/index.php\/product\/acheter-cire-de-cannabis-rosin\/#breadcrumb"},"inLanguage":"fr-FR","potentialAction":[{"@type":"ReadAction","target":["https:\/\/510premiumcarts.com\/index.php\/product\/acheter-cire-de-cannabis-rosin\/"]}]},{"@type":"ImageObject","inLanguage":"fr-FR","@id":"https:\/\/510premiumcarts.com\/index.php\/product\/acheter-cire-de-cannabis-rosin\/#primaryimage","url":"https:\/\/510premiumcarts.com\/wp-content\/uploads\/2023\/03\/DSC_0030-2-1024x683-1.webp","contentUrl":"https:\/\/510premiumcarts.com\/wp-content\/uploads\/2023\/03\/DSC_0030-2-1024x683-1.webp","width":1024,"height":683,"caption":"BUY Cannabis Wax ROSIN ONLINE"},{"@type":"BreadcrumbList","@id":"https:\/\/510premiumcarts.com\/index.php\/product\/acheter-cire-de-cannabis-rosin\/#breadcrumb","itemListElement":[{"@type":"ListItem","position":1,"name":"Home","item":"https:\/\/510premiumcarts.com\/"},{"@type":"ListItem","position":2,"name":"Marques de vapotage","item":"https:\/\/510premiumcarts.com\/index.php\/acheter-du-cannabis\/"},{"@type":"ListItem","position":3,"name":"Cannabis Wax &#8211; ROSIN"}]},{"@type":"WebSite","@id":"https:\/\/510premiumcarts.com\/#website","url":"https:\/\/510premiumcarts.com\/","name":"510 Premium Carts","description":"Just another WordPress site","potentialAction":[{"@type":"SearchAction","target":{"@type":"EntryPoint","urlTemplate":"https:\/\/510premiumcarts.com\/?s={search_term_string}"},"query-input":{"@type":"PropertyValueSpecification","valueRequired":true,"valueName":"search_term_string"}}],"inLanguage":"fr-FR"}]}},"jetpack_sharing_enabled":true,"_links":{"self":[{"href":"https:\/\/510premiumcarts.com\/index.php\/wp-json\/wp\/v2\/product\/1674","targetHints":{"allow":["GET"]}}],"collection":[{"href":"https:\/\/510premiumcarts.com\/index.php\/wp-json\/wp\/v2\/product"}],"about":[{"href":"https:\/\/510premiumcarts.com\/index.php\/wp-json\/wp\/v2\/types\/product"}],"replies":[{"embeddable":true,"href":"https:\/\/510premiumcarts.com\/index.php\/wp-json\/wp\/v2\/comments?post=1674"}],"wp:featuredmedia":[{"embeddable":true,"href":"https:\/\/510premiumcarts.com\/index.php\/wp-json\/wp\/v2\/media\/1675"}],"wp:attachment":[{"href":"https:\/\/510premiumcarts.com\/index.php\/wp-json\/wp\/v2\/media?parent=1674"}],"wp:term":[{"taxonomy":"product_brand","embeddable":true,"href":"https:\/\/510premiumcarts.com\/index.php\/wp-json\/wp\/v2\/product_brand?post=1674"},{"taxonomy":"product_cat","embeddable":true,"href":"https:\/\/510premiumcarts.com\/index.php\/wp-json\/wp\/v2\/product_cat?post=1674"},{"taxonomy":"product_tag","embeddable":true,"href":"https:\/\/510premiumcarts.com\/index.php\/wp-json\/wp\/v2\/product_tag?post=1674"}],"curies":[{"name":"wp","href":"https:\/\/api.w.org\/{rel}","templated":true}]}}