{"id":1681,"date":"2023-03-06T12:02:07","date_gmt":"2023-03-06T12:02:07","guid":{"rendered":"https:\/\/510premiumcarts.com\/?post_type=product&#038;p=1681"},"modified":"2023-04-17T05:22:24","modified_gmt":"2023-04-17T05:22:24","slug":"acheter-de-la-cire-de-cannabis-dab-wax","status":"publish","type":"product","link":"https:\/\/510premiumcarts.com\/index.php\/product\/acheter-de-la-cire-de-cannabis-dab-wax\/","title":{"rendered":"Cannabis Wax &#8211; Dab Wax"},"content":{"rendered":"<h1><a href=\"https:\/\/510premiumcarts.com\/index.php\/product\/buy-cannabis-wax-rosin-online\/\"><span style=\"color: #ffcc00;\"><strong><span style=\"vertical-align: inherit;\"><span style=\"vertical-align: inherit;\">ACHETER Cannabis Wax &#8211; DAB WAX EN LIGNE<\/span><\/span><\/strong><\/span><\/a><\/h1>\n<p>acheter de la cire \u00e0 tamponner en ligne<\/p>\n<p>Dab Wax fait r\u00e9f\u00e9rence aux huiles plus douces et opaques qui ont perdu leur transparence apr\u00e8s extraction. Contrairement \u00e0 celles des huiles transparentes, les mol\u00e9cules de cire de cannabis cristallisent sous l&rsquo;effet de l&rsquo;agitation. La lumi\u00e8re ne peut pas voyager \u00e0 travers des densit\u00e9s mol\u00e9culaires irr\u00e9guli\u00e8res, et cette r\u00e9fraction nous laisse avec une huile solide et non transparente.<\/p>\n<h3><strong>QU&rsquo;EST-CE QUE LA CIRE?<\/strong><\/h3>\n<p>La \u00ab\u00a0cire\u00a0\u00bb est un type de concentr\u00e9 de cannabis nomm\u00e9 principalement pour son apparence et sa texture. Quelque part entre les concentr\u00e9s liquides gluants comme l&rsquo;huile de hasch et les concentr\u00e9s solides et cassants comme le shatter, la cire a un aspect opaque et une texture \u00e9paisse mais mall\u00e9able, semblable \u00e0 de la cire. prix de la cire dab<\/p>\n<p>La \u00ab\u00a0cire\u00a0\u00bb est un type de concentr\u00e9 de cannabis <a href=\"https:\/\/ogdispensary.org\/\">nomm\u00e9<\/a> principalement pour son apparence et sa texture. (Photo par : Gina Coleman\/Weedmaps)<\/p>\n<p>Ind\u00e9pendamment de ces diff\u00e9rences, tous les <a href=\"https:\/\/420weedpost.com\/product-category\/buy-extracts-online\/buy-shatter-online\/\">concentr\u00e9s<\/a> de cire se situent <a href=\"https:\/\/420weedpost.com\/product\/clean-carts\/\">quelque<\/a> part entre l&rsquo;huile et le shatter. Pour de nombreux consommateurs, ce terrain d&rsquo;entente rend la cire particuli\u00e8rement facile \u00e0 travailler &#8211; pas si fragile que vous courez le risque de la casser en tonnes de petits morceaux difficiles \u00e0 utiliser tout en n&rsquo;\u00e9tant pas si liquide qu&rsquo;il est difficile \u00e0 ramasser et \u00e0 man\u0153uvrer sur un clou tamponn\u00e9.<\/p>\n<p>acheter de la cire \u00e0 tamponner en ligne, <a href=\"https:\/\/420weedpost.com\/product\/el-chivo-dolce-gelato-packwoods\/\">tamponner<\/a>, tamponner contre cire, cire \u00e0 tamponner \u00e0 vendre, prix de la cire \u00e0 tamponner, briser la cire \u00e0 tamponner, comment faites-vous de la cire \u00e0 tamponner, commander de la cire \u00e0 tamponner, cire, tamponner \u00e0 la cire de mauvaises herbes, o\u00f9 acheter de la cire \u00e0 tamponner, <a href=\"https:\/\/420weedpost.com\/2021\/05\/02\/7-benefits-of-using-a-marijuana-vaporize\/\">effets<\/a> de cire \u00e0 <a href=\"https:\/\/420weedpost.com\/product\/green-crack-shatter\/\">tamponner<\/a> , comment faire de la cire \u00e0 tamponner<\/p>\n<h2><span id=\"_DAB_WAX_FOR_SALE\" class=\"ez-toc-section\"><\/span><strong><span style=\"vertical-align: inherit;\"><span style=\"vertical-align: inherit;\">\u00a0DAB WAX \u00c0 VENDRE<\/span><\/span><\/strong><\/h2>\n<p>Lorsque cela est fait en toute s\u00e9curit\u00e9 avec des produits propres et test\u00e9s, les patients et les consommateurs adultes trouvent plusieurs avantages au dabbing comme m\u00e9thode de livraison, principalement dans son apparition rapide et ses effets puissants. Les patients aux prises avec des douleurs s\u00e9v\u00e8res ou chroniques ou des naus\u00e9es extr\u00eames rapportent que tamponner des concentr\u00e9s de cannabis peut \u00eatre l&rsquo;un des meilleurs moyens d&rsquo;obtenir un soulagement imm\u00e9diat et efficace. Cependant, vous auriez probablement du mal \u00e0 trouver un m\u00e9decin qui recommande le tamponnage comme premier plan d&rsquo;action.<\/p>\n<p>Les extraits de cannabis qui ont \u00e9t\u00e9 correctement fabriqu\u00e9s peuvent \u00e9galement pr\u00e9senter aux consommateurs un produit propre et pur qui est plus doux pour les poumons. Lorsque vous fumez du cannabis, la mati\u00e8re v\u00e9g\u00e9tale br\u00fbl\u00e9e produit de la r\u00e9sine et de la fum\u00e9e chaude, mais les extraits \u00e9liminent la plupart de ces mati\u00e8res ind\u00e9sirables tout en fournissant des cannabino\u00efdes essentiels et d&rsquo;autres compos\u00e9s comme les terp\u00e8nes. prix de la cire dab<\/p>\n<p class=\"\"><strong>Que sont les dabs?<\/strong><\/p>\n<p class=\"\">Fumer des dabs de concentr\u00e9s de cannabis existe depuis 10 ans. Les consommateurs de cannabis appr\u00e9cient les concentr\u00e9s de dabbing car ils offrent une puissance de THC plus \u00e9lev\u00e9e (ou concentr\u00e9). La plage typique de THC dans les concentr\u00e9s de cannabis se situe entre 50 et 80 %. Le produit final du processus d&rsquo;extraction donne des consistances variables de concentr\u00e9s tels que des diamants, de la sauce, de la p\u00e2te, de la cire et du sucre. Examinons de plus pr\u00e8s chaque mode de consommation et examinons leurs avantages et leurs inconv\u00e9nients.<\/p>\n<h3><strong>COMMENT FAIRE DE LA CIRE DAB<\/strong><\/h3>\n<p>Tout comme la consommation de fleur de cannabis, il existe de nombreuses fa\u00e7ons de profiter de vos concentr\u00e9s de cannabis. Voici quelques exemples de la fa\u00e7on dont vous pouvez profiter de vos dabs\u00a0:<\/p>\n<p>Si chauffer un clou \u00e0 tamponner avec une torche \u00e0 main semble intimidant, il existe une option pour utiliser un clou \u00e9lectronique avec votre <a href=\"http:\/\/leafly.com\/\">appareil<\/a> \u00e0 tamponner. L&rsquo;ongle <a href=\"https:\/\/ogdispensary.org\/product\/delta-8-thc-flower\/\">\u00e9lectronique<\/a> ou ongle \u00e9lectronique est essentiellement un \u00e9l\u00e9ment chauffant que vous placez sur le dessus de l&rsquo;ongle. L&rsquo;un des principaux avantages de l&rsquo;utilisation d&rsquo;un e-nail avec votre dab rig est la possibilit\u00e9 de contr\u00f4ler la temp\u00e9rature pour vaporiser votre concentr\u00e9. Cependant, le co\u00fbt d&rsquo;achat d&rsquo;un e-nail peut parfois d\u00e9passer le budget des gens.<\/p>\n<p class=\"\">Pendant que nous parlons de plages de temp\u00e9rature et de contr\u00f4le, saviez-vous que votre exp\u00e9rience de concentr\u00e9 de cannabis peut varier en fonction de la temp\u00e9rature\u00a0? Commen\u00e7ons par des tampons \u00e0 basse temp\u00e9rature qui varient entre 500 et 540\u00b0. Si quelqu&rsquo;un cherche \u00e0 faire <a href=\"http:\/\/allbud.com\/\">l&rsquo;exp\u00e9rience<\/a> de profils terp\u00e9niques, la <a href=\"https:\/\/420weedpost.com\/contact\/\">plage<\/a> \u00e0 basse temp\u00e9rature est l\u00e0 o\u00f9 vous voulez \u00eatre. Cette gamme est id\u00e9ale pour les concentr\u00e9s de cannabis tels que les <a href=\"https:\/\/ogdispensary.org\/product\/dab-wax\/\">colophanes<\/a> de hasch. La\u00a0haute\u00a0\u00e0 ces temp\u00e9ratures sera plus progressive et moins dure.<\/p>\n<p>Si vous aimez les consistances telles que la r\u00e9sine vivante, les sucres, les diamants, les \u00e9clats et les miettes, alors 550-570\u00a0\u00b0 est la gamme qu&rsquo;il vous faut\u00a0! Les patients utilisant cette gamme appr\u00e9cieront un bel \u00e9quilibre de saveur et d&rsquo;effet sans atteindre la combustion (ce qui peut \u00eatre malsain avec certains terp\u00e8nes).<\/p>\n<p>Cependant, comme mentionn\u00e9 pr\u00e9c\u00e9demment, l&rsquo;utilisation d&rsquo;une torche \u00e0 main peut \u00eatre intimidante pour certains. Il existe \u00e9galement un risque de br\u00fblure si vous manipulez accidentellement un ongle chaud sans le laisser refroidir correctement.<\/p>\n<h3><span id=\"DAB_WAX_SHATTER\" class=\"ez-toc-section\"><\/span><b><span style=\"vertical-align: inherit;\"><span style=\"vertical-align: inherit;\">DAB WAX SHATTER<\/span><\/span><\/b><\/h3>\n<p>Vous savez maintenant ce que sont les dabs et comment vous pouvez en profiter dans le confort de votre foyer. Cependant, il y a quelques probl\u00e8mes de s\u00e9curit\u00e9 lors du dabbing. Voici une liste des dangers potentiels que vous devriez prendre en compte lorsque vous appr\u00e9ciez vos concentr\u00e9s de cannabis : DAB WAX FOR SALE<\/p>\n<p>1. Lors de l&rsquo;utilisation d&rsquo;un dab rig, n&rsquo;oubliez pas que le clou \u00e0 dab et le verre peuvent devenir tr\u00e8s chauds, ce qui peut br\u00fbler la peau s&rsquo;ils ne se refroidissent pas correctement.<\/p>\n<p>2. Un \u00e9quipement propre pour une exp\u00e9rience propre. Vous devez nettoyer votre \u00e9quipement de dabbing apr\u00e8s utilisation pour \u00e9viter de m\u00e9langer les concentr\u00e9s et les vari\u00e9t\u00e9s de cannabis. L&rsquo;utilisation d&rsquo;un \u00e9quipement sale peut produire divers effets secondaires et effets d&rsquo;entourage.<\/p>\n<p>3. Un peu va un long chemin. Comme pour tout produit \u00e0 base de cannabis, commencez toujours doucement et lentement pour \u00e9valuer votre tol\u00e9rance. Trop pourrait cr\u00e9er une exp\u00e9rience n\u00e9gative pour vous.<\/p>\n","protected":false},"excerpt":{"rendered":"<p><span style=\"vertical-align: inherit;\"><span style=\"vertical-align: inherit;\">Shatter, wax, honeycomb, oil, crumble, sap, budder, pull-and-snap\u2026 sont quelques-uns des surnoms que les extraits de cannabis ont gagn\u00e9s gr\u00e2ce \u00e0 leur popularit\u00e9, leur pr\u00e9valence et leur diversification. Si vous avez d\u00e9j\u00e0 entendu l&rsquo;un de ces mots, il est probable qu&rsquo;il ait \u00e9t\u00e9 utilis\u00e9 pour d\u00e9crire\u00a0BHO\u00a0(butane hash oil), CO2 oil ou des extraits d&rsquo;hydrocarbures similaires. Cette liste de sous<a href=\"http:\/\/www.leafly.com\/news\/cannabis-101\/what-makes-hash-oil-medicine-dabbing-and-hash-oil-myths-part-two\">-cat\u00e9gories<\/a> descriptives pourrait vous amener \u00e0 croire qu&rsquo;il existe de grandes diff\u00e9rences entre chacune d&rsquo;entre elles, mais la division entre les \u00e9clats de verre et la cire friable est plus superficielle que vous ne le pensez.<\/span><\/span><\/p>\n","protected":false},"featured_media":1682,"comment_status":"open","ping_status":"closed","template":"","meta":{"_monsterinsights_skip_tracking":false,"_monsterinsights_sitenote_active":false,"_monsterinsights_sitenote_note":"","_monsterinsights_sitenote_category":0},"product_brand":[],"product_cat":[4882],"product_tag":[],"class_list":{"0":"post-1681","1":"product","2":"type-product","3":"status-publish","4":"has-post-thumbnail","6":"product_cat-wax-extraits-de-cannabis","8":"first","9":"instock","10":"shipping-taxable","11":"purchasable","12":"product-type-variable"},"yoast_head":"<!-- This site is optimized with the Yoast SEO plugin v27.3 - https:\/\/yoast.com\/product\/yoast-seo-wordpress\/ -->\n<title>ACHETER de la cire de cannabis - DAB WAX - 510 Premium Carts<\/title>\n<meta name=\"description\" content=\"ACHETER de la cire de cannabis - DAB WAX fait r\u00e9f\u00e9rence aux huiles plus douces et opaques qui ont perdu leur transparence apr\u00e8s extraction. Contrairement \u00e0\" \/>\n<meta name=\"robots\" content=\"index, follow, max-snippet:-1, max-image-preview:large, max-video-preview:-1\" \/>\n<link rel=\"canonical\" href=\"https:\/\/510premiumcarts.com\/index.php\/product\/acheter-de-la-cire-de-cannabis-dab-wax\/\" \/>\n<meta property=\"og:locale\" content=\"fr_FR\" \/>\n<meta property=\"og:type\" content=\"article\" \/>\n<meta property=\"og:title\" content=\"ACHETER de la cire de cannabis - DAB WAX - 510 Premium Carts\" \/>\n<meta property=\"og:description\" content=\"ACHETER de la cire de cannabis - DAB WAX fait r\u00e9f\u00e9rence aux huiles plus douces et opaques qui ont perdu leur transparence apr\u00e8s extraction. Contrairement \u00e0\" \/>\n<meta property=\"og:url\" content=\"https:\/\/510premiumcarts.com\/index.php\/product\/acheter-de-la-cire-de-cannabis-dab-wax\/\" \/>\n<meta property=\"og:site_name\" content=\"510 Premium Carts\" \/>\n<meta property=\"article:modified_time\" content=\"2023-04-17T05:22:24+00:00\" \/>\n<meta property=\"og:image\" content=\"http:\/\/510premiumcarts.com\/wp-content\/uploads\/2023\/03\/buy-sugar-wax-online-dispensary-ganjawest-concentrates-orange-crush.jpg\" \/>\n\t<meta property=\"og:image:width\" content=\"1024\" \/>\n\t<meta property=\"og:image:height\" content=\"1024\" \/>\n\t<meta property=\"og:image:type\" content=\"image\/jpeg\" \/>\n<meta name=\"twitter:card\" content=\"summary_large_image\" \/>\n<meta name=\"twitter:label1\" content=\"Dur\u00e9e de lecture estim\u00e9e\" \/>\n\t<meta name=\"twitter:data1\" content=\"6 minutes\" \/>\n<script type=\"application\/ld+json\" class=\"yoast-schema-graph\">{\"@context\":\"https:\\\/\\\/schema.org\",\"@graph\":[{\"@type\":\"WebPage\",\"@id\":\"https:\\\/\\\/510premiumcarts.com\\\/index.php\\\/product\\\/acheter-de-la-cire-de-cannabis-dab-wax\\\/\",\"url\":\"https:\\\/\\\/510premiumcarts.com\\\/index.php\\\/product\\\/acheter-de-la-cire-de-cannabis-dab-wax\\\/\",\"name\":\"ACHETER de la cire de cannabis - DAB WAX - 510 Premium Carts\",\"isPartOf\":{\"@id\":\"https:\\\/\\\/510premiumcarts.com\\\/#website\"},\"primaryImageOfPage\":{\"@id\":\"https:\\\/\\\/510premiumcarts.com\\\/index.php\\\/product\\\/acheter-de-la-cire-de-cannabis-dab-wax\\\/#primaryimage\"},\"image\":{\"@id\":\"https:\\\/\\\/510premiumcarts.com\\\/index.php\\\/product\\\/acheter-de-la-cire-de-cannabis-dab-wax\\\/#primaryimage\"},\"thumbnailUrl\":\"https:\\\/\\\/510premiumcarts.com\\\/wp-content\\\/uploads\\\/2023\\\/03\\\/buy-sugar-wax-online-dispensary-ganjawest-concentrates-orange-crush.jpg\",\"datePublished\":\"2023-03-06T12:02:07+00:00\",\"dateModified\":\"2023-04-17T05:22:24+00:00\",\"description\":\"ACHETER de la cire de cannabis - DAB WAX fait r\u00e9f\u00e9rence aux huiles plus douces et opaques qui ont perdu leur transparence apr\u00e8s extraction. Contrairement \u00e0\",\"breadcrumb\":{\"@id\":\"https:\\\/\\\/510premiumcarts.com\\\/index.php\\\/product\\\/acheter-de-la-cire-de-cannabis-dab-wax\\\/#breadcrumb\"},\"inLanguage\":\"fr-FR\",\"potentialAction\":[{\"@type\":\"ReadAction\",\"target\":[\"https:\\\/\\\/510premiumcarts.com\\\/index.php\\\/product\\\/acheter-de-la-cire-de-cannabis-dab-wax\\\/\"]}]},{\"@type\":\"ImageObject\",\"inLanguage\":\"fr-FR\",\"@id\":\"https:\\\/\\\/510premiumcarts.com\\\/index.php\\\/product\\\/acheter-de-la-cire-de-cannabis-dab-wax\\\/#primaryimage\",\"url\":\"https:\\\/\\\/510premiumcarts.com\\\/wp-content\\\/uploads\\\/2023\\\/03\\\/buy-sugar-wax-online-dispensary-ganjawest-concentrates-orange-crush.jpg\",\"contentUrl\":\"https:\\\/\\\/510premiumcarts.com\\\/wp-content\\\/uploads\\\/2023\\\/03\\\/buy-sugar-wax-online-dispensary-ganjawest-concentrates-orange-crush.jpg\",\"width\":1024,\"height\":1024,\"caption\":\"ACHETER de la cire de cannabis - DAB WAX\"},{\"@type\":\"BreadcrumbList\",\"@id\":\"https:\\\/\\\/510premiumcarts.com\\\/index.php\\\/product\\\/acheter-de-la-cire-de-cannabis-dab-wax\\\/#breadcrumb\",\"itemListElement\":[{\"@type\":\"ListItem\",\"position\":1,\"name\":\"Home\",\"item\":\"https:\\\/\\\/510premiumcarts.com\\\/\"},{\"@type\":\"ListItem\",\"position\":2,\"name\":\"Marques de vapotage\",\"item\":\"https:\\\/\\\/510premiumcarts.com\\\/index.php\\\/acheter-du-cannabis\\\/\"},{\"@type\":\"ListItem\",\"position\":3,\"name\":\"Cannabis Wax &#8211; Dab Wax\"}]},{\"@type\":\"WebSite\",\"@id\":\"https:\\\/\\\/510premiumcarts.com\\\/#website\",\"url\":\"https:\\\/\\\/510premiumcarts.com\\\/\",\"name\":\"510 Premium Carts\",\"description\":\"Just another WordPress site\",\"potentialAction\":[{\"@type\":\"SearchAction\",\"target\":{\"@type\":\"EntryPoint\",\"urlTemplate\":\"https:\\\/\\\/510premiumcarts.com\\\/?s={search_term_string}\"},\"query-input\":{\"@type\":\"PropertyValueSpecification\",\"valueRequired\":true,\"valueName\":\"search_term_string\"}}],\"inLanguage\":\"fr-FR\"}]}<\/script>\n<!-- \/ Yoast SEO plugin. -->","yoast_head_json":{"title":"ACHETER de la cire de cannabis - DAB WAX - 510 Premium Carts","description":"ACHETER de la cire de cannabis - DAB WAX fait r\u00e9f\u00e9rence aux huiles plus douces et opaques qui ont perdu leur transparence apr\u00e8s extraction. Contrairement \u00e0","robots":{"index":"index","follow":"follow","max-snippet":"max-snippet:-1","max-image-preview":"max-image-preview:large","max-video-preview":"max-video-preview:-1"},"canonical":"https:\/\/510premiumcarts.com\/index.php\/product\/acheter-de-la-cire-de-cannabis-dab-wax\/","og_locale":"fr_FR","og_type":"article","og_title":"ACHETER de la cire de cannabis - DAB WAX - 510 Premium Carts","og_description":"ACHETER de la cire de cannabis - DAB WAX fait r\u00e9f\u00e9rence aux huiles plus douces et opaques qui ont perdu leur transparence apr\u00e8s extraction. Contrairement \u00e0","og_url":"https:\/\/510premiumcarts.com\/index.php\/product\/acheter-de-la-cire-de-cannabis-dab-wax\/","og_site_name":"510 Premium Carts","article_modified_time":"2023-04-17T05:22:24+00:00","og_image":[{"width":1024,"height":1024,"url":"http:\/\/510premiumcarts.com\/wp-content\/uploads\/2023\/03\/buy-sugar-wax-online-dispensary-ganjawest-concentrates-orange-crush.jpg","type":"image\/jpeg"}],"twitter_card":"summary_large_image","twitter_misc":{"Dur\u00e9e de lecture estim\u00e9e":"6 minutes"},"schema":{"@context":"https:\/\/schema.org","@graph":[{"@type":"WebPage","@id":"https:\/\/510premiumcarts.com\/index.php\/product\/acheter-de-la-cire-de-cannabis-dab-wax\/","url":"https:\/\/510premiumcarts.com\/index.php\/product\/acheter-de-la-cire-de-cannabis-dab-wax\/","name":"ACHETER de la cire de cannabis - DAB WAX - 510 Premium Carts","isPartOf":{"@id":"https:\/\/510premiumcarts.com\/#website"},"primaryImageOfPage":{"@id":"https:\/\/510premiumcarts.com\/index.php\/product\/acheter-de-la-cire-de-cannabis-dab-wax\/#primaryimage"},"image":{"@id":"https:\/\/510premiumcarts.com\/index.php\/product\/acheter-de-la-cire-de-cannabis-dab-wax\/#primaryimage"},"thumbnailUrl":"https:\/\/510premiumcarts.com\/wp-content\/uploads\/2023\/03\/buy-sugar-wax-online-dispensary-ganjawest-concentrates-orange-crush.jpg","datePublished":"2023-03-06T12:02:07+00:00","dateModified":"2023-04-17T05:22:24+00:00","description":"ACHETER de la cire de cannabis - DAB WAX fait r\u00e9f\u00e9rence aux huiles plus douces et opaques qui ont perdu leur transparence apr\u00e8s extraction. Contrairement \u00e0","breadcrumb":{"@id":"https:\/\/510premiumcarts.com\/index.php\/product\/acheter-de-la-cire-de-cannabis-dab-wax\/#breadcrumb"},"inLanguage":"fr-FR","potentialAction":[{"@type":"ReadAction","target":["https:\/\/510premiumcarts.com\/index.php\/product\/acheter-de-la-cire-de-cannabis-dab-wax\/"]}]},{"@type":"ImageObject","inLanguage":"fr-FR","@id":"https:\/\/510premiumcarts.com\/index.php\/product\/acheter-de-la-cire-de-cannabis-dab-wax\/#primaryimage","url":"https:\/\/510premiumcarts.com\/wp-content\/uploads\/2023\/03\/buy-sugar-wax-online-dispensary-ganjawest-concentrates-orange-crush.jpg","contentUrl":"https:\/\/510premiumcarts.com\/wp-content\/uploads\/2023\/03\/buy-sugar-wax-online-dispensary-ganjawest-concentrates-orange-crush.jpg","width":1024,"height":1024,"caption":"ACHETER de la cire de cannabis - DAB WAX"},{"@type":"BreadcrumbList","@id":"https:\/\/510premiumcarts.com\/index.php\/product\/acheter-de-la-cire-de-cannabis-dab-wax\/#breadcrumb","itemListElement":[{"@type":"ListItem","position":1,"name":"Home","item":"https:\/\/510premiumcarts.com\/"},{"@type":"ListItem","position":2,"name":"Marques de vapotage","item":"https:\/\/510premiumcarts.com\/index.php\/acheter-du-cannabis\/"},{"@type":"ListItem","position":3,"name":"Cannabis Wax &#8211; Dab Wax"}]},{"@type":"WebSite","@id":"https:\/\/510premiumcarts.com\/#website","url":"https:\/\/510premiumcarts.com\/","name":"510 Premium Carts","description":"Just another WordPress site","potentialAction":[{"@type":"SearchAction","target":{"@type":"EntryPoint","urlTemplate":"https:\/\/510premiumcarts.com\/?s={search_term_string}"},"query-input":{"@type":"PropertyValueSpecification","valueRequired":true,"valueName":"search_term_string"}}],"inLanguage":"fr-FR"}]}},"jetpack_sharing_enabled":true,"_links":{"self":[{"href":"https:\/\/510premiumcarts.com\/index.php\/wp-json\/wp\/v2\/product\/1681","targetHints":{"allow":["GET"]}}],"collection":[{"href":"https:\/\/510premiumcarts.com\/index.php\/wp-json\/wp\/v2\/product"}],"about":[{"href":"https:\/\/510premiumcarts.com\/index.php\/wp-json\/wp\/v2\/types\/product"}],"replies":[{"embeddable":true,"href":"https:\/\/510premiumcarts.com\/index.php\/wp-json\/wp\/v2\/comments?post=1681"}],"wp:featuredmedia":[{"embeddable":true,"href":"https:\/\/510premiumcarts.com\/index.php\/wp-json\/wp\/v2\/media\/1682"}],"wp:attachment":[{"href":"https:\/\/510premiumcarts.com\/index.php\/wp-json\/wp\/v2\/media?parent=1681"}],"wp:term":[{"taxonomy":"product_brand","embeddable":true,"href":"https:\/\/510premiumcarts.com\/index.php\/wp-json\/wp\/v2\/product_brand?post=1681"},{"taxonomy":"product_cat","embeddable":true,"href":"https:\/\/510premiumcarts.com\/index.php\/wp-json\/wp\/v2\/product_cat?post=1681"},{"taxonomy":"product_tag","embeddable":true,"href":"https:\/\/510premiumcarts.com\/index.php\/wp-json\/wp\/v2\/product_tag?post=1681"}],"curies":[{"name":"wp","href":"https:\/\/api.w.org\/{rel}","templated":true}]}}