{"id":1687,"date":"2023-03-06T12:09:09","date_gmt":"2023-03-06T12:09:09","guid":{"rendered":"https:\/\/510premiumcarts.com\/?post_type=product&#038;p=1687"},"modified":"2023-04-17T05:05:28","modified_gmt":"2023-04-17T05:05:28","slug":"acheter-skywalker-og-shatter","status":"publish","type":"product","link":"https:\/\/510premiumcarts.com\/index.php\/product\/acheter-skywalker-og-shatter\/","title":{"rendered":"Shatter Wax &#8211; Skywalker OG"},"content":{"rendered":"<h1><a href=\"https:\/\/510premiumcarts.com\/index.php\/product\/buy-cannabis-wax-dab-wax-online\/\"><span style=\"color: #ffcc00;\"><strong><span style=\"vertical-align: inherit;\"><span style=\"vertical-align: inherit;\">ACHETER SKYWALKER OG SHATTER EN LIGNE<\/span><\/span><\/strong><\/span><\/a><\/h1>\n<p>acheter skywalker og shatter en ligne<\/p>\n<p>Skywalker \u00a0OG Shatter\u00a0est un hybride \u00e0 dominance indica bien \u00e9quilibr\u00e9 qui aide les patients \u00e0 \u00e9liminer la douleur et \u00e0 se d\u00e9tendre dans le sommeil apr\u00e8s une longue journ\u00e9e de lutte contre le c\u00f4t\u00e9 obscur.<\/p>\n<p>skywalker og shatter \u00e0 vendre. \u00ab\u00a0On pense que les vari\u00e9t\u00e9s Indica sont physiquement s\u00e9datives, parfaites pour se d\u00e9tendre avec un film ou comme bonnet de nuit avant de se coucher.\u00a0\u00bb<\/p>\n<h2><strong><span style=\"vertical-align: inherit;\"><span style=\"vertical-align: inherit;\">SKYWALKER OG SHATTER \u00c0 VENDRE<\/span><\/span><\/strong><\/h2>\n<p>Premi\u00e8rement, Skywalker\u00a0OG\u00a0Shatter\u00a0est un hybride \u00e0 dominance indica bien \u00e9quilibr\u00e9\u00a0qui aide les patients \u00e0 \u00e9liminer la douleur et \u00e0 se d\u00e9tendre dans le sommeil apr\u00e8s une longue journ\u00e9e de lutte contre le c\u00f4t\u00e9 obscur. Le\u00a0c\u00f4t\u00e9\u00a0sativa\u00a0de cette\u00a0souche\u00a0permet \u00e9galement un bon effet c\u00e9r\u00e9bral, mais il n&rsquo;est pas trop flou ou flou. Elle a \u00e9t\u00e9 cr\u00e9\u00e9e par Dutch Passion Seeds d&rsquo;Amsterdam pour combiner le doux ar\u00f4me fruit\u00e9 de la myrtille avec les forces de croissance de la Mazar robuste et \u00e0 haut rendement. \u00e9galement, id\u00e9ales pour la culture en int\u00e9rieur, ces plantes resteront plus courtes et touffues, fleurissant en 8 \u00e0 9 semaines. Si vous recherchez le California Sky Walker dot\u00e9 de la g\u00e9n\u00e9tique OG, consultez\u00a0Skywalker OG.<\/p>\n<p>Chaque commande comprend 1 gramme de brisures<\/p>\n<p><strong>Saveurs:<\/strong> \u00a0 Terreux, sucr\u00e9, piquant<\/p>\n<p><strong>Effets:<\/strong>\u00a0 D\u00e9tendu, Somnolent, Heureux, Euphorique, Faim<\/p>\n<p><strong>Usages m\u00e9dicaux:<\/strong> stress, <a href=\"https:\/\/ogdispensary.org\/product\/skywalker-og-shatter\/\">douleur<\/a>, insomnie, d\u00e9pression, <a href=\"http:\/\/leafly.com\/\">maux<\/a> de t\u00eate<\/p>\n<h3><strong><span style=\"vertical-align: inherit;\"><span style=\"vertical-align: inherit;\">SKYWALKER OG SHATTER<\/span><\/span><\/strong><\/h3>\n<p>Skywalker OG est une puissante vari\u00e9t\u00e9 hybride \u00e0 dominance indica qui pourrait bien vous emmener dans une galaxie tr\u00e8s, tr\u00e8s lointaine. Cette vari\u00e9t\u00e9 fait de la relaxation votre seule mission, et certains utilisateurs signalent de forts effets corporels, notamment de l\u00e9gers picotements et des engourdissements. Si la douleur et les limitations physiques sont les probl\u00e8mes, Skywalker OG est l\u00e0 pour vous sauver.<\/p>\n<p>Skywalker OG a un ar\u00f4me de carbur\u00e9acteur \u00e0 base de plantes \u00e9pic\u00e9 et un go\u00fbt de diesel \u00e9pic\u00e9 avec un arri\u00e8re-go\u00fbt \u00e0 base de plantes.<\/p>\n<p>De plus, ces t\u00eates ont une fine couche de trichomes blanc laiteux et de r\u00e9sine collante sucr\u00e9e. Les utilisateurs d\u00e9crivent le high Skywalker OG comme un high stoney tr\u00e8s lourd qui vous laisse compl\u00e8tement clou\u00e9 au canap\u00e9, d\u00e9tendu et l\u00e9thargique avec un cas presque \u00e9crasant de fringale.<\/p>\n<p>Ainsi, comme son nom l&rsquo;indique, la puissance de Skywalker OG vous oblige \u00e0 vous rendre dans une galaxie tr\u00e8s, tr\u00e8s lointaine. Les effets profond\u00e9ment relaxants physiques et mentaux de Skywalker OG se manifestent apr\u00e8s seulement quelques bouff\u00e9es.<\/p>\n","protected":false},"excerpt":{"rendered":"<p>Skywalker \u00a0OG Shatter\u00a0est un hybride \u00e0 dominance indica bien \u00e9quilibr\u00e9 qui aide les patients \u00e0 \u00e9liminer la douleur et \u00e0 se d\u00e9tendre dans le sommeil apr\u00e8s une longue journ\u00e9e de lutte contre le c\u00f4t\u00e9 obscur.<\/p>\n<p>\u00ab\u00a0On pense que les vari\u00e9t\u00e9s Indica sont physiquement s\u00e9datives, parfaites pour se <a href=\"https:\/\/herbapproach.com\/product-category\/cannabis-flower\/indica\/\">d\u00e9tendre<\/a> avec un film ou comme bonnet de nuit avant de se coucher.\u00a0\u00bb<\/p>\n","protected":false},"featured_media":1688,"comment_status":"open","ping_status":"closed","template":"","meta":{"_monsterinsights_skip_tracking":false,"_monsterinsights_sitenote_active":false,"_monsterinsights_sitenote_note":"","_monsterinsights_sitenote_category":0},"product_brand":[],"product_cat":[4882],"product_tag":[],"class_list":{"0":"post-1687","1":"product","2":"type-product","3":"status-publish","4":"has-post-thumbnail","6":"product_cat-wax-extraits-de-cannabis","8":"first","9":"instock","10":"shipping-taxable","11":"purchasable","12":"product-type-variable"},"yoast_head":"<!-- This site is optimized with the Yoast SEO plugin v27.3 - https:\/\/yoast.com\/product\/yoast-seo-wordpress\/ -->\n<title>ACHETER SKYWALKER OG SHATTER - 510 Premium Carts<\/title>\n<meta name=\"description\" content=\"ACHETER SKYWALKER OG SHATTER \u00a0est un hybride \u00e0 dominance indica bien \u00e9quilibr\u00e9 qui aide les patients \u00e0 \u00e9liminer la douleur et \u00e0 se d\u00e9tendre dans le sommeil apr\u00e8s une longue journ\u00e9e de lutte contre le c\u00f4t\u00e9 obscur.\" \/>\n<meta name=\"robots\" content=\"index, follow, max-snippet:-1, max-image-preview:large, max-video-preview:-1\" \/>\n<link rel=\"canonical\" href=\"https:\/\/510premiumcarts.com\/index.php\/product\/acheter-skywalker-og-shatter\/\" \/>\n<meta property=\"og:locale\" content=\"fr_FR\" \/>\n<meta property=\"og:type\" content=\"article\" \/>\n<meta property=\"og:title\" content=\"ACHETER SKYWALKER OG SHATTER - 510 Premium Carts\" \/>\n<meta property=\"og:description\" content=\"ACHETER SKYWALKER OG SHATTER \u00a0est un hybride \u00e0 dominance indica bien \u00e9quilibr\u00e9 qui aide les patients \u00e0 \u00e9liminer la douleur et \u00e0 se d\u00e9tendre dans le sommeil apr\u00e8s une longue journ\u00e9e de lutte contre le c\u00f4t\u00e9 obscur.\" \/>\n<meta property=\"og:url\" content=\"https:\/\/510premiumcarts.com\/index.php\/product\/acheter-skywalker-og-shatter\/\" \/>\n<meta property=\"og:site_name\" content=\"510 Premium Carts\" \/>\n<meta property=\"article:modified_time\" content=\"2023-04-17T05:05:28+00:00\" \/>\n<meta property=\"og:image\" content=\"http:\/\/510premiumcarts.com\/wp-content\/uploads\/2023\/03\/shatter.jpg\" \/>\n\t<meta property=\"og:image:width\" content=\"640\" \/>\n\t<meta property=\"og:image:height\" content=\"323\" \/>\n\t<meta property=\"og:image:type\" content=\"image\/jpeg\" \/>\n<meta name=\"twitter:card\" content=\"summary_large_image\" \/>\n<meta name=\"twitter:label1\" content=\"Dur\u00e9e de lecture estim\u00e9e\" \/>\n\t<meta name=\"twitter:data1\" content=\"3 minutes\" \/>\n<script type=\"application\/ld+json\" class=\"yoast-schema-graph\">{\"@context\":\"https:\\\/\\\/schema.org\",\"@graph\":[{\"@type\":\"WebPage\",\"@id\":\"https:\\\/\\\/510premiumcarts.com\\\/index.php\\\/product\\\/acheter-skywalker-og-shatter\\\/\",\"url\":\"https:\\\/\\\/510premiumcarts.com\\\/index.php\\\/product\\\/acheter-skywalker-og-shatter\\\/\",\"name\":\"ACHETER SKYWALKER OG SHATTER - 510 Premium Carts\",\"isPartOf\":{\"@id\":\"https:\\\/\\\/510premiumcarts.com\\\/#website\"},\"primaryImageOfPage\":{\"@id\":\"https:\\\/\\\/510premiumcarts.com\\\/index.php\\\/product\\\/acheter-skywalker-og-shatter\\\/#primaryimage\"},\"image\":{\"@id\":\"https:\\\/\\\/510premiumcarts.com\\\/index.php\\\/product\\\/acheter-skywalker-og-shatter\\\/#primaryimage\"},\"thumbnailUrl\":\"https:\\\/\\\/510premiumcarts.com\\\/wp-content\\\/uploads\\\/2023\\\/03\\\/shatter.jpg\",\"datePublished\":\"2023-03-06T12:09:09+00:00\",\"dateModified\":\"2023-04-17T05:05:28+00:00\",\"description\":\"ACHETER SKYWALKER OG SHATTER \u00a0est un hybride \u00e0 dominance indica bien \u00e9quilibr\u00e9 qui aide les patients \u00e0 \u00e9liminer la douleur et \u00e0 se d\u00e9tendre dans le sommeil apr\u00e8s une longue journ\u00e9e de lutte contre le c\u00f4t\u00e9 obscur.\",\"breadcrumb\":{\"@id\":\"https:\\\/\\\/510premiumcarts.com\\\/index.php\\\/product\\\/acheter-skywalker-og-shatter\\\/#breadcrumb\"},\"inLanguage\":\"fr-FR\",\"potentialAction\":[{\"@type\":\"ReadAction\",\"target\":[\"https:\\\/\\\/510premiumcarts.com\\\/index.php\\\/product\\\/acheter-skywalker-og-shatter\\\/\"]}]},{\"@type\":\"ImageObject\",\"inLanguage\":\"fr-FR\",\"@id\":\"https:\\\/\\\/510premiumcarts.com\\\/index.php\\\/product\\\/acheter-skywalker-og-shatter\\\/#primaryimage\",\"url\":\"https:\\\/\\\/510premiumcarts.com\\\/wp-content\\\/uploads\\\/2023\\\/03\\\/shatter.jpg\",\"contentUrl\":\"https:\\\/\\\/510premiumcarts.com\\\/wp-content\\\/uploads\\\/2023\\\/03\\\/shatter.jpg\",\"width\":640,\"height\":323,\"caption\":\"BUY SKYWALKER OG SHATTER ONLINE\"},{\"@type\":\"BreadcrumbList\",\"@id\":\"https:\\\/\\\/510premiumcarts.com\\\/index.php\\\/product\\\/acheter-skywalker-og-shatter\\\/#breadcrumb\",\"itemListElement\":[{\"@type\":\"ListItem\",\"position\":1,\"name\":\"Home\",\"item\":\"https:\\\/\\\/510premiumcarts.com\\\/\"},{\"@type\":\"ListItem\",\"position\":2,\"name\":\"Marques de vapotage\",\"item\":\"https:\\\/\\\/510premiumcarts.com\\\/index.php\\\/acheter-du-cannabis\\\/\"},{\"@type\":\"ListItem\",\"position\":3,\"name\":\"Shatter Wax &#8211; Skywalker OG\"}]},{\"@type\":\"WebSite\",\"@id\":\"https:\\\/\\\/510premiumcarts.com\\\/#website\",\"url\":\"https:\\\/\\\/510premiumcarts.com\\\/\",\"name\":\"510 Premium Carts\",\"description\":\"Just another WordPress site\",\"potentialAction\":[{\"@type\":\"SearchAction\",\"target\":{\"@type\":\"EntryPoint\",\"urlTemplate\":\"https:\\\/\\\/510premiumcarts.com\\\/?s={search_term_string}\"},\"query-input\":{\"@type\":\"PropertyValueSpecification\",\"valueRequired\":true,\"valueName\":\"search_term_string\"}}],\"inLanguage\":\"fr-FR\"}]}<\/script>\n<!-- \/ Yoast SEO plugin. -->","yoast_head_json":{"title":"ACHETER SKYWALKER OG SHATTER - 510 Premium Carts","description":"ACHETER SKYWALKER OG SHATTER \u00a0est un hybride \u00e0 dominance indica bien \u00e9quilibr\u00e9 qui aide les patients \u00e0 \u00e9liminer la douleur et \u00e0 se d\u00e9tendre dans le sommeil apr\u00e8s une longue journ\u00e9e de lutte contre le c\u00f4t\u00e9 obscur.","robots":{"index":"index","follow":"follow","max-snippet":"max-snippet:-1","max-image-preview":"max-image-preview:large","max-video-preview":"max-video-preview:-1"},"canonical":"https:\/\/510premiumcarts.com\/index.php\/product\/acheter-skywalker-og-shatter\/","og_locale":"fr_FR","og_type":"article","og_title":"ACHETER SKYWALKER OG SHATTER - 510 Premium Carts","og_description":"ACHETER SKYWALKER OG SHATTER \u00a0est un hybride \u00e0 dominance indica bien \u00e9quilibr\u00e9 qui aide les patients \u00e0 \u00e9liminer la douleur et \u00e0 se d\u00e9tendre dans le sommeil apr\u00e8s une longue journ\u00e9e de lutte contre le c\u00f4t\u00e9 obscur.","og_url":"https:\/\/510premiumcarts.com\/index.php\/product\/acheter-skywalker-og-shatter\/","og_site_name":"510 Premium Carts","article_modified_time":"2023-04-17T05:05:28+00:00","og_image":[{"width":640,"height":323,"url":"http:\/\/510premiumcarts.com\/wp-content\/uploads\/2023\/03\/shatter.jpg","type":"image\/jpeg"}],"twitter_card":"summary_large_image","twitter_misc":{"Dur\u00e9e de lecture estim\u00e9e":"3 minutes"},"schema":{"@context":"https:\/\/schema.org","@graph":[{"@type":"WebPage","@id":"https:\/\/510premiumcarts.com\/index.php\/product\/acheter-skywalker-og-shatter\/","url":"https:\/\/510premiumcarts.com\/index.php\/product\/acheter-skywalker-og-shatter\/","name":"ACHETER SKYWALKER OG SHATTER - 510 Premium Carts","isPartOf":{"@id":"https:\/\/510premiumcarts.com\/#website"},"primaryImageOfPage":{"@id":"https:\/\/510premiumcarts.com\/index.php\/product\/acheter-skywalker-og-shatter\/#primaryimage"},"image":{"@id":"https:\/\/510premiumcarts.com\/index.php\/product\/acheter-skywalker-og-shatter\/#primaryimage"},"thumbnailUrl":"https:\/\/510premiumcarts.com\/wp-content\/uploads\/2023\/03\/shatter.jpg","datePublished":"2023-03-06T12:09:09+00:00","dateModified":"2023-04-17T05:05:28+00:00","description":"ACHETER SKYWALKER OG SHATTER \u00a0est un hybride \u00e0 dominance indica bien \u00e9quilibr\u00e9 qui aide les patients \u00e0 \u00e9liminer la douleur et \u00e0 se d\u00e9tendre dans le sommeil apr\u00e8s une longue journ\u00e9e de lutte contre le c\u00f4t\u00e9 obscur.","breadcrumb":{"@id":"https:\/\/510premiumcarts.com\/index.php\/product\/acheter-skywalker-og-shatter\/#breadcrumb"},"inLanguage":"fr-FR","potentialAction":[{"@type":"ReadAction","target":["https:\/\/510premiumcarts.com\/index.php\/product\/acheter-skywalker-og-shatter\/"]}]},{"@type":"ImageObject","inLanguage":"fr-FR","@id":"https:\/\/510premiumcarts.com\/index.php\/product\/acheter-skywalker-og-shatter\/#primaryimage","url":"https:\/\/510premiumcarts.com\/wp-content\/uploads\/2023\/03\/shatter.jpg","contentUrl":"https:\/\/510premiumcarts.com\/wp-content\/uploads\/2023\/03\/shatter.jpg","width":640,"height":323,"caption":"BUY SKYWALKER OG SHATTER ONLINE"},{"@type":"BreadcrumbList","@id":"https:\/\/510premiumcarts.com\/index.php\/product\/acheter-skywalker-og-shatter\/#breadcrumb","itemListElement":[{"@type":"ListItem","position":1,"name":"Home","item":"https:\/\/510premiumcarts.com\/"},{"@type":"ListItem","position":2,"name":"Marques de vapotage","item":"https:\/\/510premiumcarts.com\/index.php\/acheter-du-cannabis\/"},{"@type":"ListItem","position":3,"name":"Shatter Wax &#8211; Skywalker OG"}]},{"@type":"WebSite","@id":"https:\/\/510premiumcarts.com\/#website","url":"https:\/\/510premiumcarts.com\/","name":"510 Premium Carts","description":"Just another WordPress site","potentialAction":[{"@type":"SearchAction","target":{"@type":"EntryPoint","urlTemplate":"https:\/\/510premiumcarts.com\/?s={search_term_string}"},"query-input":{"@type":"PropertyValueSpecification","valueRequired":true,"valueName":"search_term_string"}}],"inLanguage":"fr-FR"}]}},"jetpack_sharing_enabled":true,"_links":{"self":[{"href":"https:\/\/510premiumcarts.com\/index.php\/wp-json\/wp\/v2\/product\/1687","targetHints":{"allow":["GET"]}}],"collection":[{"href":"https:\/\/510premiumcarts.com\/index.php\/wp-json\/wp\/v2\/product"}],"about":[{"href":"https:\/\/510premiumcarts.com\/index.php\/wp-json\/wp\/v2\/types\/product"}],"replies":[{"embeddable":true,"href":"https:\/\/510premiumcarts.com\/index.php\/wp-json\/wp\/v2\/comments?post=1687"}],"wp:featuredmedia":[{"embeddable":true,"href":"https:\/\/510premiumcarts.com\/index.php\/wp-json\/wp\/v2\/media\/1688"}],"wp:attachment":[{"href":"https:\/\/510premiumcarts.com\/index.php\/wp-json\/wp\/v2\/media?parent=1687"}],"wp:term":[{"taxonomy":"product_brand","embeddable":true,"href":"https:\/\/510premiumcarts.com\/index.php\/wp-json\/wp\/v2\/product_brand?post=1687"},{"taxonomy":"product_cat","embeddable":true,"href":"https:\/\/510premiumcarts.com\/index.php\/wp-json\/wp\/v2\/product_cat?post=1687"},{"taxonomy":"product_tag","embeddable":true,"href":"https:\/\/510premiumcarts.com\/index.php\/wp-json\/wp\/v2\/product_tag?post=1687"}],"curies":[{"name":"wp","href":"https:\/\/api.w.org\/{rel}","templated":true}]}}