{"id":1691,"date":"2023-03-06T12:17:31","date_gmt":"2023-03-06T12:17:31","guid":{"rendered":"https:\/\/510premiumcarts.com\/?post_type=product&#038;p=1691"},"modified":"2023-04-17T04:53:03","modified_gmt":"2023-04-17T04:53:03","slug":"acheter-paris-og-shatter-wax","status":"publish","type":"product","link":"https:\/\/510premiumcarts.com\/index.php\/product\/acheter-paris-og-shatter-wax\/","title":{"rendered":"Shatter Wax &#8211; Paris OG"},"content":{"rendered":"<h1><a href=\"https:\/\/510premiumcarts.com\/index.php\/product-category\/extracts\/\"><span style=\"color: #ffcc00;\"><strong><span style=\"vertical-align: inherit;\"><span style=\"vertical-align: inherit;\">ACHETER PARIS OG SHATTER Wax EN LIGNE<\/span><\/span><\/strong><\/span><\/a><\/h1>\n<div id=\"potency_profile\" class=\"griditem\">\n<p>Acheter Paris OG Shatter en ligne<\/p>\n<p>Gorilla Glue #4 Shatter offre un rendement \u00e9lev\u00e9 en THC. Gorilla Glue #4 Shatter est un Shatter hybride \u00e0 dominante sativa. Ce Shatter est souvent utilis\u00e9 par ceux qui ressentent le besoin de se soigner eux-m\u00eames. Il peut aider \u00e0 r\u00e9duire les douleurs chroniques telles que l&rsquo;arthrite et les maux de dos chroniques. Il est \u00e9galement utilis\u00e9 pour le traitement du trouble obsessionnel-compulsif (TOC).<\/p>\n<p>THC total\u00a0: 87,65\u00a0%<br \/>\nCBD total\u00a0: 0,23\u00a0%<\/p>\n<p>Paris og shatter \u00e0 vendre,<\/p>\n<p>Premi\u00e8rement, il est plus efficace pour traiter le stress, <a href=\"https:\/\/ogdispensary.org\/product\/paris-og-shatter\/\">la douleur<\/a>, la d\u00e9pression,<br \/>\nInsomnie, manque d&rsquo;app\u00e9tit, etc. Gorilla Glue #4,<a href=\"http:\/\/leafly.com\/\"> d\u00e9ve<\/a>lopp\u00e9 par\u00a0GG Strains,\u00a0est un puissant hybride<br \/>\nsouche qui offre une euphorie et une relaxation lourdes, vous laissant vous sentir \u00abcoll\u00e9\u00bb \u00e0 la<br \/>\ncanap\u00e9. Encore une fois, Shatter est lisse, clair et solide. C&rsquo;est la forme la plus pure et la plus puissante car elle implique une<br \/>\ndeuxi\u00e8me processus d&rsquo;extraction qui \u00e9limine les graisses, les lipides et les cires. M\u00e9dicament tr\u00e8s pur et puissant<br \/>\nproduit. A utiliser de pr\u00e9f\u00e9rence en petites quantit\u00e9s \u00e0 la fois. Shatter est une version raffin\u00e9e du BHO, qui<br \/>\nimplique g\u00e9n\u00e9ralement plusieurs \u00e9tapes pour extraire toute la mati\u00e8re v\u00e9g\u00e9tale et les solvants. Ces \u00e9tapes g\u00e9n\u00e9ralement<br \/>\nimpliquent un vide sous pression. De plus, Shatter est semi-transparent, g\u00e9n\u00e9ralement de couleur jaune ou ambr\u00e9e.<br \/>\nIl s&rsquo;agit g\u00e9n\u00e9ralement d&rsquo;un g\u00e2teau fin, qui \u00ab se brise \u00bb lorsque vous en cassez un morceau, d&rsquo;o\u00f9 son nom. Briser est<br \/>\ntr\u00e8s puissant et peut contenir plus de 90 % de THC.<\/p>\n<h2><strong><span style=\"vertical-align: inherit;\"><span style=\"vertical-align: inherit;\">PARIS OG SHATTER <a href=\"https:\/\/ogdispensary.org\/product\/green-crack-shatter\/\">\u00c0<\/a> VEND<a href=\"https:\/\/ogdispensary.org\/product\/buy-skywalker-og-shatter-online\/\">R<\/a>E<\/span><\/span><\/strong><\/h2>\n<p>acheter Paris et Shatter en ligne<\/p>\n<p>Achetez Paris Shatter Online, Gorilla Glue #4 Shatter offre un rendement \u00e9lev\u00e9 en THC. Gorilla Glue #4 Shatter est un croisement \u00e0 dominante Sativa Shatter. Ce Shatter est fr\u00e9quemment utilis\u00e9 par ceux qui ressentent le besoin de s&rsquo;endormir. Cela peut aider \u00e0 r\u00e9duire les tourments en cours, par exemple, l&rsquo;inflammation des articulations et les tourments persistants du dos. Il est \u00e9galement utilis\u00e9 pour le traitement du trouble obsessionnel-compulsif (TOC).<\/p>\n<p>THC absolu: 87,65 %<\/p>\n<p>CBD absolu: 0,23 %<\/p>\n<p>Acheter Paris OG Gorilla Glue Shatter sur le web<\/p>\n<p>Premi\u00e8rement, il est pr\u00e9f\u00e9rable de traiter le stress, la douleur, la d\u00e9pression,<\/p>\n<p>Privation de sommeil, manque d&rsquo;app\u00e9tit, etc. Gorilla Glue #4, d\u00e9velopp\u00e9 par GG Strains, est un puissant croisement<\/p>\n<p>souche qui transmet l&rsquo;exaltation et la d\u00e9tente sans gr\u00e2ce, vous laissant vous sentir \u00abcoinc\u00e9\u00bb \u00e0 la<\/p>\n<h2><strong><span style=\"vertical-align: inherit;\"><span style=\"vertical-align: inherit;\">PARIS OG SHATTER<\/span><\/span><\/strong><\/h2>\n<p>canap\u00e9. Encore une fois, Shatter est lisse, clair et fort. C&rsquo;est la structure la plus irr\u00e9prochable et la plus solide puisqu&rsquo;elle comprend une deuxi\u00e8me mesure d&rsquo;extraction qui \u00e9limine les graisses, les lipides et les cires. Extr\u00eamement pure et intense r\u00e9paratrice<\/p>\n<p>article. Mieux utilis\u00e9 en petites quantit\u00e9s \u00e0 la fois. La pause est une adaptation raffin\u00e9e du BHO, qui comprend r\u00e9guli\u00e8rement diff\u00e9rentes foul\u00e9es pour \u00e9liminer toutes les mati\u00e8res v\u00e9g\u00e9tales et les solvants. Ces moyens comprennent normalement une d\u00e9pression pond\u00e9r\u00e9e. De plus, Shatter est flou, g\u00e9n\u00e9ralement avec un ton jaune ou dor\u00e9. Il s&rsquo;agit g\u00e9n\u00e9ralement d&rsquo;un g\u00e2teau fragile, qui \u00abcasse\u00bb lorsque vous coupez un morceau, puis le nom. La pause est extr\u00eamement intense et peut aller jusqu&rsquo;\u00e0 90 % de THC.<\/p>\n<p>acheter shatter en ligne, commander Paris og shatter, commander shatter en ligne, Paris OG Shatter, shatter \u00e0 vendre, o\u00f9 acheter Paris og shatter, o\u00f9 acheter shatter<\/p>\n<p>Avantages:<\/p>\n<p>1. Sentiment de bien-\u00eatre et de bien-\u00eatre 2. Pens\u00e9es \u00e9l\u00e9vatrices et c\u00e9r\u00e9brales 3. Stimule et dynamise 4. Augmente la concentration et la cr\u00e9ativit\u00e9 5. Combat la d\u00e9pression<\/p>\n<\/div>\n","protected":false},"excerpt":{"rendered":"<p>1. Sentiment de bien-\u00eatre et de bien-\u00eatre 2. Pens\u00e9es \u00e9l\u00e9vatrices et c\u00e9r\u00e9brales 3. Stimule et dynamise 4. Augmente la concentration et la cr\u00e9ativit\u00e9 5. Combat la d\u00e9pression. Attendez-vous \u00e0 des bourdonnements corporels \u00e9blouissants qui m\u00e8nent \u00e0 des siestes de chat relaxantes dignes de la royaut\u00e9.<\/p>\n","protected":false},"featured_media":1694,"comment_status":"open","ping_status":"closed","template":"","meta":{"_monsterinsights_skip_tracking":false,"_monsterinsights_sitenote_active":false,"_monsterinsights_sitenote_note":"","_monsterinsights_sitenote_category":0},"product_brand":[],"product_cat":[4882],"product_tag":[4884],"class_list":{"0":"post-1691","1":"product","2":"type-product","3":"status-publish","4":"has-post-thumbnail","6":"product_cat-wax-extraits-de-cannabis","7":"product_tag-buy-paris-og-shatter-wax-online","9":"first","10":"instock","11":"shipping-taxable","12":"purchasable","13":"product-type-variable"},"yoast_head":"<!-- This site is optimized with the Yoast SEO plugin v27.3 - https:\/\/yoast.com\/product\/yoast-seo-wordpress\/ -->\n<title>ACHETER PARIS OG SHATTER Wax - 510 Premium Carts<\/title>\n<meta name=\"description\" content=\"ACHETER PARIS OG SHATTER Wax Gorilla Glue #4 Shatter est un Shatter hybride \u00e0 dominante sativa. Ce Shatter est souvent utilis\u00e9 par ceux qui ressentent le\" \/>\n<meta name=\"robots\" content=\"index, follow, max-snippet:-1, max-image-preview:large, max-video-preview:-1\" \/>\n<link rel=\"canonical\" href=\"https:\/\/510premiumcarts.com\/index.php\/product\/acheter-paris-og-shatter-wax\/\" \/>\n<meta property=\"og:locale\" content=\"fr_FR\" \/>\n<meta property=\"og:type\" content=\"article\" \/>\n<meta property=\"og:title\" content=\"ACHETER PARIS OG SHATTER Wax - 510 Premium Carts\" \/>\n<meta property=\"og:description\" content=\"ACHETER PARIS OG SHATTER Wax Gorilla Glue #4 Shatter est un Shatter hybride \u00e0 dominante sativa. Ce Shatter est souvent utilis\u00e9 par ceux qui ressentent le\" \/>\n<meta property=\"og:url\" content=\"https:\/\/510premiumcarts.com\/index.php\/product\/acheter-paris-og-shatter-wax\/\" \/>\n<meta property=\"og:site_name\" content=\"510 Premium Carts\" \/>\n<meta property=\"article:modified_time\" content=\"2023-04-17T04:53:03+00:00\" \/>\n<meta property=\"og:image\" content=\"http:\/\/510premiumcarts.com\/wp-content\/uploads\/2023\/03\/180220_21706_EscocbarCrumble_halfgram.webp\" \/>\n\t<meta property=\"og:image:width\" content=\"1600\" \/>\n\t<meta property=\"og:image:height\" content=\"900\" \/>\n\t<meta property=\"og:image:type\" content=\"image\/webp\" \/>\n<meta name=\"twitter:card\" content=\"summary_large_image\" \/>\n<meta name=\"twitter:label1\" content=\"Dur\u00e9e de lecture estim\u00e9e\" \/>\n\t<meta name=\"twitter:data1\" content=\"3 minutes\" \/>\n<script type=\"application\/ld+json\" class=\"yoast-schema-graph\">{\"@context\":\"https:\\\/\\\/schema.org\",\"@graph\":[{\"@type\":\"WebPage\",\"@id\":\"https:\\\/\\\/510premiumcarts.com\\\/index.php\\\/product\\\/acheter-paris-og-shatter-wax\\\/\",\"url\":\"https:\\\/\\\/510premiumcarts.com\\\/index.php\\\/product\\\/acheter-paris-og-shatter-wax\\\/\",\"name\":\"ACHETER PARIS OG SHATTER Wax - 510 Premium Carts\",\"isPartOf\":{\"@id\":\"https:\\\/\\\/510premiumcarts.com\\\/#website\"},\"primaryImageOfPage\":{\"@id\":\"https:\\\/\\\/510premiumcarts.com\\\/index.php\\\/product\\\/acheter-paris-og-shatter-wax\\\/#primaryimage\"},\"image\":{\"@id\":\"https:\\\/\\\/510premiumcarts.com\\\/index.php\\\/product\\\/acheter-paris-og-shatter-wax\\\/#primaryimage\"},\"thumbnailUrl\":\"https:\\\/\\\/510premiumcarts.com\\\/wp-content\\\/uploads\\\/2023\\\/03\\\/180220_21706_EscocbarCrumble_halfgram.webp\",\"datePublished\":\"2023-03-06T12:17:31+00:00\",\"dateModified\":\"2023-04-17T04:53:03+00:00\",\"description\":\"ACHETER PARIS OG SHATTER Wax Gorilla Glue #4 Shatter est un Shatter hybride \u00e0 dominante sativa. Ce Shatter est souvent utilis\u00e9 par ceux qui ressentent le\",\"breadcrumb\":{\"@id\":\"https:\\\/\\\/510premiumcarts.com\\\/index.php\\\/product\\\/acheter-paris-og-shatter-wax\\\/#breadcrumb\"},\"inLanguage\":\"fr-FR\",\"potentialAction\":[{\"@type\":\"ReadAction\",\"target\":[\"https:\\\/\\\/510premiumcarts.com\\\/index.php\\\/product\\\/acheter-paris-og-shatter-wax\\\/\"]}]},{\"@type\":\"ImageObject\",\"inLanguage\":\"fr-FR\",\"@id\":\"https:\\\/\\\/510premiumcarts.com\\\/index.php\\\/product\\\/acheter-paris-og-shatter-wax\\\/#primaryimage\",\"url\":\"https:\\\/\\\/510premiumcarts.com\\\/wp-content\\\/uploads\\\/2023\\\/03\\\/180220_21706_EscocbarCrumble_halfgram.webp\",\"contentUrl\":\"https:\\\/\\\/510premiumcarts.com\\\/wp-content\\\/uploads\\\/2023\\\/03\\\/180220_21706_EscocbarCrumble_halfgram.webp\",\"width\":1600,\"height\":900,\"caption\":\"BUY PARIS OG SHATTER Wax ONLINE\"},{\"@type\":\"BreadcrumbList\",\"@id\":\"https:\\\/\\\/510premiumcarts.com\\\/index.php\\\/product\\\/acheter-paris-og-shatter-wax\\\/#breadcrumb\",\"itemListElement\":[{\"@type\":\"ListItem\",\"position\":1,\"name\":\"Home\",\"item\":\"https:\\\/\\\/510premiumcarts.com\\\/\"},{\"@type\":\"ListItem\",\"position\":2,\"name\":\"Marques de vapotage\",\"item\":\"https:\\\/\\\/510premiumcarts.com\\\/index.php\\\/acheter-du-cannabis\\\/\"},{\"@type\":\"ListItem\",\"position\":3,\"name\":\"Shatter Wax &#8211; Paris OG\"}]},{\"@type\":\"WebSite\",\"@id\":\"https:\\\/\\\/510premiumcarts.com\\\/#website\",\"url\":\"https:\\\/\\\/510premiumcarts.com\\\/\",\"name\":\"510 Premium Carts\",\"description\":\"Just another WordPress site\",\"potentialAction\":[{\"@type\":\"SearchAction\",\"target\":{\"@type\":\"EntryPoint\",\"urlTemplate\":\"https:\\\/\\\/510premiumcarts.com\\\/?s={search_term_string}\"},\"query-input\":{\"@type\":\"PropertyValueSpecification\",\"valueRequired\":true,\"valueName\":\"search_term_string\"}}],\"inLanguage\":\"fr-FR\"}]}<\/script>\n<!-- \/ Yoast SEO plugin. -->","yoast_head_json":{"title":"ACHETER PARIS OG SHATTER Wax - 510 Premium Carts","description":"ACHETER PARIS OG SHATTER Wax Gorilla Glue #4 Shatter est un Shatter hybride \u00e0 dominante sativa. Ce Shatter est souvent utilis\u00e9 par ceux qui ressentent le","robots":{"index":"index","follow":"follow","max-snippet":"max-snippet:-1","max-image-preview":"max-image-preview:large","max-video-preview":"max-video-preview:-1"},"canonical":"https:\/\/510premiumcarts.com\/index.php\/product\/acheter-paris-og-shatter-wax\/","og_locale":"fr_FR","og_type":"article","og_title":"ACHETER PARIS OG SHATTER Wax - 510 Premium Carts","og_description":"ACHETER PARIS OG SHATTER Wax Gorilla Glue #4 Shatter est un Shatter hybride \u00e0 dominante sativa. Ce Shatter est souvent utilis\u00e9 par ceux qui ressentent le","og_url":"https:\/\/510premiumcarts.com\/index.php\/product\/acheter-paris-og-shatter-wax\/","og_site_name":"510 Premium Carts","article_modified_time":"2023-04-17T04:53:03+00:00","og_image":[{"width":1600,"height":900,"url":"http:\/\/510premiumcarts.com\/wp-content\/uploads\/2023\/03\/180220_21706_EscocbarCrumble_halfgram.webp","type":"image\/webp"}],"twitter_card":"summary_large_image","twitter_misc":{"Dur\u00e9e de lecture estim\u00e9e":"3 minutes"},"schema":{"@context":"https:\/\/schema.org","@graph":[{"@type":"WebPage","@id":"https:\/\/510premiumcarts.com\/index.php\/product\/acheter-paris-og-shatter-wax\/","url":"https:\/\/510premiumcarts.com\/index.php\/product\/acheter-paris-og-shatter-wax\/","name":"ACHETER PARIS OG SHATTER Wax - 510 Premium Carts","isPartOf":{"@id":"https:\/\/510premiumcarts.com\/#website"},"primaryImageOfPage":{"@id":"https:\/\/510premiumcarts.com\/index.php\/product\/acheter-paris-og-shatter-wax\/#primaryimage"},"image":{"@id":"https:\/\/510premiumcarts.com\/index.php\/product\/acheter-paris-og-shatter-wax\/#primaryimage"},"thumbnailUrl":"https:\/\/510premiumcarts.com\/wp-content\/uploads\/2023\/03\/180220_21706_EscocbarCrumble_halfgram.webp","datePublished":"2023-03-06T12:17:31+00:00","dateModified":"2023-04-17T04:53:03+00:00","description":"ACHETER PARIS OG SHATTER Wax Gorilla Glue #4 Shatter est un Shatter hybride \u00e0 dominante sativa. Ce Shatter est souvent utilis\u00e9 par ceux qui ressentent le","breadcrumb":{"@id":"https:\/\/510premiumcarts.com\/index.php\/product\/acheter-paris-og-shatter-wax\/#breadcrumb"},"inLanguage":"fr-FR","potentialAction":[{"@type":"ReadAction","target":["https:\/\/510premiumcarts.com\/index.php\/product\/acheter-paris-og-shatter-wax\/"]}]},{"@type":"ImageObject","inLanguage":"fr-FR","@id":"https:\/\/510premiumcarts.com\/index.php\/product\/acheter-paris-og-shatter-wax\/#primaryimage","url":"https:\/\/510premiumcarts.com\/wp-content\/uploads\/2023\/03\/180220_21706_EscocbarCrumble_halfgram.webp","contentUrl":"https:\/\/510premiumcarts.com\/wp-content\/uploads\/2023\/03\/180220_21706_EscocbarCrumble_halfgram.webp","width":1600,"height":900,"caption":"BUY PARIS OG SHATTER Wax ONLINE"},{"@type":"BreadcrumbList","@id":"https:\/\/510premiumcarts.com\/index.php\/product\/acheter-paris-og-shatter-wax\/#breadcrumb","itemListElement":[{"@type":"ListItem","position":1,"name":"Home","item":"https:\/\/510premiumcarts.com\/"},{"@type":"ListItem","position":2,"name":"Marques de vapotage","item":"https:\/\/510premiumcarts.com\/index.php\/acheter-du-cannabis\/"},{"@type":"ListItem","position":3,"name":"Shatter Wax &#8211; Paris OG"}]},{"@type":"WebSite","@id":"https:\/\/510premiumcarts.com\/#website","url":"https:\/\/510premiumcarts.com\/","name":"510 Premium Carts","description":"Just another WordPress site","potentialAction":[{"@type":"SearchAction","target":{"@type":"EntryPoint","urlTemplate":"https:\/\/510premiumcarts.com\/?s={search_term_string}"},"query-input":{"@type":"PropertyValueSpecification","valueRequired":true,"valueName":"search_term_string"}}],"inLanguage":"fr-FR"}]}},"jetpack_sharing_enabled":true,"_links":{"self":[{"href":"https:\/\/510premiumcarts.com\/index.php\/wp-json\/wp\/v2\/product\/1691","targetHints":{"allow":["GET"]}}],"collection":[{"href":"https:\/\/510premiumcarts.com\/index.php\/wp-json\/wp\/v2\/product"}],"about":[{"href":"https:\/\/510premiumcarts.com\/index.php\/wp-json\/wp\/v2\/types\/product"}],"replies":[{"embeddable":true,"href":"https:\/\/510premiumcarts.com\/index.php\/wp-json\/wp\/v2\/comments?post=1691"}],"wp:featuredmedia":[{"embeddable":true,"href":"https:\/\/510premiumcarts.com\/index.php\/wp-json\/wp\/v2\/media\/1694"}],"wp:attachment":[{"href":"https:\/\/510premiumcarts.com\/index.php\/wp-json\/wp\/v2\/media?parent=1691"}],"wp:term":[{"taxonomy":"product_brand","embeddable":true,"href":"https:\/\/510premiumcarts.com\/index.php\/wp-json\/wp\/v2\/product_brand?post=1691"},{"taxonomy":"product_cat","embeddable":true,"href":"https:\/\/510premiumcarts.com\/index.php\/wp-json\/wp\/v2\/product_cat?post=1691"},{"taxonomy":"product_tag","embeddable":true,"href":"https:\/\/510premiumcarts.com\/index.php\/wp-json\/wp\/v2\/product_tag?post=1691"}],"curies":[{"name":"wp","href":"https:\/\/api.w.org\/{rel}","templated":true}]}}