{"id":1695,"date":"2023-03-06T12:24:41","date_gmt":"2023-03-06T12:24:41","guid":{"rendered":"https:\/\/510premiumcarts.com\/?post_type=product&#038;p=1695"},"modified":"2023-04-17T04:40:07","modified_gmt":"2023-04-17T04:40:07","slug":"acheter-og-kush-shatter-wax","status":"publish","type":"product","link":"https:\/\/510premiumcarts.com\/index.php\/product\/acheter-og-kush-shatter-wax\/","title":{"rendered":"Shatter Wax &#8211; OG Kush"},"content":{"rendered":"<h1><a href=\"https:\/\/510premiumcarts.com\/index.php\/product-category\/extracts\/\"><span style=\"color: #ffcc00;\"><strong><span style=\"vertical-align: inherit;\"><span style=\"vertical-align: inherit;\">ACHETER OG KUSH SHATTER WAX EN LIGNE<\/span><\/span><\/strong><\/span><\/a><\/h1>\n<p>Achetez OG Kush Shatter en ligne, nous pensons que la combinaison de ces deux m\u00e9thodes d&rsquo;extraction est le seul v\u00e9ritable moyen de maintenir les caract\u00e9ristiques individuelles sp\u00e9cifiques des souches de base utilis\u00e9es, en conservant toutes les notes de saveur originales, les profils terp\u00e9niques et les effets <a href=\"https:\/\/ogdispensary.org\/product\/buy-skywalker-og-shatter-online\/\">personnalis\u00e9s<\/a>.<\/p>\n<p>Bienvenue OG \u00a0Kush shatter.<\/p>\n<p>Acheter OG Kush Shatter en ligneIls n&rsquo;utilisent aucun \u00e9dulcorant, sirop ou ar\u00f4me artificiel \u00e0 base de sucre dans aucun de nos produits shatter.<\/p>\n<p>510premiumcarts utilise uniquement des terp\u00e8nes \u00e0 base de souches pour am\u00e9liorer les profils de terp\u00e8nes et les notes de saveur existants<\/p>\n<p><strong><span style=\"vertical-align: inherit;\"><span style=\"vertical-align: inherit;\">INFORMATIONS SUR LA SOUCHE \u2013 OG Kush<\/span><\/span><\/strong><\/p>\n<p>Ce produit est une combinaison des souches Gorilla Glue et OG Kush.<\/p>\n<p>Ce shatter \u00e0 base de Kush procure un high tr\u00e8s intense tout en vous donnant un ar\u00f4me de pin robuste et skunk.<\/p>\n<p>OGK est parfait pour les puristes de Kush. Pas pour les d\u00e9butants !<\/p>\n<p>THC\u00a0: 89\u00a0%<\/p>\n<p>CBD : NA<\/p>\n<h2><strong><span style=\"vertical-align: inherit;\"><span style=\"vertical-align: inherit;\">OG KUSH SHATTER \u00c0 <a href=\"https:\/\/www.leafly.com\/strains\/og-kush\">VENDRE<\/a><\/span><\/span><\/strong><\/h2>\n<p>Tout le cannabis parent utilis\u00e9 pour cr\u00e9er des tests d&rsquo;\u00e9clatement GOC \u00e0 une moyenne de 25,5 \u00e0 26 % de THC et de 0,386 % de CBD.<\/p>\n<p>Alors que certaines vari\u00e9t\u00e9s \u00e0 base de Sativa que nous utilisons contiennent jusqu&rsquo;\u00e0 1,2 % de CBD par gramme.<\/p>\n<p>510premiumcarts shatter Les % de THC se situent entre le milieu des ann\u00e9es 70 et pr\u00e8s de 90 % selon les souches utilis\u00e9es.<\/p>\n<p>Chez 510premiumcarts, nous avons choisi de produire des produits shatter aussi fid\u00e8les que possible \u00e0 la vari\u00e9t\u00e9 de cannabis d&rsquo;origine utilis\u00e9e.<\/p>\n<p>Nous nous effor\u00e7ons d&rsquo;utiliser les souches de la plus haute qualit\u00e9 et les plus savoureuses que nous puissions trouver pour toujours offrir \u00e0 nos clients la meilleure exp\u00e9rience de dabbing possible.<\/p>\n<p>De plus, nous ne sommes jamais satisfaits \u00e0 moins de faire de notre mieux et nous continuons donc \u00e0 trouver et \u00e0 utiliser sans cesse de nouvelles m\u00e9thodes pour toujours amener nos produits \u00e0 de nouveaux niveaux pour nos clients.<\/p>\n<h3><strong><span style=\"vertical-align: inherit;\"><span style=\"vertical-align: inherit;\">OG KUSH SHATTER<\/span><\/span><\/strong><\/h3>\n<p><strong>Similaire \u00e0<\/strong>: Candy Jack, Blue Dragon, Golden Goat<\/p>\n<p><strong>Effets<\/strong>: Affam\u00e9, Euphorique, D\u00e9tendu, Heureux, \u00c9lev\u00e9<\/p>\n<p><strong>M\u00e9dical<\/strong>: Stress, Insomnie, Douleur<\/p>\n<p><strong>Puissance<\/strong>: 70-90 % de teneur en THC.<\/p>\n<p>og kush shatter \u00e0 vendre est fabriqu\u00e9 \u00e0 partir de cannabis OG Kush de la plus haute qualit\u00e9 au Canada. Cette souche hybride de cannabis a une lign\u00e9e remontant \u00e0 Chemdawg et \u00e0 l&rsquo;Hindu Kush offrant de nombreux avantages aux patients m\u00e9dicaux et aux consommateurs r\u00e9cr\u00e9atifs.<\/p>\n","protected":false},"excerpt":{"rendered":"<p><strong>Parents<\/strong>: Chemdawg, Hindu Kush<\/p>\n<p><strong>Similaire \u00e0:<\/strong> Candy Jack, Blue Dragon, Golden Goat<\/p>\n<p><strong>Effets<\/strong>: Affam\u00e9, Euphorique, D\u00e9tendu, Heureux, \u00c9lev\u00e9<\/p>\n<p><strong>M\u00e9dical:<\/strong> Stress, Insomnie, Douleur<\/p>\n<p><strong>Puissance:<\/strong> 70-90 % de teneur en THC.<\/p>\n","protected":false},"featured_media":1696,"comment_status":"open","ping_status":"closed","template":"","meta":{"_monsterinsights_skip_tracking":false,"_monsterinsights_sitenote_active":false,"_monsterinsights_sitenote_note":"","_monsterinsights_sitenote_category":0},"product_brand":[],"product_cat":[4882],"product_tag":[6618],"class_list":{"0":"post-1695","1":"product","2":"type-product","3":"status-publish","4":"has-post-thumbnail","6":"product_cat-wax-extraits-de-cannabis","7":"product_tag-acheter-og-kush-shatter-wax-en-ligne","9":"first","10":"instock","11":"shipping-taxable","12":"purchasable","13":"product-type-variable"},"yoast_head":"<!-- This site is optimized with the Yoast SEO plugin v27.3 - https:\/\/yoast.com\/product\/yoast-seo-wordpress\/ -->\n<title>ACHETER OG KUSH SHATTER WAX - 510 Premium Carts<\/title>\n<meta name=\"description\" content=\"ACHETER OG KUSH SHATTER WAX Nous croyons que la combinaison de ces deux m\u00e9thodes d&#039;extraction est la seule vraie mani\u00e8re de maintenir l&#039;individu sp\u00e9cifique\" \/>\n<meta name=\"robots\" content=\"index, follow, max-snippet:-1, max-image-preview:large, max-video-preview:-1\" \/>\n<link rel=\"canonical\" href=\"https:\/\/510premiumcarts.com\/index.php\/product\/acheter-og-kush-shatter-wax\/\" \/>\n<meta property=\"og:locale\" content=\"fr_FR\" \/>\n<meta property=\"og:type\" content=\"article\" \/>\n<meta property=\"og:title\" content=\"ACHETER OG KUSH SHATTER WAX - 510 Premium Carts\" \/>\n<meta property=\"og:description\" content=\"ACHETER OG KUSH SHATTER WAX Nous croyons que la combinaison de ces deux m\u00e9thodes d&#039;extraction est la seule vraie mani\u00e8re de maintenir l&#039;individu sp\u00e9cifique\" \/>\n<meta property=\"og:url\" content=\"https:\/\/510premiumcarts.com\/index.php\/product\/acheter-og-kush-shatter-wax\/\" \/>\n<meta property=\"og:site_name\" content=\"510 Premium Carts\" \/>\n<meta property=\"article:modified_time\" content=\"2023-04-17T04:40:07+00:00\" \/>\n<meta property=\"og:image\" content=\"http:\/\/510premiumcarts.com\/wp-content\/uploads\/2023\/03\/3667_alp8_large_large_wax.jpg\" \/>\n\t<meta property=\"og:image:width\" content=\"770\" \/>\n\t<meta property=\"og:image:height\" content=\"627\" \/>\n\t<meta property=\"og:image:type\" content=\"image\/jpeg\" \/>\n<meta name=\"twitter:card\" content=\"summary_large_image\" \/>\n<meta name=\"twitter:label1\" content=\"Dur\u00e9e de lecture estim\u00e9e\" \/>\n\t<meta name=\"twitter:data1\" content=\"3 minutes\" \/>\n<script type=\"application\/ld+json\" class=\"yoast-schema-graph\">{\"@context\":\"https:\\\/\\\/schema.org\",\"@graph\":[{\"@type\":\"WebPage\",\"@id\":\"https:\\\/\\\/510premiumcarts.com\\\/index.php\\\/product\\\/acheter-og-kush-shatter-wax\\\/\",\"url\":\"https:\\\/\\\/510premiumcarts.com\\\/index.php\\\/product\\\/acheter-og-kush-shatter-wax\\\/\",\"name\":\"ACHETER OG KUSH SHATTER WAX - 510 Premium Carts\",\"isPartOf\":{\"@id\":\"https:\\\/\\\/510premiumcarts.com\\\/#website\"},\"primaryImageOfPage\":{\"@id\":\"https:\\\/\\\/510premiumcarts.com\\\/index.php\\\/product\\\/acheter-og-kush-shatter-wax\\\/#primaryimage\"},\"image\":{\"@id\":\"https:\\\/\\\/510premiumcarts.com\\\/index.php\\\/product\\\/acheter-og-kush-shatter-wax\\\/#primaryimage\"},\"thumbnailUrl\":\"https:\\\/\\\/510premiumcarts.com\\\/wp-content\\\/uploads\\\/2023\\\/03\\\/3667_alp8_large_large_wax.jpg\",\"datePublished\":\"2023-03-06T12:24:41+00:00\",\"dateModified\":\"2023-04-17T04:40:07+00:00\",\"description\":\"ACHETER OG KUSH SHATTER WAX Nous croyons que la combinaison de ces deux m\u00e9thodes d'extraction est la seule vraie mani\u00e8re de maintenir l'individu sp\u00e9cifique\",\"breadcrumb\":{\"@id\":\"https:\\\/\\\/510premiumcarts.com\\\/index.php\\\/product\\\/acheter-og-kush-shatter-wax\\\/#breadcrumb\"},\"inLanguage\":\"fr-FR\",\"potentialAction\":[{\"@type\":\"ReadAction\",\"target\":[\"https:\\\/\\\/510premiumcarts.com\\\/index.php\\\/product\\\/acheter-og-kush-shatter-wax\\\/\"]}]},{\"@type\":\"ImageObject\",\"inLanguage\":\"fr-FR\",\"@id\":\"https:\\\/\\\/510premiumcarts.com\\\/index.php\\\/product\\\/acheter-og-kush-shatter-wax\\\/#primaryimage\",\"url\":\"https:\\\/\\\/510premiumcarts.com\\\/wp-content\\\/uploads\\\/2023\\\/03\\\/3667_alp8_large_large_wax.jpg\",\"contentUrl\":\"https:\\\/\\\/510premiumcarts.com\\\/wp-content\\\/uploads\\\/2023\\\/03\\\/3667_alp8_large_large_wax.jpg\",\"width\":770,\"height\":627,\"caption\":\"ACHETER OG KUSH SHATTER WAX EN LIGNE\"},{\"@type\":\"BreadcrumbList\",\"@id\":\"https:\\\/\\\/510premiumcarts.com\\\/index.php\\\/product\\\/acheter-og-kush-shatter-wax\\\/#breadcrumb\",\"itemListElement\":[{\"@type\":\"ListItem\",\"position\":1,\"name\":\"Home\",\"item\":\"https:\\\/\\\/510premiumcarts.com\\\/\"},{\"@type\":\"ListItem\",\"position\":2,\"name\":\"Marques de vapotage\",\"item\":\"https:\\\/\\\/510premiumcarts.com\\\/index.php\\\/acheter-du-cannabis\\\/\"},{\"@type\":\"ListItem\",\"position\":3,\"name\":\"Shatter Wax &#8211; OG Kush\"}]},{\"@type\":\"WebSite\",\"@id\":\"https:\\\/\\\/510premiumcarts.com\\\/#website\",\"url\":\"https:\\\/\\\/510premiumcarts.com\\\/\",\"name\":\"510 Premium Carts\",\"description\":\"Just another WordPress site\",\"potentialAction\":[{\"@type\":\"SearchAction\",\"target\":{\"@type\":\"EntryPoint\",\"urlTemplate\":\"https:\\\/\\\/510premiumcarts.com\\\/?s={search_term_string}\"},\"query-input\":{\"@type\":\"PropertyValueSpecification\",\"valueRequired\":true,\"valueName\":\"search_term_string\"}}],\"inLanguage\":\"fr-FR\"}]}<\/script>\n<!-- \/ Yoast SEO plugin. -->","yoast_head_json":{"title":"ACHETER OG KUSH SHATTER WAX - 510 Premium Carts","description":"ACHETER OG KUSH SHATTER WAX Nous croyons que la combinaison de ces deux m\u00e9thodes d'extraction est la seule vraie mani\u00e8re de maintenir l'individu sp\u00e9cifique","robots":{"index":"index","follow":"follow","max-snippet":"max-snippet:-1","max-image-preview":"max-image-preview:large","max-video-preview":"max-video-preview:-1"},"canonical":"https:\/\/510premiumcarts.com\/index.php\/product\/acheter-og-kush-shatter-wax\/","og_locale":"fr_FR","og_type":"article","og_title":"ACHETER OG KUSH SHATTER WAX - 510 Premium Carts","og_description":"ACHETER OG KUSH SHATTER WAX Nous croyons que la combinaison de ces deux m\u00e9thodes d'extraction est la seule vraie mani\u00e8re de maintenir l'individu sp\u00e9cifique","og_url":"https:\/\/510premiumcarts.com\/index.php\/product\/acheter-og-kush-shatter-wax\/","og_site_name":"510 Premium Carts","article_modified_time":"2023-04-17T04:40:07+00:00","og_image":[{"width":770,"height":627,"url":"http:\/\/510premiumcarts.com\/wp-content\/uploads\/2023\/03\/3667_alp8_large_large_wax.jpg","type":"image\/jpeg"}],"twitter_card":"summary_large_image","twitter_misc":{"Dur\u00e9e de lecture estim\u00e9e":"3 minutes"},"schema":{"@context":"https:\/\/schema.org","@graph":[{"@type":"WebPage","@id":"https:\/\/510premiumcarts.com\/index.php\/product\/acheter-og-kush-shatter-wax\/","url":"https:\/\/510premiumcarts.com\/index.php\/product\/acheter-og-kush-shatter-wax\/","name":"ACHETER OG KUSH SHATTER WAX - 510 Premium Carts","isPartOf":{"@id":"https:\/\/510premiumcarts.com\/#website"},"primaryImageOfPage":{"@id":"https:\/\/510premiumcarts.com\/index.php\/product\/acheter-og-kush-shatter-wax\/#primaryimage"},"image":{"@id":"https:\/\/510premiumcarts.com\/index.php\/product\/acheter-og-kush-shatter-wax\/#primaryimage"},"thumbnailUrl":"https:\/\/510premiumcarts.com\/wp-content\/uploads\/2023\/03\/3667_alp8_large_large_wax.jpg","datePublished":"2023-03-06T12:24:41+00:00","dateModified":"2023-04-17T04:40:07+00:00","description":"ACHETER OG KUSH SHATTER WAX Nous croyons que la combinaison de ces deux m\u00e9thodes d'extraction est la seule vraie mani\u00e8re de maintenir l'individu sp\u00e9cifique","breadcrumb":{"@id":"https:\/\/510premiumcarts.com\/index.php\/product\/acheter-og-kush-shatter-wax\/#breadcrumb"},"inLanguage":"fr-FR","potentialAction":[{"@type":"ReadAction","target":["https:\/\/510premiumcarts.com\/index.php\/product\/acheter-og-kush-shatter-wax\/"]}]},{"@type":"ImageObject","inLanguage":"fr-FR","@id":"https:\/\/510premiumcarts.com\/index.php\/product\/acheter-og-kush-shatter-wax\/#primaryimage","url":"https:\/\/510premiumcarts.com\/wp-content\/uploads\/2023\/03\/3667_alp8_large_large_wax.jpg","contentUrl":"https:\/\/510premiumcarts.com\/wp-content\/uploads\/2023\/03\/3667_alp8_large_large_wax.jpg","width":770,"height":627,"caption":"ACHETER OG KUSH SHATTER WAX EN LIGNE"},{"@type":"BreadcrumbList","@id":"https:\/\/510premiumcarts.com\/index.php\/product\/acheter-og-kush-shatter-wax\/#breadcrumb","itemListElement":[{"@type":"ListItem","position":1,"name":"Home","item":"https:\/\/510premiumcarts.com\/"},{"@type":"ListItem","position":2,"name":"Marques de vapotage","item":"https:\/\/510premiumcarts.com\/index.php\/acheter-du-cannabis\/"},{"@type":"ListItem","position":3,"name":"Shatter Wax &#8211; OG Kush"}]},{"@type":"WebSite","@id":"https:\/\/510premiumcarts.com\/#website","url":"https:\/\/510premiumcarts.com\/","name":"510 Premium Carts","description":"Just another WordPress site","potentialAction":[{"@type":"SearchAction","target":{"@type":"EntryPoint","urlTemplate":"https:\/\/510premiumcarts.com\/?s={search_term_string}"},"query-input":{"@type":"PropertyValueSpecification","valueRequired":true,"valueName":"search_term_string"}}],"inLanguage":"fr-FR"}]}},"jetpack_sharing_enabled":true,"_links":{"self":[{"href":"https:\/\/510premiumcarts.com\/index.php\/wp-json\/wp\/v2\/product\/1695","targetHints":{"allow":["GET"]}}],"collection":[{"href":"https:\/\/510premiumcarts.com\/index.php\/wp-json\/wp\/v2\/product"}],"about":[{"href":"https:\/\/510premiumcarts.com\/index.php\/wp-json\/wp\/v2\/types\/product"}],"replies":[{"embeddable":true,"href":"https:\/\/510premiumcarts.com\/index.php\/wp-json\/wp\/v2\/comments?post=1695"}],"wp:featuredmedia":[{"embeddable":true,"href":"https:\/\/510premiumcarts.com\/index.php\/wp-json\/wp\/v2\/media\/1696"}],"wp:attachment":[{"href":"https:\/\/510premiumcarts.com\/index.php\/wp-json\/wp\/v2\/media?parent=1695"}],"wp:term":[{"taxonomy":"product_brand","embeddable":true,"href":"https:\/\/510premiumcarts.com\/index.php\/wp-json\/wp\/v2\/product_brand?post=1695"},{"taxonomy":"product_cat","embeddable":true,"href":"https:\/\/510premiumcarts.com\/index.php\/wp-json\/wp\/v2\/product_cat?post=1695"},{"taxonomy":"product_tag","embeddable":true,"href":"https:\/\/510premiumcarts.com\/index.php\/wp-json\/wp\/v2\/product_tag?post=1695"}],"curies":[{"name":"wp","href":"https:\/\/api.w.org\/{rel}","templated":true}]}}