{"id":1701,"date":"2023-03-06T12:29:28","date_gmt":"2023-03-06T12:29:28","guid":{"rendered":"https:\/\/510premiumcarts.com\/?post_type=product&#038;p=1701"},"modified":"2023-04-17T04:23:41","modified_gmt":"2023-04-17T04:23:41","slug":"acheter-green-crack-shatter-wax-en-ligne","status":"publish","type":"product","link":"https:\/\/510premiumcarts.com\/index.php\/product\/acheter-green-crack-shatter-wax-en-ligne\/","title":{"rendered":"Shatter Wax &#8211; Green Crack"},"content":{"rendered":"<h1><a href=\"https:\/\/510premiumcarts.com\/index.php\/product-category\/extracts\/\"><span style=\"color: #ffcc00;\"><strong><span style=\"vertical-align: inherit;\"><span style=\"vertical-align: inherit;\">ACHETER GREEN CRACK SHATTER WAX EN LIGNE<\/span><\/span><\/strong><\/span><\/a><\/h1>\n<p>acheter Green Crack Shatter en ligne<\/p>\n<p><strong>Parent<\/strong>: Mouffette #1<\/p>\n<p><strong>Similaire \u00e0<\/strong>:\u00a0 Jack l&rsquo;\u00c9ventreur, Key Lime Pie, Griz Kush<\/p>\n<p><strong>Saveurs<\/strong>: Citron, Terreux, Sucr\u00e9, Acidul\u00e9<\/p>\n<p><strong>Effets<\/strong>: Tonifiant, \u00c9lev\u00e9, Concentr\u00e9, \u00c9nerg\u00e9tique, Cr\u00e9atif, Euphorique<\/p>\n<p><strong>M\u00e9dical:<\/strong> Fatigue, Stress, D\u00e9pression, Anxi\u00e9t\u00e9<\/p>\n<p><strong><a href=\"https:\/\/ogdispensary.org\/product\/green-crack-shatter\/\">Puissance<\/a>:<\/strong> 70-90\u00a0% de teneur en THC.<\/p>\n<p>Ceci est fabriqu\u00e9 \u00e0 partir de cannabis Green Crack de haute qualit\u00e9. acheter Green Crack est connu pour fournir des effets revigorants, augmenter la cr\u00e9ativit\u00e9 et fournir un soulagement substantiel du stress, de la d\u00e9pression et de la fatigue. La Green Crack Shatter peut \u00eatre appr\u00e9ci\u00e9e comme vous pr\u00e9f\u00e9rez dabber, que ce soit dans une plate-forme, un stylo \u00e0 tamponner ou m\u00e9lang\u00e9e \u00e0 votre herbe enroul\u00e9e autour d&rsquo;un joint. \u00e9clat de fissure verte \u00e0 vendre. <span style=\"color: #ffffff;\">ACHETER GREEN CRACK SHATTER WAX EN LIGNE<\/span><\/p>\n<p>God&rsquo;s Green Crack est une vari\u00e9t\u00e9 hybride \u00e9quilibr\u00e9e cr\u00e9\u00e9e par Jordan of the Islands, qui voulait all\u00e9ger les effets lourds de God Bud avec une sativa Green Crack de haut vol.<\/p>\n<h2><span id=\"GREEN_CRACK_SHATTER_FOR_SALE\" class=\"ez-toc-section\"><\/span><strong><span style=\"vertical-align: inherit;\"><span style=\"vertical-align: inherit;\">GREEN CRACK SHATTER \u00c0 VENDRE<\/span><\/span><\/strong><\/h2>\n<p>Les parents indica et sativa travaillent ensemble pour <a href=\"https:\/\/ogdispensary.org\/product\/crack-og-smartbud\/\">offrir<\/a> une dualit\u00e9 d&rsquo;effets sur la t\u00eate et le corps. Cela remonte le moral tout en relaxant les muscles. Ses bourgeons prennent une coloration violet fonc\u00e9 vers la fin de sa maturation, surtout lorsqu&rsquo;ils sont cultiv\u00e9s \u00e0 des temp\u00e9ratures plus basses. <span style=\"color: #ffffff;\">ACHETER GREEN CRACK SHATTER WAX EN LIGNE<\/span><\/p>\n<div class=\"row small-gutter\">\n<div class=\"col-xs-12 col-sm-6 wider\">\n<div class=\"face front\">\n<h3><span id=\"TO_ORDER_OUR_TOP-QUALITY_NOW_GO_TO_HOW_TO_ORDER\" class=\"ez-toc-section\"><\/span><strong><span style=\"vertical-align: inherit;\"><span style=\"vertical-align: inherit;\">POUR COMMANDER NOTRE QUALIT\u00c9 SUP\u00c9RIEURE MAINTENANT, ALLEZ \u00c0:\u00a0\u00a0 COMMENT COMMANDER <\/span><\/span><\/strong><a href=\"https:\/\/globalcannabisshop.net\/buy-weed-online-usa\/\"><span style=\"vertical-align: inherit;\"><span style=\"vertical-align: inherit;\">.<\/span><\/span><\/a><\/h3>\n<p>Enfin, vous pouvez en savoir plus cliquez ICI<\/p>\n<p>Nous vous servirons \u00e0 des prix int\u00e9ressants et abordables. Peu de vari\u00e9t\u00e9s s&rsquo;assimilent au dieu Shatter, c&rsquo;est une forte intensit\u00e9 et se concentre car elle provoque un bourdonnement \u00e9motionnel revigorant qui vous permet de continuer toute la journ\u00e9e. Il a une saveur de mangue acidul\u00e9e, fruit\u00e9e et parfum\u00e9e, ce qui en fait le rem\u00e8de de jour id\u00e9al pour les patients aux prises avec l&rsquo;\u00e9puisement, le stress et la d\u00e9pression.<\/p>\n<h3><span id=\"GREEN_CRACK_SHATTER\" class=\"ez-toc-section\"><\/span><strong><span style=\"vertical-align: inherit;\"><span style=\"vertical-align: inherit;\">GREEN CRACK SHATTER<\/span><\/span><\/strong><\/h3>\n<p>Hybride \u00e9quilibr\u00e9 \u2013 50 % Sativa\/50 % Indica<\/p>\n<p>Ce shatter est toujours trait\u00e9 \u00e0 l&rsquo;aide de p\u00e9pites sp\u00e9cifiques \u00e0 la souche et de butane de qualit\u00e9 m\u00e9dicale de qualit\u00e9 sup\u00e9rieure. Green Crack est une vari\u00e9t\u00e9 sativa avec peu d&rsquo;\u00e9gaux. Green Crack est la vari\u00e9t\u00e9 de jour parfaite qui vous fera traverser n&rsquo;importe quoi!<br \/>\n<span id=\"Balanced_Hybrid_-_50_Sativa_50_Indica\" class=\"ez-toc-section\"><\/span><\/p>\n<table class=\"shop_attributes\" width=\"582\">\n<tbody>\n<tr>\n<th>COH\u00c9RENCE<\/th>\n<td><span style=\"vertical-align: inherit;\"><span style=\"vertical-align: inherit;\">Shatter<\/span><\/span><\/td>\n<\/tr>\n<tr>\n<th>HEUREUSE<\/th>\n<td><span style=\"vertical-align: inherit;\"><span style=\"vertical-align: inherit;\">1 Gramme<\/span><\/span><\/td>\n<\/tr>\n<tr>\n<th>EFFETS<\/th>\n<td>\u00c9nergique, joyeux, \u00e9difi\u00e9, euphorique et concentr\u00e9<\/td>\n<\/tr>\n<tr>\n<th>EFFETS M\u00c9DICINAUX<\/th>\n<td>Stress, d\u00e9pression, anxi\u00e9t\u00e9, douleur, fatigue et manque d&rsquo;app\u00e9tit<\/td>\n<\/tr>\n<tr>\n<th>PH\u00c9NOTYPE<\/th>\n<td><span style=\"vertical-align: inherit;\"><span style=\"vertical-align: inherit;\">Sativa<\/span><\/span><\/td>\n<\/tr>\n<tr>\n<th>GO\u00dbT<\/th>\n<td>Terreux, doux et agrumes<\/td>\n<\/tr>\n<\/tbody>\n<\/table>\n<\/div>\n<\/div>\n<\/div>\n","protected":false},"excerpt":{"rendered":"<p><strong>Parent<\/strong>: Mouffette #1<\/p>\n<p><strong>Similaire \u00e0<\/strong>:\u00a0 Jack l&rsquo;\u00c9ventreur, Key Lime Pie, Griz Kush<\/p>\n<p><strong>Saveurs<\/strong>: Citron, Terreux, Sucr\u00e9, Acidul\u00e9<\/p>\n<p><strong>Effets<\/strong>: Tonifiant, \u00c9lev\u00e9, Concentr\u00e9, \u00c9nerg\u00e9tique, Cr\u00e9atif, Euphorique<\/p>\n<p><strong>M\u00e9dical:<\/strong> Fatigue, Stress, D\u00e9pression, Anxi\u00e9t\u00e9<\/p>\n<p><strong><a href=\"https:\/\/ogdispensary.org\/product\/green-crack-shatter\/\">Puissance<\/a>:<\/strong> 70-90\u00a0% de teneur en THC.<\/p>\n","protected":false},"featured_media":1697,"comment_status":"open","ping_status":"closed","template":"","meta":{"_monsterinsights_skip_tracking":false,"_monsterinsights_sitenote_active":false,"_monsterinsights_sitenote_note":"","_monsterinsights_sitenote_category":0},"product_brand":[],"product_cat":[4882],"product_tag":[6617],"class_list":{"0":"post-1701","1":"product","2":"type-product","3":"status-publish","4":"has-post-thumbnail","6":"product_cat-wax-extraits-de-cannabis","7":"product_tag-acheter-green-crack-shatter-wax-en-ligne","9":"first","10":"instock","11":"shipping-taxable","12":"purchasable","13":"product-type-variable"},"yoast_head":"<!-- This site is optimized with the Yoast SEO plugin v27.3 - https:\/\/yoast.com\/product\/yoast-seo-wordpress\/ -->\n<title>ACHETER GREEN CRACK SHATTER WAX EN LIGNE - 510 Premium Carts<\/title>\n<meta name=\"description\" content=\"ACHETER GREEN CRACK SHATTER WAX EN LIGNE Ceci est fabriqu\u00e9 \u00e0 partir de cannabis Green Crack de haute qualit\u00e9. acheter Green Crack est connu pour fournir des\" \/>\n<meta name=\"robots\" content=\"index, follow, max-snippet:-1, max-image-preview:large, max-video-preview:-1\" \/>\n<link rel=\"canonical\" href=\"https:\/\/510premiumcarts.com\/index.php\/product\/acheter-green-crack-shatter-wax-en-ligne\/\" \/>\n<meta property=\"og:locale\" content=\"fr_FR\" \/>\n<meta property=\"og:type\" content=\"article\" \/>\n<meta property=\"og:title\" content=\"ACHETER GREEN CRACK SHATTER WAX EN LIGNE - 510 Premium Carts\" \/>\n<meta property=\"og:description\" content=\"ACHETER GREEN CRACK SHATTER WAX EN LIGNE Ceci est fabriqu\u00e9 \u00e0 partir de cannabis Green Crack de haute qualit\u00e9. acheter Green Crack est connu pour fournir des\" \/>\n<meta property=\"og:url\" content=\"https:\/\/510premiumcarts.com\/index.php\/product\/acheter-green-crack-shatter-wax-en-ligne\/\" \/>\n<meta property=\"og:site_name\" content=\"510 Premium Carts\" \/>\n<meta property=\"article:modified_time\" content=\"2023-04-17T04:23:41+00:00\" \/>\n<meta property=\"og:image\" content=\"http:\/\/510premiumcarts.com\/wp-content\/uploads\/2023\/03\/shatterizer-gorilla-blueberry-og-live-wax-live-resins-shatterizer-789526_1024x1024.webp\" \/>\n\t<meta property=\"og:image:width\" content=\"1024\" \/>\n\t<meta property=\"og:image:height\" content=\"1024\" \/>\n\t<meta property=\"og:image:type\" content=\"image\/webp\" \/>\n<meta name=\"twitter:card\" content=\"summary_large_image\" \/>\n<meta name=\"twitter:label1\" content=\"Dur\u00e9e de lecture estim\u00e9e\" \/>\n\t<meta name=\"twitter:data1\" content=\"3 minutes\" \/>\n<script type=\"application\/ld+json\" class=\"yoast-schema-graph\">{\"@context\":\"https:\\\/\\\/schema.org\",\"@graph\":[{\"@type\":\"WebPage\",\"@id\":\"https:\\\/\\\/510premiumcarts.com\\\/index.php\\\/product\\\/acheter-green-crack-shatter-wax-en-ligne\\\/\",\"url\":\"https:\\\/\\\/510premiumcarts.com\\\/index.php\\\/product\\\/acheter-green-crack-shatter-wax-en-ligne\\\/\",\"name\":\"ACHETER GREEN CRACK SHATTER WAX EN LIGNE - 510 Premium Carts\",\"isPartOf\":{\"@id\":\"https:\\\/\\\/510premiumcarts.com\\\/#website\"},\"primaryImageOfPage\":{\"@id\":\"https:\\\/\\\/510premiumcarts.com\\\/index.php\\\/product\\\/acheter-green-crack-shatter-wax-en-ligne\\\/#primaryimage\"},\"image\":{\"@id\":\"https:\\\/\\\/510premiumcarts.com\\\/index.php\\\/product\\\/acheter-green-crack-shatter-wax-en-ligne\\\/#primaryimage\"},\"thumbnailUrl\":\"https:\\\/\\\/510premiumcarts.com\\\/wp-content\\\/uploads\\\/2023\\\/03\\\/shatterizer-gorilla-blueberry-og-live-wax-live-resins-shatterizer-789526_1024x1024.webp\",\"datePublished\":\"2023-03-06T12:29:28+00:00\",\"dateModified\":\"2023-04-17T04:23:41+00:00\",\"description\":\"ACHETER GREEN CRACK SHATTER WAX EN LIGNE Ceci est fabriqu\u00e9 \u00e0 partir de cannabis Green Crack de haute qualit\u00e9. acheter Green Crack est connu pour fournir des\",\"breadcrumb\":{\"@id\":\"https:\\\/\\\/510premiumcarts.com\\\/index.php\\\/product\\\/acheter-green-crack-shatter-wax-en-ligne\\\/#breadcrumb\"},\"inLanguage\":\"fr-FR\",\"potentialAction\":[{\"@type\":\"ReadAction\",\"target\":[\"https:\\\/\\\/510premiumcarts.com\\\/index.php\\\/product\\\/acheter-green-crack-shatter-wax-en-ligne\\\/\"]}]},{\"@type\":\"ImageObject\",\"inLanguage\":\"fr-FR\",\"@id\":\"https:\\\/\\\/510premiumcarts.com\\\/index.php\\\/product\\\/acheter-green-crack-shatter-wax-en-ligne\\\/#primaryimage\",\"url\":\"https:\\\/\\\/510premiumcarts.com\\\/wp-content\\\/uploads\\\/2023\\\/03\\\/shatterizer-gorilla-blueberry-og-live-wax-live-resins-shatterizer-789526_1024x1024.webp\",\"contentUrl\":\"https:\\\/\\\/510premiumcarts.com\\\/wp-content\\\/uploads\\\/2023\\\/03\\\/shatterizer-gorilla-blueberry-og-live-wax-live-resins-shatterizer-789526_1024x1024.webp\",\"width\":1024,\"height\":1024,\"caption\":\"ACHETER GREEN CRACK SHATTER WAX EN LIGNE\"},{\"@type\":\"BreadcrumbList\",\"@id\":\"https:\\\/\\\/510premiumcarts.com\\\/index.php\\\/product\\\/acheter-green-crack-shatter-wax-en-ligne\\\/#breadcrumb\",\"itemListElement\":[{\"@type\":\"ListItem\",\"position\":1,\"name\":\"Home\",\"item\":\"https:\\\/\\\/510premiumcarts.com\\\/\"},{\"@type\":\"ListItem\",\"position\":2,\"name\":\"Marques de vapotage\",\"item\":\"https:\\\/\\\/510premiumcarts.com\\\/index.php\\\/acheter-du-cannabis\\\/\"},{\"@type\":\"ListItem\",\"position\":3,\"name\":\"Shatter Wax &#8211; Green Crack\"}]},{\"@type\":\"WebSite\",\"@id\":\"https:\\\/\\\/510premiumcarts.com\\\/#website\",\"url\":\"https:\\\/\\\/510premiumcarts.com\\\/\",\"name\":\"510 Premium Carts\",\"description\":\"Just another WordPress site\",\"potentialAction\":[{\"@type\":\"SearchAction\",\"target\":{\"@type\":\"EntryPoint\",\"urlTemplate\":\"https:\\\/\\\/510premiumcarts.com\\\/?s={search_term_string}\"},\"query-input\":{\"@type\":\"PropertyValueSpecification\",\"valueRequired\":true,\"valueName\":\"search_term_string\"}}],\"inLanguage\":\"fr-FR\"}]}<\/script>\n<!-- \/ Yoast SEO plugin. -->","yoast_head_json":{"title":"ACHETER GREEN CRACK SHATTER WAX EN LIGNE - 510 Premium Carts","description":"ACHETER GREEN CRACK SHATTER WAX EN LIGNE Ceci est fabriqu\u00e9 \u00e0 partir de cannabis Green Crack de haute qualit\u00e9. acheter Green Crack est connu pour fournir des","robots":{"index":"index","follow":"follow","max-snippet":"max-snippet:-1","max-image-preview":"max-image-preview:large","max-video-preview":"max-video-preview:-1"},"canonical":"https:\/\/510premiumcarts.com\/index.php\/product\/acheter-green-crack-shatter-wax-en-ligne\/","og_locale":"fr_FR","og_type":"article","og_title":"ACHETER GREEN CRACK SHATTER WAX EN LIGNE - 510 Premium Carts","og_description":"ACHETER GREEN CRACK SHATTER WAX EN LIGNE Ceci est fabriqu\u00e9 \u00e0 partir de cannabis Green Crack de haute qualit\u00e9. acheter Green Crack est connu pour fournir des","og_url":"https:\/\/510premiumcarts.com\/index.php\/product\/acheter-green-crack-shatter-wax-en-ligne\/","og_site_name":"510 Premium Carts","article_modified_time":"2023-04-17T04:23:41+00:00","og_image":[{"width":1024,"height":1024,"url":"http:\/\/510premiumcarts.com\/wp-content\/uploads\/2023\/03\/shatterizer-gorilla-blueberry-og-live-wax-live-resins-shatterizer-789526_1024x1024.webp","type":"image\/webp"}],"twitter_card":"summary_large_image","twitter_misc":{"Dur\u00e9e de lecture estim\u00e9e":"3 minutes"},"schema":{"@context":"https:\/\/schema.org","@graph":[{"@type":"WebPage","@id":"https:\/\/510premiumcarts.com\/index.php\/product\/acheter-green-crack-shatter-wax-en-ligne\/","url":"https:\/\/510premiumcarts.com\/index.php\/product\/acheter-green-crack-shatter-wax-en-ligne\/","name":"ACHETER GREEN CRACK SHATTER WAX EN LIGNE - 510 Premium Carts","isPartOf":{"@id":"https:\/\/510premiumcarts.com\/#website"},"primaryImageOfPage":{"@id":"https:\/\/510premiumcarts.com\/index.php\/product\/acheter-green-crack-shatter-wax-en-ligne\/#primaryimage"},"image":{"@id":"https:\/\/510premiumcarts.com\/index.php\/product\/acheter-green-crack-shatter-wax-en-ligne\/#primaryimage"},"thumbnailUrl":"https:\/\/510premiumcarts.com\/wp-content\/uploads\/2023\/03\/shatterizer-gorilla-blueberry-og-live-wax-live-resins-shatterizer-789526_1024x1024.webp","datePublished":"2023-03-06T12:29:28+00:00","dateModified":"2023-04-17T04:23:41+00:00","description":"ACHETER GREEN CRACK SHATTER WAX EN LIGNE Ceci est fabriqu\u00e9 \u00e0 partir de cannabis Green Crack de haute qualit\u00e9. acheter Green Crack est connu pour fournir des","breadcrumb":{"@id":"https:\/\/510premiumcarts.com\/index.php\/product\/acheter-green-crack-shatter-wax-en-ligne\/#breadcrumb"},"inLanguage":"fr-FR","potentialAction":[{"@type":"ReadAction","target":["https:\/\/510premiumcarts.com\/index.php\/product\/acheter-green-crack-shatter-wax-en-ligne\/"]}]},{"@type":"ImageObject","inLanguage":"fr-FR","@id":"https:\/\/510premiumcarts.com\/index.php\/product\/acheter-green-crack-shatter-wax-en-ligne\/#primaryimage","url":"https:\/\/510premiumcarts.com\/wp-content\/uploads\/2023\/03\/shatterizer-gorilla-blueberry-og-live-wax-live-resins-shatterizer-789526_1024x1024.webp","contentUrl":"https:\/\/510premiumcarts.com\/wp-content\/uploads\/2023\/03\/shatterizer-gorilla-blueberry-og-live-wax-live-resins-shatterizer-789526_1024x1024.webp","width":1024,"height":1024,"caption":"ACHETER GREEN CRACK SHATTER WAX EN LIGNE"},{"@type":"BreadcrumbList","@id":"https:\/\/510premiumcarts.com\/index.php\/product\/acheter-green-crack-shatter-wax-en-ligne\/#breadcrumb","itemListElement":[{"@type":"ListItem","position":1,"name":"Home","item":"https:\/\/510premiumcarts.com\/"},{"@type":"ListItem","position":2,"name":"Marques de vapotage","item":"https:\/\/510premiumcarts.com\/index.php\/acheter-du-cannabis\/"},{"@type":"ListItem","position":3,"name":"Shatter Wax &#8211; Green Crack"}]},{"@type":"WebSite","@id":"https:\/\/510premiumcarts.com\/#website","url":"https:\/\/510premiumcarts.com\/","name":"510 Premium Carts","description":"Just another WordPress site","potentialAction":[{"@type":"SearchAction","target":{"@type":"EntryPoint","urlTemplate":"https:\/\/510premiumcarts.com\/?s={search_term_string}"},"query-input":{"@type":"PropertyValueSpecification","valueRequired":true,"valueName":"search_term_string"}}],"inLanguage":"fr-FR"}]}},"jetpack_sharing_enabled":true,"_links":{"self":[{"href":"https:\/\/510premiumcarts.com\/index.php\/wp-json\/wp\/v2\/product\/1701","targetHints":{"allow":["GET"]}}],"collection":[{"href":"https:\/\/510premiumcarts.com\/index.php\/wp-json\/wp\/v2\/product"}],"about":[{"href":"https:\/\/510premiumcarts.com\/index.php\/wp-json\/wp\/v2\/types\/product"}],"replies":[{"embeddable":true,"href":"https:\/\/510premiumcarts.com\/index.php\/wp-json\/wp\/v2\/comments?post=1701"}],"wp:featuredmedia":[{"embeddable":true,"href":"https:\/\/510premiumcarts.com\/index.php\/wp-json\/wp\/v2\/media\/1697"}],"wp:attachment":[{"href":"https:\/\/510premiumcarts.com\/index.php\/wp-json\/wp\/v2\/media?parent=1701"}],"wp:term":[{"taxonomy":"product_brand","embeddable":true,"href":"https:\/\/510premiumcarts.com\/index.php\/wp-json\/wp\/v2\/product_brand?post=1701"},{"taxonomy":"product_cat","embeddable":true,"href":"https:\/\/510premiumcarts.com\/index.php\/wp-json\/wp\/v2\/product_cat?post=1701"},{"taxonomy":"product_tag","embeddable":true,"href":"https:\/\/510premiumcarts.com\/index.php\/wp-json\/wp\/v2\/product_tag?post=1701"}],"curies":[{"name":"wp","href":"https:\/\/api.w.org\/{rel}","templated":true}]}}