{"id":1709,"date":"2023-03-06T12:51:12","date_gmt":"2023-03-06T12:51:12","guid":{"rendered":"https:\/\/510premiumcarts.com\/?post_type=product&#038;p=1709"},"modified":"2023-04-17T03:47:43","modified_gmt":"2023-04-17T03:47:43","slug":"acheter-gelato-sunrock-shatter-wax-en-ligne","status":"publish","type":"product","link":"https:\/\/510premiumcarts.com\/index.php\/product\/acheter-gelato-sunrock-shatter-wax-en-ligne\/","title":{"rendered":"Shatter Wax &#8211; Gelato Sunrock"},"content":{"rendered":"<h1><a href=\"https:\/\/510premiumcarts.com\/index.php\/product-category\/extracts\/\"><span style=\"color: #ffcc00;\"><strong><span style=\"vertical-align: inherit;\"><span style=\"vertical-align: inherit;\">ACHETER GELATO SUNROCK SHATTER Wax EN LIGNE<\/span><\/span><\/strong><\/span><\/a><\/h1>\n<p>Achetez Gelato Sunrock Shatter sur 510premiumcarts.com.<\/p>\n<p>tout d&rsquo;abord, voici ce que vous devez savoir sur le gelato sunrock shatter<\/p>\n<p><a href=\"https:\/\/ogdispensary.org\/product\/green-crack-strain\/\">Indica\/Sativa\u00a0:<\/a><br \/>\nHybride<br \/>\nProducteur:<br \/>\nAtaraxie<br \/>\nDisponible en:<br \/>\n1 gramme de concentr\u00e9<br \/>\nTraite les maux\u00a0:<br \/>\nStress, D\u00e9pression, Naus\u00e9e, Douleur, Fatigue<br \/>\nSaveur:<br \/>\nDoux, Fleuri, Piquant<br \/>\nEffets:<\/p>\n<p>D\u00e9tendu, Euphorique,\u00a0 Heureux, \u00c9lev\u00e9<br \/>\nOrigine:<br \/>\nSunset Sherbert X Mint Mint Girl Scout Cookie<br \/>\nCat\u00e9gorie:<br \/>\nConcentr\u00e9s<br \/>\nSous-titre:<br \/>\nTHC : 1,19 %, THCA : 87,20 %, CBD : 0,34 %, CBDA : 0,11 %, Total : 88,41 %<\/p>\n<p>troisi\u00e8mement, commandez chez nous maintenant et <a href=\"https:\/\/ogdispensary.org\/product\/buy-skywalker-og-shatter-online\/\">profitez<\/a> de la qualit\u00e9<\/p>\n<p>acheter shatter en ligne, acheter sunrock shatter en ligne, Gelato Sunrock Shatter \u00e0 vendre en ligne, fracasser \u00e0 vendre.<\/p>\n<h2><strong><span style=\"vertical-align: inherit;\"><span style=\"vertical-align: inherit;\">\u00a0GELATO SUNROCK SHATTER \u00c0 VENDRE<\/span><\/span><\/strong><\/h2>\n<div class=\"product-details\">\n<p>deuxi\u00e8mement, la transparence color\u00e9e de ce shatter est faite \u00e0 partir de la saveur de nos profils terp\u00e9niques en plus d&rsquo;un pourcentage dominant de THC inactif, cr\u00e9ant une feuille de cristaux imbriqu\u00e9s.<\/p>\n<p>en outre, Sunrock Shatter La transparence color\u00e9e de notre shatter est faite \u00e0 partir de la saveur de nos profils terp\u00e9niques en plus d&rsquo;un pourcentage dominant de THC inactif, cr\u00e9ant une feuille de cristaux imbriqu\u00e9s.<\/p>\n<p>de plus, Sunrock Shatter La transparence color\u00e9e de notre shatter est faite \u00e0 partir de la saveur de nos profils terp\u00e9niques en plus d&rsquo;un pourcentage dominant de <a href=\"https:\/\/www.leafly.com\/strains\/thin-mint\">THC<\/a> inactif, cr\u00e9ant une <a href=\"https:\/\/www.leafly.com\/strains\/sunset-sherbert\">feuille<\/a> de cristaux imbriqu\u00e9s.<\/p>\n<\/div>\n<h3><strong><span style=\"vertical-align: inherit;\"><span style=\"vertical-align: inherit;\">\u00a0GELATO SUNROCK SHATTER<\/span><\/span><\/strong><\/h3>\n<p>Pendant ce temps, Gelato (\u00e9galement appel\u00e9 \u00ab\u00a0Larry Bird\u00a0\u00bb) est une vari\u00e9t\u00e9 de cannabis hybride all\u00e9chante de Cookie Fam et Sherbinski, suivant les traces de ses parents\u00a0Sunset Sherbet\u00a0et\u00a0Thin Mint GSC. en revanche, ce natif de Bay Area, en Californie, tire son nom de l&rsquo;ar\u00f4me fruit\u00e9 de dessert, un fil g\u00e9n\u00e9tique commun \u00e0 la famille Cookie. Ses bourgeons ont tendance \u00e0 fleurir dans des teintes violet fonc\u00e9 illumin\u00e9es par des poils orange ardents et une couche blanche brillante de r\u00e9sine cristalline.<\/p>\n<p>Ainsi, les consommateurs novices voudront peut-\u00eatre approcher cette centrale de THC avec prudence, mais ceux qui sont arm\u00e9s d&rsquo;une tol\u00e9rance \u00e9lev\u00e9e se d\u00e9lecteront de l&rsquo;euphorie lourde de Gelato. La relaxation physique est \u00e9galement forte, mais beaucoup se trouvent encore suffisamment agiles mentalement pour rester productifs et cr\u00e9atifs lorsqu&rsquo;ils appr\u00e9cient Gelato pendant la journ\u00e9e.<\/p>\n","protected":false},"excerpt":{"rendered":"<p><span style=\"vertical-align: inherit;\"><span style=\"vertical-align: inherit;\">Sunrock Shatter La transparence color\u00e9e de notre shatter est faite \u00e0 partir de la saveur de nos profils terp\u00e9niques en plus d&rsquo;un pourcentage dominant de THC inactif, cr\u00e9ant une feuille de cristaux imbriqu\u00e9s.<\/span><\/span><\/p>\n","protected":false},"featured_media":1714,"comment_status":"open","ping_status":"closed","template":"","meta":{"_monsterinsights_skip_tracking":false,"_monsterinsights_sitenote_active":false,"_monsterinsights_sitenote_note":"","_monsterinsights_sitenote_category":0},"product_brand":[],"product_cat":[4882],"product_tag":[6616],"class_list":{"0":"post-1709","1":"product","2":"type-product","3":"status-publish","4":"has-post-thumbnail","6":"product_cat-wax-extraits-de-cannabis","7":"product_tag-acheter-gelato-sunrock-shatter-wax-en-ligne","9":"first","10":"instock","11":"shipping-taxable","12":"purchasable","13":"product-type-variable"},"yoast_head":"<!-- This site is optimized with the Yoast SEO plugin v27.3 - https:\/\/yoast.com\/product\/yoast-seo-wordpress\/ -->\n<title>ACHETER GELATO SUNROCK SHATTER Wax EN LIGNE - 510 Premium Carts<\/title>\n<meta name=\"description\" content=\"ACHETER GELATO SUNROCK SHATTER Wax EN LIGNE La transparence color\u00e9e de ce shatter est faite \u00e0 partir de la saveur de nos profils terp\u00e9niques en plus d&#039;une dominante\" \/>\n<meta name=\"robots\" content=\"index, follow, max-snippet:-1, max-image-preview:large, max-video-preview:-1\" \/>\n<link rel=\"canonical\" href=\"https:\/\/510premiumcarts.com\/index.php\/product\/acheter-gelato-sunrock-shatter-wax-en-ligne\/\" \/>\n<meta property=\"og:locale\" content=\"fr_FR\" \/>\n<meta property=\"og:type\" content=\"article\" \/>\n<meta property=\"og:title\" content=\"ACHETER GELATO SUNROCK SHATTER Wax EN LIGNE - 510 Premium Carts\" \/>\n<meta property=\"og:description\" content=\"ACHETER GELATO SUNROCK SHATTER Wax EN LIGNE La transparence color\u00e9e de ce shatter est faite \u00e0 partir de la saveur de nos profils terp\u00e9niques en plus d&#039;une dominante\" \/>\n<meta property=\"og:url\" content=\"https:\/\/510premiumcarts.com\/index.php\/product\/acheter-gelato-sunrock-shatter-wax-en-ligne\/\" \/>\n<meta property=\"og:site_name\" content=\"510 Premium Carts\" \/>\n<meta property=\"article:modified_time\" content=\"2023-04-17T03:47:43+00:00\" \/>\n<meta property=\"og:image\" content=\"http:\/\/510premiumcarts.com\/wp-content\/uploads\/2023\/03\/Verano-Kong-Sunrock-Shatter.jpg\" \/>\n\t<meta property=\"og:image:width\" content=\"800\" \/>\n\t<meta property=\"og:image:height\" content=\"800\" \/>\n\t<meta property=\"og:image:type\" content=\"image\/jpeg\" \/>\n<meta name=\"twitter:card\" content=\"summary_large_image\" \/>\n<meta name=\"twitter:label1\" content=\"Dur\u00e9e de lecture estim\u00e9e\" \/>\n\t<meta name=\"twitter:data1\" content=\"2 minutes\" \/>\n<script type=\"application\/ld+json\" class=\"yoast-schema-graph\">{\"@context\":\"https:\\\/\\\/schema.org\",\"@graph\":[{\"@type\":\"WebPage\",\"@id\":\"https:\\\/\\\/510premiumcarts.com\\\/index.php\\\/product\\\/acheter-gelato-sunrock-shatter-wax-en-ligne\\\/\",\"url\":\"https:\\\/\\\/510premiumcarts.com\\\/index.php\\\/product\\\/acheter-gelato-sunrock-shatter-wax-en-ligne\\\/\",\"name\":\"ACHETER GELATO SUNROCK SHATTER Wax EN LIGNE - 510 Premium Carts\",\"isPartOf\":{\"@id\":\"https:\\\/\\\/510premiumcarts.com\\\/#website\"},\"primaryImageOfPage\":{\"@id\":\"https:\\\/\\\/510premiumcarts.com\\\/index.php\\\/product\\\/acheter-gelato-sunrock-shatter-wax-en-ligne\\\/#primaryimage\"},\"image\":{\"@id\":\"https:\\\/\\\/510premiumcarts.com\\\/index.php\\\/product\\\/acheter-gelato-sunrock-shatter-wax-en-ligne\\\/#primaryimage\"},\"thumbnailUrl\":\"https:\\\/\\\/510premiumcarts.com\\\/wp-content\\\/uploads\\\/2023\\\/03\\\/Verano-Kong-Sunrock-Shatter.jpg\",\"datePublished\":\"2023-03-06T12:51:12+00:00\",\"dateModified\":\"2023-04-17T03:47:43+00:00\",\"description\":\"ACHETER GELATO SUNROCK SHATTER Wax EN LIGNE La transparence color\u00e9e de ce shatter est faite \u00e0 partir de la saveur de nos profils terp\u00e9niques en plus d'une dominante\",\"breadcrumb\":{\"@id\":\"https:\\\/\\\/510premiumcarts.com\\\/index.php\\\/product\\\/acheter-gelato-sunrock-shatter-wax-en-ligne\\\/#breadcrumb\"},\"inLanguage\":\"fr-FR\",\"potentialAction\":[{\"@type\":\"ReadAction\",\"target\":[\"https:\\\/\\\/510premiumcarts.com\\\/index.php\\\/product\\\/acheter-gelato-sunrock-shatter-wax-en-ligne\\\/\"]}]},{\"@type\":\"ImageObject\",\"inLanguage\":\"fr-FR\",\"@id\":\"https:\\\/\\\/510premiumcarts.com\\\/index.php\\\/product\\\/acheter-gelato-sunrock-shatter-wax-en-ligne\\\/#primaryimage\",\"url\":\"https:\\\/\\\/510premiumcarts.com\\\/wp-content\\\/uploads\\\/2023\\\/03\\\/Verano-Kong-Sunrock-Shatter.jpg\",\"contentUrl\":\"https:\\\/\\\/510premiumcarts.com\\\/wp-content\\\/uploads\\\/2023\\\/03\\\/Verano-Kong-Sunrock-Shatter.jpg\",\"width\":800,\"height\":800,\"caption\":\"BUY GELATO SUNROCK SHATTER Wax ONLINE\"},{\"@type\":\"BreadcrumbList\",\"@id\":\"https:\\\/\\\/510premiumcarts.com\\\/index.php\\\/product\\\/acheter-gelato-sunrock-shatter-wax-en-ligne\\\/#breadcrumb\",\"itemListElement\":[{\"@type\":\"ListItem\",\"position\":1,\"name\":\"Home\",\"item\":\"https:\\\/\\\/510premiumcarts.com\\\/\"},{\"@type\":\"ListItem\",\"position\":2,\"name\":\"Marques de vapotage\",\"item\":\"https:\\\/\\\/510premiumcarts.com\\\/index.php\\\/acheter-du-cannabis\\\/\"},{\"@type\":\"ListItem\",\"position\":3,\"name\":\"Shatter Wax &#8211; Gelato Sunrock\"}]},{\"@type\":\"WebSite\",\"@id\":\"https:\\\/\\\/510premiumcarts.com\\\/#website\",\"url\":\"https:\\\/\\\/510premiumcarts.com\\\/\",\"name\":\"510 Premium Carts\",\"description\":\"Just another WordPress site\",\"potentialAction\":[{\"@type\":\"SearchAction\",\"target\":{\"@type\":\"EntryPoint\",\"urlTemplate\":\"https:\\\/\\\/510premiumcarts.com\\\/?s={search_term_string}\"},\"query-input\":{\"@type\":\"PropertyValueSpecification\",\"valueRequired\":true,\"valueName\":\"search_term_string\"}}],\"inLanguage\":\"fr-FR\"}]}<\/script>\n<!-- \/ Yoast SEO plugin. -->","yoast_head_json":{"title":"ACHETER GELATO SUNROCK SHATTER Wax EN LIGNE - 510 Premium Carts","description":"ACHETER GELATO SUNROCK SHATTER Wax EN LIGNE La transparence color\u00e9e de ce shatter est faite \u00e0 partir de la saveur de nos profils terp\u00e9niques en plus d'une dominante","robots":{"index":"index","follow":"follow","max-snippet":"max-snippet:-1","max-image-preview":"max-image-preview:large","max-video-preview":"max-video-preview:-1"},"canonical":"https:\/\/510premiumcarts.com\/index.php\/product\/acheter-gelato-sunrock-shatter-wax-en-ligne\/","og_locale":"fr_FR","og_type":"article","og_title":"ACHETER GELATO SUNROCK SHATTER Wax EN LIGNE - 510 Premium Carts","og_description":"ACHETER GELATO SUNROCK SHATTER Wax EN LIGNE La transparence color\u00e9e de ce shatter est faite \u00e0 partir de la saveur de nos profils terp\u00e9niques en plus d'une dominante","og_url":"https:\/\/510premiumcarts.com\/index.php\/product\/acheter-gelato-sunrock-shatter-wax-en-ligne\/","og_site_name":"510 Premium Carts","article_modified_time":"2023-04-17T03:47:43+00:00","og_image":[{"width":800,"height":800,"url":"http:\/\/510premiumcarts.com\/wp-content\/uploads\/2023\/03\/Verano-Kong-Sunrock-Shatter.jpg","type":"image\/jpeg"}],"twitter_card":"summary_large_image","twitter_misc":{"Dur\u00e9e de lecture estim\u00e9e":"2 minutes"},"schema":{"@context":"https:\/\/schema.org","@graph":[{"@type":"WebPage","@id":"https:\/\/510premiumcarts.com\/index.php\/product\/acheter-gelato-sunrock-shatter-wax-en-ligne\/","url":"https:\/\/510premiumcarts.com\/index.php\/product\/acheter-gelato-sunrock-shatter-wax-en-ligne\/","name":"ACHETER GELATO SUNROCK SHATTER Wax EN LIGNE - 510 Premium Carts","isPartOf":{"@id":"https:\/\/510premiumcarts.com\/#website"},"primaryImageOfPage":{"@id":"https:\/\/510premiumcarts.com\/index.php\/product\/acheter-gelato-sunrock-shatter-wax-en-ligne\/#primaryimage"},"image":{"@id":"https:\/\/510premiumcarts.com\/index.php\/product\/acheter-gelato-sunrock-shatter-wax-en-ligne\/#primaryimage"},"thumbnailUrl":"https:\/\/510premiumcarts.com\/wp-content\/uploads\/2023\/03\/Verano-Kong-Sunrock-Shatter.jpg","datePublished":"2023-03-06T12:51:12+00:00","dateModified":"2023-04-17T03:47:43+00:00","description":"ACHETER GELATO SUNROCK SHATTER Wax EN LIGNE La transparence color\u00e9e de ce shatter est faite \u00e0 partir de la saveur de nos profils terp\u00e9niques en plus d'une dominante","breadcrumb":{"@id":"https:\/\/510premiumcarts.com\/index.php\/product\/acheter-gelato-sunrock-shatter-wax-en-ligne\/#breadcrumb"},"inLanguage":"fr-FR","potentialAction":[{"@type":"ReadAction","target":["https:\/\/510premiumcarts.com\/index.php\/product\/acheter-gelato-sunrock-shatter-wax-en-ligne\/"]}]},{"@type":"ImageObject","inLanguage":"fr-FR","@id":"https:\/\/510premiumcarts.com\/index.php\/product\/acheter-gelato-sunrock-shatter-wax-en-ligne\/#primaryimage","url":"https:\/\/510premiumcarts.com\/wp-content\/uploads\/2023\/03\/Verano-Kong-Sunrock-Shatter.jpg","contentUrl":"https:\/\/510premiumcarts.com\/wp-content\/uploads\/2023\/03\/Verano-Kong-Sunrock-Shatter.jpg","width":800,"height":800,"caption":"BUY GELATO SUNROCK SHATTER Wax ONLINE"},{"@type":"BreadcrumbList","@id":"https:\/\/510premiumcarts.com\/index.php\/product\/acheter-gelato-sunrock-shatter-wax-en-ligne\/#breadcrumb","itemListElement":[{"@type":"ListItem","position":1,"name":"Home","item":"https:\/\/510premiumcarts.com\/"},{"@type":"ListItem","position":2,"name":"Marques de vapotage","item":"https:\/\/510premiumcarts.com\/index.php\/acheter-du-cannabis\/"},{"@type":"ListItem","position":3,"name":"Shatter Wax &#8211; Gelato Sunrock"}]},{"@type":"WebSite","@id":"https:\/\/510premiumcarts.com\/#website","url":"https:\/\/510premiumcarts.com\/","name":"510 Premium Carts","description":"Just another WordPress site","potentialAction":[{"@type":"SearchAction","target":{"@type":"EntryPoint","urlTemplate":"https:\/\/510premiumcarts.com\/?s={search_term_string}"},"query-input":{"@type":"PropertyValueSpecification","valueRequired":true,"valueName":"search_term_string"}}],"inLanguage":"fr-FR"}]}},"jetpack_sharing_enabled":true,"_links":{"self":[{"href":"https:\/\/510premiumcarts.com\/index.php\/wp-json\/wp\/v2\/product\/1709","targetHints":{"allow":["GET"]}}],"collection":[{"href":"https:\/\/510premiumcarts.com\/index.php\/wp-json\/wp\/v2\/product"}],"about":[{"href":"https:\/\/510premiumcarts.com\/index.php\/wp-json\/wp\/v2\/types\/product"}],"replies":[{"embeddable":true,"href":"https:\/\/510premiumcarts.com\/index.php\/wp-json\/wp\/v2\/comments?post=1709"}],"wp:featuredmedia":[{"embeddable":true,"href":"https:\/\/510premiumcarts.com\/index.php\/wp-json\/wp\/v2\/media\/1714"}],"wp:attachment":[{"href":"https:\/\/510premiumcarts.com\/index.php\/wp-json\/wp\/v2\/media?parent=1709"}],"wp:term":[{"taxonomy":"product_brand","embeddable":true,"href":"https:\/\/510premiumcarts.com\/index.php\/wp-json\/wp\/v2\/product_brand?post=1709"},{"taxonomy":"product_cat","embeddable":true,"href":"https:\/\/510premiumcarts.com\/index.php\/wp-json\/wp\/v2\/product_cat?post=1709"},{"taxonomy":"product_tag","embeddable":true,"href":"https:\/\/510premiumcarts.com\/index.php\/wp-json\/wp\/v2\/product_tag?post=1709"}],"curies":[{"name":"wp","href":"https:\/\/api.w.org\/{rel}","templated":true}]}}