{"id":1715,"date":"2023-03-06T12:56:14","date_gmt":"2023-03-06T12:56:14","guid":{"rendered":"https:\/\/510premiumcarts.com\/?post_type=product&#038;p=1715"},"modified":"2023-04-17T03:35:15","modified_gmt":"2023-04-17T03:35:15","slug":"shatter-wax-chemdawg","status":"publish","type":"product","link":"https:\/\/510premiumcarts.com\/index.php\/product\/shatter-wax-chemdawg\/","title":{"rendered":"Shatter Wax &#8211; Chemdawg"},"content":{"rendered":"<h1><a href=\"https:\/\/510premiumcarts.com\/index.php\/product-category\/extracts\/\"><span style=\"color: #ffcc00;\">Shatter Wax &#8211; Chemdawg<\/span><\/a><\/h1>\n<p>chemdawg shatter<\/p>\n<p><strong>Parents:<\/strong> OG Kush et Chemdawg 4<\/p>\n<p><strong>Similaire \u00e0<\/strong>: Alien OG, Cannatonic, Sour Diesel<\/p>\n<p><strong>Saveurs<\/strong>: terreux, pin, diesel, k\u00e9ros\u00e8ne<\/p>\n<p><strong>Effets<\/strong>: joyeux, d\u00e9tendu, exalt\u00e9, <a href=\"https:\/\/ogdispensary.org\/product\/thc-bomb-strain-2\/\">euphorique<\/a><\/p>\n<p><strong>M\u00e9dical<\/strong>: Stress, Anxi\u00e9t\u00e9, <a href=\"https:\/\/ogdispensary.org\/product\/green-crack-shatter\/\">Nervosit\u00e9<\/a>, Migraines, Naus\u00e9e, D\u00e9pression, Douleur<\/p>\n<p><strong>Puissance<\/strong>: 70 \u00e0 90 % de contenu en THC.<\/p>\n<p>Achetez Chemdawg Shatter en ligne d\u00e8s aujourd&rsquo;hui\u00a0! un m\u00e9dicament au cannabis le plus appr\u00e9ci\u00e9 pour la tension et les tourments. Cannabis Indica Chemdawg est \u00e9galement utile contre la d\u00e9pression et le TDAH, ainsi que contre les maux de t\u00eate, les douleurs articulaires et le syndrome pr\u00e9menstruel. Cannabis Indica chemdawg shatter \u00e0 vendre Dab Concentrates est une souche th\u00e9rapeutique de cannabis extr\u00eamement r\u00e9pandue au Canada.<\/p>\n<p>R\u00e9sultats test\u00e9s en laboratoire:<\/p>\n<p>THC: 72%<\/p>\n<p>CBN: 0.93%.<\/p>\n<h3><strong>CHEMDAWG SHATTER\u00a0<\/strong><\/h3>\n<p>Achetez Chemdawg Shatter en <a href=\"http:\/\/google.com\/\">ligne<\/a> pas cher ! Chemdawg Shatter est fabriqu\u00e9 \u00e0 partir du meilleur du cannabis Chemdawg d\u00e9velopp\u00e9 en Californie. Acheter Chemdawg Shatter Online est une souche de cannabis \u00e9crasante Sativa qui aurait commenc\u00e9 avec le Grateful Dead. Cette vari\u00e9t\u00e9 de cannabis est sans aucun doute unique par rapport \u00e0 de nombreuses autres et procure un soulagement constant et convaincant de l&rsquo;abattement, de la tension et de l&rsquo;inqui\u00e9tude parmi diff\u00e9rentes infirmit\u00e9s. Le go\u00fbt et l&rsquo;exp\u00e9rience de d\u00e9vorer Chemdawg, que ce soit \u00e0 l&rsquo;int\u00e9rieur d&rsquo;un bourgeon ou d&rsquo;un concentr\u00e9, ne sont pas normaux pour ce que vous obtiendrez d&rsquo;une autre vari\u00e9t\u00e9 de\u00a0cannabis.<\/p>\n<p>Cette vari\u00e9t\u00e9 de cannabis est tr\u00e8s diff\u00e9rente de beaucoup d&rsquo;autres et procure un soulagement constant et efficace de la d\u00e9pression, de l&rsquo;anxi\u00e9t\u00e9 et du stress, entre autres maux. Le go\u00fbt et l&rsquo;exp\u00e9rience de la consommation de Chemdawg, que ce soit sous forme de bourgeon ou de concentr\u00e9, sont diff\u00e9rents de ce que vous recevrez de toute autre vari\u00e9t\u00e9 de cannabis.<\/p>\n<p><span style=\"font-size: 14.4px;\">.<\/span><\/p>\n","protected":false},"excerpt":{"rendered":"<p><strong>Quantit\u00e9<\/strong>: vendu en 1\/2 gramme et 1 gramme<\/p>\n<p><strong>Parents:<\/strong> OG Kush et Chemdawg 4<\/p>\n<p><strong>Similaire \u00e0<\/strong>: Alien OG, Cannatonic, Sour Diesel<\/p>\n<p><strong>Saveurs:<\/strong> Terreux, Pin, Diesel, K\u00e9ros\u00e8ne<\/p>\n<p><strong>Effets:<\/strong> joyeux, d\u00e9tendu, exalt\u00e9, euphorique<\/p>\n<p><strong>M\u00e9dical:<\/strong> Stress, Anxi\u00e9t\u00e9, Nervosit\u00e9, Migraines, Naus\u00e9e, D\u00e9pression, Douleur<\/p>\n<p><strong>Puissance:<\/strong> 70 \u00e0 90 % de teneur en THC<\/p>\n","protected":false},"featured_media":1718,"comment_status":"open","ping_status":"closed","template":"","meta":{"_monsterinsights_skip_tracking":false,"_monsterinsights_sitenote_active":false,"_monsterinsights_sitenote_note":"","_monsterinsights_sitenote_category":0},"product_brand":[],"product_cat":[4882],"product_tag":[],"class_list":{"0":"post-1715","1":"product","2":"type-product","3":"status-publish","4":"has-post-thumbnail","6":"product_cat-wax-extraits-de-cannabis","8":"first","9":"instock","10":"shipping-taxable","11":"purchasable","12":"product-type-variable"},"yoast_head":"<!-- This site is optimized with the Yoast SEO plugin v27.3 - https:\/\/yoast.com\/product\/yoast-seo-wordpress\/ -->\n<title>Shatter Wax - Chemdawg - 510 Premium Carts En ligne \u00c0 vendre<\/title>\n<meta name=\"description\" content=\"Shatter Wax - Chemdawg un m\u00e9dicament au cannabis le plus appr\u00e9ci\u00e9 pour la tension et les tourments. Cannabis Indica Chemdawg est \u00e9galement utile avec la m\u00e9lancolie\" \/>\n<meta name=\"robots\" content=\"index, follow, max-snippet:-1, max-image-preview:large, max-video-preview:-1\" \/>\n<link rel=\"canonical\" href=\"https:\/\/510premiumcarts.com\/index.php\/product\/shatter-wax-chemdawg\/\" \/>\n<meta property=\"og:locale\" content=\"fr_FR\" \/>\n<meta property=\"og:type\" content=\"article\" \/>\n<meta property=\"og:title\" content=\"Shatter Wax - Chemdawg - 510 Premium Carts En ligne \u00c0 vendre\" \/>\n<meta property=\"og:description\" content=\"Shatter Wax - Chemdawg un m\u00e9dicament au cannabis le plus appr\u00e9ci\u00e9 pour la tension et les tourments. Cannabis Indica Chemdawg est \u00e9galement utile avec la m\u00e9lancolie\" \/>\n<meta property=\"og:url\" content=\"https:\/\/510premiumcarts.com\/index.php\/product\/shatter-wax-chemdawg\/\" \/>\n<meta property=\"og:site_name\" content=\"510 Premium Carts\" \/>\n<meta property=\"article:modified_time\" content=\"2023-04-17T03:35:15+00:00\" \/>\n<meta property=\"og:image\" content=\"http:\/\/510premiumcarts.com\/wp-content\/uploads\/2023\/03\/images-2.jpeg\" \/>\n\t<meta property=\"og:image:width\" content=\"207\" \/>\n\t<meta property=\"og:image:height\" content=\"244\" \/>\n\t<meta property=\"og:image:type\" content=\"image\/jpeg\" \/>\n<meta name=\"twitter:card\" content=\"summary_large_image\" \/>\n<meta name=\"twitter:label1\" content=\"Dur\u00e9e de lecture estim\u00e9e\" \/>\n\t<meta name=\"twitter:data1\" content=\"2 minutes\" \/>\n<script type=\"application\/ld+json\" class=\"yoast-schema-graph\">{\"@context\":\"https:\\\/\\\/schema.org\",\"@graph\":[{\"@type\":\"WebPage\",\"@id\":\"https:\\\/\\\/510premiumcarts.com\\\/index.php\\\/product\\\/shatter-wax-chemdawg\\\/\",\"url\":\"https:\\\/\\\/510premiumcarts.com\\\/index.php\\\/product\\\/shatter-wax-chemdawg\\\/\",\"name\":\"Shatter Wax - Chemdawg - 510 Premium Carts En ligne \u00c0 vendre\",\"isPartOf\":{\"@id\":\"https:\\\/\\\/510premiumcarts.com\\\/#website\"},\"primaryImageOfPage\":{\"@id\":\"https:\\\/\\\/510premiumcarts.com\\\/index.php\\\/product\\\/shatter-wax-chemdawg\\\/#primaryimage\"},\"image\":{\"@id\":\"https:\\\/\\\/510premiumcarts.com\\\/index.php\\\/product\\\/shatter-wax-chemdawg\\\/#primaryimage\"},\"thumbnailUrl\":\"https:\\\/\\\/510premiumcarts.com\\\/wp-content\\\/uploads\\\/2023\\\/03\\\/images-2.jpeg\",\"datePublished\":\"2023-03-06T12:56:14+00:00\",\"dateModified\":\"2023-04-17T03:35:15+00:00\",\"description\":\"Shatter Wax - Chemdawg un m\u00e9dicament au cannabis le plus appr\u00e9ci\u00e9 pour la tension et les tourments. Cannabis Indica Chemdawg est \u00e9galement utile avec la m\u00e9lancolie\",\"breadcrumb\":{\"@id\":\"https:\\\/\\\/510premiumcarts.com\\\/index.php\\\/product\\\/shatter-wax-chemdawg\\\/#breadcrumb\"},\"inLanguage\":\"fr-FR\",\"potentialAction\":[{\"@type\":\"ReadAction\",\"target\":[\"https:\\\/\\\/510premiumcarts.com\\\/index.php\\\/product\\\/shatter-wax-chemdawg\\\/\"]}]},{\"@type\":\"ImageObject\",\"inLanguage\":\"fr-FR\",\"@id\":\"https:\\\/\\\/510premiumcarts.com\\\/index.php\\\/product\\\/shatter-wax-chemdawg\\\/#primaryimage\",\"url\":\"https:\\\/\\\/510premiumcarts.com\\\/wp-content\\\/uploads\\\/2023\\\/03\\\/images-2.jpeg\",\"contentUrl\":\"https:\\\/\\\/510premiumcarts.com\\\/wp-content\\\/uploads\\\/2023\\\/03\\\/images-2.jpeg\",\"width\":207,\"height\":244},{\"@type\":\"BreadcrumbList\",\"@id\":\"https:\\\/\\\/510premiumcarts.com\\\/index.php\\\/product\\\/shatter-wax-chemdawg\\\/#breadcrumb\",\"itemListElement\":[{\"@type\":\"ListItem\",\"position\":1,\"name\":\"Home\",\"item\":\"https:\\\/\\\/510premiumcarts.com\\\/\"},{\"@type\":\"ListItem\",\"position\":2,\"name\":\"Marques de vapotage\",\"item\":\"https:\\\/\\\/510premiumcarts.com\\\/index.php\\\/acheter-du-cannabis\\\/\"},{\"@type\":\"ListItem\",\"position\":3,\"name\":\"Shatter Wax &#8211; Chemdawg\"}]},{\"@type\":\"WebSite\",\"@id\":\"https:\\\/\\\/510premiumcarts.com\\\/#website\",\"url\":\"https:\\\/\\\/510premiumcarts.com\\\/\",\"name\":\"510 Premium Carts\",\"description\":\"Just another WordPress site\",\"potentialAction\":[{\"@type\":\"SearchAction\",\"target\":{\"@type\":\"EntryPoint\",\"urlTemplate\":\"https:\\\/\\\/510premiumcarts.com\\\/?s={search_term_string}\"},\"query-input\":{\"@type\":\"PropertyValueSpecification\",\"valueRequired\":true,\"valueName\":\"search_term_string\"}}],\"inLanguage\":\"fr-FR\"}]}<\/script>\n<!-- \/ Yoast SEO plugin. -->","yoast_head_json":{"title":"Shatter Wax - Chemdawg - 510 Premium Carts En ligne \u00c0 vendre","description":"Shatter Wax - Chemdawg un m\u00e9dicament au cannabis le plus appr\u00e9ci\u00e9 pour la tension et les tourments. Cannabis Indica Chemdawg est \u00e9galement utile avec la m\u00e9lancolie","robots":{"index":"index","follow":"follow","max-snippet":"max-snippet:-1","max-image-preview":"max-image-preview:large","max-video-preview":"max-video-preview:-1"},"canonical":"https:\/\/510premiumcarts.com\/index.php\/product\/shatter-wax-chemdawg\/","og_locale":"fr_FR","og_type":"article","og_title":"Shatter Wax - Chemdawg - 510 Premium Carts En ligne \u00c0 vendre","og_description":"Shatter Wax - Chemdawg un m\u00e9dicament au cannabis le plus appr\u00e9ci\u00e9 pour la tension et les tourments. Cannabis Indica Chemdawg est \u00e9galement utile avec la m\u00e9lancolie","og_url":"https:\/\/510premiumcarts.com\/index.php\/product\/shatter-wax-chemdawg\/","og_site_name":"510 Premium Carts","article_modified_time":"2023-04-17T03:35:15+00:00","og_image":[{"width":207,"height":244,"url":"http:\/\/510premiumcarts.com\/wp-content\/uploads\/2023\/03\/images-2.jpeg","type":"image\/jpeg"}],"twitter_card":"summary_large_image","twitter_misc":{"Dur\u00e9e de lecture estim\u00e9e":"2 minutes"},"schema":{"@context":"https:\/\/schema.org","@graph":[{"@type":"WebPage","@id":"https:\/\/510premiumcarts.com\/index.php\/product\/shatter-wax-chemdawg\/","url":"https:\/\/510premiumcarts.com\/index.php\/product\/shatter-wax-chemdawg\/","name":"Shatter Wax - Chemdawg - 510 Premium Carts En ligne \u00c0 vendre","isPartOf":{"@id":"https:\/\/510premiumcarts.com\/#website"},"primaryImageOfPage":{"@id":"https:\/\/510premiumcarts.com\/index.php\/product\/shatter-wax-chemdawg\/#primaryimage"},"image":{"@id":"https:\/\/510premiumcarts.com\/index.php\/product\/shatter-wax-chemdawg\/#primaryimage"},"thumbnailUrl":"https:\/\/510premiumcarts.com\/wp-content\/uploads\/2023\/03\/images-2.jpeg","datePublished":"2023-03-06T12:56:14+00:00","dateModified":"2023-04-17T03:35:15+00:00","description":"Shatter Wax - Chemdawg un m\u00e9dicament au cannabis le plus appr\u00e9ci\u00e9 pour la tension et les tourments. Cannabis Indica Chemdawg est \u00e9galement utile avec la m\u00e9lancolie","breadcrumb":{"@id":"https:\/\/510premiumcarts.com\/index.php\/product\/shatter-wax-chemdawg\/#breadcrumb"},"inLanguage":"fr-FR","potentialAction":[{"@type":"ReadAction","target":["https:\/\/510premiumcarts.com\/index.php\/product\/shatter-wax-chemdawg\/"]}]},{"@type":"ImageObject","inLanguage":"fr-FR","@id":"https:\/\/510premiumcarts.com\/index.php\/product\/shatter-wax-chemdawg\/#primaryimage","url":"https:\/\/510premiumcarts.com\/wp-content\/uploads\/2023\/03\/images-2.jpeg","contentUrl":"https:\/\/510premiumcarts.com\/wp-content\/uploads\/2023\/03\/images-2.jpeg","width":207,"height":244},{"@type":"BreadcrumbList","@id":"https:\/\/510premiumcarts.com\/index.php\/product\/shatter-wax-chemdawg\/#breadcrumb","itemListElement":[{"@type":"ListItem","position":1,"name":"Home","item":"https:\/\/510premiumcarts.com\/"},{"@type":"ListItem","position":2,"name":"Marques de vapotage","item":"https:\/\/510premiumcarts.com\/index.php\/acheter-du-cannabis\/"},{"@type":"ListItem","position":3,"name":"Shatter Wax &#8211; Chemdawg"}]},{"@type":"WebSite","@id":"https:\/\/510premiumcarts.com\/#website","url":"https:\/\/510premiumcarts.com\/","name":"510 Premium Carts","description":"Just another WordPress site","potentialAction":[{"@type":"SearchAction","target":{"@type":"EntryPoint","urlTemplate":"https:\/\/510premiumcarts.com\/?s={search_term_string}"},"query-input":{"@type":"PropertyValueSpecification","valueRequired":true,"valueName":"search_term_string"}}],"inLanguage":"fr-FR"}]}},"jetpack_sharing_enabled":true,"_links":{"self":[{"href":"https:\/\/510premiumcarts.com\/index.php\/wp-json\/wp\/v2\/product\/1715","targetHints":{"allow":["GET"]}}],"collection":[{"href":"https:\/\/510premiumcarts.com\/index.php\/wp-json\/wp\/v2\/product"}],"about":[{"href":"https:\/\/510premiumcarts.com\/index.php\/wp-json\/wp\/v2\/types\/product"}],"replies":[{"embeddable":true,"href":"https:\/\/510premiumcarts.com\/index.php\/wp-json\/wp\/v2\/comments?post=1715"}],"wp:featuredmedia":[{"embeddable":true,"href":"https:\/\/510premiumcarts.com\/index.php\/wp-json\/wp\/v2\/media\/1718"}],"wp:attachment":[{"href":"https:\/\/510premiumcarts.com\/index.php\/wp-json\/wp\/v2\/media?parent=1715"}],"wp:term":[{"taxonomy":"product_brand","embeddable":true,"href":"https:\/\/510premiumcarts.com\/index.php\/wp-json\/wp\/v2\/product_brand?post=1715"},{"taxonomy":"product_cat","embeddable":true,"href":"https:\/\/510premiumcarts.com\/index.php\/wp-json\/wp\/v2\/product_cat?post=1715"},{"taxonomy":"product_tag","embeddable":true,"href":"https:\/\/510premiumcarts.com\/index.php\/wp-json\/wp\/v2\/product_tag?post=1715"}],"curies":[{"name":"wp","href":"https:\/\/api.w.org\/{rel}","templated":true}]}}