{"id":1720,"date":"2023-03-07T11:11:19","date_gmt":"2023-03-07T11:11:19","guid":{"rendered":"https:\/\/510premiumcarts.com\/?post_type=product&#038;p=1720"},"modified":"2023-04-13T14:59:52","modified_gmt":"2023-04-13T14:59:52","slug":"acheter-honey-moroccan-blonde-hash","status":"publish","type":"product","link":"https:\/\/510premiumcarts.com\/index.php\/product\/acheter-honey-moroccan-blonde-hash\/","title":{"rendered":"Honey Moroccan Blonde Hash"},"content":{"rendered":"<h1><a href=\"https:\/\/510premiumcarts.com\/index.php\/product-category\/extracts\/\"><span style=\"color: #ffcc00;\"><strong>ACHETER BLONDE HASH EN LIGNE<\/strong><\/span><\/a><\/h1>\n<p>ACHETER Honey <a href=\"https:\/\/420weedpost.com\/product\/buy-ice-hash\/\">Moroccan<\/a> Blonde Hash Au Maroc, le terme \u00ab kif \u00bb est fr\u00e9quemment utilis\u00e9 pour d\u00e9signer la fleur, c&rsquo;est-\u00e0-dire le <a href=\"https:\/\/420weedpost.com\/product\/buy-moroccan-hash-online\/\">haschich<\/a>. En Occident, le \u00ab kif\u201dest\u00a0souvent utilis\u00e9 pour\u00a0le haschisch blond marocain sp\u00e9cial. Lorsque les feuilles les plus douces sont utilis\u00e9es, cela s&rsquo;appelle \u00ab\u00a0habisha\u00a0\u00bb, qui ressemblerait \u00e0 la marijuana. Au Maroc, la production est estim\u00e9e \u00e0\u00a0couvrir\u00a0une superficie de <a href=\"https:\/\/420weedpost.com\/product\/lxotics-weed-packs\/\">600\u00a0<\/a>km\u00b2,et contribuant \u00e0 l&rsquo;\u00e9conomie nationale\u00a0avec environ 2\u00a0milliards de dollars par an et en croissance, \u00e9quivalant \u00e0 6\u00a0% du PNB (la plupart de ces revenus ne sont cependant pas inclus dans le PNB officiel)\u00a0acheter du hasch blond\u00a0en ligne<\/p>\n<p>hachis blond libanais, hash blond libanais, miel blonde <a href=\"https:\/\/420weedpost.com\/\">marocaine\u00a0<\/a>\u00e0 vendre<\/p>\n<p>Blonde Moroccan Hash\u00a0est l&rsquo;un des meilleurs Hash marocain\u00a0disponible\u00a0actuellement. Elle est l\u00e9g\u00e8rement aromatique avec une pointe d&rsquo;\u00e9pice qui produit un high c\u00e9r\u00e9bral et actif. hachis blonde libanaise<\/p>\n<h2><strong>ACHETER HONEY MOROCCAN BLONDE <a href=\"http:\/\/leafly.com\/\">HASH<\/a><\/strong><\/h2>\n<div class=\"fusion-progressbar progress-bar progress-striped active\">\n<p>D\u00e9tendu\u00a0<a href=\"https:\/\/420weedpost.com\/product\/buy-moroccan-slate-hash\/\">100\u00a0<\/a>%<\/p>\n<p>Giggly 100%<\/p>\n<p>Heureux 50\u00a0%<\/p>\n<p>Euphorique 99%<\/p>\n<\/div>\n<div class=\"fusion-progressbar progress-bar progress-striped active\">\n<p><span class=\"progress-title sr-only\">Uplifted 60%<\/span><\/p>\n<\/div>\n<p class=\"fusion-progressbar progress-bar progress-striped active\"><strong>USAGES M\u00c9DICAUX<\/strong><\/p>\n<div class=\"fusion-progressbar progress-bar progress-striped active\">\n<div class=\"fusion-progressbar progress-bar progress-striped active\">\n<p><a href=\"https:\/\/420weedpost.com\/product\/ice-cream-strain\/\">Stress<\/a> 100%<br \/>\nDouleur 100%<br \/>\nD\u00e9pression 75%<br \/>\nInsomnie 70%<br \/>\nManque d&rsquo;app\u00e9tit 40%<br \/>\nTHC : fort<\/p>\n<p>CBD : Moyen<\/p>\n<\/div>\n<div class=\"fusion-progressbar progress-bar progress-striped active\">\n<h2><strong>HONEY MOROCCAN BLONDE HASH \u00c0 VENDRE<\/strong><\/h2>\n<\/div>\n<p>En quoi le Dry Ice Hash est-il diff\u00e9rent ?<\/p>\n<p>Bien que tous les hachages ne soient pas identiques, de nombreux types de hachage sont tr\u00e8s proches. Le hachage \u00e0 l&rsquo;eau &#8211; \u00e9galement appel\u00e9 hachage \u00e0 la glace, hachage \u00e0 bulles, hachage \u00e0 gravit\u00e9 (Gumby)\u00a0et hachage \u00e0 la glace s\u00e8che produisent tous des formes du m\u00eame produit\u00a0: des\u00a0glandes de r\u00e9sine isol\u00e9es.<\/p>\n<p>Bien que de nombreuses m\u00e9thodes produisent le m\u00eame produit ou un produit similaire, l&rsquo;utilisation de la neige carbonique pr\u00e9sente des avantages dans de nombreux domaines qui finissent par la rendre sup\u00e9rieure aux autres moyens de collecte de r\u00e9sine\u00a0:<\/p>\n<ul>\n<li>C&rsquo;est plus rapide que les autres m\u00e9thodes.\n<ul>\n<li>Vous pouvez finir de faire du haschich \u00e0 glace <a href=\"https:\/\/ogdispensary.org\/product\/buy-platinum-og-smartmelts-online\/\">carbonique<\/a> en environ 1\/25e du temps total n\u00e9cessaire pour faire du haschich \u00e0 gravit\u00e9 ! Bien que cet exemple soit extr\u00eame, il ne faut que quelques minutes pour fabriquer du hachis de glace carbonique et il est beaucoup plus rapide que les autres m\u00e9thodes.<\/li>\n<\/ul>\n<\/li>\n<li>C&rsquo;est incroyablement facile\n<ul>\n<li>Et cette facilit\u00e9 se traduit par une gratification rapide. Vous obtenez du hachage de qualit\u00e9 sup\u00e9rieure au prix de secouer un seau et un sac pendant un total combin\u00e9 de moins de 15 minutes.<\/li>\n<\/ul>\n<\/li>\n<li>Il n&rsquo;y a pas d&rsquo;humidit\u00e9 !<\/li>\n<\/ul>\n<\/div>\n","protected":false},"excerpt":{"rendered":"<p>Blonde Moroccan Hash\u00a0est l&rsquo;un des meilleurs Hash marocain\u00a0disponibles actuellement. Elle est l\u00e9g\u00e8rement aromatique avec une pointe d&rsquo;\u00e9pice qui produit un high c\u00e9r\u00e9bral et actif.<\/p>\n","protected":false},"featured_media":1722,"comment_status":"open","ping_status":"closed","template":"","meta":{"_monsterinsights_skip_tracking":false,"_monsterinsights_sitenote_active":false,"_monsterinsights_sitenote_note":"","_monsterinsights_sitenote_category":0},"product_brand":[],"product_cat":[4882],"product_tag":[4888],"class_list":{"0":"post-1720","1":"product","2":"type-product","3":"status-publish","4":"has-post-thumbnail","6":"product_cat-wax-extraits-de-cannabis","7":"product_tag-buy-honey-moroccan-blonde-hash","9":"first","10":"instock","11":"shipping-taxable","12":"purchasable","13":"product-type-variable"},"yoast_head":"<!-- This site is optimized with the Yoast SEO plugin v27.3 - https:\/\/yoast.com\/product\/yoast-seo-wordpress\/ -->\n<title>Acheter Honey Moroccan Blonde Hash - 510 Premium Carts Online<\/title>\n<meta name=\"description\" content=\"Acheter Honey Moroccan Blonde Hash Au Maroc, le terme &quot;kif&quot; est fr\u00e9quemment utilis\u00e9 pour d\u00e9signer la fleur, c&#039;est-\u00e0-dire le haschich. En Occident, &quot;kif&quot; est\u00a0souvent utilis\u00e9 pour\u00a0le Marocain sp\u00e9cial\" \/>\n<meta name=\"robots\" content=\"index, follow, max-snippet:-1, max-image-preview:large, max-video-preview:-1\" \/>\n<link rel=\"canonical\" href=\"https:\/\/510premiumcarts.com\/index.php\/product\/acheter-honey-moroccan-blonde-hash\/\" \/>\n<meta property=\"og:locale\" content=\"fr_FR\" \/>\n<meta property=\"og:type\" content=\"article\" \/>\n<meta property=\"og:title\" content=\"Acheter Honey Moroccan Blonde Hash - 510 Premium Carts Online\" \/>\n<meta property=\"og:description\" content=\"Acheter Honey Moroccan Blonde Hash Au Maroc, le terme &quot;kif&quot; est fr\u00e9quemment utilis\u00e9 pour d\u00e9signer la fleur, c&#039;est-\u00e0-dire le haschich. En Occident, &quot;kif&quot; est\u00a0souvent utilis\u00e9 pour\u00a0le Marocain sp\u00e9cial\" \/>\n<meta property=\"og:url\" content=\"https:\/\/510premiumcarts.com\/index.php\/product\/acheter-honey-moroccan-blonde-hash\/\" \/>\n<meta property=\"og:site_name\" content=\"510 Premium Carts\" \/>\n<meta property=\"article:modified_time\" content=\"2023-04-13T14:59:52+00:00\" \/>\n<meta property=\"og:image\" content=\"http:\/\/510premiumcarts.com\/wp-content\/uploads\/2023\/03\/KAMIKAZI-912.jpg\" \/>\n\t<meta property=\"og:image:width\" content=\"886\" \/>\n\t<meta property=\"og:image:height\" content=\"886\" \/>\n\t<meta property=\"og:image:type\" content=\"image\/jpeg\" \/>\n<meta name=\"twitter:card\" content=\"summary_large_image\" \/>\n<meta name=\"twitter:label1\" content=\"Dur\u00e9e de lecture estim\u00e9e\" \/>\n\t<meta name=\"twitter:data1\" content=\"2 minutes\" \/>\n<script type=\"application\/ld+json\" class=\"yoast-schema-graph\">{\"@context\":\"https:\\\/\\\/schema.org\",\"@graph\":[{\"@type\":\"WebPage\",\"@id\":\"https:\\\/\\\/510premiumcarts.com\\\/index.php\\\/product\\\/acheter-honey-moroccan-blonde-hash\\\/\",\"url\":\"https:\\\/\\\/510premiumcarts.com\\\/index.php\\\/product\\\/acheter-honey-moroccan-blonde-hash\\\/\",\"name\":\"Acheter Honey Moroccan Blonde Hash - 510 Premium Carts Online\",\"isPartOf\":{\"@id\":\"https:\\\/\\\/510premiumcarts.com\\\/#website\"},\"primaryImageOfPage\":{\"@id\":\"https:\\\/\\\/510premiumcarts.com\\\/index.php\\\/product\\\/acheter-honey-moroccan-blonde-hash\\\/#primaryimage\"},\"image\":{\"@id\":\"https:\\\/\\\/510premiumcarts.com\\\/index.php\\\/product\\\/acheter-honey-moroccan-blonde-hash\\\/#primaryimage\"},\"thumbnailUrl\":\"https:\\\/\\\/510premiumcarts.com\\\/wp-content\\\/uploads\\\/2023\\\/03\\\/KAMIKAZI-912.jpg\",\"datePublished\":\"2023-03-07T11:11:19+00:00\",\"dateModified\":\"2023-04-13T14:59:52+00:00\",\"description\":\"Acheter Honey Moroccan Blonde Hash Au Maroc, le terme \\\"kif\\\" est fr\u00e9quemment utilis\u00e9 pour d\u00e9signer la fleur, c'est-\u00e0-dire le haschich. En Occident, \\\"kif\\\" est\u00a0souvent utilis\u00e9 pour\u00a0le Marocain sp\u00e9cial\",\"breadcrumb\":{\"@id\":\"https:\\\/\\\/510premiumcarts.com\\\/index.php\\\/product\\\/acheter-honey-moroccan-blonde-hash\\\/#breadcrumb\"},\"inLanguage\":\"fr-FR\",\"potentialAction\":[{\"@type\":\"ReadAction\",\"target\":[\"https:\\\/\\\/510premiumcarts.com\\\/index.php\\\/product\\\/acheter-honey-moroccan-blonde-hash\\\/\"]}]},{\"@type\":\"ImageObject\",\"inLanguage\":\"fr-FR\",\"@id\":\"https:\\\/\\\/510premiumcarts.com\\\/index.php\\\/product\\\/acheter-honey-moroccan-blonde-hash\\\/#primaryimage\",\"url\":\"https:\\\/\\\/510premiumcarts.com\\\/wp-content\\\/uploads\\\/2023\\\/03\\\/KAMIKAZI-912.jpg\",\"contentUrl\":\"https:\\\/\\\/510premiumcarts.com\\\/wp-content\\\/uploads\\\/2023\\\/03\\\/KAMIKAZI-912.jpg\",\"width\":886,\"height\":886,\"caption\":\"Buy Honey Moroccan Blonde Hash\"},{\"@type\":\"BreadcrumbList\",\"@id\":\"https:\\\/\\\/510premiumcarts.com\\\/index.php\\\/product\\\/acheter-honey-moroccan-blonde-hash\\\/#breadcrumb\",\"itemListElement\":[{\"@type\":\"ListItem\",\"position\":1,\"name\":\"Home\",\"item\":\"https:\\\/\\\/510premiumcarts.com\\\/\"},{\"@type\":\"ListItem\",\"position\":2,\"name\":\"Marques de vapotage\",\"item\":\"https:\\\/\\\/510premiumcarts.com\\\/index.php\\\/acheter-du-cannabis\\\/\"},{\"@type\":\"ListItem\",\"position\":3,\"name\":\"Honey Moroccan Blonde Hash\"}]},{\"@type\":\"WebSite\",\"@id\":\"https:\\\/\\\/510premiumcarts.com\\\/#website\",\"url\":\"https:\\\/\\\/510premiumcarts.com\\\/\",\"name\":\"510 Premium Carts\",\"description\":\"Just another WordPress site\",\"potentialAction\":[{\"@type\":\"SearchAction\",\"target\":{\"@type\":\"EntryPoint\",\"urlTemplate\":\"https:\\\/\\\/510premiumcarts.com\\\/?s={search_term_string}\"},\"query-input\":{\"@type\":\"PropertyValueSpecification\",\"valueRequired\":true,\"valueName\":\"search_term_string\"}}],\"inLanguage\":\"fr-FR\"}]}<\/script>\n<!-- \/ Yoast SEO plugin. -->","yoast_head_json":{"title":"Acheter Honey Moroccan Blonde Hash - 510 Premium Carts Online","description":"Acheter Honey Moroccan Blonde Hash Au Maroc, le terme \"kif\" est fr\u00e9quemment utilis\u00e9 pour d\u00e9signer la fleur, c'est-\u00e0-dire le haschich. En Occident, \"kif\" est\u00a0souvent utilis\u00e9 pour\u00a0le Marocain sp\u00e9cial","robots":{"index":"index","follow":"follow","max-snippet":"max-snippet:-1","max-image-preview":"max-image-preview:large","max-video-preview":"max-video-preview:-1"},"canonical":"https:\/\/510premiumcarts.com\/index.php\/product\/acheter-honey-moroccan-blonde-hash\/","og_locale":"fr_FR","og_type":"article","og_title":"Acheter Honey Moroccan Blonde Hash - 510 Premium Carts Online","og_description":"Acheter Honey Moroccan Blonde Hash Au Maroc, le terme \"kif\" est fr\u00e9quemment utilis\u00e9 pour d\u00e9signer la fleur, c'est-\u00e0-dire le haschich. En Occident, \"kif\" est\u00a0souvent utilis\u00e9 pour\u00a0le Marocain sp\u00e9cial","og_url":"https:\/\/510premiumcarts.com\/index.php\/product\/acheter-honey-moroccan-blonde-hash\/","og_site_name":"510 Premium Carts","article_modified_time":"2023-04-13T14:59:52+00:00","og_image":[{"width":886,"height":886,"url":"http:\/\/510premiumcarts.com\/wp-content\/uploads\/2023\/03\/KAMIKAZI-912.jpg","type":"image\/jpeg"}],"twitter_card":"summary_large_image","twitter_misc":{"Dur\u00e9e de lecture estim\u00e9e":"2 minutes"},"schema":{"@context":"https:\/\/schema.org","@graph":[{"@type":"WebPage","@id":"https:\/\/510premiumcarts.com\/index.php\/product\/acheter-honey-moroccan-blonde-hash\/","url":"https:\/\/510premiumcarts.com\/index.php\/product\/acheter-honey-moroccan-blonde-hash\/","name":"Acheter Honey Moroccan Blonde Hash - 510 Premium Carts Online","isPartOf":{"@id":"https:\/\/510premiumcarts.com\/#website"},"primaryImageOfPage":{"@id":"https:\/\/510premiumcarts.com\/index.php\/product\/acheter-honey-moroccan-blonde-hash\/#primaryimage"},"image":{"@id":"https:\/\/510premiumcarts.com\/index.php\/product\/acheter-honey-moroccan-blonde-hash\/#primaryimage"},"thumbnailUrl":"https:\/\/510premiumcarts.com\/wp-content\/uploads\/2023\/03\/KAMIKAZI-912.jpg","datePublished":"2023-03-07T11:11:19+00:00","dateModified":"2023-04-13T14:59:52+00:00","description":"Acheter Honey Moroccan Blonde Hash Au Maroc, le terme \"kif\" est fr\u00e9quemment utilis\u00e9 pour d\u00e9signer la fleur, c'est-\u00e0-dire le haschich. En Occident, \"kif\" est\u00a0souvent utilis\u00e9 pour\u00a0le Marocain sp\u00e9cial","breadcrumb":{"@id":"https:\/\/510premiumcarts.com\/index.php\/product\/acheter-honey-moroccan-blonde-hash\/#breadcrumb"},"inLanguage":"fr-FR","potentialAction":[{"@type":"ReadAction","target":["https:\/\/510premiumcarts.com\/index.php\/product\/acheter-honey-moroccan-blonde-hash\/"]}]},{"@type":"ImageObject","inLanguage":"fr-FR","@id":"https:\/\/510premiumcarts.com\/index.php\/product\/acheter-honey-moroccan-blonde-hash\/#primaryimage","url":"https:\/\/510premiumcarts.com\/wp-content\/uploads\/2023\/03\/KAMIKAZI-912.jpg","contentUrl":"https:\/\/510premiumcarts.com\/wp-content\/uploads\/2023\/03\/KAMIKAZI-912.jpg","width":886,"height":886,"caption":"Buy Honey Moroccan Blonde Hash"},{"@type":"BreadcrumbList","@id":"https:\/\/510premiumcarts.com\/index.php\/product\/acheter-honey-moroccan-blonde-hash\/#breadcrumb","itemListElement":[{"@type":"ListItem","position":1,"name":"Home","item":"https:\/\/510premiumcarts.com\/"},{"@type":"ListItem","position":2,"name":"Marques de vapotage","item":"https:\/\/510premiumcarts.com\/index.php\/acheter-du-cannabis\/"},{"@type":"ListItem","position":3,"name":"Honey Moroccan Blonde Hash"}]},{"@type":"WebSite","@id":"https:\/\/510premiumcarts.com\/#website","url":"https:\/\/510premiumcarts.com\/","name":"510 Premium Carts","description":"Just another WordPress site","potentialAction":[{"@type":"SearchAction","target":{"@type":"EntryPoint","urlTemplate":"https:\/\/510premiumcarts.com\/?s={search_term_string}"},"query-input":{"@type":"PropertyValueSpecification","valueRequired":true,"valueName":"search_term_string"}}],"inLanguage":"fr-FR"}]}},"jetpack_sharing_enabled":true,"_links":{"self":[{"href":"https:\/\/510premiumcarts.com\/index.php\/wp-json\/wp\/v2\/product\/1720","targetHints":{"allow":["GET"]}}],"collection":[{"href":"https:\/\/510premiumcarts.com\/index.php\/wp-json\/wp\/v2\/product"}],"about":[{"href":"https:\/\/510premiumcarts.com\/index.php\/wp-json\/wp\/v2\/types\/product"}],"replies":[{"embeddable":true,"href":"https:\/\/510premiumcarts.com\/index.php\/wp-json\/wp\/v2\/comments?post=1720"}],"wp:featuredmedia":[{"embeddable":true,"href":"https:\/\/510premiumcarts.com\/index.php\/wp-json\/wp\/v2\/media\/1722"}],"wp:attachment":[{"href":"https:\/\/510premiumcarts.com\/index.php\/wp-json\/wp\/v2\/media?parent=1720"}],"wp:term":[{"taxonomy":"product_brand","embeddable":true,"href":"https:\/\/510premiumcarts.com\/index.php\/wp-json\/wp\/v2\/product_brand?post=1720"},{"taxonomy":"product_cat","embeddable":true,"href":"https:\/\/510premiumcarts.com\/index.php\/wp-json\/wp\/v2\/product_cat?post=1720"},{"taxonomy":"product_tag","embeddable":true,"href":"https:\/\/510premiumcarts.com\/index.php\/wp-json\/wp\/v2\/product_tag?post=1720"}],"curies":[{"name":"wp","href":"https:\/\/api.w.org\/{rel}","templated":true}]}}