{"id":1727,"date":"2023-03-07T11:17:37","date_gmt":"2023-03-07T11:17:37","guid":{"rendered":"https:\/\/510premiumcarts.com\/?post_type=product&#038;p=1727"},"modified":"2023-04-13T14:31:19","modified_gmt":"2023-04-13T14:31:19","slug":"acheter-scissor-hash-finger-hash","status":"publish","type":"product","link":"https:\/\/510premiumcarts.com\/index.php\/product\/acheter-scissor-hash-finger-hash\/","title":{"rendered":"Scissor Hash (finger hash)"},"content":{"rendered":"<h1><a href=\"https:\/\/510premiumcarts.com\/index.php\/product-category\/extracts\/\"><span style=\"color: #ffcc00;\"><strong><span style=\"vertical-align: inherit;\"><span style=\"vertical-align: inherit;\">Acheter FINGER HASH EN LIGNE<\/span><\/span><\/strong><\/span><\/a><\/h1>\n<p><span style=\"vertical-align: inherit;\"><span style=\"vertical-align: inherit;\">Acheter finger hash Online est le produit de la taille des plantes de cannabis humides. Les plants de cannabis sont tr\u00e8s collants, surtout lorsqu&rsquo;ils sont encore en croissance et humides. Lors de la manipulation et de la taille des plantes, les tiges de r\u00e9sine (trichomes) sont frott\u00e9es sur les mains\/gants et ciseaux des producteurs. En frottant les trichomes des mains\/gants\/ciseaux, vous obtenez essentiellement du k ief humide. Le produit est souvent d\u00e9color\u00e9 (\u00e0 cause de la mati\u00e8re v\u00e9g\u00e9tale, de la salet\u00e9, etc.) et sa texture est gommeuse. <span style=\"color: #ffffff;\">ACHETER Scissor Hash (finger hash)<\/span><\/span><\/span><\/p>\n<h5><span id=\"buy_scissor_hash_finger_hash_online_scissor_hash_buy_scissor_hash_online_scissor_hash_for_sale_finger_finger_hash_price_finger_hash_for_sale_scissor_hash_for_sale\" class=\"ez-toc-section\"><\/span>acheter du hachage de <a href=\"https:\/\/420weedpost.com\/product\/buy-moroccan-hash\/\">ciseaux<\/a> (hachage de doigt) en ligne, hachage de ciseaux , acheter du hachage de ciseaux en ligne, hachage de ciseaux \u00e0 vendre, doigt \u00a0, prix du hachage de doigt, hachage de doigt \u00e0 vendre, hachage de ciseaux \u00e0 vendre<\/h5>\n<p>Description du produit Le hachis de ciseaux ou de <a href=\"https:\/\/ogdispensary.org\/product\/buy-scissor-hash-finger-hash\/\">doigt<\/a> est le produit de la <a href=\"https:\/\/420weedpost.com\/product\/lemon-kush-smartbud\/\">taille<\/a> des plantes de cannabis humides. Les plants de cannabis sont tr\u00e8s collants, surtout lorsqu&rsquo;ils sont encore en croissance et humides. Lors de la manipulation et de la taille des plantes, les tiges de r\u00e9sine (trichomes) sont frott\u00e9es sur les mains\/gants et ciseaux des producteurs. En frottant les trichomes des mains\/gants\/ciseaux, vous obtenez essentiellement du kief <a href=\"https:\/\/420weedpost.com\/product\/buy-scissor-hash-finger-hash\/\">humide<\/a>. Le produit est souvent d\u00e9color\u00e9 (\u00e0 cause de la mati\u00e8re v\u00e9g\u00e9tale, de la salet\u00e9, etc.) et de texture gommeuse.<\/p>\n<p>Le\u00ab finger hash \u00bb est produit en <a href=\"https:\/\/420weedpost.com\/product\/white-runtz\/\">roulant<\/a> les fleurs m\u00fbres couvertes de <a href=\"https:\/\/420weedpost.com\/product\/buy-honey-moroccan-blonde-hash\/\">trichomes<\/a> de la <a href=\"https:\/\/420weedpost.com\/product\/buy-moroccan-slate-hash\/\">plante<\/a> entre les doigts, en rompant les trichomes et en r\u00e9cup\u00e9rant la <a href=\"https:\/\/420weedpost.com\/\">r\u00e9sine<\/a> lib\u00e9r\u00e9e qui colle aux doigts.<\/p>\n<h2><span id=\"FINGER_HASH_FOR_SALE\" class=\"ez-toc-section\"><\/span><strong><span style=\"vertical-align: inherit;\"><span style=\"vertical-align: inherit;\">FINGER HASH \u00c0 VENDRE<\/span><\/span><\/strong><\/h2>\n<p>Le finger hash price peut \u00eatre une fum\u00e9e de tr\u00e8s haute qualit\u00e9 avec de nombreuses <a href=\"https:\/\/420weedpost.com\/product\/hash-plant-strain\/\">caract\u00e9ristiques<\/a>, mais qui ne revient pas trop souvent. Vos mains contiennent des huiles naturelles (et qui sait quoi d&rsquo;autre) qui peuvent affecter la saveur, alors lavez-les avant de commencer, de pr\u00e9f\u00e9rence sans savon, car cela a \u00e9galement tendance \u00e0 laisser un go\u00fbt r\u00e9siduel. La r\u00e9sine colle \u00e0 la r\u00e9sine. Le fait de brosser r\u00e9guli\u00e8rement les petits morceaux de feuilles des mains enduites de r\u00e9sine aide le hachage des doigts \u00e0 s&rsquo;accumuler plus rapidement et diminue la quantit\u00e9 de contaminants dans votre produit final.<\/p>\n<p>Retirer la r\u00e9sine peut \u00eatre plus une corv\u00e9e que de la r\u00e9cup\u00e9rer. Le truc est comme de la colle et se frotter vigoureusement les mains peut provoquer des cloques. Une goutte d&rsquo;eau aidera \u00e0 d\u00e9coller ce qui reste. Maintenant, r\u00e9cup\u00e9rez simplement la pile et roulez-la en boule dans la <a href=\"http:\/\/leafly.com\/\">paume<\/a> de votre main. Vous voulez une <a href=\"https:\/\/420weedpost.com\/product\/buy-bubble-hash\/\">m\u00e9thode<\/a> compl\u00e8tement diff\u00e9rente ? Il suffit de frotter l&rsquo;enfer d&rsquo;un tas de shake avec vos mains et de voir ce que vous pouvez obtenir\u00a0!.<\/p>\n<h3><span id=\"BUY_SCISSOR_HASH_FINGER_HASH_ONLINE\" class=\"ez-toc-section\"><\/span><strong><span style=\"vertical-align: inherit;\"><span style=\"vertical-align: inherit;\">ACHETER SCISSOR <a href=\"https:\/\/ogdispensary.org\/product\/paris-og-shatter\/\">HASH<\/a> (<a href=\"https:\/\/420weedpost.com\/product\/buy-ice-hash\/\">FINGER<\/a> HASH) EN LIGNE<\/span><\/span><\/strong><\/h3>\n<p>Le hasch, ou haschich, est le produit de la collecte des tiges de r\u00e9sine, des trichomes ou du THC, des plants de cannabis. Cette forme classique est g\u00e9n\u00e9ralement collect\u00e9e par les producteurs lorsqu&rsquo;ils manipulent les plantes matures. Les trichomes r\u00e9sineux de la plante se frottent sur leurs mains, cr\u00e9ant ainsi la terminologie commune\u00a0: frotter.<\/p>\n<p>Dans certaines r\u00e9gions, on parle de hachage au doigt ou en ciseaux. Lorsque les plantes sont taill\u00e9es apr\u00e8s le s\u00e9chage, elles produisent \u00e9galement des trichomes. Les producteurs ont tendance \u00e0 tailler sur un \u00e9cran de soie, et le produit tamis\u00e9 est ce qu&rsquo;on appelle commun\u00e9ment le kief. Il est \u00e9galement collect\u00e9 dans des broyeurs avec des \u00e9crans \u00e0 l&rsquo;int\u00e9rieur, mais sans filtre \u00e0 travers un \u00e9cran en soie appropri\u00e9, ce n&rsquo;est pas vraiment un hachage.<\/p>\n<p>Une autre technique de collecte courante utilise plusieurs sacs en s\u00e9rigraphie (sacs \u00e0 bulles) et de l&rsquo;eau glac\u00e9e pour s\u00e9parer les trichomes de la mati\u00e8re v\u00e9g\u00e9tale de cannabis et les filtrer \u00e0 travers les \u00e9crans. Cela donne un hachage \u00e0 bulles sans solvant, une fonte compl\u00e8te ou de la cire glac\u00e9e<\/p>\n","protected":false},"excerpt":{"rendered":"<p>Le hachis de ciseaux ou de doigts est le produit de la taille des plantes de cannabis humides. Les plants de cannabis sont tr\u00e8s collants, surtout lorsqu&rsquo;ils sont encore en croissance et humides. Lors de la manipulation et de la taille des plantes, les tiges de r\u00e9sine (trichomes) sont frott\u00e9es sur les mains\/gants et ciseaux du cultivateur.<\/p>\n","protected":false},"featured_media":1732,"comment_status":"open","ping_status":"closed","template":"","meta":{"_monsterinsights_skip_tracking":false,"_monsterinsights_sitenote_active":false,"_monsterinsights_sitenote_note":"","_monsterinsights_sitenote_category":0},"product_brand":[],"product_cat":[4882],"product_tag":[4889],"class_list":{"0":"post-1727","1":"product","2":"type-product","3":"status-publish","4":"has-post-thumbnail","6":"product_cat-wax-extraits-de-cannabis","7":"product_tag-buy-scissor-hash-finger-hash","9":"first","10":"instock","11":"shipping-taxable","12":"purchasable","13":"product-type-variable"},"yoast_head":"<!-- This site is optimized with the Yoast SEO plugin v27.3 - https:\/\/yoast.com\/product\/yoast-seo-wordpress\/ -->\n<title>ACHETER Scissor Hash (finger hash) - 510 Premium Carts<\/title>\n<meta name=\"description\" content=\"Acheter finger hash Online est le produit de la taille des plantes de cannabis humides. Les plants de cannabis sont tr\u00e8s collants, surtout lorsqu&#039;ils\" \/>\n<meta name=\"robots\" content=\"index, follow, max-snippet:-1, max-image-preview:large, max-video-preview:-1\" \/>\n<link rel=\"canonical\" href=\"https:\/\/510premiumcarts.com\/index.php\/product\/acheter-scissor-hash-finger-hash\/\" \/>\n<meta property=\"og:locale\" content=\"fr_FR\" \/>\n<meta property=\"og:type\" content=\"article\" \/>\n<meta property=\"og:title\" content=\"ACHETER Scissor Hash (finger hash) - 510 Premium Carts\" \/>\n<meta property=\"og:description\" content=\"Acheter finger hash Online est le produit de la taille des plantes de cannabis humides. Les plants de cannabis sont tr\u00e8s collants, surtout lorsqu&#039;ils\" \/>\n<meta property=\"og:url\" content=\"https:\/\/510premiumcarts.com\/index.php\/product\/acheter-scissor-hash-finger-hash\/\" \/>\n<meta property=\"og:site_name\" content=\"510 Premium Carts\" \/>\n<meta property=\"article:modified_time\" content=\"2023-04-13T14:31:19+00:00\" \/>\n<meta property=\"og:image\" content=\"http:\/\/510premiumcarts.com\/wp-content\/uploads\/2023\/03\/Moroccan-hash-2.webp\" \/>\n\t<meta property=\"og:image:width\" content=\"781\" \/>\n\t<meta property=\"og:image:height\" content=\"528\" \/>\n\t<meta property=\"og:image:type\" content=\"image\/webp\" \/>\n<meta name=\"twitter:card\" content=\"summary_large_image\" \/>\n<meta name=\"twitter:label1\" content=\"Dur\u00e9e de lecture estim\u00e9e\" \/>\n\t<meta name=\"twitter:data1\" content=\"4 minutes\" \/>\n<script type=\"application\/ld+json\" class=\"yoast-schema-graph\">{\"@context\":\"https:\\\/\\\/schema.org\",\"@graph\":[{\"@type\":\"WebPage\",\"@id\":\"https:\\\/\\\/510premiumcarts.com\\\/index.php\\\/product\\\/acheter-scissor-hash-finger-hash\\\/\",\"url\":\"https:\\\/\\\/510premiumcarts.com\\\/index.php\\\/product\\\/acheter-scissor-hash-finger-hash\\\/\",\"name\":\"ACHETER Scissor Hash (finger hash) - 510 Premium Carts\",\"isPartOf\":{\"@id\":\"https:\\\/\\\/510premiumcarts.com\\\/#website\"},\"primaryImageOfPage\":{\"@id\":\"https:\\\/\\\/510premiumcarts.com\\\/index.php\\\/product\\\/acheter-scissor-hash-finger-hash\\\/#primaryimage\"},\"image\":{\"@id\":\"https:\\\/\\\/510premiumcarts.com\\\/index.php\\\/product\\\/acheter-scissor-hash-finger-hash\\\/#primaryimage\"},\"thumbnailUrl\":\"https:\\\/\\\/510premiumcarts.com\\\/wp-content\\\/uploads\\\/2023\\\/03\\\/Moroccan-hash-2.webp\",\"datePublished\":\"2023-03-07T11:17:37+00:00\",\"dateModified\":\"2023-04-13T14:31:19+00:00\",\"description\":\"Acheter finger hash Online est le produit de la taille des plantes de cannabis humides. Les plants de cannabis sont tr\u00e8s collants, surtout lorsqu'ils\",\"breadcrumb\":{\"@id\":\"https:\\\/\\\/510premiumcarts.com\\\/index.php\\\/product\\\/acheter-scissor-hash-finger-hash\\\/#breadcrumb\"},\"inLanguage\":\"fr-FR\",\"potentialAction\":[{\"@type\":\"ReadAction\",\"target\":[\"https:\\\/\\\/510premiumcarts.com\\\/index.php\\\/product\\\/acheter-scissor-hash-finger-hash\\\/\"]}]},{\"@type\":\"ImageObject\",\"inLanguage\":\"fr-FR\",\"@id\":\"https:\\\/\\\/510premiumcarts.com\\\/index.php\\\/product\\\/acheter-scissor-hash-finger-hash\\\/#primaryimage\",\"url\":\"https:\\\/\\\/510premiumcarts.com\\\/wp-content\\\/uploads\\\/2023\\\/03\\\/Moroccan-hash-2.webp\",\"contentUrl\":\"https:\\\/\\\/510premiumcarts.com\\\/wp-content\\\/uploads\\\/2023\\\/03\\\/Moroccan-hash-2.webp\",\"width\":781,\"height\":528,\"caption\":\"Buy Scissor Hash (finger hash)\"},{\"@type\":\"BreadcrumbList\",\"@id\":\"https:\\\/\\\/510premiumcarts.com\\\/index.php\\\/product\\\/acheter-scissor-hash-finger-hash\\\/#breadcrumb\",\"itemListElement\":[{\"@type\":\"ListItem\",\"position\":1,\"name\":\"Home\",\"item\":\"https:\\\/\\\/510premiumcarts.com\\\/\"},{\"@type\":\"ListItem\",\"position\":2,\"name\":\"Marques de vapotage\",\"item\":\"https:\\\/\\\/510premiumcarts.com\\\/index.php\\\/acheter-du-cannabis\\\/\"},{\"@type\":\"ListItem\",\"position\":3,\"name\":\"Scissor Hash (finger hash)\"}]},{\"@type\":\"WebSite\",\"@id\":\"https:\\\/\\\/510premiumcarts.com\\\/#website\",\"url\":\"https:\\\/\\\/510premiumcarts.com\\\/\",\"name\":\"510 Premium Carts\",\"description\":\"Just another WordPress site\",\"potentialAction\":[{\"@type\":\"SearchAction\",\"target\":{\"@type\":\"EntryPoint\",\"urlTemplate\":\"https:\\\/\\\/510premiumcarts.com\\\/?s={search_term_string}\"},\"query-input\":{\"@type\":\"PropertyValueSpecification\",\"valueRequired\":true,\"valueName\":\"search_term_string\"}}],\"inLanguage\":\"fr-FR\"}]}<\/script>\n<!-- \/ Yoast SEO plugin. -->","yoast_head_json":{"title":"ACHETER Scissor Hash (finger hash) - 510 Premium Carts","description":"Acheter finger hash Online est le produit de la taille des plantes de cannabis humides. Les plants de cannabis sont tr\u00e8s collants, surtout lorsqu'ils","robots":{"index":"index","follow":"follow","max-snippet":"max-snippet:-1","max-image-preview":"max-image-preview:large","max-video-preview":"max-video-preview:-1"},"canonical":"https:\/\/510premiumcarts.com\/index.php\/product\/acheter-scissor-hash-finger-hash\/","og_locale":"fr_FR","og_type":"article","og_title":"ACHETER Scissor Hash (finger hash) - 510 Premium Carts","og_description":"Acheter finger hash Online est le produit de la taille des plantes de cannabis humides. Les plants de cannabis sont tr\u00e8s collants, surtout lorsqu'ils","og_url":"https:\/\/510premiumcarts.com\/index.php\/product\/acheter-scissor-hash-finger-hash\/","og_site_name":"510 Premium Carts","article_modified_time":"2023-04-13T14:31:19+00:00","og_image":[{"width":781,"height":528,"url":"http:\/\/510premiumcarts.com\/wp-content\/uploads\/2023\/03\/Moroccan-hash-2.webp","type":"image\/webp"}],"twitter_card":"summary_large_image","twitter_misc":{"Dur\u00e9e de lecture estim\u00e9e":"4 minutes"},"schema":{"@context":"https:\/\/schema.org","@graph":[{"@type":"WebPage","@id":"https:\/\/510premiumcarts.com\/index.php\/product\/acheter-scissor-hash-finger-hash\/","url":"https:\/\/510premiumcarts.com\/index.php\/product\/acheter-scissor-hash-finger-hash\/","name":"ACHETER Scissor Hash (finger hash) - 510 Premium Carts","isPartOf":{"@id":"https:\/\/510premiumcarts.com\/#website"},"primaryImageOfPage":{"@id":"https:\/\/510premiumcarts.com\/index.php\/product\/acheter-scissor-hash-finger-hash\/#primaryimage"},"image":{"@id":"https:\/\/510premiumcarts.com\/index.php\/product\/acheter-scissor-hash-finger-hash\/#primaryimage"},"thumbnailUrl":"https:\/\/510premiumcarts.com\/wp-content\/uploads\/2023\/03\/Moroccan-hash-2.webp","datePublished":"2023-03-07T11:17:37+00:00","dateModified":"2023-04-13T14:31:19+00:00","description":"Acheter finger hash Online est le produit de la taille des plantes de cannabis humides. Les plants de cannabis sont tr\u00e8s collants, surtout lorsqu'ils","breadcrumb":{"@id":"https:\/\/510premiumcarts.com\/index.php\/product\/acheter-scissor-hash-finger-hash\/#breadcrumb"},"inLanguage":"fr-FR","potentialAction":[{"@type":"ReadAction","target":["https:\/\/510premiumcarts.com\/index.php\/product\/acheter-scissor-hash-finger-hash\/"]}]},{"@type":"ImageObject","inLanguage":"fr-FR","@id":"https:\/\/510premiumcarts.com\/index.php\/product\/acheter-scissor-hash-finger-hash\/#primaryimage","url":"https:\/\/510premiumcarts.com\/wp-content\/uploads\/2023\/03\/Moroccan-hash-2.webp","contentUrl":"https:\/\/510premiumcarts.com\/wp-content\/uploads\/2023\/03\/Moroccan-hash-2.webp","width":781,"height":528,"caption":"Buy Scissor Hash (finger hash)"},{"@type":"BreadcrumbList","@id":"https:\/\/510premiumcarts.com\/index.php\/product\/acheter-scissor-hash-finger-hash\/#breadcrumb","itemListElement":[{"@type":"ListItem","position":1,"name":"Home","item":"https:\/\/510premiumcarts.com\/"},{"@type":"ListItem","position":2,"name":"Marques de vapotage","item":"https:\/\/510premiumcarts.com\/index.php\/acheter-du-cannabis\/"},{"@type":"ListItem","position":3,"name":"Scissor Hash (finger hash)"}]},{"@type":"WebSite","@id":"https:\/\/510premiumcarts.com\/#website","url":"https:\/\/510premiumcarts.com\/","name":"510 Premium Carts","description":"Just another WordPress site","potentialAction":[{"@type":"SearchAction","target":{"@type":"EntryPoint","urlTemplate":"https:\/\/510premiumcarts.com\/?s={search_term_string}"},"query-input":{"@type":"PropertyValueSpecification","valueRequired":true,"valueName":"search_term_string"}}],"inLanguage":"fr-FR"}]}},"jetpack_sharing_enabled":true,"_links":{"self":[{"href":"https:\/\/510premiumcarts.com\/index.php\/wp-json\/wp\/v2\/product\/1727","targetHints":{"allow":["GET"]}}],"collection":[{"href":"https:\/\/510premiumcarts.com\/index.php\/wp-json\/wp\/v2\/product"}],"about":[{"href":"https:\/\/510premiumcarts.com\/index.php\/wp-json\/wp\/v2\/types\/product"}],"replies":[{"embeddable":true,"href":"https:\/\/510premiumcarts.com\/index.php\/wp-json\/wp\/v2\/comments?post=1727"}],"wp:featuredmedia":[{"embeddable":true,"href":"https:\/\/510premiumcarts.com\/index.php\/wp-json\/wp\/v2\/media\/1732"}],"wp:attachment":[{"href":"https:\/\/510premiumcarts.com\/index.php\/wp-json\/wp\/v2\/media?parent=1727"}],"wp:term":[{"taxonomy":"product_brand","embeddable":true,"href":"https:\/\/510premiumcarts.com\/index.php\/wp-json\/wp\/v2\/product_brand?post=1727"},{"taxonomy":"product_cat","embeddable":true,"href":"https:\/\/510premiumcarts.com\/index.php\/wp-json\/wp\/v2\/product_cat?post=1727"},{"taxonomy":"product_tag","embeddable":true,"href":"https:\/\/510premiumcarts.com\/index.php\/wp-json\/wp\/v2\/product_tag?post=1727"}],"curies":[{"name":"wp","href":"https:\/\/api.w.org\/{rel}","templated":true}]}}