{"id":1733,"date":"2023-03-07T11:27:36","date_gmt":"2023-03-07T11:27:36","guid":{"rendered":"https:\/\/510premiumcarts.com\/?post_type=product&#038;p=1733"},"modified":"2023-04-13T14:01:55","modified_gmt":"2023-04-13T14:01:55","slug":"acheter-nepalese-hash-en-ligne","status":"publish","type":"product","link":"https:\/\/510premiumcarts.com\/index.php\/product\/acheter-nepalese-hash-en-ligne\/","title":{"rendered":"Nepalese Hash En ligne"},"content":{"rendered":"<h1><a href=\"https:\/\/510premiumcarts.com\/index.php\/product\/buy-scissor-hash-finger-hash\/\"><span style=\"color: #ffcc00;\"><strong>ACHETER NAPALESE BALLS EN LIGNE<\/strong><\/span><\/a><\/h1>\n<p><strong>acheter nepalese temple balls En ligne<\/strong><\/p>\n<p>Noir collant de haute qualit\u00e9 Nepalese hashish. Pas g\u00e9n\u00e9ralement press\u00e9. Certains diront que le\u00a0meilleur\u00a0super hasch vient du N\u00e9pal. Haschich tr\u00e8s cher\u00a0mais \u00e7a vaut le coup. Fabriqu\u00e9 selon des techniques artisanales traditionnelles<\/p>\n<p><a href=\"https:\/\/420weedpost.com\/product\/hash-plant-strain\/\">Achetez<\/a> des boules n\u00e9palaises en ligne, des boules n\u00e9palaises \u00e0 vendre\u00a0, des <a href=\"https:\/\/420weedpost.com\/product\/buy-ice-hash\/\">boules<\/a> n\u00e9palaises<\/p>\n<p><strong>Description du produit<\/strong><\/p>\n<p><a href=\"https:\/\/420weedpost.com\/product\/buddhas-hands-runtz\/\">Le haschisch n\u00e9palais Temple\u00a0Balls\u00a0est connu pour sa couleur et sa texture collantes et r\u00e9sineuses, son go\u00fbt sucr\u00e9 et acidul\u00e9 et son effet narcotique qui fait r\u00eaver..<\/a> Il devient <a href=\"https:\/\/420weedpost.com\/product\/buddhas-hands-runtz\/\">maintenant<\/a> un objet rare. C&rsquo;est le type de hachage dont sont faites les l\u00e9gendes. La peau brillante,\u00a0la texture gluante\u00a0et le fait que vos <a href=\"http:\/\/leafly.com\/\">doigts<\/a> sont collants au moment o\u00f9 vous posez la main dessus, en sont presque la preuve. Lorsque vous allumez, vous savez \u00e0 coup s\u00fbr. Le hachis Temple Ball est le shizzle. Ce high est intense mais pas soudain. M\u00eame s&rsquo;il s&rsquo;agit d&rsquo;un hachage puissant, il vous calmera facilement. Boules de temple n\u00e9palaises<\/p>\n<h2>ACHETEZ EN LIGNE DES <a href=\"https:\/\/420weedpost.com\/product\/buy-moroccan-hash\/\">BALLES<\/a> DE TEMPLE NAPALESE<\/h2>\n<p>Enfin, ils roulent les boules de hasch autour du dos d&rsquo;une plaque d&rsquo;\u00e9tain\/<a href=\"https:\/\/420weedpost.com\/product\/buddhas-hands-runtz\/\">m\u00e9tal<\/a>, ce qui donne une v\u00e9ritable extria brillante, lisse et dure\/protectrice. qui agit comme une cro\u00fbte et prot\u00e8ge le hachage interne. essayez-le \u00e0 la maison, tout ce dont vous avez besoin est de 30 grammes de hasch ou assez pour rouler en boule et rouler.<\/p>\n<p>Boules de temple n\u00e9palaises, boules n\u00e9palaises \u00e0 vendre, boules n\u00e9palaises<\/p>\n<p>Parlez de quelque chose qui a le meilleur go\u00fbt, c&rsquo;est tout, m\u00eame si la premi\u00e8re et la derni\u00e8re fois que j&rsquo;ai fum\u00e9, c&rsquo;\u00e9tait vers 1979 et c&rsquo;\u00e9tait la cachette des revendeurs.<\/p>\n<p>acheter du hachis napalais en ligne,\u00a0acheter des boules n\u00e9palaises en ligne,\u00a0acheter du hachis n\u00e9palais\u00a0en ligne, boules napalese \u00e0 vendre, hash napalais \u00e0 vendre, boules n\u00e9palaises, boules n\u00e9palaises \u00e0 vendre, hasch n\u00e9palais, hash n\u00e9palais \u00e0 vendre, boules de temple n\u00e9palaises, boules de temple n\u00e9palaises \u00e0 vendre , prix des boules de temple n\u00e9palaises, commander du hachis napalais en ligne<\/p>\n<h3><strong>ACHETER NAPALESE HASH EN LIGNE<\/strong><\/h3>\n<p>Notez que le hachis frott\u00e9 \u00e0 la main n&rsquo;a aucune dur\u00e9e de conservation. Mais oui, si vous voulez le faire, frottez doucement vos plantes et cassez les trichomes sur vos mains. Si vous portez des gants en caoutchouc pendant que vous le faites, une fois que vous avez termin\u00e9, vous pouvez mettre les gants dans le cong\u00e9lateur et le hachis se d\u00e9collera imm\u00e9diatement apr\u00e8s une nuit, si vous utilisez vos mains nues, il y a beaucoup de \u00ab\u00a0gaspillage\u00a0\u00bb dans le fait que la seule fa\u00e7on de l&rsquo;enlever est de le gratter avec vos dents. Boules de temple n\u00e9palaises<\/p>\n","protected":false},"excerpt":{"rendered":"<p><strong>acheter nepalese temple balls En ligne<\/strong><\/p>\n<p>Noir collant de haute qualit\u00e9 Nepalese hashish. Pas g\u00e9n\u00e9ralement press\u00e9. Certains diront que le\u00a0meilleur\u00a0super hasch vient du N\u00e9pal. Haschich tr\u00e8s cher\u00a0mais \u00e7a vaut le coup. Fabriqu\u00e9 selon des techniques artisanales traditionnelles<\/p>\n","protected":false},"featured_media":1734,"comment_status":"open","ping_status":"closed","template":"","meta":{"_monsterinsights_skip_tracking":false,"_monsterinsights_sitenote_active":false,"_monsterinsights_sitenote_note":"","_monsterinsights_sitenote_category":0},"product_brand":[],"product_cat":[4882],"product_tag":[4945,4938,4910,4978,4909,4920,4906,4890,4985,4970,4954,4916,4913,4929,4892,4972,4980,4901,4976,4930,1993,4946,4921,4950,4927,4899,4967,4975,4896,4924,4971,4956,4900,4894,4918,4973,4919,4944,4936,4948,4964,4891,4951,4912,4958,4953,4904,4977,4984,4893,4931,4941,4963,4925,4959,4908,4915,4955,4943,4917,4895,4962,4911,4935,4965,4983,4981,4903,4902,4968,4926,4898,4960,4933,4923,4914,4966,4907,4937,4974,4932,4940,4969,4939,4905,4928,4949,4922,4952,4986,4942,4979,4934,4897,4957,4947,4961,4982],"class_list":{"0":"post-1733","1":"product","2":"type-product","3":"status-publish","4":"has-post-thumbnail","6":"product_cat-wax-extraits-de-cannabis","7":"product_tag-6700xt-hash-rate","8":"product_tag-air-fryer-hash-brown-patties","9":"product_tag-air-fryer-hash-browns","10":"product_tag-beef-hash","11":"product_tag-breakfast-casserole-with-hash-browns","12":"product_tag-breakfast-hash","13":"product_tag-bubble-hash","14":"product_tag-buy-nepalese-hash-online","15":"product_tag-c-hash-table","16":"product_tag-canned-corned-beef-hash","17":"product_tag-cauliflower-hash-browns","18":"product_tag-cheesy-hash-browns","19":"product_tag-corn-beef-hash","20":"product_tag-cornbeef-hash","21":"product_tag-corned-beef-hash","22":"product_tag-corned-beef-hash-and-eggs","23":"product_tag-corned-beef-hash-near-me","24":"product_tag-corned-beef-hash-recipe","25":"product_tag-egg-bake-with-hash-browns","26":"product_tag-frozen-hash-browns","27":"product_tag-hash","28":"product_tag-hash-food","29":"product_tag-hash-auctions","30":"product_tag-hash-bash","31":"product_tag-hash-bash-2022","32":"product_tag-hash-brown","33":"product_tag-hash-brown-breakfast-casserole","34":"product_tag-hash-brown-calories","35":"product_tag-hash-brown-casserole","36":"product_tag-hash-brown-casserole-recipe","37":"product_tag-hash-brown-egg-casserole","38":"product_tag-hash-brown-patties","39":"product_tag-hash-brown-recipe","40":"product_tag-hash-browns","41":"product_tag-hash-browns-in-air-fryer","42":"product_tag-hash-browns-near-me","43":"product_tag-hash-browns-recipe","44":"product_tag-hash-drug","45":"product_tag-hash-drugs","46":"product_tag-hash-function","47":"product_tag-hash-house","48":"product_tag-hash-house-a-go-go","49":"product_tag-hash-house-a-go-go-at-the-linq","50":"product_tag-hash-house-a-go-go-las-vegas","51":"product_tag-hash-house-a-go-go-menu","52":"product_tag-hash-house-a-go-go-orlando","53":"product_tag-hash-house-a-go-go-vegas","54":"product_tag-hash-house-harriers","55":"product_tag-hash-house-las-vegas","56":"product_tag-hash-kitchen","57":"product_tag-hash-kitchen-chandler","58":"product_tag-hash-kitchen-menu","59":"product_tag-hash-kitchen-peoria","60":"product_tag-hash-kitchen-scottsdale","61":"product_tag-hash-map","62":"product_tag-hash-oil","63":"product_tag-hash-pipe","64":"product_tag-hash-pipe-lyrics","65":"product_tag-hash-recipe","66":"product_tag-hash-rosin","67":"product_tag-hash-slinging-slasher","68":"product_tag-hash-slinging-slasher-episode","69":"product_tag-hash-table","70":"product_tag-hash-weed","71":"product_tag-heavenly-hash","72":"product_tag-heavenly-hash-ice-cream","73":"product_tag-homemade-corned-beef-hash","74":"product_tag-homemade-hash-browns","75":"product_tag-house-of-hash","76":"product_tag-how-to-make-corned-beef-hash","77":"product_tag-how-to-make-hash","78":"product_tag-how-to-make-hash-browns","79":"product_tag-how-to-smoke-hash","80":"product_tag-mcdonalds-hash-brown","81":"product_tag-mcdonalds-hash-brown-calories","82":"product_tag-md5-hash","83":"product_tag-md5-hash-generator","84":"product_tag-nice-hash","85":"product_tag-ore-ida-hash-browns","86":"product_tag-pioneer-woman-hash-brown-casserole","87":"product_tag-potato-hash","88":"product_tag-shredded-hash-browns","89":"product_tag-simply-potatoes-hash-browns","90":"product_tag-spongebob-hash-slinging-slasher","91":"product_tag-sweet-potato-hash","92":"product_tag-sweet-potato-hash-browns","93":"product_tag-sweet-potato-hash-recipe","94":"product_tag-the-hash-slinging-slasher","95":"product_tag-trader-joes-hash-browns","96":"product_tag-turkey-hash","97":"product_tag-waffle-house-hash-browns","98":"product_tag-weezer-hash-pipe","99":"product_tag-what-is-corned-beef-hash","100":"product_tag-what-is-hash","101":"product_tag-what-is-hash-drug","102":"product_tag-what-is-hash-drugs","103":"product_tag-what-is-hash-oil","104":"product_tag-zero-hash","106":"first","107":"instock","108":"shipping-taxable","109":"purchasable","110":"product-type-variable"},"yoast_head":"<!-- This site is optimized with the Yoast SEO plugin v27.3 - https:\/\/yoast.com\/product\/yoast-seo-wordpress\/ -->\n<title>Acheter Nepalese Hash En ligne - 510 Premium Carts -<\/title>\n<meta name=\"description\" content=\"Acheter Nepalese Hash en ligne est connue pour sa couleur et sa texture collantes et r\u00e9sineuses, son go\u00fbt sucr\u00e9 et acidul\u00e9 et son high narcotique qui fait r\u00eaver. Il devient maintenant un objet rare\" \/>\n<meta name=\"robots\" content=\"index, follow, max-snippet:-1, max-image-preview:large, max-video-preview:-1\" \/>\n<link rel=\"canonical\" href=\"https:\/\/510premiumcarts.com\/index.php\/product\/acheter-nepalese-hash-en-ligne\/\" \/>\n<meta property=\"og:locale\" content=\"fr_FR\" \/>\n<meta property=\"og:type\" content=\"article\" \/>\n<meta property=\"og:title\" content=\"Acheter Nepalese Hash En ligne - 510 Premium Carts -\" \/>\n<meta property=\"og:description\" content=\"Acheter Nepalese Hash en ligne est connue pour sa couleur et sa texture collantes et r\u00e9sineuses, son go\u00fbt sucr\u00e9 et acidul\u00e9 et son high narcotique qui fait r\u00eaver. Il devient maintenant un objet rare\" \/>\n<meta property=\"og:url\" content=\"https:\/\/510premiumcarts.com\/index.php\/product\/acheter-nepalese-hash-en-ligne\/\" \/>\n<meta property=\"og:site_name\" content=\"510 Premium Carts\" \/>\n<meta property=\"article:modified_time\" content=\"2023-04-13T14:01:55+00:00\" \/>\n<meta property=\"og:image\" content=\"http:\/\/510premiumcarts.com\/wp-content\/uploads\/2023\/03\/HEMPEARTH-Nepalese-Hash-Balls-800x600-1.jpg\" \/>\n\t<meta property=\"og:image:width\" content=\"800\" \/>\n\t<meta property=\"og:image:height\" content=\"600\" \/>\n\t<meta property=\"og:image:type\" content=\"image\/jpeg\" \/>\n<meta name=\"twitter:card\" content=\"summary_large_image\" \/>\n<meta name=\"twitter:label1\" content=\"Dur\u00e9e de lecture estim\u00e9e\" \/>\n\t<meta name=\"twitter:data1\" content=\"3 minutes\" \/>\n<script type=\"application\/ld+json\" class=\"yoast-schema-graph\">{\"@context\":\"https:\\\/\\\/schema.org\",\"@graph\":[{\"@type\":\"WebPage\",\"@id\":\"https:\\\/\\\/510premiumcarts.com\\\/index.php\\\/product\\\/acheter-nepalese-hash-en-ligne\\\/\",\"url\":\"https:\\\/\\\/510premiumcarts.com\\\/index.php\\\/product\\\/acheter-nepalese-hash-en-ligne\\\/\",\"name\":\"Acheter Nepalese Hash En ligne - 510 Premium Carts -\",\"isPartOf\":{\"@id\":\"https:\\\/\\\/510premiumcarts.com\\\/#website\"},\"primaryImageOfPage\":{\"@id\":\"https:\\\/\\\/510premiumcarts.com\\\/index.php\\\/product\\\/acheter-nepalese-hash-en-ligne\\\/#primaryimage\"},\"image\":{\"@id\":\"https:\\\/\\\/510premiumcarts.com\\\/index.php\\\/product\\\/acheter-nepalese-hash-en-ligne\\\/#primaryimage\"},\"thumbnailUrl\":\"https:\\\/\\\/510premiumcarts.com\\\/wp-content\\\/uploads\\\/2023\\\/03\\\/HEMPEARTH-Nepalese-Hash-Balls-800x600-1.jpg\",\"datePublished\":\"2023-03-07T11:27:36+00:00\",\"dateModified\":\"2023-04-13T14:01:55+00:00\",\"description\":\"Acheter Nepalese Hash en ligne est connue pour sa couleur et sa texture collantes et r\u00e9sineuses, son go\u00fbt sucr\u00e9 et acidul\u00e9 et son high narcotique qui fait r\u00eaver. Il devient maintenant un objet rare\",\"breadcrumb\":{\"@id\":\"https:\\\/\\\/510premiumcarts.com\\\/index.php\\\/product\\\/acheter-nepalese-hash-en-ligne\\\/#breadcrumb\"},\"inLanguage\":\"fr-FR\",\"potentialAction\":[{\"@type\":\"ReadAction\",\"target\":[\"https:\\\/\\\/510premiumcarts.com\\\/index.php\\\/product\\\/acheter-nepalese-hash-en-ligne\\\/\"]}]},{\"@type\":\"ImageObject\",\"inLanguage\":\"fr-FR\",\"@id\":\"https:\\\/\\\/510premiumcarts.com\\\/index.php\\\/product\\\/acheter-nepalese-hash-en-ligne\\\/#primaryimage\",\"url\":\"https:\\\/\\\/510premiumcarts.com\\\/wp-content\\\/uploads\\\/2023\\\/03\\\/HEMPEARTH-Nepalese-Hash-Balls-800x600-1.jpg\",\"contentUrl\":\"https:\\\/\\\/510premiumcarts.com\\\/wp-content\\\/uploads\\\/2023\\\/03\\\/HEMPEARTH-Nepalese-Hash-Balls-800x600-1.jpg\",\"width\":800,\"height\":600,\"caption\":\"Buy Nepalese Hash Online\"},{\"@type\":\"BreadcrumbList\",\"@id\":\"https:\\\/\\\/510premiumcarts.com\\\/index.php\\\/product\\\/acheter-nepalese-hash-en-ligne\\\/#breadcrumb\",\"itemListElement\":[{\"@type\":\"ListItem\",\"position\":1,\"name\":\"Home\",\"item\":\"https:\\\/\\\/510premiumcarts.com\\\/\"},{\"@type\":\"ListItem\",\"position\":2,\"name\":\"Marques de vapotage\",\"item\":\"https:\\\/\\\/510premiumcarts.com\\\/index.php\\\/acheter-du-cannabis\\\/\"},{\"@type\":\"ListItem\",\"position\":3,\"name\":\"Nepalese Hash En ligne\"}]},{\"@type\":\"WebSite\",\"@id\":\"https:\\\/\\\/510premiumcarts.com\\\/#website\",\"url\":\"https:\\\/\\\/510premiumcarts.com\\\/\",\"name\":\"510 Premium Carts\",\"description\":\"Just another WordPress site\",\"potentialAction\":[{\"@type\":\"SearchAction\",\"target\":{\"@type\":\"EntryPoint\",\"urlTemplate\":\"https:\\\/\\\/510premiumcarts.com\\\/?s={search_term_string}\"},\"query-input\":{\"@type\":\"PropertyValueSpecification\",\"valueRequired\":true,\"valueName\":\"search_term_string\"}}],\"inLanguage\":\"fr-FR\"}]}<\/script>\n<!-- \/ Yoast SEO plugin. -->","yoast_head_json":{"title":"Acheter Nepalese Hash En ligne - 510 Premium Carts -","description":"Acheter Nepalese Hash en ligne est connue pour sa couleur et sa texture collantes et r\u00e9sineuses, son go\u00fbt sucr\u00e9 et acidul\u00e9 et son high narcotique qui fait r\u00eaver. Il devient maintenant un objet rare","robots":{"index":"index","follow":"follow","max-snippet":"max-snippet:-1","max-image-preview":"max-image-preview:large","max-video-preview":"max-video-preview:-1"},"canonical":"https:\/\/510premiumcarts.com\/index.php\/product\/acheter-nepalese-hash-en-ligne\/","og_locale":"fr_FR","og_type":"article","og_title":"Acheter Nepalese Hash En ligne - 510 Premium Carts -","og_description":"Acheter Nepalese Hash en ligne est connue pour sa couleur et sa texture collantes et r\u00e9sineuses, son go\u00fbt sucr\u00e9 et acidul\u00e9 et son high narcotique qui fait r\u00eaver. Il devient maintenant un objet rare","og_url":"https:\/\/510premiumcarts.com\/index.php\/product\/acheter-nepalese-hash-en-ligne\/","og_site_name":"510 Premium Carts","article_modified_time":"2023-04-13T14:01:55+00:00","og_image":[{"width":800,"height":600,"url":"http:\/\/510premiumcarts.com\/wp-content\/uploads\/2023\/03\/HEMPEARTH-Nepalese-Hash-Balls-800x600-1.jpg","type":"image\/jpeg"}],"twitter_card":"summary_large_image","twitter_misc":{"Dur\u00e9e de lecture estim\u00e9e":"3 minutes"},"schema":{"@context":"https:\/\/schema.org","@graph":[{"@type":"WebPage","@id":"https:\/\/510premiumcarts.com\/index.php\/product\/acheter-nepalese-hash-en-ligne\/","url":"https:\/\/510premiumcarts.com\/index.php\/product\/acheter-nepalese-hash-en-ligne\/","name":"Acheter Nepalese Hash En ligne - 510 Premium Carts -","isPartOf":{"@id":"https:\/\/510premiumcarts.com\/#website"},"primaryImageOfPage":{"@id":"https:\/\/510premiumcarts.com\/index.php\/product\/acheter-nepalese-hash-en-ligne\/#primaryimage"},"image":{"@id":"https:\/\/510premiumcarts.com\/index.php\/product\/acheter-nepalese-hash-en-ligne\/#primaryimage"},"thumbnailUrl":"https:\/\/510premiumcarts.com\/wp-content\/uploads\/2023\/03\/HEMPEARTH-Nepalese-Hash-Balls-800x600-1.jpg","datePublished":"2023-03-07T11:27:36+00:00","dateModified":"2023-04-13T14:01:55+00:00","description":"Acheter Nepalese Hash en ligne est connue pour sa couleur et sa texture collantes et r\u00e9sineuses, son go\u00fbt sucr\u00e9 et acidul\u00e9 et son high narcotique qui fait r\u00eaver. Il devient maintenant un objet rare","breadcrumb":{"@id":"https:\/\/510premiumcarts.com\/index.php\/product\/acheter-nepalese-hash-en-ligne\/#breadcrumb"},"inLanguage":"fr-FR","potentialAction":[{"@type":"ReadAction","target":["https:\/\/510premiumcarts.com\/index.php\/product\/acheter-nepalese-hash-en-ligne\/"]}]},{"@type":"ImageObject","inLanguage":"fr-FR","@id":"https:\/\/510premiumcarts.com\/index.php\/product\/acheter-nepalese-hash-en-ligne\/#primaryimage","url":"https:\/\/510premiumcarts.com\/wp-content\/uploads\/2023\/03\/HEMPEARTH-Nepalese-Hash-Balls-800x600-1.jpg","contentUrl":"https:\/\/510premiumcarts.com\/wp-content\/uploads\/2023\/03\/HEMPEARTH-Nepalese-Hash-Balls-800x600-1.jpg","width":800,"height":600,"caption":"Buy Nepalese Hash Online"},{"@type":"BreadcrumbList","@id":"https:\/\/510premiumcarts.com\/index.php\/product\/acheter-nepalese-hash-en-ligne\/#breadcrumb","itemListElement":[{"@type":"ListItem","position":1,"name":"Home","item":"https:\/\/510premiumcarts.com\/"},{"@type":"ListItem","position":2,"name":"Marques de vapotage","item":"https:\/\/510premiumcarts.com\/index.php\/acheter-du-cannabis\/"},{"@type":"ListItem","position":3,"name":"Nepalese Hash En ligne"}]},{"@type":"WebSite","@id":"https:\/\/510premiumcarts.com\/#website","url":"https:\/\/510premiumcarts.com\/","name":"510 Premium Carts","description":"Just another WordPress site","potentialAction":[{"@type":"SearchAction","target":{"@type":"EntryPoint","urlTemplate":"https:\/\/510premiumcarts.com\/?s={search_term_string}"},"query-input":{"@type":"PropertyValueSpecification","valueRequired":true,"valueName":"search_term_string"}}],"inLanguage":"fr-FR"}]}},"jetpack_sharing_enabled":true,"_links":{"self":[{"href":"https:\/\/510premiumcarts.com\/index.php\/wp-json\/wp\/v2\/product\/1733","targetHints":{"allow":["GET"]}}],"collection":[{"href":"https:\/\/510premiumcarts.com\/index.php\/wp-json\/wp\/v2\/product"}],"about":[{"href":"https:\/\/510premiumcarts.com\/index.php\/wp-json\/wp\/v2\/types\/product"}],"replies":[{"embeddable":true,"href":"https:\/\/510premiumcarts.com\/index.php\/wp-json\/wp\/v2\/comments?post=1733"}],"wp:featuredmedia":[{"embeddable":true,"href":"https:\/\/510premiumcarts.com\/index.php\/wp-json\/wp\/v2\/media\/1734"}],"wp:attachment":[{"href":"https:\/\/510premiumcarts.com\/index.php\/wp-json\/wp\/v2\/media?parent=1733"}],"wp:term":[{"taxonomy":"product_brand","embeddable":true,"href":"https:\/\/510premiumcarts.com\/index.php\/wp-json\/wp\/v2\/product_brand?post=1733"},{"taxonomy":"product_cat","embeddable":true,"href":"https:\/\/510premiumcarts.com\/index.php\/wp-json\/wp\/v2\/product_cat?post=1733"},{"taxonomy":"product_tag","embeddable":true,"href":"https:\/\/510premiumcarts.com\/index.php\/wp-json\/wp\/v2\/product_tag?post=1733"}],"curies":[{"name":"wp","href":"https:\/\/api.w.org\/{rel}","templated":true}]}}