{"id":1739,"date":"2023-03-07T11:35:55","date_gmt":"2023-03-07T11:35:55","guid":{"rendered":"https:\/\/510premiumcarts.com\/?post_type=product&#038;p=1739"},"modified":"2023-04-13T13:33:53","modified_gmt":"2023-04-13T13:33:53","slug":"acheter-moroccan-slate-hash","status":"publish","type":"product","link":"https:\/\/510premiumcarts.com\/index.php\/product\/acheter-moroccan-slate-hash\/","title":{"rendered":"Moroccan Slate Hash"},"content":{"rendered":"<h1><a href=\"https:\/\/510premiumcarts.com\/index.php\/product-category\/extracts\/\"><span style=\"color: #ffcc00;\"><strong>ACHETER MOROCCAN SLATE HASH EN LIGNE<\/strong><\/span><\/a><\/h1>\n<p><strong>acheter moroccan slate hash en ligne<\/strong><\/p>\n<p>M\u00eame si les locaux vous proposent du hasch \u00e0 de tr\u00e8s, tr\u00e8s bons prix, soyez tr\u00e8s prudent. Commandez de l&rsquo;herbe en ligne, ne leur dites pas o\u00f9 vous s\u00e9journez, Kush \u00e0 vendre en ligne, ne laissez pas le personnel de l&rsquo;h\u00f4tel vous surprendre avec un spliff. Achetez du cannabis en ligne, la parano\u00efa est un outil utile lorsqu&rsquo;elle vous \u00e9vite une peine de cinq ans de prison\u00a0!! Boutique en ligne de marijuana , Le vrai pollen est de couleur brun clair, vendu en plaques \u00e9paisses et l\u00e9g\u00e8rement compress\u00e9es.<\/p>\n<p>En 1992, le Maroc cultivait au moins 30\u00a0000 acres de cannabis. Couleur de l&rsquo;ardoise marocaine\u00a0:\u00a0Verd\u00e2tre\u00a0\u00e0 brun. En raison de la saison de croissance relativement courte, les <a href=\"https:\/\/420weedpost.com\/product\/buy-moroccan-hash\/\">plantes<\/a> conservent une couleur assez verte \u00e0 la r\u00e9colte. Odeur : L\u00e9g\u00e8rement aromatique, pas \u00e9pic\u00e9e.<\/p>\n<p>Personnellement, le go\u00fbt du <a href=\"https:\/\/420weedpost.com\/product\/hash-plant-strain\/\">Maroc<\/a> est l&rsquo;un de mes pr\u00e9f\u00e9r\u00e9s, il est tr\u00e8s doux en <a href=\"https:\/\/ogdispensary.org\/product\/stiiizy-pods-og-kush\/\">gorge<\/a> (surtout <a href=\"https:\/\/ogdispensary.org\/product\/buy-honey-moroccan-blonde-hash\/\">dans<\/a> les bonnes vari\u00e9t\u00e9s comme Pollen ou Zero-Zero) et rappelle la Weed. <a href=\"https:\/\/420weedpost.com\/product\/buy-ice-hash\/\">Consistance<\/a> : Assez variable, mais g\u00e9n\u00e9ralement assez dure. Habituellement, le Maroc est vendu en dalles de 0,5 \u00e0 1,5 cm d&rsquo;\u00e9paisseur. Le pollen est moins press\u00e9 que le marocain normal, ZeroZero est tr\u00e8s doux, presque comme Afghani.<\/p>\n<h2><strong>HASH D&rsquo;ARDOISE MAROCAINE A VENDRE<\/strong><\/h2>\n<p>Effet : Compar\u00e9 \u00e0 d&rsquo;autres types de Hash, il produit un high assez c\u00e9r\u00e9bral et actif. Puissance : L\u00e9g\u00e8re \u00e0 moyenne, rarement puissante. M\u00eame le tr\u00e8s bon Maroc ne peut pas <a href=\"http:\/\/leafly.com\/\">\u00eatre<\/a> qualifi\u00e9 de particuli\u00e8rement fort. (0,9 % \u00e0 10 % de THC) Disponibilit\u00e9 : Le marocain est le type de hasch le plus courant sur le march\u00e9 europ\u00e9en, ce n&rsquo;est que r\u00e9cemment qu&rsquo;il est devenu possible pour le consommateur moyen de trouver d&rsquo;autres types de hasch dans la rue. hachis d&rsquo;ardoise marocaine \u00e0 vendre<\/p>\n<h3><strong>MOROCCAN SLATE HASH\u00a0<\/strong><\/h3>\n<p>Hash d&rsquo;ardoise marocaine. Malheureusement, ces noms ne sont pas tr\u00e8s utiles, les concessionnaires vendent tout ce qui est l\u00e9g\u00e8rement meilleur que Standard sous une vari\u00e9t\u00e9 de noms. Le vrai pollen est de couleur brun clair, vendu en plaques \u00e9paisses et l\u00e9g\u00e8rement compress\u00e9es. Lorsqu&rsquo;il est chauff\u00e9, il se dilate beaucoup plus que les autres marocains.<\/p>\n<p>Je dois ajouter que botaniquement parlant, la d\u00e9finition de Pollen est compl\u00e8tement fausse. Bien s\u00fbr, le Hash est produit \u00e0 partir de glandes r\u00e9sineuses femelles et non \u00e0 partir de pollens m\u00e2les (qui ne contiennent pratiquement pas de THC). Divers : M\u00eame si les locaux vous proposent du hasch \u00e0 tr\u00e8s, tr\u00e8s bon prix, soyez tr\u00e8s prudent. Ne leur dites pas o\u00f9 vous s\u00e9journez, ne laissez pas le personnel de l&rsquo;h\u00f4tel vous attraper avec un joint. La parano\u00efa est un outil utile lorsqu&rsquo;elle vous \u00e9vite une peine de cinq ans de prison!<\/p>\n","protected":false},"excerpt":{"rendered":"<p>Personnellement, le go\u00fbt du Maroc est l&rsquo;un de mes pr\u00e9f\u00e9r\u00e9s, il est tr\u00e8s doux en gorge (surtout dans les bonnes vari\u00e9t\u00e9s comme Pollen ou Zero-Zero) et rappelle le Weed. Consistance : Assez variable, mais g\u00e9n\u00e9ralement assez dure. Habituellement, le Maroc est vendu en dalles de 0,5 \u00e0 1,5 cm d&rsquo;\u00e9paisseur. Le pollen est moins press\u00e9 que le Maroc normal, ZeroZero est tr\u00e8s doux, presque comme Afghani.<\/p>\n","protected":false},"featured_media":1740,"comment_status":"open","ping_status":"closed","template":"","meta":{"_monsterinsights_skip_tracking":false,"_monsterinsights_sitenote_active":false,"_monsterinsights_sitenote_note":"","_monsterinsights_sitenote_category":0},"product_brand":[],"product_cat":[4882],"product_tag":[4987],"class_list":{"0":"post-1739","1":"product","2":"type-product","3":"status-publish","4":"has-post-thumbnail","6":"product_cat-wax-extraits-de-cannabis","7":"product_tag-buy-moroccan-slate-hash","9":"first","10":"instock","11":"shipping-taxable","12":"purchasable","13":"product-type-variable"},"yoast_head":"<!-- This site is optimized with the Yoast SEO plugin v27.3 - https:\/\/yoast.com\/product\/yoast-seo-wordpress\/ -->\n<title>acheter Moroccan Slate Hash - 510 Premium Carts tout vendre<\/title>\n<meta name=\"description\" content=\"acheter Moroccan Slate Hash M\u00eame si les locaux vous proposent du hasch \u00e0 de tr\u00e8s, tr\u00e8s bons prix, soyez tr\u00e8s prudent. Commandez de l&#039;herbe en ligne, ne leur dites pas o\u00f9 vous s\u00e9journez\" \/>\n<meta name=\"robots\" content=\"index, follow, max-snippet:-1, max-image-preview:large, max-video-preview:-1\" \/>\n<link rel=\"canonical\" href=\"https:\/\/510premiumcarts.com\/index.php\/product\/acheter-moroccan-slate-hash\/\" \/>\n<meta property=\"og:locale\" content=\"fr_FR\" \/>\n<meta property=\"og:type\" content=\"article\" \/>\n<meta property=\"og:title\" content=\"acheter Moroccan Slate Hash - 510 Premium Carts tout vendre\" \/>\n<meta property=\"og:description\" content=\"acheter Moroccan Slate Hash M\u00eame si les locaux vous proposent du hasch \u00e0 de tr\u00e8s, tr\u00e8s bons prix, soyez tr\u00e8s prudent. Commandez de l&#039;herbe en ligne, ne leur dites pas o\u00f9 vous s\u00e9journez\" \/>\n<meta property=\"og:url\" content=\"https:\/\/510premiumcarts.com\/index.php\/product\/acheter-moroccan-slate-hash\/\" \/>\n<meta property=\"og:site_name\" content=\"510 Premium Carts\" \/>\n<meta property=\"article:modified_time\" content=\"2023-04-13T13:33:53+00:00\" \/>\n<meta property=\"og:image\" content=\"http:\/\/510premiumcarts.com\/wp-content\/uploads\/2023\/03\/160714C_45941_Moroccan-blonde-hash_-e1515050336209.webp\" \/>\n\t<meta property=\"og:image:width\" content=\"640\" \/>\n\t<meta property=\"og:image:height\" content=\"360\" \/>\n\t<meta property=\"og:image:type\" content=\"image\/webp\" \/>\n<meta name=\"twitter:card\" content=\"summary_large_image\" \/>\n<meta name=\"twitter:label1\" content=\"Dur\u00e9e de lecture estim\u00e9e\" \/>\n\t<meta name=\"twitter:data1\" content=\"3 minutes\" \/>\n<script type=\"application\/ld+json\" class=\"yoast-schema-graph\">{\"@context\":\"https:\\\/\\\/schema.org\",\"@graph\":[{\"@type\":\"WebPage\",\"@id\":\"https:\\\/\\\/510premiumcarts.com\\\/index.php\\\/product\\\/acheter-moroccan-slate-hash\\\/\",\"url\":\"https:\\\/\\\/510premiumcarts.com\\\/index.php\\\/product\\\/acheter-moroccan-slate-hash\\\/\",\"name\":\"acheter Moroccan Slate Hash - 510 Premium Carts tout vendre\",\"isPartOf\":{\"@id\":\"https:\\\/\\\/510premiumcarts.com\\\/#website\"},\"primaryImageOfPage\":{\"@id\":\"https:\\\/\\\/510premiumcarts.com\\\/index.php\\\/product\\\/acheter-moroccan-slate-hash\\\/#primaryimage\"},\"image\":{\"@id\":\"https:\\\/\\\/510premiumcarts.com\\\/index.php\\\/product\\\/acheter-moroccan-slate-hash\\\/#primaryimage\"},\"thumbnailUrl\":\"https:\\\/\\\/510premiumcarts.com\\\/wp-content\\\/uploads\\\/2023\\\/03\\\/160714C_45941_Moroccan-blonde-hash_-e1515050336209.webp\",\"datePublished\":\"2023-03-07T11:35:55+00:00\",\"dateModified\":\"2023-04-13T13:33:53+00:00\",\"description\":\"acheter Moroccan Slate Hash M\u00eame si les locaux vous proposent du hasch \u00e0 de tr\u00e8s, tr\u00e8s bons prix, soyez tr\u00e8s prudent. Commandez de l'herbe en ligne, ne leur dites pas o\u00f9 vous s\u00e9journez\",\"breadcrumb\":{\"@id\":\"https:\\\/\\\/510premiumcarts.com\\\/index.php\\\/product\\\/acheter-moroccan-slate-hash\\\/#breadcrumb\"},\"inLanguage\":\"fr-FR\",\"potentialAction\":[{\"@type\":\"ReadAction\",\"target\":[\"https:\\\/\\\/510premiumcarts.com\\\/index.php\\\/product\\\/acheter-moroccan-slate-hash\\\/\"]}]},{\"@type\":\"ImageObject\",\"inLanguage\":\"fr-FR\",\"@id\":\"https:\\\/\\\/510premiumcarts.com\\\/index.php\\\/product\\\/acheter-moroccan-slate-hash\\\/#primaryimage\",\"url\":\"https:\\\/\\\/510premiumcarts.com\\\/wp-content\\\/uploads\\\/2023\\\/03\\\/160714C_45941_Moroccan-blonde-hash_-e1515050336209.webp\",\"contentUrl\":\"https:\\\/\\\/510premiumcarts.com\\\/wp-content\\\/uploads\\\/2023\\\/03\\\/160714C_45941_Moroccan-blonde-hash_-e1515050336209.webp\",\"width\":640,\"height\":360,\"caption\":\"Buy Moroccan Slate Hash\"},{\"@type\":\"BreadcrumbList\",\"@id\":\"https:\\\/\\\/510premiumcarts.com\\\/index.php\\\/product\\\/acheter-moroccan-slate-hash\\\/#breadcrumb\",\"itemListElement\":[{\"@type\":\"ListItem\",\"position\":1,\"name\":\"Home\",\"item\":\"https:\\\/\\\/510premiumcarts.com\\\/\"},{\"@type\":\"ListItem\",\"position\":2,\"name\":\"Marques de vapotage\",\"item\":\"https:\\\/\\\/510premiumcarts.com\\\/index.php\\\/acheter-du-cannabis\\\/\"},{\"@type\":\"ListItem\",\"position\":3,\"name\":\"Moroccan Slate Hash\"}]},{\"@type\":\"WebSite\",\"@id\":\"https:\\\/\\\/510premiumcarts.com\\\/#website\",\"url\":\"https:\\\/\\\/510premiumcarts.com\\\/\",\"name\":\"510 Premium Carts\",\"description\":\"Just another WordPress site\",\"potentialAction\":[{\"@type\":\"SearchAction\",\"target\":{\"@type\":\"EntryPoint\",\"urlTemplate\":\"https:\\\/\\\/510premiumcarts.com\\\/?s={search_term_string}\"},\"query-input\":{\"@type\":\"PropertyValueSpecification\",\"valueRequired\":true,\"valueName\":\"search_term_string\"}}],\"inLanguage\":\"fr-FR\"}]}<\/script>\n<!-- \/ Yoast SEO plugin. -->","yoast_head_json":{"title":"acheter Moroccan Slate Hash - 510 Premium Carts tout vendre","description":"acheter Moroccan Slate Hash M\u00eame si les locaux vous proposent du hasch \u00e0 de tr\u00e8s, tr\u00e8s bons prix, soyez tr\u00e8s prudent. Commandez de l'herbe en ligne, ne leur dites pas o\u00f9 vous s\u00e9journez","robots":{"index":"index","follow":"follow","max-snippet":"max-snippet:-1","max-image-preview":"max-image-preview:large","max-video-preview":"max-video-preview:-1"},"canonical":"https:\/\/510premiumcarts.com\/index.php\/product\/acheter-moroccan-slate-hash\/","og_locale":"fr_FR","og_type":"article","og_title":"acheter Moroccan Slate Hash - 510 Premium Carts tout vendre","og_description":"acheter Moroccan Slate Hash M\u00eame si les locaux vous proposent du hasch \u00e0 de tr\u00e8s, tr\u00e8s bons prix, soyez tr\u00e8s prudent. Commandez de l'herbe en ligne, ne leur dites pas o\u00f9 vous s\u00e9journez","og_url":"https:\/\/510premiumcarts.com\/index.php\/product\/acheter-moroccan-slate-hash\/","og_site_name":"510 Premium Carts","article_modified_time":"2023-04-13T13:33:53+00:00","og_image":[{"width":640,"height":360,"url":"http:\/\/510premiumcarts.com\/wp-content\/uploads\/2023\/03\/160714C_45941_Moroccan-blonde-hash_-e1515050336209.webp","type":"image\/webp"}],"twitter_card":"summary_large_image","twitter_misc":{"Dur\u00e9e de lecture estim\u00e9e":"3 minutes"},"schema":{"@context":"https:\/\/schema.org","@graph":[{"@type":"WebPage","@id":"https:\/\/510premiumcarts.com\/index.php\/product\/acheter-moroccan-slate-hash\/","url":"https:\/\/510premiumcarts.com\/index.php\/product\/acheter-moroccan-slate-hash\/","name":"acheter Moroccan Slate Hash - 510 Premium Carts tout vendre","isPartOf":{"@id":"https:\/\/510premiumcarts.com\/#website"},"primaryImageOfPage":{"@id":"https:\/\/510premiumcarts.com\/index.php\/product\/acheter-moroccan-slate-hash\/#primaryimage"},"image":{"@id":"https:\/\/510premiumcarts.com\/index.php\/product\/acheter-moroccan-slate-hash\/#primaryimage"},"thumbnailUrl":"https:\/\/510premiumcarts.com\/wp-content\/uploads\/2023\/03\/160714C_45941_Moroccan-blonde-hash_-e1515050336209.webp","datePublished":"2023-03-07T11:35:55+00:00","dateModified":"2023-04-13T13:33:53+00:00","description":"acheter Moroccan Slate Hash M\u00eame si les locaux vous proposent du hasch \u00e0 de tr\u00e8s, tr\u00e8s bons prix, soyez tr\u00e8s prudent. Commandez de l'herbe en ligne, ne leur dites pas o\u00f9 vous s\u00e9journez","breadcrumb":{"@id":"https:\/\/510premiumcarts.com\/index.php\/product\/acheter-moroccan-slate-hash\/#breadcrumb"},"inLanguage":"fr-FR","potentialAction":[{"@type":"ReadAction","target":["https:\/\/510premiumcarts.com\/index.php\/product\/acheter-moroccan-slate-hash\/"]}]},{"@type":"ImageObject","inLanguage":"fr-FR","@id":"https:\/\/510premiumcarts.com\/index.php\/product\/acheter-moroccan-slate-hash\/#primaryimage","url":"https:\/\/510premiumcarts.com\/wp-content\/uploads\/2023\/03\/160714C_45941_Moroccan-blonde-hash_-e1515050336209.webp","contentUrl":"https:\/\/510premiumcarts.com\/wp-content\/uploads\/2023\/03\/160714C_45941_Moroccan-blonde-hash_-e1515050336209.webp","width":640,"height":360,"caption":"Buy Moroccan Slate Hash"},{"@type":"BreadcrumbList","@id":"https:\/\/510premiumcarts.com\/index.php\/product\/acheter-moroccan-slate-hash\/#breadcrumb","itemListElement":[{"@type":"ListItem","position":1,"name":"Home","item":"https:\/\/510premiumcarts.com\/"},{"@type":"ListItem","position":2,"name":"Marques de vapotage","item":"https:\/\/510premiumcarts.com\/index.php\/acheter-du-cannabis\/"},{"@type":"ListItem","position":3,"name":"Moroccan Slate Hash"}]},{"@type":"WebSite","@id":"https:\/\/510premiumcarts.com\/#website","url":"https:\/\/510premiumcarts.com\/","name":"510 Premium Carts","description":"Just another WordPress site","potentialAction":[{"@type":"SearchAction","target":{"@type":"EntryPoint","urlTemplate":"https:\/\/510premiumcarts.com\/?s={search_term_string}"},"query-input":{"@type":"PropertyValueSpecification","valueRequired":true,"valueName":"search_term_string"}}],"inLanguage":"fr-FR"}]}},"jetpack_sharing_enabled":true,"_links":{"self":[{"href":"https:\/\/510premiumcarts.com\/index.php\/wp-json\/wp\/v2\/product\/1739","targetHints":{"allow":["GET"]}}],"collection":[{"href":"https:\/\/510premiumcarts.com\/index.php\/wp-json\/wp\/v2\/product"}],"about":[{"href":"https:\/\/510premiumcarts.com\/index.php\/wp-json\/wp\/v2\/types\/product"}],"replies":[{"embeddable":true,"href":"https:\/\/510premiumcarts.com\/index.php\/wp-json\/wp\/v2\/comments?post=1739"}],"wp:featuredmedia":[{"embeddable":true,"href":"https:\/\/510premiumcarts.com\/index.php\/wp-json\/wp\/v2\/media\/1740"}],"wp:attachment":[{"href":"https:\/\/510premiumcarts.com\/index.php\/wp-json\/wp\/v2\/media?parent=1739"}],"wp:term":[{"taxonomy":"product_brand","embeddable":true,"href":"https:\/\/510premiumcarts.com\/index.php\/wp-json\/wp\/v2\/product_brand?post=1739"},{"taxonomy":"product_cat","embeddable":true,"href":"https:\/\/510premiumcarts.com\/index.php\/wp-json\/wp\/v2\/product_cat?post=1739"},{"taxonomy":"product_tag","embeddable":true,"href":"https:\/\/510premiumcarts.com\/index.php\/wp-json\/wp\/v2\/product_tag?post=1739"}],"curies":[{"name":"wp","href":"https:\/\/api.w.org\/{rel}","templated":true}]}}