{"id":1745,"date":"2023-03-07T11:43:22","date_gmt":"2023-03-07T11:43:22","guid":{"rendered":"https:\/\/510premiumcarts.com\/?post_type=product&#038;p=1745"},"modified":"2023-04-13T12:50:32","modified_gmt":"2023-04-13T12:50:32","slug":"acheter-moroccan-primero-hash","status":"publish","type":"product","link":"https:\/\/510premiumcarts.com\/index.php\/product\/acheter-moroccan-primero-hash\/","title":{"rendered":"MOROCCAN PRIMERO HASH"},"content":{"rendered":"<h1><a href=\"https:\/\/510premiumcarts.com\/index.php\/product-category\/extracts\/\"><span style=\"color: #ffcc00;\"><strong><span style=\"vertical-align: inherit;\"><span style=\"vertical-align: inherit;\"><span style=\"vertical-align: inherit; color: #ffcc00;\"><a style=\"color: #ffcc00;\" href=\"https:\/\/420weedpost.com\/product\/buy-honey-moroccan-blonde-hash\/\">ACHETER<\/a><\/span> MOROCCAN PRIMERO HASH EN LIGNE<\/span><\/span><\/strong><\/span><\/a><\/h1>\n<p><strong><span style=\"vertical-align: inherit;\"><span style=\"vertical-align: inherit;\"><a href=\"https:\/\/420weedpost.com\/product\/buy-honey-moroccan-blonde-hash\/\">ACHETER<\/a> MOROCCAN <a href=\"https:\/\/420weedpost.com\/product\/buy-moroccan-slate-hash\/\">PRIMERO<\/a> <a href=\"https:\/\/420weedpost.com\/product\/hash-plant-strain\/\">HASH<\/a><\/span><\/span><\/strong><\/p>\n<p>\u00e7a sent le hasch, \u00e7a sent le <a href=\"https:\/\/420weedpost.com\/product\/buy-afghan-hash\/\">chanvre<\/a> et \u00e7a a un tr\u00e8s bon go\u00fbt. Le haschisch marocain Primero ne diff\u00e8re que par la couleur de nos autres produits. Si vous n&rsquo;\u00eates pas familier avec nos produits, achetez d&rsquo;abord un pack d&rsquo;\u00e9chantillons. La livraison est gratuite. Achetez plus de nos produits de clone de hachage l\u00e9gal et le prix sera <a href=\"https:\/\/420weedpost.com\/product\/buy-moroccan-hash\/\">plus<\/a> bas.<\/p>\n<p>Le hachis Primero marocain est brun clair \u00e0 brun fonc\u00e9.Achetez du hachis Primero marocain en ligne. Cependant, vous verrez parfois une teinte verd\u00e2tre \u00e0 l&rsquo;int\u00e9rieur. En raison de la saison de croissance relativement courte de la marijuana, les plantes de cannabis conservent une bonne couleur verte au moment de la r\u00e9colte. Maintenant, nous voyons que la plupart du cannabis du Maroc subit une alt\u00e9ration importante pour cr\u00e9er un produit exportable. hachis marocain \u00e0 vendre<\/p>\n<h2><strong>HASH MAROCAIN PRIMERO A VENDR<span style=\"color: #000000;\"><a style=\"color: #000000;\" href=\"http:\/\/leafly.com\/\">E<\/a><\/span><\/strong><\/h2>\n<p>Odeur:<br \/>\nL&rsquo;odeur initiale est l\u00e9g\u00e8rement aromatique, pas \u00e9pic\u00e9e. Il est de nature assez particuli\u00e8re. Plus l&rsquo;odeur est forte, plus le hachage Primero sera fort. Le pollen le plus fort doit \u00eatre d\u00e9tectable par l&rsquo;odeur \u00e0 distance, scell\u00e9 dans un sac en plastique. Vous allez adorer reconna\u00eetre ce ph\u00e9notype. Go\u00fbt:<\/p>\n<p>Compar\u00e9 \u00e0 d&rsquo;autres types de hasch, le go\u00fbt est tr\u00e8s doux. Vous la trouverez douce en gorge et rappelle une excellente herbe.<\/p>\n<p><a href=\"https:\/\/ogdispensary.org\/product\/buy-moroccan-primero-hash\/\"><span style=\"vertical-align: inherit;\"><span style=\"vertical-align: inherit;\">Effets:<\/span><\/span><\/a><br \/>\nAttachez votre ceinture de s\u00e9curit\u00e9 car votre t\u00eate est sur le point d&rsquo;obtenir une ceinture. Les gens aiment le high c\u00e9r\u00e9bral intense. Id\u00e9al pour les personnes actives. Peut faire de superbes m\u00e9dicaments pour ceux qui en ont besoin. hasch premi\u00e8re marocaine<\/p>\n<h3><strong><span style=\"vertical-align: inherit;\"><span style=\"vertical-align: inherit;\">MOROCCAN HASH<\/span><\/span><\/strong><\/h3>\n<p>Description<br \/>\nMoroccan Primero Hash est un clone de hachage r\u00e9aliste. Nous n&rsquo;utilisons que des mat\u00e9riaux naturels de qualit\u00e9 alimentaire. \u00c7a ressemble \u00e0 du hasch, \u00e7a sent comme du hasch, \u00e7a sent le chanvre et \u00e7a a un tr\u00e8s bon go\u00fbt. Le haschich marocain Primero ne diff\u00e8re que par la couleur de nos autres produits. Si vous n&rsquo;\u00eates pas familier avec nos produits, achetez d&rsquo;abord un pack d&rsquo;\u00e9chantillons. hasch premi\u00e8re marocaine<\/p>\n<p>La livraison est gratuite. Achetez plus de nos produits de clone de hachage l\u00e9gal et le prix sera plus bas.<\/p>\n<p>Ce hachage est un clone de hachage r\u00e9aliste. Nous n&rsquo;utilisons que des mat\u00e9riaux naturels de qualit\u00e9 alimentaire.<\/p>\n<h3><strong>HASH MAROCAIN PRIMERO A VENDRE<\/strong><\/h3>\n<p><span style=\"vertical-align: inherit;\"><span style=\"vertical-align: inherit;\">Achetez Moroccan Primero Hash en ligne<\/span><\/span><br \/>\n\u00c7a ressemble \u00e0 du hasch, \u00e7a sent comme du hasch, \u00e7a sent le chanvre et \u00e7a a un tr\u00e8s bon go\u00fbt. Le haschich marocain Primero ne diff\u00e8re que par la couleur de nos autres produits. Si vous n&rsquo;\u00eates pas familier avec nos produits, achetez d&rsquo;abord un pack d&rsquo;\u00e9chantillons.<\/p>\n","protected":false},"excerpt":{"rendered":"<p>Moroccan Primero Hash est brun clair \u00e0 brun fonc\u00e9. Achetez du Primero Hash marocain en ligne. Cependant, vous verrez parfois une teinte verd\u00e2tre \u00e0 l&rsquo;int\u00e9rieur. En raison de la saison de croissance relativement courte de la marijuana, les plantes de cannabis conservent une bonne couleur verte au moment de la r\u00e9colte.<\/p>\n","protected":false},"featured_media":1750,"comment_status":"open","ping_status":"closed","template":"","meta":{"_monsterinsights_skip_tracking":false,"_monsterinsights_sitenote_active":false,"_monsterinsights_sitenote_note":"","_monsterinsights_sitenote_category":0},"product_brand":[],"product_cat":[4882],"product_tag":[4988],"class_list":{"0":"post-1745","1":"product","2":"type-product","3":"status-publish","4":"has-post-thumbnail","6":"product_cat-wax-extraits-de-cannabis","7":"product_tag-buy-moroccan-primero-hash","9":"first","10":"instock","11":"shipping-taxable","12":"purchasable","13":"product-type-variable"},"yoast_head":"<!-- This site is optimized with the Yoast SEO plugin v27.3 - https:\/\/yoast.com\/product\/yoast-seo-wordpress\/ -->\n<title>ACHETER MOROCCAN PRIMERO HASH - 510 Premium Carts Online<\/title>\n<meta name=\"description\" content=\"ACHETER MOROCCAN PRIMERO HASH \u00e7a sent\u00a0le\u00a0chanvre\u00a0et \u00e7a a un tr\u00e8s bon go\u00fbt. Le haschisch marocain Primero ne diff\u00e8re que par les couleurs de nos autres produits.\" \/>\n<meta name=\"robots\" content=\"index, follow, max-snippet:-1, max-image-preview:large, max-video-preview:-1\" \/>\n<link rel=\"canonical\" href=\"https:\/\/510premiumcarts.com\/index.php\/product\/acheter-moroccan-primero-hash\/\" \/>\n<meta property=\"og:locale\" content=\"fr_FR\" \/>\n<meta property=\"og:type\" content=\"article\" \/>\n<meta property=\"og:title\" content=\"ACHETER MOROCCAN PRIMERO HASH - 510 Premium Carts Online\" \/>\n<meta property=\"og:description\" content=\"ACHETER MOROCCAN PRIMERO HASH \u00e7a sent\u00a0le\u00a0chanvre\u00a0et \u00e7a a un tr\u00e8s bon go\u00fbt. Le haschisch marocain Primero ne diff\u00e8re que par les couleurs de nos autres produits.\" \/>\n<meta property=\"og:url\" content=\"https:\/\/510premiumcarts.com\/index.php\/product\/acheter-moroccan-primero-hash\/\" \/>\n<meta property=\"og:site_name\" content=\"510 Premium Carts\" \/>\n<meta property=\"article:modified_time\" content=\"2023-04-13T12:50:32+00:00\" \/>\n<meta property=\"og:image\" content=\"http:\/\/510premiumcarts.com\/wp-content\/uploads\/2023\/03\/c04b66_815a79c4efdb4d649b1616389148afcb_mv2.jpg\" \/>\n\t<meta property=\"og:image:width\" content=\"498\" \/>\n\t<meta property=\"og:image:height\" content=\"498\" \/>\n\t<meta property=\"og:image:type\" content=\"image\/jpeg\" \/>\n<meta name=\"twitter:card\" content=\"summary_large_image\" \/>\n<meta name=\"twitter:label1\" content=\"Dur\u00e9e de lecture estim\u00e9e\" \/>\n\t<meta name=\"twitter:data1\" content=\"3 minutes\" \/>\n<script type=\"application\/ld+json\" class=\"yoast-schema-graph\">{\"@context\":\"https:\\\/\\\/schema.org\",\"@graph\":[{\"@type\":\"WebPage\",\"@id\":\"https:\\\/\\\/510premiumcarts.com\\\/index.php\\\/product\\\/acheter-moroccan-primero-hash\\\/\",\"url\":\"https:\\\/\\\/510premiumcarts.com\\\/index.php\\\/product\\\/acheter-moroccan-primero-hash\\\/\",\"name\":\"ACHETER MOROCCAN PRIMERO HASH - 510 Premium Carts Online\",\"isPartOf\":{\"@id\":\"https:\\\/\\\/510premiumcarts.com\\\/#website\"},\"primaryImageOfPage\":{\"@id\":\"https:\\\/\\\/510premiumcarts.com\\\/index.php\\\/product\\\/acheter-moroccan-primero-hash\\\/#primaryimage\"},\"image\":{\"@id\":\"https:\\\/\\\/510premiumcarts.com\\\/index.php\\\/product\\\/acheter-moroccan-primero-hash\\\/#primaryimage\"},\"thumbnailUrl\":\"https:\\\/\\\/510premiumcarts.com\\\/wp-content\\\/uploads\\\/2023\\\/03\\\/c04b66_815a79c4efdb4d649b1616389148afcb_mv2.jpg\",\"datePublished\":\"2023-03-07T11:43:22+00:00\",\"dateModified\":\"2023-04-13T12:50:32+00:00\",\"description\":\"ACHETER MOROCCAN PRIMERO HASH \u00e7a sent\u00a0le\u00a0chanvre\u00a0et \u00e7a a un tr\u00e8s bon go\u00fbt. Le haschisch marocain Primero ne diff\u00e8re que par les couleurs de nos autres produits.\",\"breadcrumb\":{\"@id\":\"https:\\\/\\\/510premiumcarts.com\\\/index.php\\\/product\\\/acheter-moroccan-primero-hash\\\/#breadcrumb\"},\"inLanguage\":\"fr-FR\",\"potentialAction\":[{\"@type\":\"ReadAction\",\"target\":[\"https:\\\/\\\/510premiumcarts.com\\\/index.php\\\/product\\\/acheter-moroccan-primero-hash\\\/\"]}]},{\"@type\":\"ImageObject\",\"inLanguage\":\"fr-FR\",\"@id\":\"https:\\\/\\\/510premiumcarts.com\\\/index.php\\\/product\\\/acheter-moroccan-primero-hash\\\/#primaryimage\",\"url\":\"https:\\\/\\\/510premiumcarts.com\\\/wp-content\\\/uploads\\\/2023\\\/03\\\/c04b66_815a79c4efdb4d649b1616389148afcb_mv2.jpg\",\"contentUrl\":\"https:\\\/\\\/510premiumcarts.com\\\/wp-content\\\/uploads\\\/2023\\\/03\\\/c04b66_815a79c4efdb4d649b1616389148afcb_mv2.jpg\",\"width\":498,\"height\":498,\"caption\":\"BUY MOROCCAN PRIMERO HASH\"},{\"@type\":\"BreadcrumbList\",\"@id\":\"https:\\\/\\\/510premiumcarts.com\\\/index.php\\\/product\\\/acheter-moroccan-primero-hash\\\/#breadcrumb\",\"itemListElement\":[{\"@type\":\"ListItem\",\"position\":1,\"name\":\"Home\",\"item\":\"https:\\\/\\\/510premiumcarts.com\\\/\"},{\"@type\":\"ListItem\",\"position\":2,\"name\":\"Marques de vapotage\",\"item\":\"https:\\\/\\\/510premiumcarts.com\\\/index.php\\\/acheter-du-cannabis\\\/\"},{\"@type\":\"ListItem\",\"position\":3,\"name\":\"MOROCCAN PRIMERO HASH\"}]},{\"@type\":\"WebSite\",\"@id\":\"https:\\\/\\\/510premiumcarts.com\\\/#website\",\"url\":\"https:\\\/\\\/510premiumcarts.com\\\/\",\"name\":\"510 Premium Carts\",\"description\":\"Just another WordPress site\",\"potentialAction\":[{\"@type\":\"SearchAction\",\"target\":{\"@type\":\"EntryPoint\",\"urlTemplate\":\"https:\\\/\\\/510premiumcarts.com\\\/?s={search_term_string}\"},\"query-input\":{\"@type\":\"PropertyValueSpecification\",\"valueRequired\":true,\"valueName\":\"search_term_string\"}}],\"inLanguage\":\"fr-FR\"}]}<\/script>\n<!-- \/ Yoast SEO plugin. -->","yoast_head_json":{"title":"ACHETER MOROCCAN PRIMERO HASH - 510 Premium Carts Online","description":"ACHETER MOROCCAN PRIMERO HASH \u00e7a sent\u00a0le\u00a0chanvre\u00a0et \u00e7a a un tr\u00e8s bon go\u00fbt. Le haschisch marocain Primero ne diff\u00e8re que par les couleurs de nos autres produits.","robots":{"index":"index","follow":"follow","max-snippet":"max-snippet:-1","max-image-preview":"max-image-preview:large","max-video-preview":"max-video-preview:-1"},"canonical":"https:\/\/510premiumcarts.com\/index.php\/product\/acheter-moroccan-primero-hash\/","og_locale":"fr_FR","og_type":"article","og_title":"ACHETER MOROCCAN PRIMERO HASH - 510 Premium Carts Online","og_description":"ACHETER MOROCCAN PRIMERO HASH \u00e7a sent\u00a0le\u00a0chanvre\u00a0et \u00e7a a un tr\u00e8s bon go\u00fbt. Le haschisch marocain Primero ne diff\u00e8re que par les couleurs de nos autres produits.","og_url":"https:\/\/510premiumcarts.com\/index.php\/product\/acheter-moroccan-primero-hash\/","og_site_name":"510 Premium Carts","article_modified_time":"2023-04-13T12:50:32+00:00","og_image":[{"width":498,"height":498,"url":"http:\/\/510premiumcarts.com\/wp-content\/uploads\/2023\/03\/c04b66_815a79c4efdb4d649b1616389148afcb_mv2.jpg","type":"image\/jpeg"}],"twitter_card":"summary_large_image","twitter_misc":{"Dur\u00e9e de lecture estim\u00e9e":"3 minutes"},"schema":{"@context":"https:\/\/schema.org","@graph":[{"@type":"WebPage","@id":"https:\/\/510premiumcarts.com\/index.php\/product\/acheter-moroccan-primero-hash\/","url":"https:\/\/510premiumcarts.com\/index.php\/product\/acheter-moroccan-primero-hash\/","name":"ACHETER MOROCCAN PRIMERO HASH - 510 Premium Carts Online","isPartOf":{"@id":"https:\/\/510premiumcarts.com\/#website"},"primaryImageOfPage":{"@id":"https:\/\/510premiumcarts.com\/index.php\/product\/acheter-moroccan-primero-hash\/#primaryimage"},"image":{"@id":"https:\/\/510premiumcarts.com\/index.php\/product\/acheter-moroccan-primero-hash\/#primaryimage"},"thumbnailUrl":"https:\/\/510premiumcarts.com\/wp-content\/uploads\/2023\/03\/c04b66_815a79c4efdb4d649b1616389148afcb_mv2.jpg","datePublished":"2023-03-07T11:43:22+00:00","dateModified":"2023-04-13T12:50:32+00:00","description":"ACHETER MOROCCAN PRIMERO HASH \u00e7a sent\u00a0le\u00a0chanvre\u00a0et \u00e7a a un tr\u00e8s bon go\u00fbt. Le haschisch marocain Primero ne diff\u00e8re que par les couleurs de nos autres produits.","breadcrumb":{"@id":"https:\/\/510premiumcarts.com\/index.php\/product\/acheter-moroccan-primero-hash\/#breadcrumb"},"inLanguage":"fr-FR","potentialAction":[{"@type":"ReadAction","target":["https:\/\/510premiumcarts.com\/index.php\/product\/acheter-moroccan-primero-hash\/"]}]},{"@type":"ImageObject","inLanguage":"fr-FR","@id":"https:\/\/510premiumcarts.com\/index.php\/product\/acheter-moroccan-primero-hash\/#primaryimage","url":"https:\/\/510premiumcarts.com\/wp-content\/uploads\/2023\/03\/c04b66_815a79c4efdb4d649b1616389148afcb_mv2.jpg","contentUrl":"https:\/\/510premiumcarts.com\/wp-content\/uploads\/2023\/03\/c04b66_815a79c4efdb4d649b1616389148afcb_mv2.jpg","width":498,"height":498,"caption":"BUY MOROCCAN PRIMERO HASH"},{"@type":"BreadcrumbList","@id":"https:\/\/510premiumcarts.com\/index.php\/product\/acheter-moroccan-primero-hash\/#breadcrumb","itemListElement":[{"@type":"ListItem","position":1,"name":"Home","item":"https:\/\/510premiumcarts.com\/"},{"@type":"ListItem","position":2,"name":"Marques de vapotage","item":"https:\/\/510premiumcarts.com\/index.php\/acheter-du-cannabis\/"},{"@type":"ListItem","position":3,"name":"MOROCCAN PRIMERO HASH"}]},{"@type":"WebSite","@id":"https:\/\/510premiumcarts.com\/#website","url":"https:\/\/510premiumcarts.com\/","name":"510 Premium Carts","description":"Just another WordPress site","potentialAction":[{"@type":"SearchAction","target":{"@type":"EntryPoint","urlTemplate":"https:\/\/510premiumcarts.com\/?s={search_term_string}"},"query-input":{"@type":"PropertyValueSpecification","valueRequired":true,"valueName":"search_term_string"}}],"inLanguage":"fr-FR"}]}},"jetpack_sharing_enabled":true,"_links":{"self":[{"href":"https:\/\/510premiumcarts.com\/index.php\/wp-json\/wp\/v2\/product\/1745","targetHints":{"allow":["GET"]}}],"collection":[{"href":"https:\/\/510premiumcarts.com\/index.php\/wp-json\/wp\/v2\/product"}],"about":[{"href":"https:\/\/510premiumcarts.com\/index.php\/wp-json\/wp\/v2\/types\/product"}],"replies":[{"embeddable":true,"href":"https:\/\/510premiumcarts.com\/index.php\/wp-json\/wp\/v2\/comments?post=1745"}],"wp:featuredmedia":[{"embeddable":true,"href":"https:\/\/510premiumcarts.com\/index.php\/wp-json\/wp\/v2\/media\/1750"}],"wp:attachment":[{"href":"https:\/\/510premiumcarts.com\/index.php\/wp-json\/wp\/v2\/media?parent=1745"}],"wp:term":[{"taxonomy":"product_brand","embeddable":true,"href":"https:\/\/510premiumcarts.com\/index.php\/wp-json\/wp\/v2\/product_brand?post=1745"},{"taxonomy":"product_cat","embeddable":true,"href":"https:\/\/510premiumcarts.com\/index.php\/wp-json\/wp\/v2\/product_cat?post=1745"},{"taxonomy":"product_tag","embeddable":true,"href":"https:\/\/510premiumcarts.com\/index.php\/wp-json\/wp\/v2\/product_tag?post=1745"}],"curies":[{"name":"wp","href":"https:\/\/api.w.org\/{rel}","templated":true}]}}