{"id":1757,"date":"2023-03-07T12:00:32","date_gmt":"2023-03-07T12:00:32","guid":{"rendered":"https:\/\/510premiumcarts.com\/?post_type=product&#038;p=1757"},"modified":"2023-04-13T12:34:42","modified_gmt":"2023-04-13T12:34:42","slug":"acheter-ice-hash-en-ligne","status":"publish","type":"product","link":"https:\/\/510premiumcarts.com\/index.php\/product\/acheter-ice-hash-en-ligne\/","title":{"rendered":"Ice Hash"},"content":{"rendered":"<h1><a href=\"https:\/\/510premiumcarts.com\/\"><span style=\"color: #ffcc00;\">ACHETER ICE HASH EN LIGNE<\/span><\/a><\/h1>\n<p>Acheter Ice Hash Online devient rapidement un bon moyen de produire du hash de qualit\u00e9. L&rsquo;eau est utilis\u00e9e avec de la marijuana, puis filtr\u00e9e \u00e0 travers des types de tissus. La r\u00e9sine obtenue est g\u00e9niale. Il existe de nombreuses fa\u00e7ons de produire ce hachage. Il existe des Ice-o-lators que vous pouvez acheter en ligne pour fabriquer du hachage.<\/p>\n<p><strong>Qu&rsquo;est-ce <a href=\"https:\/\/420weedpost.com\/product\/hash-plant-strain\/\">que<\/a> le <a href=\"https:\/\/420weedpost.com\/product\/ice-cream-strain\/\">Haschisch<\/a> (Hash)\u00a0?<\/strong><\/p>\n<p>\u00ab\u00a0Le haschich est une drogue psychoactive pr\u00e9par\u00e9e \u00e0 partir des <a href=\"https:\/\/420weedpost.com\/product\/rosin\/\">glandes<\/a> r\u00e9sineuses de la plante de cannabis femelle (pistill\u00e9e). [\u2026] L&rsquo;id\u00e9e est d&rsquo;isoler (et donc de concentrer) la r\u00e9sine contenant du THC afin de faire du <a href=\"https:\/\/420weedpost.com\/product\/ice-cream-space-monkey-meds\/\">haschisch<\/a>.<\/p>\n<p>En termes simples,\u00a0le <a href=\"http:\/\/leafly.com\/\">haschisch\u00a0<\/a>(que nous appellerons maintenant <a href=\"https:\/\/ogdispensary.org\/product\/buy-ice-hash\/\">simplement<\/a> hasch), ce ne sont que les glands de r\u00e9sine isol\u00e9s de\u00a0la plante de cannabis. Encore plus simple, le hasch, c&rsquo;est <a href=\"https:\/\/420weedpost.com\/product\/lxotics-weed-packs\/\">quand<\/a> vous obtenez tout seul les bonnes choses collantes de votre cannabis. Dans un sens, le hasch est du cannabis distill\u00e9 !<\/p>\n<h2><strong>COLOPHANE DE HASH DE GLACE S\u00c8CHE<\/strong><\/h2>\n<p>Faire du haschich sec est le moyen le plus simple, le plus rapide et (surtout) le plus efficace d&rsquo;extraire la r\u00e9sine de votre cannabis. Bref, c&rsquo;est notre avis collectif.<\/p>\n<p>Bien que tous les hachages ne soient pas <a href=\"https:\/\/420weedpost.com\/product\/cannatonic-strain\/\">identiques<\/a>, de nombreux types de hachage <a href=\"https:\/\/420weedpost.com\/product\/buy-ice-hash\/\">sont<\/a> tr\u00e8s proches. Le hasch \u00e0 l&rsquo;eau &#8211; \u00e9galement appel\u00e9 hachage \u00e0 la glace, hachage \u00e0 bulles, hachage \u00e0 gravit\u00e9 (Gumby) et hachage \u00e0 la glace s\u00e8che produisent tous des formes du m\u00eame produit\u00a0: des glands de r\u00e9sine isol\u00e9s.<\/p>\n<h3><strong>COLOPHANE DE HASH DE GLACE S\u00c8CHE<\/strong><\/h3>\n<p>Bien que de nombreuses m\u00e9thodes produisent le m\u00eame produit ou un produit similaire, l&rsquo;utilisation de la neige carbonique pr\u00e9sente des avantages dans de nombreux domaines qui finissent par la rendre sup\u00e9rieure aux autres moyens de collecte de r\u00e9sine:<\/p>\n<p>comment faire du hasch glac\u00e9<\/p>\n<ul>\n<li>C&rsquo;est plus rapide que les autres m\u00e9thodes.\n<ul>\n<li>Vous pouvez finir de faire du haschich sec en environ 1\/25e du temps total qu&rsquo;il faut pour faire du hasch par gravit\u00e9 ! Bien que cet exemple soit extr\u00eame, il ne faut que quelques minutes pour faire du hasch sec et c&rsquo;est beaucoup plus rapide que les autres m\u00e9thodes. C&rsquo;est incroyablement facile<\/li>\n<\/ul>\n<\/li>\n<li>\n<ul>\n<li>Et cette facilit\u00e9 se traduit par une gratification rapide. Vous <a href=\"https:\/\/420weedpost.com\/product\/buy-honey-moroccan-blonde-hash\/\">obtenez<\/a> un hasch de qualit\u00e9 sup\u00e9rieure au prix de secouer un seau et un sac pendant un total combin\u00e9 de moins de 15 minutes.<\/li>\n<\/ul>\n<\/li>\n<li>Il n&rsquo;y a pas d&rsquo;humidit\u00e9!\n<ul>\n<li>Cela signifie que la r\u00e9sine est pr\u00eate d\u00e8s qu&rsquo;elle est secou\u00e9e!<\/li>\n<\/ul>\n<\/li>\n<\/ul>\n","protected":false},"excerpt":{"rendered":"<p>Ice Hash En ligne devient rapidement un bon moyen de produire du hasch de qualit\u00e9. L&rsquo;eau est utilis\u00e9e avec de la marijuana, puis filtr\u00e9e \u00e0 travers des types de tissus. La r\u00e9sine obtenue est g\u00e9niale. Il existe de nombreuses fa\u00e7ons de produire ce hasch. Il existe des Ice-o-lators que vous pouvez acheter en ligne pour fabriquer du hash.<\/p>\n","protected":false},"featured_media":1758,"comment_status":"open","ping_status":"closed","template":"","meta":{"_monsterinsights_skip_tracking":false,"_monsterinsights_sitenote_active":false,"_monsterinsights_sitenote_note":"","_monsterinsights_sitenote_category":0},"product_brand":[],"product_cat":[4882],"product_tag":[4945,4938,4910,4978,4909,4920,4906,4985,4970,4954,4916,4913,4929,4892,4972,4980,4901,4976,4930,1993,4946,4921,4950,4927,4899,4967,4975,4896,4924,4971,4956,4900,4894,4918,4973,4919,4944,4936,4948,4964,4891,4951,4912,4958,4953,4904,4977,4984,4893,4931,4941,4963,4925,4959,4908,4915,4955,4943,4917,4895,4962,4911,4935,4965,4983,4981,4903,4902,4968,4926,4898,4960,4933,4923,4914,4966,4907,4937,4974,4932,4940,4969,4939,4905,4928,4949,4922,4952,4986,4942,4979,4934,4897,4957,4947,4961,4982],"class_list":{"0":"post-1757","1":"product","2":"type-product","3":"status-publish","4":"has-post-thumbnail","6":"product_cat-wax-extraits-de-cannabis","7":"product_tag-6700xt-hash-rate","8":"product_tag-air-fryer-hash-brown-patties","9":"product_tag-air-fryer-hash-browns","10":"product_tag-beef-hash","11":"product_tag-breakfast-casserole-with-hash-browns","12":"product_tag-breakfast-hash","13":"product_tag-bubble-hash","14":"product_tag-c-hash-table","15":"product_tag-canned-corned-beef-hash","16":"product_tag-cauliflower-hash-browns","17":"product_tag-cheesy-hash-browns","18":"product_tag-corn-beef-hash","19":"product_tag-cornbeef-hash","20":"product_tag-corned-beef-hash","21":"product_tag-corned-beef-hash-and-eggs","22":"product_tag-corned-beef-hash-near-me","23":"product_tag-corned-beef-hash-recipe","24":"product_tag-egg-bake-with-hash-browns","25":"product_tag-frozen-hash-browns","26":"product_tag-hash","27":"product_tag-hash-food","28":"product_tag-hash-auctions","29":"product_tag-hash-bash","30":"product_tag-hash-bash-2022","31":"product_tag-hash-brown","32":"product_tag-hash-brown-breakfast-casserole","33":"product_tag-hash-brown-calories","34":"product_tag-hash-brown-casserole","35":"product_tag-hash-brown-casserole-recipe","36":"product_tag-hash-brown-egg-casserole","37":"product_tag-hash-brown-patties","38":"product_tag-hash-brown-recipe","39":"product_tag-hash-browns","40":"product_tag-hash-browns-in-air-fryer","41":"product_tag-hash-browns-near-me","42":"product_tag-hash-browns-recipe","43":"product_tag-hash-drug","44":"product_tag-hash-drugs","45":"product_tag-hash-function","46":"product_tag-hash-house","47":"product_tag-hash-house-a-go-go","48":"product_tag-hash-house-a-go-go-at-the-linq","49":"product_tag-hash-house-a-go-go-las-vegas","50":"product_tag-hash-house-a-go-go-menu","51":"product_tag-hash-house-a-go-go-orlando","52":"product_tag-hash-house-a-go-go-vegas","53":"product_tag-hash-house-harriers","54":"product_tag-hash-house-las-vegas","55":"product_tag-hash-kitchen","56":"product_tag-hash-kitchen-chandler","57":"product_tag-hash-kitchen-menu","58":"product_tag-hash-kitchen-peoria","59":"product_tag-hash-kitchen-scottsdale","60":"product_tag-hash-map","61":"product_tag-hash-oil","62":"product_tag-hash-pipe","63":"product_tag-hash-pipe-lyrics","64":"product_tag-hash-recipe","65":"product_tag-hash-rosin","66":"product_tag-hash-slinging-slasher","67":"product_tag-hash-slinging-slasher-episode","68":"product_tag-hash-table","69":"product_tag-hash-weed","70":"product_tag-heavenly-hash","71":"product_tag-heavenly-hash-ice-cream","72":"product_tag-homemade-corned-beef-hash","73":"product_tag-homemade-hash-browns","74":"product_tag-house-of-hash","75":"product_tag-how-to-make-corned-beef-hash","76":"product_tag-how-to-make-hash","77":"product_tag-how-to-make-hash-browns","78":"product_tag-how-to-smoke-hash","79":"product_tag-mcdonalds-hash-brown","80":"product_tag-mcdonalds-hash-brown-calories","81":"product_tag-md5-hash","82":"product_tag-md5-hash-generator","83":"product_tag-nice-hash","84":"product_tag-ore-ida-hash-browns","85":"product_tag-pioneer-woman-hash-brown-casserole","86":"product_tag-potato-hash","87":"product_tag-shredded-hash-browns","88":"product_tag-simply-potatoes-hash-browns","89":"product_tag-spongebob-hash-slinging-slasher","90":"product_tag-sweet-potato-hash","91":"product_tag-sweet-potato-hash-browns","92":"product_tag-sweet-potato-hash-recipe","93":"product_tag-the-hash-slinging-slasher","94":"product_tag-trader-joes-hash-browns","95":"product_tag-turkey-hash","96":"product_tag-waffle-house-hash-browns","97":"product_tag-weezer-hash-pipe","98":"product_tag-what-is-corned-beef-hash","99":"product_tag-what-is-hash","100":"product_tag-what-is-hash-drug","101":"product_tag-what-is-hash-drugs","102":"product_tag-what-is-hash-oil","103":"product_tag-zero-hash","105":"first","106":"instock","107":"shipping-taxable","108":"purchasable","109":"product-type-variable"},"yoast_head":"<!-- This site is optimized with the Yoast SEO plugin v27.3 - https:\/\/yoast.com\/product\/yoast-seo-wordpress\/ -->\n<title>ACHETER ICE HASH - 510 Premium Carts mcdonalds hash brown<\/title>\n<meta name=\"description\" content=\"ACHETER Ice Hash devient rapidement un bon moyen de produire du hasch de qualit\u00e9. L&#039;eau est utilis\u00e9e avec de la marijuana, puis filtr\u00e9e \u00e0 travers des types\" \/>\n<meta name=\"robots\" content=\"index, follow, max-snippet:-1, max-image-preview:large, max-video-preview:-1\" \/>\n<link rel=\"canonical\" href=\"https:\/\/510premiumcarts.com\/index.php\/product\/acheter-ice-hash-en-ligne\/\" \/>\n<meta property=\"og:locale\" content=\"fr_FR\" \/>\n<meta property=\"og:type\" content=\"article\" \/>\n<meta property=\"og:title\" content=\"ACHETER ICE HASH - 510 Premium Carts mcdonalds hash brown\" \/>\n<meta property=\"og:description\" content=\"ACHETER Ice Hash devient rapidement un bon moyen de produire du hasch de qualit\u00e9. L&#039;eau est utilis\u00e9e avec de la marijuana, puis filtr\u00e9e \u00e0 travers des types\" \/>\n<meta property=\"og:url\" content=\"https:\/\/510premiumcarts.com\/index.php\/product\/acheter-ice-hash-en-ligne\/\" \/>\n<meta property=\"og:site_name\" content=\"510 Premium Carts\" \/>\n<meta property=\"article:modified_time\" content=\"2023-04-13T12:34:42+00:00\" \/>\n<meta property=\"og:image\" content=\"http:\/\/510premiumcarts.com\/wp-content\/uploads\/2023\/03\/HP_73-1.jpg\" \/>\n\t<meta property=\"og:image:width\" content=\"834\" \/>\n\t<meta property=\"og:image:height\" content=\"803\" \/>\n\t<meta property=\"og:image:type\" content=\"image\/jpeg\" \/>\n<meta name=\"twitter:card\" content=\"summary_large_image\" \/>\n<meta name=\"twitter:label1\" content=\"Dur\u00e9e de lecture estim\u00e9e\" \/>\n\t<meta name=\"twitter:data1\" content=\"3 minutes\" \/>\n<script type=\"application\/ld+json\" class=\"yoast-schema-graph\">{\"@context\":\"https:\\\/\\\/schema.org\",\"@graph\":[{\"@type\":\"WebPage\",\"@id\":\"https:\\\/\\\/510premiumcarts.com\\\/index.php\\\/product\\\/acheter-ice-hash-en-ligne\\\/\",\"url\":\"https:\\\/\\\/510premiumcarts.com\\\/index.php\\\/product\\\/acheter-ice-hash-en-ligne\\\/\",\"name\":\"ACHETER ICE HASH - 510 Premium Carts mcdonalds hash brown\",\"isPartOf\":{\"@id\":\"https:\\\/\\\/510premiumcarts.com\\\/#website\"},\"primaryImageOfPage\":{\"@id\":\"https:\\\/\\\/510premiumcarts.com\\\/index.php\\\/product\\\/acheter-ice-hash-en-ligne\\\/#primaryimage\"},\"image\":{\"@id\":\"https:\\\/\\\/510premiumcarts.com\\\/index.php\\\/product\\\/acheter-ice-hash-en-ligne\\\/#primaryimage\"},\"thumbnailUrl\":\"https:\\\/\\\/510premiumcarts.com\\\/wp-content\\\/uploads\\\/2023\\\/03\\\/HP_73-1.jpg\",\"datePublished\":\"2023-03-07T12:00:32+00:00\",\"dateModified\":\"2023-04-13T12:34:42+00:00\",\"description\":\"ACHETER Ice Hash devient rapidement un bon moyen de produire du hasch de qualit\u00e9. L'eau est utilis\u00e9e avec de la marijuana, puis filtr\u00e9e \u00e0 travers des types\",\"breadcrumb\":{\"@id\":\"https:\\\/\\\/510premiumcarts.com\\\/index.php\\\/product\\\/acheter-ice-hash-en-ligne\\\/#breadcrumb\"},\"inLanguage\":\"fr-FR\",\"potentialAction\":[{\"@type\":\"ReadAction\",\"target\":[\"https:\\\/\\\/510premiumcarts.com\\\/index.php\\\/product\\\/acheter-ice-hash-en-ligne\\\/\"]}]},{\"@type\":\"ImageObject\",\"inLanguage\":\"fr-FR\",\"@id\":\"https:\\\/\\\/510premiumcarts.com\\\/index.php\\\/product\\\/acheter-ice-hash-en-ligne\\\/#primaryimage\",\"url\":\"https:\\\/\\\/510premiumcarts.com\\\/wp-content\\\/uploads\\\/2023\\\/03\\\/HP_73-1.jpg\",\"contentUrl\":\"https:\\\/\\\/510premiumcarts.com\\\/wp-content\\\/uploads\\\/2023\\\/03\\\/HP_73-1.jpg\",\"width\":834,\"height\":803,\"caption\":\"Buy Ice Hash\"},{\"@type\":\"BreadcrumbList\",\"@id\":\"https:\\\/\\\/510premiumcarts.com\\\/index.php\\\/product\\\/acheter-ice-hash-en-ligne\\\/#breadcrumb\",\"itemListElement\":[{\"@type\":\"ListItem\",\"position\":1,\"name\":\"Home\",\"item\":\"https:\\\/\\\/510premiumcarts.com\\\/\"},{\"@type\":\"ListItem\",\"position\":2,\"name\":\"Marques de vapotage\",\"item\":\"https:\\\/\\\/510premiumcarts.com\\\/index.php\\\/acheter-du-cannabis\\\/\"},{\"@type\":\"ListItem\",\"position\":3,\"name\":\"Ice Hash\"}]},{\"@type\":\"WebSite\",\"@id\":\"https:\\\/\\\/510premiumcarts.com\\\/#website\",\"url\":\"https:\\\/\\\/510premiumcarts.com\\\/\",\"name\":\"510 Premium Carts\",\"description\":\"Just another WordPress site\",\"potentialAction\":[{\"@type\":\"SearchAction\",\"target\":{\"@type\":\"EntryPoint\",\"urlTemplate\":\"https:\\\/\\\/510premiumcarts.com\\\/?s={search_term_string}\"},\"query-input\":{\"@type\":\"PropertyValueSpecification\",\"valueRequired\":true,\"valueName\":\"search_term_string\"}}],\"inLanguage\":\"fr-FR\"}]}<\/script>\n<!-- \/ Yoast SEO plugin. -->","yoast_head_json":{"title":"ACHETER ICE HASH - 510 Premium Carts mcdonalds hash brown","description":"ACHETER Ice Hash devient rapidement un bon moyen de produire du hasch de qualit\u00e9. L'eau est utilis\u00e9e avec de la marijuana, puis filtr\u00e9e \u00e0 travers des types","robots":{"index":"index","follow":"follow","max-snippet":"max-snippet:-1","max-image-preview":"max-image-preview:large","max-video-preview":"max-video-preview:-1"},"canonical":"https:\/\/510premiumcarts.com\/index.php\/product\/acheter-ice-hash-en-ligne\/","og_locale":"fr_FR","og_type":"article","og_title":"ACHETER ICE HASH - 510 Premium Carts mcdonalds hash brown","og_description":"ACHETER Ice Hash devient rapidement un bon moyen de produire du hasch de qualit\u00e9. L'eau est utilis\u00e9e avec de la marijuana, puis filtr\u00e9e \u00e0 travers des types","og_url":"https:\/\/510premiumcarts.com\/index.php\/product\/acheter-ice-hash-en-ligne\/","og_site_name":"510 Premium Carts","article_modified_time":"2023-04-13T12:34:42+00:00","og_image":[{"width":834,"height":803,"url":"http:\/\/510premiumcarts.com\/wp-content\/uploads\/2023\/03\/HP_73-1.jpg","type":"image\/jpeg"}],"twitter_card":"summary_large_image","twitter_misc":{"Dur\u00e9e de lecture estim\u00e9e":"3 minutes"},"schema":{"@context":"https:\/\/schema.org","@graph":[{"@type":"WebPage","@id":"https:\/\/510premiumcarts.com\/index.php\/product\/acheter-ice-hash-en-ligne\/","url":"https:\/\/510premiumcarts.com\/index.php\/product\/acheter-ice-hash-en-ligne\/","name":"ACHETER ICE HASH - 510 Premium Carts mcdonalds hash brown","isPartOf":{"@id":"https:\/\/510premiumcarts.com\/#website"},"primaryImageOfPage":{"@id":"https:\/\/510premiumcarts.com\/index.php\/product\/acheter-ice-hash-en-ligne\/#primaryimage"},"image":{"@id":"https:\/\/510premiumcarts.com\/index.php\/product\/acheter-ice-hash-en-ligne\/#primaryimage"},"thumbnailUrl":"https:\/\/510premiumcarts.com\/wp-content\/uploads\/2023\/03\/HP_73-1.jpg","datePublished":"2023-03-07T12:00:32+00:00","dateModified":"2023-04-13T12:34:42+00:00","description":"ACHETER Ice Hash devient rapidement un bon moyen de produire du hasch de qualit\u00e9. L'eau est utilis\u00e9e avec de la marijuana, puis filtr\u00e9e \u00e0 travers des types","breadcrumb":{"@id":"https:\/\/510premiumcarts.com\/index.php\/product\/acheter-ice-hash-en-ligne\/#breadcrumb"},"inLanguage":"fr-FR","potentialAction":[{"@type":"ReadAction","target":["https:\/\/510premiumcarts.com\/index.php\/product\/acheter-ice-hash-en-ligne\/"]}]},{"@type":"ImageObject","inLanguage":"fr-FR","@id":"https:\/\/510premiumcarts.com\/index.php\/product\/acheter-ice-hash-en-ligne\/#primaryimage","url":"https:\/\/510premiumcarts.com\/wp-content\/uploads\/2023\/03\/HP_73-1.jpg","contentUrl":"https:\/\/510premiumcarts.com\/wp-content\/uploads\/2023\/03\/HP_73-1.jpg","width":834,"height":803,"caption":"Buy Ice Hash"},{"@type":"BreadcrumbList","@id":"https:\/\/510premiumcarts.com\/index.php\/product\/acheter-ice-hash-en-ligne\/#breadcrumb","itemListElement":[{"@type":"ListItem","position":1,"name":"Home","item":"https:\/\/510premiumcarts.com\/"},{"@type":"ListItem","position":2,"name":"Marques de vapotage","item":"https:\/\/510premiumcarts.com\/index.php\/acheter-du-cannabis\/"},{"@type":"ListItem","position":3,"name":"Ice Hash"}]},{"@type":"WebSite","@id":"https:\/\/510premiumcarts.com\/#website","url":"https:\/\/510premiumcarts.com\/","name":"510 Premium Carts","description":"Just another WordPress site","potentialAction":[{"@type":"SearchAction","target":{"@type":"EntryPoint","urlTemplate":"https:\/\/510premiumcarts.com\/?s={search_term_string}"},"query-input":{"@type":"PropertyValueSpecification","valueRequired":true,"valueName":"search_term_string"}}],"inLanguage":"fr-FR"}]}},"jetpack_sharing_enabled":true,"_links":{"self":[{"href":"https:\/\/510premiumcarts.com\/index.php\/wp-json\/wp\/v2\/product\/1757","targetHints":{"allow":["GET"]}}],"collection":[{"href":"https:\/\/510premiumcarts.com\/index.php\/wp-json\/wp\/v2\/product"}],"about":[{"href":"https:\/\/510premiumcarts.com\/index.php\/wp-json\/wp\/v2\/types\/product"}],"replies":[{"embeddable":true,"href":"https:\/\/510premiumcarts.com\/index.php\/wp-json\/wp\/v2\/comments?post=1757"}],"wp:featuredmedia":[{"embeddable":true,"href":"https:\/\/510premiumcarts.com\/index.php\/wp-json\/wp\/v2\/media\/1758"}],"wp:attachment":[{"href":"https:\/\/510premiumcarts.com\/index.php\/wp-json\/wp\/v2\/media?parent=1757"}],"wp:term":[{"taxonomy":"product_brand","embeddable":true,"href":"https:\/\/510premiumcarts.com\/index.php\/wp-json\/wp\/v2\/product_brand?post=1757"},{"taxonomy":"product_cat","embeddable":true,"href":"https:\/\/510premiumcarts.com\/index.php\/wp-json\/wp\/v2\/product_cat?post=1757"},{"taxonomy":"product_tag","embeddable":true,"href":"https:\/\/510premiumcarts.com\/index.php\/wp-json\/wp\/v2\/product_tag?post=1757"}],"curies":[{"name":"wp","href":"https:\/\/api.w.org\/{rel}","templated":true}]}}