{"id":1763,"date":"2023-03-07T12:10:18","date_gmt":"2023-03-07T12:10:18","guid":{"rendered":"https:\/\/510premiumcarts.com\/?post_type=product&#038;p=1763"},"modified":"2023-03-17T20:18:38","modified_gmt":"2023-03-17T20:18:38","slug":"acheter-charas-hash","status":"publish","type":"product","link":"https:\/\/510premiumcarts.com\/index.php\/product\/acheter-charas-hash\/","title":{"rendered":"CHARAS HASH"},"content":{"rendered":"<h1><span style=\"color: #ffcc00;\"><a style=\"color: #ffcc00;\" href=\"https:\/\/510premiumcarts.com\/index.php\/product-category\/extracts\/\"><strong>ACHETER CHARAS HASH EN LIGNE<\/strong><\/a><\/span><\/h1>\n<p><a href=\"https:\/\/ogdispensary.org\/product\/buy-ice-hash\/\">acheter<\/a> <a href=\"https:\/\/420weedpost.com\/product\/hash-plant-strain\/\">charas<\/a> <a href=\"https:\/\/ogdispensary.org\/product\/buy-ice-hash\/\">hash <\/a><a href=\"https:\/\/420weedpost.com\/product\/buddhas-hands-runtz\/\">en ligne<\/a><\/p>\n<p>Produit en frottant soigneusement les bourgeons femelles entre les mains. La\u00a0r\u00e9sine\u00a0est roul\u00e9e dans des Hash-Balls,\u00a0avant l&rsquo;exp\u00e9dition\u00a0elle est press\u00e9e dans les <a href=\"https:\/\/ogdispensary.org\/product\/buy-ice-hash\/\">dalles<\/a> habituelles. Couleur : Noir \u00e0 l&rsquo;ext\u00e9rieur, vert fonc\u00e9\/marron \u00e0 l&rsquo;int\u00e9rieur. Odeur : \u00e9pic\u00e9e \u00e0 tr\u00e8s \u00e9pic\u00e9e. Ar\u00f4me <a href=\"https:\/\/420weedpost.com\/product\/buy-scissor-hash-finger-hash\/\">distinctif<\/a>. Go\u00fbt:: Tr\u00e8s \u00e9pic\u00e9, un peu dur sur la gorge mais nettement moins que l&rsquo;Afghani. Consistance : Tr\u00e8s doux, se p\u00e9trit facilement comme l&rsquo;Afghani. Parfois assez poudreux mais toujours dense. Effet\u00a0: high physique et tr\u00e8s pierreux. C\u00e9r\u00e9bral. Puissance:<a href=\"https:\/\/420weedpost.com\/product\/hash-plant-strain\/\"> Puissant \u00e0 tr\u00e8s puissant. Comme le N\u00e9palais, le Charas est presque toujours une bonne fum\u00e9e. (10-26\u00a0% THC) Disponibilit\u00e9\u00a0: tr\u00e8s rare, de temps en temps, de tr\u00e8s\u00a0petites\u00a0quantit\u00e9s\u00a0deviennent disponibles<\/a>. La plupart du hasch de ce type est import\u00e9 par des voyageurs priv\u00e9s en Inde. Comme pr\u00e9vu, le prix est tr\u00e8s \u00e9lev\u00e9, dans la gamme des n\u00e9palais.<\/p>\n<h2><strong>CHARAS HASH \u00c0 VENDRE<\/strong><\/h2>\n<p>Acheter Charas Hash, Charas Hash \u00e0 vendre,<\/p>\n<p>Produit en frottant soigneusement les bourgeons femelles entre les mains. Couleur : Noir \u00e0 l&rsquo;ext\u00e9rieur, vert fonc\u00e9\/marron \u00e0 l&rsquo;int\u00e9rieur. Odeur : \u00e9pic\u00e9e \u00e0 tr\u00e8s \u00e9pic\u00e9e.<\/p>\n<p>Ar\u00f4me distinctif. Go\u00fbt: Tr\u00e8s \u00e9pic\u00e9, un peu dur sur la gorge mais nettement moins que l&rsquo;Afghani. Consistance : Tr\u00e8s doux, se p\u00e9trit facilement comme l&rsquo;Afghani. Parfois assez <a href=\"https:\/\/420weedpost.com\/product-category\/buy-extracts-online\/buy-cannabis-hash-online\/\">poudreux<\/a> mais toujours dense. Effet : High tr\u00e8s pierreux et physique. C\u00e9r\u00e9bral.<\/p>\n<h3><strong>O\u00d9 ACHETER <a href=\"https:\/\/420weedpost.com\/product\/dark-side-of-the-moon-strain\/\">CHARAS<\/a> HASH<\/strong><\/h3>\n<p>Puissance : Puissante \u00e0 tr\u00e8s puissante. Comme\u00a0 Nepali, Charas est presque toujours une bonne fum\u00e9e. (10-26% THC) Disponibilit\u00e9 : Tr\u00e8s rare, de temps en temps de tr\u00e8s petites quantit\u00e9s deviennent disponibles. . Comme pr\u00e9vu le prix est tr\u00e8s \u00e9lev\u00e9, dans la gamme des n\u00e9palais. Le charas est g\u00e9n\u00e9ralement vendu comme un \u00ab\u00a0doigt\u00a0\u00bb, qui est un morceau de hash.<\/p>\n<p>Le cr\u00e9ateur de ce charas utilise les techniques originales pour cr\u00e9er un hachage sombre et collant. C&rsquo;est un concentr\u00e9 unique et puissant qui est bon pour la douleur, le stress et les naus\u00e9es.<\/p>\n<p>Le r\u00e9sultat est un charas l\u00e9g\u00e8rement plus l\u00e9ger que la normale qui br\u00fble avec une saveur l\u00e9g\u00e8rement diff\u00e9rente (mais qui est tout aussi fort et propre que la normale).<\/p>\n","protected":false},"excerpt":{"rendered":"<p>Produit en frottant soigneusement les bourgeons femelles entre les mains. Couleur : Noir \u00e0 l&rsquo;ext\u00e9rieur, vert fonc\u00e9\/marron \u00e0 l&rsquo;int\u00e9rieur. Odeur : \u00e9pic\u00e9e \u00e0 tr\u00e8s \u00e9pic\u00e9e.<\/p>\n<p>Ar\u00f4me distinctif. Go\u00fbt: Tr\u00e8s \u00e9pic\u00e9, un peu dur sur la gorge mais nettement moins que l&rsquo;Afghani. Consistance : Tr\u00e8s doux, se p\u00e9trit facilement comme l&rsquo;Afghani. Parfois assez <a href=\"https:\/\/420weedpost.com\/product-category\/buy-extracts-online\/buy-cannabis-hash-online\/\">poudreux<\/a> mais toujours dense. Effet : High tr\u00e8s pierreux et physique. C\u00e9r\u00e9bral.<\/p>\n","protected":false},"featured_media":1768,"comment_status":"open","ping_status":"closed","template":"","meta":{"_monsterinsights_skip_tracking":false,"_monsterinsights_sitenote_active":false,"_monsterinsights_sitenote_note":"","_monsterinsights_sitenote_category":0},"product_brand":[],"product_cat":[4882],"product_tag":[6417,6483,6478,6435,6456,6438,6434,6414,6436,6452,6461,6473,6472,6471,6474,6467,6451,6454,6455,6443,6444,6431,6463,6480,6445,6439,6411,6477,6489,6484,6476,6442,6429,6430,6416,6466,6413,6423,6422,6424,6425,6419,6468,6415,6432,6465,4927,4953,4904,4977,4984,6457,6487,6488,6446,6447,6448,6449,6450,6470,4923,6475,6453,6479,6427,6459,6433,6421,6441,6420,6490,6469,6412,6481,6428,6495,6494,6493,6492,6437,6460,6486,6426,6440,6482,6462,6485,6464,6418,6410,6458,6491,6496],"class_list":{"0":"post-1763","1":"product","2":"type-product","3":"status-publish","4":"has-post-thumbnail","6":"product_cat-wax-extraits-de-cannabis","7":"product_tag-acheter-charas-hash","8":"product_tag-bob-leponge-slinging-slasher","9":"product_tag-bon-hachage","10":"product_tag-calories-de-pommes-de-terre-rissolees","11":"product_tag-carte-de-hachage","12":"product_tag-casserole-doeufs-de-pommes-de-terre-rissolees","13":"product_tag-casserole-de-petit-dejeuner-aux-pommes-de-terre-rissolees","14":"product_tag-casserole-de-petit-dejeuner-avec-pommes-de-terre-rissolees","15":"product_tag-casserole-de-pommes-de-terre-rissolees","16":"product_tag-chandler-de-cuisine-de-hachage","17":"product_tag-colophane-de-hachage","18":"product_tag-comment-faire-des-pommes-de-terre-rissolees","19":"product_tag-comment-faire-du-hachis","20":"product_tag-comment-faire-du-hachis-de-corned-beef","21":"product_tag-comment-fumer-du-hasch","22":"product_tag-creme-glacee-au-hachis-celeste","23":"product_tag-cuisine-de-hachage","24":"product_tag-cuisine-de-hachage-peoria","25":"product_tag-cuisine-de-hachage-scottsdale","26":"product_tag-drogue-de-hachage","27":"product_tag-drogues-de-hachage","28":"product_tag-encheres-de-hachis","29":"product_tag-episode-de-slasher-de-hachage","30":"product_tag-femme-pionniere-casserole-de-pommes-de-terre-rissolees","31":"product_tag-fonction-de-hachage","32":"product_tag-galettes-de-pommes-de-terre-rissolees","33":"product_tag-galettes-de-pommes-de-terre-rissolees-pour-friteuse-a-air","34":"product_tag-generateur-de-hachage-md5","35":"product_tag-hachage-de-dinde","36":"product_tag-hachage-de-patates-douces","37":"product_tag-hachage-md5","38":"product_tag-hacher-bruns-pres-de-moi","39":"product_tag-hachis","40":"product_tag-hachis-nourriture","41":"product_tag-hachis-a-bulles","42":"product_tag-hachis-celeste","43":"product_tag-hachis-de-boeuf","44":"product_tag-hachis-de-cornbeef","45":"product_tag-hachis-de-corned-beef","46":"product_tag-hachis-de-corned-beef-et-oeufs","47":"product_tag-hachis-de-corned-beef-pres-de-chez-moi","48":"product_tag-hachis-de-corned-beef-en-conserve","49":"product_tag-hachis-de-corned-beef-maison","50":"product_tag-hachis-de-petit-dejeuner","51":"product_tag-hachis-frapper","52":"product_tag-hasch-weed","53":"product_tag-hash-bash-2022","54":"product_tag-hash-house-a-go-go-orlando","55":"product_tag-hash-house-a-go-go-vegas","56":"product_tag-hash-house-harriers","57":"product_tag-hash-house-las-vegas","58":"product_tag-huile-de-hachage","59":"product_tag-le-slasher-de-hachage","60":"product_tag-les-pommes-de-terre-rissolees-du-commercant-joe","61":"product_tag-maison-de-hachage","62":"product_tag-maison-de-hachage-a-go-go","63":"product_tag-maison-de-hachage-a-go-go-au-linq","64":"product_tag-maison-de-hachage-a-go-go-las-vegas","65":"product_tag-maison-de-hachage-a-go-go-menu","66":"product_tag-maison-de-hachis","67":"product_tag-mcdonalds-hash-brown-calories","68":"product_tag-mcdonalds-hash-marron","69":"product_tag-menu-de-cuisine-de-hachage","70":"product_tag-minerai-ida-hash-browns","71":"product_tag-oeuf-au-four-avec-pommes-de-terre-rissolees","72":"product_tag-paroles-de-tuyau-de-hachage","73":"product_tag-pommes-de-terre-rissolees","74":"product_tag-pommes-de-terre-rissolees-au-fromage","75":"product_tag-pommes-de-terre-rissolees-dans-la-friteuse-a-air","76":"product_tag-pommes-de-terre-rissolees-de-chou-fleur","77":"product_tag-pommes-de-terre-rissolees-gaufrees","78":"product_tag-pommes-de-terre-rissolees-maison","79":"product_tag-pommes-de-terre-rissolees-pour-friteuse-a-air","80":"product_tag-pommes-de-terre-rissolees-rapees","81":"product_tag-pommes-de-terre-rissolees-surgelees","82":"product_tag-quest-ce-que-lhuile-de-hasch","83":"product_tag-quest-ce-que-la-drogue-de-hachage","84":"product_tag-quest-ce-que-le-hachage","85":"product_tag-quest-ce-que-le-hachage-de-corned-beef","86":"product_tag-recette-de-casserole-de-pommes-de-terre-rissolees","87":"product_tag-recette-de-hachage","88":"product_tag-recette-de-hachage-de-patates-douces","89":"product_tag-recette-de-hachis-de-corned-beef","90":"product_tag-recette-de-pommes-de-terre-rissolees","91":"product_tag-simplement-pommes-de-terre-rissolees","92":"product_tag-slasher-de-hachage","93":"product_tag-sucre-pommes-de-terre-rissolees","94":"product_tag-table-de-hachage","95":"product_tag-table-de-hachage-c","96":"product_tag-taux-de-hachage-6700xt","97":"product_tag-tuyau-de-hachage","98":"product_tag-tuyau-de-hachage-weezer","99":"product_tag-zero-hasch","101":"first","102":"instock","103":"shipping-taxable","104":"purchasable","105":"product-type-variable"},"yoast_head":"<!-- This site is optimized with the Yoast SEO plugin v27.3 - https:\/\/yoast.com\/product\/yoast-seo-wordpress\/ -->\n<title>Acheter Charas Hash - 510 Premium Carts En ligne- Hash Oils<\/title>\n<meta name=\"description\" content=\"Acheter Charas Hash Produit Produit Produit en frottant soigneusement les bourgeons femelles entre les mains. La\u00a0r\u00e9sine\u00a0est roul\u00e9e dans des Hash-Balls,\u00a0avant exp\u00e9dition\" \/>\n<meta name=\"robots\" content=\"index, follow, max-snippet:-1, max-image-preview:large, max-video-preview:-1\" \/>\n<link rel=\"canonical\" href=\"https:\/\/510premiumcarts.com\/index.php\/product\/acheter-charas-hash\/\" \/>\n<meta property=\"og:locale\" content=\"fr_FR\" \/>\n<meta property=\"og:type\" content=\"article\" \/>\n<meta property=\"og:title\" content=\"Acheter Charas Hash - 510 Premium Carts En ligne- Hash Oils\" \/>\n<meta property=\"og:description\" content=\"Acheter Charas Hash Produit Produit Produit en frottant soigneusement les bourgeons femelles entre les mains. La\u00a0r\u00e9sine\u00a0est roul\u00e9e dans des Hash-Balls,\u00a0avant exp\u00e9dition\" \/>\n<meta property=\"og:url\" content=\"https:\/\/510premiumcarts.com\/index.php\/product\/acheter-charas-hash\/\" \/>\n<meta property=\"og:site_name\" content=\"510 Premium Carts\" \/>\n<meta property=\"article:modified_time\" content=\"2023-03-17T20:18:38+00:00\" \/>\n<meta property=\"og:image\" content=\"http:\/\/510premiumcarts.com\/wp-content\/uploads\/2023\/03\/charas-cbd-legal.jpg\" \/>\n\t<meta property=\"og:image:width\" content=\"797\" \/>\n\t<meta property=\"og:image:height\" content=\"598\" \/>\n\t<meta property=\"og:image:type\" content=\"image\/jpeg\" \/>\n<meta name=\"twitter:card\" content=\"summary_large_image\" \/>\n<meta name=\"twitter:label1\" content=\"Dur\u00e9e de lecture estim\u00e9e\" \/>\n\t<meta name=\"twitter:data1\" content=\"2 minutes\" \/>\n<script type=\"application\/ld+json\" class=\"yoast-schema-graph\">{\"@context\":\"https:\\\/\\\/schema.org\",\"@graph\":[{\"@type\":\"WebPage\",\"@id\":\"https:\\\/\\\/510premiumcarts.com\\\/index.php\\\/product\\\/acheter-charas-hash\\\/\",\"url\":\"https:\\\/\\\/510premiumcarts.com\\\/index.php\\\/product\\\/acheter-charas-hash\\\/\",\"name\":\"Acheter Charas Hash - 510 Premium Carts En ligne- Hash Oils\",\"isPartOf\":{\"@id\":\"https:\\\/\\\/510premiumcarts.com\\\/#website\"},\"primaryImageOfPage\":{\"@id\":\"https:\\\/\\\/510premiumcarts.com\\\/index.php\\\/product\\\/acheter-charas-hash\\\/#primaryimage\"},\"image\":{\"@id\":\"https:\\\/\\\/510premiumcarts.com\\\/index.php\\\/product\\\/acheter-charas-hash\\\/#primaryimage\"},\"thumbnailUrl\":\"https:\\\/\\\/510premiumcarts.com\\\/wp-content\\\/uploads\\\/2023\\\/03\\\/charas-cbd-legal.jpg\",\"datePublished\":\"2023-03-07T12:10:18+00:00\",\"dateModified\":\"2023-03-17T20:18:38+00:00\",\"description\":\"Acheter Charas Hash Produit Produit Produit en frottant soigneusement les bourgeons femelles entre les mains. La\u00a0r\u00e9sine\u00a0est roul\u00e9e dans des Hash-Balls,\u00a0avant exp\u00e9dition\",\"breadcrumb\":{\"@id\":\"https:\\\/\\\/510premiumcarts.com\\\/index.php\\\/product\\\/acheter-charas-hash\\\/#breadcrumb\"},\"inLanguage\":\"fr-FR\",\"potentialAction\":[{\"@type\":\"ReadAction\",\"target\":[\"https:\\\/\\\/510premiumcarts.com\\\/index.php\\\/product\\\/acheter-charas-hash\\\/\"]}]},{\"@type\":\"ImageObject\",\"inLanguage\":\"fr-FR\",\"@id\":\"https:\\\/\\\/510premiumcarts.com\\\/index.php\\\/product\\\/acheter-charas-hash\\\/#primaryimage\",\"url\":\"https:\\\/\\\/510premiumcarts.com\\\/wp-content\\\/uploads\\\/2023\\\/03\\\/charas-cbd-legal.jpg\",\"contentUrl\":\"https:\\\/\\\/510premiumcarts.com\\\/wp-content\\\/uploads\\\/2023\\\/03\\\/charas-cbd-legal.jpg\",\"width\":797,\"height\":598,\"caption\":\"buy-charas-hash\"},{\"@type\":\"BreadcrumbList\",\"@id\":\"https:\\\/\\\/510premiumcarts.com\\\/index.php\\\/product\\\/acheter-charas-hash\\\/#breadcrumb\",\"itemListElement\":[{\"@type\":\"ListItem\",\"position\":1,\"name\":\"Home\",\"item\":\"https:\\\/\\\/510premiumcarts.com\\\/\"},{\"@type\":\"ListItem\",\"position\":2,\"name\":\"Marques de vapotage\",\"item\":\"https:\\\/\\\/510premiumcarts.com\\\/index.php\\\/acheter-du-cannabis\\\/\"},{\"@type\":\"ListItem\",\"position\":3,\"name\":\"CHARAS HASH\"}]},{\"@type\":\"WebSite\",\"@id\":\"https:\\\/\\\/510premiumcarts.com\\\/#website\",\"url\":\"https:\\\/\\\/510premiumcarts.com\\\/\",\"name\":\"510 Premium Carts\",\"description\":\"Just another WordPress site\",\"potentialAction\":[{\"@type\":\"SearchAction\",\"target\":{\"@type\":\"EntryPoint\",\"urlTemplate\":\"https:\\\/\\\/510premiumcarts.com\\\/?s={search_term_string}\"},\"query-input\":{\"@type\":\"PropertyValueSpecification\",\"valueRequired\":true,\"valueName\":\"search_term_string\"}}],\"inLanguage\":\"fr-FR\"}]}<\/script>\n<!-- \/ Yoast SEO plugin. -->","yoast_head_json":{"title":"Acheter Charas Hash - 510 Premium Carts En ligne- Hash Oils","description":"Acheter Charas Hash Produit Produit Produit en frottant soigneusement les bourgeons femelles entre les mains. La\u00a0r\u00e9sine\u00a0est roul\u00e9e dans des Hash-Balls,\u00a0avant exp\u00e9dition","robots":{"index":"index","follow":"follow","max-snippet":"max-snippet:-1","max-image-preview":"max-image-preview:large","max-video-preview":"max-video-preview:-1"},"canonical":"https:\/\/510premiumcarts.com\/index.php\/product\/acheter-charas-hash\/","og_locale":"fr_FR","og_type":"article","og_title":"Acheter Charas Hash - 510 Premium Carts En ligne- Hash Oils","og_description":"Acheter Charas Hash Produit Produit Produit en frottant soigneusement les bourgeons femelles entre les mains. La\u00a0r\u00e9sine\u00a0est roul\u00e9e dans des Hash-Balls,\u00a0avant exp\u00e9dition","og_url":"https:\/\/510premiumcarts.com\/index.php\/product\/acheter-charas-hash\/","og_site_name":"510 Premium Carts","article_modified_time":"2023-03-17T20:18:38+00:00","og_image":[{"width":797,"height":598,"url":"http:\/\/510premiumcarts.com\/wp-content\/uploads\/2023\/03\/charas-cbd-legal.jpg","type":"image\/jpeg"}],"twitter_card":"summary_large_image","twitter_misc":{"Dur\u00e9e de lecture estim\u00e9e":"2 minutes"},"schema":{"@context":"https:\/\/schema.org","@graph":[{"@type":"WebPage","@id":"https:\/\/510premiumcarts.com\/index.php\/product\/acheter-charas-hash\/","url":"https:\/\/510premiumcarts.com\/index.php\/product\/acheter-charas-hash\/","name":"Acheter Charas Hash - 510 Premium Carts En ligne- Hash Oils","isPartOf":{"@id":"https:\/\/510premiumcarts.com\/#website"},"primaryImageOfPage":{"@id":"https:\/\/510premiumcarts.com\/index.php\/product\/acheter-charas-hash\/#primaryimage"},"image":{"@id":"https:\/\/510premiumcarts.com\/index.php\/product\/acheter-charas-hash\/#primaryimage"},"thumbnailUrl":"https:\/\/510premiumcarts.com\/wp-content\/uploads\/2023\/03\/charas-cbd-legal.jpg","datePublished":"2023-03-07T12:10:18+00:00","dateModified":"2023-03-17T20:18:38+00:00","description":"Acheter Charas Hash Produit Produit Produit en frottant soigneusement les bourgeons femelles entre les mains. La\u00a0r\u00e9sine\u00a0est roul\u00e9e dans des Hash-Balls,\u00a0avant exp\u00e9dition","breadcrumb":{"@id":"https:\/\/510premiumcarts.com\/index.php\/product\/acheter-charas-hash\/#breadcrumb"},"inLanguage":"fr-FR","potentialAction":[{"@type":"ReadAction","target":["https:\/\/510premiumcarts.com\/index.php\/product\/acheter-charas-hash\/"]}]},{"@type":"ImageObject","inLanguage":"fr-FR","@id":"https:\/\/510premiumcarts.com\/index.php\/product\/acheter-charas-hash\/#primaryimage","url":"https:\/\/510premiumcarts.com\/wp-content\/uploads\/2023\/03\/charas-cbd-legal.jpg","contentUrl":"https:\/\/510premiumcarts.com\/wp-content\/uploads\/2023\/03\/charas-cbd-legal.jpg","width":797,"height":598,"caption":"buy-charas-hash"},{"@type":"BreadcrumbList","@id":"https:\/\/510premiumcarts.com\/index.php\/product\/acheter-charas-hash\/#breadcrumb","itemListElement":[{"@type":"ListItem","position":1,"name":"Home","item":"https:\/\/510premiumcarts.com\/"},{"@type":"ListItem","position":2,"name":"Marques de vapotage","item":"https:\/\/510premiumcarts.com\/index.php\/acheter-du-cannabis\/"},{"@type":"ListItem","position":3,"name":"CHARAS HASH"}]},{"@type":"WebSite","@id":"https:\/\/510premiumcarts.com\/#website","url":"https:\/\/510premiumcarts.com\/","name":"510 Premium Carts","description":"Just another WordPress site","potentialAction":[{"@type":"SearchAction","target":{"@type":"EntryPoint","urlTemplate":"https:\/\/510premiumcarts.com\/?s={search_term_string}"},"query-input":{"@type":"PropertyValueSpecification","valueRequired":true,"valueName":"search_term_string"}}],"inLanguage":"fr-FR"}]}},"jetpack_sharing_enabled":true,"_links":{"self":[{"href":"https:\/\/510premiumcarts.com\/index.php\/wp-json\/wp\/v2\/product\/1763","targetHints":{"allow":["GET"]}}],"collection":[{"href":"https:\/\/510premiumcarts.com\/index.php\/wp-json\/wp\/v2\/product"}],"about":[{"href":"https:\/\/510premiumcarts.com\/index.php\/wp-json\/wp\/v2\/types\/product"}],"replies":[{"embeddable":true,"href":"https:\/\/510premiumcarts.com\/index.php\/wp-json\/wp\/v2\/comments?post=1763"}],"wp:featuredmedia":[{"embeddable":true,"href":"https:\/\/510premiumcarts.com\/index.php\/wp-json\/wp\/v2\/media\/1768"}],"wp:attachment":[{"href":"https:\/\/510premiumcarts.com\/index.php\/wp-json\/wp\/v2\/media?parent=1763"}],"wp:term":[{"taxonomy":"product_brand","embeddable":true,"href":"https:\/\/510premiumcarts.com\/index.php\/wp-json\/wp\/v2\/product_brand?post=1763"},{"taxonomy":"product_cat","embeddable":true,"href":"https:\/\/510premiumcarts.com\/index.php\/wp-json\/wp\/v2\/product_cat?post=1763"},{"taxonomy":"product_tag","embeddable":true,"href":"https:\/\/510premiumcarts.com\/index.php\/wp-json\/wp\/v2\/product_tag?post=1763"}],"curies":[{"name":"wp","href":"https:\/\/api.w.org\/{rel}","templated":true}]}}