{"id":1770,"date":"2023-03-07T12:17:06","date_gmt":"2023-03-07T12:17:06","guid":{"rendered":"https:\/\/510premiumcarts.com\/?post_type=product&#038;p=1770"},"modified":"2023-03-17T20:15:46","modified_gmt":"2023-03-17T20:15:46","slug":"acheter-bubble-hash","status":"publish","type":"product","link":"https:\/\/510premiumcarts.com\/index.php\/product\/acheter-bubble-hash\/","title":{"rendered":"Bubble Hash"},"content":{"rendered":"<h1><a href=\"https:\/\/510premiumcarts.com\/index.php\/product-category\/extracts\/\"><span style=\"color: #ffcc00;\"><strong>ACHETER BUBBLE HASH EN LIGNE<\/strong><\/span><\/a><\/h1>\n<p>acheter Bubble Hash est un clone de haschich. Nous n&rsquo;utilisons que des mat\u00e9riaux naturels de qualit\u00e9 alimentaire. \u00c7a ressemble \u00e0 du hasch, \u00e7a ressemble \u00e0 du hasch, \u00e7a sent le chanvre et \u00e7a a un tr\u00e8s bon go\u00fbt. Bubble Hash ne diff\u00e8re que par la couleur de nos autres produits. Si vous n&rsquo;\u00eates pas familier avec nos produits, achetez d&rsquo;abord un pack d&rsquo;\u00e9chantillons. La livraison est gratuite.<\/p>\n<p>Il tire son nom des bulles qui se forment lorsque vous le r\u00e9chauffez lorsque vous \u00eates pr\u00eat \u00e0 en profiter.<\/p>\n<p>Pour un high p\u00e9tillant et stimulant, c&rsquo;est votre <a href=\"https:\/\/ogdispensary.org\/product\/buy-bubble-hash\/\">Aller<\/a> \u00e0 la <a href=\"https:\/\/ogdispensary.org\/product\/pre-98-bubba-kush-strain\/\">taille<\/a> 1g<\/p>\n<h2><strong>BUBBLE HASH \u00c0 <a href=\"https:\/\/ogdispensary.org\/product\/buy-ice-hash\/\">VENDRE<\/a><\/strong><\/h2>\n<p>Acheter Bubble Hash en ligne est une vari\u00e9t\u00e9 \u00e0 dominante indica et est un croisement entre Grand Daddy Purple et OG Kush. C&rsquo;est une ration indica-sativa avec une teneur \u00e9tonnante en THC de 17 %. En regardant de plus pr\u00e8s la vari\u00e9t\u00e9, vous vous rendrez compte que les bourgeons ne sont pas diff\u00e9rents du chocolat en termes de couleur. Quant \u00e0 l&rsquo;odeur, elle n&rsquo;est pas diff\u00e9rente de celle du hasch trouv\u00e9 dans un r\u00e9cipient. Cependant, en chauffant la vari\u00e9t\u00e9, vous remarquerez peut-\u00eatre des nuances de citron. commande bubble hash<\/p>\n<p><strong><a href=\"https:\/\/ogdispensary.org\/product\/buy-ice-hash\/\">GO\u00dbT:<\/a><\/strong><br \/>\nLe go\u00fbt n&rsquo;est pas extraordinaire et il n&rsquo;est pas non plus diff\u00e9rent de n&rsquo;importe quelle vari\u00e9t\u00e9 de hasch. Mais l\u00e0 encore, c&rsquo;est agr\u00e9able et assez agr\u00e9able en m\u00eame temps. Apr\u00e8s avoir fum\u00e9 du Bubble Hash, vous plongerez presque imm\u00e9diatement dans un \u00e9tat de relaxation. pr\u00eat pour une saveur globale de fruits sucr\u00e9s. Il restera longtemps sur les papilles. C&rsquo;est le genre de\u00a0saveur\u00a0que les gens veulent appr\u00e9cier en permanence bubble hash \u00e0 vendre<\/p>\n<p><strong><a href=\"https:\/\/ogdispensary.org\/product\/buy-nepalese-hash-online\/\">Effets:<\/a><\/strong><br \/>\nVous ferez l&rsquo;exp\u00e9rience d&rsquo;un high corporel et c\u00e9r\u00e9bral. Non seulement il calme vos nerfs, mais il vous donnera \u00e9galement la fringale. Cependant, vous vous sentirez extr\u00eamement paresseux et pourrez m\u00eame pr\u00e9senter des sympt\u00f4mes de blocage du canap\u00e9. C&rsquo;est l&rsquo;une des raisons pour lesquelles il est pr\u00e9f\u00e9rable de l&rsquo;utiliser la nuit. Cependant, il est parfait pour traiter les douleurs et les courbatures et permet de retrouver l&rsquo;app\u00e9tit.<\/p>\n<p><strong>Description<\/strong><br \/>\nBubble Hash est un clone de haschisch. Nous n&rsquo;utilisons que des mat\u00e9riaux naturels de qualit\u00e9 alimentaire. \u00c7a ressemble \u00e0 du hasch, \u00e7a sent comme du hasch, \u00e7a sent le chanvre et \u00e7a a un tr\u00e8s bon go\u00fbt. Ce Hash ne diff\u00e8re que par la couleur de nos autres produits. Si vous n&rsquo;\u00eates pas familier avec nos produits, achetez d&rsquo;abord un pack d&rsquo;\u00e9chantillons. La livraison est gratuite.<\/p>\n<h3><strong>O A ACHETER BUBBLE HASH EN <a href=\"http:\/\/leafly.com\/\">LIGNE<\/a><\/strong><\/h3>\n<p>Fid\u00e8le \u00e0 son nom, notre bubble hasch \u00e0 dominance Sativa Sour Diesel a un ar\u00f4me de diesel distinct et piquant, tout comme les bourgeons dont il est d\u00e9riv\u00e9. Ce concentr\u00e9 dense et brun fonc\u00e9 se transporte bien et est pr\u00eat \u00e0 \u00eatre bris\u00e9 et appr\u00e9ci\u00e9 comme garniture de bol ou seul. V\u00e9ritable exp\u00e9rience Sativa, notre bubble hasch Sour Diesel apporte un bourdonnement mental \u00e0 la fois r\u00eaveur et \u00e9nergique, avec des sensations physiques peu intenses, ce qui en fait une bonne s\u00e9lection pour les patients souffrant de stress, de d\u00e9pression et d&rsquo;anxi\u00e9t\u00e9. commande bubble hash<\/p>\n<p>Apparence\u00a0:\u00a0brun clair et fonc\u00e9 avec des poils multicolores dispers\u00e9s partout<\/p>\n<p>Saveur\u00a0:\u00a0Sour Diesel indicatif, avec de jolis tons terreux d&rsquo;og<\/p>\n<p>Parfum\u00a0: acide, citronn\u00e9 et restes de la plante dont il est issu<\/p>\n<p>Effets communs\u00a0:\u00a0Active l&rsquo;esprit, apaise le corps, le meilleur des deux mondes<\/p>\n<p>Utilisations recommand\u00e9es\u00a0:\u00a0recommand\u00e9 pour le soulagement de l&rsquo;anxi\u00e9t\u00e9, du stress et de la d\u00e9pression.<\/p>\n","protected":false},"excerpt":{"rendered":"<p>Bubble Hash est une vari\u00e9t\u00e9 \u00e0 dominante indica et est un croisement entre Grand Daddy Purple et OG Kush. C&rsquo;est une ration indica-sativa avec une teneur \u00e9tonnante en THC de 17 %. En regardant de plus pr\u00e8s la vari\u00e9t\u00e9, vous vous rendrez compte que les bourgeons ne sont pas diff\u00e9rents du chocolat en termes de couleur.<\/p>\n","protected":false},"featured_media":1775,"comment_status":"open","ping_status":"closed","template":"","meta":{"_monsterinsights_skip_tracking":false,"_monsterinsights_sitenote_active":false,"_monsterinsights_sitenote_note":"","_monsterinsights_sitenote_category":0},"product_brand":[],"product_cat":[4882],"product_tag":[4945,4938,4910,4978,4909,4920,4906,4990,4985,4970,4954,4916,4913,4929,4892,4972,4980,4901,4976,4930,1993,4946,4921,4950,4927,4899,4967,4975,4896,4924,4971,4956,4900,4894,4918,4973,4919,4944,4936,4948,4964,4891,4951,4912,4958,4953,4904,4977,4984,4893,4931,4941,4963,4925,4959,4908,4915,4955,4943,4917,4895,4962,4911,4935,4965,4983,4981,4903,4902,4968,4926,4898,4960,4933,4923,4914,4966,4907,4937,4974,4932,4940,4969,4939,4905,4928,4949,4922,4952,4986,4942,4979,4934,4897,4957,4947,4961,4982],"class_list":{"0":"post-1770","1":"product","2":"type-product","3":"status-publish","4":"has-post-thumbnail","6":"product_cat-wax-extraits-de-cannabis","7":"product_tag-6700xt-hash-rate","8":"product_tag-air-fryer-hash-brown-patties","9":"product_tag-air-fryer-hash-browns","10":"product_tag-beef-hash","11":"product_tag-breakfast-casserole-with-hash-browns","12":"product_tag-breakfast-hash","13":"product_tag-bubble-hash","14":"product_tag-buy-bubble-hash","15":"product_tag-c-hash-table","16":"product_tag-canned-corned-beef-hash","17":"product_tag-cauliflower-hash-browns","18":"product_tag-cheesy-hash-browns","19":"product_tag-corn-beef-hash","20":"product_tag-cornbeef-hash","21":"product_tag-corned-beef-hash","22":"product_tag-corned-beef-hash-and-eggs","23":"product_tag-corned-beef-hash-near-me","24":"product_tag-corned-beef-hash-recipe","25":"product_tag-egg-bake-with-hash-browns","26":"product_tag-frozen-hash-browns","27":"product_tag-hash","28":"product_tag-hash-food","29":"product_tag-hash-auctions","30":"product_tag-hash-bash","31":"product_tag-hash-bash-2022","32":"product_tag-hash-brown","33":"product_tag-hash-brown-breakfast-casserole","34":"product_tag-hash-brown-calories","35":"product_tag-hash-brown-casserole","36":"product_tag-hash-brown-casserole-recipe","37":"product_tag-hash-brown-egg-casserole","38":"product_tag-hash-brown-patties","39":"product_tag-hash-brown-recipe","40":"product_tag-hash-browns","41":"product_tag-hash-browns-in-air-fryer","42":"product_tag-hash-browns-near-me","43":"product_tag-hash-browns-recipe","44":"product_tag-hash-drug","45":"product_tag-hash-drugs","46":"product_tag-hash-function","47":"product_tag-hash-house","48":"product_tag-hash-house-a-go-go","49":"product_tag-hash-house-a-go-go-at-the-linq","50":"product_tag-hash-house-a-go-go-las-vegas","51":"product_tag-hash-house-a-go-go-menu","52":"product_tag-hash-house-a-go-go-orlando","53":"product_tag-hash-house-a-go-go-vegas","54":"product_tag-hash-house-harriers","55":"product_tag-hash-house-las-vegas","56":"product_tag-hash-kitchen","57":"product_tag-hash-kitchen-chandler","58":"product_tag-hash-kitchen-menu","59":"product_tag-hash-kitchen-peoria","60":"product_tag-hash-kitchen-scottsdale","61":"product_tag-hash-map","62":"product_tag-hash-oil","63":"product_tag-hash-pipe","64":"product_tag-hash-pipe-lyrics","65":"product_tag-hash-recipe","66":"product_tag-hash-rosin","67":"product_tag-hash-slinging-slasher","68":"product_tag-hash-slinging-slasher-episode","69":"product_tag-hash-table","70":"product_tag-hash-weed","71":"product_tag-heavenly-hash","72":"product_tag-heavenly-hash-ice-cream","73":"product_tag-homemade-corned-beef-hash","74":"product_tag-homemade-hash-browns","75":"product_tag-house-of-hash","76":"product_tag-how-to-make-corned-beef-hash","77":"product_tag-how-to-make-hash","78":"product_tag-how-to-make-hash-browns","79":"product_tag-how-to-smoke-hash","80":"product_tag-mcdonalds-hash-brown","81":"product_tag-mcdonalds-hash-brown-calories","82":"product_tag-md5-hash","83":"product_tag-md5-hash-generator","84":"product_tag-nice-hash","85":"product_tag-ore-ida-hash-browns","86":"product_tag-pioneer-woman-hash-brown-casserole","87":"product_tag-potato-hash","88":"product_tag-shredded-hash-browns","89":"product_tag-simply-potatoes-hash-browns","90":"product_tag-spongebob-hash-slinging-slasher","91":"product_tag-sweet-potato-hash","92":"product_tag-sweet-potato-hash-browns","93":"product_tag-sweet-potato-hash-recipe","94":"product_tag-the-hash-slinging-slasher","95":"product_tag-trader-joes-hash-browns","96":"product_tag-turkey-hash","97":"product_tag-waffle-house-hash-browns","98":"product_tag-weezer-hash-pipe","99":"product_tag-what-is-corned-beef-hash","100":"product_tag-what-is-hash","101":"product_tag-what-is-hash-drug","102":"product_tag-what-is-hash-drugs","103":"product_tag-what-is-hash-oil","104":"product_tag-zero-hash","106":"first","107":"instock","108":"shipping-taxable","109":"purchasable","110":"product-type-variable"},"yoast_head":"<!-- This site is optimized with the Yoast SEO plugin v27.3 - https:\/\/yoast.com\/product\/yoast-seo-wordpress\/ -->\n<title>Acheter Bubble Hash - 510 Premium Carts casserole de petit-d\u00e9jeuner avec des pommes de terre rissol\u00e9es<\/title>\n<meta name=\"description\" content=\"Acheter Bubble Hash est un clone de haschisch. Nous n&#039;utilisons que des mat\u00e9riaux naturels de qualit\u00e9 alimentaire. \u00c7a ressemble \u00e0 du hasch, \u00e7a ressemble \u00e0 du hasch, \u00e7a sent le chanvre et \u00e7a a un tr\u00e8s bon go\u00fbt\" \/>\n<meta name=\"robots\" content=\"index, follow, max-snippet:-1, max-image-preview:large, max-video-preview:-1\" \/>\n<link rel=\"canonical\" href=\"https:\/\/510premiumcarts.com\/index.php\/product\/acheter-bubble-hash\/\" \/>\n<meta property=\"og:locale\" content=\"fr_FR\" \/>\n<meta property=\"og:type\" content=\"article\" \/>\n<meta property=\"og:title\" content=\"Acheter Bubble Hash - 510 Premium Carts casserole de petit-d\u00e9jeuner avec des pommes de terre rissol\u00e9es\" \/>\n<meta property=\"og:description\" content=\"Acheter Bubble Hash est un clone de haschisch. Nous n&#039;utilisons que des mat\u00e9riaux naturels de qualit\u00e9 alimentaire. \u00c7a ressemble \u00e0 du hasch, \u00e7a ressemble \u00e0 du hasch, \u00e7a sent le chanvre et \u00e7a a un tr\u00e8s bon go\u00fbt\" \/>\n<meta property=\"og:url\" content=\"https:\/\/510premiumcarts.com\/index.php\/product\/acheter-bubble-hash\/\" \/>\n<meta property=\"og:site_name\" content=\"510 Premium Carts\" \/>\n<meta property=\"article:modified_time\" content=\"2023-03-17T20:15:46+00:00\" \/>\n<meta property=\"og:image\" content=\"http:\/\/510premiumcarts.com\/wp-content\/uploads\/2023\/03\/Goldbar420_CLA_01-scaled-1.jpg\" \/>\n\t<meta property=\"og:image:width\" content=\"2048\" \/>\n\t<meta property=\"og:image:height\" content=\"2048\" \/>\n\t<meta property=\"og:image:type\" content=\"image\/jpeg\" \/>\n<meta name=\"twitter:card\" content=\"summary_large_image\" \/>\n<meta name=\"twitter:label1\" content=\"Dur\u00e9e de lecture estim\u00e9e\" \/>\n\t<meta name=\"twitter:data1\" content=\"3 minutes\" \/>\n<script type=\"application\/ld+json\" class=\"yoast-schema-graph\">{\"@context\":\"https:\\\/\\\/schema.org\",\"@graph\":[{\"@type\":\"WebPage\",\"@id\":\"https:\\\/\\\/510premiumcarts.com\\\/index.php\\\/product\\\/acheter-bubble-hash\\\/\",\"url\":\"https:\\\/\\\/510premiumcarts.com\\\/index.php\\\/product\\\/acheter-bubble-hash\\\/\",\"name\":\"Acheter Bubble Hash - 510 Premium Carts casserole de petit-d\u00e9jeuner avec des pommes de terre rissol\u00e9es\",\"isPartOf\":{\"@id\":\"https:\\\/\\\/510premiumcarts.com\\\/#website\"},\"primaryImageOfPage\":{\"@id\":\"https:\\\/\\\/510premiumcarts.com\\\/index.php\\\/product\\\/acheter-bubble-hash\\\/#primaryimage\"},\"image\":{\"@id\":\"https:\\\/\\\/510premiumcarts.com\\\/index.php\\\/product\\\/acheter-bubble-hash\\\/#primaryimage\"},\"thumbnailUrl\":\"https:\\\/\\\/510premiumcarts.com\\\/wp-content\\\/uploads\\\/2023\\\/03\\\/Goldbar420_CLA_01-scaled-1.jpg\",\"datePublished\":\"2023-03-07T12:17:06+00:00\",\"dateModified\":\"2023-03-17T20:15:46+00:00\",\"description\":\"Acheter Bubble Hash est un clone de haschisch. Nous n'utilisons que des mat\u00e9riaux naturels de qualit\u00e9 alimentaire. \u00c7a ressemble \u00e0 du hasch, \u00e7a ressemble \u00e0 du hasch, \u00e7a sent le chanvre et \u00e7a a un tr\u00e8s bon go\u00fbt\",\"breadcrumb\":{\"@id\":\"https:\\\/\\\/510premiumcarts.com\\\/index.php\\\/product\\\/acheter-bubble-hash\\\/#breadcrumb\"},\"inLanguage\":\"fr-FR\",\"potentialAction\":[{\"@type\":\"ReadAction\",\"target\":[\"https:\\\/\\\/510premiumcarts.com\\\/index.php\\\/product\\\/acheter-bubble-hash\\\/\"]}]},{\"@type\":\"ImageObject\",\"inLanguage\":\"fr-FR\",\"@id\":\"https:\\\/\\\/510premiumcarts.com\\\/index.php\\\/product\\\/acheter-bubble-hash\\\/#primaryimage\",\"url\":\"https:\\\/\\\/510premiumcarts.com\\\/wp-content\\\/uploads\\\/2023\\\/03\\\/Goldbar420_CLA_01-scaled-1.jpg\",\"contentUrl\":\"https:\\\/\\\/510premiumcarts.com\\\/wp-content\\\/uploads\\\/2023\\\/03\\\/Goldbar420_CLA_01-scaled-1.jpg\",\"width\":2048,\"height\":2048,\"caption\":\"BUY BUBBLE HASH ONLINE\"},{\"@type\":\"BreadcrumbList\",\"@id\":\"https:\\\/\\\/510premiumcarts.com\\\/index.php\\\/product\\\/acheter-bubble-hash\\\/#breadcrumb\",\"itemListElement\":[{\"@type\":\"ListItem\",\"position\":1,\"name\":\"Home\",\"item\":\"https:\\\/\\\/510premiumcarts.com\\\/\"},{\"@type\":\"ListItem\",\"position\":2,\"name\":\"Marques de vapotage\",\"item\":\"https:\\\/\\\/510premiumcarts.com\\\/index.php\\\/acheter-du-cannabis\\\/\"},{\"@type\":\"ListItem\",\"position\":3,\"name\":\"Bubble Hash\"}]},{\"@type\":\"WebSite\",\"@id\":\"https:\\\/\\\/510premiumcarts.com\\\/#website\",\"url\":\"https:\\\/\\\/510premiumcarts.com\\\/\",\"name\":\"510 Premium Carts\",\"description\":\"Just another WordPress site\",\"potentialAction\":[{\"@type\":\"SearchAction\",\"target\":{\"@type\":\"EntryPoint\",\"urlTemplate\":\"https:\\\/\\\/510premiumcarts.com\\\/?s={search_term_string}\"},\"query-input\":{\"@type\":\"PropertyValueSpecification\",\"valueRequired\":true,\"valueName\":\"search_term_string\"}}],\"inLanguage\":\"fr-FR\"}]}<\/script>\n<!-- \/ Yoast SEO plugin. -->","yoast_head_json":{"title":"Acheter Bubble Hash - 510 Premium Carts casserole de petit-d\u00e9jeuner avec des pommes de terre rissol\u00e9es","description":"Acheter Bubble Hash est un clone de haschisch. Nous n'utilisons que des mat\u00e9riaux naturels de qualit\u00e9 alimentaire. \u00c7a ressemble \u00e0 du hasch, \u00e7a ressemble \u00e0 du hasch, \u00e7a sent le chanvre et \u00e7a a un tr\u00e8s bon go\u00fbt","robots":{"index":"index","follow":"follow","max-snippet":"max-snippet:-1","max-image-preview":"max-image-preview:large","max-video-preview":"max-video-preview:-1"},"canonical":"https:\/\/510premiumcarts.com\/index.php\/product\/acheter-bubble-hash\/","og_locale":"fr_FR","og_type":"article","og_title":"Acheter Bubble Hash - 510 Premium Carts casserole de petit-d\u00e9jeuner avec des pommes de terre rissol\u00e9es","og_description":"Acheter Bubble Hash est un clone de haschisch. Nous n'utilisons que des mat\u00e9riaux naturels de qualit\u00e9 alimentaire. \u00c7a ressemble \u00e0 du hasch, \u00e7a ressemble \u00e0 du hasch, \u00e7a sent le chanvre et \u00e7a a un tr\u00e8s bon go\u00fbt","og_url":"https:\/\/510premiumcarts.com\/index.php\/product\/acheter-bubble-hash\/","og_site_name":"510 Premium Carts","article_modified_time":"2023-03-17T20:15:46+00:00","og_image":[{"width":2048,"height":2048,"url":"http:\/\/510premiumcarts.com\/wp-content\/uploads\/2023\/03\/Goldbar420_CLA_01-scaled-1.jpg","type":"image\/jpeg"}],"twitter_card":"summary_large_image","twitter_misc":{"Dur\u00e9e de lecture estim\u00e9e":"3 minutes"},"schema":{"@context":"https:\/\/schema.org","@graph":[{"@type":"WebPage","@id":"https:\/\/510premiumcarts.com\/index.php\/product\/acheter-bubble-hash\/","url":"https:\/\/510premiumcarts.com\/index.php\/product\/acheter-bubble-hash\/","name":"Acheter Bubble Hash - 510 Premium Carts casserole de petit-d\u00e9jeuner avec des pommes de terre rissol\u00e9es","isPartOf":{"@id":"https:\/\/510premiumcarts.com\/#website"},"primaryImageOfPage":{"@id":"https:\/\/510premiumcarts.com\/index.php\/product\/acheter-bubble-hash\/#primaryimage"},"image":{"@id":"https:\/\/510premiumcarts.com\/index.php\/product\/acheter-bubble-hash\/#primaryimage"},"thumbnailUrl":"https:\/\/510premiumcarts.com\/wp-content\/uploads\/2023\/03\/Goldbar420_CLA_01-scaled-1.jpg","datePublished":"2023-03-07T12:17:06+00:00","dateModified":"2023-03-17T20:15:46+00:00","description":"Acheter Bubble Hash est un clone de haschisch. Nous n'utilisons que des mat\u00e9riaux naturels de qualit\u00e9 alimentaire. \u00c7a ressemble \u00e0 du hasch, \u00e7a ressemble \u00e0 du hasch, \u00e7a sent le chanvre et \u00e7a a un tr\u00e8s bon go\u00fbt","breadcrumb":{"@id":"https:\/\/510premiumcarts.com\/index.php\/product\/acheter-bubble-hash\/#breadcrumb"},"inLanguage":"fr-FR","potentialAction":[{"@type":"ReadAction","target":["https:\/\/510premiumcarts.com\/index.php\/product\/acheter-bubble-hash\/"]}]},{"@type":"ImageObject","inLanguage":"fr-FR","@id":"https:\/\/510premiumcarts.com\/index.php\/product\/acheter-bubble-hash\/#primaryimage","url":"https:\/\/510premiumcarts.com\/wp-content\/uploads\/2023\/03\/Goldbar420_CLA_01-scaled-1.jpg","contentUrl":"https:\/\/510premiumcarts.com\/wp-content\/uploads\/2023\/03\/Goldbar420_CLA_01-scaled-1.jpg","width":2048,"height":2048,"caption":"BUY BUBBLE HASH ONLINE"},{"@type":"BreadcrumbList","@id":"https:\/\/510premiumcarts.com\/index.php\/product\/acheter-bubble-hash\/#breadcrumb","itemListElement":[{"@type":"ListItem","position":1,"name":"Home","item":"https:\/\/510premiumcarts.com\/"},{"@type":"ListItem","position":2,"name":"Marques de vapotage","item":"https:\/\/510premiumcarts.com\/index.php\/acheter-du-cannabis\/"},{"@type":"ListItem","position":3,"name":"Bubble Hash"}]},{"@type":"WebSite","@id":"https:\/\/510premiumcarts.com\/#website","url":"https:\/\/510premiumcarts.com\/","name":"510 Premium Carts","description":"Just another WordPress site","potentialAction":[{"@type":"SearchAction","target":{"@type":"EntryPoint","urlTemplate":"https:\/\/510premiumcarts.com\/?s={search_term_string}"},"query-input":{"@type":"PropertyValueSpecification","valueRequired":true,"valueName":"search_term_string"}}],"inLanguage":"fr-FR"}]}},"jetpack_sharing_enabled":true,"_links":{"self":[{"href":"https:\/\/510premiumcarts.com\/index.php\/wp-json\/wp\/v2\/product\/1770","targetHints":{"allow":["GET"]}}],"collection":[{"href":"https:\/\/510premiumcarts.com\/index.php\/wp-json\/wp\/v2\/product"}],"about":[{"href":"https:\/\/510premiumcarts.com\/index.php\/wp-json\/wp\/v2\/types\/product"}],"replies":[{"embeddable":true,"href":"https:\/\/510premiumcarts.com\/index.php\/wp-json\/wp\/v2\/comments?post=1770"}],"wp:featuredmedia":[{"embeddable":true,"href":"https:\/\/510premiumcarts.com\/index.php\/wp-json\/wp\/v2\/media\/1775"}],"wp:attachment":[{"href":"https:\/\/510premiumcarts.com\/index.php\/wp-json\/wp\/v2\/media?parent=1770"}],"wp:term":[{"taxonomy":"product_brand","embeddable":true,"href":"https:\/\/510premiumcarts.com\/index.php\/wp-json\/wp\/v2\/product_brand?post=1770"},{"taxonomy":"product_cat","embeddable":true,"href":"https:\/\/510premiumcarts.com\/index.php\/wp-json\/wp\/v2\/product_cat?post=1770"},{"taxonomy":"product_tag","embeddable":true,"href":"https:\/\/510premiumcarts.com\/index.php\/wp-json\/wp\/v2\/product_tag?post=1770"}],"curies":[{"name":"wp","href":"https:\/\/api.w.org\/{rel}","templated":true}]}}