{"id":1779,"date":"2023-03-07T12:58:03","date_gmt":"2023-03-07T12:58:03","guid":{"rendered":"https:\/\/510premiumcarts.com\/?post_type=product&#038;p=1779"},"modified":"2023-03-18T09:10:16","modified_gmt":"2023-03-18T09:10:16","slug":"super-lemon-haze-huile-de-cannabis","status":"publish","type":"product","link":"https:\/\/510premiumcarts.com\/index.php\/product\/super-lemon-haze-huile-de-cannabis\/","title":{"rendered":"Super Lemon Haze Huile de Cannabis"},"content":{"rendered":"<h1><a href=\"https:\/\/510premiumcarts.com\/index.php\/product-category\/marijuana-strains\/buy-cbd-oil\/\"><span style=\"color: #ffcc00;\">SUPER LEMON HAZE HUILE De Cannabis<\/span><\/a><\/h1>\n<p>super lemon <a href=\"https:\/\/ogdispensary.org\/product\/gelato-weed-buy-gelato-califonia\/\">haze<\/a> huile de cannabis Gagner le premier prix pendant deux ann\u00e9es cons\u00e9cutives (2008 et 2009) \u00e0 la High Times Cannabis Cup et remporter le premier prix l&rsquo;ann\u00e9e <a href=\"https:\/\/www.leafly.com\/strains\/super-silver-haze\">suivante<\/a> \u00e0 la IC420 Growers Cup,\u00a0<a href=\"https:\/\/ogdispensary.org\/product\/mario-vape-cartridges\/\">Super<\/a> Lemon Haze\u00a0devient rapidement une vari\u00e9t\u00e9 hautement reconnaissable.<\/p>\n<div class=\"src__Box-sc-1sbtrzs-0 styled-components__PDPDescriptionWrapper-sc-1y13xv8-1 iPNBXQ\" data-test-id=\"product-description-wrapper\">\n<div class=\"src__Box-sc-1sbtrzs-0 styled-components__ContentWrapper-sc-1y13xv8-0 cNTLBU\">\n<div class=\"src__Box-sc-1sbtrzs-0 src__Flex-sc-1sbtrzs-1 bunrQi\">\n<div class=\"src__Box-sc-1sbtrzs-0 kCZnTr\">\n<div class=\"src__Box-sc-1sbtrzs-0 styled-components__ProductInformationWrapper-sc-1y13xv8-3 hvUuZq\">\n<div class=\"styled-components__BrandProductDescription-sc-1y13xv8-7 cyRkgw\">\n<div data-test-id=\"full-description\">\n<p>Select Elite \u00e9l\u00e8ve votre plaisir de <a href=\"https:\/\/www.leafly.com\/strains\/lemon-skunk\">cannabis<\/a> \u00e0 un niveau sup\u00e9rieur avec un distillat luxuriant infus\u00e9 de terp\u00e8nes dans nos cartouches prim\u00e9es. Ce produit haut de gamme contient un puissant punch de saveur et de puissance avec notre plus haute concentration de THC activ\u00e9 disponible. Disponible en options Indica, Hybride et Sativa.<\/p>\n<\/div>\n<\/div>\n<\/div>\n<\/div>\n<\/div>\n<\/div>\n<\/div>\n<div class=\"top-nav__TopNavWrapper-sc-5mfvrd-2 hhmbZN\">\n<div class=\"tabs-wrapper top-nav__HeaderTabs-sc-5mfvrd-0 gvoutg sc-jzJRlG bvqAOO\">\n<div class=\"tab-wrapper selected-tab top-nav__GlobalHeaderTab-sc-5mfvrd-1 kAUwef sc-VigVT izQnwi\" data-test-id=\"global-header-tab\">\n<div class=\"nav-links\" data-test-id=\"tab-nav-click-wrapper-retailers\">Un hybride \u00e0 dominance sativa de Lemon Skunk et de Super Silver Haze et \u00e9galement deux fois vainqueur de la Cannabis Cup de Green House Seeds. Super Lemon Haze\u00a0est une merveille multicolore recouverte de kief. Comme son nom l&rsquo;indique, cette vari\u00e9t\u00e9 a de vraies caract\u00e9ristiques citronn\u00e9es. L&rsquo;odeur est piquante, citronn\u00e9e et un peu sucr\u00e9e. Quant au go\u00fbt<\/div>\n<div class=\"nav-links\" data-test-id=\"tab-nav-click-wrapper-retailers\">,<\/div>\n<div class=\"nav-links\" data-test-id=\"tab-nav-click-wrapper-retailers\">c&rsquo;est\u00a0tout\u00a0ce que l&rsquo;on peut attendre de l&rsquo;homonyme\u00a0; acidul\u00e9 et sucr\u00e9 comme\u00a0des\u00a0bonbons \u00e0 la citron\u00a0&#8211;\u00a0pas tout \u00e0 fait aussi pointu qu&rsquo;on pourrait s&rsquo;y attendre. Les effets sont uniquement \u00e9nerg\u00e9tiques et vifs, ce n&rsquo;est peut-\u00eatre pas la meilleure vari\u00e9t\u00e9 pour ceux d&rsquo;entre nous qui sont naturellement tendus.<\/div>\n<div data-test-id=\"tab-nav-click-wrapper-retailers\"><\/div>\n<\/div>\n<h2 data-test-id=\"tab-nav-click-wrapper-retailers\"><span id=\"BENEFITS_OF_OUR_SUPER_LEMON_HAZE_OIL\" class=\"ez-toc-section\"><\/span>B\u00c9N\u00c9FICES DE NOTRE SUPER LEMON HAZE HUILE<\/h2>\n<p>\u00c9nergique, Heureux, \u00c9lev\u00e9<\/p>\n<ul>\n<li>Type : huile de cannabis comestible<\/li>\n<li>G\u00e9n\u00e9tique : Lemon Skunk et Super Silver Haze<\/li>\n<li>THC : 26,3 mg\/ml, CBD : 0,5 mg\/ml<\/li>\n<li>Ar\u00f4me : Piquant, citronn\u00e9 et un peu sucr\u00e9.<\/li>\n<li>Effets : excitation, cr\u00e9ativit\u00e9, \u00e9nergie, <a href=\"https:\/\/ogdispensary.org\/product\/purple-haze-kush-purple-haze-strain\/\">euphorie<\/a> et huile de cannabis super citronn\u00e9e<\/li>\n<li>Gu\u00e9rit : la d\u00e9pression, la fatigue, l&rsquo;anxi\u00e9t\u00e9, les naus\u00e9es et la douleur chronique<\/li>\n<li>Dur\u00e9e \u00e9lev\u00e9e : environ 3 heures<\/li>\n<\/ul>\n<\/div>\n<\/div>\n<h3><span id=\"OUR_PRODUCT_QUALITY\" class=\"ez-toc-section\"><\/span>NOTRE QUALIT\u00c9 DE <a href=\"https:\/\/ogdispensary.org\/product\/gorilla-glue2-what-strain-is-gorilla-glue\/\">PRODUITS<\/a><\/h3>\n<p>Dans sa vraie forme, Super Lemon Haze est un hybride \u00e0 dominante Sativa cr\u00e9\u00e9 par Arjan de Green House Seeds. L&rsquo;\u00e9leveur a commenc\u00e9 avec une femelle de sa g\u00e9n\u00e9tique inf\u00e2me Super Silver Haze &#8211; qui a remport\u00e9 trois coupes de cannabis cons\u00e9cutives en 1997, 1998 et 1999 &#8211; et l&rsquo;a soigneusement \u00e9lev\u00e9e avec un croisement \u00e0 3 voies de Haze, Skunk #1 et Northern Lights #5.<\/p>\n<p>Arjan a ensuite crois\u00e9 ce sous-produit avec la plus populaire Lemon Skunk &#8211; une vari\u00e9t\u00e9 qui a fait son chemin de Las Vegas \u00e0 Amsterdam par le biais d&rsquo;un s\u00e9lectionneur nomm\u00e9 The Lemon Man &#8211; pour obtenir la Super Lemon Haze que vous voyez aujourd&rsquo;hui dans les dispensaires de la c\u00f4te ouest. . parce que<\/p>\n<h2><span id=\"cannabis_oil\" class=\"ez-toc-section\"><\/span>huile de cannabis<\/h2>\n<p>La g\u00e9n\u00e9tique de Super Lemon Haze combine le sucr\u00e9 et l&rsquo;acidul\u00e9,<\/p>\n<p>des go\u00fbts citronn\u00e9s (en partie dus au terp\u00e8ne Limon\u00e8ne) et des ar\u00f4mes qui donnent un high doux qui commence dans le corps mais se r\u00e9pand rapidement dans l&rsquo;esprit. Le taux de THC de cette vari\u00e9t\u00e9 peut atteindre 25\u00a0%,<\/p>\n<p>ce qui peut conduire \u00e0 la parano\u00efa et \u00e0 l&rsquo;anxi\u00e9t\u00e9 lorsqu&rsquo;il est consomm\u00e9 en plus grande quantit\u00e9 par des fumeurs d\u00e9butants. parce que<\/p>\n<p>\u00c9nergique et social, cet hybride peut \u00eatre un excellent m\u00e9dicament de jour pour \u00e9liminer la fatigue, l&rsquo;anxi\u00e9t\u00e9 et le stress. Les propri\u00e9t\u00e9s d&rsquo;am\u00e9lioration de l&rsquo;humeur de Super Lemon Haze peuvent \u00e9galement aider \u00e0 r\u00e9guler les troubles de l&rsquo;humeur, tels que la d\u00e9pression chronique, le SSPT et\/ou l&rsquo;anxi\u00e9t\u00e9. Cette souche peut aider les patients souffrant de douleurs mineures, de naus\u00e9es et de perte d&rsquo;app\u00e9tit. Cela peut \u00e9galement aider les patients \u00e0 surmonter le TDA \/ TDAH et les migraines.<\/p>\n","protected":false},"excerpt":{"rendered":"<ul>\n<li>Type : huile de cannabis comestible<\/li>\n<li>G\u00e9n\u00e9tique : Lemon Skunk et Super Silver Haze<\/li>\n<li>THC : 26,3 mg\/ml, CBD : 0,5 mg\/ml<\/li>\n<li>Ar\u00f4me : Piquant, citronn\u00e9 et un peu sucr\u00e9.<\/li>\n<li>Effets : excitation, cr\u00e9ativit\u00e9, \u00e9nergie, <a href=\"https:\/\/ogdispensary.org\/product\/purple-haze-kush-purple-haze-strain\/\">euphorie<\/a> et huile de cannabis super citronn\u00e9e<\/li>\n<li>Gu\u00e9rit : la d\u00e9pression, la fatigue, l&rsquo;anxi\u00e9t\u00e9, les naus\u00e9es et la douleur chronique<\/li>\n<li>Dur\u00e9e \u00e9lev\u00e9e : environ 3 heures<\/li>\n<\/ul>\n","protected":false},"featured_media":1780,"comment_status":"open","ping_status":"closed","template":"","meta":{"_monsterinsights_skip_tracking":false,"_monsterinsights_sitenote_active":false,"_monsterinsights_sitenote_note":"","_monsterinsights_sitenote_category":0},"product_brand":[],"product_cat":[4991],"product_tag":[2523,2483,2518,2620,2531,2613,2574,2566,2605,2609,2576,2521,2527,2615,2529,2610,2581,2557,2482,2619,2491,2667,2572,2662,2571,2630,2665,2485,2608,2530,2520,2532,2486,2628,2627,2489,2612,2488,2579,2558,2524,2661,2487,2495,2622,2664,2564,2567,2494,2629,2614,2570,2624,2569,2490,2621,2582,2573,2617,2575,2663,2492,2618,2493,2522,2534,2526,2519,2625,2568,2578,2606,2538,2660,2607,2562,2537,2561,2560,2533,2525,2556,2536,2577,2631,2580,2496,2563,2565,4992,2535,2623,2484,2528,2559,2616,2497,2666,2611],"class_list":{"0":"post-1779","1":"product","2":"type-product","3":"status-publish","4":"has-post-thumbnail","6":"product_cat-acheter-cbd-oil","7":"product_tag-benefits-of-cbd-oil","8":"product_tag-best-cbd-oil","9":"product_tag-best-cbd-oil-dailycbd-com","10":"product_tag-best-cbd-oil-for-anxiety","11":"product_tag-best-cbd-oil-for-dogs","12":"product_tag-best-cbd-oil-for-dogs-gold-bee","13":"product_tag-best-cbd-oil-for-dogs-with-arthritis","14":"product_tag-best-cbd-oil-for-dogs-with-arthritis-dailycbd-com","15":"product_tag-best-cbd-oil-for-dogs-with-arthritis-gold-bee","16":"product_tag-best-cbd-oil-for-pain","17":"product_tag-best-cbd-oil-for-pain-2021","18":"product_tag-best-cbd-oil-gold-bee","19":"product_tag-best-cbd-oil-nordic-oil","20":"product_tag-broad-spectrum-cbd-oil","21":"product_tag-buy-cbd-oil","22":"product_tag-buy-cbd-oil-nordic-oil","23":"product_tag-cannagenix-cbd-oil","24":"product_tag-cannaverda-cbd-oil","25":"product_tag-cbd-oil","26":"product_tag-cbd-oil-amazon","27":"product_tag-cbd-oil-benefits","28":"product_tag-cbd-oil-capsules","29":"product_tag-cbd-oil-dogs","30":"product_tag-cbd-oil-dosage","31":"product_tag-cbd-oil-dosage-calculator","32":"product_tag-cbd-oil-drops","33":"product_tag-cbd-oil-drug-test","34":"product_tag-cbd-oil-for-anxiety","35":"product_tag-cbd-oil-for-anxiety-royal-cbd","36":"product_tag-cbd-oil-for-arthritis","37":"product_tag-cbd-oil-for-cat","38":"product_tag-cbd-oil-for-cats","39":"product_tag-cbd-oil-for-dogs","40":"product_tag-cbd-oil-for-dogs-amazon","41":"product_tag-cbd-oil-for-dogs-dose-calculator","42":"product_tag-cbd-oil-for-pain","43":"product_tag-cbd-oil-for-pets","44":"product_tag-cbd-oil-for-sale","45":"product_tag-cbd-oil-for-sex","46":"product_tag-cbd-oil-for-sleep","47":"product_tag-cbd-oil-gold-bee","48":"product_tag-cbd-oil-native-nutrition","49":"product_tag-cbd-oil-near-me","50":"product_tag-cbd-oil-nordic-oil","51":"product_tag-cbd-oil-online","52":"product_tag-cbd-oil-price","53":"product_tag-cbd-oil-reviews","54":"product_tag-cbd-oil-reviews-nordic-oil","55":"product_tag-cbd-oil-side-effects","56":"product_tag-cbd-oil-side-effects-on-kidneys","57":"product_tag-cbd-oil-uses","58":"product_tag-cbd-oil-vape","59":"product_tag-cbd-oil-vs-hemp-oil","60":"product_tag-cbd-oil-with-thc","61":"product_tag-charlottes-web-cbd-oil","62":"product_tag-dangers-of-cbd-oil-for-anxiety","63":"product_tag-does-cbd-oil-expire","64":"product_tag-does-cbd-oil-get-you-high","65":"product_tag-does-cbd-oil-work","66":"product_tag-dog-cbd-oil","67":"product_tag-ellevet-cbd-oil","68":"product_tag-full-spectrum-cbd-oil","69":"product_tag-full-spectrum-cbd-oil-1000mg","70":"product_tag-gold-bee-best-cbd-oil","71":"product_tag-gold-bee-buy-cbd-oil","72":"product_tag-gold-bee-cbd-oil","73":"product_tag-gold-bee-cbd-oil-for-sale","74":"product_tag-gold-bee-cbd-oil-near-me","75":"product_tag-green-canyon-cbd-oil","76":"product_tag-hemp-oil-vs-cbd-oil","77":"product_tag-honest-paws-cbd-oil","78":"product_tag-how-does-cbd-oil-make-you-feel","79":"product_tag-how-long-does-cbd-oil-take-to-work-for-anxiety","80":"product_tag-how-much-cbd-oil-should-i-give-my-dog-for-anxiety","81":"product_tag-how-much-cbd-oil-should-i-take-for-pain","82":"product_tag-how-to-make-cbd-oil","83":"product_tag-how-to-take-cbd-oil","84":"product_tag-how-to-use-cbd-oil","85":"product_tag-how-to-use-cbd-oil-for-anxiety","86":"product_tag-how-to-use-cbd-oil-for-erectile-dysfunction","87":"product_tag-how-to-use-cbd-oil-for-pain","88":"product_tag-is-cbd-oil-legal","89":"product_tag-is-hemp-oil-the-same-as-cbd-oil","90":"product_tag-medterra-cbd-oil","91":"product_tag-nuleaf-cbd-oil","92":"product_tag-organic-cbd-oil","93":"product_tag-pure-cbd-oil","94":"product_tag-pure-cbd-oil-nordic-oil","95":"product_tag-side-effects-of-cbd-oil","96":"product_tag-super-lemon-haze-cannabis-oil","97":"product_tag-thc-cbd-oil","98":"product_tag-what-does-cbd-oil-do","99":"product_tag-what-is-cbd-oil","100":"product_tag-what-is-cbd-oil-good-for","101":"product_tag-where-can-i-buy-cbd-oil","102":"product_tag-where-can-i-buy-cbd-oil-near-me","103":"product_tag-where-to-buy-cbd-oil","104":"product_tag-where-to-buy-cbd-oil-for-dogs","105":"product_tag-will-cbd-oil-show-up-on-a-drug-test","107":"first","108":"instock","109":"shipping-taxable","110":"purchasable","111":"product-type-simple"},"yoast_head":"<!-- This site is optimized with the Yoast SEO plugin v27.3 - https:\/\/yoast.com\/product\/yoast-seo-wordpress\/ -->\n<title>Super Lemon Haze Huile de Cannabis - 510 Premium Carts Online<\/title>\n<meta name=\"description\" content=\"Super Lemon Haze Huile de Cannabis Gagner le premier prix pendant deux ann\u00e9es cons\u00e9cutives (2008 et 2009) \u00e0 la High Times Cannabis Cup et remporter le premier prix suivant\" \/>\n<meta name=\"robots\" content=\"index, follow, max-snippet:-1, max-image-preview:large, max-video-preview:-1\" \/>\n<link rel=\"canonical\" href=\"https:\/\/510premiumcarts.com\/index.php\/product\/super-lemon-haze-huile-de-cannabis\/\" \/>\n<meta property=\"og:locale\" content=\"fr_FR\" \/>\n<meta property=\"og:type\" content=\"article\" \/>\n<meta property=\"og:title\" content=\"Super Lemon Haze Huile de Cannabis - 510 Premium Carts Online\" \/>\n<meta property=\"og:description\" content=\"Super Lemon Haze Huile de Cannabis Gagner le premier prix pendant deux ann\u00e9es cons\u00e9cutives (2008 et 2009) \u00e0 la High Times Cannabis Cup et remporter le premier prix suivant\" \/>\n<meta property=\"og:url\" content=\"https:\/\/510premiumcarts.com\/index.php\/product\/super-lemon-haze-huile-de-cannabis\/\" \/>\n<meta property=\"og:site_name\" content=\"510 Premium Carts\" \/>\n<meta property=\"article:modified_time\" content=\"2023-03-18T09:10:16+00:00\" \/>\n<meta property=\"og:image\" content=\"http:\/\/510premiumcarts.com\/wp-content\/uploads\/2023\/03\/OrangeCountyCBDSuperLemon-500x500-1.webp\" \/>\n\t<meta property=\"og:image:width\" content=\"500\" \/>\n\t<meta property=\"og:image:height\" content=\"500\" \/>\n\t<meta property=\"og:image:type\" content=\"image\/webp\" \/>\n<meta name=\"twitter:card\" content=\"summary_large_image\" \/>\n<meta name=\"twitter:label1\" content=\"Dur\u00e9e de lecture estim\u00e9e\" \/>\n\t<meta name=\"twitter:data1\" content=\"3 minutes\" \/>\n<script type=\"application\/ld+json\" class=\"yoast-schema-graph\">{\"@context\":\"https:\\\/\\\/schema.org\",\"@graph\":[{\"@type\":\"WebPage\",\"@id\":\"https:\\\/\\\/510premiumcarts.com\\\/index.php\\\/product\\\/super-lemon-haze-huile-de-cannabis\\\/\",\"url\":\"https:\\\/\\\/510premiumcarts.com\\\/index.php\\\/product\\\/super-lemon-haze-huile-de-cannabis\\\/\",\"name\":\"Super Lemon Haze Huile de Cannabis - 510 Premium Carts Online\",\"isPartOf\":{\"@id\":\"https:\\\/\\\/510premiumcarts.com\\\/#website\"},\"primaryImageOfPage\":{\"@id\":\"https:\\\/\\\/510premiumcarts.com\\\/index.php\\\/product\\\/super-lemon-haze-huile-de-cannabis\\\/#primaryimage\"},\"image\":{\"@id\":\"https:\\\/\\\/510premiumcarts.com\\\/index.php\\\/product\\\/super-lemon-haze-huile-de-cannabis\\\/#primaryimage\"},\"thumbnailUrl\":\"https:\\\/\\\/510premiumcarts.com\\\/wp-content\\\/uploads\\\/2023\\\/03\\\/OrangeCountyCBDSuperLemon-500x500-1.webp\",\"datePublished\":\"2023-03-07T12:58:03+00:00\",\"dateModified\":\"2023-03-18T09:10:16+00:00\",\"description\":\"Super Lemon Haze Huile de Cannabis Gagner le premier prix pendant deux ann\u00e9es cons\u00e9cutives (2008 et 2009) \u00e0 la High Times Cannabis Cup et remporter le premier prix suivant\",\"breadcrumb\":{\"@id\":\"https:\\\/\\\/510premiumcarts.com\\\/index.php\\\/product\\\/super-lemon-haze-huile-de-cannabis\\\/#breadcrumb\"},\"inLanguage\":\"fr-FR\",\"potentialAction\":[{\"@type\":\"ReadAction\",\"target\":[\"https:\\\/\\\/510premiumcarts.com\\\/index.php\\\/product\\\/super-lemon-haze-huile-de-cannabis\\\/\"]}]},{\"@type\":\"ImageObject\",\"inLanguage\":\"fr-FR\",\"@id\":\"https:\\\/\\\/510premiumcarts.com\\\/index.php\\\/product\\\/super-lemon-haze-huile-de-cannabis\\\/#primaryimage\",\"url\":\"https:\\\/\\\/510premiumcarts.com\\\/wp-content\\\/uploads\\\/2023\\\/03\\\/OrangeCountyCBDSuperLemon-500x500-1.webp\",\"contentUrl\":\"https:\\\/\\\/510premiumcarts.com\\\/wp-content\\\/uploads\\\/2023\\\/03\\\/OrangeCountyCBDSuperLemon-500x500-1.webp\",\"width\":500,\"height\":500,\"caption\":\"Super Lemon Haze Cannabis Oil\"},{\"@type\":\"BreadcrumbList\",\"@id\":\"https:\\\/\\\/510premiumcarts.com\\\/index.php\\\/product\\\/super-lemon-haze-huile-de-cannabis\\\/#breadcrumb\",\"itemListElement\":[{\"@type\":\"ListItem\",\"position\":1,\"name\":\"Home\",\"item\":\"https:\\\/\\\/510premiumcarts.com\\\/\"},{\"@type\":\"ListItem\",\"position\":2,\"name\":\"Marques de vapotage\",\"item\":\"https:\\\/\\\/510premiumcarts.com\\\/index.php\\\/acheter-du-cannabis\\\/\"},{\"@type\":\"ListItem\",\"position\":3,\"name\":\"Super Lemon Haze Huile de Cannabis\"}]},{\"@type\":\"WebSite\",\"@id\":\"https:\\\/\\\/510premiumcarts.com\\\/#website\",\"url\":\"https:\\\/\\\/510premiumcarts.com\\\/\",\"name\":\"510 Premium Carts\",\"description\":\"Just another WordPress site\",\"potentialAction\":[{\"@type\":\"SearchAction\",\"target\":{\"@type\":\"EntryPoint\",\"urlTemplate\":\"https:\\\/\\\/510premiumcarts.com\\\/?s={search_term_string}\"},\"query-input\":{\"@type\":\"PropertyValueSpecification\",\"valueRequired\":true,\"valueName\":\"search_term_string\"}}],\"inLanguage\":\"fr-FR\"}]}<\/script>\n<!-- \/ Yoast SEO plugin. -->","yoast_head_json":{"title":"Super Lemon Haze Huile de Cannabis - 510 Premium Carts Online","description":"Super Lemon Haze Huile de Cannabis Gagner le premier prix pendant deux ann\u00e9es cons\u00e9cutives (2008 et 2009) \u00e0 la High Times Cannabis Cup et remporter le premier prix suivant","robots":{"index":"index","follow":"follow","max-snippet":"max-snippet:-1","max-image-preview":"max-image-preview:large","max-video-preview":"max-video-preview:-1"},"canonical":"https:\/\/510premiumcarts.com\/index.php\/product\/super-lemon-haze-huile-de-cannabis\/","og_locale":"fr_FR","og_type":"article","og_title":"Super Lemon Haze Huile de Cannabis - 510 Premium Carts Online","og_description":"Super Lemon Haze Huile de Cannabis Gagner le premier prix pendant deux ann\u00e9es cons\u00e9cutives (2008 et 2009) \u00e0 la High Times Cannabis Cup et remporter le premier prix suivant","og_url":"https:\/\/510premiumcarts.com\/index.php\/product\/super-lemon-haze-huile-de-cannabis\/","og_site_name":"510 Premium Carts","article_modified_time":"2023-03-18T09:10:16+00:00","og_image":[{"width":500,"height":500,"url":"http:\/\/510premiumcarts.com\/wp-content\/uploads\/2023\/03\/OrangeCountyCBDSuperLemon-500x500-1.webp","type":"image\/webp"}],"twitter_card":"summary_large_image","twitter_misc":{"Dur\u00e9e de lecture estim\u00e9e":"3 minutes"},"schema":{"@context":"https:\/\/schema.org","@graph":[{"@type":"WebPage","@id":"https:\/\/510premiumcarts.com\/index.php\/product\/super-lemon-haze-huile-de-cannabis\/","url":"https:\/\/510premiumcarts.com\/index.php\/product\/super-lemon-haze-huile-de-cannabis\/","name":"Super Lemon Haze Huile de Cannabis - 510 Premium Carts Online","isPartOf":{"@id":"https:\/\/510premiumcarts.com\/#website"},"primaryImageOfPage":{"@id":"https:\/\/510premiumcarts.com\/index.php\/product\/super-lemon-haze-huile-de-cannabis\/#primaryimage"},"image":{"@id":"https:\/\/510premiumcarts.com\/index.php\/product\/super-lemon-haze-huile-de-cannabis\/#primaryimage"},"thumbnailUrl":"https:\/\/510premiumcarts.com\/wp-content\/uploads\/2023\/03\/OrangeCountyCBDSuperLemon-500x500-1.webp","datePublished":"2023-03-07T12:58:03+00:00","dateModified":"2023-03-18T09:10:16+00:00","description":"Super Lemon Haze Huile de Cannabis Gagner le premier prix pendant deux ann\u00e9es cons\u00e9cutives (2008 et 2009) \u00e0 la High Times Cannabis Cup et remporter le premier prix suivant","breadcrumb":{"@id":"https:\/\/510premiumcarts.com\/index.php\/product\/super-lemon-haze-huile-de-cannabis\/#breadcrumb"},"inLanguage":"fr-FR","potentialAction":[{"@type":"ReadAction","target":["https:\/\/510premiumcarts.com\/index.php\/product\/super-lemon-haze-huile-de-cannabis\/"]}]},{"@type":"ImageObject","inLanguage":"fr-FR","@id":"https:\/\/510premiumcarts.com\/index.php\/product\/super-lemon-haze-huile-de-cannabis\/#primaryimage","url":"https:\/\/510premiumcarts.com\/wp-content\/uploads\/2023\/03\/OrangeCountyCBDSuperLemon-500x500-1.webp","contentUrl":"https:\/\/510premiumcarts.com\/wp-content\/uploads\/2023\/03\/OrangeCountyCBDSuperLemon-500x500-1.webp","width":500,"height":500,"caption":"Super Lemon Haze Cannabis Oil"},{"@type":"BreadcrumbList","@id":"https:\/\/510premiumcarts.com\/index.php\/product\/super-lemon-haze-huile-de-cannabis\/#breadcrumb","itemListElement":[{"@type":"ListItem","position":1,"name":"Home","item":"https:\/\/510premiumcarts.com\/"},{"@type":"ListItem","position":2,"name":"Marques de vapotage","item":"https:\/\/510premiumcarts.com\/index.php\/acheter-du-cannabis\/"},{"@type":"ListItem","position":3,"name":"Super Lemon Haze Huile de Cannabis"}]},{"@type":"WebSite","@id":"https:\/\/510premiumcarts.com\/#website","url":"https:\/\/510premiumcarts.com\/","name":"510 Premium Carts","description":"Just another WordPress site","potentialAction":[{"@type":"SearchAction","target":{"@type":"EntryPoint","urlTemplate":"https:\/\/510premiumcarts.com\/?s={search_term_string}"},"query-input":{"@type":"PropertyValueSpecification","valueRequired":true,"valueName":"search_term_string"}}],"inLanguage":"fr-FR"}]}},"jetpack_sharing_enabled":true,"_links":{"self":[{"href":"https:\/\/510premiumcarts.com\/index.php\/wp-json\/wp\/v2\/product\/1779","targetHints":{"allow":["GET"]}}],"collection":[{"href":"https:\/\/510premiumcarts.com\/index.php\/wp-json\/wp\/v2\/product"}],"about":[{"href":"https:\/\/510premiumcarts.com\/index.php\/wp-json\/wp\/v2\/types\/product"}],"replies":[{"embeddable":true,"href":"https:\/\/510premiumcarts.com\/index.php\/wp-json\/wp\/v2\/comments?post=1779"}],"wp:featuredmedia":[{"embeddable":true,"href":"https:\/\/510premiumcarts.com\/index.php\/wp-json\/wp\/v2\/media\/1780"}],"wp:attachment":[{"href":"https:\/\/510premiumcarts.com\/index.php\/wp-json\/wp\/v2\/media?parent=1779"}],"wp:term":[{"taxonomy":"product_brand","embeddable":true,"href":"https:\/\/510premiumcarts.com\/index.php\/wp-json\/wp\/v2\/product_brand?post=1779"},{"taxonomy":"product_cat","embeddable":true,"href":"https:\/\/510premiumcarts.com\/index.php\/wp-json\/wp\/v2\/product_cat?post=1779"},{"taxonomy":"product_tag","embeddable":true,"href":"https:\/\/510premiumcarts.com\/index.php\/wp-json\/wp\/v2\/product_tag?post=1779"}],"curies":[{"name":"wp","href":"https:\/\/api.w.org\/{rel}","templated":true}]}}