{"id":1783,"date":"2023-03-07T13:09:28","date_gmt":"2023-03-07T13:09:28","guid":{"rendered":"https:\/\/510premiumcarts.com\/?post_type=product&#038;p=1783"},"modified":"2023-03-18T09:19:04","modified_gmt":"2023-03-18T09:19:04","slug":"receptra-naturals-sante-et-bien-etre-30ml","status":"publish","type":"product","link":"https:\/\/510premiumcarts.com\/index.php\/product\/receptra-naturals-sante-et-bien-etre-30ml\/","title":{"rendered":"Receptra naturals sant\u00e9 et bien-\u00eatre 30ml"},"content":{"rendered":"<h1><a href=\"https:\/\/510premiumcarts.com\/index.php\/product-category\/marijuana-strains\/buy-cbd-oil\/\"><span style=\"color: #ffcc00;\">\u00c0 PROPOS DE L&rsquo;HUILE DE SANT\u00c9 ET DE BIEN-\u00caTRE AU CBD DE RECEPTRA NATURALS<\/span><\/a><\/h1>\n<p>receptra naturals cbd Offrez \u00e0 votre peau une <a href=\"https:\/\/buymarijuanameds.online\/product\/\">sant\u00e9<\/a> et un <a href=\"https:\/\/www.leafly.com\/products\/details\/receptra-naturals-health\">bien<\/a>-\u00eatre <a href=\"https:\/\/buymarijuanameds.online\/product\/\">naturels<\/a> avec le beurre corporel Receptra Naturals. L&rsquo;\u00e9clat et l&rsquo;\u00e9clat commencent par les cannabino\u00efdes, les antioxydants et les nutriments essentiels naturels dont votre peau a besoin. Stimulez la capacit\u00e9 naturelle du corps \u00e0 restaurer la <a href=\"https:\/\/www.leafly.com\/products\/details\/receptra-naturals-health\">jeunesse<\/a> et l&rsquo;apparence de votre peau avec le beurre corporel Receptra. Un contenant de beurre corporel Receptra contient plus de 400 mg de cannabino\u00efdes. <span style=\"color: #ffffff;\">receptra naturals health &amp; wellness 30ml<\/span><\/p>\n<h2>QUALIT\u00c9 DES PRODUITS DE <a href=\"https:\/\/buymarijuanameds.online\/product\/\">RECEPTRA<\/a> NATURALS <a href=\"https:\/\/www.leafly.com\/products\/details\/receptra-naturals-health\">CBD<\/a><\/h2>\n<p>La sant\u00e9 et le bien-\u00eatre commencent avec les huiles de CBD de chanvre pur receptra. Les huiles Receptra Naturals Health &amp; Wellness Pure Hemp CBD sont id\u00e9ales pour ceux qui d\u00e9couvrent le CBD et aussi pour ceux qui en d\u00e9pendent pour des besoins avanc\u00e9s en mati\u00e8re de sant\u00e9 et de bien-\u00eatre. Plus est la deuxi\u00e8me des 2 concentrations de la gamme Health &amp; Wellness. Plus contient 20 mg d&rsquo;huile de chanvre\u00a0CBD par compte-gouttes.<\/p>\n<h3>CE QU&rsquo;IL FAUT SAVOIR <a href=\"https:\/\/buymarijuanameds.online\/product\/\">SUR<\/a> RECEPTRA<\/h3>\n<p>Receptra propose des extraits de chanvre pur, biologiques et de plantes enti\u00e8res de qualit\u00e9 sup\u00e9rieure \u00e0 vendre dans les 50\u00a0\u00c9tats. Provenant de nos fermes familiales du Colorado. Nous utilisons des extraits floraux de plantes enti\u00e8res pour cr\u00e9er 2 gammes de produits uniques\u00a0: la sant\u00e9 et le bien-\u00eatre commencent par les huiles de chanvre pur Receptra. Disponibles en 2 concentrations, Prime &amp; Plus, les huiles Health and Wellness Pure Hemp CBD sont id\u00e9ales pour ceux qui d\u00e9couvrent le CBD et aussi ceux qui en d\u00e9pendent pour des besoins avanc\u00e9s en mati\u00e8re de sant\u00e9 et de bien-\u00eatre. Des performances mentales et physiques optimales commencent avec les huiles de CBD de chanvre Active Lifestyle de Receptra\u00a0Naturals.<\/p>\n<p>Un m\u00e9lange exclusif d&rsquo;ingr\u00e9dients enti\u00e8rement naturels am\u00e9liorant la performance et la r\u00e9cup\u00e9ration vous gardera sous tension et concentr\u00e9 tout au long de la journ\u00e9e. Disponible en 3 concentrations, Active, Elite et Pro, il existe une option pour tout style de vie actif. De plus, nous proposons deux produits topiques : Le beurre corporel Receptra Naturals ajoute de l&rsquo;\u00e9clat et de l&rsquo;\u00e9clat \u00e0 la peau en utilisant des cannabino\u00efdes, des antioxydants et des nutriments essentiels naturels dont votre peau a besoin. Laissez notre Butter Butter vous aider \u00e0 rayonner.<\/p>\n<p>Ainsi tout en prot\u00e9geant et nourrissant votre peau ! Attaquez les irritations musculaires et articulaires avec Receptra Targeted Topical. Les modes de vie physiquement exigeants soumettent notre corps \u00e0 un stress qui peut limiter les performances \u00e0 toutes les \u00e9tapes de l&rsquo;exercice. Notre topique cibl\u00e9 aidera vos muscles et vos articulations \u00e0 rester pr\u00eats \u00e0 l&rsquo;action\u00a0! Les produits \u00e0 base d&rsquo;huile de chanvre CBD de\u00a0Receptra\u00a0Naturals vous offrent les options de plantes enti\u00e8res les plus pures du march\u00e9.<\/p>\n","protected":false},"excerpt":{"rendered":"<p>Offrez \u00e0 votre peau une sant\u00e9 et un bien-\u00eatre naturels avec le beurre corporel Receptra Naturals. L&rsquo;\u00e9clat et l&rsquo;\u00e9clat commencent par les cannabino\u00efdes, les antioxydants et les nutriments essentiels naturels dont votre peau a besoin. Stimulez la capacit\u00e9 naturelle du corps \u00e0 restaurer la jeunesse et l&rsquo;apparence de votre peau avec le beurre corporel Receptra. Un contenant de beurre corporel Receptra contient plus de 400 mg de cannabino\u00efdes.<\/p>\n","protected":false},"featured_media":1784,"comment_status":"open","ping_status":"closed","template":"","meta":{"_monsterinsights_skip_tracking":false,"_monsterinsights_sitenote_active":false,"_monsterinsights_sitenote_note":"","_monsterinsights_sitenote_category":0},"product_brand":[],"product_cat":[4991],"product_tag":[2523,2483,2518,2620,2531,2613,2574,2566,2605,2609,2576,2521,2527,2615,2529,2610,2581,2557,2482,2619,2491,2667,2572,2662,2571,2630,2665,2485,2608,2530,2520,2532,2486,2628,2627,2489,2612,2488,2579,2558,2524,2661,2487,2495,2622,2664,2564,2567,2494,2629,2614,2570,2624,2569,2490,2621,2582,2573,2617,2575,2663,2492,2618,2493,2522,2534,2526,2519,2625,2568,2578,2606,2538,2660,2607,2562,2537,2561,2560,2533,2525,2556,2536,2577,2631,2580,2496,2563,4993,2565,2535,2623,2484,2528,2559,2616,2497,2666,2611],"class_list":{"0":"post-1783","1":"product","2":"type-product","3":"status-publish","4":"has-post-thumbnail","6":"product_cat-acheter-cbd-oil","7":"product_tag-benefits-of-cbd-oil","8":"product_tag-best-cbd-oil","9":"product_tag-best-cbd-oil-dailycbd-com","10":"product_tag-best-cbd-oil-for-anxiety","11":"product_tag-best-cbd-oil-for-dogs","12":"product_tag-best-cbd-oil-for-dogs-gold-bee","13":"product_tag-best-cbd-oil-for-dogs-with-arthritis","14":"product_tag-best-cbd-oil-for-dogs-with-arthritis-dailycbd-com","15":"product_tag-best-cbd-oil-for-dogs-with-arthritis-gold-bee","16":"product_tag-best-cbd-oil-for-pain","17":"product_tag-best-cbd-oil-for-pain-2021","18":"product_tag-best-cbd-oil-gold-bee","19":"product_tag-best-cbd-oil-nordic-oil","20":"product_tag-broad-spectrum-cbd-oil","21":"product_tag-buy-cbd-oil","22":"product_tag-buy-cbd-oil-nordic-oil","23":"product_tag-cannagenix-cbd-oil","24":"product_tag-cannaverda-cbd-oil","25":"product_tag-cbd-oil","26":"product_tag-cbd-oil-amazon","27":"product_tag-cbd-oil-benefits","28":"product_tag-cbd-oil-capsules","29":"product_tag-cbd-oil-dogs","30":"product_tag-cbd-oil-dosage","31":"product_tag-cbd-oil-dosage-calculator","32":"product_tag-cbd-oil-drops","33":"product_tag-cbd-oil-drug-test","34":"product_tag-cbd-oil-for-anxiety","35":"product_tag-cbd-oil-for-anxiety-royal-cbd","36":"product_tag-cbd-oil-for-arthritis","37":"product_tag-cbd-oil-for-cat","38":"product_tag-cbd-oil-for-cats","39":"product_tag-cbd-oil-for-dogs","40":"product_tag-cbd-oil-for-dogs-amazon","41":"product_tag-cbd-oil-for-dogs-dose-calculator","42":"product_tag-cbd-oil-for-pain","43":"product_tag-cbd-oil-for-pets","44":"product_tag-cbd-oil-for-sale","45":"product_tag-cbd-oil-for-sex","46":"product_tag-cbd-oil-for-sleep","47":"product_tag-cbd-oil-gold-bee","48":"product_tag-cbd-oil-native-nutrition","49":"product_tag-cbd-oil-near-me","50":"product_tag-cbd-oil-nordic-oil","51":"product_tag-cbd-oil-online","52":"product_tag-cbd-oil-price","53":"product_tag-cbd-oil-reviews","54":"product_tag-cbd-oil-reviews-nordic-oil","55":"product_tag-cbd-oil-side-effects","56":"product_tag-cbd-oil-side-effects-on-kidneys","57":"product_tag-cbd-oil-uses","58":"product_tag-cbd-oil-vape","59":"product_tag-cbd-oil-vs-hemp-oil","60":"product_tag-cbd-oil-with-thc","61":"product_tag-charlottes-web-cbd-oil","62":"product_tag-dangers-of-cbd-oil-for-anxiety","63":"product_tag-does-cbd-oil-expire","64":"product_tag-does-cbd-oil-get-you-high","65":"product_tag-does-cbd-oil-work","66":"product_tag-dog-cbd-oil","67":"product_tag-ellevet-cbd-oil","68":"product_tag-full-spectrum-cbd-oil","69":"product_tag-full-spectrum-cbd-oil-1000mg","70":"product_tag-gold-bee-best-cbd-oil","71":"product_tag-gold-bee-buy-cbd-oil","72":"product_tag-gold-bee-cbd-oil","73":"product_tag-gold-bee-cbd-oil-for-sale","74":"product_tag-gold-bee-cbd-oil-near-me","75":"product_tag-green-canyon-cbd-oil","76":"product_tag-hemp-oil-vs-cbd-oil","77":"product_tag-honest-paws-cbd-oil","78":"product_tag-how-does-cbd-oil-make-you-feel","79":"product_tag-how-long-does-cbd-oil-take-to-work-for-anxiety","80":"product_tag-how-much-cbd-oil-should-i-give-my-dog-for-anxiety","81":"product_tag-how-much-cbd-oil-should-i-take-for-pain","82":"product_tag-how-to-make-cbd-oil","83":"product_tag-how-to-take-cbd-oil","84":"product_tag-how-to-use-cbd-oil","85":"product_tag-how-to-use-cbd-oil-for-anxiety","86":"product_tag-how-to-use-cbd-oil-for-erectile-dysfunction","87":"product_tag-how-to-use-cbd-oil-for-pain","88":"product_tag-is-cbd-oil-legal","89":"product_tag-is-hemp-oil-the-same-as-cbd-oil","90":"product_tag-medterra-cbd-oil","91":"product_tag-nuleaf-cbd-oil","92":"product_tag-organic-cbd-oil","93":"product_tag-pure-cbd-oil","94":"product_tag-pure-cbd-oil-nordic-oil","95":"product_tag-receptra-naturals-health-wellness-30ml","96":"product_tag-side-effects-of-cbd-oil","97":"product_tag-thc-cbd-oil","98":"product_tag-what-does-cbd-oil-do","99":"product_tag-what-is-cbd-oil","100":"product_tag-what-is-cbd-oil-good-for","101":"product_tag-where-can-i-buy-cbd-oil","102":"product_tag-where-can-i-buy-cbd-oil-near-me","103":"product_tag-where-to-buy-cbd-oil","104":"product_tag-where-to-buy-cbd-oil-for-dogs","105":"product_tag-will-cbd-oil-show-up-on-a-drug-test","107":"first","108":"instock","109":"shipping-taxable","110":"purchasable","111":"product-type-simple"},"yoast_head":"<!-- This site is optimized with the Yoast SEO plugin v27.3 - https:\/\/yoast.com\/product\/yoast-seo-wordpress\/ -->\n<title>Receptra naturals sant\u00e9 et bien-\u00eatre 30ml - 510 Premium Carts<\/title>\n<meta name=\"description\" content=\"receptra naturals sant\u00e9 et bien-\u00eatre 30ml votre peau \u00e0 la sant\u00e9 et au bien-\u00eatre naturels avec\u00a0Receptra\u00a0Naturals Body Butter. L&#039;\u00e9clat et l&#039;\u00e9clat commencent naturellement\" \/>\n<meta name=\"robots\" content=\"index, follow, max-snippet:-1, max-image-preview:large, max-video-preview:-1\" \/>\n<link rel=\"canonical\" href=\"https:\/\/510premiumcarts.com\/index.php\/product\/receptra-naturals-sante-et-bien-etre-30ml\/\" \/>\n<meta property=\"og:locale\" content=\"fr_FR\" \/>\n<meta property=\"og:type\" content=\"article\" \/>\n<meta property=\"og:title\" content=\"Receptra naturals sant\u00e9 et bien-\u00eatre 30ml - 510 Premium Carts\" \/>\n<meta property=\"og:description\" content=\"receptra naturals sant\u00e9 et bien-\u00eatre 30ml votre peau \u00e0 la sant\u00e9 et au bien-\u00eatre naturels avec\u00a0Receptra\u00a0Naturals Body Butter. L&#039;\u00e9clat et l&#039;\u00e9clat commencent naturellement\" \/>\n<meta property=\"og:url\" content=\"https:\/\/510premiumcarts.com\/index.php\/product\/receptra-naturals-sante-et-bien-etre-30ml\/\" \/>\n<meta property=\"og:site_name\" content=\"510 Premium Carts\" \/>\n<meta property=\"article:modified_time\" content=\"2023-03-18T09:19:04+00:00\" \/>\n<meta property=\"og:image\" content=\"http:\/\/510premiumcarts.com\/wp-content\/uploads\/2023\/03\/Receptra-Naturals-Full-Spectrum-Tincture-66mg-2000mg-and-4000mg-featured-at-CBD-Emporium_900x.webp\" \/>\n\t<meta property=\"og:image:width\" content=\"900\" \/>\n\t<meta property=\"og:image:height\" content=\"900\" \/>\n\t<meta property=\"og:image:type\" content=\"image\/webp\" \/>\n<meta name=\"twitter:card\" content=\"summary_large_image\" \/>\n<meta name=\"twitter:label1\" content=\"Dur\u00e9e de lecture estim\u00e9e\" \/>\n\t<meta name=\"twitter:data1\" content=\"2 minutes\" \/>\n<script type=\"application\/ld+json\" class=\"yoast-schema-graph\">{\"@context\":\"https:\\\/\\\/schema.org\",\"@graph\":[{\"@type\":\"WebPage\",\"@id\":\"https:\\\/\\\/510premiumcarts.com\\\/index.php\\\/product\\\/receptra-naturals-sante-et-bien-etre-30ml\\\/\",\"url\":\"https:\\\/\\\/510premiumcarts.com\\\/index.php\\\/product\\\/receptra-naturals-sante-et-bien-etre-30ml\\\/\",\"name\":\"Receptra naturals sant\u00e9 et bien-\u00eatre 30ml - 510 Premium Carts\",\"isPartOf\":{\"@id\":\"https:\\\/\\\/510premiumcarts.com\\\/#website\"},\"primaryImageOfPage\":{\"@id\":\"https:\\\/\\\/510premiumcarts.com\\\/index.php\\\/product\\\/receptra-naturals-sante-et-bien-etre-30ml\\\/#primaryimage\"},\"image\":{\"@id\":\"https:\\\/\\\/510premiumcarts.com\\\/index.php\\\/product\\\/receptra-naturals-sante-et-bien-etre-30ml\\\/#primaryimage\"},\"thumbnailUrl\":\"https:\\\/\\\/510premiumcarts.com\\\/wp-content\\\/uploads\\\/2023\\\/03\\\/Receptra-Naturals-Full-Spectrum-Tincture-66mg-2000mg-and-4000mg-featured-at-CBD-Emporium_900x.webp\",\"datePublished\":\"2023-03-07T13:09:28+00:00\",\"dateModified\":\"2023-03-18T09:19:04+00:00\",\"description\":\"receptra naturals sant\u00e9 et bien-\u00eatre 30ml votre peau \u00e0 la sant\u00e9 et au bien-\u00eatre naturels avec\u00a0Receptra\u00a0Naturals Body Butter. L'\u00e9clat et l'\u00e9clat commencent naturellement\",\"breadcrumb\":{\"@id\":\"https:\\\/\\\/510premiumcarts.com\\\/index.php\\\/product\\\/receptra-naturals-sante-et-bien-etre-30ml\\\/#breadcrumb\"},\"inLanguage\":\"fr-FR\",\"potentialAction\":[{\"@type\":\"ReadAction\",\"target\":[\"https:\\\/\\\/510premiumcarts.com\\\/index.php\\\/product\\\/receptra-naturals-sante-et-bien-etre-30ml\\\/\"]}]},{\"@type\":\"ImageObject\",\"inLanguage\":\"fr-FR\",\"@id\":\"https:\\\/\\\/510premiumcarts.com\\\/index.php\\\/product\\\/receptra-naturals-sante-et-bien-etre-30ml\\\/#primaryimage\",\"url\":\"https:\\\/\\\/510premiumcarts.com\\\/wp-content\\\/uploads\\\/2023\\\/03\\\/Receptra-Naturals-Full-Spectrum-Tincture-66mg-2000mg-and-4000mg-featured-at-CBD-Emporium_900x.webp\",\"contentUrl\":\"https:\\\/\\\/510premiumcarts.com\\\/wp-content\\\/uploads\\\/2023\\\/03\\\/Receptra-Naturals-Full-Spectrum-Tincture-66mg-2000mg-and-4000mg-featured-at-CBD-Emporium_900x.webp\",\"width\":900,\"height\":900,\"caption\":\"receptra naturals sant\u00e9 et bien-\u00eatre 30ml\"},{\"@type\":\"BreadcrumbList\",\"@id\":\"https:\\\/\\\/510premiumcarts.com\\\/index.php\\\/product\\\/receptra-naturals-sante-et-bien-etre-30ml\\\/#breadcrumb\",\"itemListElement\":[{\"@type\":\"ListItem\",\"position\":1,\"name\":\"Home\",\"item\":\"https:\\\/\\\/510premiumcarts.com\\\/\"},{\"@type\":\"ListItem\",\"position\":2,\"name\":\"Marques de vapotage\",\"item\":\"https:\\\/\\\/510premiumcarts.com\\\/index.php\\\/acheter-du-cannabis\\\/\"},{\"@type\":\"ListItem\",\"position\":3,\"name\":\"Receptra naturals sant\u00e9 et bien-\u00eatre 30ml\"}]},{\"@type\":\"WebSite\",\"@id\":\"https:\\\/\\\/510premiumcarts.com\\\/#website\",\"url\":\"https:\\\/\\\/510premiumcarts.com\\\/\",\"name\":\"510 Premium Carts\",\"description\":\"Just another WordPress site\",\"potentialAction\":[{\"@type\":\"SearchAction\",\"target\":{\"@type\":\"EntryPoint\",\"urlTemplate\":\"https:\\\/\\\/510premiumcarts.com\\\/?s={search_term_string}\"},\"query-input\":{\"@type\":\"PropertyValueSpecification\",\"valueRequired\":true,\"valueName\":\"search_term_string\"}}],\"inLanguage\":\"fr-FR\"}]}<\/script>\n<!-- \/ Yoast SEO plugin. -->","yoast_head_json":{"title":"Receptra naturals sant\u00e9 et bien-\u00eatre 30ml - 510 Premium Carts","description":"receptra naturals sant\u00e9 et bien-\u00eatre 30ml votre peau \u00e0 la sant\u00e9 et au bien-\u00eatre naturels avec\u00a0Receptra\u00a0Naturals Body Butter. L'\u00e9clat et l'\u00e9clat commencent naturellement","robots":{"index":"index","follow":"follow","max-snippet":"max-snippet:-1","max-image-preview":"max-image-preview:large","max-video-preview":"max-video-preview:-1"},"canonical":"https:\/\/510premiumcarts.com\/index.php\/product\/receptra-naturals-sante-et-bien-etre-30ml\/","og_locale":"fr_FR","og_type":"article","og_title":"Receptra naturals sant\u00e9 et bien-\u00eatre 30ml - 510 Premium Carts","og_description":"receptra naturals sant\u00e9 et bien-\u00eatre 30ml votre peau \u00e0 la sant\u00e9 et au bien-\u00eatre naturels avec\u00a0Receptra\u00a0Naturals Body Butter. L'\u00e9clat et l'\u00e9clat commencent naturellement","og_url":"https:\/\/510premiumcarts.com\/index.php\/product\/receptra-naturals-sante-et-bien-etre-30ml\/","og_site_name":"510 Premium Carts","article_modified_time":"2023-03-18T09:19:04+00:00","og_image":[{"width":900,"height":900,"url":"http:\/\/510premiumcarts.com\/wp-content\/uploads\/2023\/03\/Receptra-Naturals-Full-Spectrum-Tincture-66mg-2000mg-and-4000mg-featured-at-CBD-Emporium_900x.webp","type":"image\/webp"}],"twitter_card":"summary_large_image","twitter_misc":{"Dur\u00e9e de lecture estim\u00e9e":"2 minutes"},"schema":{"@context":"https:\/\/schema.org","@graph":[{"@type":"WebPage","@id":"https:\/\/510premiumcarts.com\/index.php\/product\/receptra-naturals-sante-et-bien-etre-30ml\/","url":"https:\/\/510premiumcarts.com\/index.php\/product\/receptra-naturals-sante-et-bien-etre-30ml\/","name":"Receptra naturals sant\u00e9 et bien-\u00eatre 30ml - 510 Premium Carts","isPartOf":{"@id":"https:\/\/510premiumcarts.com\/#website"},"primaryImageOfPage":{"@id":"https:\/\/510premiumcarts.com\/index.php\/product\/receptra-naturals-sante-et-bien-etre-30ml\/#primaryimage"},"image":{"@id":"https:\/\/510premiumcarts.com\/index.php\/product\/receptra-naturals-sante-et-bien-etre-30ml\/#primaryimage"},"thumbnailUrl":"https:\/\/510premiumcarts.com\/wp-content\/uploads\/2023\/03\/Receptra-Naturals-Full-Spectrum-Tincture-66mg-2000mg-and-4000mg-featured-at-CBD-Emporium_900x.webp","datePublished":"2023-03-07T13:09:28+00:00","dateModified":"2023-03-18T09:19:04+00:00","description":"receptra naturals sant\u00e9 et bien-\u00eatre 30ml votre peau \u00e0 la sant\u00e9 et au bien-\u00eatre naturels avec\u00a0Receptra\u00a0Naturals Body Butter. L'\u00e9clat et l'\u00e9clat commencent naturellement","breadcrumb":{"@id":"https:\/\/510premiumcarts.com\/index.php\/product\/receptra-naturals-sante-et-bien-etre-30ml\/#breadcrumb"},"inLanguage":"fr-FR","potentialAction":[{"@type":"ReadAction","target":["https:\/\/510premiumcarts.com\/index.php\/product\/receptra-naturals-sante-et-bien-etre-30ml\/"]}]},{"@type":"ImageObject","inLanguage":"fr-FR","@id":"https:\/\/510premiumcarts.com\/index.php\/product\/receptra-naturals-sante-et-bien-etre-30ml\/#primaryimage","url":"https:\/\/510premiumcarts.com\/wp-content\/uploads\/2023\/03\/Receptra-Naturals-Full-Spectrum-Tincture-66mg-2000mg-and-4000mg-featured-at-CBD-Emporium_900x.webp","contentUrl":"https:\/\/510premiumcarts.com\/wp-content\/uploads\/2023\/03\/Receptra-Naturals-Full-Spectrum-Tincture-66mg-2000mg-and-4000mg-featured-at-CBD-Emporium_900x.webp","width":900,"height":900,"caption":"receptra naturals sant\u00e9 et bien-\u00eatre 30ml"},{"@type":"BreadcrumbList","@id":"https:\/\/510premiumcarts.com\/index.php\/product\/receptra-naturals-sante-et-bien-etre-30ml\/#breadcrumb","itemListElement":[{"@type":"ListItem","position":1,"name":"Home","item":"https:\/\/510premiumcarts.com\/"},{"@type":"ListItem","position":2,"name":"Marques de vapotage","item":"https:\/\/510premiumcarts.com\/index.php\/acheter-du-cannabis\/"},{"@type":"ListItem","position":3,"name":"Receptra naturals sant\u00e9 et bien-\u00eatre 30ml"}]},{"@type":"WebSite","@id":"https:\/\/510premiumcarts.com\/#website","url":"https:\/\/510premiumcarts.com\/","name":"510 Premium Carts","description":"Just another WordPress site","potentialAction":[{"@type":"SearchAction","target":{"@type":"EntryPoint","urlTemplate":"https:\/\/510premiumcarts.com\/?s={search_term_string}"},"query-input":{"@type":"PropertyValueSpecification","valueRequired":true,"valueName":"search_term_string"}}],"inLanguage":"fr-FR"}]}},"jetpack_sharing_enabled":true,"_links":{"self":[{"href":"https:\/\/510premiumcarts.com\/index.php\/wp-json\/wp\/v2\/product\/1783","targetHints":{"allow":["GET"]}}],"collection":[{"href":"https:\/\/510premiumcarts.com\/index.php\/wp-json\/wp\/v2\/product"}],"about":[{"href":"https:\/\/510premiumcarts.com\/index.php\/wp-json\/wp\/v2\/types\/product"}],"replies":[{"embeddable":true,"href":"https:\/\/510premiumcarts.com\/index.php\/wp-json\/wp\/v2\/comments?post=1783"}],"wp:featuredmedia":[{"embeddable":true,"href":"https:\/\/510premiumcarts.com\/index.php\/wp-json\/wp\/v2\/media\/1784"}],"wp:attachment":[{"href":"https:\/\/510premiumcarts.com\/index.php\/wp-json\/wp\/v2\/media?parent=1783"}],"wp:term":[{"taxonomy":"product_brand","embeddable":true,"href":"https:\/\/510premiumcarts.com\/index.php\/wp-json\/wp\/v2\/product_brand?post=1783"},{"taxonomy":"product_cat","embeddable":true,"href":"https:\/\/510premiumcarts.com\/index.php\/wp-json\/wp\/v2\/product_cat?post=1783"},{"taxonomy":"product_tag","embeddable":true,"href":"https:\/\/510premiumcarts.com\/index.php\/wp-json\/wp\/v2\/product_tag?post=1783"}],"curies":[{"name":"wp","href":"https:\/\/api.w.org\/{rel}","templated":true}]}}