{"id":1785,"date":"2023-03-07T13:16:37","date_gmt":"2023-03-07T13:16:37","guid":{"rendered":"https:\/\/510premiumcarts.com\/?post_type=product&#038;p=1785"},"modified":"2023-04-13T11:47:48","modified_gmt":"2023-04-13T11:47:48","slug":"medihemp-organic-hemp","status":"publish","type":"product","link":"https:\/\/510premiumcarts.com\/index.php\/product\/medihemp-organic-hemp\/","title":{"rendered":"Medihemp Organic Hemp"},"content":{"rendered":"<h1><a href=\"https:\/\/510premiumcarts.com\/index.php\/product\/receptra-naturals-health-wellness-30ml\/\"><strong><span style=\"color: #ffcc00;\"><span style=\"vertical-align: inherit;\"><span style=\"vertical-align: inherit;\">\u00c0 PROPOS DE MEDIHEMP CBD<\/span><\/span><\/span><\/strong><\/a><\/h1>\n<p><strong>medihemp cbd Capsules Compl\u00e8tes de Chanvre Bio 5% (30 Capsules)<\/strong> La m\u00e9thode d&rsquo;extraction douce au CO\u2082 garantit des capsules d&rsquo;extrait de chanvre <a href=\"https:\/\/ogdispensary.org\/product\/cbd-oil-medical-health-product\/\">particuli\u00e8rement<\/a> riches avec une haute densit\u00e9 d&rsquo;ingr\u00e9dients naturels.<br \/>\nRaffin\u00e9 avec la meilleure huile de chanvre biologique, les capsules Hemp Complete soutiennent \u00e9galement le syst\u00e8me cardiovasculaire et aident \u00e0 assurer le <a href=\"https:\/\/ogdispensary.org\/product\/rsho-cbd-green-capsules-30ct\/\">fonctionnement<\/a> normal du syst\u00e8me immunitaire.<\/p>\n<p>Chaque jour, nous sommes bombard\u00e9s d&rsquo;informations sur la fa\u00e7on <a href=\"https:\/\/ogdispensary.org\/product\/hemp-seed-oil-thc-cbd\/\">d&rsquo;atteindre<\/a> une alimentation \u00e9quilibr\u00e9e et un mode de vie sain. Chez medihemp cbd, nous <a href=\"https:\/\/buymarijuanameds.online\/product-category\/cbd-oil\/\">gardons<\/a> les choses simples : essayez le chanvre. Le <a href=\"https:\/\/ogdispensary.org\/product\/pharmahemp-buy-cbd-oil-online\/\">chanvre<\/a> contient une multitude de nutriments dont le corps a vraiment besoin.<\/p>\n<p>Les aliments \u00e0 base de chanvre biologique\u00a0sont riches en prot\u00e9ines de haute qualit\u00e9, en acides gras om\u00e9ga-3 et om\u00e9ga-6, et en de nombreuses vitamines et min\u00e9raux. Et ils ne sont pas seulement nourrissants pour le corps, ils ont aussi bon go\u00fbt.<\/p>\n<p>Les extraits de chanvre bio aident \u00e0 r\u00e9tablir votre \u00e9quilibre int\u00e9rieur, \u00e9galement par exemple apr\u00e8s des p\u00e9riodes de stress. Disponibles sous forme d&rsquo;extraits de plantes enti\u00e8res enti\u00e8rement naturels ou d&rsquo;extraits raffin\u00e9s de qualit\u00e9 sup\u00e9rieure, ces produits sont de plus en plus populaires &#8211; aidant les personnes qui souhaitent un meilleur sommeil, la relaxation et le bien-\u00eatre<\/p>\n<p><strong>* Ingr\u00e9dients:<\/strong> 30 portions<br \/>\nHuile de <a href=\"https:\/\/ogdispensary.org\/product\/mary-j-mart-cbdistillery-tincture-250mg\/\">chanvre<\/a>* 64%,<br \/>\nExtrait de chanvre* 19%,<br \/>\nG\u00e9lule de cellulose v\u00e9g\u00e9tale (m\u00e9thylcellulose) 17%<br \/>\n*issu de l&rsquo;agriculture biologiqueCBD\/CBDa (Cannabidiol\/-acide) : 5% (25 mg\/capsule)<\/p>\n<p><strong><span style=\"vertical-align: inherit;\"><span style=\"vertical-align: inherit;\">Also contains:<\/span><\/span><\/strong><span style=\"vertical-align: inherit;\"><span style=\"vertical-align: inherit;\"> \u00a0minerals,\u00a0 <\/span><\/span><a href=\"https:\/\/ogdispensary.org\/product\/mary-j-mart-cbdistillery-tincture-250mg\/\"><span style=\"vertical-align: inherit;\"><span style=\"vertical-align: inherit;\">vitamins, flavonoids, terpenes,<\/span><\/span><\/a><span style=\"vertical-align: inherit;\"><span style=\"vertical-align: inherit;\"> \u00a0phenols, CBN, CBV, CBG<\/span><\/span><\/p>\n<p><span style=\"vertical-align: inherit;\"><span style=\"vertical-align: inherit;\">* The health-related information of the products relates to Article 13, HCR (EFSA submitted botanicals list).<\/span><\/span><\/p>\n<h2>QUALIT\u00c9 DES PRODUITS MEDIHEMP CBD<\/h2>\n<p>Raffin\u00e9 avec la meilleure huile de graines de chanvre biologique.<\/p>\n<p>Huile de graines de chanvre : 6000 mg (66 %),<br \/>\nExtrait de chanvre : 3100 mg (34 %),<br \/>\nCBD\/CBDa (Cannabidiol\/ -acide) : 1700 mg, correspond \u00e0 36 mg \/ dose journali\u00e8re recommand\u00e9e.<\/p>\n<p>Contient \u00e9galement : min\u00e9raux, vitamines, flavono\u00efdes, terp\u00e8nes, ph\u00e9nols, CBN, CBV, CBG<\/p>\n<p>Les informations relatives \u00e0 la sant\u00e9 des produits se rapportent \u00e0 l&rsquo;article 13, HCR (liste des plantes soumises par l&rsquo;EFSA).<\/p>\n<p>Nos produits sont des produits enti\u00e8rement naturels dont les ingr\u00e9dients, la texture, la saveur et la couleur sont sujets \u00e0 des variations naturelles. Les quantit\u00e9s indiqu\u00e9es sont donc des valeurs indicatives. ACHETER medihemp cbd MAINTENANT<\/p>\n<h3>PRODUITS NOTABLES<\/h3>\n<p><strong>Posologie<\/strong>: 2 x 3 gouttes<br \/>\nNe pas d\u00e9passer la dose quotidienne maximale de 9 gouttes.<\/p>\n<p><strong>Conservation<\/strong>: bien agiter avant utilisation. <a href=\"https:\/\/ogdispensary.org\/product\/30mg-cbd-isolate-infused-softgels-thc-free-60-coun\/\">Ranger<\/a> \u00e0 temp\u00e9rature ambiante. Tenir hors de port\u00e9e des enfants.<\/p>\n<p><strong>Remarque<\/strong>:\u00a0 D\u00e9conseill\u00e9 aux enfants en raison de son go\u00fbt amer.<\/p>\n<p><strong>Date de p\u00e9remption<\/strong>: 12 mois \u00e0 compter de la date d&#8217;emballage<\/p>\n<p>Propri\u00e9t\u00e9s:<br \/>\n<strong>Aspect\/consistance<\/strong>: huile brun\u00e2tre \/ liquide (huileux)<br \/>\nOdeur\/go\u00fbt : herbac\u00e9, odeur de noisette \/ go\u00fbt amer, \u00e9pic\u00e9 car<\/p>\n<p><strong>Caract\u00e9ristiques de qualit\u00e9<\/strong>: \u00a0sans gluten, v\u00e9g\u00e9talien, sans modification g\u00e9n\u00e9tique selon. selon EC-Bio-Regulation, non filtr\u00e9, non raffin\u00e9<\/p>\n<p><strong>Certificat:<\/strong> \u00a0Certifi\u00e9 biologique selon AT-BIO-301<\/p>\n<h3>Nos huiles Compl\u00e8tes de Chanvre Bio ne sont pas des m\u00e9dicaments.<\/h3>\n<p>Lorsque medihemp cbd est utilis\u00e9 correctement (voir posologie) et en combinaison avec une alimentation vari\u00e9e, ils favoriseront un mode de vie sain. Les compl\u00e9ments alimentaires ne sont pas des m\u00e9dicaments et ne pr\u00e9viennent, n&rsquo;apaisent ni m\u00eame ne gu\u00e9rissent les maladies. parce que<\/p>\n<p>Le chanvre est une plante merveilleuse mais ce n&rsquo;est pas un \u00ab\u00a0rem\u00e8de miracle\u00a0\u00bb. Notre recommandation avant de d\u00e9cider d&rsquo;acheter : Regardez la qualit\u00e9 et l&rsquo;origine des produits et consultez un m\u00e9decin le cas \u00e9ch\u00e9ant.<\/p>\n<p>&nbsp;<\/p>\n<div class=\"is-large\"><\/div>\n","protected":false},"excerpt":{"rendered":"<p>Medihemp Organic Hemp Capsules Compl\u00e8tes 5% (30 Capsules)<\/p>\n<p>Les capsules MEDIHemp Complete soutiennent le syst\u00e8me cardiovasculaire et aident \u00e0 assurer le fonctionnement normal du syst\u00e8me immunitaire.<\/p>\n","protected":false},"featured_media":1786,"comment_status":"open","ping_status":"closed","template":"","meta":{"_monsterinsights_skip_tracking":false,"_monsterinsights_sitenote_active":false,"_monsterinsights_sitenote_note":"","_monsterinsights_sitenote_category":0},"product_brand":[],"product_cat":[4991],"product_tag":[2523,2483,2518,2620,2531,2613,2574,2566,2605,2609,2576,2521,2527,2615,2529,2610,2581,2557,2482,2619,2491,2667,2572,2662,2571,2630,2665,2485,2608,2530,2520,2532,2486,2628,2627,2489,2612,2488,2579,2558,2524,2661,2487,2495,2622,2664,2564,2567,2494,2629,2614,2570,2624,2569,2490,2621,2582,2573,2617,2575,2663,2492,2618,2493,2522,2534,2526,2519,2625,2568,2578,2606,2538,2660,2607,2562,2537,2561,2560,2533,2525,2556,2536,4994,2577,2631,2580,2496,2563,2565,2535,2623,2484,2528,2559,2616,2497,2666,2611],"class_list":{"0":"post-1785","1":"product","2":"type-product","3":"status-publish","4":"has-post-thumbnail","6":"product_cat-acheter-cbd-oil","7":"product_tag-benefits-of-cbd-oil","8":"product_tag-best-cbd-oil","9":"product_tag-best-cbd-oil-dailycbd-com","10":"product_tag-best-cbd-oil-for-anxiety","11":"product_tag-best-cbd-oil-for-dogs","12":"product_tag-best-cbd-oil-for-dogs-gold-bee","13":"product_tag-best-cbd-oil-for-dogs-with-arthritis","14":"product_tag-best-cbd-oil-for-dogs-with-arthritis-dailycbd-com","15":"product_tag-best-cbd-oil-for-dogs-with-arthritis-gold-bee","16":"product_tag-best-cbd-oil-for-pain","17":"product_tag-best-cbd-oil-for-pain-2021","18":"product_tag-best-cbd-oil-gold-bee","19":"product_tag-best-cbd-oil-nordic-oil","20":"product_tag-broad-spectrum-cbd-oil","21":"product_tag-buy-cbd-oil","22":"product_tag-buy-cbd-oil-nordic-oil","23":"product_tag-cannagenix-cbd-oil","24":"product_tag-cannaverda-cbd-oil","25":"product_tag-cbd-oil","26":"product_tag-cbd-oil-amazon","27":"product_tag-cbd-oil-benefits","28":"product_tag-cbd-oil-capsules","29":"product_tag-cbd-oil-dogs","30":"product_tag-cbd-oil-dosage","31":"product_tag-cbd-oil-dosage-calculator","32":"product_tag-cbd-oil-drops","33":"product_tag-cbd-oil-drug-test","34":"product_tag-cbd-oil-for-anxiety","35":"product_tag-cbd-oil-for-anxiety-royal-cbd","36":"product_tag-cbd-oil-for-arthritis","37":"product_tag-cbd-oil-for-cat","38":"product_tag-cbd-oil-for-cats","39":"product_tag-cbd-oil-for-dogs","40":"product_tag-cbd-oil-for-dogs-amazon","41":"product_tag-cbd-oil-for-dogs-dose-calculator","42":"product_tag-cbd-oil-for-pain","43":"product_tag-cbd-oil-for-pets","44":"product_tag-cbd-oil-for-sale","45":"product_tag-cbd-oil-for-sex","46":"product_tag-cbd-oil-for-sleep","47":"product_tag-cbd-oil-gold-bee","48":"product_tag-cbd-oil-native-nutrition","49":"product_tag-cbd-oil-near-me","50":"product_tag-cbd-oil-nordic-oil","51":"product_tag-cbd-oil-online","52":"product_tag-cbd-oil-price","53":"product_tag-cbd-oil-reviews","54":"product_tag-cbd-oil-reviews-nordic-oil","55":"product_tag-cbd-oil-side-effects","56":"product_tag-cbd-oil-side-effects-on-kidneys","57":"product_tag-cbd-oil-uses","58":"product_tag-cbd-oil-vape","59":"product_tag-cbd-oil-vs-hemp-oil","60":"product_tag-cbd-oil-with-thc","61":"product_tag-charlottes-web-cbd-oil","62":"product_tag-dangers-of-cbd-oil-for-anxiety","63":"product_tag-does-cbd-oil-expire","64":"product_tag-does-cbd-oil-get-you-high","65":"product_tag-does-cbd-oil-work","66":"product_tag-dog-cbd-oil","67":"product_tag-ellevet-cbd-oil","68":"product_tag-full-spectrum-cbd-oil","69":"product_tag-full-spectrum-cbd-oil-1000mg","70":"product_tag-gold-bee-best-cbd-oil","71":"product_tag-gold-bee-buy-cbd-oil","72":"product_tag-gold-bee-cbd-oil","73":"product_tag-gold-bee-cbd-oil-for-sale","74":"product_tag-gold-bee-cbd-oil-near-me","75":"product_tag-green-canyon-cbd-oil","76":"product_tag-hemp-oil-vs-cbd-oil","77":"product_tag-honest-paws-cbd-oil","78":"product_tag-how-does-cbd-oil-make-you-feel","79":"product_tag-how-long-does-cbd-oil-take-to-work-for-anxiety","80":"product_tag-how-much-cbd-oil-should-i-give-my-dog-for-anxiety","81":"product_tag-how-much-cbd-oil-should-i-take-for-pain","82":"product_tag-how-to-make-cbd-oil","83":"product_tag-how-to-take-cbd-oil","84":"product_tag-how-to-use-cbd-oil","85":"product_tag-how-to-use-cbd-oil-for-anxiety","86":"product_tag-how-to-use-cbd-oil-for-erectile-dysfunction","87":"product_tag-how-to-use-cbd-oil-for-pain","88":"product_tag-is-cbd-oil-legal","89":"product_tag-is-hemp-oil-the-same-as-cbd-oil","90":"product_tag-medihemp-organic-hemp","91":"product_tag-medterra-cbd-oil","92":"product_tag-nuleaf-cbd-oil","93":"product_tag-organic-cbd-oil","94":"product_tag-pure-cbd-oil","95":"product_tag-pure-cbd-oil-nordic-oil","96":"product_tag-side-effects-of-cbd-oil","97":"product_tag-thc-cbd-oil","98":"product_tag-what-does-cbd-oil-do","99":"product_tag-what-is-cbd-oil","100":"product_tag-what-is-cbd-oil-good-for","101":"product_tag-where-can-i-buy-cbd-oil","102":"product_tag-where-can-i-buy-cbd-oil-near-me","103":"product_tag-where-to-buy-cbd-oil","104":"product_tag-where-to-buy-cbd-oil-for-dogs","105":"product_tag-will-cbd-oil-show-up-on-a-drug-test","107":"first","108":"instock","109":"shipping-taxable","110":"purchasable","111":"product-type-simple"},"yoast_head":"<!-- This site is optimized with the Yoast SEO plugin v27.3 - https:\/\/yoast.com\/product\/yoast-seo-wordpress\/ -->\n<title>Medihemp Organic Hemp - 510 Premium Carts Online - Buy CBD<\/title>\n<meta name=\"description\" content=\"Medihemp Organic Hemp Chaque jour, nous sommes bombard\u00e9s d&#039;informations sur la fa\u00e7on d&#039;atteindre une alimentation \u00e9quilibr\u00e9e et un mode de vie sain. Chez medihemp cbd, nous gardons les choses simples\" \/>\n<meta name=\"robots\" content=\"index, follow, max-snippet:-1, max-image-preview:large, max-video-preview:-1\" \/>\n<link rel=\"canonical\" href=\"https:\/\/510premiumcarts.com\/index.php\/product\/medihemp-organic-hemp\/\" \/>\n<meta property=\"og:locale\" content=\"fr_FR\" \/>\n<meta property=\"og:type\" content=\"article\" \/>\n<meta property=\"og:title\" content=\"Medihemp Organic Hemp - 510 Premium Carts Online - Buy CBD\" \/>\n<meta property=\"og:description\" content=\"Medihemp Organic Hemp Chaque jour, nous sommes bombard\u00e9s d&#039;informations sur la fa\u00e7on d&#039;atteindre une alimentation \u00e9quilibr\u00e9e et un mode de vie sain. Chez medihemp cbd, nous gardons les choses simples\" \/>\n<meta property=\"og:url\" content=\"https:\/\/510premiumcarts.com\/index.php\/product\/medihemp-organic-hemp\/\" \/>\n<meta property=\"og:site_name\" content=\"510 Premium Carts\" \/>\n<meta property=\"article:modified_time\" content=\"2023-04-13T11:47:48+00:00\" \/>\n<meta property=\"og:image\" content=\"http:\/\/510premiumcarts.com\/wp-content\/uploads\/2023\/03\/65724_55e6cb55.1024x1024.webp\" \/>\n\t<meta property=\"og:image:width\" content=\"1024\" \/>\n\t<meta property=\"og:image:height\" content=\"1024\" \/>\n\t<meta property=\"og:image:type\" content=\"image\/webp\" \/>\n<meta name=\"twitter:card\" content=\"summary_large_image\" \/>\n<meta name=\"twitter:label1\" content=\"Dur\u00e9e de lecture estim\u00e9e\" \/>\n\t<meta name=\"twitter:data1\" content=\"3 minutes\" \/>\n<script type=\"application\/ld+json\" class=\"yoast-schema-graph\">{\"@context\":\"https:\\\/\\\/schema.org\",\"@graph\":[{\"@type\":\"WebPage\",\"@id\":\"https:\\\/\\\/510premiumcarts.com\\\/index.php\\\/product\\\/medihemp-organic-hemp\\\/\",\"url\":\"https:\\\/\\\/510premiumcarts.com\\\/index.php\\\/product\\\/medihemp-organic-hemp\\\/\",\"name\":\"Medihemp Organic Hemp - 510 Premium Carts Online - Buy CBD\",\"isPartOf\":{\"@id\":\"https:\\\/\\\/510premiumcarts.com\\\/#website\"},\"primaryImageOfPage\":{\"@id\":\"https:\\\/\\\/510premiumcarts.com\\\/index.php\\\/product\\\/medihemp-organic-hemp\\\/#primaryimage\"},\"image\":{\"@id\":\"https:\\\/\\\/510premiumcarts.com\\\/index.php\\\/product\\\/medihemp-organic-hemp\\\/#primaryimage\"},\"thumbnailUrl\":\"https:\\\/\\\/510premiumcarts.com\\\/wp-content\\\/uploads\\\/2023\\\/03\\\/65724_55e6cb55.1024x1024.webp\",\"datePublished\":\"2023-03-07T13:16:37+00:00\",\"dateModified\":\"2023-04-13T11:47:48+00:00\",\"description\":\"Medihemp Organic Hemp Chaque jour, nous sommes bombard\u00e9s d'informations sur la fa\u00e7on d'atteindre une alimentation \u00e9quilibr\u00e9e et un mode de vie sain. Chez medihemp cbd, nous gardons les choses simples\",\"breadcrumb\":{\"@id\":\"https:\\\/\\\/510premiumcarts.com\\\/index.php\\\/product\\\/medihemp-organic-hemp\\\/#breadcrumb\"},\"inLanguage\":\"fr-FR\",\"potentialAction\":[{\"@type\":\"ReadAction\",\"target\":[\"https:\\\/\\\/510premiumcarts.com\\\/index.php\\\/product\\\/medihemp-organic-hemp\\\/\"]}]},{\"@type\":\"ImageObject\",\"inLanguage\":\"fr-FR\",\"@id\":\"https:\\\/\\\/510premiumcarts.com\\\/index.php\\\/product\\\/medihemp-organic-hemp\\\/#primaryimage\",\"url\":\"https:\\\/\\\/510premiumcarts.com\\\/wp-content\\\/uploads\\\/2023\\\/03\\\/65724_55e6cb55.1024x1024.webp\",\"contentUrl\":\"https:\\\/\\\/510premiumcarts.com\\\/wp-content\\\/uploads\\\/2023\\\/03\\\/65724_55e6cb55.1024x1024.webp\",\"width\":1024,\"height\":1024,\"caption\":\"Medihemp Organic Hemp\"},{\"@type\":\"BreadcrumbList\",\"@id\":\"https:\\\/\\\/510premiumcarts.com\\\/index.php\\\/product\\\/medihemp-organic-hemp\\\/#breadcrumb\",\"itemListElement\":[{\"@type\":\"ListItem\",\"position\":1,\"name\":\"Home\",\"item\":\"https:\\\/\\\/510premiumcarts.com\\\/\"},{\"@type\":\"ListItem\",\"position\":2,\"name\":\"Marques de vapotage\",\"item\":\"https:\\\/\\\/510premiumcarts.com\\\/index.php\\\/acheter-du-cannabis\\\/\"},{\"@type\":\"ListItem\",\"position\":3,\"name\":\"Medihemp Organic Hemp\"}]},{\"@type\":\"WebSite\",\"@id\":\"https:\\\/\\\/510premiumcarts.com\\\/#website\",\"url\":\"https:\\\/\\\/510premiumcarts.com\\\/\",\"name\":\"510 Premium Carts\",\"description\":\"Just another WordPress site\",\"potentialAction\":[{\"@type\":\"SearchAction\",\"target\":{\"@type\":\"EntryPoint\",\"urlTemplate\":\"https:\\\/\\\/510premiumcarts.com\\\/?s={search_term_string}\"},\"query-input\":{\"@type\":\"PropertyValueSpecification\",\"valueRequired\":true,\"valueName\":\"search_term_string\"}}],\"inLanguage\":\"fr-FR\"}]}<\/script>\n<!-- \/ Yoast SEO plugin. -->","yoast_head_json":{"title":"Medihemp Organic Hemp - 510 Premium Carts Online - Buy CBD","description":"Medihemp Organic Hemp Chaque jour, nous sommes bombard\u00e9s d'informations sur la fa\u00e7on d'atteindre une alimentation \u00e9quilibr\u00e9e et un mode de vie sain. Chez medihemp cbd, nous gardons les choses simples","robots":{"index":"index","follow":"follow","max-snippet":"max-snippet:-1","max-image-preview":"max-image-preview:large","max-video-preview":"max-video-preview:-1"},"canonical":"https:\/\/510premiumcarts.com\/index.php\/product\/medihemp-organic-hemp\/","og_locale":"fr_FR","og_type":"article","og_title":"Medihemp Organic Hemp - 510 Premium Carts Online - Buy CBD","og_description":"Medihemp Organic Hemp Chaque jour, nous sommes bombard\u00e9s d'informations sur la fa\u00e7on d'atteindre une alimentation \u00e9quilibr\u00e9e et un mode de vie sain. Chez medihemp cbd, nous gardons les choses simples","og_url":"https:\/\/510premiumcarts.com\/index.php\/product\/medihemp-organic-hemp\/","og_site_name":"510 Premium Carts","article_modified_time":"2023-04-13T11:47:48+00:00","og_image":[{"width":1024,"height":1024,"url":"http:\/\/510premiumcarts.com\/wp-content\/uploads\/2023\/03\/65724_55e6cb55.1024x1024.webp","type":"image\/webp"}],"twitter_card":"summary_large_image","twitter_misc":{"Dur\u00e9e de lecture estim\u00e9e":"3 minutes"},"schema":{"@context":"https:\/\/schema.org","@graph":[{"@type":"WebPage","@id":"https:\/\/510premiumcarts.com\/index.php\/product\/medihemp-organic-hemp\/","url":"https:\/\/510premiumcarts.com\/index.php\/product\/medihemp-organic-hemp\/","name":"Medihemp Organic Hemp - 510 Premium Carts Online - Buy CBD","isPartOf":{"@id":"https:\/\/510premiumcarts.com\/#website"},"primaryImageOfPage":{"@id":"https:\/\/510premiumcarts.com\/index.php\/product\/medihemp-organic-hemp\/#primaryimage"},"image":{"@id":"https:\/\/510premiumcarts.com\/index.php\/product\/medihemp-organic-hemp\/#primaryimage"},"thumbnailUrl":"https:\/\/510premiumcarts.com\/wp-content\/uploads\/2023\/03\/65724_55e6cb55.1024x1024.webp","datePublished":"2023-03-07T13:16:37+00:00","dateModified":"2023-04-13T11:47:48+00:00","description":"Medihemp Organic Hemp Chaque jour, nous sommes bombard\u00e9s d'informations sur la fa\u00e7on d'atteindre une alimentation \u00e9quilibr\u00e9e et un mode de vie sain. Chez medihemp cbd, nous gardons les choses simples","breadcrumb":{"@id":"https:\/\/510premiumcarts.com\/index.php\/product\/medihemp-organic-hemp\/#breadcrumb"},"inLanguage":"fr-FR","potentialAction":[{"@type":"ReadAction","target":["https:\/\/510premiumcarts.com\/index.php\/product\/medihemp-organic-hemp\/"]}]},{"@type":"ImageObject","inLanguage":"fr-FR","@id":"https:\/\/510premiumcarts.com\/index.php\/product\/medihemp-organic-hemp\/#primaryimage","url":"https:\/\/510premiumcarts.com\/wp-content\/uploads\/2023\/03\/65724_55e6cb55.1024x1024.webp","contentUrl":"https:\/\/510premiumcarts.com\/wp-content\/uploads\/2023\/03\/65724_55e6cb55.1024x1024.webp","width":1024,"height":1024,"caption":"Medihemp Organic Hemp"},{"@type":"BreadcrumbList","@id":"https:\/\/510premiumcarts.com\/index.php\/product\/medihemp-organic-hemp\/#breadcrumb","itemListElement":[{"@type":"ListItem","position":1,"name":"Home","item":"https:\/\/510premiumcarts.com\/"},{"@type":"ListItem","position":2,"name":"Marques de vapotage","item":"https:\/\/510premiumcarts.com\/index.php\/acheter-du-cannabis\/"},{"@type":"ListItem","position":3,"name":"Medihemp Organic Hemp"}]},{"@type":"WebSite","@id":"https:\/\/510premiumcarts.com\/#website","url":"https:\/\/510premiumcarts.com\/","name":"510 Premium Carts","description":"Just another WordPress site","potentialAction":[{"@type":"SearchAction","target":{"@type":"EntryPoint","urlTemplate":"https:\/\/510premiumcarts.com\/?s={search_term_string}"},"query-input":{"@type":"PropertyValueSpecification","valueRequired":true,"valueName":"search_term_string"}}],"inLanguage":"fr-FR"}]}},"jetpack_sharing_enabled":true,"_links":{"self":[{"href":"https:\/\/510premiumcarts.com\/index.php\/wp-json\/wp\/v2\/product\/1785","targetHints":{"allow":["GET"]}}],"collection":[{"href":"https:\/\/510premiumcarts.com\/index.php\/wp-json\/wp\/v2\/product"}],"about":[{"href":"https:\/\/510premiumcarts.com\/index.php\/wp-json\/wp\/v2\/types\/product"}],"replies":[{"embeddable":true,"href":"https:\/\/510premiumcarts.com\/index.php\/wp-json\/wp\/v2\/comments?post=1785"}],"wp:featuredmedia":[{"embeddable":true,"href":"https:\/\/510premiumcarts.com\/index.php\/wp-json\/wp\/v2\/media\/1786"}],"wp:attachment":[{"href":"https:\/\/510premiumcarts.com\/index.php\/wp-json\/wp\/v2\/media?parent=1785"}],"wp:term":[{"taxonomy":"product_brand","embeddable":true,"href":"https:\/\/510premiumcarts.com\/index.php\/wp-json\/wp\/v2\/product_brand?post=1785"},{"taxonomy":"product_cat","embeddable":true,"href":"https:\/\/510premiumcarts.com\/index.php\/wp-json\/wp\/v2\/product_cat?post=1785"},{"taxonomy":"product_tag","embeddable":true,"href":"https:\/\/510premiumcarts.com\/index.php\/wp-json\/wp\/v2\/product_tag?post=1785"}],"curies":[{"name":"wp","href":"https:\/\/api.w.org\/{rel}","templated":true}]}}