{"id":1787,"date":"2023-03-07T13:25:33","date_gmt":"2023-03-07T13:25:33","guid":{"rendered":"https:\/\/510premiumcarts.com\/?post_type=product&#038;p=1787"},"modified":"2023-04-13T10:55:34","modified_gmt":"2023-04-13T10:55:34","slug":"mary-j-mart-cbdistillery-tincture-250mg","status":"publish","type":"product","link":"https:\/\/510premiumcarts.com\/index.php\/product\/mary-j-mart-cbdistillery-tincture-250mg\/","title":{"rendered":"Mary j mart cbdistillery tincture 250mg"},"content":{"rendered":"<h1><span style=\"color: #ffcc00;\">Plus d&rsquo;informations, \u00c0 PROPOS DE <a href=\"https:\/\/weedmaps.com\/\"><span style=\"color: #ffcc00;\">MARY<\/span><\/a> J MART CBDistillery<\/span><\/h1>\n<p>Notre teinture CBD est fabriqu\u00e9e avec du chanvre industriel sans pesticides et sans OGM extrait des tiges et des tiges matures de la plante de chanvre.<br \/>\nIngr\u00e9dients; Huile de noix de coco MCT (huile de transport) et huile de chanvre extraite. <span style=\"color: #ffffff;\">Mary j mart cbdistillery tincture 250mg<\/span><\/p>\n<h2>AVANTAGES DE MARY J MART CBDistillerie<\/h2>\n<p>Les teintures \u00e0 l&rsquo;huile de CBD sont un excellent moyen d&rsquo;incorporer le CBD dans votre routine quotidienne ! Simples, portables et faciles \u00e0 utiliser, ces teintures de 30 ml sont parfaites \u00e0 jeter dans votre sac et \u00e0 partir pour la journ\u00e9e. Le spectre complet de CBDistillery combine les pouvoirs de et d&rsquo;autres prot\u00e9ines v\u00e9g\u00e9tales naturelles, min\u00e9raux, vitamines, etc., afin que vous puissiez profiter de <a href=\"https:\/\/weedmaps.com\/\">tous<\/a> les avantages de la plante de cannabis sans aucun effet potentiellement intoxicant.<\/p>\n<div id=\"product-62037\" class=\"product type-product post-62037 status-publish first instock product_cat-cbd-tincture-oil has-post-thumbnail taxable shipping-taxable purchasable product-type-variable has-default-attributes product-layout-default\">\n<div id=\"product-tab\" class=\"woocommerce-tabs woocommerce-tabs-wc8rf4sv0ly1v51k9f64qx1iwp4he0m resp-htabs\">\n<div class=\"resp-tabs-container\">\n<div id=\"tab-description\" class=\"tab-content resp-tab-content resp-tab-content-active\" aria-labelledby=\"tab_item-0\">\n<h3>CBDistillery Full Spectrum CBD Oil Tinctures<\/h3>\n<p>Les <a href=\"https:\/\/buymarijuanameds.online\/product-category\/cbd-oil\/\">teintures<\/a> \u00e0 l&rsquo;huile de CBD sont un excellent moyen d&rsquo;incorporer le CBD dans votre routine quotidienne ! Simples, portables et faciles \u00e0 utiliser, jetez ces teintures de 30 ml dans votre sac et partez pour la journ\u00e9e.<span style=\"color: #ffffff;\">Mary j mart cbdistillery tincture 250mg<\/span><\/p>\n<p>La teinture d&rsquo;huiles CBD \u00e0 <a href=\"https:\/\/buymarijuanameds.online\/product-category\/cbd-oil\/\">spectre complet combine<\/a> les pouvoirs de\u00a0et d&rsquo;autres\u00a0prot\u00e9ines v\u00e9g\u00e9tales, min\u00e9raux, vitamines, etc. d&rsquo;origine naturelle, afin que vous puissiez profiter de tous les avantages de la plante de cannabis sans aucun effet potentiellement intoxicant. Les teintures d&rsquo;huile \u00e0 spectre complet contiennent &lt;0,3 % de THC. Lorsque vous utilisez les teintures \u00e0 l&rsquo;huile de CBD CBDistillery, soyez assur\u00e9 que vous utilisez le CBD de la plus haute qualit\u00e9 sur le march\u00e9.<\/p>\n<p>CBDistillery valorise la qualit\u00e9 et la transparence. Vous pouvez \u00e9galement scanner un code QR sur chaque produit pour voir les r\u00e9sultats des tests tiers et confirmer que le produit <a href=\"https:\/\/weedmaps.com\/\">CBD<\/a> que vous s\u00e9lectionnez r\u00e9pond aux exigences r\u00e9glementaires.<\/p>\n<p>Lorsque vous utilisez les teintures \u00e0 l&rsquo;huile de CBD <a href=\"https:\/\/buymarijuanameds.online\/product-category\/cbd-oil\/\">CBDistillery<\/a>, soyez assur\u00e9 que vous utilisez le CBD de la plus haute qualit\u00e9 sur le march\u00e9. Cette marque suit \u00e9galement les directives strictes de l&rsquo;industrie \u00e9tablies par la FDA. En fait, chacun des sceaux de produit trouv\u00e9s sur leurs articles repr\u00e9sente l&rsquo;engagement de la marque envers la qualit\u00e9 avec ISO 9001, Pratique agricole naturelle, Puissance et puret\u00e9 test\u00e9es en laboratoire et l&rsquo;U.S. Hemp Autorit\u00e9..<\/p>\n<p>Ingr\u00e9dients\u00a0: huile de noix de coco fractionn\u00e9e (MCT) et extrait de chanvre CBD \u00e0 spectre complet (parties a\u00e9riennes)<\/p>\n<\/div>\n<\/div>\n<\/div>\n<\/div>\n","protected":false},"excerpt":{"rendered":"<p>Notre teinture CBD est fabriqu\u00e9e avec de l&rsquo;huile de chanvre industriel sans pesticides et sans OGM extraite des tiges et des tiges matures de la plante de chanvre.<br \/>\nIngr\u00e9dients; Huile de noix de coco MCT (huile de transport) et huile de chanvre extraite.<\/p>\n","protected":false},"featured_media":1788,"comment_status":"open","ping_status":"closed","template":"","meta":{"_monsterinsights_skip_tracking":false,"_monsterinsights_sitenote_active":false,"_monsterinsights_sitenote_note":"","_monsterinsights_sitenote_category":0},"product_brand":[],"product_cat":[4991],"product_tag":[2523,2483,2518,2620,2531,2613,2574,2566,2605,2609,2576,2521,2527,2615,2529,2610,2581,2557,2482,2619,2491,2667,2572,2662,2571,2630,2665,2485,2608,2530,2520,2532,2486,2628,2627,2489,2612,2488,2579,2558,2524,2661,2487,2495,2622,2664,2564,2567,2494,2629,2614,2570,2624,2569,2490,2621,2582,2573,2617,2575,2663,2492,2618,2493,2522,2534,2526,2519,2625,2568,2578,2606,2538,2660,2607,2562,2537,2561,2560,2533,2525,2556,2536,4995,2577,2631,2580,2496,2563,2565,2535,2623,2484,2528,2559,2616,2497,2666,2611],"class_list":{"0":"post-1787","1":"product","2":"type-product","3":"status-publish","4":"has-post-thumbnail","6":"product_cat-acheter-cbd-oil","7":"product_tag-benefits-of-cbd-oil","8":"product_tag-best-cbd-oil","9":"product_tag-best-cbd-oil-dailycbd-com","10":"product_tag-best-cbd-oil-for-anxiety","11":"product_tag-best-cbd-oil-for-dogs","12":"product_tag-best-cbd-oil-for-dogs-gold-bee","13":"product_tag-best-cbd-oil-for-dogs-with-arthritis","14":"product_tag-best-cbd-oil-for-dogs-with-arthritis-dailycbd-com","15":"product_tag-best-cbd-oil-for-dogs-with-arthritis-gold-bee","16":"product_tag-best-cbd-oil-for-pain","17":"product_tag-best-cbd-oil-for-pain-2021","18":"product_tag-best-cbd-oil-gold-bee","19":"product_tag-best-cbd-oil-nordic-oil","20":"product_tag-broad-spectrum-cbd-oil","21":"product_tag-buy-cbd-oil","22":"product_tag-buy-cbd-oil-nordic-oil","23":"product_tag-cannagenix-cbd-oil","24":"product_tag-cannaverda-cbd-oil","25":"product_tag-cbd-oil","26":"product_tag-cbd-oil-amazon","27":"product_tag-cbd-oil-benefits","28":"product_tag-cbd-oil-capsules","29":"product_tag-cbd-oil-dogs","30":"product_tag-cbd-oil-dosage","31":"product_tag-cbd-oil-dosage-calculator","32":"product_tag-cbd-oil-drops","33":"product_tag-cbd-oil-drug-test","34":"product_tag-cbd-oil-for-anxiety","35":"product_tag-cbd-oil-for-anxiety-royal-cbd","36":"product_tag-cbd-oil-for-arthritis","37":"product_tag-cbd-oil-for-cat","38":"product_tag-cbd-oil-for-cats","39":"product_tag-cbd-oil-for-dogs","40":"product_tag-cbd-oil-for-dogs-amazon","41":"product_tag-cbd-oil-for-dogs-dose-calculator","42":"product_tag-cbd-oil-for-pain","43":"product_tag-cbd-oil-for-pets","44":"product_tag-cbd-oil-for-sale","45":"product_tag-cbd-oil-for-sex","46":"product_tag-cbd-oil-for-sleep","47":"product_tag-cbd-oil-gold-bee","48":"product_tag-cbd-oil-native-nutrition","49":"product_tag-cbd-oil-near-me","50":"product_tag-cbd-oil-nordic-oil","51":"product_tag-cbd-oil-online","52":"product_tag-cbd-oil-price","53":"product_tag-cbd-oil-reviews","54":"product_tag-cbd-oil-reviews-nordic-oil","55":"product_tag-cbd-oil-side-effects","56":"product_tag-cbd-oil-side-effects-on-kidneys","57":"product_tag-cbd-oil-uses","58":"product_tag-cbd-oil-vape","59":"product_tag-cbd-oil-vs-hemp-oil","60":"product_tag-cbd-oil-with-thc","61":"product_tag-charlottes-web-cbd-oil","62":"product_tag-dangers-of-cbd-oil-for-anxiety","63":"product_tag-does-cbd-oil-expire","64":"product_tag-does-cbd-oil-get-you-high","65":"product_tag-does-cbd-oil-work","66":"product_tag-dog-cbd-oil","67":"product_tag-ellevet-cbd-oil","68":"product_tag-full-spectrum-cbd-oil","69":"product_tag-full-spectrum-cbd-oil-1000mg","70":"product_tag-gold-bee-best-cbd-oil","71":"product_tag-gold-bee-buy-cbd-oil","72":"product_tag-gold-bee-cbd-oil","73":"product_tag-gold-bee-cbd-oil-for-sale","74":"product_tag-gold-bee-cbd-oil-near-me","75":"product_tag-green-canyon-cbd-oil","76":"product_tag-hemp-oil-vs-cbd-oil","77":"product_tag-honest-paws-cbd-oil","78":"product_tag-how-does-cbd-oil-make-you-feel","79":"product_tag-how-long-does-cbd-oil-take-to-work-for-anxiety","80":"product_tag-how-much-cbd-oil-should-i-give-my-dog-for-anxiety","81":"product_tag-how-much-cbd-oil-should-i-take-for-pain","82":"product_tag-how-to-make-cbd-oil","83":"product_tag-how-to-take-cbd-oil","84":"product_tag-how-to-use-cbd-oil","85":"product_tag-how-to-use-cbd-oil-for-anxiety","86":"product_tag-how-to-use-cbd-oil-for-erectile-dysfunction","87":"product_tag-how-to-use-cbd-oil-for-pain","88":"product_tag-is-cbd-oil-legal","89":"product_tag-is-hemp-oil-the-same-as-cbd-oil","90":"product_tag-mary-j-mart-cbdistillery-tincture-250mg","91":"product_tag-medterra-cbd-oil","92":"product_tag-nuleaf-cbd-oil","93":"product_tag-organic-cbd-oil","94":"product_tag-pure-cbd-oil","95":"product_tag-pure-cbd-oil-nordic-oil","96":"product_tag-side-effects-of-cbd-oil","97":"product_tag-thc-cbd-oil","98":"product_tag-what-does-cbd-oil-do","99":"product_tag-what-is-cbd-oil","100":"product_tag-what-is-cbd-oil-good-for","101":"product_tag-where-can-i-buy-cbd-oil","102":"product_tag-where-can-i-buy-cbd-oil-near-me","103":"product_tag-where-to-buy-cbd-oil","104":"product_tag-where-to-buy-cbd-oil-for-dogs","105":"product_tag-will-cbd-oil-show-up-on-a-drug-test","107":"first","108":"instock","109":"shipping-taxable","110":"purchasable","111":"product-type-simple"},"yoast_head":"<!-- This site is optimized with the Yoast SEO plugin v27.3 - https:\/\/yoast.com\/product\/yoast-seo-wordpress\/ -->\n<title>Mary j mart cbdistillery tincture 250mg - 510 Premium Carts CBD<\/title>\n<meta name=\"description\" content=\"mary j mart cbdistillery tincture 250mg est fabriqu\u00e9 avec du chanvre industriel sans pesticides et sans OGM extrait des tiges et des tiges matures de la plante de chanvre.\" \/>\n<meta name=\"robots\" content=\"index, follow, max-snippet:-1, max-image-preview:large, max-video-preview:-1\" \/>\n<link rel=\"canonical\" href=\"https:\/\/510premiumcarts.com\/index.php\/product\/mary-j-mart-cbdistillery-tincture-250mg\/\" \/>\n<meta property=\"og:locale\" content=\"fr_FR\" \/>\n<meta property=\"og:type\" content=\"article\" \/>\n<meta property=\"og:title\" content=\"Mary j mart cbdistillery tincture 250mg - 510 Premium Carts CBD\" \/>\n<meta property=\"og:description\" content=\"mary j mart cbdistillery tincture 250mg est fabriqu\u00e9 avec du chanvre industriel sans pesticides et sans OGM extrait des tiges et des tiges matures de la plante de chanvre.\" \/>\n<meta property=\"og:url\" content=\"https:\/\/510premiumcarts.com\/index.php\/product\/mary-j-mart-cbdistillery-tincture-250mg\/\" \/>\n<meta property=\"og:site_name\" content=\"510 Premium Carts\" \/>\n<meta property=\"article:modified_time\" content=\"2023-04-13T10:55:34+00:00\" \/>\n<meta property=\"og:image\" content=\"http:\/\/510premiumcarts.com\/wp-content\/uploads\/2023\/03\/CBDistillery-Full-Spectrum-CBD-Oil-Extra-Strength-1000mg-30ml-33mg-per-serving_-New-Label-1024x1024-1.jpg\" \/>\n\t<meta property=\"og:image:width\" content=\"1024\" \/>\n\t<meta property=\"og:image:height\" content=\"1024\" \/>\n\t<meta property=\"og:image:type\" content=\"image\/jpeg\" \/>\n<meta name=\"twitter:card\" content=\"summary_large_image\" \/>\n<meta name=\"twitter:label1\" content=\"Dur\u00e9e de lecture estim\u00e9e\" \/>\n\t<meta name=\"twitter:data1\" content=\"3 minutes\" \/>\n<script type=\"application\/ld+json\" class=\"yoast-schema-graph\">{\"@context\":\"https:\\\/\\\/schema.org\",\"@graph\":[{\"@type\":\"WebPage\",\"@id\":\"https:\\\/\\\/510premiumcarts.com\\\/index.php\\\/product\\\/mary-j-mart-cbdistillery-tincture-250mg\\\/\",\"url\":\"https:\\\/\\\/510premiumcarts.com\\\/index.php\\\/product\\\/mary-j-mart-cbdistillery-tincture-250mg\\\/\",\"name\":\"Mary j mart cbdistillery tincture 250mg - 510 Premium Carts CBD\",\"isPartOf\":{\"@id\":\"https:\\\/\\\/510premiumcarts.com\\\/#website\"},\"primaryImageOfPage\":{\"@id\":\"https:\\\/\\\/510premiumcarts.com\\\/index.php\\\/product\\\/mary-j-mart-cbdistillery-tincture-250mg\\\/#primaryimage\"},\"image\":{\"@id\":\"https:\\\/\\\/510premiumcarts.com\\\/index.php\\\/product\\\/mary-j-mart-cbdistillery-tincture-250mg\\\/#primaryimage\"},\"thumbnailUrl\":\"https:\\\/\\\/510premiumcarts.com\\\/wp-content\\\/uploads\\\/2023\\\/03\\\/CBDistillery-Full-Spectrum-CBD-Oil-Extra-Strength-1000mg-30ml-33mg-per-serving_-New-Label-1024x1024-1.jpg\",\"datePublished\":\"2023-03-07T13:25:33+00:00\",\"dateModified\":\"2023-04-13T10:55:34+00:00\",\"description\":\"mary j mart cbdistillery tincture 250mg est fabriqu\u00e9 avec du chanvre industriel sans pesticides et sans OGM extrait des tiges et des tiges matures de la plante de chanvre.\",\"breadcrumb\":{\"@id\":\"https:\\\/\\\/510premiumcarts.com\\\/index.php\\\/product\\\/mary-j-mart-cbdistillery-tincture-250mg\\\/#breadcrumb\"},\"inLanguage\":\"fr-FR\",\"potentialAction\":[{\"@type\":\"ReadAction\",\"target\":[\"https:\\\/\\\/510premiumcarts.com\\\/index.php\\\/product\\\/mary-j-mart-cbdistillery-tincture-250mg\\\/\"]}]},{\"@type\":\"ImageObject\",\"inLanguage\":\"fr-FR\",\"@id\":\"https:\\\/\\\/510premiumcarts.com\\\/index.php\\\/product\\\/mary-j-mart-cbdistillery-tincture-250mg\\\/#primaryimage\",\"url\":\"https:\\\/\\\/510premiumcarts.com\\\/wp-content\\\/uploads\\\/2023\\\/03\\\/CBDistillery-Full-Spectrum-CBD-Oil-Extra-Strength-1000mg-30ml-33mg-per-serving_-New-Label-1024x1024-1.jpg\",\"contentUrl\":\"https:\\\/\\\/510premiumcarts.com\\\/wp-content\\\/uploads\\\/2023\\\/03\\\/CBDistillery-Full-Spectrum-CBD-Oil-Extra-Strength-1000mg-30ml-33mg-per-serving_-New-Label-1024x1024-1.jpg\",\"width\":1024,\"height\":1024,\"caption\":\"mary j mart cbdistillery tincture 250mg\"},{\"@type\":\"BreadcrumbList\",\"@id\":\"https:\\\/\\\/510premiumcarts.com\\\/index.php\\\/product\\\/mary-j-mart-cbdistillery-tincture-250mg\\\/#breadcrumb\",\"itemListElement\":[{\"@type\":\"ListItem\",\"position\":1,\"name\":\"Home\",\"item\":\"https:\\\/\\\/510premiumcarts.com\\\/\"},{\"@type\":\"ListItem\",\"position\":2,\"name\":\"Marques de vapotage\",\"item\":\"https:\\\/\\\/510premiumcarts.com\\\/index.php\\\/acheter-du-cannabis\\\/\"},{\"@type\":\"ListItem\",\"position\":3,\"name\":\"Mary j mart cbdistillery tincture 250mg\"}]},{\"@type\":\"WebSite\",\"@id\":\"https:\\\/\\\/510premiumcarts.com\\\/#website\",\"url\":\"https:\\\/\\\/510premiumcarts.com\\\/\",\"name\":\"510 Premium Carts\",\"description\":\"Just another WordPress site\",\"potentialAction\":[{\"@type\":\"SearchAction\",\"target\":{\"@type\":\"EntryPoint\",\"urlTemplate\":\"https:\\\/\\\/510premiumcarts.com\\\/?s={search_term_string}\"},\"query-input\":{\"@type\":\"PropertyValueSpecification\",\"valueRequired\":true,\"valueName\":\"search_term_string\"}}],\"inLanguage\":\"fr-FR\"}]}<\/script>\n<!-- \/ Yoast SEO plugin. -->","yoast_head_json":{"title":"Mary j mart cbdistillery tincture 250mg - 510 Premium Carts CBD","description":"mary j mart cbdistillery tincture 250mg est fabriqu\u00e9 avec du chanvre industriel sans pesticides et sans OGM extrait des tiges et des tiges matures de la plante de chanvre.","robots":{"index":"index","follow":"follow","max-snippet":"max-snippet:-1","max-image-preview":"max-image-preview:large","max-video-preview":"max-video-preview:-1"},"canonical":"https:\/\/510premiumcarts.com\/index.php\/product\/mary-j-mart-cbdistillery-tincture-250mg\/","og_locale":"fr_FR","og_type":"article","og_title":"Mary j mart cbdistillery tincture 250mg - 510 Premium Carts CBD","og_description":"mary j mart cbdistillery tincture 250mg est fabriqu\u00e9 avec du chanvre industriel sans pesticides et sans OGM extrait des tiges et des tiges matures de la plante de chanvre.","og_url":"https:\/\/510premiumcarts.com\/index.php\/product\/mary-j-mart-cbdistillery-tincture-250mg\/","og_site_name":"510 Premium Carts","article_modified_time":"2023-04-13T10:55:34+00:00","og_image":[{"width":1024,"height":1024,"url":"http:\/\/510premiumcarts.com\/wp-content\/uploads\/2023\/03\/CBDistillery-Full-Spectrum-CBD-Oil-Extra-Strength-1000mg-30ml-33mg-per-serving_-New-Label-1024x1024-1.jpg","type":"image\/jpeg"}],"twitter_card":"summary_large_image","twitter_misc":{"Dur\u00e9e de lecture estim\u00e9e":"3 minutes"},"schema":{"@context":"https:\/\/schema.org","@graph":[{"@type":"WebPage","@id":"https:\/\/510premiumcarts.com\/index.php\/product\/mary-j-mart-cbdistillery-tincture-250mg\/","url":"https:\/\/510premiumcarts.com\/index.php\/product\/mary-j-mart-cbdistillery-tincture-250mg\/","name":"Mary j mart cbdistillery tincture 250mg - 510 Premium Carts CBD","isPartOf":{"@id":"https:\/\/510premiumcarts.com\/#website"},"primaryImageOfPage":{"@id":"https:\/\/510premiumcarts.com\/index.php\/product\/mary-j-mart-cbdistillery-tincture-250mg\/#primaryimage"},"image":{"@id":"https:\/\/510premiumcarts.com\/index.php\/product\/mary-j-mart-cbdistillery-tincture-250mg\/#primaryimage"},"thumbnailUrl":"https:\/\/510premiumcarts.com\/wp-content\/uploads\/2023\/03\/CBDistillery-Full-Spectrum-CBD-Oil-Extra-Strength-1000mg-30ml-33mg-per-serving_-New-Label-1024x1024-1.jpg","datePublished":"2023-03-07T13:25:33+00:00","dateModified":"2023-04-13T10:55:34+00:00","description":"mary j mart cbdistillery tincture 250mg est fabriqu\u00e9 avec du chanvre industriel sans pesticides et sans OGM extrait des tiges et des tiges matures de la plante de chanvre.","breadcrumb":{"@id":"https:\/\/510premiumcarts.com\/index.php\/product\/mary-j-mart-cbdistillery-tincture-250mg\/#breadcrumb"},"inLanguage":"fr-FR","potentialAction":[{"@type":"ReadAction","target":["https:\/\/510premiumcarts.com\/index.php\/product\/mary-j-mart-cbdistillery-tincture-250mg\/"]}]},{"@type":"ImageObject","inLanguage":"fr-FR","@id":"https:\/\/510premiumcarts.com\/index.php\/product\/mary-j-mart-cbdistillery-tincture-250mg\/#primaryimage","url":"https:\/\/510premiumcarts.com\/wp-content\/uploads\/2023\/03\/CBDistillery-Full-Spectrum-CBD-Oil-Extra-Strength-1000mg-30ml-33mg-per-serving_-New-Label-1024x1024-1.jpg","contentUrl":"https:\/\/510premiumcarts.com\/wp-content\/uploads\/2023\/03\/CBDistillery-Full-Spectrum-CBD-Oil-Extra-Strength-1000mg-30ml-33mg-per-serving_-New-Label-1024x1024-1.jpg","width":1024,"height":1024,"caption":"mary j mart cbdistillery tincture 250mg"},{"@type":"BreadcrumbList","@id":"https:\/\/510premiumcarts.com\/index.php\/product\/mary-j-mart-cbdistillery-tincture-250mg\/#breadcrumb","itemListElement":[{"@type":"ListItem","position":1,"name":"Home","item":"https:\/\/510premiumcarts.com\/"},{"@type":"ListItem","position":2,"name":"Marques de vapotage","item":"https:\/\/510premiumcarts.com\/index.php\/acheter-du-cannabis\/"},{"@type":"ListItem","position":3,"name":"Mary j mart cbdistillery tincture 250mg"}]},{"@type":"WebSite","@id":"https:\/\/510premiumcarts.com\/#website","url":"https:\/\/510premiumcarts.com\/","name":"510 Premium Carts","description":"Just another WordPress site","potentialAction":[{"@type":"SearchAction","target":{"@type":"EntryPoint","urlTemplate":"https:\/\/510premiumcarts.com\/?s={search_term_string}"},"query-input":{"@type":"PropertyValueSpecification","valueRequired":true,"valueName":"search_term_string"}}],"inLanguage":"fr-FR"}]}},"jetpack_sharing_enabled":true,"_links":{"self":[{"href":"https:\/\/510premiumcarts.com\/index.php\/wp-json\/wp\/v2\/product\/1787","targetHints":{"allow":["GET"]}}],"collection":[{"href":"https:\/\/510premiumcarts.com\/index.php\/wp-json\/wp\/v2\/product"}],"about":[{"href":"https:\/\/510premiumcarts.com\/index.php\/wp-json\/wp\/v2\/types\/product"}],"replies":[{"embeddable":true,"href":"https:\/\/510premiumcarts.com\/index.php\/wp-json\/wp\/v2\/comments?post=1787"}],"wp:featuredmedia":[{"embeddable":true,"href":"https:\/\/510premiumcarts.com\/index.php\/wp-json\/wp\/v2\/media\/1788"}],"wp:attachment":[{"href":"https:\/\/510premiumcarts.com\/index.php\/wp-json\/wp\/v2\/media?parent=1787"}],"wp:term":[{"taxonomy":"product_brand","embeddable":true,"href":"https:\/\/510premiumcarts.com\/index.php\/wp-json\/wp\/v2\/product_brand?post=1787"},{"taxonomy":"product_cat","embeddable":true,"href":"https:\/\/510premiumcarts.com\/index.php\/wp-json\/wp\/v2\/product_cat?post=1787"},{"taxonomy":"product_tag","embeddable":true,"href":"https:\/\/510premiumcarts.com\/index.php\/wp-json\/wp\/v2\/product_tag?post=1787"}],"curies":[{"name":"wp","href":"https:\/\/api.w.org\/{rel}","templated":true}]}}