{"id":1790,"date":"2023-03-07T13:31:32","date_gmt":"2023-03-07T13:31:32","guid":{"rendered":"https:\/\/510premiumcarts.com\/?post_type=product&#038;p=1790"},"modified":"2026-02-24T12:56:05","modified_gmt":"2026-02-24T12:56:05","slug":"huile-de-chanvre-rsho-x","status":"publish","type":"product","link":"https:\/\/510premiumcarts.com\/index.php\/product\/huile-de-chanvre-rsho-x\/","title":{"rendered":"Hemp Oil Rsho-X"},"content":{"rendered":"<h1><span style=\"color: #ffcc00;\">Huile de CHANVRE vs cbd<\/span><\/h1>\n<p>huile de chanvre vs cbd THC CBD huile de <a href=\"https:\/\/ogdispensary.org\/product\/30mg-cbd-isolate-infused-softgels-thc-free-60-coun\/\">chanvre<\/a>. Parce que l&rsquo;huile de chanvre <a href=\"https:\/\/ogdispensary.org\/product\/tang-eray-cookies\/\">RSHO<\/a>-X RSHO-X \u2122 est 100% exempte de THC, le compos\u00e9 du cannabis qui fait planer les utilisateurs, il est devenu le suppl\u00e9ment de CBD de choix pour de nombreux parents de jeunes enfants, premiers intervenants et <a href=\"https:\/\/ogdispensary.org\/product\/medihemp-organic-hemp-oil\/\">athl\u00e8tes<\/a> de comp\u00e9tition. <a href=\"https:\/\/ogdispensary.org\/product\/hemp-seed-oil-thc-cbd\/\">Chaque<\/a> bouteille de 4 oz contient 1000 mg de CBD et absolument pas de THC.<\/p>\n<p>. RSHO-X\u2122 combine l&rsquo;isolat de CBD avec de l&rsquo;huile de triglyc\u00e9ride \u00e0 cha\u00eene moyenne (MCT) d\u00e9riv\u00e9e de l&rsquo;huile de noix de coco saine.<\/p>\n<p>L&rsquo;isolat de CBD est un cristalline de CBD pur \u00e0 99 %. Fabriqu\u00e9 \u00e0 partir du m\u00eame concentr\u00e9 d&rsquo;huile de chanvre CBD prim\u00e9 HUILE DE chanvre VS CBD, l&rsquo;isolat de CBD subit un processus de purification exclusif pour filtrer toutes les mati\u00e8res v\u00e9g\u00e9tales et les cires en exc\u00e8s. Ce qui reste est du CBD pur \u00e0 99 %, sans quantit\u00e9 mesurable de THC.<\/p>\n<p>Fabriqu\u00e9e en infusant de l&rsquo;isolat de CBD dans de l&rsquo;huile <a href=\"https:\/\/ogdispensary.org\/product\/rsho-cbd-green-capsules-30ct\/\">MCT<\/a> nutritive, l&rsquo;huile de chanvre offre une huile de CBD sans THC. Il se pr\u00e9sente sous une forme liquide pratique et est conditionn\u00e9 dans une bouteille en verre <a href=\"https:\/\/ogdispensary.org\/product\/cbd-oil-drops\/\">ambr\u00e9<\/a> pour pr\u00e9server son int\u00e9grit\u00e9.<\/p>\n<p>RSHO-X\u2122 est disponible en deux tailles. Notre bouteille de 4 onces de RSHO-X\u2122 contient 1000 mg de CBD, soit environ 31 mg de CBD par portion de \u00be de cuill\u00e8re \u00e0 caf\u00e9. Pour une concentration de CBD plus \u00e9lev\u00e9e, notre bouteille de 8 onces de RSHO-X\u2122 contient 5000 mg de CBD, pour environ 78 mg de CBD dans chaque portion de \u00be de cuill\u00e8re \u00e0 caf\u00e9.<\/p>\n<h2>AVANTAGES DU RSHO-X<\/h2>\n<p>Le CBD pr\u00e9sent dans l&rsquo;huile de chanvre \u2122 aide \u00e0 favoriser la sant\u00e9 et le bien-\u00eatre en g\u00e9n\u00e9ral en soutenant le syst\u00e8me endocannabino\u00efde du corps. Le principal r\u00e9seau de r\u00e9gulation maintient l&rsquo;\u00e9quilibre de nombreuses fonctions cruciales de l&rsquo;organisme, notamment la r\u00e9ponse du syst\u00e8me immunitaire, l&rsquo;humeur, l&rsquo;app\u00e9tit, la production d&rsquo;hormones, le sommeil et bien plus encore. En interagissant avec les r\u00e9cepteurs cannabino\u00efdes, le CBD contenu dans RSHO-X\u2122 encourage le syst\u00e8me endocannabino\u00efde \u00e0 maintenir l&rsquo;\u00e9quilibre et le fonctionnement optimal du corps et de ses nombreuses fonctions.<\/p>\n<p>Les avantages RSHO-X\u2122 s&rsquo;appliquent \u00e0 toute personne int\u00e9ress\u00e9e par la promotion du bien-\u00eatre. Un syst\u00e8me endocannabino\u00efde fonctionnant correctement est crucial pour notre sant\u00e9 et notre bien-\u00eatre. <span style=\"color: #ffffff;\">Huile de chanvre Rsho-X<\/span><\/p>\n<h2>COMMENT PRENDRE RSHO-X\u2122<\/h2>\n<p>En tant que liquide polyvalent, RSHO-X\u2122 peut \u00eatre facilement int\u00e9gr\u00e9 \u00e0 votre routine quotidienne de sant\u00e9 et de bien-\u00eatre.<\/p>\n<p>RSHO-X\u2122 se m\u00e9lange \u00e9galement bien avec les aliments pr\u00e9par\u00e9s comme le yogourt, les flocons d&rsquo;avoine, les smoothies et les soupes.<span style=\"color: #ffffff;\">Huile de chanvre Rsho-X<\/span><\/p>\n<p>Vous pouvez \u00e9galement avaler votre portion quotidienne de RSHO-X\u2122. Les compos\u00e9s de CBD traverseront votre tube digestif et seront \u00e9ventuellement achemin\u00e9s vers votre circulation sanguine en 30 \u00e0 60 minutes environ.<\/p>\n<p>RSHO-X\u2122 se m\u00e9lange \u00e9galement bien avec les aliments pr\u00e9par\u00e9s comme le yogourt, les flocons d&rsquo;avoine, les smoothies et les soupes. Ce produit de teinture CBD en bouteille peut \u00eatre ajout\u00e9 \u00e0 presque tous les aliments ou boissons, mais il est pr\u00e9f\u00e9rable de ne pas cuisiner avec des produits CBD car une chaleur \u00e9lev\u00e9e peut r\u00e9duire la puissance.<\/p>\n","protected":false},"excerpt":{"rendered":"<p>VRAIE HUILE DE CHANVRE SCIENTIFIQUE \u2122<\/p>\n<p>LIQUIDE RSHO-X\u2122 (1000MG CBD) 4OZ. BOUTEILLE<\/p>\n","protected":false},"featured_media":1791,"comment_status":"open","ping_status":"closed","template":"","meta":{"_monsterinsights_skip_tracking":false,"_monsterinsights_sitenote_active":false,"_monsterinsights_sitenote_note":"","_monsterinsights_sitenote_category":0},"product_brand":[],"product_cat":[4991],"product_tag":[2523,2483,2518,2620,2531,2613,2574,2566,2605,2609,2576,2521,2527,2615,2529,2610,2581,2557,2482,2619,2491,2667,2572,2662,2571,2630,2665,2485,2608,2530,2520,2532,2486,2628,2627,2489,2612,2488,2579,2558,2524,2661,2487,2495,2622,2664,2564,2567,2494,2629,2614,2570,2624,2569,2490,2621,2582,2573,2617,2575,2663,2492,2618,2493,2522,2534,2526,2519,2625,4996,2568,2578,2606,2538,2660,2607,2562,2537,2561,2560,2533,2525,2556,2536,2577,2631,2580,2496,2563,2565,2535,2623,2484,2528,2559,2616,2497,2666,2611],"class_list":{"0":"post-1790","1":"product","2":"type-product","3":"status-publish","4":"has-post-thumbnail","6":"product_cat-acheter-cbd-oil","7":"product_tag-benefits-of-cbd-oil","8":"product_tag-best-cbd-oil","9":"product_tag-best-cbd-oil-dailycbd-com","10":"product_tag-best-cbd-oil-for-anxiety","11":"product_tag-best-cbd-oil-for-dogs","12":"product_tag-best-cbd-oil-for-dogs-gold-bee","13":"product_tag-best-cbd-oil-for-dogs-with-arthritis","14":"product_tag-best-cbd-oil-for-dogs-with-arthritis-dailycbd-com","15":"product_tag-best-cbd-oil-for-dogs-with-arthritis-gold-bee","16":"product_tag-best-cbd-oil-for-pain","17":"product_tag-best-cbd-oil-for-pain-2021","18":"product_tag-best-cbd-oil-gold-bee","19":"product_tag-best-cbd-oil-nordic-oil","20":"product_tag-broad-spectrum-cbd-oil","21":"product_tag-buy-cbd-oil","22":"product_tag-buy-cbd-oil-nordic-oil","23":"product_tag-cannagenix-cbd-oil","24":"product_tag-cannaverda-cbd-oil","25":"product_tag-cbd-oil","26":"product_tag-cbd-oil-amazon","27":"product_tag-cbd-oil-benefits","28":"product_tag-cbd-oil-capsules","29":"product_tag-cbd-oil-dogs","30":"product_tag-cbd-oil-dosage","31":"product_tag-cbd-oil-dosage-calculator","32":"product_tag-cbd-oil-drops","33":"product_tag-cbd-oil-drug-test","34":"product_tag-cbd-oil-for-anxiety","35":"product_tag-cbd-oil-for-anxiety-royal-cbd","36":"product_tag-cbd-oil-for-arthritis","37":"product_tag-cbd-oil-for-cat","38":"product_tag-cbd-oil-for-cats","39":"product_tag-cbd-oil-for-dogs","40":"product_tag-cbd-oil-for-dogs-amazon","41":"product_tag-cbd-oil-for-dogs-dose-calculator","42":"product_tag-cbd-oil-for-pain","43":"product_tag-cbd-oil-for-pets","44":"product_tag-cbd-oil-for-sale","45":"product_tag-cbd-oil-for-sex","46":"product_tag-cbd-oil-for-sleep","47":"product_tag-cbd-oil-gold-bee","48":"product_tag-cbd-oil-native-nutrition","49":"product_tag-cbd-oil-near-me","50":"product_tag-cbd-oil-nordic-oil","51":"product_tag-cbd-oil-online","52":"product_tag-cbd-oil-price","53":"product_tag-cbd-oil-reviews","54":"product_tag-cbd-oil-reviews-nordic-oil","55":"product_tag-cbd-oil-side-effects","56":"product_tag-cbd-oil-side-effects-on-kidneys","57":"product_tag-cbd-oil-uses","58":"product_tag-cbd-oil-vape","59":"product_tag-cbd-oil-vs-hemp-oil","60":"product_tag-cbd-oil-with-thc","61":"product_tag-charlottes-web-cbd-oil","62":"product_tag-dangers-of-cbd-oil-for-anxiety","63":"product_tag-does-cbd-oil-expire","64":"product_tag-does-cbd-oil-get-you-high","65":"product_tag-does-cbd-oil-work","66":"product_tag-dog-cbd-oil","67":"product_tag-ellevet-cbd-oil","68":"product_tag-full-spectrum-cbd-oil","69":"product_tag-full-spectrum-cbd-oil-1000mg","70":"product_tag-gold-bee-best-cbd-oil","71":"product_tag-gold-bee-buy-cbd-oil","72":"product_tag-gold-bee-cbd-oil","73":"product_tag-gold-bee-cbd-oil-for-sale","74":"product_tag-gold-bee-cbd-oil-near-me","75":"product_tag-green-canyon-cbd-oil","76":"product_tag-hemp-oil-rsho-x","77":"product_tag-hemp-oil-vs-cbd-oil","78":"product_tag-honest-paws-cbd-oil","79":"product_tag-how-does-cbd-oil-make-you-feel","80":"product_tag-how-long-does-cbd-oil-take-to-work-for-anxiety","81":"product_tag-how-much-cbd-oil-should-i-give-my-dog-for-anxiety","82":"product_tag-how-much-cbd-oil-should-i-take-for-pain","83":"product_tag-how-to-make-cbd-oil","84":"product_tag-how-to-take-cbd-oil","85":"product_tag-how-to-use-cbd-oil","86":"product_tag-how-to-use-cbd-oil-for-anxiety","87":"product_tag-how-to-use-cbd-oil-for-erectile-dysfunction","88":"product_tag-how-to-use-cbd-oil-for-pain","89":"product_tag-is-cbd-oil-legal","90":"product_tag-is-hemp-oil-the-same-as-cbd-oil","91":"product_tag-medterra-cbd-oil","92":"product_tag-nuleaf-cbd-oil","93":"product_tag-organic-cbd-oil","94":"product_tag-pure-cbd-oil","95":"product_tag-pure-cbd-oil-nordic-oil","96":"product_tag-side-effects-of-cbd-oil","97":"product_tag-thc-cbd-oil","98":"product_tag-what-does-cbd-oil-do","99":"product_tag-what-is-cbd-oil","100":"product_tag-what-is-cbd-oil-good-for","101":"product_tag-where-can-i-buy-cbd-oil","102":"product_tag-where-can-i-buy-cbd-oil-near-me","103":"product_tag-where-to-buy-cbd-oil","104":"product_tag-where-to-buy-cbd-oil-for-dogs","105":"product_tag-will-cbd-oil-show-up-on-a-drug-test","107":"first","108":"instock","109":"shipping-taxable","110":"purchasable","111":"product-type-simple"},"yoast_head":"<!-- This site is optimized with the Yoast SEO plugin v27.4 - https:\/\/yoast.com\/product\/yoast-seo-wordpress\/ -->\n<title>Hemp Oil Rsho-X - 510 Premium Carts meilleure huile cbd nordic oiL - Acheter<\/title>\n<meta name=\"description\" content=\"Huile de chanvre Huile de chanvre Rsho-X THC CBD. Parce que l&#039;huile de chanvre RSHO-X RSHO-X \u2122 est 100% sans THC, le compos\u00e9 du cannabis qui fait planer les utilisateurs\" \/>\n<meta name=\"robots\" content=\"index, follow, max-snippet:-1, max-image-preview:large, max-video-preview:-1\" \/>\n<link rel=\"canonical\" href=\"https:\/\/510premiumcarts.com\/index.php\/product\/huile-de-chanvre-rsho-x\/\" \/>\n<meta property=\"og:locale\" content=\"fr_FR\" \/>\n<meta property=\"og:type\" content=\"article\" \/>\n<meta property=\"og:title\" content=\"Hemp Oil Rsho-X - 510 Premium Carts meilleure huile cbd nordic oiL - Acheter\" \/>\n<meta property=\"og:description\" content=\"Huile de chanvre Huile de chanvre Rsho-X THC CBD. Parce que l&#039;huile de chanvre RSHO-X RSHO-X \u2122 est 100% sans THC, le compos\u00e9 du cannabis qui fait planer les utilisateurs\" \/>\n<meta property=\"og:url\" content=\"https:\/\/510premiumcarts.com\/index.php\/product\/huile-de-chanvre-rsho-x\/\" \/>\n<meta property=\"og:site_name\" content=\"510 Premium Carts\" \/>\n<meta property=\"article:modified_time\" content=\"2026-02-24T12:56:05+00:00\" \/>\n<meta property=\"og:image\" content=\"http:\/\/510premiumcarts.com\/wp-content\/uploads\/2023\/03\/RSHO-x-Group-resize.jpg\" \/>\n\t<meta property=\"og:image:width\" content=\"1200\" \/>\n\t<meta property=\"og:image:height\" content=\"500\" \/>\n\t<meta property=\"og:image:type\" content=\"image\/jpeg\" \/>\n<meta name=\"twitter:card\" content=\"summary_large_image\" \/>\n<meta name=\"twitter:label1\" content=\"Dur\u00e9e de lecture estim\u00e9e\" \/>\n\t<meta name=\"twitter:data1\" content=\"3 minutes\" \/>\n<script type=\"application\/ld+json\" class=\"yoast-schema-graph\">{\"@context\":\"https:\\\/\\\/schema.org\",\"@graph\":[{\"@type\":\"WebPage\",\"@id\":\"https:\\\/\\\/510premiumcarts.com\\\/index.php\\\/product\\\/huile-de-chanvre-rsho-x\\\/\",\"url\":\"https:\\\/\\\/510premiumcarts.com\\\/index.php\\\/product\\\/huile-de-chanvre-rsho-x\\\/\",\"name\":\"Hemp Oil Rsho-X - 510 Premium Carts meilleure huile cbd nordic oiL - Acheter\",\"isPartOf\":{\"@id\":\"https:\\\/\\\/510premiumcarts.com\\\/#website\"},\"primaryImageOfPage\":{\"@id\":\"https:\\\/\\\/510premiumcarts.com\\\/index.php\\\/product\\\/huile-de-chanvre-rsho-x\\\/#primaryimage\"},\"image\":{\"@id\":\"https:\\\/\\\/510premiumcarts.com\\\/index.php\\\/product\\\/huile-de-chanvre-rsho-x\\\/#primaryimage\"},\"thumbnailUrl\":\"https:\\\/\\\/510premiumcarts.com\\\/wp-content\\\/uploads\\\/2023\\\/03\\\/RSHO-x-Group-resize.jpg\",\"datePublished\":\"2023-03-07T13:31:32+00:00\",\"dateModified\":\"2026-02-24T12:56:05+00:00\",\"description\":\"Huile de chanvre Huile de chanvre Rsho-X THC CBD. Parce que l'huile de chanvre RSHO-X RSHO-X \u2122 est 100% sans THC, le compos\u00e9 du cannabis qui fait planer les utilisateurs\",\"breadcrumb\":{\"@id\":\"https:\\\/\\\/510premiumcarts.com\\\/index.php\\\/product\\\/huile-de-chanvre-rsho-x\\\/#breadcrumb\"},\"inLanguage\":\"fr-FR\",\"potentialAction\":[{\"@type\":\"ReadAction\",\"target\":[\"https:\\\/\\\/510premiumcarts.com\\\/index.php\\\/product\\\/huile-de-chanvre-rsho-x\\\/\"]}]},{\"@type\":\"ImageObject\",\"inLanguage\":\"fr-FR\",\"@id\":\"https:\\\/\\\/510premiumcarts.com\\\/index.php\\\/product\\\/huile-de-chanvre-rsho-x\\\/#primaryimage\",\"url\":\"https:\\\/\\\/510premiumcarts.com\\\/wp-content\\\/uploads\\\/2023\\\/03\\\/RSHO-x-Group-resize.jpg\",\"contentUrl\":\"https:\\\/\\\/510premiumcarts.com\\\/wp-content\\\/uploads\\\/2023\\\/03\\\/RSHO-x-Group-resize.jpg\",\"width\":1200,\"height\":500,\"caption\":\"Hemp Oil Rsho-X\"},{\"@type\":\"BreadcrumbList\",\"@id\":\"https:\\\/\\\/510premiumcarts.com\\\/index.php\\\/product\\\/huile-de-chanvre-rsho-x\\\/#breadcrumb\",\"itemListElement\":[{\"@type\":\"ListItem\",\"position\":1,\"name\":\"Home\",\"item\":\"https:\\\/\\\/510premiumcarts.com\\\/\"},{\"@type\":\"ListItem\",\"position\":2,\"name\":\"Marques de vapotage\",\"item\":\"https:\\\/\\\/510premiumcarts.com\\\/index.php\\\/acheter-du-cannabis\\\/\"},{\"@type\":\"ListItem\",\"position\":3,\"name\":\"Hemp Oil Rsho-X\"}]},{\"@type\":\"WebSite\",\"@id\":\"https:\\\/\\\/510premiumcarts.com\\\/#website\",\"url\":\"https:\\\/\\\/510premiumcarts.com\\\/\",\"name\":\"510 Premium Carts\",\"description\":\"Just another WordPress site\",\"potentialAction\":[{\"@type\":\"SearchAction\",\"target\":{\"@type\":\"EntryPoint\",\"urlTemplate\":\"https:\\\/\\\/510premiumcarts.com\\\/?s={search_term_string}\"},\"query-input\":{\"@type\":\"PropertyValueSpecification\",\"valueRequired\":true,\"valueName\":\"search_term_string\"}}],\"inLanguage\":\"fr-FR\"}]}<\/script>\n<!-- \/ Yoast SEO plugin. -->","yoast_head_json":{"title":"Hemp Oil Rsho-X - 510 Premium Carts meilleure huile cbd nordic oiL - Acheter","description":"Huile de chanvre Huile de chanvre Rsho-X THC CBD. Parce que l'huile de chanvre RSHO-X RSHO-X \u2122 est 100% sans THC, le compos\u00e9 du cannabis qui fait planer les utilisateurs","robots":{"index":"index","follow":"follow","max-snippet":"max-snippet:-1","max-image-preview":"max-image-preview:large","max-video-preview":"max-video-preview:-1"},"canonical":"https:\/\/510premiumcarts.com\/index.php\/product\/huile-de-chanvre-rsho-x\/","og_locale":"fr_FR","og_type":"article","og_title":"Hemp Oil Rsho-X - 510 Premium Carts meilleure huile cbd nordic oiL - Acheter","og_description":"Huile de chanvre Huile de chanvre Rsho-X THC CBD. Parce que l'huile de chanvre RSHO-X RSHO-X \u2122 est 100% sans THC, le compos\u00e9 du cannabis qui fait planer les utilisateurs","og_url":"https:\/\/510premiumcarts.com\/index.php\/product\/huile-de-chanvre-rsho-x\/","og_site_name":"510 Premium Carts","article_modified_time":"2026-02-24T12:56:05+00:00","og_image":[{"width":1200,"height":500,"url":"http:\/\/510premiumcarts.com\/wp-content\/uploads\/2023\/03\/RSHO-x-Group-resize.jpg","type":"image\/jpeg"}],"twitter_card":"summary_large_image","twitter_misc":{"Dur\u00e9e de lecture estim\u00e9e":"3 minutes"},"schema":{"@context":"https:\/\/schema.org","@graph":[{"@type":"WebPage","@id":"https:\/\/510premiumcarts.com\/index.php\/product\/huile-de-chanvre-rsho-x\/","url":"https:\/\/510premiumcarts.com\/index.php\/product\/huile-de-chanvre-rsho-x\/","name":"Hemp Oil Rsho-X - 510 Premium Carts meilleure huile cbd nordic oiL - Acheter","isPartOf":{"@id":"https:\/\/510premiumcarts.com\/#website"},"primaryImageOfPage":{"@id":"https:\/\/510premiumcarts.com\/index.php\/product\/huile-de-chanvre-rsho-x\/#primaryimage"},"image":{"@id":"https:\/\/510premiumcarts.com\/index.php\/product\/huile-de-chanvre-rsho-x\/#primaryimage"},"thumbnailUrl":"https:\/\/510premiumcarts.com\/wp-content\/uploads\/2023\/03\/RSHO-x-Group-resize.jpg","datePublished":"2023-03-07T13:31:32+00:00","dateModified":"2026-02-24T12:56:05+00:00","description":"Huile de chanvre Huile de chanvre Rsho-X THC CBD. Parce que l'huile de chanvre RSHO-X RSHO-X \u2122 est 100% sans THC, le compos\u00e9 du cannabis qui fait planer les utilisateurs","breadcrumb":{"@id":"https:\/\/510premiumcarts.com\/index.php\/product\/huile-de-chanvre-rsho-x\/#breadcrumb"},"inLanguage":"fr-FR","potentialAction":[{"@type":"ReadAction","target":["https:\/\/510premiumcarts.com\/index.php\/product\/huile-de-chanvre-rsho-x\/"]}]},{"@type":"ImageObject","inLanguage":"fr-FR","@id":"https:\/\/510premiumcarts.com\/index.php\/product\/huile-de-chanvre-rsho-x\/#primaryimage","url":"https:\/\/510premiumcarts.com\/wp-content\/uploads\/2023\/03\/RSHO-x-Group-resize.jpg","contentUrl":"https:\/\/510premiumcarts.com\/wp-content\/uploads\/2023\/03\/RSHO-x-Group-resize.jpg","width":1200,"height":500,"caption":"Hemp Oil Rsho-X"},{"@type":"BreadcrumbList","@id":"https:\/\/510premiumcarts.com\/index.php\/product\/huile-de-chanvre-rsho-x\/#breadcrumb","itemListElement":[{"@type":"ListItem","position":1,"name":"Home","item":"https:\/\/510premiumcarts.com\/"},{"@type":"ListItem","position":2,"name":"Marques de vapotage","item":"https:\/\/510premiumcarts.com\/index.php\/acheter-du-cannabis\/"},{"@type":"ListItem","position":3,"name":"Hemp Oil Rsho-X"}]},{"@type":"WebSite","@id":"https:\/\/510premiumcarts.com\/#website","url":"https:\/\/510premiumcarts.com\/","name":"510 Premium Carts","description":"Just another WordPress site","potentialAction":[{"@type":"SearchAction","target":{"@type":"EntryPoint","urlTemplate":"https:\/\/510premiumcarts.com\/?s={search_term_string}"},"query-input":{"@type":"PropertyValueSpecification","valueRequired":true,"valueName":"search_term_string"}}],"inLanguage":"fr-FR"}]}},"jetpack_sharing_enabled":true,"_links":{"self":[{"href":"https:\/\/510premiumcarts.com\/index.php\/wp-json\/wp\/v2\/product\/1790","targetHints":{"allow":["GET"]}}],"collection":[{"href":"https:\/\/510premiumcarts.com\/index.php\/wp-json\/wp\/v2\/product"}],"about":[{"href":"https:\/\/510premiumcarts.com\/index.php\/wp-json\/wp\/v2\/types\/product"}],"replies":[{"embeddable":true,"href":"https:\/\/510premiumcarts.com\/index.php\/wp-json\/wp\/v2\/comments?post=1790"}],"wp:featuredmedia":[{"embeddable":true,"href":"https:\/\/510premiumcarts.com\/index.php\/wp-json\/wp\/v2\/media\/1791"}],"wp:attachment":[{"href":"https:\/\/510premiumcarts.com\/index.php\/wp-json\/wp\/v2\/media?parent=1790"}],"wp:term":[{"taxonomy":"product_brand","embeddable":true,"href":"https:\/\/510premiumcarts.com\/index.php\/wp-json\/wp\/v2\/product_brand?post=1790"},{"taxonomy":"product_cat","embeddable":true,"href":"https:\/\/510premiumcarts.com\/index.php\/wp-json\/wp\/v2\/product_cat?post=1790"},{"taxonomy":"product_tag","embeddable":true,"href":"https:\/\/510premiumcarts.com\/index.php\/wp-json\/wp\/v2\/product_tag?post=1790"}],"curies":[{"name":"wp","href":"https:\/\/api.w.org\/{rel}","templated":true}]}}