{"id":1792,"date":"2023-03-07T13:39:48","date_gmt":"2023-03-07T13:39:48","guid":{"rendered":"https:\/\/510premiumcarts.com\/?post_type=product&#038;p=1792"},"modified":"2023-04-13T07:34:01","modified_gmt":"2023-04-13T07:34:01","slug":"cbd-oil-drops","status":"publish","type":"product","link":"https:\/\/510premiumcarts.com\/index.php\/product\/cbd-oil-drops\/","title":{"rendered":"CBD oil Drops"},"content":{"rendered":"<h1><span style=\"color: #ffcc00;\"><a style=\"color: #ffcc00;\" href=\"https:\/\/510premiumcarts.com\/index.php\/product-category\/marijuana-strains\/buy-cbd-oil\/\"><span style=\"vertical-align: inherit;\"><span style=\"vertical-align: inherit;\">\u00c0 PROPOS DES GOUTTES D&rsquo;HUILE DE CBD<\/span><\/span><\/a><\/span><\/h1>\n<p>CBD huile\u00a0 Les gouttes sont une excellente source pour am\u00e9liorer le bien-\u00eatre et la vitalit\u00e9. Nous proposons plusieurs saveurs d&rsquo;huile de chanvre CBD pr\u00e9f\u00e9r\u00e9es des fans, notamment les agrumes, la menthe, le naturel, les baies et la vanille. Cependant, contrairement au THC, l&rsquo;huile de CBD n&rsquo;est pas psychoactive. Profitez du bon go\u00fbt et de l&rsquo;ar\u00f4me de ces huiles de CBD nutritionnelles et aromatis\u00e9es ou du go\u00fbt traditionnel de notre huile de CBD naturelle. Contient du cannibidiol issu du chanvre agricole.<\/p>\n<p><span style=\"vertical-align: inherit;\"><span style=\"vertical-align: inherit;\">The fact that<\/span><\/span><\/p>\n<ul>\n<li><strong>Pr\u00e9vention du diab\u00e8te:<\/strong> chez les souris diab\u00e9tiques, le traitement au CBD a r\u00e9duit l&rsquo;incidence du diab\u00e8te de 56 % et r\u00e9duit consid\u00e9rablement l&rsquo;inflammation<\/li>\n<\/ul>\n<p>Le CBD a \u00e9t\u00e9 \u00e9tudi\u00e9 pour son r\u00f4le dans le traitement d&rsquo;un certain nombre de probl\u00e8mes de sant\u00e9 autres que ceux d\u00e9crits ci-dessous.<\/p>\n<h2 class=\"css-1jisqi6\">Avantages et utilisations de l&rsquo;huile de CBD<\/h2>\n<p>&nbsp;<\/p>\n<ul>\n<li>Le CBD a \u00e9t\u00e9 \u00e9tudi\u00e9 pour son r\u00f4le dans le <a href=\"https:\/\/ogdispensary.org\/product\/codeine-syrup-tylenol-with-codeinecough\/\">traitement<\/a> d&rsquo;un certain <a href=\"https:\/\/ogdispensary.org\/product\/forbidden-fruit\/\">nombre<\/a> de probl\u00e8mes de sant\u00e9 autres que ceux d\u00e9crits ci-dessous.<\/li>\n<li><strong>Pr\u00e9vention du diab\u00e8te<\/strong>: \u00a0<a href=\"https:\/\/www.ncbi.nlm.nih.gov\/books\/NBK425762\/\">Chez<\/a> les souris diab\u00e9tiques, le traitement au \u00a0CBD a r\u00e9duit l&rsquo;incidence du diab\u00e8te de 56 % et r\u00e9duit consid\u00e9rablement l&rsquo;inflammation<\/li>\n<\/ul>\n<div>\n<article class=\"article-body css-d2znx6 undefined\">\n<div class=\"css-1u22pos\">\n<p>Le CBD a \u00e9t\u00e9 \u00e9tudi\u00e9 pour son r\u00f4le dans le traitement d&rsquo;un certain nombre de probl\u00e8mes de sant\u00e9 autres que ceux d\u00e9crits ci-dessous.<\/p>\n<p>Mieux connu sous le nom d&rsquo;huile de cbd, il s&rsquo;agit de l&rsquo;un des plus de 100 compos\u00e9s chimiques connus sous le nom de cannabino\u00efdes pr\u00e9sents dans la plante de cannabis ou de marijuana, Cannabis sativa (1 source fiable).<\/p>\n<p>Cependant, contrairement au THC, le CBD n&rsquo;est pas psychoactif. Cette qualit\u00e9 fait du CBD une option attrayante pour ceux qui recherchent un soulagement de la <a href=\"https:\/\/ogdispensary.org\/product\/cbd-oil-medical-health-product\/\">douleur<\/a> et d&rsquo;autres sympt\u00f4mes sans les effets psychotropes de la marijuana ou de certains m\u00e9dicaments pharmaceutiques.<\/p>\n<p>Il prend de l&rsquo;ampleur dans le monde de la sant\u00e9 et du bien-\u00eatre, certaines \u00e9tudes scientifiques <a href=\"https:\/\/ogdispensary.org\/product\/cbd-oil-peppermint-cibdex\/\">confirmant<\/a> qu&rsquo;il peut soulager des sympt\u00f4mes tels que la douleur <a href=\"https:\/\/ogdispensary.org\/product\/codeine-syrup-tylenol-with-codeinecough\/\">chronique<\/a> et l&rsquo;anxi\u00e9t\u00e9.<\/p>\n<p>Le CBD a \u00e9t\u00e9 \u00e9tudi\u00e9 pour son r\u00f4le dans le traitement d&rsquo;un certain nombre de probl\u00e8mes de sant\u00e9.<\/p>\n<p>Le CBD a \u00e9t\u00e9 \u00e9tudi\u00e9 pour son r\u00f4le dans le traitement d&rsquo;un certain nombre de probl\u00e8mes de sant\u00e9 autres que ceux d\u00e9crits ci-dessous.<a href=\"https:\/\/ogdispensary.org\/product\/codeine-syrup-tylenol-with-codeinecough\/\"><span style=\"vertical-align: inherit;\"><span style=\"vertical-align: inherit;\"><br \/>\n<\/span><\/span><\/a><\/p>\n<\/div>\n<div class=\"css-0\">\n<div><span style=\"vertical-align: inherit;\"><span style=\"vertical-align: inherit;\">1 <\/span><\/span><a href=\"https:\/\/ogdispensary.org\/product\/cbd-oil-medical-health-product\/\"><span style=\"vertical-align: inherit;\"><span style=\"vertical-align: inherit;\">. Peut soulager la douleur<\/span><\/span><\/a><\/div>\n<div><span style=\"vertical-align: inherit;\"><span style=\"vertical-align: inherit;\">2. Pourrait r\u00e9duire l&rsquo;anxi\u00e9t\u00e9 et la d\u00e9pression<br \/>\n3. Peut soulager les sympt\u00f4mes li\u00e9s au cancer<br \/>\n4. Peut r\u00e9duire l&rsquo;acn\u00e9<br \/>\n5. Peut avoir des propri\u00e9t\u00e9s neuroprotectrices<br \/>\n6. Pourrait \u00eatre b\u00e9n\u00e9fique pour la sant\u00e9 cardiaque<\/span><\/span><\/div>\n<\/div>\n<\/article>\n<\/div>\n<div>\n<h3>Plusieurs autres avantages potentiels<\/h3>\n<p>L&rsquo;huile de CBD a \u00e9t\u00e9 \u00e9tudi\u00e9e pour son r\u00f4le dans le traitement d&rsquo;un certain nombre de probl\u00e8mes de sant\u00e9 autres que ceux d\u00e9crits ci-dessous.<\/p>\n<ul class=\"hl-long-line\">\n<li><strong>Effets antipsychotiques<\/strong>\u00a0:\u00a0des \u00e9tudes sugg\u00e8rent que le <a href=\"https:\/\/ogdispensary.org\/product\/hemp-seed-oil-thc-cbd\/\">CBD<\/a> pourrait aider les personnes atteintes de schizophr\u00e9nie et d&rsquo;autres troubles mentaux en r\u00e9duisant les sympt\u00f4mes psychotiques<\/li>\n<li><strong>Traitement de la toxicomanie<\/strong>: il a \u00e9t\u00e9 d\u00e9montr\u00e9 que le CBD modifie les circuits c\u00e9r\u00e9braux li\u00e9s \u00e0 la toxicomanie. Chez les rats, il a \u00e9t\u00e9 d\u00e9montr\u00e9 que l&rsquo;huile de cbd r\u00e9duit la d\u00e9pendance \u00e0 la morphine et le comportement de recherche d&rsquo;h\u00e9ro\u00efne<\/li>\n<li><strong>Effets anti-tumoraux<\/strong>: dans des \u00e9tudes en \u00e9prouvette et sur des animaux, les huiles de cbd ont d\u00e9montr\u00e9 des effets anti-tumoraux.<\/li>\n<li><strong>Pr\u00e9vention du diab\u00e8te<\/strong>: chez les souris diab\u00e9tiques, le traitement au CBD a r\u00e9duit l&rsquo;incidence du diab\u00e8te de 56 % et r\u00e9duit consid\u00e9rablement l&rsquo;inflammation<\/li>\n<\/ul>\n<\/div>\n","protected":false},"excerpt":{"rendered":"<div class=\"product-short-description\">\n<p>Gouttes d&rsquo;huile de CBD 1 oz 250 mg sans saveur<\/p>\n<\/div>\n<form class=\"cart\" action=\"https:\/\/ogdispensary.org\/product\/cbd-oil-drops\/\" enctype=\"multipart\/form-data\" method=\"post\">\n<div class=\"sticky-add-to-cart-wrapper\">\n<div class=\"sticky-add-to-cart\">\n<div class=\"quantity buttons_added form-flat\"><\/div>\n<\/div>\n<\/div>\n<\/form>\n","protected":false},"featured_media":1793,"comment_status":"open","ping_status":"closed","template":"","meta":{"_monsterinsights_skip_tracking":false,"_monsterinsights_sitenote_active":false,"_monsterinsights_sitenote_note":"","_monsterinsights_sitenote_category":0},"product_brand":[],"product_cat":[4991],"product_tag":[5084,5027,5005,5072,5059,5042,5080,5019,5079,5077,5051,5070,5073,5048,5056,5032,5068,5055,2630,5093,5075,5047,5069,5082,5014,5003,5076,5025,5064,5024,5043,5007,5065,5016,5033,5091,5050,5006,5026,5088,5090,5023,5028,5037,5089,5053,5058,5045,5013,5054,5066,5086,5035,5078,5015,5012,5074,4997,5009,5001,5004,4998,5002,5031,5008,5020,5038,5057,5021,5017,5060,5044,4999,5063,5052,5034,5040,5083,5011,5010,5046,5085,5067,5087,5094,5039,5000,5018,5062,5022,5081,5036,5030,5092,5061,5071,5029,5095,5049,5041],"class_list":{"0":"post-1792","1":"product","2":"type-product","3":"status-publish","4":"has-post-thumbnail","6":"product_cat-acheter-cbd-oil","7":"product_tag-1000mg-cbd-oil-drops","8":"product_tag-3000mg-cbd-oil-drops","9":"product_tag-300mg-cbd-oil-drops","10":"product_tag-600mg-cbd-oil-drops","11":"product_tag-absolute-nature-cbd-full-spectrum-cbd-oil-drops","12":"product_tag-amazon-cbd-oil-drops","13":"product_tag-best-1000mg-cbd-oil-drops","14":"product_tag-best-cbd-oil-drops","15":"product_tag-best-royal-cbd-oil-drops","16":"product_tag-best-time-of-day-to-take-cbd-oil-drops","17":"product_tag-best-water-soluble-cbd-oil-drops","18":"product_tag-blessed-cbd-oil-drops","19":"product_tag-bliss-cbd-oil-drops","20":"product_tag-buy-1000mg-cbd-oil-drops","21":"product_tag-buy-cbd-oil-drops","22":"product_tag-buy-certified-cbd-oil-drops","23":"product_tag-cannabidiol-cbd-oil-drops-1000mg","24":"product_tag-cannabis-cbd-oil-drops-10ml-by-cannabidiol","25":"product_tag-cbd-oil-drops","26":"product_tag-cbd-oil-drops-3-thc","27":"product_tag-cbd-oil-drops-1000","28":"product_tag-cbd-oil-drops-1500mg","29":"product_tag-cbd-oil-drops-2000mg","30":"product_tag-cbd-oil-drops-3000mg","31":"product_tag-cbd-oil-drops-300mg","32":"product_tag-cbd-oil-drops-500mg","33":"product_tag-cbd-oil-drops-750-mg","34":"product_tag-cbd-oil-drops-benefits","35":"product_tag-cbd-oil-drops-for-anxiety","36":"product_tag-cbd-oil-drops-for-dogs","37":"product_tag-cbd-oil-drops-for-pain","38":"product_tag-cbd-oil-drops-for-sale","39":"product_tag-cbd-oil-drops-for-sleep","40":"product_tag-cbd-oil-drops-for-tea","41":"product_tag-cbd-oil-drops-in-nose","42":"product_tag-cbd-oil-drops-kio","43":"product_tag-cbd-oil-drops-price","44":"product_tag-cbd-oil-drops-uk","45":"product_tag-cbd-oil-drops-under-tongue","46":"product_tag-cbd-oil-drops-use","47":"product_tag-cheapest-cbd-oil-drops","48":"product_tag-ctfo-cbd-oil-drops","49":"product_tag-cv-sciences-cbd-oil-drops","50":"product_tag-cv-sciences-plus-cbd-oil-drops","51":"product_tag-doseage-for-cbd-oil-drops","52":"product_tag-elixir-cbd-oil-drops","53":"product_tag-fab-cbd-oil-drops","54":"product_tag-fab-royal-cbd-oil-drops","55":"product_tag-flavored-cbd-oil-drops","56":"product_tag-full-spectrum-cbd-oil-drops","57":"product_tag-high-strength-cbd-oil-drops","58":"product_tag-how-do-you-take-cbd-oil-drops","59":"product_tag-how-do-you-use-cbd-oil-drops","60":"product_tag-how-is-cbd-oil-drops-used","61":"product_tag-how-long-do-cbd-oil-drops-take-to-kick-in","62":"product_tag-how-many-cbd-oil-drops-for-dogs","63":"product_tag-how-many-cbd-oil-drops-to-sleep","64":"product_tag-how-to-take-cbd-oil-drops","65":"product_tag-how-to-use-cbd-oil-drops","66":"product_tag-how-to-use-cbd-oil-drops-under-tongue","67":"product_tag-ignite-cbd-oil-drops-blood-orange","68":"product_tag-ignite-cbd-oil-drops-lavender","69":"product_tag-ignite-cbd-oil-drops-tropical-fruit","70":"product_tag-ignite-cbd-oil-drops-unflavored","71":"product_tag-ignite-cbd-oil-drops-unscented","72":"product_tag-isolate-cbd-oil-drops","73":"product_tag-koi-cbd-oil-drops","74":"product_tag-level-select-cbd-oil-drops","75":"product_tag-martha-stewart-cbd-oil-drops","76":"product_tag-new-leaf-naturals-cbd-oil-drops","77":"product_tag-new-leaf-naturals-premium-cbd-oil-drops","78":"product_tag-night-time-cbd-oil-drops","79":"product_tag-oral-cbd-oil-drops","80":"product_tag-oral-cbd-oil-drops-for-sale","81":"product_tag-peppermint-cbd-oil-drops","82":"product_tag-plus-cbd-oil-drops","83":"product_tag-plus-cbd-oil-drops-review","84":"product_tag-plus-royal-cbd-oil-drops-review","85":"product_tag-premium-cbd-oil-drops","86":"product_tag-pure-cbd-oil-drops","87":"product_tag-pure-kana-premium-cbd-oil-drops","88":"product_tag-pure-royal-cbd-oil-drops","89":"product_tag-royal-cbd-oil-drops-dosage","90":"product_tag-select-cbd-oil-drops","91":"product_tag-should-cbd-oil-drops-burn","92":"product_tag-soothe-cbd-oil-drops","93":"product_tag-soul-cbd-oil-drops","94":"product_tag-treatibles-cbd-oil-drops","95":"product_tag-treatibles-cbd-oil-drops-90-mg","96":"product_tag-treatibles-cbd-oil-drops-for-dogs","97":"product_tag-treatibles-cbd-oil-drops-reviews","98":"product_tag-treatibles-royal-cbd-oil-drops-reviews","99":"product_tag-turmeric-cbd-oil-drops","100":"product_tag-what-are-cbd-oil-drops-good-for","101":"product_tag-what-is-cbd-oil-drops","102":"product_tag-what-time-of-day-to-take-cbd-oil-drops","103":"product_tag-where-to-buy-cbd-oil-drops-near-me","104":"product_tag-where-to-buy-pure-cbd-oil-drops","105":"product_tag-wholesale-cbd-oil-drops","106":"product_tag-zatural-full-spectrum-cbd-oil-drops","108":"first","109":"instock","110":"shipping-taxable","111":"purchasable","112":"product-type-simple"},"yoast_head":"<!-- This site is optimized with the Yoast SEO plugin v27.3 - https:\/\/yoast.com\/product\/yoast-seo-wordpress\/ -->\n<title>CBD oil Drops - 510 Premium Carts<\/title>\n<meta name=\"description\" content=\"CBD oil Drops are a great source for enhanced wellness and vitality. We offer several fan-favorite CBD hemp oil flavors including Citrus, Mint, Natural, Berry, and Vanilla. However, unlike THC cbd oil is not psychoactive.\" \/>\n<meta name=\"robots\" content=\"index, follow, max-snippet:-1, max-image-preview:large, max-video-preview:-1\" \/>\n<link rel=\"canonical\" href=\"https:\/\/510premiumcarts.com\/index.php\/product\/cbd-oil-drops\/\" \/>\n<meta property=\"og:locale\" content=\"fr_FR\" \/>\n<meta property=\"og:type\" content=\"article\" \/>\n<meta property=\"og:title\" content=\"CBD oil Drops - 510 Premium Carts\" \/>\n<meta property=\"og:description\" content=\"CBD oil Drops are a great source for enhanced wellness and vitality. We offer several fan-favorite CBD hemp oil flavors including Citrus, Mint, Natural, Berry, and Vanilla. However, unlike THC cbd oil is not psychoactive.\" \/>\n<meta property=\"og:url\" content=\"https:\/\/510premiumcarts.com\/index.php\/product\/cbd-oil-drops\/\" \/>\n<meta property=\"og:site_name\" content=\"510 Premium Carts\" \/>\n<meta property=\"article:modified_time\" content=\"2023-04-13T07:34:01+00:00\" \/>\n<meta property=\"og:image\" content=\"http:\/\/510premiumcarts.com\/wp-content\/uploads\/2023\/03\/CBD-Nat-300mg-Box_460x@2x.webp\" \/>\n\t<meta property=\"og:image:width\" content=\"800\" \/>\n\t<meta property=\"og:image:height\" content=\"800\" \/>\n\t<meta property=\"og:image:type\" content=\"image\/webp\" \/>\n<meta name=\"twitter:card\" content=\"summary_large_image\" \/>\n<meta name=\"twitter:label1\" content=\"Dur\u00e9e de lecture estim\u00e9e\" \/>\n\t<meta name=\"twitter:data1\" content=\"3 minutes\" \/>\n<script type=\"application\/ld+json\" class=\"yoast-schema-graph\">{\"@context\":\"https:\\\/\\\/schema.org\",\"@graph\":[{\"@type\":\"WebPage\",\"@id\":\"https:\\\/\\\/510premiumcarts.com\\\/index.php\\\/product\\\/cbd-oil-drops\\\/\",\"url\":\"https:\\\/\\\/510premiumcarts.com\\\/index.php\\\/product\\\/cbd-oil-drops\\\/\",\"name\":\"CBD oil Drops - 510 Premium Carts\",\"isPartOf\":{\"@id\":\"https:\\\/\\\/510premiumcarts.com\\\/#website\"},\"primaryImageOfPage\":{\"@id\":\"https:\\\/\\\/510premiumcarts.com\\\/index.php\\\/product\\\/cbd-oil-drops\\\/#primaryimage\"},\"image\":{\"@id\":\"https:\\\/\\\/510premiumcarts.com\\\/index.php\\\/product\\\/cbd-oil-drops\\\/#primaryimage\"},\"thumbnailUrl\":\"https:\\\/\\\/510premiumcarts.com\\\/wp-content\\\/uploads\\\/2023\\\/03\\\/CBD-Nat-300mg-Box_460x@2x.webp\",\"datePublished\":\"2023-03-07T13:39:48+00:00\",\"dateModified\":\"2023-04-13T07:34:01+00:00\",\"description\":\"CBD oil Drops are a great source for enhanced wellness and vitality. We offer several fan-favorite CBD hemp oil flavors including Citrus, Mint, Natural, Berry, and Vanilla. However, unlike THC cbd oil is not psychoactive.\",\"breadcrumb\":{\"@id\":\"https:\\\/\\\/510premiumcarts.com\\\/index.php\\\/product\\\/cbd-oil-drops\\\/#breadcrumb\"},\"inLanguage\":\"fr-FR\",\"potentialAction\":[{\"@type\":\"ReadAction\",\"target\":[\"https:\\\/\\\/510premiumcarts.com\\\/index.php\\\/product\\\/cbd-oil-drops\\\/\"]}]},{\"@type\":\"ImageObject\",\"inLanguage\":\"fr-FR\",\"@id\":\"https:\\\/\\\/510premiumcarts.com\\\/index.php\\\/product\\\/cbd-oil-drops\\\/#primaryimage\",\"url\":\"https:\\\/\\\/510premiumcarts.com\\\/wp-content\\\/uploads\\\/2023\\\/03\\\/CBD-Nat-300mg-Box_460x@2x.webp\",\"contentUrl\":\"https:\\\/\\\/510premiumcarts.com\\\/wp-content\\\/uploads\\\/2023\\\/03\\\/CBD-Nat-300mg-Box_460x@2x.webp\",\"width\":800,\"height\":800,\"caption\":\"CBD oil Drops\"},{\"@type\":\"BreadcrumbList\",\"@id\":\"https:\\\/\\\/510premiumcarts.com\\\/index.php\\\/product\\\/cbd-oil-drops\\\/#breadcrumb\",\"itemListElement\":[{\"@type\":\"ListItem\",\"position\":1,\"name\":\"Home\",\"item\":\"https:\\\/\\\/510premiumcarts.com\\\/\"},{\"@type\":\"ListItem\",\"position\":2,\"name\":\"Marques de vapotage\",\"item\":\"https:\\\/\\\/510premiumcarts.com\\\/index.php\\\/acheter-du-cannabis\\\/\"},{\"@type\":\"ListItem\",\"position\":3,\"name\":\"CBD oil Drops\"}]},{\"@type\":\"WebSite\",\"@id\":\"https:\\\/\\\/510premiumcarts.com\\\/#website\",\"url\":\"https:\\\/\\\/510premiumcarts.com\\\/\",\"name\":\"510 Premium Carts\",\"description\":\"Just another WordPress site\",\"potentialAction\":[{\"@type\":\"SearchAction\",\"target\":{\"@type\":\"EntryPoint\",\"urlTemplate\":\"https:\\\/\\\/510premiumcarts.com\\\/?s={search_term_string}\"},\"query-input\":{\"@type\":\"PropertyValueSpecification\",\"valueRequired\":true,\"valueName\":\"search_term_string\"}}],\"inLanguage\":\"fr-FR\"}]}<\/script>\n<!-- \/ Yoast SEO plugin. -->","yoast_head_json":{"title":"CBD oil Drops - 510 Premium Carts","description":"CBD oil Drops are a great source for enhanced wellness and vitality. We offer several fan-favorite CBD hemp oil flavors including Citrus, Mint, Natural, Berry, and Vanilla. However, unlike THC cbd oil is not psychoactive.","robots":{"index":"index","follow":"follow","max-snippet":"max-snippet:-1","max-image-preview":"max-image-preview:large","max-video-preview":"max-video-preview:-1"},"canonical":"https:\/\/510premiumcarts.com\/index.php\/product\/cbd-oil-drops\/","og_locale":"fr_FR","og_type":"article","og_title":"CBD oil Drops - 510 Premium Carts","og_description":"CBD oil Drops are a great source for enhanced wellness and vitality. We offer several fan-favorite CBD hemp oil flavors including Citrus, Mint, Natural, Berry, and Vanilla. However, unlike THC cbd oil is not psychoactive.","og_url":"https:\/\/510premiumcarts.com\/index.php\/product\/cbd-oil-drops\/","og_site_name":"510 Premium Carts","article_modified_time":"2023-04-13T07:34:01+00:00","og_image":[{"width":800,"height":800,"url":"http:\/\/510premiumcarts.com\/wp-content\/uploads\/2023\/03\/CBD-Nat-300mg-Box_460x@2x.webp","type":"image\/webp"}],"twitter_card":"summary_large_image","twitter_misc":{"Dur\u00e9e de lecture estim\u00e9e":"3 minutes"},"schema":{"@context":"https:\/\/schema.org","@graph":[{"@type":"WebPage","@id":"https:\/\/510premiumcarts.com\/index.php\/product\/cbd-oil-drops\/","url":"https:\/\/510premiumcarts.com\/index.php\/product\/cbd-oil-drops\/","name":"CBD oil Drops - 510 Premium Carts","isPartOf":{"@id":"https:\/\/510premiumcarts.com\/#website"},"primaryImageOfPage":{"@id":"https:\/\/510premiumcarts.com\/index.php\/product\/cbd-oil-drops\/#primaryimage"},"image":{"@id":"https:\/\/510premiumcarts.com\/index.php\/product\/cbd-oil-drops\/#primaryimage"},"thumbnailUrl":"https:\/\/510premiumcarts.com\/wp-content\/uploads\/2023\/03\/CBD-Nat-300mg-Box_460x@2x.webp","datePublished":"2023-03-07T13:39:48+00:00","dateModified":"2023-04-13T07:34:01+00:00","description":"CBD oil Drops are a great source for enhanced wellness and vitality. We offer several fan-favorite CBD hemp oil flavors including Citrus, Mint, Natural, Berry, and Vanilla. However, unlike THC cbd oil is not psychoactive.","breadcrumb":{"@id":"https:\/\/510premiumcarts.com\/index.php\/product\/cbd-oil-drops\/#breadcrumb"},"inLanguage":"fr-FR","potentialAction":[{"@type":"ReadAction","target":["https:\/\/510premiumcarts.com\/index.php\/product\/cbd-oil-drops\/"]}]},{"@type":"ImageObject","inLanguage":"fr-FR","@id":"https:\/\/510premiumcarts.com\/index.php\/product\/cbd-oil-drops\/#primaryimage","url":"https:\/\/510premiumcarts.com\/wp-content\/uploads\/2023\/03\/CBD-Nat-300mg-Box_460x@2x.webp","contentUrl":"https:\/\/510premiumcarts.com\/wp-content\/uploads\/2023\/03\/CBD-Nat-300mg-Box_460x@2x.webp","width":800,"height":800,"caption":"CBD oil Drops"},{"@type":"BreadcrumbList","@id":"https:\/\/510premiumcarts.com\/index.php\/product\/cbd-oil-drops\/#breadcrumb","itemListElement":[{"@type":"ListItem","position":1,"name":"Home","item":"https:\/\/510premiumcarts.com\/"},{"@type":"ListItem","position":2,"name":"Marques de vapotage","item":"https:\/\/510premiumcarts.com\/index.php\/acheter-du-cannabis\/"},{"@type":"ListItem","position":3,"name":"CBD oil Drops"}]},{"@type":"WebSite","@id":"https:\/\/510premiumcarts.com\/#website","url":"https:\/\/510premiumcarts.com\/","name":"510 Premium Carts","description":"Just another WordPress site","potentialAction":[{"@type":"SearchAction","target":{"@type":"EntryPoint","urlTemplate":"https:\/\/510premiumcarts.com\/?s={search_term_string}"},"query-input":{"@type":"PropertyValueSpecification","valueRequired":true,"valueName":"search_term_string"}}],"inLanguage":"fr-FR"}]}},"jetpack_sharing_enabled":true,"_links":{"self":[{"href":"https:\/\/510premiumcarts.com\/index.php\/wp-json\/wp\/v2\/product\/1792","targetHints":{"allow":["GET"]}}],"collection":[{"href":"https:\/\/510premiumcarts.com\/index.php\/wp-json\/wp\/v2\/product"}],"about":[{"href":"https:\/\/510premiumcarts.com\/index.php\/wp-json\/wp\/v2\/types\/product"}],"replies":[{"embeddable":true,"href":"https:\/\/510premiumcarts.com\/index.php\/wp-json\/wp\/v2\/comments?post=1792"}],"wp:featuredmedia":[{"embeddable":true,"href":"https:\/\/510premiumcarts.com\/index.php\/wp-json\/wp\/v2\/media\/1793"}],"wp:attachment":[{"href":"https:\/\/510premiumcarts.com\/index.php\/wp-json\/wp\/v2\/media?parent=1792"}],"wp:term":[{"taxonomy":"product_brand","embeddable":true,"href":"https:\/\/510premiumcarts.com\/index.php\/wp-json\/wp\/v2\/product_brand?post=1792"},{"taxonomy":"product_cat","embeddable":true,"href":"https:\/\/510premiumcarts.com\/index.php\/wp-json\/wp\/v2\/product_cat?post=1792"},{"taxonomy":"product_tag","embeddable":true,"href":"https:\/\/510premiumcarts.com\/index.php\/wp-json\/wp\/v2\/product_tag?post=1792"}],"curies":[{"name":"wp","href":"https:\/\/api.w.org\/{rel}","templated":true}]}}