{"id":1794,"date":"2023-03-07T13:50:08","date_gmt":"2023-03-07T13:50:08","guid":{"rendered":"https:\/\/510premiumcarts.com\/?post_type=product&#038;p=1794"},"modified":"2023-04-10T12:14:54","modified_gmt":"2023-04-10T12:14:54","slug":"creme-anti-age-a-lhuile-de-cbd-w-cellules-souches-de-pomme","status":"publish","type":"product","link":"https:\/\/510premiumcarts.com\/index.php\/product\/creme-anti-age-a-lhuile-de-cbd-w-cellules-souches-de-pomme\/","title":{"rendered":"Cr\u00e8me anti-\u00e2ge \u00e0 l&rsquo;huile de CBD W\/ Cellules souches de pomme"},"content":{"rendered":"<h1><span style=\"color: #ffcc00;\">\u00c0 PROPOS DE LA CR\u00c8ME \u00c0 L&rsquo;HUILE DE CBD ANTI-\u00c2GE<\/span><\/h1>\n<p>Obtenez le meilleur des deux mondes avec notre\u00a0cr\u00e8me anti-\u00e2ge\u00a0au CBD et aux cellules souches de pomme. Les scientifiques ont d\u00e9couvert que les cellules souches, d\u00e9riv\u00e9es d&rsquo;un pommier rare, ont montr\u00e9 une long\u00e9vit\u00e9 et des propri\u00e9t\u00e9s r\u00e9g\u00e9n\u00e9ratrices extraordinaires. Ces cellules\u00a0sont riches en facteurs \u00e9pig\u00e9n\u00e9tiques et m\u00e9tabolites, assurant la long\u00e9vit\u00e9 des cellules de la peau. Notre cr\u00e8me anti-\u00e2ge contient un m\u00e9lange de cellules souches de pomme, de palmitoyl t\u00e9trapeptide-7 et d&rsquo;huile de chanvre naturelle pour favoriser \u00e0 la fois la vitalit\u00e9 et la long\u00e9vit\u00e9 des cellules souches de notre peau. Am\u00e9liore l&rsquo;apparence des ridules. Fournit une hydratation et une hydratation intenses \u00e0 la peau. Avec une utilisation quotidienne, votre peau para\u00eetra plus jeune, plus ferme et plus lumineuse.<\/p>\n<h2><span id=\"How_To_Use_CBD_Oil_Anti-Aging_Cream\" class=\"ez-toc-section\"><\/span>Comment utiliser la cr\u00e8me anti-\u00e2ge \u00e0 l&rsquo;huile de CBD<\/h2>\n<p>Massez doucement une noisette sur le visage, le cou et le d\u00e9collet\u00e9 en <a href=\"https:\/\/buymarijuanameds.online\/product-category\/cbd-oil\/\">mouvements<\/a> ascendants. Utiliser matin et soir tous les jours.<\/p>\n<p>Le CBD prend d&rsquo;assaut l&rsquo;industrie de la <a href=\"https:\/\/www.jpost.com\/HEALTH-SCIENCE\/Interesting-facts-about-CBD-anti-ageing-cream\">beaut\u00e9<\/a> ! Pendant longtemps, les gens ont cherch\u00e9 la fontaine de jouvence. Ils sont m\u00eame pr\u00eats \u00e0 passer sous le bistouri pour \u00e9liminer tout signe de vieillissement.<\/p>\n<p>Malheureusement, la plupart des produits anti-\u00e2ge sur le march\u00e9 promettent une apparence <a href=\"https:\/\/ogdispensary.org\/product\/cbd-girl-scout-cookies\/\">jeune<\/a>, mais ils s&rsquo;av\u00e8rent \u00eatre des solutions temporaires et contiennent des ingr\u00e9dients synth\u00e9tiques qui causent des dommages \u00e0 long terme. Les personnes soucieuses de leur sant\u00e9 recherchent des produits de beaut\u00e9 <a href=\"https:\/\/ogdispensary.org\/product\/cbd-disposable-vape-pen-pineapple\/\">naturels<\/a> et ne contenant aucun ingr\u00e9dient nocif comme les parab\u00e8nes, les colorants synth\u00e9tiques, les parfums synth\u00e9tiques, les conservateurs synth\u00e9tiques, les sulfates et les produits p\u00e9troliers. Le <a href=\"https:\/\/ogdispensary.org\/product\/cbd-oil-anti-aging-cream-w-apple-stem-cells\/\">CBD<\/a> s&rsquo;av\u00e8re \u00eatre un ingr\u00e9dient naturel s\u00fbr qui agit r\u00e9ellement pour soigner la peau, l&rsquo;hydrater et lui procurer des bienfaits anti-\u00e2ge. C&rsquo;est pourquoi il est maintenant utilis\u00e9 pour cr\u00e9er des cr\u00e8mes anti-\u00e2ge qui se sont av\u00e9r\u00e9es authentiques et durables. <span style=\"color: #ffffff;\">Cr\u00e8me anti-\u00e2ge \u00e0 l&rsquo;huile de CBD W\/ Cellules souches de pomme<\/span><\/p>\n<h3 class=\"fake-br-for-article-body\"><span id=\"OUR_PRODUCT_QUALITY\" class=\"ez-toc-section\"><\/span>LA QUALIT\u00c9 DE NOTRE PRODUIT<\/h3>\n<div>\n<p>Les consommateurs qui ach\u00e8tent ce produit peuvent l&rsquo;utiliser matin et soir en appliquant une petite quantit\u00e9 sur le visage, le cou et le d\u00e9collet\u00e9 apr\u00e8s avoir nettoy\u00e9 et tonifi\u00e9 la peau. Il doit \u00eatre utilis\u00e9 quotidiennement pour obtenir une peau plus ferme, plus lumineuse et d&rsquo;apparence jeune. Nous mentionnons Kushly.com en tant que grossiste, d\u00e9taillant et fournisseur affili\u00e9 de produits haut de gamme certifi\u00e9s sans OGM en raison de leurs normes d&rsquo;assurance qualit\u00e9. Selon leur COO, Sam Conley, la soci\u00e9t\u00e9 d\u00e9passe les normes FSMA, avec des ingr\u00e9dients CBD provenant de fermes enti\u00e8rement audit\u00e9es, certifi\u00e9es FDA et US Hemp Authority. <span style=\"color: #ffffff;\">Cr\u00e8me anti-\u00e2ge \u00e0 l&rsquo;huile de CBD W\/ Cellules souches de pomme<\/span><\/p>\n<h3>Comment fonctionnent les cr\u00e8mes anti-\u00e2ge au CBD ?<\/h3>\n<p>Lorsque la cr\u00e8me CBD p\u00e9n\u00e8tre dans le corps, elle interagit avec les r\u00e9cepteurs du syst\u00e8me endocannabino\u00efde pour cr\u00e9er un \u00e9quilibre. De cette fa\u00e7on, il r\u00e9gule la m\u00e9moire, la fertilit\u00e9, la douleur, la circulation, les humeurs, l&rsquo;app\u00e9tit, le syst\u00e8me immunitaire, le sommeil, la fonction hormonale et d&rsquo;autres fonctions du corps.<br \/>\nLa cr\u00e8me CBD r\u00e9duit l&rsquo;inflammation, inverse les maladies, gu\u00e9rit les affections cutan\u00e9es et r\u00e9duit les poches autour des yeux. Le r\u00e9sultat est une meilleure apparence de la peau.<\/p>\n<h3>Le CBD soulage le stress et am\u00e9liore le sommeil<\/h3>\n<p>La cr\u00e8me CBD d\u00e9tend le corps et l&rsquo;esprit et am\u00e9liore la qualit\u00e9 du sommeil, ce qui donne au corps la possibilit\u00e9 d&rsquo;\u00e9liminer les toxines et de r\u00e9g\u00e9n\u00e9rer les cellules du corps. Le r\u00e9sultat est une meilleure sant\u00e9 et apparence de la peau et du corps. Il am\u00e9liore \u00e9galement la r\u00e9ponse du corps au stress et r\u00e9duit les rides du lion et pr\u00e9vient ainsi l&rsquo;apparition de rides et ridules.<\/p>\n<h3>Le CBD am\u00e9liore la circulation sanguine<\/h3>\n<p>Le r\u00e9sultat est une meilleure sant\u00e9 g\u00e9n\u00e9rale et une meilleure sant\u00e9 de la peau qui brille de jeunesse.<br \/>\nLa cr\u00e8me CBD r\u00e9duit l&rsquo;inflammation, inverse les maladies, gu\u00e9rit les affections cutan\u00e9es et r\u00e9duit les poches autour des yeux. Le r\u00e9sultat est une meilleure apparence de la peau.<\/p>\n<p><span style=\"font-size: 14.4px;\">.<\/span><\/p>\n<\/div>\n<div><strong>\u00a0<\/strong><\/div>\n","protected":false},"excerpt":{"rendered":"<p><strong>Ingr\u00e9dients cl\u00e9s:<\/strong><\/p>\n<ul>\n<li><strong>Huile de chanvre CBD<\/strong>. Antibact\u00e9rien, anti-inflammatoire<\/li>\n<li><strong>Malus Domestique.<\/strong> Les cellules souches de pomme contiennent des phospholipides qui nourrissent le visage tout en lissant l&rsquo;apparence des rides et des ridules.<\/li>\n<li><strong>Retinyl\u00a0Palmitate\u00a0(Vitamine A)<\/strong>\u00a0Puissant ingr\u00e9dient anti-\u00e2ge qui traite les rides et am\u00e9liore la peau.<\/li>\n<\/ul>\n","protected":false},"featured_media":1795,"comment_status":"open","ping_status":"closed","template":"","meta":{"_monsterinsights_skip_tracking":false,"_monsterinsights_sitenote_active":false,"_monsterinsights_sitenote_note":"","_monsterinsights_sitenote_category":0},"product_brand":[],"product_cat":[4991],"product_tag":[6615],"class_list":{"0":"post-1794","1":"product","2":"type-product","3":"status-publish","4":"has-post-thumbnail","6":"product_cat-acheter-cbd-oil","7":"product_tag-creme-anti-age-a-lhuile-de-cbd-w-cellules-souches-de-pomme","9":"first","10":"instock","11":"shipping-taxable","12":"purchasable","13":"product-type-simple"},"yoast_head":"<!-- This site is optimized with the Yoast SEO plugin v27.3 - https:\/\/yoast.com\/product\/yoast-seo-wordpress\/ -->\n<title>Cr\u00e8me anti-\u00e2ge \u00e0 l&#039;huile de CBD W\/ Cellules souches de pomme<\/title>\n<meta name=\"description\" content=\"Cr\u00e8me anti-\u00e2ge \u00e0 l&#039;huile de CBD W\/ Cellules souches de pomme Les scientifiques ont d\u00e9couvert que les cellules souches, d\u00e9riv\u00e9es d&#039;un pommier rare,\" \/>\n<meta name=\"robots\" content=\"index, follow, max-snippet:-1, max-image-preview:large, max-video-preview:-1\" \/>\n<link rel=\"canonical\" href=\"https:\/\/510premiumcarts.com\/index.php\/product\/creme-anti-age-a-lhuile-de-cbd-w-cellules-souches-de-pomme\/\" \/>\n<meta property=\"og:locale\" content=\"fr_FR\" \/>\n<meta property=\"og:type\" content=\"article\" \/>\n<meta property=\"og:title\" content=\"Cr\u00e8me anti-\u00e2ge \u00e0 l&#039;huile de CBD W\/ Cellules souches de pomme\" \/>\n<meta property=\"og:description\" content=\"Cr\u00e8me anti-\u00e2ge \u00e0 l&#039;huile de CBD W\/ Cellules souches de pomme Les scientifiques ont d\u00e9couvert que les cellules souches, d\u00e9riv\u00e9es d&#039;un pommier rare,\" \/>\n<meta property=\"og:url\" content=\"https:\/\/510premiumcarts.com\/index.php\/product\/creme-anti-age-a-lhuile-de-cbd-w-cellules-souches-de-pomme\/\" \/>\n<meta property=\"og:site_name\" content=\"510 Premium Carts\" \/>\n<meta property=\"article:modified_time\" content=\"2023-04-10T12:14:54+00:00\" \/>\n<meta property=\"og:image\" content=\"http:\/\/510premiumcarts.com\/wp-content\/uploads\/2023\/03\/apple_stem-IMG_1405_1024x1024-2.webp\" \/>\n\t<meta property=\"og:image:width\" content=\"1024\" \/>\n\t<meta property=\"og:image:height\" content=\"572\" \/>\n\t<meta property=\"og:image:type\" content=\"image\/webp\" \/>\n<meta name=\"twitter:card\" content=\"summary_large_image\" \/>\n<meta name=\"twitter:label1\" content=\"Dur\u00e9e de lecture estim\u00e9e\" \/>\n\t<meta name=\"twitter:data1\" content=\"4 minutes\" \/>\n<script type=\"application\/ld+json\" class=\"yoast-schema-graph\">{\"@context\":\"https:\\\/\\\/schema.org\",\"@graph\":[{\"@type\":\"WebPage\",\"@id\":\"https:\\\/\\\/510premiumcarts.com\\\/index.php\\\/product\\\/creme-anti-age-a-lhuile-de-cbd-w-cellules-souches-de-pomme\\\/\",\"url\":\"https:\\\/\\\/510premiumcarts.com\\\/index.php\\\/product\\\/creme-anti-age-a-lhuile-de-cbd-w-cellules-souches-de-pomme\\\/\",\"name\":\"Cr\u00e8me anti-\u00e2ge \u00e0 l'huile de CBD W\\\/ Cellules souches de pomme\",\"isPartOf\":{\"@id\":\"https:\\\/\\\/510premiumcarts.com\\\/#website\"},\"primaryImageOfPage\":{\"@id\":\"https:\\\/\\\/510premiumcarts.com\\\/index.php\\\/product\\\/creme-anti-age-a-lhuile-de-cbd-w-cellules-souches-de-pomme\\\/#primaryimage\"},\"image\":{\"@id\":\"https:\\\/\\\/510premiumcarts.com\\\/index.php\\\/product\\\/creme-anti-age-a-lhuile-de-cbd-w-cellules-souches-de-pomme\\\/#primaryimage\"},\"thumbnailUrl\":\"https:\\\/\\\/510premiumcarts.com\\\/wp-content\\\/uploads\\\/2023\\\/03\\\/apple_stem-IMG_1405_1024x1024-2.webp\",\"datePublished\":\"2023-03-07T13:50:08+00:00\",\"dateModified\":\"2023-04-10T12:14:54+00:00\",\"description\":\"Cr\u00e8me anti-\u00e2ge \u00e0 l'huile de CBD W\\\/ Cellules souches de pomme Les scientifiques ont d\u00e9couvert que les cellules souches, d\u00e9riv\u00e9es d'un pommier rare,\",\"breadcrumb\":{\"@id\":\"https:\\\/\\\/510premiumcarts.com\\\/index.php\\\/product\\\/creme-anti-age-a-lhuile-de-cbd-w-cellules-souches-de-pomme\\\/#breadcrumb\"},\"inLanguage\":\"fr-FR\",\"potentialAction\":[{\"@type\":\"ReadAction\",\"target\":[\"https:\\\/\\\/510premiumcarts.com\\\/index.php\\\/product\\\/creme-anti-age-a-lhuile-de-cbd-w-cellules-souches-de-pomme\\\/\"]}]},{\"@type\":\"ImageObject\",\"inLanguage\":\"fr-FR\",\"@id\":\"https:\\\/\\\/510premiumcarts.com\\\/index.php\\\/product\\\/creme-anti-age-a-lhuile-de-cbd-w-cellules-souches-de-pomme\\\/#primaryimage\",\"url\":\"https:\\\/\\\/510premiumcarts.com\\\/wp-content\\\/uploads\\\/2023\\\/03\\\/apple_stem-IMG_1405_1024x1024-2.webp\",\"contentUrl\":\"https:\\\/\\\/510premiumcarts.com\\\/wp-content\\\/uploads\\\/2023\\\/03\\\/apple_stem-IMG_1405_1024x1024-2.webp\",\"width\":1024,\"height\":572,\"caption\":\"Cr\u00e8me anti-\u00e2ge \u00e0 l'huile de CBD W\\\/ Cellules souches de pomme\"},{\"@type\":\"BreadcrumbList\",\"@id\":\"https:\\\/\\\/510premiumcarts.com\\\/index.php\\\/product\\\/creme-anti-age-a-lhuile-de-cbd-w-cellules-souches-de-pomme\\\/#breadcrumb\",\"itemListElement\":[{\"@type\":\"ListItem\",\"position\":1,\"name\":\"Home\",\"item\":\"https:\\\/\\\/510premiumcarts.com\\\/\"},{\"@type\":\"ListItem\",\"position\":2,\"name\":\"Marques de vapotage\",\"item\":\"https:\\\/\\\/510premiumcarts.com\\\/index.php\\\/acheter-du-cannabis\\\/\"},{\"@type\":\"ListItem\",\"position\":3,\"name\":\"Cr\u00e8me anti-\u00e2ge \u00e0 l&rsquo;huile de CBD W\\\/ Cellules souches de pomme\"}]},{\"@type\":\"WebSite\",\"@id\":\"https:\\\/\\\/510premiumcarts.com\\\/#website\",\"url\":\"https:\\\/\\\/510premiumcarts.com\\\/\",\"name\":\"510 Premium Carts\",\"description\":\"Just another WordPress site\",\"potentialAction\":[{\"@type\":\"SearchAction\",\"target\":{\"@type\":\"EntryPoint\",\"urlTemplate\":\"https:\\\/\\\/510premiumcarts.com\\\/?s={search_term_string}\"},\"query-input\":{\"@type\":\"PropertyValueSpecification\",\"valueRequired\":true,\"valueName\":\"search_term_string\"}}],\"inLanguage\":\"fr-FR\"}]}<\/script>\n<!-- \/ Yoast SEO plugin. -->","yoast_head_json":{"title":"Cr\u00e8me anti-\u00e2ge \u00e0 l'huile de CBD W\/ Cellules souches de pomme","description":"Cr\u00e8me anti-\u00e2ge \u00e0 l'huile de CBD W\/ Cellules souches de pomme Les scientifiques ont d\u00e9couvert que les cellules souches, d\u00e9riv\u00e9es d'un pommier rare,","robots":{"index":"index","follow":"follow","max-snippet":"max-snippet:-1","max-image-preview":"max-image-preview:large","max-video-preview":"max-video-preview:-1"},"canonical":"https:\/\/510premiumcarts.com\/index.php\/product\/creme-anti-age-a-lhuile-de-cbd-w-cellules-souches-de-pomme\/","og_locale":"fr_FR","og_type":"article","og_title":"Cr\u00e8me anti-\u00e2ge \u00e0 l'huile de CBD W\/ Cellules souches de pomme","og_description":"Cr\u00e8me anti-\u00e2ge \u00e0 l'huile de CBD W\/ Cellules souches de pomme Les scientifiques ont d\u00e9couvert que les cellules souches, d\u00e9riv\u00e9es d'un pommier rare,","og_url":"https:\/\/510premiumcarts.com\/index.php\/product\/creme-anti-age-a-lhuile-de-cbd-w-cellules-souches-de-pomme\/","og_site_name":"510 Premium Carts","article_modified_time":"2023-04-10T12:14:54+00:00","og_image":[{"width":1024,"height":572,"url":"http:\/\/510premiumcarts.com\/wp-content\/uploads\/2023\/03\/apple_stem-IMG_1405_1024x1024-2.webp","type":"image\/webp"}],"twitter_card":"summary_large_image","twitter_misc":{"Dur\u00e9e de lecture estim\u00e9e":"4 minutes"},"schema":{"@context":"https:\/\/schema.org","@graph":[{"@type":"WebPage","@id":"https:\/\/510premiumcarts.com\/index.php\/product\/creme-anti-age-a-lhuile-de-cbd-w-cellules-souches-de-pomme\/","url":"https:\/\/510premiumcarts.com\/index.php\/product\/creme-anti-age-a-lhuile-de-cbd-w-cellules-souches-de-pomme\/","name":"Cr\u00e8me anti-\u00e2ge \u00e0 l'huile de CBD W\/ Cellules souches de pomme","isPartOf":{"@id":"https:\/\/510premiumcarts.com\/#website"},"primaryImageOfPage":{"@id":"https:\/\/510premiumcarts.com\/index.php\/product\/creme-anti-age-a-lhuile-de-cbd-w-cellules-souches-de-pomme\/#primaryimage"},"image":{"@id":"https:\/\/510premiumcarts.com\/index.php\/product\/creme-anti-age-a-lhuile-de-cbd-w-cellules-souches-de-pomme\/#primaryimage"},"thumbnailUrl":"https:\/\/510premiumcarts.com\/wp-content\/uploads\/2023\/03\/apple_stem-IMG_1405_1024x1024-2.webp","datePublished":"2023-03-07T13:50:08+00:00","dateModified":"2023-04-10T12:14:54+00:00","description":"Cr\u00e8me anti-\u00e2ge \u00e0 l'huile de CBD W\/ Cellules souches de pomme Les scientifiques ont d\u00e9couvert que les cellules souches, d\u00e9riv\u00e9es d'un pommier rare,","breadcrumb":{"@id":"https:\/\/510premiumcarts.com\/index.php\/product\/creme-anti-age-a-lhuile-de-cbd-w-cellules-souches-de-pomme\/#breadcrumb"},"inLanguage":"fr-FR","potentialAction":[{"@type":"ReadAction","target":["https:\/\/510premiumcarts.com\/index.php\/product\/creme-anti-age-a-lhuile-de-cbd-w-cellules-souches-de-pomme\/"]}]},{"@type":"ImageObject","inLanguage":"fr-FR","@id":"https:\/\/510premiumcarts.com\/index.php\/product\/creme-anti-age-a-lhuile-de-cbd-w-cellules-souches-de-pomme\/#primaryimage","url":"https:\/\/510premiumcarts.com\/wp-content\/uploads\/2023\/03\/apple_stem-IMG_1405_1024x1024-2.webp","contentUrl":"https:\/\/510premiumcarts.com\/wp-content\/uploads\/2023\/03\/apple_stem-IMG_1405_1024x1024-2.webp","width":1024,"height":572,"caption":"Cr\u00e8me anti-\u00e2ge \u00e0 l'huile de CBD W\/ Cellules souches de pomme"},{"@type":"BreadcrumbList","@id":"https:\/\/510premiumcarts.com\/index.php\/product\/creme-anti-age-a-lhuile-de-cbd-w-cellules-souches-de-pomme\/#breadcrumb","itemListElement":[{"@type":"ListItem","position":1,"name":"Home","item":"https:\/\/510premiumcarts.com\/"},{"@type":"ListItem","position":2,"name":"Marques de vapotage","item":"https:\/\/510premiumcarts.com\/index.php\/acheter-du-cannabis\/"},{"@type":"ListItem","position":3,"name":"Cr\u00e8me anti-\u00e2ge \u00e0 l&rsquo;huile de CBD W\/ Cellules souches de pomme"}]},{"@type":"WebSite","@id":"https:\/\/510premiumcarts.com\/#website","url":"https:\/\/510premiumcarts.com\/","name":"510 Premium Carts","description":"Just another WordPress site","potentialAction":[{"@type":"SearchAction","target":{"@type":"EntryPoint","urlTemplate":"https:\/\/510premiumcarts.com\/?s={search_term_string}"},"query-input":{"@type":"PropertyValueSpecification","valueRequired":true,"valueName":"search_term_string"}}],"inLanguage":"fr-FR"}]}},"jetpack_sharing_enabled":true,"_links":{"self":[{"href":"https:\/\/510premiumcarts.com\/index.php\/wp-json\/wp\/v2\/product\/1794","targetHints":{"allow":["GET"]}}],"collection":[{"href":"https:\/\/510premiumcarts.com\/index.php\/wp-json\/wp\/v2\/product"}],"about":[{"href":"https:\/\/510premiumcarts.com\/index.php\/wp-json\/wp\/v2\/types\/product"}],"replies":[{"embeddable":true,"href":"https:\/\/510premiumcarts.com\/index.php\/wp-json\/wp\/v2\/comments?post=1794"}],"wp:featuredmedia":[{"embeddable":true,"href":"https:\/\/510premiumcarts.com\/index.php\/wp-json\/wp\/v2\/media\/1795"}],"wp:attachment":[{"href":"https:\/\/510premiumcarts.com\/index.php\/wp-json\/wp\/v2\/media?parent=1794"}],"wp:term":[{"taxonomy":"product_brand","embeddable":true,"href":"https:\/\/510premiumcarts.com\/index.php\/wp-json\/wp\/v2\/product_brand?post=1794"},{"taxonomy":"product_cat","embeddable":true,"href":"https:\/\/510premiumcarts.com\/index.php\/wp-json\/wp\/v2\/product_cat?post=1794"},{"taxonomy":"product_tag","embeddable":true,"href":"https:\/\/510premiumcarts.com\/index.php\/wp-json\/wp\/v2\/product_tag?post=1794"}],"curies":[{"name":"wp","href":"https:\/\/api.w.org\/{rel}","templated":true}]}}