{"id":1796,"date":"2023-03-07T13:58:13","date_gmt":"2023-03-07T13:58:13","guid":{"rendered":"https:\/\/510premiumcarts.com\/?post_type=product&#038;p=1796"},"modified":"2023-04-10T11:20:07","modified_gmt":"2023-04-10T11:20:07","slug":"huile-cbd-produit-medical-de-sante","status":"publish","type":"product","link":"https:\/\/510premiumcarts.com\/index.php\/product\/huile-cbd-produit-medical-de-sante\/","title":{"rendered":"HUILE CBD &#038; Produit M\u00e9dical De Sant\u00e9"},"content":{"rendered":"<h1><a href=\"https:\/\/510premiumcarts.com\/index.php\/product-category\/marijuana-strains\/buy-cbd-oil\/\"><span style=\"color: #ffcc00;\">ABOUT CBD OIL &amp; Medical Health Product<\/span><\/a><\/h1>\n<p>Chez 510 Premium Carts Magasin, nous sommes passionn\u00e9s d&rsquo;aider les gens \u00e0 mener une vie plus heureuse et plus saine. Gr\u00e2ce \u00e0 notre gamme de produits \u00e0 base d&rsquo;huile de CBD, nous visons \u00e0 promouvoir les avantages de l&rsquo;huile de cannabis m\u00e9dical aupr\u00e8s d&rsquo;un large public. 510 Premium Carts Shop a son si\u00e8ge social en Californie, mais nous exp\u00e9dions partout aux \u00c9tats-Unis. Nous nous appelons fi\u00e8rement \u00ab\u00a0Naturels\u00a0\u00bb parce que nos huiles de cannabis sont 100 % biologiques, sans additifs ni conservateurs<\/p>\n<p>Tous nos produits \u00e0 base d&rsquo;huile de CBD biologique vous seront envoy\u00e9s via USPS, FedEx ou UPS et devraient arriver en seulement 2-3 jours ouvrables.<\/p>\n<p>Le CBD (Cannabidiol) est un compos\u00e9 naturel pr\u00e9sent <a href=\"https:\/\/buymarijuanameds.online\/product-category\/cbd-oil\/\">dans<\/a> la plante de chanvre (Cannabis Sativa). Nous nous appelons fi\u00e8rement \u00ab\u00a0Naturels\u00a0\u00bb\u00a0parce que nos\u00a0huiles de cannabis\u00a0sont 100\u00a0%\u00a0biologiques,\u00a0sans additifs ni conservateurs. NuLeaf\u00a0Naturals\u00a0croit fermement que notre\u00a0huile de CBD biologique\u00a0peut am\u00e9liorer la vie des personnes souffrant de certains troubles mentaux et physiques. Le meilleur de la science actuelle est de notre c\u00f4t\u00e9.<\/p>\n<h2>AVANTAGES DE L&rsquo;HUILE DE CBD <a href=\"https:\/\/www.wikileaf.com\/\">ET<\/a> DU PRODUIT D&rsquo;HUILE M\u00c9DICALE<\/h2>\n<p>Une organisation \u00e0 but non lucratif appel\u00e9e Project CBD a examin\u00e9 une multitude de <a href=\"https:\/\/buymarijuanameds.online\/product-category\/cbd-oil\/\">recherches<\/a> scientifiques \u00e9valu\u00e9es par des pairs\u00a0et a conclu que\u00a0l&rsquo;huile de cannabis\u00a0peut \u00eatre th\u00e9rapeutique pour les personnes atteintes de conditions telles que\u00a0:<\/p>\n<ul>\n<li>Douleur<\/li>\n<li>Inflammation<\/li>\n<li>Anxi\u00e9t\u00e9<\/li>\n<li>Les troubles du sommeil<\/li>\n<li>Et plein d&rsquo;autres!<\/li>\n<\/ul>\n<p>Nous nous appelons fi\u00e8rement \u00ab\u00a0Naturels\u00a0\u00bb\u00a0parce que nos\u00a0huiles de <a href=\"https:\/\/buymarijuanameds.online\/product-category\/cbd-oil\/\">cannabis\u00a0<\/a>sont 100\u00a0%\u00a0biologiques,\u00a0sans additifs ni conservateurs.<\/p>\n<p>Nous proposons des options de tarification sp\u00e9ciales pour les commandes group\u00e9es. Si vous vendez des produits de sant\u00e9 et de bien-\u00eatre et que vous souhaitez promouvoir l&rsquo;huile de cannabis m\u00e9dical, envisagez de devenir un\u00a0partenaire de vente en gros d&rsquo;huile de CBD avec nous.<\/p>\n<p>Des informations cr\u00e9dibles sur les avantages pour la sant\u00e9 de l&rsquo;huile de CBD sont largement disponibles en ligne. Nous vous encourageons \u00e0 faire vos propres recherches pour d\u00e9terminer si nos produits \u00e0 base d&rsquo;huile de CBD biologique vous conviennent. Pour plus d&rsquo;informations, explorez notre boutique en ligne, visitez nos pages de m\u00e9dias sociaux ou contactez-nous \u00e0 votre disposition<\/p>\n","protected":false},"excerpt":{"rendered":"<p>Les produits de chanvre et l&rsquo;huile de CBD \u00e0 vendre d&rsquo;Exodus changeront votre fa\u00e7on de penser \u00e0 la gu\u00e9rison alternative et \u00e0 la sant\u00e9 et au bien-\u00eatre naturels.<\/p>\n","protected":false},"featured_media":1797,"comment_status":"open","ping_status":"closed","template":"","meta":{"_monsterinsights_skip_tracking":false,"_monsterinsights_sitenote_active":false,"_monsterinsights_sitenote_note":"","_monsterinsights_sitenote_category":0},"product_brand":[],"product_cat":[4991],"product_tag":[5097],"class_list":{"0":"post-1796","1":"product","2":"type-product","3":"status-publish","4":"has-post-thumbnail","6":"product_cat-acheter-cbd-oil","7":"product_tag-cbd-oil-medical-health-product","9":"first","10":"instock","11":"shipping-taxable","12":"purchasable","13":"product-type-simple"},"yoast_head":"<!-- This site is optimized with the Yoast SEO plugin v27.5 - https:\/\/yoast.com\/product\/yoast-seo-wordpress\/ -->\n<title>HUILE CBD &amp; Produit M\u00e9dical De Sant\u00e9 - 510 Premium Carts CBD<\/title>\n<meta name=\"description\" content=\"HUILE CBD &amp; Produit M\u00e9dical De Sant\u00e9 nous sommes passionn\u00e9s d&#039;aider les gens \u00e0 mener une vie plus heureuse et plus saine. Gr\u00e2ce \u00e0 notre gamme de\u00a0produits \u00e0 base d&#039;huile de CBD, nous visons \u00e0 promouvoir la\" \/>\n<meta name=\"robots\" content=\"index, follow, max-snippet:-1, max-image-preview:large, max-video-preview:-1\" \/>\n<link rel=\"canonical\" href=\"https:\/\/510premiumcarts.com\/index.php\/product\/huile-cbd-produit-medical-de-sante\/\" \/>\n<meta property=\"og:locale\" content=\"fr_FR\" \/>\n<meta property=\"og:type\" content=\"article\" \/>\n<meta property=\"og:title\" content=\"HUILE CBD &amp; Produit M\u00e9dical De Sant\u00e9 - 510 Premium Carts CBD\" \/>\n<meta property=\"og:description\" content=\"HUILE CBD &amp; Produit M\u00e9dical De Sant\u00e9 nous sommes passionn\u00e9s d&#039;aider les gens \u00e0 mener une vie plus heureuse et plus saine. Gr\u00e2ce \u00e0 notre gamme de\u00a0produits \u00e0 base d&#039;huile de CBD, nous visons \u00e0 promouvoir la\" \/>\n<meta property=\"og:url\" content=\"https:\/\/510premiumcarts.com\/index.php\/product\/huile-cbd-produit-medical-de-sante\/\" \/>\n<meta property=\"og:site_name\" content=\"510 Premium Carts\" \/>\n<meta property=\"article:modified_time\" content=\"2023-04-10T11:20:07+00:00\" \/>\n<meta property=\"og:image\" content=\"http:\/\/510premiumcarts.com\/wp-content\/uploads\/2023\/03\/CBD-oil-768x768-1-1.jpg\" \/>\n\t<meta property=\"og:image:width\" content=\"768\" \/>\n\t<meta property=\"og:image:height\" content=\"768\" \/>\n\t<meta property=\"og:image:type\" content=\"image\/jpeg\" \/>\n<meta name=\"twitter:card\" content=\"summary_large_image\" \/>\n<meta name=\"twitter:label1\" content=\"Dur\u00e9e de lecture estim\u00e9e\" \/>\n\t<meta name=\"twitter:data1\" content=\"2 minutes\" \/>\n<script type=\"application\/ld+json\" class=\"yoast-schema-graph\">{\"@context\":\"https:\\\/\\\/schema.org\",\"@graph\":[{\"@type\":\"WebPage\",\"@id\":\"https:\\\/\\\/510premiumcarts.com\\\/index.php\\\/product\\\/huile-cbd-produit-medical-de-sante\\\/\",\"url\":\"https:\\\/\\\/510premiumcarts.com\\\/index.php\\\/product\\\/huile-cbd-produit-medical-de-sante\\\/\",\"name\":\"HUILE CBD & Produit M\u00e9dical De Sant\u00e9 - 510 Premium Carts CBD\",\"isPartOf\":{\"@id\":\"https:\\\/\\\/510premiumcarts.com\\\/#website\"},\"primaryImageOfPage\":{\"@id\":\"https:\\\/\\\/510premiumcarts.com\\\/index.php\\\/product\\\/huile-cbd-produit-medical-de-sante\\\/#primaryimage\"},\"image\":{\"@id\":\"https:\\\/\\\/510premiumcarts.com\\\/index.php\\\/product\\\/huile-cbd-produit-medical-de-sante\\\/#primaryimage\"},\"thumbnailUrl\":\"https:\\\/\\\/510premiumcarts.com\\\/wp-content\\\/uploads\\\/2023\\\/03\\\/CBD-oil-768x768-1-1.jpg\",\"datePublished\":\"2023-03-07T13:58:13+00:00\",\"dateModified\":\"2023-04-10T11:20:07+00:00\",\"description\":\"HUILE CBD & Produit M\u00e9dical De Sant\u00e9 nous sommes passionn\u00e9s d'aider les gens \u00e0 mener une vie plus heureuse et plus saine. Gr\u00e2ce \u00e0 notre gamme de\u00a0produits \u00e0 base d'huile de CBD, nous visons \u00e0 promouvoir la\",\"breadcrumb\":{\"@id\":\"https:\\\/\\\/510premiumcarts.com\\\/index.php\\\/product\\\/huile-cbd-produit-medical-de-sante\\\/#breadcrumb\"},\"inLanguage\":\"fr-FR\",\"potentialAction\":[{\"@type\":\"ReadAction\",\"target\":[\"https:\\\/\\\/510premiumcarts.com\\\/index.php\\\/product\\\/huile-cbd-produit-medical-de-sante\\\/\"]}]},{\"@type\":\"ImageObject\",\"inLanguage\":\"fr-FR\",\"@id\":\"https:\\\/\\\/510premiumcarts.com\\\/index.php\\\/product\\\/huile-cbd-produit-medical-de-sante\\\/#primaryimage\",\"url\":\"https:\\\/\\\/510premiumcarts.com\\\/wp-content\\\/uploads\\\/2023\\\/03\\\/CBD-oil-768x768-1-1.jpg\",\"contentUrl\":\"https:\\\/\\\/510premiumcarts.com\\\/wp-content\\\/uploads\\\/2023\\\/03\\\/CBD-oil-768x768-1-1.jpg\",\"width\":768,\"height\":768,\"caption\":\"HUILE CBD & Produit M\u00e9dical De Sant\u00e9\"},{\"@type\":\"BreadcrumbList\",\"@id\":\"https:\\\/\\\/510premiumcarts.com\\\/index.php\\\/product\\\/huile-cbd-produit-medical-de-sante\\\/#breadcrumb\",\"itemListElement\":[{\"@type\":\"ListItem\",\"position\":1,\"name\":\"Home\",\"item\":\"https:\\\/\\\/510premiumcarts.com\\\/\"},{\"@type\":\"ListItem\",\"position\":2,\"name\":\"Marques de vapotage\",\"item\":\"https:\\\/\\\/510premiumcarts.com\\\/index.php\\\/acheter-du-cannabis\\\/\"},{\"@type\":\"ListItem\",\"position\":3,\"name\":\"HUILE CBD &#038; Produit M\u00e9dical De Sant\u00e9\"}]},{\"@type\":\"WebSite\",\"@id\":\"https:\\\/\\\/510premiumcarts.com\\\/#website\",\"url\":\"https:\\\/\\\/510premiumcarts.com\\\/\",\"name\":\"510 Premium Carts\",\"description\":\"Just another WordPress site\",\"potentialAction\":[{\"@type\":\"SearchAction\",\"target\":{\"@type\":\"EntryPoint\",\"urlTemplate\":\"https:\\\/\\\/510premiumcarts.com\\\/?s={search_term_string}\"},\"query-input\":{\"@type\":\"PropertyValueSpecification\",\"valueRequired\":true,\"valueName\":\"search_term_string\"}}],\"inLanguage\":\"fr-FR\"}]}<\/script>\n<!-- \/ Yoast SEO plugin. -->","yoast_head_json":{"title":"HUILE CBD & Produit M\u00e9dical De Sant\u00e9 - 510 Premium Carts CBD","description":"HUILE CBD & Produit M\u00e9dical De Sant\u00e9 nous sommes passionn\u00e9s d'aider les gens \u00e0 mener une vie plus heureuse et plus saine. Gr\u00e2ce \u00e0 notre gamme de\u00a0produits \u00e0 base d'huile de CBD, nous visons \u00e0 promouvoir la","robots":{"index":"index","follow":"follow","max-snippet":"max-snippet:-1","max-image-preview":"max-image-preview:large","max-video-preview":"max-video-preview:-1"},"canonical":"https:\/\/510premiumcarts.com\/index.php\/product\/huile-cbd-produit-medical-de-sante\/","og_locale":"fr_FR","og_type":"article","og_title":"HUILE CBD & Produit M\u00e9dical De Sant\u00e9 - 510 Premium Carts CBD","og_description":"HUILE CBD & Produit M\u00e9dical De Sant\u00e9 nous sommes passionn\u00e9s d'aider les gens \u00e0 mener une vie plus heureuse et plus saine. Gr\u00e2ce \u00e0 notre gamme de\u00a0produits \u00e0 base d'huile de CBD, nous visons \u00e0 promouvoir la","og_url":"https:\/\/510premiumcarts.com\/index.php\/product\/huile-cbd-produit-medical-de-sante\/","og_site_name":"510 Premium Carts","article_modified_time":"2023-04-10T11:20:07+00:00","og_image":[{"width":768,"height":768,"url":"http:\/\/510premiumcarts.com\/wp-content\/uploads\/2023\/03\/CBD-oil-768x768-1-1.jpg","type":"image\/jpeg"}],"twitter_card":"summary_large_image","twitter_misc":{"Dur\u00e9e de lecture estim\u00e9e":"2 minutes"},"schema":{"@context":"https:\/\/schema.org","@graph":[{"@type":"WebPage","@id":"https:\/\/510premiumcarts.com\/index.php\/product\/huile-cbd-produit-medical-de-sante\/","url":"https:\/\/510premiumcarts.com\/index.php\/product\/huile-cbd-produit-medical-de-sante\/","name":"HUILE CBD & Produit M\u00e9dical De Sant\u00e9 - 510 Premium Carts CBD","isPartOf":{"@id":"https:\/\/510premiumcarts.com\/#website"},"primaryImageOfPage":{"@id":"https:\/\/510premiumcarts.com\/index.php\/product\/huile-cbd-produit-medical-de-sante\/#primaryimage"},"image":{"@id":"https:\/\/510premiumcarts.com\/index.php\/product\/huile-cbd-produit-medical-de-sante\/#primaryimage"},"thumbnailUrl":"https:\/\/510premiumcarts.com\/wp-content\/uploads\/2023\/03\/CBD-oil-768x768-1-1.jpg","datePublished":"2023-03-07T13:58:13+00:00","dateModified":"2023-04-10T11:20:07+00:00","description":"HUILE CBD & Produit M\u00e9dical De Sant\u00e9 nous sommes passionn\u00e9s d'aider les gens \u00e0 mener une vie plus heureuse et plus saine. Gr\u00e2ce \u00e0 notre gamme de\u00a0produits \u00e0 base d'huile de CBD, nous visons \u00e0 promouvoir la","breadcrumb":{"@id":"https:\/\/510premiumcarts.com\/index.php\/product\/huile-cbd-produit-medical-de-sante\/#breadcrumb"},"inLanguage":"fr-FR","potentialAction":[{"@type":"ReadAction","target":["https:\/\/510premiumcarts.com\/index.php\/product\/huile-cbd-produit-medical-de-sante\/"]}]},{"@type":"ImageObject","inLanguage":"fr-FR","@id":"https:\/\/510premiumcarts.com\/index.php\/product\/huile-cbd-produit-medical-de-sante\/#primaryimage","url":"https:\/\/510premiumcarts.com\/wp-content\/uploads\/2023\/03\/CBD-oil-768x768-1-1.jpg","contentUrl":"https:\/\/510premiumcarts.com\/wp-content\/uploads\/2023\/03\/CBD-oil-768x768-1-1.jpg","width":768,"height":768,"caption":"HUILE CBD & Produit M\u00e9dical De Sant\u00e9"},{"@type":"BreadcrumbList","@id":"https:\/\/510premiumcarts.com\/index.php\/product\/huile-cbd-produit-medical-de-sante\/#breadcrumb","itemListElement":[{"@type":"ListItem","position":1,"name":"Home","item":"https:\/\/510premiumcarts.com\/"},{"@type":"ListItem","position":2,"name":"Marques de vapotage","item":"https:\/\/510premiumcarts.com\/index.php\/acheter-du-cannabis\/"},{"@type":"ListItem","position":3,"name":"HUILE CBD &#038; Produit M\u00e9dical De Sant\u00e9"}]},{"@type":"WebSite","@id":"https:\/\/510premiumcarts.com\/#website","url":"https:\/\/510premiumcarts.com\/","name":"510 Premium Carts","description":"Just another WordPress site","potentialAction":[{"@type":"SearchAction","target":{"@type":"EntryPoint","urlTemplate":"https:\/\/510premiumcarts.com\/?s={search_term_string}"},"query-input":{"@type":"PropertyValueSpecification","valueRequired":true,"valueName":"search_term_string"}}],"inLanguage":"fr-FR"}]}},"jetpack_sharing_enabled":true,"_links":{"self":[{"href":"https:\/\/510premiumcarts.com\/index.php\/wp-json\/wp\/v2\/product\/1796","targetHints":{"allow":["GET"]}}],"collection":[{"href":"https:\/\/510premiumcarts.com\/index.php\/wp-json\/wp\/v2\/product"}],"about":[{"href":"https:\/\/510premiumcarts.com\/index.php\/wp-json\/wp\/v2\/types\/product"}],"replies":[{"embeddable":true,"href":"https:\/\/510premiumcarts.com\/index.php\/wp-json\/wp\/v2\/comments?post=1796"}],"wp:featuredmedia":[{"embeddable":true,"href":"https:\/\/510premiumcarts.com\/index.php\/wp-json\/wp\/v2\/media\/1797"}],"wp:attachment":[{"href":"https:\/\/510premiumcarts.com\/index.php\/wp-json\/wp\/v2\/media?parent=1796"}],"wp:term":[{"taxonomy":"product_brand","embeddable":true,"href":"https:\/\/510premiumcarts.com\/index.php\/wp-json\/wp\/v2\/product_brand?post=1796"},{"taxonomy":"product_cat","embeddable":true,"href":"https:\/\/510premiumcarts.com\/index.php\/wp-json\/wp\/v2\/product_cat?post=1796"},{"taxonomy":"product_tag","embeddable":true,"href":"https:\/\/510premiumcarts.com\/index.php\/wp-json\/wp\/v2\/product_tag?post=1796"}],"curies":[{"name":"wp","href":"https:\/\/api.w.org\/{rel}","templated":true}]}}