{"id":1798,"date":"2023-03-07T14:08:01","date_gmt":"2023-03-07T14:08:01","guid":{"rendered":"https:\/\/510premiumcarts.com\/?post_type=product&#038;p=1798"},"modified":"2023-04-11T14:01:43","modified_gmt":"2023-04-11T14:01:43","slug":"cannabis-coconut-huile","status":"publish","type":"product","link":"https:\/\/510premiumcarts.com\/index.php\/product\/cannabis-coconut-huile\/","title":{"rendered":"Cannabis Coconut Huile"},"content":{"rendered":"<h1><a href=\"https:\/\/510premiumcarts.com\/index.php\/product-category\/marijuana-strains\/buy-cbd-oil\/\"><span style=\"color: #ffcc00;\">\u00c0 PROPOS DE Cannabis Coconut Huile<\/span><\/a><\/h1>\n<p>l&rsquo;huile de noix de coco au cannabis a r\u00e9ussi \u00e0 se frayer un chemin dans certains des produits les plus recherch\u00e9s de notre industrie, y compris les\u00a0produits\u00a0comestibles\u00a0et\u00a0les\u00a0topiques, mais pourquoi\u00a0? Tout d&rsquo;abord, l&rsquo;huile de coco contient l&rsquo;une des plus fortes concentrations d&rsquo;acides gras (graisses satur\u00e9es). Le surplus de ces acides gras dans l&rsquo;huile de noix de coco cr\u00e9e un agent de liaison plus fort pour\u00a0les cannabino\u00efdes.<\/p>\n<p>Par rapport \u00e0 l&rsquo;huile d&rsquo;olive, qui contient <a href=\"https:\/\/ogdispensary.org\/product\/hemp-seed-oil-thc-cbd\/\">moins<\/a> de 20\u00a0% de graisses satur\u00e9es, l&rsquo;huile de noix de coco contient plus de 80\u00a0% de graisses satur\u00e9es et a donc la capacit\u00e9 de retenir <a href=\"https:\/\/ogdispensary.org\/product\/berry-pie-cookies-strain-buy-blueberry\/\">beaucoup<\/a> plus de cannabino\u00efdes pendant les extractions, ce qui rend en retour des produits beaucoup plus efficaces sur le plan m\u00e9dical. <a href=\"https:\/\/www.leafly.com\/news\/cannabis-101\/medibles-101-everything-youve-ever-wanted-to-know-about-edibles\">L&rsquo;huile<\/a> de coco est donc un milieu presque parfait pour le cannabis.<\/p>\n<h2 class=\"heading--l py-md\"><span id=\"_Uses_and_health_benefits\" class=\"ez-toc-section\"><\/span>Utilisations et avantages pour la sant\u00e9<\/h2>\n<p>L&rsquo;huile de noix de coco de cannabis contient des <a href=\"https:\/\/ogdispensary.org\/product\/mary-j-mart-cbdistillery-tincture-250mg\/\">acides<\/a> gras que l&rsquo;on trouve en <a href=\"https:\/\/ogdispensary.org\/product\/cbd-oil-drops\/\">abondance<\/a> dans l&rsquo;huile de noix de coco, ce qui en fait un candidat de choix pour ceux qui recherchent une base d&rsquo;huile plus saine que le beurre ou l&rsquo;huile de canola.<\/p>\n<p>Un autre avantage fantastique de <a href=\"https:\/\/buymarijuanameds.online\/product-category\/cbd-oil\/\">l&rsquo;utilisation<\/a> de l&rsquo;huile de noix de coco est que lorsque vous l&rsquo;utilisez pour extraire des cannabino\u00efdes, votre produit final restera solide \u00e0 temp\u00e9rature ambiante.<\/p>\n<p>Les capsules d&rsquo;huile de g\u00e9latine sont si simples et faciles \u00e0 fabriquer \u00e0 la maison que les ingr\u00e9dients peuvent \u00eatre achet\u00e9s dans presque toutes les pharmacies ou en ligne, ce qui fait du processus d&rsquo;infusion de capsules \u00e0 la maison un projet de bricolage relativement simple.<\/p>\n<h3 class=\"heading--l py-md\"><span id=\"How_to_make_cannabis-infused_coconut_oil\" class=\"ez-toc-section\"><\/span>Comment faire de l&rsquo;huile de noix de coco infus\u00e9e au cannabis<\/h3>\n<p>La facilit\u00e9 d&rsquo;utilisation peut \u00eatre l&rsquo;un des avantages les plus sous-estim\u00e9s de l&rsquo;huile de noix de coco dans la fabrication de produits infus\u00e9s. . D\u00e9couvrez la\u00a0recette de Leafly pour infuser de l&rsquo;huile de noix de coco\u00a0: le produit final est savoureux, polyvalent et,<\/p>\n<p>s&rsquo;il est stock\u00e9 correctement, il peut durer tr\u00e8s longtemps sans se <a href=\"https:\/\/www.leafly.com\/news\/food-travel-sex\/recipe-how-to-make-cannabis-cooking-oil\">d\u00e9grader<\/a>. De plus, les huiles de noix de coco sont donc un support presque parfait pour le cannabis.<\/p>\n<h2 class=\"heading--l py-md\"><span id=\"Recipe_for_cannabis_coconut_oil\" class=\"ez-toc-section\"><\/span>Recette de l&rsquo;huile de noix de coco au cannabis<\/h2>\n<p><strong>Ingr\u00e9dients:<\/strong><\/p>\n<ul class=\"list-disc mb-lg ml-xl \">\n<li>1 tasse de fleur de cannabis moulue (ou moins pour une puissance plus douce)<\/li>\n<li>1 tasse d&rsquo;huile de noix de coco<\/li>\n<\/ul>\n<p><strong>Hardware:<\/strong><\/p>\n<ul class=\"list-disc mb-lg ml-xl \">\n<li>Une passoire ou une gaze<\/li>\n<li>Moulin (un simple moulin \u00e0 main fonctionne mieux\u00a0; les appareils comme les m\u00e9langeurs et les moulins \u00e0 caf\u00e9 pulv\u00e9risent le cannabis, ce qui donne des produits comestibles avec du mat\u00e9riel v\u00e9g\u00e9tal au mauvais go\u00fbt)<\/li>\n<li>Bain-marie, mijoteuse, casserole, etc.<\/li>\n<\/ul>\n<p><strong>Dosage<\/strong>:\u00a01\u00a0cuill\u00e8re \u00e0 th\u00e9 = 3\/4\u00a0gramme (180\u00a0mg de THC, dose l\u00e9g\u00e8re)<\/p>\n<p>1 cuill\u00e8re \u00e0 soupe = 1 gramme (220 mg de THC, forte dose)<\/p>\n<p><strong>Ingr\u00e9dients<\/strong>: huiles de noix de coco, cannabis biologique<\/p>\n","protected":false},"excerpt":{"rendered":"<p><strong>Dosage<\/strong>: 1 cuill\u00e8re \u00e0 caf\u00e9 = 3\/4 gramme (180mg de THC, dose l\u00e9g\u00e8re)<\/p>\n<p>1 cuill\u00e8re \u00e0 soupe = 1 gramme (220 mg de THC, forte dose)<\/p>\n<p><strong>Ingr\u00e9dients<\/strong>: huile de noix de coco, cannabis biologique<\/p>\n<p><strong>Emballage<\/strong>: selon le volume de produit command\u00e9 et la vari\u00e9t\u00e9, nous utilisons une combinaison de contenants \u00e0 couvercle torsad\u00e9, de sacs scell\u00e9s, et tout est toujours scell\u00e9 sous vide avant d&rsquo;\u00eatre envoy\u00e9 par la poste pour assurer une arriv\u00e9e sans odeur.<\/p>\n<p><strong>Stockage<\/strong>: Veuillez stocker votre huile de noix de coco au cannabis dans un r\u00e9cipient herm\u00e9tique dans un endroit froid et sec tel que le r\u00e9frig\u00e9rateur, pour une long\u00e9vit\u00e9 maximale.<\/p>\n","protected":false},"featured_media":1800,"comment_status":"open","ping_status":"closed","template":"","meta":{"_monsterinsights_skip_tracking":false,"_monsterinsights_sitenote_active":false,"_monsterinsights_sitenote_note":"","_monsterinsights_sitenote_category":0},"product_brand":[],"product_cat":[4991],"product_tag":[5160,5137,5168,5182,5169,5098,5117,5110,5170,5167,5192,5188,5180,5155,5143,5158,5138,5178,5183,5112,5165,5107,5163,5139,5185,5177,5195,5187,5102,5141,5111,5161,5147,5128,5134,5145,5175,5105,5157,5184,5189,5162,5113,5124,5101,5154,5116,5123,5153,5099,5193,5176,5115,5156,5159,5130,5104,5133,5172,5149,5144,5109,5131,5190,5126,5129,5151,5127,5114,5146,5148,5121,5191,5174,5100,5194,5140,5179,5122,5103,5108,5125,5166,5150,5119,5106,5171,5135,5173,5142,5181,5120,5132,5186,5164,5136,5152,5118],"class_list":{"0":"post-1798","1":"product","2":"type-product","3":"status-publish","4":"has-post-thumbnail","6":"product_cat-acheter-cbd-oil","7":"product_tag-baking-with-cannabis-coconut-oil","8":"product_tag-benefits-of-cannabis-coconut-oil","9":"product_tag-best-cannabis-coconut-oil-recipe","10":"product_tag-buy-cannabis-coconut-oil","11":"product_tag-can-you-vape-cannabis-coconut-oil","12":"product_tag-cannabis-coconut-oil","13":"product_tag-cannabis-coconut-oil-benefits","14":"product_tag-cannabis-coconut-oil-brownies","15":"product_tag-cannabis-coconut-oil-calculator","16":"product_tag-cannabis-coconut-oil-cancer","17":"product_tag-cannabis-coconut-oil-candies","18":"product_tag-cannabis-coconut-oil-candy","19":"product_tag-cannabis-coconut-oil-capsules","20":"product_tag-cannabis-coconut-oil-caramels","21":"product_tag-cannabis-coconut-oil-chocolate","22":"product_tag-cannabis-coconut-oil-chocolate-recipe","23":"product_tag-cannabis-coconut-oil-color","24":"product_tag-cannabis-coconut-oil-cookies","25":"product_tag-cannabis-coconut-oil-crock-pot","26":"product_tag-cannabis-coconut-oil-crockpot","27":"product_tag-cannabis-coconut-oil-crockpot-reddit","28":"product_tag-cannabis-coconut-oil-dosage","29":"product_tag-cannabis-coconut-oil-double-boiler","30":"product_tag-cannabis-coconut-oil-double-boiler-method","31":"product_tag-cannabis-coconut-oil-edible-recipes","32":"product_tag-cannabis-coconut-oil-edibles","33":"product_tag-cannabis-coconut-oil-edibles-recipes","34":"product_tag-cannabis-coconut-oil-extraction","35":"product_tag-cannabis-coconut-oil-for-sale","36":"product_tag-cannabis-coconut-oil-fudge","37":"product_tag-cannabis-coconut-oil-gummies","38":"product_tag-cannabis-coconut-oil-gummy-bears","39":"product_tag-cannabis-coconut-oil-in-crockpot","40":"product_tag-cannabis-coconut-oil-instant-pot","41":"product_tag-cannabis-coconut-oil-lecithin","42":"product_tag-cannabis-coconut-oil-magical-butter-machine","43":"product_tag-cannabis-coconut-oil-mason-jar","44":"product_tag-cannabis-coconut-oil-near-me","45":"product_tag-cannabis-coconut-oil-on-skin","46":"product_tag-cannabis-coconut-oil-oven","47":"product_tag-cannabis-coconut-oil-personal-lubricant","48":"product_tag-cannabis-coconut-oil-pressure-cooker","49":"product_tag-cannabis-coconut-oil-price","50":"product_tag-cannabis-coconut-oil-ratio","51":"product_tag-cannabis-coconut-oil-recipe","52":"product_tag-cannabis-coconut-oil-recipe-double-boiler","53":"product_tag-cannabis-coconut-oil-recipe-reddit","54":"product_tag-cannabis-coconut-oil-recipe-sous-vide","55":"product_tag-cannabis-coconut-oil-recipe-soy-lecithin","56":"product_tag-cannabis-coconut-oil-recipes","57":"product_tag-cannabis-coconut-oil-recipies","58":"product_tag-cannabis-coconut-oil-refined-or-unrefined","59":"product_tag-cannabis-coconut-oil-rice-krispie-treats","60":"product_tag-cannabis-coconut-oil-salve","61":"product_tag-cannabis-coconut-oil-slow-cooker","62":"product_tag-cannabis-coconut-oil-small-batch","63":"product_tag-cannabis-coconut-oil-sous-vide","64":"product_tag-cannabis-coconut-oil-stovetop","65":"product_tag-cannabis-coconut-oil-thc-calculator","66":"product_tag-cannabis-coconut-oil-topical","67":"product_tag-cannabis-coconut-oil-turned-brown","68":"product_tag-cannabis-coconut-oil-uses","69":"product_tag-cannabis-coconut-oil-vs-butter","70":"product_tag-cannabis-coconut-oil-vs-cbd","71":"product_tag-cannabis-coconut-oil-with-concentrate","72":"product_tag-cooking-with-cannabis-coconut-oil","73":"product_tag-crock-pot-cannabis-coconut-oil","74":"product_tag-crockpot-cannabis-coconut-oil","75":"product_tag-decarboxylation-cannabis-coconut-oil","76":"product_tag-easy-cannabis-coconut-oil","77":"product_tag-how-long-does-cannabis-coconut-oil-last","78":"product_tag-how-long-to-cook-cannabis-coconut-oil","79":"product_tag-how-much-lecithin-to-use-in-cannabis-coconut-oil","80":"product_tag-how-to-cook-with-cannabis-coconut-oil","81":"product_tag-how-to-make-cannabis-coconut-oil","82":"product_tag-how-to-make-cannabis-coconut-oil-brownies","83":"product_tag-how-to-make-cannabis-coconut-oil-capsules","84":"product_tag-how-to-make-cannabis-coconut-oil-crock-pot","85":"product_tag-how-to-make-cannabis-coconut-oil-in-magical-butter-machine","86":"product_tag-how-to-make-cannabis-coconut-oil-reddit","87":"product_tag-how-to-make-cannabis-coconut-oil-youtube","88":"product_tag-how-to-store-cannabis-coconut-oil","89":"product_tag-infused-cannabis-coconut-oil","90":"product_tag-lecithin-cannabis-coconut-oil","91":"product_tag-make-cannabis-coconut-oil","92":"product_tag-making-cannabis-coconut-oil","93":"product_tag-making-cannabis-coconut-oil-youtube","94":"product_tag-recipe-for-cannabis-coconut-oil","95":"product_tag-recipes-using-cannabis-coconut-oil","96":"product_tag-recipes-with-cannabis-coconut-oil","97":"product_tag-slow-cooker-cannabis-coconut-oil","98":"product_tag-sous-vide-cannabis-coconut-oil","99":"product_tag-topical-cannabis-coconut-oil","100":"product_tag-uses-for-cannabis-coconut-oil","101":"product_tag-vaporizing-cannabis-coconut-oil","102":"product_tag-what-can-i-make-with-cannabis-coconut-oil","103":"product_tag-what-to-do-with-cannabis-coconut-oil","104":"product_tag-what-to-make-with-cannabis-coconut-oil","106":"first","107":"instock","108":"shipping-taxable","109":"purchasable","110":"product-type-simple"},"yoast_head":"<!-- This site is optimized with the Yoast SEO plugin v27.3 - https:\/\/yoast.com\/product\/yoast-seo-wordpress\/ -->\n<title>Cannabis Coconut Huile - 510 Premium Carts Cannabis Coconut Huile<\/title>\n<meta name=\"description\" content=\"Cannabis Coconut Huile a r\u00e9ussi \u00e0 se frayer un chemin dans certains des produits les plus recherch\u00e9s de notre industrie, y compris\u00a0les produits\u00a0comestibles\u00a0et\u00a0les\u00a0topiques, mais pourquoi\u00a0?\" \/>\n<meta name=\"robots\" content=\"index, follow, max-snippet:-1, max-image-preview:large, max-video-preview:-1\" \/>\n<link rel=\"canonical\" href=\"https:\/\/510premiumcarts.com\/index.php\/product\/cannabis-coconut-huile\/\" \/>\n<meta property=\"og:locale\" content=\"fr_FR\" \/>\n<meta property=\"og:type\" content=\"article\" \/>\n<meta property=\"og:title\" content=\"Cannabis Coconut Huile - 510 Premium Carts Cannabis Coconut Huile\" \/>\n<meta property=\"og:description\" content=\"Cannabis Coconut Huile a r\u00e9ussi \u00e0 se frayer un chemin dans certains des produits les plus recherch\u00e9s de notre industrie, y compris\u00a0les produits\u00a0comestibles\u00a0et\u00a0les\u00a0topiques, mais pourquoi\u00a0?\" \/>\n<meta property=\"og:url\" content=\"https:\/\/510premiumcarts.com\/index.php\/product\/cannabis-coconut-huile\/\" \/>\n<meta property=\"og:site_name\" content=\"510 Premium Carts\" \/>\n<meta property=\"article:modified_time\" content=\"2023-04-11T14:01:43+00:00\" \/>\n<meta property=\"og:image\" content=\"http:\/\/510premiumcarts.com\/wp-content\/uploads\/2023\/03\/cbd-coconut-oil-1000mg-cbd_.jpg\" \/>\n\t<meta property=\"og:image:width\" content=\"400\" \/>\n\t<meta property=\"og:image:height\" content=\"400\" \/>\n\t<meta property=\"og:image:type\" content=\"image\/jpeg\" \/>\n<meta name=\"twitter:card\" content=\"summary_large_image\" \/>\n<meta name=\"twitter:label1\" content=\"Dur\u00e9e de lecture estim\u00e9e\" \/>\n\t<meta name=\"twitter:data1\" content=\"3 minutes\" \/>\n<script type=\"application\/ld+json\" class=\"yoast-schema-graph\">{\"@context\":\"https:\\\/\\\/schema.org\",\"@graph\":[{\"@type\":\"WebPage\",\"@id\":\"https:\\\/\\\/510premiumcarts.com\\\/index.php\\\/product\\\/cannabis-coconut-huile\\\/\",\"url\":\"https:\\\/\\\/510premiumcarts.com\\\/index.php\\\/product\\\/cannabis-coconut-huile\\\/\",\"name\":\"Cannabis Coconut Huile - 510 Premium Carts Cannabis Coconut Huile\",\"isPartOf\":{\"@id\":\"https:\\\/\\\/510premiumcarts.com\\\/#website\"},\"primaryImageOfPage\":{\"@id\":\"https:\\\/\\\/510premiumcarts.com\\\/index.php\\\/product\\\/cannabis-coconut-huile\\\/#primaryimage\"},\"image\":{\"@id\":\"https:\\\/\\\/510premiumcarts.com\\\/index.php\\\/product\\\/cannabis-coconut-huile\\\/#primaryimage\"},\"thumbnailUrl\":\"https:\\\/\\\/510premiumcarts.com\\\/wp-content\\\/uploads\\\/2023\\\/03\\\/cbd-coconut-oil-1000mg-cbd_.jpg\",\"datePublished\":\"2023-03-07T14:08:01+00:00\",\"dateModified\":\"2023-04-11T14:01:43+00:00\",\"description\":\"Cannabis Coconut Huile a r\u00e9ussi \u00e0 se frayer un chemin dans certains des produits les plus recherch\u00e9s de notre industrie, y compris\u00a0les produits\u00a0comestibles\u00a0et\u00a0les\u00a0topiques, mais pourquoi\u00a0?\",\"breadcrumb\":{\"@id\":\"https:\\\/\\\/510premiumcarts.com\\\/index.php\\\/product\\\/cannabis-coconut-huile\\\/#breadcrumb\"},\"inLanguage\":\"fr-FR\",\"potentialAction\":[{\"@type\":\"ReadAction\",\"target\":[\"https:\\\/\\\/510premiumcarts.com\\\/index.php\\\/product\\\/cannabis-coconut-huile\\\/\"]}]},{\"@type\":\"ImageObject\",\"inLanguage\":\"fr-FR\",\"@id\":\"https:\\\/\\\/510premiumcarts.com\\\/index.php\\\/product\\\/cannabis-coconut-huile\\\/#primaryimage\",\"url\":\"https:\\\/\\\/510premiumcarts.com\\\/wp-content\\\/uploads\\\/2023\\\/03\\\/cbd-coconut-oil-1000mg-cbd_.jpg\",\"contentUrl\":\"https:\\\/\\\/510premiumcarts.com\\\/wp-content\\\/uploads\\\/2023\\\/03\\\/cbd-coconut-oil-1000mg-cbd_.jpg\",\"width\":400,\"height\":400,\"caption\":\"Cannabis Coconut Oil\"},{\"@type\":\"BreadcrumbList\",\"@id\":\"https:\\\/\\\/510premiumcarts.com\\\/index.php\\\/product\\\/cannabis-coconut-huile\\\/#breadcrumb\",\"itemListElement\":[{\"@type\":\"ListItem\",\"position\":1,\"name\":\"Home\",\"item\":\"https:\\\/\\\/510premiumcarts.com\\\/\"},{\"@type\":\"ListItem\",\"position\":2,\"name\":\"Marques de vapotage\",\"item\":\"https:\\\/\\\/510premiumcarts.com\\\/index.php\\\/acheter-du-cannabis\\\/\"},{\"@type\":\"ListItem\",\"position\":3,\"name\":\"Cannabis Coconut Huile\"}]},{\"@type\":\"WebSite\",\"@id\":\"https:\\\/\\\/510premiumcarts.com\\\/#website\",\"url\":\"https:\\\/\\\/510premiumcarts.com\\\/\",\"name\":\"510 Premium Carts\",\"description\":\"Just another WordPress site\",\"potentialAction\":[{\"@type\":\"SearchAction\",\"target\":{\"@type\":\"EntryPoint\",\"urlTemplate\":\"https:\\\/\\\/510premiumcarts.com\\\/?s={search_term_string}\"},\"query-input\":{\"@type\":\"PropertyValueSpecification\",\"valueRequired\":true,\"valueName\":\"search_term_string\"}}],\"inLanguage\":\"fr-FR\"}]}<\/script>\n<!-- \/ Yoast SEO plugin. -->","yoast_head_json":{"title":"Cannabis Coconut Huile - 510 Premium Carts Cannabis Coconut Huile","description":"Cannabis Coconut Huile a r\u00e9ussi \u00e0 se frayer un chemin dans certains des produits les plus recherch\u00e9s de notre industrie, y compris\u00a0les produits\u00a0comestibles\u00a0et\u00a0les\u00a0topiques, mais pourquoi\u00a0?","robots":{"index":"index","follow":"follow","max-snippet":"max-snippet:-1","max-image-preview":"max-image-preview:large","max-video-preview":"max-video-preview:-1"},"canonical":"https:\/\/510premiumcarts.com\/index.php\/product\/cannabis-coconut-huile\/","og_locale":"fr_FR","og_type":"article","og_title":"Cannabis Coconut Huile - 510 Premium Carts Cannabis Coconut Huile","og_description":"Cannabis Coconut Huile a r\u00e9ussi \u00e0 se frayer un chemin dans certains des produits les plus recherch\u00e9s de notre industrie, y compris\u00a0les produits\u00a0comestibles\u00a0et\u00a0les\u00a0topiques, mais pourquoi\u00a0?","og_url":"https:\/\/510premiumcarts.com\/index.php\/product\/cannabis-coconut-huile\/","og_site_name":"510 Premium Carts","article_modified_time":"2023-04-11T14:01:43+00:00","og_image":[{"width":400,"height":400,"url":"http:\/\/510premiumcarts.com\/wp-content\/uploads\/2023\/03\/cbd-coconut-oil-1000mg-cbd_.jpg","type":"image\/jpeg"}],"twitter_card":"summary_large_image","twitter_misc":{"Dur\u00e9e de lecture estim\u00e9e":"3 minutes"},"schema":{"@context":"https:\/\/schema.org","@graph":[{"@type":"WebPage","@id":"https:\/\/510premiumcarts.com\/index.php\/product\/cannabis-coconut-huile\/","url":"https:\/\/510premiumcarts.com\/index.php\/product\/cannabis-coconut-huile\/","name":"Cannabis Coconut Huile - 510 Premium Carts Cannabis Coconut Huile","isPartOf":{"@id":"https:\/\/510premiumcarts.com\/#website"},"primaryImageOfPage":{"@id":"https:\/\/510premiumcarts.com\/index.php\/product\/cannabis-coconut-huile\/#primaryimage"},"image":{"@id":"https:\/\/510premiumcarts.com\/index.php\/product\/cannabis-coconut-huile\/#primaryimage"},"thumbnailUrl":"https:\/\/510premiumcarts.com\/wp-content\/uploads\/2023\/03\/cbd-coconut-oil-1000mg-cbd_.jpg","datePublished":"2023-03-07T14:08:01+00:00","dateModified":"2023-04-11T14:01:43+00:00","description":"Cannabis Coconut Huile a r\u00e9ussi \u00e0 se frayer un chemin dans certains des produits les plus recherch\u00e9s de notre industrie, y compris\u00a0les produits\u00a0comestibles\u00a0et\u00a0les\u00a0topiques, mais pourquoi\u00a0?","breadcrumb":{"@id":"https:\/\/510premiumcarts.com\/index.php\/product\/cannabis-coconut-huile\/#breadcrumb"},"inLanguage":"fr-FR","potentialAction":[{"@type":"ReadAction","target":["https:\/\/510premiumcarts.com\/index.php\/product\/cannabis-coconut-huile\/"]}]},{"@type":"ImageObject","inLanguage":"fr-FR","@id":"https:\/\/510premiumcarts.com\/index.php\/product\/cannabis-coconut-huile\/#primaryimage","url":"https:\/\/510premiumcarts.com\/wp-content\/uploads\/2023\/03\/cbd-coconut-oil-1000mg-cbd_.jpg","contentUrl":"https:\/\/510premiumcarts.com\/wp-content\/uploads\/2023\/03\/cbd-coconut-oil-1000mg-cbd_.jpg","width":400,"height":400,"caption":"Cannabis Coconut Oil"},{"@type":"BreadcrumbList","@id":"https:\/\/510premiumcarts.com\/index.php\/product\/cannabis-coconut-huile\/#breadcrumb","itemListElement":[{"@type":"ListItem","position":1,"name":"Home","item":"https:\/\/510premiumcarts.com\/"},{"@type":"ListItem","position":2,"name":"Marques de vapotage","item":"https:\/\/510premiumcarts.com\/index.php\/acheter-du-cannabis\/"},{"@type":"ListItem","position":3,"name":"Cannabis Coconut Huile"}]},{"@type":"WebSite","@id":"https:\/\/510premiumcarts.com\/#website","url":"https:\/\/510premiumcarts.com\/","name":"510 Premium Carts","description":"Just another WordPress site","potentialAction":[{"@type":"SearchAction","target":{"@type":"EntryPoint","urlTemplate":"https:\/\/510premiumcarts.com\/?s={search_term_string}"},"query-input":{"@type":"PropertyValueSpecification","valueRequired":true,"valueName":"search_term_string"}}],"inLanguage":"fr-FR"}]}},"jetpack_sharing_enabled":true,"_links":{"self":[{"href":"https:\/\/510premiumcarts.com\/index.php\/wp-json\/wp\/v2\/product\/1798","targetHints":{"allow":["GET"]}}],"collection":[{"href":"https:\/\/510premiumcarts.com\/index.php\/wp-json\/wp\/v2\/product"}],"about":[{"href":"https:\/\/510premiumcarts.com\/index.php\/wp-json\/wp\/v2\/types\/product"}],"replies":[{"embeddable":true,"href":"https:\/\/510premiumcarts.com\/index.php\/wp-json\/wp\/v2\/comments?post=1798"}],"wp:featuredmedia":[{"embeddable":true,"href":"https:\/\/510premiumcarts.com\/index.php\/wp-json\/wp\/v2\/media\/1800"}],"wp:attachment":[{"href":"https:\/\/510premiumcarts.com\/index.php\/wp-json\/wp\/v2\/media?parent=1798"}],"wp:term":[{"taxonomy":"product_brand","embeddable":true,"href":"https:\/\/510premiumcarts.com\/index.php\/wp-json\/wp\/v2\/product_brand?post=1798"},{"taxonomy":"product_cat","embeddable":true,"href":"https:\/\/510premiumcarts.com\/index.php\/wp-json\/wp\/v2\/product_cat?post=1798"},{"taxonomy":"product_tag","embeddable":true,"href":"https:\/\/510premiumcarts.com\/index.php\/wp-json\/wp\/v2\/product_tag?post=1798"}],"curies":[{"name":"wp","href":"https:\/\/api.w.org\/{rel}","templated":true}]}}