{"id":1801,"date":"2023-03-07T14:14:07","date_gmt":"2023-03-07T14:14:07","guid":{"rendered":"https:\/\/510premiumcarts.com\/?post_type=product&#038;p=1801"},"modified":"2023-03-27T16:26:04","modified_gmt":"2023-03-27T16:26:04","slug":"huile-de-cannabis-big-foot","status":"publish","type":"product","link":"https:\/\/510premiumcarts.com\/index.php\/product\/huile-de-cannabis-big-foot\/","title":{"rendered":"Huile de cannabis Big Foot"},"content":{"rendered":"<h1><a href=\"https:\/\/510premiumcarts.com\/\"><span style=\"color: #ffcc00; font-size: 130%;\">\u00c0 PROPOS DE L&rsquo;HUILE DE CANNABIS BIG FOOT<\/span><\/a><\/h1>\n<p>huile cbd bigfoot \u2013 Acheter de l&rsquo;huile de cannabis en ligne. Big Foot est l&rsquo;un des plus exigeants disponibles sur le march\u00e9 et est tr\u00e8s populaire parmi les consommateurs exp\u00e9riment\u00e9s. C&rsquo;est essentiellement un m\u00e9lange de plusieurs vari\u00e9t\u00e9s l\u00e9gendaires comme Haze OG,\u00a0Gorilla Glue et Kryptonite. Cette huile contient environ 54,41 % de composition de THC ainsi qu&rsquo;un pourcentage minimal de composition de CBD. En raison du taux \u00e9lev\u00e9 de composition en THC, cette\u00a0huile\u00a0vous permet un high c\u00e9r\u00e9bral de qualit\u00e9 supr\u00eame et une ru\u00e9e vers le corps intense. Acheter de l&rsquo;huile de cannabis Big Foot\u00a0II en ligne\u00a0\u2013\u00a0Acheter en ligne<\/p>\n<h2>QUALIT\u00c9 DES PRODUITS <a href=\"https:\/\/ogdispensary.org\/product\/white-runtz-weed\/\">\u00c0<\/a> L&rsquo;HUILE DE <a href=\"https:\/\/www.leafly.com\/\">CBD<\/a> BIGFOOT<\/h2>\n<p>Big Foot est notre m\u00e9lange maison de plusieurs souches que nous avons m\u00e9lang\u00e9es ensemble parce que nous n&rsquo;avions pas assez de chaque souche individuellement pour faire une extraction s\u00e9par\u00e9e.<\/p>\n<p><strong>Les souches <a href=\"http:\/\/www.globalweeddispensary.ccom\/\">sont<\/a> :<\/strong><br \/>\nSFV OG<br \/>\n<a href=\"https:\/\/ogdispensary.org\/product\/cbd-oil-medical-health-product\/\">T\u00eate<\/a> morte<br \/>\nJack critique<\/p>\n<p>Ces trois vari\u00e9t\u00e9s d&rsquo;huile de cbd bigfoot sont des hybrides, ce qui signifie qu&rsquo;elles ont \u00e0 la fois une g\u00e9n\u00e9tique indica et sativa. Les hybrides vous offrent un bon m\u00e9lange de sensation de d\u00e9tente et de stimulation mentale sans que l&rsquo;un ou l&rsquo;autre effet ne soit trop envahissant. Cette huile a \u00e9t\u00e9 extraite \u00e0 l&rsquo;aide de la m\u00e9thode d&rsquo;extraction par solvant de Rick Simpson, c&rsquo;est pourquoi cette huile est plus fonc\u00e9e que les huiles extraites au CO2 ci-dessus.<\/p>\n<p>Ce produit a \u00e9t\u00e9 fabriqu\u00e9 avec de l&rsquo;huile de cannabis extraite au CO2 sans additifs. parce que The\u00a0Big Foot\u00a0II\u00a0est fabriqu\u00e9 avec de l&rsquo;huile de cannabis extraite, en utilisant la <a href=\"https:\/\/ogdispensary.org\/product\/cbd-oil-peppermint-cibdex\/\">m\u00e9thode<\/a> d&rsquo;extraction par solvant populaire de Rick\u00a0Simpson. Il permet aux fumeurs d&rsquo;avoir une ambiance relaxante, heureuse, exalt\u00e9e, euphorique et concentr\u00e9e.<\/p>\n<p>La plupart des artistes pr\u00e9f\u00e8rent cette huile car elle est tout \u00e0 fait capable de vous laisser cr\u00e9atif et \u00e9nergis\u00e9. Cette souche peut \u00e9galement \u00eatre tr\u00e8s efficace pour gu\u00e9rir divers probl\u00e8mes m\u00e9dicaux comme la douleur, le stress, la d\u00e9pression, la fatigue, les naus\u00e9es, l&rsquo;anxi\u00e9t\u00e9 et les troubles de l&rsquo;app\u00e9tit. Si vous recherchez un high de qualit\u00e9 et de longue dur\u00e9e, ce Big Foot II sera le choix parfait pour vous. Acheter Big Foot II en ligne<\/p>\n<h3>Certains des effets rapport\u00e9s de ces souches sont:<b><\/b><\/h3>\n<p><strong>L&rsquo;huile de cannabis Big Foot vous d\u00e9tend<\/strong><br \/>\nL&rsquo;huile de cannabis vous rend heureux parce que<\/p>\n<p>Elev\u00e9 aussi<br \/>\nEuphorique<br \/>\nConcentr\u00e9 aussi<br \/>\nCr\u00e9atif<br \/>\n\u00c9nergique<b><\/b><\/p>\n<p><strong><span style=\"color: #ffcc00;\">61,85 % THC et 1,95 % CBD<\/span><\/strong><\/p>\n<p>&nbsp;<\/p>\n","protected":false},"excerpt":{"rendered":"<ul>\n<li>Type : huile de cannabis extraite au CO2<\/li>\n<li>G\u00e9n\u00e9tique : Haze OG, Gorilla Glue et Kryptonite<\/li>\n<li>Aspect : Extrait huileux fonc\u00e9 et \u00e9pais<br \/>\nTHC 54,41%<\/li>\n<li>Effets\u00a0: d\u00e9tendu, heureux, exalt\u00e9, euphorique, concentr\u00e9, cr\u00e9atif et\u00a0\u00e9nerg\u00e9tique.<\/li>\n<li>Gu\u00e9rit : la douleur, le stress, la d\u00e9pression, la fatigue, les naus\u00e9es, l&rsquo;anxi\u00e9t\u00e9 et les troubles de l&rsquo;app\u00e9tit<\/li>\n<\/ul>\n","protected":false},"featured_media":1802,"comment_status":"open","ping_status":"closed","template":"","meta":{"_monsterinsights_skip_tracking":false,"_monsterinsights_sitenote_active":false,"_monsterinsights_sitenote_note":"","_monsterinsights_sitenote_category":0},"product_brand":[],"product_cat":[4991],"product_tag":[],"class_list":{"0":"post-1801","1":"product","2":"type-product","3":"status-publish","4":"has-post-thumbnail","6":"product_cat-acheter-cbd-oil","8":"first","9":"instock","10":"shipping-taxable","11":"purchasable","12":"product-type-simple"},"yoast_head":"<!-- This site is optimized with the Yoast SEO plugin v27.3 - https:\/\/yoast.com\/product\/yoast-seo-wordpress\/ -->\n<title>Big Foot Cannabis Oil - 510 Premium Carts - CBD Cannabis vape<\/title>\n<meta name=\"description\" content=\"Big Foot Cannabis Oil is one of the most demanding\u00a0 available in the market and is quite popular among the experienced consumers.\" \/>\n<meta name=\"robots\" content=\"index, follow, max-snippet:-1, max-image-preview:large, max-video-preview:-1\" \/>\n<link rel=\"canonical\" href=\"https:\/\/510premiumcarts.com\/index.php\/product\/huile-de-cannabis-big-foot\/\" \/>\n<meta property=\"og:locale\" content=\"fr_FR\" \/>\n<meta property=\"og:type\" content=\"article\" \/>\n<meta property=\"og:title\" content=\"Big Foot Cannabis Oil - 510 Premium Carts - CBD Cannabis vape\" \/>\n<meta property=\"og:description\" content=\"Big Foot Cannabis Oil is one of the most demanding\u00a0 available in the market and is quite popular among the experienced consumers.\" \/>\n<meta property=\"og:url\" content=\"https:\/\/510premiumcarts.com\/index.php\/product\/huile-de-cannabis-big-foot\/\" \/>\n<meta property=\"og:site_name\" content=\"510 Premium Carts\" \/>\n<meta property=\"article:modified_time\" content=\"2023-03-27T16:26:04+00:00\" \/>\n<meta property=\"og:image\" content=\"http:\/\/510premiumcarts.com\/wp-content\/uploads\/2023\/03\/2178655_01.jpeg\" \/>\n\t<meta property=\"og:image:width\" content=\"850\" \/>\n\t<meta property=\"og:image:height\" content=\"850\" \/>\n\t<meta property=\"og:image:type\" content=\"image\/jpeg\" \/>\n<meta name=\"twitter:card\" content=\"summary_large_image\" \/>\n<meta name=\"twitter:label1\" content=\"Dur\u00e9e de lecture estim\u00e9e\" \/>\n\t<meta name=\"twitter:data1\" content=\"2 minutes\" \/>\n<script type=\"application\/ld+json\" class=\"yoast-schema-graph\">{\"@context\":\"https:\\\/\\\/schema.org\",\"@graph\":[{\"@type\":\"WebPage\",\"@id\":\"https:\\\/\\\/510premiumcarts.com\\\/index.php\\\/product\\\/huile-de-cannabis-big-foot\\\/\",\"url\":\"https:\\\/\\\/510premiumcarts.com\\\/index.php\\\/product\\\/huile-de-cannabis-big-foot\\\/\",\"name\":\"Big Foot Cannabis Oil - 510 Premium Carts - CBD Cannabis vape\",\"isPartOf\":{\"@id\":\"https:\\\/\\\/510premiumcarts.com\\\/#website\"},\"primaryImageOfPage\":{\"@id\":\"https:\\\/\\\/510premiumcarts.com\\\/index.php\\\/product\\\/huile-de-cannabis-big-foot\\\/#primaryimage\"},\"image\":{\"@id\":\"https:\\\/\\\/510premiumcarts.com\\\/index.php\\\/product\\\/huile-de-cannabis-big-foot\\\/#primaryimage\"},\"thumbnailUrl\":\"https:\\\/\\\/510premiumcarts.com\\\/wp-content\\\/uploads\\\/2023\\\/03\\\/2178655_01.jpeg\",\"datePublished\":\"2023-03-07T14:14:07+00:00\",\"dateModified\":\"2023-03-27T16:26:04+00:00\",\"description\":\"Big Foot Cannabis Oil is one of the most demanding\u00a0 available in the market and is quite popular among the experienced consumers.\",\"breadcrumb\":{\"@id\":\"https:\\\/\\\/510premiumcarts.com\\\/index.php\\\/product\\\/huile-de-cannabis-big-foot\\\/#breadcrumb\"},\"inLanguage\":\"fr-FR\",\"potentialAction\":[{\"@type\":\"ReadAction\",\"target\":[\"https:\\\/\\\/510premiumcarts.com\\\/index.php\\\/product\\\/huile-de-cannabis-big-foot\\\/\"]}]},{\"@type\":\"ImageObject\",\"inLanguage\":\"fr-FR\",\"@id\":\"https:\\\/\\\/510premiumcarts.com\\\/index.php\\\/product\\\/huile-de-cannabis-big-foot\\\/#primaryimage\",\"url\":\"https:\\\/\\\/510premiumcarts.com\\\/wp-content\\\/uploads\\\/2023\\\/03\\\/2178655_01.jpeg\",\"contentUrl\":\"https:\\\/\\\/510premiumcarts.com\\\/wp-content\\\/uploads\\\/2023\\\/03\\\/2178655_01.jpeg\",\"width\":850,\"height\":850,\"caption\":\"Huile de cannabis Big Foot\"},{\"@type\":\"BreadcrumbList\",\"@id\":\"https:\\\/\\\/510premiumcarts.com\\\/index.php\\\/product\\\/huile-de-cannabis-big-foot\\\/#breadcrumb\",\"itemListElement\":[{\"@type\":\"ListItem\",\"position\":1,\"name\":\"Home\",\"item\":\"https:\\\/\\\/510premiumcarts.com\\\/\"},{\"@type\":\"ListItem\",\"position\":2,\"name\":\"Marques de vapotage\",\"item\":\"https:\\\/\\\/510premiumcarts.com\\\/index.php\\\/acheter-du-cannabis\\\/\"},{\"@type\":\"ListItem\",\"position\":3,\"name\":\"Huile de cannabis Big Foot\"}]},{\"@type\":\"WebSite\",\"@id\":\"https:\\\/\\\/510premiumcarts.com\\\/#website\",\"url\":\"https:\\\/\\\/510premiumcarts.com\\\/\",\"name\":\"510 Premium Carts\",\"description\":\"Just another WordPress site\",\"potentialAction\":[{\"@type\":\"SearchAction\",\"target\":{\"@type\":\"EntryPoint\",\"urlTemplate\":\"https:\\\/\\\/510premiumcarts.com\\\/?s={search_term_string}\"},\"query-input\":{\"@type\":\"PropertyValueSpecification\",\"valueRequired\":true,\"valueName\":\"search_term_string\"}}],\"inLanguage\":\"fr-FR\"}]}<\/script>\n<!-- \/ Yoast SEO plugin. -->","yoast_head_json":{"title":"Big Foot Cannabis Oil - 510 Premium Carts - CBD Cannabis vape","description":"Big Foot Cannabis Oil is one of the most demanding\u00a0 available in the market and is quite popular among the experienced consumers.","robots":{"index":"index","follow":"follow","max-snippet":"max-snippet:-1","max-image-preview":"max-image-preview:large","max-video-preview":"max-video-preview:-1"},"canonical":"https:\/\/510premiumcarts.com\/index.php\/product\/huile-de-cannabis-big-foot\/","og_locale":"fr_FR","og_type":"article","og_title":"Big Foot Cannabis Oil - 510 Premium Carts - CBD Cannabis vape","og_description":"Big Foot Cannabis Oil is one of the most demanding\u00a0 available in the market and is quite popular among the experienced consumers.","og_url":"https:\/\/510premiumcarts.com\/index.php\/product\/huile-de-cannabis-big-foot\/","og_site_name":"510 Premium Carts","article_modified_time":"2023-03-27T16:26:04+00:00","og_image":[{"width":850,"height":850,"url":"http:\/\/510premiumcarts.com\/wp-content\/uploads\/2023\/03\/2178655_01.jpeg","type":"image\/jpeg"}],"twitter_card":"summary_large_image","twitter_misc":{"Dur\u00e9e de lecture estim\u00e9e":"2 minutes"},"schema":{"@context":"https:\/\/schema.org","@graph":[{"@type":"WebPage","@id":"https:\/\/510premiumcarts.com\/index.php\/product\/huile-de-cannabis-big-foot\/","url":"https:\/\/510premiumcarts.com\/index.php\/product\/huile-de-cannabis-big-foot\/","name":"Big Foot Cannabis Oil - 510 Premium Carts - CBD Cannabis vape","isPartOf":{"@id":"https:\/\/510premiumcarts.com\/#website"},"primaryImageOfPage":{"@id":"https:\/\/510premiumcarts.com\/index.php\/product\/huile-de-cannabis-big-foot\/#primaryimage"},"image":{"@id":"https:\/\/510premiumcarts.com\/index.php\/product\/huile-de-cannabis-big-foot\/#primaryimage"},"thumbnailUrl":"https:\/\/510premiumcarts.com\/wp-content\/uploads\/2023\/03\/2178655_01.jpeg","datePublished":"2023-03-07T14:14:07+00:00","dateModified":"2023-03-27T16:26:04+00:00","description":"Big Foot Cannabis Oil is one of the most demanding\u00a0 available in the market and is quite popular among the experienced consumers.","breadcrumb":{"@id":"https:\/\/510premiumcarts.com\/index.php\/product\/huile-de-cannabis-big-foot\/#breadcrumb"},"inLanguage":"fr-FR","potentialAction":[{"@type":"ReadAction","target":["https:\/\/510premiumcarts.com\/index.php\/product\/huile-de-cannabis-big-foot\/"]}]},{"@type":"ImageObject","inLanguage":"fr-FR","@id":"https:\/\/510premiumcarts.com\/index.php\/product\/huile-de-cannabis-big-foot\/#primaryimage","url":"https:\/\/510premiumcarts.com\/wp-content\/uploads\/2023\/03\/2178655_01.jpeg","contentUrl":"https:\/\/510premiumcarts.com\/wp-content\/uploads\/2023\/03\/2178655_01.jpeg","width":850,"height":850,"caption":"Huile de cannabis Big Foot"},{"@type":"BreadcrumbList","@id":"https:\/\/510premiumcarts.com\/index.php\/product\/huile-de-cannabis-big-foot\/#breadcrumb","itemListElement":[{"@type":"ListItem","position":1,"name":"Home","item":"https:\/\/510premiumcarts.com\/"},{"@type":"ListItem","position":2,"name":"Marques de vapotage","item":"https:\/\/510premiumcarts.com\/index.php\/acheter-du-cannabis\/"},{"@type":"ListItem","position":3,"name":"Huile de cannabis Big Foot"}]},{"@type":"WebSite","@id":"https:\/\/510premiumcarts.com\/#website","url":"https:\/\/510premiumcarts.com\/","name":"510 Premium Carts","description":"Just another WordPress site","potentialAction":[{"@type":"SearchAction","target":{"@type":"EntryPoint","urlTemplate":"https:\/\/510premiumcarts.com\/?s={search_term_string}"},"query-input":{"@type":"PropertyValueSpecification","valueRequired":true,"valueName":"search_term_string"}}],"inLanguage":"fr-FR"}]}},"jetpack_sharing_enabled":true,"_links":{"self":[{"href":"https:\/\/510premiumcarts.com\/index.php\/wp-json\/wp\/v2\/product\/1801","targetHints":{"allow":["GET"]}}],"collection":[{"href":"https:\/\/510premiumcarts.com\/index.php\/wp-json\/wp\/v2\/product"}],"about":[{"href":"https:\/\/510premiumcarts.com\/index.php\/wp-json\/wp\/v2\/types\/product"}],"replies":[{"embeddable":true,"href":"https:\/\/510premiumcarts.com\/index.php\/wp-json\/wp\/v2\/comments?post=1801"}],"wp:featuredmedia":[{"embeddable":true,"href":"https:\/\/510premiumcarts.com\/index.php\/wp-json\/wp\/v2\/media\/1802"}],"wp:attachment":[{"href":"https:\/\/510premiumcarts.com\/index.php\/wp-json\/wp\/v2\/media?parent=1801"}],"wp:term":[{"taxonomy":"product_brand","embeddable":true,"href":"https:\/\/510premiumcarts.com\/index.php\/wp-json\/wp\/v2\/product_brand?post=1801"},{"taxonomy":"product_cat","embeddable":true,"href":"https:\/\/510premiumcarts.com\/index.php\/wp-json\/wp\/v2\/product_cat?post=1801"},{"taxonomy":"product_tag","embeddable":true,"href":"https:\/\/510premiumcarts.com\/index.php\/wp-json\/wp\/v2\/product_tag?post=1801"}],"curies":[{"name":"wp","href":"https:\/\/api.w.org\/{rel}","templated":true}]}}