{"id":1803,"date":"2023-03-07T14:21:48","date_gmt":"2023-03-07T14:21:48","guid":{"rendered":"https:\/\/510premiumcarts.com\/?post_type=product&#038;p=1803"},"modified":"2023-03-26T16:51:42","modified_gmt":"2023-03-26T16:51:42","slug":"rsho-cbd-capsules-vertes-30ct","status":"publish","type":"product","link":"https:\/\/510premiumcarts.com\/index.php\/product\/rsho-cbd-capsules-vertes-30ct\/","title":{"rendered":"rsho cbd capsules vertes 30ct"},"content":{"rendered":"<h1><span style=\"font-size: 130%;\"><a href=\"https:\/\/510premiumcarts.com\/index.php\/product-category\/marijuana-strains\/buy-cbd-oil\/\"><span style=\"color: #ffcc00;\">\u00c0 PROPOS DES CAPSULES VERTES CBD RSHO 30CT<\/span><\/a><\/span><\/h1>\n<p>g\u00e9lules de cbd Huile de <a href=\"https:\/\/buymarijuanameds.online\/product-category\/cbd-oil\/\">chanvre<\/a> Real Scientific<\/p>\n<p><strong>G\u00e9lules Label <a href=\"https:\/\/buymarijuanameds.online\/product-category\/cbd-oil\/\">VERT<\/a><\/strong><br \/>\n<strong>30ct \u2013 25mg de <a href=\"https:\/\/buymarijuanameds.online\/product-category\/cbd-oil\/\">CBD<\/a> dans <a href=\"https:\/\/www.leafly.com\/\">chaque<\/a> capsule<\/strong><\/p>\n<p>Capsules CBD Vous voulez tous les avantages des\u00a0huiles de chanvre\u00a0CBD\u00a0dans une simple capsule\u00a0? Il n&rsquo;y a pas de moyen plus simple d&rsquo;obtenir votre apport quotidien en CBD enti\u00e8rement naturel qu&rsquo;avec les puissantes capsules Real Scientific Hemp Oil \u2122 (RSHO \u2122). Chaque capsule RSHO\u2122 contient des huiles de chanvre CBD \u00e0 spectre complet peu transform\u00e9es, chacune offrant 25 mg de CBD. L&rsquo;huile Green Label RSHO \u2122 utilis\u00e9e dans ces capsules n&rsquo;est pas filtr\u00e9e et n&rsquo;est pas d\u00e9carboxyl\u00e9e pour conserver la forme la plus authentique de la plante de chanvre. Les\u00a0capsules\u00a0sont \u00e9galement formul\u00e9es avec 200\u00a0mg de calcium et 200\u00a0mg de notre m\u00e9lange exclusif de racine de curcuma en poudre et d&rsquo;\u00e9corce de saule blanc. Une capsule prise 1 \u00e0 2 fois par jour suffit pour ajouter des suppl\u00e9ments d&rsquo;huile de chanvre CBD \u00e0 votre alimentation.<\/p>\n<div class=\"vc_row wpb_row section vc_row-fluid mpc-row\">\n<div class=\" full_section_inner clearfix\">\n<div class=\"wpb_column vc_column_container vc_col-sm-12 mpc-column\">\n<div class=\"vc_column-inner \">\n<div class=\"wpb_wrapper\">\n<div class=\"vc_row wpb_row section vc_row-fluid vc_inner mpc-row\">\n<div class=\" full_section_inner clearfix\">\n<div class=\"wpb_column vc_column_container vc_col-sm-6 mpc-column\">\n<div class=\"vc_column-inner \">\n<div class=\"wpb_wrapper\">\n<div class=\"wpb_text_column wpb_content_element \">\n<div class=\"wpb_wrapper\">\n<p><strong>Portion<\/strong>\u00a0: 1\u00a0capsule<br \/>\n<strong>Portion par conteneur<\/strong>\u00a0:\u00a030<\/p>\n<p><strong>Quantit\u00e9\/Portion\u00a0<\/strong> \u00a0 \u00a0 \u00a0 \u00a0 \u00a0 \u00a0 \u00a0 \u00a0 \u00a0 \u00a0 \u00a0 \u00a0 \u00a0 \u00a0 \u00a0 \u00a0 \u00a0 \u00a0 \u00a0 \u00a0 \u00a0%DV*<\/p>\n<\/div>\n<\/div>\n<div class=\"separator normal \">\n<p>Calcium\u00a0(sous forme de carbonate de calcium) \u00a0200mg \u00a0 \u00a0 20\u00a0%<\/p>\n<p>^ Cannabidiol (^ CBD comme chanvre<br \/>\nHuile de graines et de tige) \u00a0 \u00a0 \u00a0 \u00a0 \u00a0 \u00a0 \u00a0 \u00a0 \u00a0 \u00a0 \u00a0 \u00a0 \u00a0 \u00a0 \u00a025\u00a0mg<br \/>\nSucre \u00a0 \u00a0 \u00a0 \u00a0 \u00a0 \u00a0 \u00a0 \u00a0 \u00a0 \u00a0 \u00a0 \u00a0 \u00a0 \u00a0 \u00a0 \u00a0 \u00a0 \u00a0 \u00a0 \u00a0 \u00a0 \u00a0 \u00a0 \u00a0 \u00a0 \u00a0 \u00a0 \u00a0 0g \u00a0 \u00a0 0\u00a0%<\/p>\n<\/div>\n<div class=\"wpb_text_column wpb_content_element \">\n<div class=\"wpb_wrapper\">\n<p><strong>M\u00e9lange exclusif\u00a0 \u00a0<\/strong> \u00a0 \u00a0 \u00a0 \u00a0 \u00a0 \u00a0 \u00a0 \u00a0 \u00a0 \u00a0 \u00a0 \u00a0 \u00a0\u00a0200\u00a0mg<br \/>\nPoudre de racine de curcuma<br \/>\nPoudre d&rsquo;\u00e9corce de saule blanc<\/p>\n<\/div>\n<\/div>\n<div class=\"wpb_text_column wpb_content_element \">\n<div class=\"wpb_wrapper\">\n<p>Les pourcentages des valeurs quotidiennes (DV) sont bas\u00e9s sur un r\u00e9gime de 2\u00a0000\u00a0colories<\/p>\n<p>\u2020 Valeur quotidienne non \u00e9tablie<\/p>\n<\/div>\n<\/div>\n<div class=\"wpb_text_column wpb_content_element \">\n<div class=\"wpb_wrapper\">\n<p><strong>Autres constituants:<\/strong> dioxyde de silicium, bicarbonate de sodium, cellulose (d&rsquo;origine v\u00e9g\u00e9tale)<\/p>\n<p><strong>INFORMATION SUR LE PRODUIT<\/strong><\/p>\n<\/div>\n<\/div>\n<\/div>\n<\/div>\n<\/div>\n<div class=\"wpb_column vc_column_container vc_col-sm-6 mpc-column\">\n<div class=\"vc_column-inner \">\n<div class=\"wpb_wrapper\">\n<div class=\"wpb_text_column wpb_content_element \">\n<div class=\"wpb_wrapper\">\n<ul>\n<li>Chaque capsule contient 25 mg de CBD<\/li>\n<li>200mg Calcium<\/li>\n<li>200 mg de racine de curcuma en poudre et d&rsquo;\u00e9corce de saule blanc<\/li>\n<li>Capsules v\u00e9g\u00e9taliennes \u00e0 lib\u00e9ration retard\u00e9e<\/li>\n<li>Test\u00e9 pour la puret\u00e9 et la s\u00e9curit\u00e9 par des laboratoires certifi\u00e9s ISO<\/li>\n<\/ul>\n<\/div>\n<\/div>\n<div class=\"separator normal \"><strong>INSTRUCTIONS<\/strong><br \/>\nPrendre une g\u00e9lule 1 \u00e0 2 fois par jour.<\/div>\n<div>\n<h2><span id=\"HOW_RSHO%E2%84%A2_CBD_OIL_CAPSULES_PROMOTE_HEALTH_AND_WELLNESS\" class=\"ez-toc-section\"><\/span>COMMENT LES CAPSULES D&rsquo;HUILE DE CBD RSHO\u2122 PROMOUVOIR LA SANT\u00c9 ET LE BIEN-\u00caTRE<\/h2>\n<p>Vous \u00eates peut-\u00eatre curieux de savoir quels sont les avantages des g\u00e9lules de chanvre ?<\/p>\n<p>Offrant 25 mg de CBD, les capsules RSHO\u2122 CBD favorisent l&rsquo;\u00e9quilibre de votre corps en soutenant le syst\u00e8me endocannabino\u00efde. Le syst\u00e8me endocannabino\u00efde, souvent appel\u00e9 ECS, surveille en permanence un \u00e9ventail de fonctions et effectue les ajustements n\u00e9cessaires chaque fois qu&rsquo;ils deviennent d\u00e9s\u00e9quilibr\u00e9s..<\/p>\n<p>Offrant 25 mg de CBD, les capsules RSHO\u2122 CBD favorisent l&rsquo;\u00e9quilibre de votre corps en soutenant le syst\u00e8me endocannabino\u00efde. Le syst\u00e8me endocannabino\u00efde, souvent appel\u00e9 ECS, surveille constamment un \u00e9ventail de fonctions et effectue les ajustements n\u00e9cessaires chaque fois qu&rsquo;ils deviennent d\u00e9s\u00e9quilibr\u00e9s.<\/p>\n<p>C&rsquo;est pourquoi tant de gens ont commenc\u00e9 \u00e0 incorporer les capsules d&rsquo;huile de chanvre RSHO\u2122 et d&rsquo;autres produits CBD dans leur routine quotidienne de bien-\u00eatre. Les avantages naturels d&rsquo;un ECS qui fonctionne bien signifient que les fonctions fonctionnent plus efficacement, ce qui conduit \u00e0 une meilleure sant\u00e9 globale.<\/p>\n<h3><span id=\"ADVANTAGES_OF_THE_PRODUCT\" class=\"ez-toc-section\"><\/span>AVANTAGES DU PRODUIT<\/h3>\n<p>Bien qu&rsquo;il existe de nombreuses fa\u00e7ons d&rsquo;obtenir votre portion quotidienne de CBD, les capsules RSHO\u2122 CBD offrent des avantages uniques qui peuvent en faire la meilleure m\u00e9thode de consommation de CBD pour vous.<\/p>\n<p>Premi\u00e8rement, les capsules RSHO\u2122 CBD sont rapides et faciles \u00e0 int\u00e9grer dans votre journ\u00e9e. Si vous avez d\u00e9j\u00e0 une routine de vitamines existante ou si vous \u00eates \u00e0 l&rsquo;aise avec la prise de pilules, les capsules d&rsquo;huile de CBD RSHO\u2122 s&rsquo;int\u00e9greront parfaitement \u00e0 votre routine. Tout ce que vous avez \u00e0 faire est de rincer votre capsule RSHO\u2122 CBD avec une gorg\u00e9e d&rsquo;eau et vous pouvez passer votre journ\u00e9e tout en profitant des bienfaits \u00e9quilibrants naturels du CBD.<\/p>\n<p>De plus, avec les capsules d&rsquo;huile de CBD RSHO\u2122, vous savez que vous obtenez 25 mg de CBD, \u00e0 chaque fois. Il n&rsquo;est pas n\u00e9cessaire de mesurer les portions. Vous constaterez peut-\u00eatre qu&rsquo;une seule capsule de CBD RSHO\u2122 pour 25 mg de CBD par jour fonctionne mieux, ou vous pouvez augmenter votre consommation \u00e0 50 mg de CBD en prenant une deuxi\u00e8me capsule de CBD le soir. <span style=\"color: #ffffff;\">rsho cbd capsules vertes 30ct<\/span><\/p>\n<p>Les capsules RSHO\u2122 CBD peuvent \u00e9galement vous int\u00e9resser si vous pr\u00e9f\u00e9rez \u00e9viter la saveur terreuse du chanvre. Alors que de nombreuses personnes appr\u00e9cient le go\u00fbt \u00ab\u00a0herbac\u00e9\u00a0\u00bb de l&rsquo;huile de CBD pure, vous permettent de profiter de tous les bienfaits de l&rsquo;huile de chanvre sans go\u00fbter l&rsquo;huile elle-m\u00eame.<\/p>\n<p>Les capsules RSHO\u2122 CBD, conditionn\u00e9es dans un pot de 30 unit\u00e9s, sont \u00e9galement stables \u00e0 la conservation.<\/p>\n<p>\u00c9tant donn\u00e9 que l&rsquo;huile de CBD pure utilis\u00e9e pour fabriquer les capsules RSHO\u2122 CBD provient du chanvre, vous pouvez vous sentir \u00e0 l&rsquo;aise en sachant qu&rsquo;elles n&rsquo;auront aucun effet enivrant. Le CBD lui-m\u00eame n&rsquo;est pas enivrant et l&rsquo;huile de chanvre ne contient que des traces de THC, bien inf\u00e9rieures \u00e0 la quantit\u00e9 n\u00e9cessaire pour provoquer des effets euphoriques.<\/p>\n<\/div>\n<\/div>\n<\/div>\n<\/div>\n<\/div>\n<\/div>\n<\/div>\n<\/div>\n<\/div>\n<\/div>\n<\/div>\n","protected":false},"excerpt":{"rendered":"<p>Want all the benefits of CBD hemp oil in a simple capsule? There\u2019s no easier way to get your daily intake of all-natural CBD than with powerful Real Scientific Hemp Oil\u2122 (RSHO\u2122) capsules.<\/p>\n","protected":false},"featured_media":1804,"comment_status":"open","ping_status":"closed","template":"","meta":{"_monsterinsights_skip_tracking":false,"_monsterinsights_sitenote_active":false,"_monsterinsights_sitenote_note":"","_monsterinsights_sitenote_category":0},"product_brand":[],"product_cat":[4991],"product_tag":[5196],"class_list":{"0":"post-1803","1":"product","2":"type-product","3":"status-publish","4":"has-post-thumbnail","6":"product_cat-acheter-cbd-oil","7":"product_tag-rsho-cbd-green-capsules-30ct","9":"first","10":"instock","11":"shipping-taxable","12":"purchasable","13":"product-type-simple"},"yoast_head":"<!-- This site is optimized with the Yoast SEO plugin v27.3 - https:\/\/yoast.com\/product\/yoast-seo-wordpress\/ -->\n<title>rsho cbd capsules vertes 30ct - 510 Premium Carts Vape Pen Oil<\/title>\n<meta name=\"description\" content=\"rsho cbd capsules vertes 30ct Vous voulez tous les avantages des\u00a0huiles de chanvre\u00a0CBD\u00a0dans une simple capsule\u00a0? Il n&#039;y a pas de moyen plus simple d&#039;obtenir votre apport quotidien en CBD enti\u00e8rement naturel\" \/>\n<meta name=\"robots\" content=\"index, follow, max-snippet:-1, max-image-preview:large, max-video-preview:-1\" \/>\n<link rel=\"canonical\" href=\"https:\/\/510premiumcarts.com\/index.php\/product\/rsho-cbd-capsules-vertes-30ct\/\" \/>\n<meta property=\"og:locale\" content=\"fr_FR\" \/>\n<meta property=\"og:type\" content=\"article\" \/>\n<meta property=\"og:title\" content=\"rsho cbd capsules vertes 30ct - 510 Premium Carts Vape Pen Oil\" \/>\n<meta property=\"og:description\" content=\"rsho cbd capsules vertes 30ct Vous voulez tous les avantages des\u00a0huiles de chanvre\u00a0CBD\u00a0dans une simple capsule\u00a0? Il n&#039;y a pas de moyen plus simple d&#039;obtenir votre apport quotidien en CBD enti\u00e8rement naturel\" \/>\n<meta property=\"og:url\" content=\"https:\/\/510premiumcarts.com\/index.php\/product\/rsho-cbd-capsules-vertes-30ct\/\" \/>\n<meta property=\"og:site_name\" content=\"510 Premium Carts\" \/>\n<meta property=\"article:modified_time\" content=\"2023-03-26T16:51:42+00:00\" \/>\n<meta property=\"og:image\" content=\"http:\/\/510premiumcarts.com\/wp-content\/uploads\/2023\/03\/F91B512A-C2BA-4929-8116-91413C5272E0.jpeg\" \/>\n\t<meta property=\"og:image:width\" content=\"2560\" \/>\n\t<meta property=\"og:image:height\" content=\"2560\" \/>\n\t<meta property=\"og:image:type\" content=\"image\/jpeg\" \/>\n<meta name=\"twitter:card\" content=\"summary_large_image\" \/>\n<meta name=\"twitter:label1\" content=\"Dur\u00e9e de lecture estim\u00e9e\" \/>\n\t<meta name=\"twitter:data1\" content=\"4 minutes\" \/>\n<script type=\"application\/ld+json\" class=\"yoast-schema-graph\">{\"@context\":\"https:\\\/\\\/schema.org\",\"@graph\":[{\"@type\":\"WebPage\",\"@id\":\"https:\\\/\\\/510premiumcarts.com\\\/index.php\\\/product\\\/rsho-cbd-capsules-vertes-30ct\\\/\",\"url\":\"https:\\\/\\\/510premiumcarts.com\\\/index.php\\\/product\\\/rsho-cbd-capsules-vertes-30ct\\\/\",\"name\":\"rsho cbd capsules vertes 30ct - 510 Premium Carts Vape Pen Oil\",\"isPartOf\":{\"@id\":\"https:\\\/\\\/510premiumcarts.com\\\/#website\"},\"primaryImageOfPage\":{\"@id\":\"https:\\\/\\\/510premiumcarts.com\\\/index.php\\\/product\\\/rsho-cbd-capsules-vertes-30ct\\\/#primaryimage\"},\"image\":{\"@id\":\"https:\\\/\\\/510premiumcarts.com\\\/index.php\\\/product\\\/rsho-cbd-capsules-vertes-30ct\\\/#primaryimage\"},\"thumbnailUrl\":\"https:\\\/\\\/510premiumcarts.com\\\/wp-content\\\/uploads\\\/2023\\\/03\\\/F91B512A-C2BA-4929-8116-91413C5272E0.jpeg\",\"datePublished\":\"2023-03-07T14:21:48+00:00\",\"dateModified\":\"2023-03-26T16:51:42+00:00\",\"description\":\"rsho cbd capsules vertes 30ct Vous voulez tous les avantages des\u00a0huiles de chanvre\u00a0CBD\u00a0dans une simple capsule\u00a0? Il n'y a pas de moyen plus simple d'obtenir votre apport quotidien en CBD enti\u00e8rement naturel\",\"breadcrumb\":{\"@id\":\"https:\\\/\\\/510premiumcarts.com\\\/index.php\\\/product\\\/rsho-cbd-capsules-vertes-30ct\\\/#breadcrumb\"},\"inLanguage\":\"fr-FR\",\"potentialAction\":[{\"@type\":\"ReadAction\",\"target\":[\"https:\\\/\\\/510premiumcarts.com\\\/index.php\\\/product\\\/rsho-cbd-capsules-vertes-30ct\\\/\"]}]},{\"@type\":\"ImageObject\",\"inLanguage\":\"fr-FR\",\"@id\":\"https:\\\/\\\/510premiumcarts.com\\\/index.php\\\/product\\\/rsho-cbd-capsules-vertes-30ct\\\/#primaryimage\",\"url\":\"https:\\\/\\\/510premiumcarts.com\\\/wp-content\\\/uploads\\\/2023\\\/03\\\/F91B512A-C2BA-4929-8116-91413C5272E0.jpeg\",\"contentUrl\":\"https:\\\/\\\/510premiumcarts.com\\\/wp-content\\\/uploads\\\/2023\\\/03\\\/F91B512A-C2BA-4929-8116-91413C5272E0.jpeg\",\"width\":2560,\"height\":2560,\"caption\":\"rsho cbd capsules vertes 30ct\"},{\"@type\":\"BreadcrumbList\",\"@id\":\"https:\\\/\\\/510premiumcarts.com\\\/index.php\\\/product\\\/rsho-cbd-capsules-vertes-30ct\\\/#breadcrumb\",\"itemListElement\":[{\"@type\":\"ListItem\",\"position\":1,\"name\":\"Home\",\"item\":\"https:\\\/\\\/510premiumcarts.com\\\/\"},{\"@type\":\"ListItem\",\"position\":2,\"name\":\"Marques de vapotage\",\"item\":\"https:\\\/\\\/510premiumcarts.com\\\/index.php\\\/acheter-du-cannabis\\\/\"},{\"@type\":\"ListItem\",\"position\":3,\"name\":\"rsho cbd capsules vertes 30ct\"}]},{\"@type\":\"WebSite\",\"@id\":\"https:\\\/\\\/510premiumcarts.com\\\/#website\",\"url\":\"https:\\\/\\\/510premiumcarts.com\\\/\",\"name\":\"510 Premium Carts\",\"description\":\"Just another WordPress site\",\"potentialAction\":[{\"@type\":\"SearchAction\",\"target\":{\"@type\":\"EntryPoint\",\"urlTemplate\":\"https:\\\/\\\/510premiumcarts.com\\\/?s={search_term_string}\"},\"query-input\":{\"@type\":\"PropertyValueSpecification\",\"valueRequired\":true,\"valueName\":\"search_term_string\"}}],\"inLanguage\":\"fr-FR\"}]}<\/script>\n<!-- \/ Yoast SEO plugin. -->","yoast_head_json":{"title":"rsho cbd capsules vertes 30ct - 510 Premium Carts Vape Pen Oil","description":"rsho cbd capsules vertes 30ct Vous voulez tous les avantages des\u00a0huiles de chanvre\u00a0CBD\u00a0dans une simple capsule\u00a0? Il n'y a pas de moyen plus simple d'obtenir votre apport quotidien en CBD enti\u00e8rement naturel","robots":{"index":"index","follow":"follow","max-snippet":"max-snippet:-1","max-image-preview":"max-image-preview:large","max-video-preview":"max-video-preview:-1"},"canonical":"https:\/\/510premiumcarts.com\/index.php\/product\/rsho-cbd-capsules-vertes-30ct\/","og_locale":"fr_FR","og_type":"article","og_title":"rsho cbd capsules vertes 30ct - 510 Premium Carts Vape Pen Oil","og_description":"rsho cbd capsules vertes 30ct Vous voulez tous les avantages des\u00a0huiles de chanvre\u00a0CBD\u00a0dans une simple capsule\u00a0? Il n'y a pas de moyen plus simple d'obtenir votre apport quotidien en CBD enti\u00e8rement naturel","og_url":"https:\/\/510premiumcarts.com\/index.php\/product\/rsho-cbd-capsules-vertes-30ct\/","og_site_name":"510 Premium Carts","article_modified_time":"2023-03-26T16:51:42+00:00","og_image":[{"width":2560,"height":2560,"url":"http:\/\/510premiumcarts.com\/wp-content\/uploads\/2023\/03\/F91B512A-C2BA-4929-8116-91413C5272E0.jpeg","type":"image\/jpeg"}],"twitter_card":"summary_large_image","twitter_misc":{"Dur\u00e9e de lecture estim\u00e9e":"4 minutes"},"schema":{"@context":"https:\/\/schema.org","@graph":[{"@type":"WebPage","@id":"https:\/\/510premiumcarts.com\/index.php\/product\/rsho-cbd-capsules-vertes-30ct\/","url":"https:\/\/510premiumcarts.com\/index.php\/product\/rsho-cbd-capsules-vertes-30ct\/","name":"rsho cbd capsules vertes 30ct - 510 Premium Carts Vape Pen Oil","isPartOf":{"@id":"https:\/\/510premiumcarts.com\/#website"},"primaryImageOfPage":{"@id":"https:\/\/510premiumcarts.com\/index.php\/product\/rsho-cbd-capsules-vertes-30ct\/#primaryimage"},"image":{"@id":"https:\/\/510premiumcarts.com\/index.php\/product\/rsho-cbd-capsules-vertes-30ct\/#primaryimage"},"thumbnailUrl":"https:\/\/510premiumcarts.com\/wp-content\/uploads\/2023\/03\/F91B512A-C2BA-4929-8116-91413C5272E0.jpeg","datePublished":"2023-03-07T14:21:48+00:00","dateModified":"2023-03-26T16:51:42+00:00","description":"rsho cbd capsules vertes 30ct Vous voulez tous les avantages des\u00a0huiles de chanvre\u00a0CBD\u00a0dans une simple capsule\u00a0? Il n'y a pas de moyen plus simple d'obtenir votre apport quotidien en CBD enti\u00e8rement naturel","breadcrumb":{"@id":"https:\/\/510premiumcarts.com\/index.php\/product\/rsho-cbd-capsules-vertes-30ct\/#breadcrumb"},"inLanguage":"fr-FR","potentialAction":[{"@type":"ReadAction","target":["https:\/\/510premiumcarts.com\/index.php\/product\/rsho-cbd-capsules-vertes-30ct\/"]}]},{"@type":"ImageObject","inLanguage":"fr-FR","@id":"https:\/\/510premiumcarts.com\/index.php\/product\/rsho-cbd-capsules-vertes-30ct\/#primaryimage","url":"https:\/\/510premiumcarts.com\/wp-content\/uploads\/2023\/03\/F91B512A-C2BA-4929-8116-91413C5272E0.jpeg","contentUrl":"https:\/\/510premiumcarts.com\/wp-content\/uploads\/2023\/03\/F91B512A-C2BA-4929-8116-91413C5272E0.jpeg","width":2560,"height":2560,"caption":"rsho cbd capsules vertes 30ct"},{"@type":"BreadcrumbList","@id":"https:\/\/510premiumcarts.com\/index.php\/product\/rsho-cbd-capsules-vertes-30ct\/#breadcrumb","itemListElement":[{"@type":"ListItem","position":1,"name":"Home","item":"https:\/\/510premiumcarts.com\/"},{"@type":"ListItem","position":2,"name":"Marques de vapotage","item":"https:\/\/510premiumcarts.com\/index.php\/acheter-du-cannabis\/"},{"@type":"ListItem","position":3,"name":"rsho cbd capsules vertes 30ct"}]},{"@type":"WebSite","@id":"https:\/\/510premiumcarts.com\/#website","url":"https:\/\/510premiumcarts.com\/","name":"510 Premium Carts","description":"Just another WordPress site","potentialAction":[{"@type":"SearchAction","target":{"@type":"EntryPoint","urlTemplate":"https:\/\/510premiumcarts.com\/?s={search_term_string}"},"query-input":{"@type":"PropertyValueSpecification","valueRequired":true,"valueName":"search_term_string"}}],"inLanguage":"fr-FR"}]}},"jetpack_sharing_enabled":true,"_links":{"self":[{"href":"https:\/\/510premiumcarts.com\/index.php\/wp-json\/wp\/v2\/product\/1803","targetHints":{"allow":["GET"]}}],"collection":[{"href":"https:\/\/510premiumcarts.com\/index.php\/wp-json\/wp\/v2\/product"}],"about":[{"href":"https:\/\/510premiumcarts.com\/index.php\/wp-json\/wp\/v2\/types\/product"}],"replies":[{"embeddable":true,"href":"https:\/\/510premiumcarts.com\/index.php\/wp-json\/wp\/v2\/comments?post=1803"}],"wp:featuredmedia":[{"embeddable":true,"href":"https:\/\/510premiumcarts.com\/index.php\/wp-json\/wp\/v2\/media\/1804"}],"wp:attachment":[{"href":"https:\/\/510premiumcarts.com\/index.php\/wp-json\/wp\/v2\/media?parent=1803"}],"wp:term":[{"taxonomy":"product_brand","embeddable":true,"href":"https:\/\/510premiumcarts.com\/index.php\/wp-json\/wp\/v2\/product_brand?post=1803"},{"taxonomy":"product_cat","embeddable":true,"href":"https:\/\/510premiumcarts.com\/index.php\/wp-json\/wp\/v2\/product_cat?post=1803"},{"taxonomy":"product_tag","embeddable":true,"href":"https:\/\/510premiumcarts.com\/index.php\/wp-json\/wp\/v2\/product_tag?post=1803"}],"curies":[{"name":"wp","href":"https:\/\/api.w.org\/{rel}","templated":true}]}}