{"id":1805,"date":"2023-03-07T14:30:39","date_gmt":"2023-03-07T14:30:39","guid":{"rendered":"https:\/\/510premiumcarts.com\/?post_type=product&#038;p=1805"},"modified":"2023-03-26T16:04:22","modified_gmt":"2023-03-26T16:04:22","slug":"huile-de-graines-de-chanvre-thc-cbd-2","status":"publish","type":"product","link":"https:\/\/510premiumcarts.com\/index.php\/product\/huile-de-graines-de-chanvre-thc-cbd-2\/","title":{"rendered":"Huile de graines de chanvre (THC-CBD)"},"content":{"rendered":"<h1><a href=\"https:\/\/510premiumcarts.com\/\"><span style=\"color: #ffcc00;\">\u00c0 PROPOS DE L&rsquo;HUILE DE CHANVRE (THC-CBD)<\/span><\/a><\/h1>\n<p>Cela signifie donc qu&rsquo;il ne contient absolument aucun cannabino\u00efde &#8211; pas de CBD, de THC ou de CBN, dit Lewis. \u00ab\u00a0Il est g\u00e9n\u00e9ralement consid\u00e9r\u00e9 comme un super aliment et est id\u00e9al pour ajouter de la valeur nutritionnelle \u00e0 votre alimentation\u00a0\u00bb, dit-elle. \u00ab\u00a0En termes de soins de la peau, il est connu comme un puissant hydratant et adoucissant pour la peau qui n&rsquo;obstrue pas les pores et ne contribue pas \u00e0 la peau grasse &#8211; il a un indice com\u00e9dog\u00e8ne de z\u00e9ro.\u00a0\u00bb Il appara\u00eet sur l&rsquo;\u00e9tiquette du produit sous forme d&rsquo;huile de graines de chanvre, d&rsquo;huiles de graines de cannabis sativa (chanvre), d&rsquo;huiles de chanvre vierges et d&rsquo;huile de chanvre.<\/p>\n<h2 id=\"are-hemp-oil-and-hemp-seed-oil-the-same\" class=\"wm-article-table-of-contents-header\"><span id=\"Are_Hemp_Oil_and_Hemp_Seed_Oil_the_Same\" class=\"ez-toc-section\"><\/span>L&rsquo;huile de chanvre et l&rsquo;huile <a href=\"https:\/\/buymarijuanameds.online\/product-category\/cbd-oil\/\">de<\/a> graines de <a href=\"https:\/\/www.herbaldynamicsbeauty.com\/blogs\/herbal-dynamics-beauty\/understanding-the-comedogenic-scale-for-oils-and-butters\">chanvre<\/a> <a href=\"https:\/\/www.sciencedirect.com\/science\/article\/pii\/S0308814607006358\">sont<\/a>-elles identiques?<\/h2>\n<p>Non. Au centre de la confusion se trouve la d\u00e9finition de l&rsquo;huile de chanvre. Le terme \u00ab\u00a0huile de chanvre\u00a0\u00bb est souvent utilis\u00e9 pour d\u00e9signer le produit riche en CBD extrait des fleurs et des feuilles de la\u00a0plante de chanvre\u00a0&#8211; qui est l&rsquo;huile de CBD. Les graines de chanvre contiennent des prot\u00e9ines, des fibres, des vitamines, des min\u00e9raux et un m\u00e9lange d&rsquo;acides gras om\u00e9ga-6 et om\u00e9ga-3.<\/p>\n<h3><span id=\"Hemp_oil_benefits\" class=\"ez-toc-section\"><\/span>Bienfaits de <a href=\"https:\/\/buymarijuanameds.online\/product-category\/cbd-oil\/\">l&rsquo;huile<\/a> de chanvre<\/h3>\n<div class=\"css-1u22pos\">\n<p>Il y a tr\u00e8s peu de risque d&rsquo;intoxication par l&rsquo;huile de chanvre car toutes les formes d&rsquo;huile de chanvre proviennent de souches de c\u00e9r\u00e9ales alimentaires de chanvre. Les auteurs d&rsquo;une \u00e9tude publi\u00e9e dans la revue\u00a0Cannabis and Cannabinoid Research\u00a0notent que les souches de c\u00e9r\u00e9ales alimentaires de chanvre doivent contenir moins de 0,3\u00a0% de t\u00e9trahydrocannabinol (THC). Le THC est le compos\u00e9 qui provoque le soi-disant \u00abhigh\u00bb de la marijuana.<\/p>\n<p>L&rsquo;huile de graines de chanvre n&rsquo;est pas la m\u00eame que l&rsquo;huile de cannabidiol (CBD). La production d&rsquo;huile de CBD utilise les tiges, les feuilles et les fleurs de la plante de chanvre, qui contiennent une concentration plus \u00e9lev\u00e9e de CBD, un autre compos\u00e9 potentiellement b\u00e9n\u00e9fique dans la plante.<\/p>\n<p>Les huiles de graines de chanvre proviennent des petites graines de la plante Cannabis sativa. Les graines ne contiennent pas les m\u00eames niveaux de compos\u00e9s que la plante elle-m\u00eame, mais elles ont toujours un riche profil de nutriments, d&rsquo;acides gras et de compos\u00e9s bioactifs utiles. <span style=\"color: #ffffff;\">Huile de graines de chanvre (THC-CBD)<\/span><\/p>\n<h4><span id=\"BENEFITS_OF_OUR_PRODUCT\" class=\"ez-toc-section\"><\/span>B\u00c9N\u00c9FICES DE NOTRE PRODUIT<\/h4>\n<\/div>\n<div class=\"css-0\">\n<figure class=\"css-4kegza\">Sant\u00e9 de la peau<\/figure>\n<p>L&rsquo;huile de graines de chanvre de la graine de <a href=\"https:\/\/www.medicalnewstoday.com\/articles\/195878.php\">chanvre<\/a> est tr\u00e8s nutritive et peut \u00eatre particuli\u00e8rement utile pour la peau.<\/p>\n<p>Les\u00a0<a href=\"https:\/\/buymarijuanameds.online\/product-category\/cbd-oil\/\">vitamines\u00a0<\/a>et les acides gras contenus dans cette huile peuvent aider \u00e0 garder la peau en bonne sant\u00e9 et \u00e0 pr\u00e9venir les \u00e9ruptions cutan\u00e9es.<\/p>\n<p>Une \u00e9tude de\u00a02014 portant sur le <a href=\"https:\/\/buymarijuanameds.online\/product-category\/cbd-oil\/\">profil<\/a> lipidique de l&rsquo;huile de graines de chanvre a r\u00e9v\u00e9l\u00e9 qu&rsquo;elle est riche en huiles et en acides gras sains.<\/p>\n<p>Les auteurs <a href=\"https:\/\/www.medicalnewstoday.com\/articles\/14417.php\">d&rsquo;une\u00a0<\/a>revue de\u00a02014\u00a0notent que <a href=\"https:\/\/buymarijuanameds.online\/product-category\/cbd-oil\/\">l&rsquo;application<\/a> topique d&rsquo;huile de <a href=\"https:\/\/www.medicalnewstoday.com\/articles\/184866.php\">graines<\/a> de chanvre renforce la peau et la rend plus apte \u00e0 r\u00e9sister aux infections. Les auteurs sugg\u00e8rent <a href=\"https:\/\/www.medicalnewstoday.com\/articles\/182793.php\">\u00e9galement<\/a> que cette huile peut \u00eatre un traitement utile pour une gamme de probl\u00e8mes de peau, notamment :<\/p>\n<ul>\n<li>ecz\u00e9ma<\/li>\n<li>dermatite<\/li>\n<li>psoriasis<\/li>\n<li>ecz\u00e9ma variqueux<\/li>\n<li>lichen plan, une <a href=\"https:\/\/www.medicalnewstoday.com\/articles\/248423.php\">affection<\/a> cutan\u00e9e inflammatoire<\/li>\n<li>acn\u00e9 rosac\u00e9e<\/li>\n<\/ul>\n<p>Ces avantages sont probablement dus \u00e0 la grande quantit\u00e9 de graisses b\u00e9n\u00e9fiques et d&rsquo;autres compos\u00e9s utiles dans l&rsquo;huile.<\/p>\n<p>L&rsquo;huile de chanvre \u00e0 spectre complet qui contient \u00e9galement des mati\u00e8res v\u00e9g\u00e9tales peut ajouter d&rsquo;autres compos\u00e9s efficaces, ce qui peut aider \u00e0 r\u00e9soudre certains probl\u00e8mes de sant\u00e9, tels que l&rsquo;inflammation. <span style=\"color: #ffffff;\">Huile de graines de chanvre (THC-CBD)<\/span><\/p>\n<\/div>\n","protected":false},"excerpt":{"rendered":"<p>\u00c0 PROPOS DE L&rsquo;HUILE DE CHANVRE (THC-CBD) Cela signifie donc qu&rsquo;il ne contient absolument aucun cannabino\u00efde &#8211; pas de CBD, de THC ou de CBN, dit Lewis. \u00ab\u00a0Il est g\u00e9n\u00e9ralement consid\u00e9r\u00e9 comme un super aliment et est id\u00e9al pour ajouter de la valeur nutritionnelle \u00e0 votre alimentation\u00a0\u00bb, dit-elle. \u00ab\u00a0En termes de soins de la peau, [&#8230;]\n","protected":false},"featured_media":1806,"comment_status":"open","ping_status":"closed","template":"","meta":{"_monsterinsights_skip_tracking":false,"_monsterinsights_sitenote_active":false,"_monsterinsights_sitenote_note":"","_monsterinsights_sitenote_category":0},"product_brand":[],"product_cat":[4991],"product_tag":[],"class_list":{"0":"post-1805","1":"product","2":"type-product","3":"status-publish","4":"has-post-thumbnail","6":"product_cat-acheter-cbd-oil","8":"first","9":"instock","10":"shipping-taxable","11":"purchasable","12":"product-type-simple"},"yoast_head":"<!-- This site is optimized with the Yoast SEO plugin v27.3 - https:\/\/yoast.com\/product\/yoast-seo-wordpress\/ -->\n<title>Huile de graines de chanvre (THC-CBD) - 510 Premium Carts CBD<\/title>\n<meta name=\"description\" content=\"Huile de graines de chanvre (THC-CBD) il ne contient absolument aucun cannabino\u00efde - pas de CBD, de THC ou de CBN, dit Lewis. &quot;Il est g\u00e9n\u00e9ralement consid\u00e9r\u00e9\" \/>\n<meta name=\"robots\" content=\"index, follow, max-snippet:-1, max-image-preview:large, max-video-preview:-1\" \/>\n<link rel=\"canonical\" href=\"https:\/\/510premiumcarts.com\/index.php\/product\/huile-de-graines-de-chanvre-thc-cbd-2\/\" \/>\n<meta property=\"og:locale\" content=\"fr_FR\" \/>\n<meta property=\"og:type\" content=\"article\" \/>\n<meta property=\"og:title\" content=\"Huile de graines de chanvre (THC-CBD) - 510 Premium Carts CBD\" \/>\n<meta property=\"og:description\" content=\"Huile de graines de chanvre (THC-CBD) il ne contient absolument aucun cannabino\u00efde - pas de CBD, de THC ou de CBN, dit Lewis. &quot;Il est g\u00e9n\u00e9ralement consid\u00e9r\u00e9\" \/>\n<meta property=\"og:url\" content=\"https:\/\/510premiumcarts.com\/index.php\/product\/huile-de-graines-de-chanvre-thc-cbd-2\/\" \/>\n<meta property=\"og:site_name\" content=\"510 Premium Carts\" \/>\n<meta property=\"article:modified_time\" content=\"2023-03-26T16:04:22+00:00\" \/>\n<meta property=\"og:image\" content=\"http:\/\/510premiumcarts.com\/wp-content\/uploads\/2023\/03\/hemplucid-hemp-seed-oil-cbd-less-0-3percent-thc-shop-domain-4.webp\" \/>\n\t<meta property=\"og:image:width\" content=\"919\" \/>\n\t<meta property=\"og:image:height\" content=\"917\" \/>\n\t<meta property=\"og:image:type\" content=\"image\/webp\" \/>\n<meta name=\"twitter:card\" content=\"summary_large_image\" \/>\n<meta name=\"twitter:label1\" content=\"Dur\u00e9e de lecture estim\u00e9e\" \/>\n\t<meta name=\"twitter:data1\" content=\"3 minutes\" \/>\n<script type=\"application\/ld+json\" class=\"yoast-schema-graph\">{\"@context\":\"https:\\\/\\\/schema.org\",\"@graph\":[{\"@type\":\"WebPage\",\"@id\":\"https:\\\/\\\/510premiumcarts.com\\\/index.php\\\/product\\\/huile-de-graines-de-chanvre-thc-cbd-2\\\/\",\"url\":\"https:\\\/\\\/510premiumcarts.com\\\/index.php\\\/product\\\/huile-de-graines-de-chanvre-thc-cbd-2\\\/\",\"name\":\"Huile de graines de chanvre (THC-CBD) - 510 Premium Carts CBD\",\"isPartOf\":{\"@id\":\"https:\\\/\\\/510premiumcarts.com\\\/#website\"},\"primaryImageOfPage\":{\"@id\":\"https:\\\/\\\/510premiumcarts.com\\\/index.php\\\/product\\\/huile-de-graines-de-chanvre-thc-cbd-2\\\/#primaryimage\"},\"image\":{\"@id\":\"https:\\\/\\\/510premiumcarts.com\\\/index.php\\\/product\\\/huile-de-graines-de-chanvre-thc-cbd-2\\\/#primaryimage\"},\"thumbnailUrl\":\"https:\\\/\\\/510premiumcarts.com\\\/wp-content\\\/uploads\\\/2023\\\/03\\\/hemplucid-hemp-seed-oil-cbd-less-0-3percent-thc-shop-domain-4.webp\",\"datePublished\":\"2023-03-07T14:30:39+00:00\",\"dateModified\":\"2023-03-26T16:04:22+00:00\",\"description\":\"Huile de graines de chanvre (THC-CBD) il ne contient absolument aucun cannabino\u00efde - pas de CBD, de THC ou de CBN, dit Lewis. \\\"Il est g\u00e9n\u00e9ralement consid\u00e9r\u00e9\",\"breadcrumb\":{\"@id\":\"https:\\\/\\\/510premiumcarts.com\\\/index.php\\\/product\\\/huile-de-graines-de-chanvre-thc-cbd-2\\\/#breadcrumb\"},\"inLanguage\":\"fr-FR\",\"potentialAction\":[{\"@type\":\"ReadAction\",\"target\":[\"https:\\\/\\\/510premiumcarts.com\\\/index.php\\\/product\\\/huile-de-graines-de-chanvre-thc-cbd-2\\\/\"]}]},{\"@type\":\"ImageObject\",\"inLanguage\":\"fr-FR\",\"@id\":\"https:\\\/\\\/510premiumcarts.com\\\/index.php\\\/product\\\/huile-de-graines-de-chanvre-thc-cbd-2\\\/#primaryimage\",\"url\":\"https:\\\/\\\/510premiumcarts.com\\\/wp-content\\\/uploads\\\/2023\\\/03\\\/hemplucid-hemp-seed-oil-cbd-less-0-3percent-thc-shop-domain-4.webp\",\"contentUrl\":\"https:\\\/\\\/510premiumcarts.com\\\/wp-content\\\/uploads\\\/2023\\\/03\\\/hemplucid-hemp-seed-oil-cbd-less-0-3percent-thc-shop-domain-4.webp\",\"width\":919,\"height\":917,\"caption\":\"Huile de graines de chanvre (THC-CBD)\"},{\"@type\":\"BreadcrumbList\",\"@id\":\"https:\\\/\\\/510premiumcarts.com\\\/index.php\\\/product\\\/huile-de-graines-de-chanvre-thc-cbd-2\\\/#breadcrumb\",\"itemListElement\":[{\"@type\":\"ListItem\",\"position\":1,\"name\":\"Home\",\"item\":\"https:\\\/\\\/510premiumcarts.com\\\/\"},{\"@type\":\"ListItem\",\"position\":2,\"name\":\"Marques de vapotage\",\"item\":\"https:\\\/\\\/510premiumcarts.com\\\/index.php\\\/acheter-du-cannabis\\\/\"},{\"@type\":\"ListItem\",\"position\":3,\"name\":\"Huile de graines de chanvre (THC-CBD)\"}]},{\"@type\":\"WebSite\",\"@id\":\"https:\\\/\\\/510premiumcarts.com\\\/#website\",\"url\":\"https:\\\/\\\/510premiumcarts.com\\\/\",\"name\":\"510 Premium Carts\",\"description\":\"Just another WordPress site\",\"potentialAction\":[{\"@type\":\"SearchAction\",\"target\":{\"@type\":\"EntryPoint\",\"urlTemplate\":\"https:\\\/\\\/510premiumcarts.com\\\/?s={search_term_string}\"},\"query-input\":{\"@type\":\"PropertyValueSpecification\",\"valueRequired\":true,\"valueName\":\"search_term_string\"}}],\"inLanguage\":\"fr-FR\"}]}<\/script>\n<!-- \/ Yoast SEO plugin. -->","yoast_head_json":{"title":"Huile de graines de chanvre (THC-CBD) - 510 Premium Carts CBD","description":"Huile de graines de chanvre (THC-CBD) il ne contient absolument aucun cannabino\u00efde - pas de CBD, de THC ou de CBN, dit Lewis. \"Il est g\u00e9n\u00e9ralement consid\u00e9r\u00e9","robots":{"index":"index","follow":"follow","max-snippet":"max-snippet:-1","max-image-preview":"max-image-preview:large","max-video-preview":"max-video-preview:-1"},"canonical":"https:\/\/510premiumcarts.com\/index.php\/product\/huile-de-graines-de-chanvre-thc-cbd-2\/","og_locale":"fr_FR","og_type":"article","og_title":"Huile de graines de chanvre (THC-CBD) - 510 Premium Carts CBD","og_description":"Huile de graines de chanvre (THC-CBD) il ne contient absolument aucun cannabino\u00efde - pas de CBD, de THC ou de CBN, dit Lewis. \"Il est g\u00e9n\u00e9ralement consid\u00e9r\u00e9","og_url":"https:\/\/510premiumcarts.com\/index.php\/product\/huile-de-graines-de-chanvre-thc-cbd-2\/","og_site_name":"510 Premium Carts","article_modified_time":"2023-03-26T16:04:22+00:00","og_image":[{"width":919,"height":917,"url":"http:\/\/510premiumcarts.com\/wp-content\/uploads\/2023\/03\/hemplucid-hemp-seed-oil-cbd-less-0-3percent-thc-shop-domain-4.webp","type":"image\/webp"}],"twitter_card":"summary_large_image","twitter_misc":{"Dur\u00e9e de lecture estim\u00e9e":"3 minutes"},"schema":{"@context":"https:\/\/schema.org","@graph":[{"@type":"WebPage","@id":"https:\/\/510premiumcarts.com\/index.php\/product\/huile-de-graines-de-chanvre-thc-cbd-2\/","url":"https:\/\/510premiumcarts.com\/index.php\/product\/huile-de-graines-de-chanvre-thc-cbd-2\/","name":"Huile de graines de chanvre (THC-CBD) - 510 Premium Carts CBD","isPartOf":{"@id":"https:\/\/510premiumcarts.com\/#website"},"primaryImageOfPage":{"@id":"https:\/\/510premiumcarts.com\/index.php\/product\/huile-de-graines-de-chanvre-thc-cbd-2\/#primaryimage"},"image":{"@id":"https:\/\/510premiumcarts.com\/index.php\/product\/huile-de-graines-de-chanvre-thc-cbd-2\/#primaryimage"},"thumbnailUrl":"https:\/\/510premiumcarts.com\/wp-content\/uploads\/2023\/03\/hemplucid-hemp-seed-oil-cbd-less-0-3percent-thc-shop-domain-4.webp","datePublished":"2023-03-07T14:30:39+00:00","dateModified":"2023-03-26T16:04:22+00:00","description":"Huile de graines de chanvre (THC-CBD) il ne contient absolument aucun cannabino\u00efde - pas de CBD, de THC ou de CBN, dit Lewis. \"Il est g\u00e9n\u00e9ralement consid\u00e9r\u00e9","breadcrumb":{"@id":"https:\/\/510premiumcarts.com\/index.php\/product\/huile-de-graines-de-chanvre-thc-cbd-2\/#breadcrumb"},"inLanguage":"fr-FR","potentialAction":[{"@type":"ReadAction","target":["https:\/\/510premiumcarts.com\/index.php\/product\/huile-de-graines-de-chanvre-thc-cbd-2\/"]}]},{"@type":"ImageObject","inLanguage":"fr-FR","@id":"https:\/\/510premiumcarts.com\/index.php\/product\/huile-de-graines-de-chanvre-thc-cbd-2\/#primaryimage","url":"https:\/\/510premiumcarts.com\/wp-content\/uploads\/2023\/03\/hemplucid-hemp-seed-oil-cbd-less-0-3percent-thc-shop-domain-4.webp","contentUrl":"https:\/\/510premiumcarts.com\/wp-content\/uploads\/2023\/03\/hemplucid-hemp-seed-oil-cbd-less-0-3percent-thc-shop-domain-4.webp","width":919,"height":917,"caption":"Huile de graines de chanvre (THC-CBD)"},{"@type":"BreadcrumbList","@id":"https:\/\/510premiumcarts.com\/index.php\/product\/huile-de-graines-de-chanvre-thc-cbd-2\/#breadcrumb","itemListElement":[{"@type":"ListItem","position":1,"name":"Home","item":"https:\/\/510premiumcarts.com\/"},{"@type":"ListItem","position":2,"name":"Marques de vapotage","item":"https:\/\/510premiumcarts.com\/index.php\/acheter-du-cannabis\/"},{"@type":"ListItem","position":3,"name":"Huile de graines de chanvre (THC-CBD)"}]},{"@type":"WebSite","@id":"https:\/\/510premiumcarts.com\/#website","url":"https:\/\/510premiumcarts.com\/","name":"510 Premium Carts","description":"Just another WordPress site","potentialAction":[{"@type":"SearchAction","target":{"@type":"EntryPoint","urlTemplate":"https:\/\/510premiumcarts.com\/?s={search_term_string}"},"query-input":{"@type":"PropertyValueSpecification","valueRequired":true,"valueName":"search_term_string"}}],"inLanguage":"fr-FR"}]}},"jetpack_sharing_enabled":true,"_links":{"self":[{"href":"https:\/\/510premiumcarts.com\/index.php\/wp-json\/wp\/v2\/product\/1805","targetHints":{"allow":["GET"]}}],"collection":[{"href":"https:\/\/510premiumcarts.com\/index.php\/wp-json\/wp\/v2\/product"}],"about":[{"href":"https:\/\/510premiumcarts.com\/index.php\/wp-json\/wp\/v2\/types\/product"}],"replies":[{"embeddable":true,"href":"https:\/\/510premiumcarts.com\/index.php\/wp-json\/wp\/v2\/comments?post=1805"}],"wp:featuredmedia":[{"embeddable":true,"href":"https:\/\/510premiumcarts.com\/index.php\/wp-json\/wp\/v2\/media\/1806"}],"wp:attachment":[{"href":"https:\/\/510premiumcarts.com\/index.php\/wp-json\/wp\/v2\/media?parent=1805"}],"wp:term":[{"taxonomy":"product_brand","embeddable":true,"href":"https:\/\/510premiumcarts.com\/index.php\/wp-json\/wp\/v2\/product_brand?post=1805"},{"taxonomy":"product_cat","embeddable":true,"href":"https:\/\/510premiumcarts.com\/index.php\/wp-json\/wp\/v2\/product_cat?post=1805"},{"taxonomy":"product_tag","embeddable":true,"href":"https:\/\/510premiumcarts.com\/index.php\/wp-json\/wp\/v2\/product_tag?post=1805"}],"curies":[{"name":"wp","href":"https:\/\/api.w.org\/{rel}","templated":true}]}}