{"id":1809,"date":"2023-03-07T14:43:22","date_gmt":"2023-03-07T14:43:22","guid":{"rendered":"https:\/\/510premiumcarts.com\/?post_type=product&#038;p=1809"},"modified":"2023-03-26T07:59:11","modified_gmt":"2023-03-26T07:59:11","slug":"30-mg-de-gelules-infusees-disolat-de-cbd-sans-thc-60-unites","status":"publish","type":"product","link":"https:\/\/510premiumcarts.com\/index.php\/product\/30-mg-de-gelules-infusees-disolat-de-cbd-sans-thc-60-unites\/","title":{"rendered":"30mg CBD Isolate Infused Softgels -THC FREE, 60 Coun"},"content":{"rendered":"<h1><a href=\"https:\/\/510premiumcarts.com\/index.php\/product-category\/marijuana-strains\/buy-cbd-oil\/\"><span style=\"color: #ffcc00;\">ABOUT 30mg CBD Isolate Infused Softgels<\/span><\/a><\/h1>\n<p>g\u00e9lules cbd \u00e0 spectre complet Pop and go ! CBDistillery\u2122 Isolate Softgels sont parmi les moyens les plus pratiques d&rsquo;obtenir votre dose quotidienne de CBD. Avec une dose pr\u00e9mesur\u00e9e de 30 mg de CBD dans chaque g\u00e9lule, vous n&rsquo;aurez plus jamais \u00e0 vous soucier de compter les gouttes ou de m\u00e9langer et de mesurer \u00e0 nouveau. Obtenez tous les avantages du CBD \u00e0 0 % de THC avec nos g\u00e9lules isolantes!<\/p>\n<p>Les <a href=\"https:\/\/cbd-oil.solutions\/cbd-brands\/cbdistillery\/cbdistillery-lab-test-results\/\">g\u00e9lules<\/a> infus\u00e9es d&rsquo;isolat de <a href=\"https:\/\/www.leafly.com\/\">CBD<\/a> sans THC de CBDistillery sont disponibles en 2 tailles.<\/p>\n<p>30 unit\u00e9s\u00a0: 30\u00a0capsules de CBD de 30\u00a0mg, 900\u00a0mg de CBD par bouteille<\/p>\n<p>60 unit\u00e9s\u00a0: 60\u00a0<a href=\"https:\/\/buymarijuanameds.online\/product-category\/cbd-oil\/\">capsules<\/a> de CBD de 30\u00a0mg, <a href=\"https:\/\/buymarijuanameds.online\/product-category\/cbd-oil\/\">1\u00a0800\u00a0mg de<\/a> CBD par <a href=\"https:\/\/www.leafly.com\/\">bouteille<\/a><\/p>\n<p>Vous pouvez trouver les r\u00e9sultats des tests tiers pour ce produit dans les images de la galerie de produits ici ou sur notre page des r\u00e9sultats des tests de laboratoire de CBDistillerie. <span style=\"color: #ffffff;\">30 mg de g\u00e9lules infus\u00e9es d&rsquo;isolat de CBD &#8211; SANS THC, 60 unit\u00e9s<\/span><\/p>\n<p>Prenez simplement votre dose et continuez votre journ\u00e9e, confiant que votre corps et votre esprit obtiennent exactement ce dont ils ont besoin pour continuer \u00e0 travailler \u00e0 pleine capacit\u00e9. Ces g\u00e9lules sans THC contiennent 30 mg de CBD par capsule et sont disponibles en flacons de 30 ou 60 capsules. Un total de 900 ou 1 800 mg de CBD existe par bouteille. <span style=\"color: #ffffff;\">30 mg de g\u00e9lules infus\u00e9es d&rsquo;isolat de CBD &#8211; SANS THC, 60 unit\u00e9s<\/span><\/p>\n<p>Avec CBDistillery, vous pouvez savoir que vos produits CBD sont de haute qualit\u00e9. Les g\u00e9lules, les g\u00e9lules et les pilules sont l&rsquo;une des m\u00e9thodes les plus pratiques et les plus portables pour obtenir votre CBD quotidien.<\/p>\n<p>* Remarque : CBDistillery a mis \u00e0 jour ses \u00e9tiquettes et sa marque en juin 2019, tous les produits et formulations restant les m\u00eames. Une photo de l&rsquo;\u00e9tiquette pr\u00e9c\u00e9dente peut \u00eatre vue dans la galerie d&rsquo;images du produit pour r\u00e9f\u00e9rence.<\/p>\n<p>* Remarque : CBDistillery a mis \u00e0 jour <a href=\"https:\/\/buymarijuanameds.online\/product-category\/cbd-oil\/\">ses \u00e9tiquettes<\/a> et sa marque \u00e0 l&rsquo;\u00e9t\u00e9 2018, tous les produits et formulations restant les m\u00eames. Une photo de l&rsquo;\u00e9tiquette pr\u00e9c\u00e9dente peut \u00eatre vue dans la galerie d&rsquo;images du produit pour r\u00e9f\u00e9rence.<\/p>\n<p>Ingr\u00e9dients\u00a0:\u00a0huile de noix de coco <a href=\"https:\/\/buymarijuanameds.online\/product-category\/cbd-oil\/\">fractionn\u00e9e\u00a0<\/a>(MCT &#8211; triglyc\u00e9ride \u00e0 cha\u00eene moyenne), huile de chanvre anhydre, g\u00e9latine (capsules de g\u00e9latine)<\/p>\n<h2><span id=\"DESCRIPTION_full_spectrum_cbd_softgels\" class=\"ez-toc-section\"><\/span>DESCRIPTION : <a href=\"https:\/\/buymarijuanameds.online\/product-category\/cbd-oil\/\">g\u00e9lules cbd \u00e0 spectre<\/a> complet<\/h2>\n<p>les g\u00e9lules cbd \u00e0 spectre complet contiennent 30 mg de CBD d\u00e9riv\u00e9 du chanvre dans une enveloppe de g\u00e9latine lisse. Nos g\u00e9lules CBD contiennent 0,0 % de THC et sont disponibles en flacons de 30 ou 60 unit\u00e9s.<\/p>\n<p>Les g\u00e9lules et les g\u00e9lules sont l&rsquo;une des m\u00e9thodes les plus pratiques et les plus portables pour obtenir votre CBD quotidien.<\/p>\n<p>Ingr\u00e9dients\u00a0:\u00a0huile de noix de coco fractionn\u00e9e\u00a0(MCT &#8211; triglyc\u00e9ride \u00e0 cha\u00eene moyenne), huile de chanvre anhydre, g\u00e9latine (capsules de g\u00e9latine)<\/p>\n<h3><span id=\"HOW_TO_USE\" class=\"ez-toc-section\"><\/span>COMMENT UTILISER<\/h3>\n<p>\u2022Pop et c&rsquo;est parti\u00a0! Prenez simplement avec de l&rsquo;eau et avalez comme vous le feriez avec n&rsquo;importe quel autre suppl\u00e9ment.<\/p>\n<p>\u2022 Ajustez la dose au besoin, les r\u00e9sultats individuels peuvent varier.<\/p>\n<p>\u2022La dose recommand\u00e9e de CBD est de 30 \u00e0 60 mg par jour. Pour de meilleurs r\u00e9sultats, il est recommand\u00e9 de commencer avec 5 \u00e0 10 mg de CBD, d&rsquo;attendre 3 \u00e0 4 heures et d&rsquo;augmenter si n\u00e9cessaire pour obtenir les effets souhait\u00e9s.<\/p>\n<p>\u2022 Pour des recommandations individuelles sur les dosages de CBD, consultez votre m\u00e9decin ou votre fournisseur de soins de sant\u00e9.<\/p>\n<h3><span id=\"BENEFITS\" class=\"ez-toc-section\"><\/span>B\u00c9N\u00c9FICES<\/h3>\n<p>\u2022Petit, pratique et pr\u00e9-dos\u00e9 avec une portion de 30 mg de CBD. Pas de m\u00e9lange ni de dosage\u00a0!<\/p>\n<p>\u2022 Contient 99+\u00a0% de CBD, 0\u00a0% de THC<\/p>\n<p>\u2022 Huile extraite de parties a\u00e9riennes de plantes<\/p>\n","protected":false},"excerpt":{"rendered":"<p>know your CBD products!<\/p>\n<p>Capsules, softgels, and pills are one of the most convenient and portable methods of getting your daily CBD. The work of getting a proper dosage is already done for you, so there\u2019s no mixing or prepping involved. Softgels can be transported easier than bottles, and there\u2019s no worry of breakage or spilling.<\/p>\n<ul>\n<li>60 Count CBD Isolate softgels<\/li>\n<li>THC-free<\/li>\n<li>30mg cannabinoids per capsule<\/li>\n<li>1,800mg per bottle<\/li>\n<li>Pesticide-free<\/li>\n<li>Non-GMO Hemp CBD Oil<\/li>\n<li>Extracted from the mature stalks and stems of the hemp plant<\/li>\n<li>Ingredients: High Quality Fractionated MCT Coconut Oil (MCT: Medium Chain Triglyceride), Lecithin Sunflower Oil &amp; Hemp cannabinoid extract, gelatin (gelatin capsule)<\/li>\n<\/ul>\n","protected":false},"featured_media":1810,"comment_status":"open","ping_status":"closed","template":"","meta":{"_monsterinsights_skip_tracking":false,"_monsterinsights_sitenote_active":false,"_monsterinsights_sitenote_note":"","_monsterinsights_sitenote_category":0},"product_brand":[],"product_cat":[4991],"product_tag":[5197,5198],"class_list":{"0":"post-1809","1":"product","2":"type-product","3":"status-publish","4":"has-post-thumbnail","6":"product_cat-acheter-cbd-oil","7":"product_tag-30mg-cbd-isolate-infused-softgels-thc-free","8":"product_tag-60-coun","10":"first","11":"instock","12":"shipping-taxable","13":"purchasable","14":"product-type-simple"},"yoast_head":"<!-- This site is optimized with the Yoast SEO plugin v27.3 - https:\/\/yoast.com\/product\/yoast-seo-wordpress\/ -->\n<title>30 mg de g\u00e9lules infus\u00e9es d&#039;isolat de CBD - SANS THC, 60 unit\u00e9s - 510 Premium Carts<\/title>\n<meta name=\"description\" content=\"30 mg de g\u00e9lules infus\u00e9es d&#039;isolat de CBD - SANS THC, 60 unit\u00e9s g\u00e9lules cbd \u00e0 spectre complet Pop and go\u00a0! Les g\u00e9lules d&#039;isolat de CBDistillery\u2122 sont parmi\" \/>\n<meta name=\"robots\" content=\"index, follow, max-snippet:-1, max-image-preview:large, max-video-preview:-1\" \/>\n<link rel=\"canonical\" href=\"https:\/\/510premiumcarts.com\/index.php\/product\/30-mg-de-gelules-infusees-disolat-de-cbd-sans-thc-60-unites\/\" \/>\n<meta property=\"og:locale\" content=\"fr_FR\" \/>\n<meta property=\"og:type\" content=\"article\" \/>\n<meta property=\"og:title\" content=\"30 mg de g\u00e9lules infus\u00e9es d&#039;isolat de CBD - SANS THC, 60 unit\u00e9s - 510 Premium Carts\" \/>\n<meta property=\"og:description\" content=\"30 mg de g\u00e9lules infus\u00e9es d&#039;isolat de CBD - SANS THC, 60 unit\u00e9s g\u00e9lules cbd \u00e0 spectre complet Pop and go\u00a0! Les g\u00e9lules d&#039;isolat de CBDistillery\u2122 sont parmi\" \/>\n<meta property=\"og:url\" content=\"https:\/\/510premiumcarts.com\/index.php\/product\/30-mg-de-gelules-infusees-disolat-de-cbd-sans-thc-60-unites\/\" \/>\n<meta property=\"og:site_name\" content=\"510 Premium Carts\" \/>\n<meta property=\"article:modified_time\" content=\"2023-03-26T07:59:11+00:00\" \/>\n<meta property=\"og:image\" content=\"http:\/\/510premiumcarts.com\/wp-content\/uploads\/2023\/03\/20210827_PB_Softgels00047.webp\" \/>\n\t<meta property=\"og:image:width\" content=\"420\" \/>\n\t<meta property=\"og:image:height\" content=\"530\" \/>\n\t<meta property=\"og:image:type\" content=\"image\/webp\" \/>\n<meta name=\"twitter:card\" content=\"summary_large_image\" \/>\n<meta name=\"twitter:label1\" content=\"Dur\u00e9e de lecture estim\u00e9e\" \/>\n\t<meta name=\"twitter:data1\" content=\"3 minutes\" \/>\n<script type=\"application\/ld+json\" class=\"yoast-schema-graph\">{\"@context\":\"https:\\\/\\\/schema.org\",\"@graph\":[{\"@type\":\"WebPage\",\"@id\":\"https:\\\/\\\/510premiumcarts.com\\\/index.php\\\/product\\\/30-mg-de-gelules-infusees-disolat-de-cbd-sans-thc-60-unites\\\/\",\"url\":\"https:\\\/\\\/510premiumcarts.com\\\/index.php\\\/product\\\/30-mg-de-gelules-infusees-disolat-de-cbd-sans-thc-60-unites\\\/\",\"name\":\"30 mg de g\u00e9lules infus\u00e9es d'isolat de CBD - SANS THC, 60 unit\u00e9s - 510 Premium Carts\",\"isPartOf\":{\"@id\":\"https:\\\/\\\/510premiumcarts.com\\\/#website\"},\"primaryImageOfPage\":{\"@id\":\"https:\\\/\\\/510premiumcarts.com\\\/index.php\\\/product\\\/30-mg-de-gelules-infusees-disolat-de-cbd-sans-thc-60-unites\\\/#primaryimage\"},\"image\":{\"@id\":\"https:\\\/\\\/510premiumcarts.com\\\/index.php\\\/product\\\/30-mg-de-gelules-infusees-disolat-de-cbd-sans-thc-60-unites\\\/#primaryimage\"},\"thumbnailUrl\":\"https:\\\/\\\/510premiumcarts.com\\\/wp-content\\\/uploads\\\/2023\\\/03\\\/20210827_PB_Softgels00047.webp\",\"datePublished\":\"2023-03-07T14:43:22+00:00\",\"dateModified\":\"2023-03-26T07:59:11+00:00\",\"description\":\"30 mg de g\u00e9lules infus\u00e9es d'isolat de CBD - SANS THC, 60 unit\u00e9s g\u00e9lules cbd \u00e0 spectre complet Pop and go\u00a0! Les g\u00e9lules d'isolat de CBDistillery\u2122 sont parmi\",\"breadcrumb\":{\"@id\":\"https:\\\/\\\/510premiumcarts.com\\\/index.php\\\/product\\\/30-mg-de-gelules-infusees-disolat-de-cbd-sans-thc-60-unites\\\/#breadcrumb\"},\"inLanguage\":\"fr-FR\",\"potentialAction\":[{\"@type\":\"ReadAction\",\"target\":[\"https:\\\/\\\/510premiumcarts.com\\\/index.php\\\/product\\\/30-mg-de-gelules-infusees-disolat-de-cbd-sans-thc-60-unites\\\/\"]}]},{\"@type\":\"ImageObject\",\"inLanguage\":\"fr-FR\",\"@id\":\"https:\\\/\\\/510premiumcarts.com\\\/index.php\\\/product\\\/30-mg-de-gelules-infusees-disolat-de-cbd-sans-thc-60-unites\\\/#primaryimage\",\"url\":\"https:\\\/\\\/510premiumcarts.com\\\/wp-content\\\/uploads\\\/2023\\\/03\\\/20210827_PB_Softgels00047.webp\",\"contentUrl\":\"https:\\\/\\\/510premiumcarts.com\\\/wp-content\\\/uploads\\\/2023\\\/03\\\/20210827_PB_Softgels00047.webp\",\"width\":420,\"height\":530,\"caption\":\"30 mg de g\u00e9lules infus\u00e9es d'isolat de CBD - SANS THC, 60 unit\u00e9s\"},{\"@type\":\"BreadcrumbList\",\"@id\":\"https:\\\/\\\/510premiumcarts.com\\\/index.php\\\/product\\\/30-mg-de-gelules-infusees-disolat-de-cbd-sans-thc-60-unites\\\/#breadcrumb\",\"itemListElement\":[{\"@type\":\"ListItem\",\"position\":1,\"name\":\"Home\",\"item\":\"https:\\\/\\\/510premiumcarts.com\\\/\"},{\"@type\":\"ListItem\",\"position\":2,\"name\":\"Marques de vapotage\",\"item\":\"https:\\\/\\\/510premiumcarts.com\\\/index.php\\\/acheter-du-cannabis\\\/\"},{\"@type\":\"ListItem\",\"position\":3,\"name\":\"30mg CBD Isolate Infused Softgels -THC FREE, 60 Coun\"}]},{\"@type\":\"WebSite\",\"@id\":\"https:\\\/\\\/510premiumcarts.com\\\/#website\",\"url\":\"https:\\\/\\\/510premiumcarts.com\\\/\",\"name\":\"510 Premium Carts\",\"description\":\"Just another WordPress site\",\"potentialAction\":[{\"@type\":\"SearchAction\",\"target\":{\"@type\":\"EntryPoint\",\"urlTemplate\":\"https:\\\/\\\/510premiumcarts.com\\\/?s={search_term_string}\"},\"query-input\":{\"@type\":\"PropertyValueSpecification\",\"valueRequired\":true,\"valueName\":\"search_term_string\"}}],\"inLanguage\":\"fr-FR\"}]}<\/script>\n<!-- \/ Yoast SEO plugin. -->","yoast_head_json":{"title":"30 mg de g\u00e9lules infus\u00e9es d'isolat de CBD - SANS THC, 60 unit\u00e9s - 510 Premium Carts","description":"30 mg de g\u00e9lules infus\u00e9es d'isolat de CBD - SANS THC, 60 unit\u00e9s g\u00e9lules cbd \u00e0 spectre complet Pop and go\u00a0! Les g\u00e9lules d'isolat de CBDistillery\u2122 sont parmi","robots":{"index":"index","follow":"follow","max-snippet":"max-snippet:-1","max-image-preview":"max-image-preview:large","max-video-preview":"max-video-preview:-1"},"canonical":"https:\/\/510premiumcarts.com\/index.php\/product\/30-mg-de-gelules-infusees-disolat-de-cbd-sans-thc-60-unites\/","og_locale":"fr_FR","og_type":"article","og_title":"30 mg de g\u00e9lules infus\u00e9es d'isolat de CBD - SANS THC, 60 unit\u00e9s - 510 Premium Carts","og_description":"30 mg de g\u00e9lules infus\u00e9es d'isolat de CBD - SANS THC, 60 unit\u00e9s g\u00e9lules cbd \u00e0 spectre complet Pop and go\u00a0! Les g\u00e9lules d'isolat de CBDistillery\u2122 sont parmi","og_url":"https:\/\/510premiumcarts.com\/index.php\/product\/30-mg-de-gelules-infusees-disolat-de-cbd-sans-thc-60-unites\/","og_site_name":"510 Premium Carts","article_modified_time":"2023-03-26T07:59:11+00:00","og_image":[{"width":420,"height":530,"url":"http:\/\/510premiumcarts.com\/wp-content\/uploads\/2023\/03\/20210827_PB_Softgels00047.webp","type":"image\/webp"}],"twitter_card":"summary_large_image","twitter_misc":{"Dur\u00e9e de lecture estim\u00e9e":"3 minutes"},"schema":{"@context":"https:\/\/schema.org","@graph":[{"@type":"WebPage","@id":"https:\/\/510premiumcarts.com\/index.php\/product\/30-mg-de-gelules-infusees-disolat-de-cbd-sans-thc-60-unites\/","url":"https:\/\/510premiumcarts.com\/index.php\/product\/30-mg-de-gelules-infusees-disolat-de-cbd-sans-thc-60-unites\/","name":"30 mg de g\u00e9lules infus\u00e9es d'isolat de CBD - SANS THC, 60 unit\u00e9s - 510 Premium Carts","isPartOf":{"@id":"https:\/\/510premiumcarts.com\/#website"},"primaryImageOfPage":{"@id":"https:\/\/510premiumcarts.com\/index.php\/product\/30-mg-de-gelules-infusees-disolat-de-cbd-sans-thc-60-unites\/#primaryimage"},"image":{"@id":"https:\/\/510premiumcarts.com\/index.php\/product\/30-mg-de-gelules-infusees-disolat-de-cbd-sans-thc-60-unites\/#primaryimage"},"thumbnailUrl":"https:\/\/510premiumcarts.com\/wp-content\/uploads\/2023\/03\/20210827_PB_Softgels00047.webp","datePublished":"2023-03-07T14:43:22+00:00","dateModified":"2023-03-26T07:59:11+00:00","description":"30 mg de g\u00e9lules infus\u00e9es d'isolat de CBD - SANS THC, 60 unit\u00e9s g\u00e9lules cbd \u00e0 spectre complet Pop and go\u00a0! Les g\u00e9lules d'isolat de CBDistillery\u2122 sont parmi","breadcrumb":{"@id":"https:\/\/510premiumcarts.com\/index.php\/product\/30-mg-de-gelules-infusees-disolat-de-cbd-sans-thc-60-unites\/#breadcrumb"},"inLanguage":"fr-FR","potentialAction":[{"@type":"ReadAction","target":["https:\/\/510premiumcarts.com\/index.php\/product\/30-mg-de-gelules-infusees-disolat-de-cbd-sans-thc-60-unites\/"]}]},{"@type":"ImageObject","inLanguage":"fr-FR","@id":"https:\/\/510premiumcarts.com\/index.php\/product\/30-mg-de-gelules-infusees-disolat-de-cbd-sans-thc-60-unites\/#primaryimage","url":"https:\/\/510premiumcarts.com\/wp-content\/uploads\/2023\/03\/20210827_PB_Softgels00047.webp","contentUrl":"https:\/\/510premiumcarts.com\/wp-content\/uploads\/2023\/03\/20210827_PB_Softgels00047.webp","width":420,"height":530,"caption":"30 mg de g\u00e9lules infus\u00e9es d'isolat de CBD - SANS THC, 60 unit\u00e9s"},{"@type":"BreadcrumbList","@id":"https:\/\/510premiumcarts.com\/index.php\/product\/30-mg-de-gelules-infusees-disolat-de-cbd-sans-thc-60-unites\/#breadcrumb","itemListElement":[{"@type":"ListItem","position":1,"name":"Home","item":"https:\/\/510premiumcarts.com\/"},{"@type":"ListItem","position":2,"name":"Marques de vapotage","item":"https:\/\/510premiumcarts.com\/index.php\/acheter-du-cannabis\/"},{"@type":"ListItem","position":3,"name":"30mg CBD Isolate Infused Softgels -THC FREE, 60 Coun"}]},{"@type":"WebSite","@id":"https:\/\/510premiumcarts.com\/#website","url":"https:\/\/510premiumcarts.com\/","name":"510 Premium Carts","description":"Just another WordPress site","potentialAction":[{"@type":"SearchAction","target":{"@type":"EntryPoint","urlTemplate":"https:\/\/510premiumcarts.com\/?s={search_term_string}"},"query-input":{"@type":"PropertyValueSpecification","valueRequired":true,"valueName":"search_term_string"}}],"inLanguage":"fr-FR"}]}},"jetpack_sharing_enabled":true,"_links":{"self":[{"href":"https:\/\/510premiumcarts.com\/index.php\/wp-json\/wp\/v2\/product\/1809","targetHints":{"allow":["GET"]}}],"collection":[{"href":"https:\/\/510premiumcarts.com\/index.php\/wp-json\/wp\/v2\/product"}],"about":[{"href":"https:\/\/510premiumcarts.com\/index.php\/wp-json\/wp\/v2\/types\/product"}],"replies":[{"embeddable":true,"href":"https:\/\/510premiumcarts.com\/index.php\/wp-json\/wp\/v2\/comments?post=1809"}],"wp:featuredmedia":[{"embeddable":true,"href":"https:\/\/510premiumcarts.com\/index.php\/wp-json\/wp\/v2\/media\/1810"}],"wp:attachment":[{"href":"https:\/\/510premiumcarts.com\/index.php\/wp-json\/wp\/v2\/media?parent=1809"}],"wp:term":[{"taxonomy":"product_brand","embeddable":true,"href":"https:\/\/510premiumcarts.com\/index.php\/wp-json\/wp\/v2\/product_brand?post=1809"},{"taxonomy":"product_cat","embeddable":true,"href":"https:\/\/510premiumcarts.com\/index.php\/wp-json\/wp\/v2\/product_cat?post=1809"},{"taxonomy":"product_tag","embeddable":true,"href":"https:\/\/510premiumcarts.com\/index.php\/wp-json\/wp\/v2\/product_tag?post=1809"}],"curies":[{"name":"wp","href":"https:\/\/api.w.org\/{rel}","templated":true}]}}