{"id":1811,"date":"2023-03-07T14:48:03","date_gmt":"2023-03-07T14:48:03","guid":{"rendered":"https:\/\/510premiumcarts.com\/?post_type=product&#038;p=1811"},"modified":"2023-03-26T07:48:40","modified_gmt":"2023-03-26T07:48:40","slug":"huile-de-graines-de-chanvre-thc-cbd","status":"publish","type":"product","link":"https:\/\/510premiumcarts.com\/index.php\/product\/huile-de-graines-de-chanvre-thc-cbd\/","title":{"rendered":"Huile de graines de chanvre (THC-CBD)"},"content":{"rendered":"<h1><span style=\"font-size: 130%;\"><a href=\"https:\/\/510premiumcarts.com\/index.php\/product-category\/marijuana-strains\/buy-cbd-oil\/\"><span style=\"color: #ffcc00;\">\u00c0 PROPOS DE L&rsquo;HUILE DE GRAINES DE CHANVRE (THC-CBD)<\/span><\/a><\/span><\/h1>\n<p>Cela signifie donc qu&rsquo;il ne contient absolument aucun <a href=\"https:\/\/www.sciencedirect.com\/science\/article\/pii\/S0308814607006358\">cannabino\u00efde<\/a> &#8211; pas de CBD, de <a href=\"https:\/\/www.herbaldynamicsbeauty.com\/blogs\/herbal-dynamics-beauty\/understanding-the-comedogenic-scale-for-oils-and-butters\">THC<\/a> ou de CBN, dit Lewis. \u00ab\u00a0Il est g\u00e9n\u00e9ralement consid\u00e9r\u00e9 comme un super aliment et est id\u00e9al pour ajouter de la valeur nutritionnelle \u00e0 votre alimentation\u00a0\u00bb, dit-elle. \u00ab\u00a0En termes de soins de la peau, il est connu comme un puissant hydratant et adoucissant pour la peau qui n&rsquo;obstrue pas les pores et ne contribue pas \u00e0 la peau grasse &#8211; il a un indice com\u00e9dog\u00e8ne de z\u00e9ro.\u00a0\u00bb Il appara\u00eet sur l&rsquo;\u00e9tiquette du produit sous forme d&rsquo;huile de graines de chanvre, d&rsquo;huiles de <a href=\"https:\/\/buymarijuanameds.online\/product-category\/cbd-oil\/\">graines<\/a> de cannabis <a href=\"https:\/\/buymarijuanameds.online\/product-category\/cbd-oil\/\">sativa<\/a> (chanvre), d&rsquo;huiles de chanvre vierges et d&rsquo;huile de chanvre.<\/p>\n<h2 id=\"are-hemp-oil-and-hemp-seed-oil-the-same\" class=\"wm-article-table-of-contents-header\"><span id=\"Are_Hemp_Oil_and_Hemp_Seed_Oil_the_Same\" class=\"ez-toc-section\"><\/span>L&rsquo;huile de chanvre et l&rsquo;huile de graines de chanvre sont-elles identiques?<\/h2>\n<p>Non. Au centre de la confusion se trouve la d\u00e9finition de l&rsquo;huile de chanvre. Le terme \u00ab\u00a0huile de chanvre\u00a0\u00bb est souvent utilis\u00e9 pour d\u00e9signer le produit riche en CBD extrait des fleurs et des feuilles de la\u00a0plante de chanvre\u00a0&#8211; qui est l&rsquo;huile de CBD. Les graines de chanvre contiennent des prot\u00e9ines, des fibres, des vitamines, des min\u00e9raux et un m\u00e9lange d&rsquo;acides gras om\u00e9ga-6 et om\u00e9ga-3.<\/p>\n<h3><span id=\"Hemp_oil_benefits\" class=\"ez-toc-section\"><\/span>Bienfaits de l&rsquo;huile de <a href=\"https:\/\/buymarijuanameds.online\/product-category\/cbd-oil\/\">chanvre<\/a><\/h3>\n<div class=\"css-1u22pos\">\n<p>Il y a tr\u00e8s peu de risque d&rsquo;intoxication par l&rsquo;huile de chanvre car toutes les formes d&rsquo;huile de chanvre proviennent de souches de c\u00e9r\u00e9ales alimentaires de chanvre. Les auteurs d&rsquo;une \u00e9tude publi\u00e9e dans la revue\u00a0Cannabis and Cannabinoid Research\u00a0notent que les souches de c\u00e9r\u00e9ales alimentaires de chanvre doivent contenir moins de 0,3\u00a0% de t\u00e9trahydrocannabinol (THC). Le THC est le compos\u00e9 qui provoque le soi-disant \u00abhigh\u00bb de la marijuana.<\/p>\n<p>L&rsquo;huile de graines de chanvre n&rsquo;est pas la m\u00eame que l&rsquo;huile de cannabidiol (CBD). La production d&rsquo;huile de CBD utilise les tiges, les feuilles et les fleurs de la plante de chanvre, qui contiennent une concentration plus \u00e9lev\u00e9e de CBD, un autre compos\u00e9 potentiellement b\u00e9n\u00e9fique dans la plante.<\/p>\n<p>Les huiles de graines de chanvre proviennent des petites graines de la\u00a0plante\u00a0Cannabis\u00a0sativa. Les graines ne contiennent pas les m\u00eames niveaux de compos\u00e9s que la plante elle-m\u00eame, mais elles ont toujours un riche profil de nutriments, d&rsquo;acides gras et de compos\u00e9s bioactifs utiles.<\/p>\n<h3><span id=\"BENEFITS_OF_OUR_PRODUCT\" class=\"ez-toc-section\"><\/span>B\u00c9N\u00c9FICES DE NOTRE <a href=\"https:\/\/www.medicalnewstoday.com\/articles\/195878.php\">PRODUIT<\/a><\/h3>\n<h4>\u00a0 \u00a0<a href=\"https:\/\/buymarijuanameds.online\/product-category\/cbd-oil\/\">Sant\u00e9<\/a> de la <a href=\"https:\/\/buymarijuanameds.online\/product-category\/cbd-oil\/\">peau<\/a><\/h4>\n<\/div>\n<div class=\"css-0\">\n<p>L&rsquo;huile de graines de chanvre de la graine de chanvre est tr\u00e8s nutritive et peut \u00eatre particuli\u00e8rement utile pour la peau.<\/p>\n<p>Les\u00a0vitamines\u00a0et les acides gras contenus dans cette huile peuvent aider \u00e0 garder la peau en bonne sant\u00e9 et \u00e0 pr\u00e9venir les \u00e9ruptions cutan\u00e9es.<\/p>\n<p>Une \u00e9tude de\u00a02014 <a href=\"https:\/\/www.medicalnewstoday.com\/articles\/14417.php\">portant<\/a> sur le profil <a href=\"https:\/\/www.medicalnewstoday.com\/info\/psoriasis\/\">lipidique<\/a> de l&rsquo;huile de graines de chanvre a r\u00e9v\u00e9l\u00e9 qu&rsquo;elle est riche en huiles et en acides gras sains.<\/p>\n<p>Les auteurs d&rsquo;une\u00a0revue de\u00a02014\u00a0notent que <a href=\"https:\/\/www.medicalnewstoday.com\/articles\/184866.php\">l&rsquo;application<\/a> topique <a href=\"https:\/\/www.medicalnewstoday.com\/articles\/182793.php\">d&rsquo;huile<\/a> de graines de chanvre renforce la peau et la rend plus apte \u00e0 r\u00e9sister aux infections. Les auteurs sugg\u00e8rent \u00e9galement que cette huile peut \u00eatre un traitement utile pour une gamme de probl\u00e8mes de peau, <a href=\"https:\/\/buymarijuanameds.online\/product-category\/cbd-oil\/\">notamment<\/a> :<\/p>\n<ul>\n<li>ecz\u00e9ma<\/li>\n<li>dermatite<\/li>\n<li>psoriasis<\/li>\n<li>ecz\u00e9ma variqueux<\/li>\n<li>lichen plan, une affection cutan\u00e9e inflammatoire<\/li>\n<li>acn\u00e9 <a href=\"https:\/\/www.medicalnewstoday.com\/articles\/248423.php\">rosac\u00e9e<\/a><\/li>\n<\/ul>\n<p>Ces avantages sont probablement dus \u00e0 la grande quantit\u00e9 de graisses b\u00e9n\u00e9fiques et d&rsquo;autres compos\u00e9s utiles dans l&rsquo;huile.<\/p>\n<p>L&rsquo;huile de chanvre \u00e0 spectre complet qui contient \u00e9galement des mati\u00e8res v\u00e9g\u00e9tales peut ajouter d&rsquo;autres compos\u00e9s efficaces, ce qui peut aider \u00e0 r\u00e9soudre certains probl\u00e8mes de sant\u00e9, tels que\u00a0l&rsquo;inflammation.<\/p>\n<\/div>\n","protected":false},"excerpt":{"rendered":"<p>\u00c0 PROPOS DE L&rsquo;HUILE DE GRAINES DE CHANVRE (THC-CBD) Cela signifie donc qu&rsquo;il ne contient absolument aucun cannabino\u00efde &#8211; pas de CBD, de THC ou de CBN, dit Lewis. \u00ab\u00a0Il est g\u00e9n\u00e9ralement consid\u00e9r\u00e9 comme un super aliment et est id\u00e9al pour ajouter de la valeur nutritionnelle \u00e0 votre alimentation\u00a0\u00bb, dit-elle. \u00ab\u00a0En termes de soins de [&#8230;]\n","protected":false},"featured_media":1812,"comment_status":"open","ping_status":"closed","template":"","meta":{"_monsterinsights_skip_tracking":false,"_monsterinsights_sitenote_active":false,"_monsterinsights_sitenote_note":"","_monsterinsights_sitenote_category":0},"product_brand":[],"product_cat":[4991],"product_tag":[5199],"class_list":{"0":"post-1811","1":"product","2":"type-product","3":"status-publish","4":"has-post-thumbnail","6":"product_cat-acheter-cbd-oil","7":"product_tag-hemp-seed-oil-thc-cbd","9":"first","10":"instock","11":"shipping-taxable","12":"purchasable","13":"product-type-simple"},"yoast_head":"<!-- This site is optimized with the Yoast SEO plugin v27.3 - https:\/\/yoast.com\/product\/yoast-seo-wordpress\/ -->\n<title>Huile de graines de chanvre (THC-CBD) - 510 Premium Carts - Cannabis vape<\/title>\n<meta name=\"description\" content=\"Huile de graines de chanvre (THC-CBD) Cela signifie donc qu&#039;il ne contient absolument aucun cannabino\u00efde - pas de CBD, de THC ou de CBN, dit Lewis.\" \/>\n<meta name=\"robots\" content=\"index, follow, max-snippet:-1, max-image-preview:large, max-video-preview:-1\" \/>\n<link rel=\"canonical\" href=\"https:\/\/510premiumcarts.com\/index.php\/product\/huile-de-graines-de-chanvre-thc-cbd\/\" \/>\n<meta property=\"og:locale\" content=\"fr_FR\" \/>\n<meta property=\"og:type\" content=\"article\" \/>\n<meta property=\"og:title\" content=\"Huile de graines de chanvre (THC-CBD) - 510 Premium Carts - Cannabis vape\" \/>\n<meta property=\"og:description\" content=\"Huile de graines de chanvre (THC-CBD) Cela signifie donc qu&#039;il ne contient absolument aucun cannabino\u00efde - pas de CBD, de THC ou de CBN, dit Lewis.\" \/>\n<meta property=\"og:url\" content=\"https:\/\/510premiumcarts.com\/index.php\/product\/huile-de-graines-de-chanvre-thc-cbd\/\" \/>\n<meta property=\"og:site_name\" content=\"510 Premium Carts\" \/>\n<meta property=\"article:modified_time\" content=\"2023-03-26T07:48:40+00:00\" \/>\n<meta property=\"og:image\" content=\"http:\/\/510premiumcarts.com\/wp-content\/uploads\/2023\/03\/1-organic-hemp-seed-oil-cold-pressed-pure-30ml_600x.webp\" \/>\n\t<meta property=\"og:image:width\" content=\"600\" \/>\n\t<meta property=\"og:image:height\" content=\"600\" \/>\n\t<meta property=\"og:image:type\" content=\"image\/webp\" \/>\n<meta name=\"twitter:card\" content=\"summary_large_image\" \/>\n<meta name=\"twitter:label1\" content=\"Dur\u00e9e de lecture estim\u00e9e\" \/>\n\t<meta name=\"twitter:data1\" content=\"3 minutes\" \/>\n<script type=\"application\/ld+json\" class=\"yoast-schema-graph\">{\"@context\":\"https:\\\/\\\/schema.org\",\"@graph\":[{\"@type\":\"WebPage\",\"@id\":\"https:\\\/\\\/510premiumcarts.com\\\/index.php\\\/product\\\/huile-de-graines-de-chanvre-thc-cbd\\\/\",\"url\":\"https:\\\/\\\/510premiumcarts.com\\\/index.php\\\/product\\\/huile-de-graines-de-chanvre-thc-cbd\\\/\",\"name\":\"Huile de graines de chanvre (THC-CBD) - 510 Premium Carts - Cannabis vape\",\"isPartOf\":{\"@id\":\"https:\\\/\\\/510premiumcarts.com\\\/#website\"},\"primaryImageOfPage\":{\"@id\":\"https:\\\/\\\/510premiumcarts.com\\\/index.php\\\/product\\\/huile-de-graines-de-chanvre-thc-cbd\\\/#primaryimage\"},\"image\":{\"@id\":\"https:\\\/\\\/510premiumcarts.com\\\/index.php\\\/product\\\/huile-de-graines-de-chanvre-thc-cbd\\\/#primaryimage\"},\"thumbnailUrl\":\"https:\\\/\\\/510premiumcarts.com\\\/wp-content\\\/uploads\\\/2023\\\/03\\\/1-organic-hemp-seed-oil-cold-pressed-pure-30ml_600x.webp\",\"datePublished\":\"2023-03-07T14:48:03+00:00\",\"dateModified\":\"2023-03-26T07:48:40+00:00\",\"description\":\"Huile de graines de chanvre (THC-CBD) Cela signifie donc qu'il ne contient absolument aucun cannabino\u00efde - pas de CBD, de THC ou de CBN, dit Lewis.\",\"breadcrumb\":{\"@id\":\"https:\\\/\\\/510premiumcarts.com\\\/index.php\\\/product\\\/huile-de-graines-de-chanvre-thc-cbd\\\/#breadcrumb\"},\"inLanguage\":\"fr-FR\",\"potentialAction\":[{\"@type\":\"ReadAction\",\"target\":[\"https:\\\/\\\/510premiumcarts.com\\\/index.php\\\/product\\\/huile-de-graines-de-chanvre-thc-cbd\\\/\"]}]},{\"@type\":\"ImageObject\",\"inLanguage\":\"fr-FR\",\"@id\":\"https:\\\/\\\/510premiumcarts.com\\\/index.php\\\/product\\\/huile-de-graines-de-chanvre-thc-cbd\\\/#primaryimage\",\"url\":\"https:\\\/\\\/510premiumcarts.com\\\/wp-content\\\/uploads\\\/2023\\\/03\\\/1-organic-hemp-seed-oil-cold-pressed-pure-30ml_600x.webp\",\"contentUrl\":\"https:\\\/\\\/510premiumcarts.com\\\/wp-content\\\/uploads\\\/2023\\\/03\\\/1-organic-hemp-seed-oil-cold-pressed-pure-30ml_600x.webp\",\"width\":600,\"height\":600,\"caption\":\"Huile de graines de chanvre (THC-CBD)\"},{\"@type\":\"BreadcrumbList\",\"@id\":\"https:\\\/\\\/510premiumcarts.com\\\/index.php\\\/product\\\/huile-de-graines-de-chanvre-thc-cbd\\\/#breadcrumb\",\"itemListElement\":[{\"@type\":\"ListItem\",\"position\":1,\"name\":\"Home\",\"item\":\"https:\\\/\\\/510premiumcarts.com\\\/\"},{\"@type\":\"ListItem\",\"position\":2,\"name\":\"Marques de vapotage\",\"item\":\"https:\\\/\\\/510premiumcarts.com\\\/index.php\\\/acheter-du-cannabis\\\/\"},{\"@type\":\"ListItem\",\"position\":3,\"name\":\"Huile de graines de chanvre (THC-CBD)\"}]},{\"@type\":\"WebSite\",\"@id\":\"https:\\\/\\\/510premiumcarts.com\\\/#website\",\"url\":\"https:\\\/\\\/510premiumcarts.com\\\/\",\"name\":\"510 Premium Carts\",\"description\":\"Just another WordPress site\",\"potentialAction\":[{\"@type\":\"SearchAction\",\"target\":{\"@type\":\"EntryPoint\",\"urlTemplate\":\"https:\\\/\\\/510premiumcarts.com\\\/?s={search_term_string}\"},\"query-input\":{\"@type\":\"PropertyValueSpecification\",\"valueRequired\":true,\"valueName\":\"search_term_string\"}}],\"inLanguage\":\"fr-FR\"}]}<\/script>\n<!-- \/ Yoast SEO plugin. -->","yoast_head_json":{"title":"Huile de graines de chanvre (THC-CBD) - 510 Premium Carts - Cannabis vape","description":"Huile de graines de chanvre (THC-CBD) Cela signifie donc qu'il ne contient absolument aucun cannabino\u00efde - pas de CBD, de THC ou de CBN, dit Lewis.","robots":{"index":"index","follow":"follow","max-snippet":"max-snippet:-1","max-image-preview":"max-image-preview:large","max-video-preview":"max-video-preview:-1"},"canonical":"https:\/\/510premiumcarts.com\/index.php\/product\/huile-de-graines-de-chanvre-thc-cbd\/","og_locale":"fr_FR","og_type":"article","og_title":"Huile de graines de chanvre (THC-CBD) - 510 Premium Carts - Cannabis vape","og_description":"Huile de graines de chanvre (THC-CBD) Cela signifie donc qu'il ne contient absolument aucun cannabino\u00efde - pas de CBD, de THC ou de CBN, dit Lewis.","og_url":"https:\/\/510premiumcarts.com\/index.php\/product\/huile-de-graines-de-chanvre-thc-cbd\/","og_site_name":"510 Premium Carts","article_modified_time":"2023-03-26T07:48:40+00:00","og_image":[{"width":600,"height":600,"url":"http:\/\/510premiumcarts.com\/wp-content\/uploads\/2023\/03\/1-organic-hemp-seed-oil-cold-pressed-pure-30ml_600x.webp","type":"image\/webp"}],"twitter_card":"summary_large_image","twitter_misc":{"Dur\u00e9e de lecture estim\u00e9e":"3 minutes"},"schema":{"@context":"https:\/\/schema.org","@graph":[{"@type":"WebPage","@id":"https:\/\/510premiumcarts.com\/index.php\/product\/huile-de-graines-de-chanvre-thc-cbd\/","url":"https:\/\/510premiumcarts.com\/index.php\/product\/huile-de-graines-de-chanvre-thc-cbd\/","name":"Huile de graines de chanvre (THC-CBD) - 510 Premium Carts - Cannabis vape","isPartOf":{"@id":"https:\/\/510premiumcarts.com\/#website"},"primaryImageOfPage":{"@id":"https:\/\/510premiumcarts.com\/index.php\/product\/huile-de-graines-de-chanvre-thc-cbd\/#primaryimage"},"image":{"@id":"https:\/\/510premiumcarts.com\/index.php\/product\/huile-de-graines-de-chanvre-thc-cbd\/#primaryimage"},"thumbnailUrl":"https:\/\/510premiumcarts.com\/wp-content\/uploads\/2023\/03\/1-organic-hemp-seed-oil-cold-pressed-pure-30ml_600x.webp","datePublished":"2023-03-07T14:48:03+00:00","dateModified":"2023-03-26T07:48:40+00:00","description":"Huile de graines de chanvre (THC-CBD) Cela signifie donc qu'il ne contient absolument aucun cannabino\u00efde - pas de CBD, de THC ou de CBN, dit Lewis.","breadcrumb":{"@id":"https:\/\/510premiumcarts.com\/index.php\/product\/huile-de-graines-de-chanvre-thc-cbd\/#breadcrumb"},"inLanguage":"fr-FR","potentialAction":[{"@type":"ReadAction","target":["https:\/\/510premiumcarts.com\/index.php\/product\/huile-de-graines-de-chanvre-thc-cbd\/"]}]},{"@type":"ImageObject","inLanguage":"fr-FR","@id":"https:\/\/510premiumcarts.com\/index.php\/product\/huile-de-graines-de-chanvre-thc-cbd\/#primaryimage","url":"https:\/\/510premiumcarts.com\/wp-content\/uploads\/2023\/03\/1-organic-hemp-seed-oil-cold-pressed-pure-30ml_600x.webp","contentUrl":"https:\/\/510premiumcarts.com\/wp-content\/uploads\/2023\/03\/1-organic-hemp-seed-oil-cold-pressed-pure-30ml_600x.webp","width":600,"height":600,"caption":"Huile de graines de chanvre (THC-CBD)"},{"@type":"BreadcrumbList","@id":"https:\/\/510premiumcarts.com\/index.php\/product\/huile-de-graines-de-chanvre-thc-cbd\/#breadcrumb","itemListElement":[{"@type":"ListItem","position":1,"name":"Home","item":"https:\/\/510premiumcarts.com\/"},{"@type":"ListItem","position":2,"name":"Marques de vapotage","item":"https:\/\/510premiumcarts.com\/index.php\/acheter-du-cannabis\/"},{"@type":"ListItem","position":3,"name":"Huile de graines de chanvre (THC-CBD)"}]},{"@type":"WebSite","@id":"https:\/\/510premiumcarts.com\/#website","url":"https:\/\/510premiumcarts.com\/","name":"510 Premium Carts","description":"Just another WordPress site","potentialAction":[{"@type":"SearchAction","target":{"@type":"EntryPoint","urlTemplate":"https:\/\/510premiumcarts.com\/?s={search_term_string}"},"query-input":{"@type":"PropertyValueSpecification","valueRequired":true,"valueName":"search_term_string"}}],"inLanguage":"fr-FR"}]}},"jetpack_sharing_enabled":true,"_links":{"self":[{"href":"https:\/\/510premiumcarts.com\/index.php\/wp-json\/wp\/v2\/product\/1811","targetHints":{"allow":["GET"]}}],"collection":[{"href":"https:\/\/510premiumcarts.com\/index.php\/wp-json\/wp\/v2\/product"}],"about":[{"href":"https:\/\/510premiumcarts.com\/index.php\/wp-json\/wp\/v2\/types\/product"}],"replies":[{"embeddable":true,"href":"https:\/\/510premiumcarts.com\/index.php\/wp-json\/wp\/v2\/comments?post=1811"}],"wp:featuredmedia":[{"embeddable":true,"href":"https:\/\/510premiumcarts.com\/index.php\/wp-json\/wp\/v2\/media\/1812"}],"wp:attachment":[{"href":"https:\/\/510premiumcarts.com\/index.php\/wp-json\/wp\/v2\/media?parent=1811"}],"wp:term":[{"taxonomy":"product_brand","embeddable":true,"href":"https:\/\/510premiumcarts.com\/index.php\/wp-json\/wp\/v2\/product_brand?post=1811"},{"taxonomy":"product_cat","embeddable":true,"href":"https:\/\/510premiumcarts.com\/index.php\/wp-json\/wp\/v2\/product_cat?post=1811"},{"taxonomy":"product_tag","embeddable":true,"href":"https:\/\/510premiumcarts.com\/index.php\/wp-json\/wp\/v2\/product_tag?post=1811"}],"curies":[{"name":"wp","href":"https:\/\/api.w.org\/{rel}","templated":true}]}}