{"id":1822,"date":"2023-03-07T16:03:26","date_gmt":"2023-03-07T16:03:26","guid":{"rendered":"https:\/\/510premiumcarts.com\/?post_type=product&#038;p=1822"},"modified":"2023-03-11T00:04:23","modified_gmt":"2023-03-11T00:04:23","slug":"gateau-jungle-boys-zkittlez","status":"publish","type":"product","link":"https:\/\/510premiumcarts.com\/index.php\/product\/gateau-jungle-boys-zkittlez\/","title":{"rendered":"Jungle Boys Zkittlez Cake"},"content":{"rendered":"<h1><a href=\"https:\/\/510premiumcarts.com\/index.php\/product-category\/weed-packs\/jungle-boys-weed-packs\/\"><span style=\"color: #ffcc00;\"><strong>ACHETER JUNGLE BOYS ZKITTLEZ EN LIGNE<\/strong><\/span><\/a><\/h1>\n<p>acheter des g\u00e2teaux jungle boys zkittlez en ligne<\/p>\n<p>Pack de mauvaises herbes Jungle Boys<\/p>\n<p>Saveur: G\u00e2teau Zkittlez<\/p>\n<p>Poids net : 7 grammes<\/p>\n<p>Acheter le g\u00e2teau Jungle Boys Zkittlez<\/p>\n<p>Premi\u00e8rement, Jungle Boys Zkittlez Cake est une vari\u00e9t\u00e9 hybride \u00e0 dominante Indica (70 % Indica\/30 % Sativa ou 60 % Indica\/40 % Sativa) cr\u00e9\u00e9e en croisant les d\u00e9licieuses vari\u00e9t\u00e9s Zkittlez X Wedding Cake. Pr\u00eat \u00e0 croquer ce d\u00e9licieux g\u00e2teau ? Zkittlez Cake a d\u00e9finitivement une saveur qui vous laissera tourner la t\u00eate, avec une douce noisette qui est accentu\u00e9e par des baies fruit\u00e9es fra\u00eeches et une bouch\u00e9e d&rsquo;agrumes aigres. L&rsquo;ar\u00f4me\u00a0est tout aussi doux, avec une note de g\u00e2teau accentu\u00e9e par une touche de poivre terreux et de fruits sucr\u00e9s.<\/p>\n<h2><span id=\"JUNGLE_BOYS_ZKITTLEZ_CAKE\" class=\"ez-toc-section\"><\/span>G\u00c2TEAU JUNGLE BOYS ZKITTLEZ<\/h2>\n<p>Deuxi\u00e8mement, le high Zkittlez Cake est d\u00e9finitivement id\u00e9al pour un week-end ou une nuit de semaine, avec un effet physique relaxant accompagn\u00e9 d&rsquo;un high c\u00e9r\u00e9bral capiteux et alerte. Vous sentirez votre esprit s&rsquo;\u00e9lever et un sentiment de cr\u00e9ativit\u00e9 s&rsquo;infiltrer dans votre esprit accompagn\u00e9 de touches de concentration ici et l\u00e0. La tension intensifie vos sens alors que votre corps tombe dans un engourdissement b\u00e9at. S&rsquo;enfoncer dans le canap\u00e9 et vous laisser totalement sans douleur.<\/p>\n<p>Acheter le g\u00e2teau Jungle Boys Zkittlez<\/p>\n<p>De plus, combin\u00e9s \u00e0 son taux \u00e9lev\u00e9 de THC de 24 \u00e0 25\u00a0%, ces effets font de Zkittlez Cake un produit id\u00e9al pour traiter le TDA ou le TDAH\u2026 le stress chronique ou l&rsquo;anxi\u00e9t\u00e9, la d\u00e9pression, la douleur chronique et la fatigue chronique. Par cons\u00e9quent, ce bourgeon a de grosses p\u00e9pites vertes de for\u00eat dense avec des poils ambr\u00e9s \u00e9pais et de minuscules trichomes de cristal.<\/p>\n<p>Junglesboys Zkittlez Cake est apaisant, laissant les consommateurs concentr\u00e9s, alertes et heureux. acheter la souche de g\u00e2teau Jungleboys zkittlez. dispensaire en ligne de g\u00e2teau zkittlez par correspondance, g\u00e2teau zkittlez de drogue contre les mauvaises herbes. La Zkittlez cake est un m\u00e9lange \u00e0 dominance Indica de Wedding cake et de Zkittlez. Encore une fois, les gros colas explosent dans un spectre de teintes vert clair et \u00e9mettent un doux m\u00e9lange tropical de saveurs de fruits. Les effets de la souche de g\u00e2teau Zkittlez sont apaisants, laissant les consommateurs concentr\u00e9s, alertes et heureux tout en relaxant le corps pour aider \u00e0 se d\u00e9tendre \u00e0 tout moment de la journ\u00e9e. acheter souche de g\u00e2teau zkittlez<\/p>\n<h2><span id=\"JUNGLE_BOYS_ZKITTLEZ_CAKE-2\" class=\"ez-toc-section\"><\/span>G\u00c2TEAU JUNGLE BOYS ZKITTLEZ<\/h2>\n<p>De plus, achetez en ligne le g\u00e2teau jungle boys zkittlez, des packs de mauvaises herbes \u00e0 vendre en ligne, des souches hybrides, indica, sativa, tous les prix des saveurs, des critiques et la livraison disponibles.<\/p>\n<p>Jetez \u00e9galement un coup d&rsquo;\u0153il aux Jungle Boys White Wookies, en tant que produits similaires avec presque les m\u00eames notes.<\/p>\n<p>commandez le g\u00e2teau jungle boys zkittlez, les packs de mauvaises herbes \u00e0 vendre en ligne, les souches hybrides, indica, sativa, tous les prix des saveurs, les avis et la livraison disponibles.<\/p>\n<p>acheter souche de g\u00e2teau zkittlez<\/p>\n<p><strong>Sentiments<\/strong><\/p>\n<p>Heureux 53%<\/p>\n<p>D\u00e9tendu 39%<\/p>\n<p>Euphorique 46%<\/p>\n<p>\u00c9lev\u00e9 53\u00a0%<\/p>\n<p>Cr\u00e9atif 40%<\/p>\n<p><strong>Aider \u00e0<\/strong><\/p>\n<p>Pression 44%<\/p>\n<p>Anxi\u00e9t\u00e9 39%<\/p>\n<p>M\u00e9lancolie 25%<\/p>\n<p>Insomnie 24%<\/p>\n<p>Douleur 29%<\/p>\n<p><strong>N\u00e9gatifs<\/strong><\/p>\n<p>Maux de t\u00eate 1\u00a0%<\/p>\n<p>Irritant 4%<\/p>\n<p>Yeux secs 4%<\/p>\n<p>Parano\u00efaque 7%<\/p>\n<p>Bouche s\u00e8che 18%<\/p>\n<p>g\u00e2teau aux zkittlez de drogue contre les mauvaises herbes Los Angeles Farmers<\/p>\n<p>Premi\u00e8rement, les fleurs de g\u00e2teau Junglesboys Zkittlez d\u00e9gagent une sorte de funk aigre-doux. Une deuxi\u00e8me bouff\u00e9e r\u00e9v\u00e8le des notes l\u00e9g\u00e8rement plus distinctes de baies et de citron. Le broyage des fleurs intensifie les notes plus acides de la vari\u00e9t\u00e9, ce qui donne une sorte de caract\u00e8re skunk. Lorsqu&rsquo;elles sont br\u00fbl\u00e9es dans une pipe ou un joint, les fleurs br\u00fblent avec une fum\u00e9e tr\u00e8s agr\u00e9able et facile \u00e0 inhaler, un g\u00e2teau de zkittlez de drogue contre les mauvaises herbes.<\/p>\n<p>g\u00e2teau zkittlez par correspondance<\/p>\n<p>Pas du tout dans ma t\u00eate j&rsquo;adore cette vari\u00e9t\u00e9. J&rsquo;ai vraiment appr\u00e9ci\u00e9 cette vari\u00e9t\u00e9. Cela m&rsquo;a fait me sentir heureux. Je me sentais d\u00e9prim\u00e9, ce qui m&rsquo;a fait profiter de ma journ\u00e9e en riant et en profitant de la journ\u00e9e. En plus de cela, je me suis senti d\u00e9tendu. Cela m&rsquo;a encourag\u00e9 \u00e0 commander par correspondance le g\u00e2teau Junglesboys zkittlez. g\u00e2teau zkittlez de gar\u00e7ons de la jungle \u00e0 vendre dispensaire en ligne<\/p>\n","protected":false},"excerpt":{"rendered":"<p>Pack de mauvaises herbes Jungle Boys<\/p>\n<p>Saveur: G\u00e2teau Zkittlez<\/p>\n<p>Poids net : 7 grammes<\/p>\n","protected":false},"featured_media":1823,"comment_status":"open","ping_status":"closed","template":"","meta":{"_monsterinsights_skip_tracking":false,"_monsterinsights_sitenote_active":false,"_monsterinsights_sitenote_note":"","_monsterinsights_sitenote_category":0},"product_brand":[],"product_cat":[5201],"product_tag":[5222,5213,5234,5207,5231,5215,5241,5247,5224,5239,5236,5211,5248,5230,5233,5240,5235,5221,5238,5210,5216,5242,5218,5223,5243,5225,5226,5212,5228,5246,5214,5244,5208,5229,5227,5237,5209,5219,5232,5217,5220,5204,5206,5205,5245],"class_list":{"0":"post-1822","1":"product","2":"type-product","3":"status-publish","4":"has-post-thumbnail","6":"product_cat-jungle-boys-weed-packs","7":"product_tag-buy-jungle-boys-weed","8":"product_tag-buy-jungle-boys-weed-online","9":"product_tag-how-much-does-jungle-boys-weed-cost","10":"product_tag-jungle-boys-weed","11":"product_tag-jungle-boys-weed-bag","12":"product_tag-jungle-boys-weed-bags","13":"product_tag-jungle-boys-weed-cigar","14":"product_tag-jungle-boys-weed-club","15":"product_tag-jungle-boys-weed-dispensary","16":"product_tag-jungle-boys-weed-for-sale","17":"product_tag-jungle-boys-weed-ig","18":"product_tag-jungle-boys-weed-indica","19":"product_tag-jungle-boys-weed-ivan","20":"product_tag-jungle-boys-weed-labels","21":"product_tag-jungle-boys-weed-lawsuit","22":"product_tag-jungle-boys-weed-list","23":"product_tag-jungle-boys-weed-logo","24":"product_tag-jungle-boys-weed-maps","25":"product_tag-jungle-boys-weed-maps-menu","26":"product_tag-jungle-boys-weed-near-me","27":"product_tag-jungle-boys-weed-one-oz","28":"product_tag-jungle-boys-weed-packaging","29":"product_tag-jungle-boys-weed-packaging-for-sale","30":"product_tag-jungle-boys-weed-packs","31":"product_tag-jungle-boys-weed-plants","32":"product_tag-jungle-boys-weed-price","33":"product_tag-jungle-boys-weed-prices","34":"product_tag-jungle-boys-weed-review","35":"product_tag-jungle-boys-weed-s","36":"product_tag-jungle-boys-weed-sayiva","37":"product_tag-jungle-boys-weed-seeds","38":"product_tag-jungle-boys-weed-sf","39":"product_tag-jungle-boys-weed-shop","40":"product_tag-jungle-boys-weed-sold-to-marbiro","41":"product_tag-jungle-boys-weed-sto-k","42":"product_tag-jungle-boys-weed-store","43":"product_tag-jungle-boys-weed-strain","44":"product_tag-jungle-boys-weed-strains","45":"product_tag-jungle-boys-weed-tlc-collective","46":"product_tag-jungle-boys-weed-uk","47":"product_tag-jungle-boys-weed-youtube","48":"product_tag-jungle-boys-zkittlez-cake","49":"product_tag-jungle-boys-zkittlez-cake-6-strain","50":"product_tag-jungle-boys-zkittlez-cake-strain","51":"product_tag-the-jungle-boys-weed","53":"first","54":"instock","55":"shipping-taxable","56":"purchasable","57":"product-type-simple"},"yoast_head":"<!-- This site is optimized with the Yoast SEO plugin v27.3 - https:\/\/yoast.com\/product\/yoast-seo-wordpress\/ -->\n<title>G\u00e2teau Jungle Boys Zkittlez - 510 Premium Carts<\/title>\n<meta name=\"description\" content=\"G\u00e2teau Jungle Boys Zkittlez Firstly, Jungle Boys Zkittlez Cake est une vari\u00e9t\u00e9 hybride \u00e0 dominante Indica (70 % Indica\/30 % Sativa ou 60 % Indica\/40 % Sati\" \/>\n<meta name=\"robots\" content=\"index, follow, max-snippet:-1, max-image-preview:large, max-video-preview:-1\" \/>\n<link rel=\"canonical\" href=\"https:\/\/510premiumcarts.com\/index.php\/product\/gateau-jungle-boys-zkittlez\/\" \/>\n<meta property=\"og:locale\" content=\"fr_FR\" \/>\n<meta property=\"og:type\" content=\"article\" \/>\n<meta property=\"og:title\" content=\"G\u00e2teau Jungle Boys Zkittlez - 510 Premium Carts\" \/>\n<meta property=\"og:description\" content=\"G\u00e2teau Jungle Boys Zkittlez Firstly, Jungle Boys Zkittlez Cake est une vari\u00e9t\u00e9 hybride \u00e0 dominante Indica (70 % Indica\/30 % Sativa ou 60 % Indica\/40 % Sati\" \/>\n<meta property=\"og:url\" content=\"https:\/\/510premiumcarts.com\/index.php\/product\/gateau-jungle-boys-zkittlez\/\" \/>\n<meta property=\"og:site_name\" content=\"510 Premium Carts\" \/>\n<meta property=\"article:modified_time\" content=\"2023-03-11T00:04:23+00:00\" \/>\n<meta property=\"og:image\" content=\"http:\/\/510premiumcarts.com\/wp-content\/uploads\/2023\/03\/1668124530-jungle-boys-zkittlez-cake-10g-pops-flower-white-bag.png\" \/>\n\t<meta property=\"og:image:width\" content=\"1250\" \/>\n\t<meta property=\"og:image:height\" content=\"1250\" \/>\n\t<meta property=\"og:image:type\" content=\"image\/png\" \/>\n<meta name=\"twitter:card\" content=\"summary_large_image\" \/>\n<meta name=\"twitter:label1\" content=\"Dur\u00e9e de lecture estim\u00e9e\" \/>\n\t<meta name=\"twitter:data1\" content=\"4 minutes\" \/>\n<script type=\"application\/ld+json\" class=\"yoast-schema-graph\">{\"@context\":\"https:\\\/\\\/schema.org\",\"@graph\":[{\"@type\":\"WebPage\",\"@id\":\"https:\\\/\\\/510premiumcarts.com\\\/index.php\\\/product\\\/gateau-jungle-boys-zkittlez\\\/\",\"url\":\"https:\\\/\\\/510premiumcarts.com\\\/index.php\\\/product\\\/gateau-jungle-boys-zkittlez\\\/\",\"name\":\"G\u00e2teau Jungle Boys Zkittlez - 510 Premium Carts\",\"isPartOf\":{\"@id\":\"https:\\\/\\\/510premiumcarts.com\\\/#website\"},\"primaryImageOfPage\":{\"@id\":\"https:\\\/\\\/510premiumcarts.com\\\/index.php\\\/product\\\/gateau-jungle-boys-zkittlez\\\/#primaryimage\"},\"image\":{\"@id\":\"https:\\\/\\\/510premiumcarts.com\\\/index.php\\\/product\\\/gateau-jungle-boys-zkittlez\\\/#primaryimage\"},\"thumbnailUrl\":\"https:\\\/\\\/510premiumcarts.com\\\/wp-content\\\/uploads\\\/2023\\\/03\\\/1668124530-jungle-boys-zkittlez-cake-10g-pops-flower-white-bag.png\",\"datePublished\":\"2023-03-07T16:03:26+00:00\",\"dateModified\":\"2023-03-11T00:04:23+00:00\",\"description\":\"G\u00e2teau Jungle Boys Zkittlez Firstly, Jungle Boys Zkittlez Cake est une vari\u00e9t\u00e9 hybride \u00e0 dominante Indica (70 % Indica\\\/30 % Sativa ou 60 % Indica\\\/40 % Sati\",\"breadcrumb\":{\"@id\":\"https:\\\/\\\/510premiumcarts.com\\\/index.php\\\/product\\\/gateau-jungle-boys-zkittlez\\\/#breadcrumb\"},\"inLanguage\":\"fr-FR\",\"potentialAction\":[{\"@type\":\"ReadAction\",\"target\":[\"https:\\\/\\\/510premiumcarts.com\\\/index.php\\\/product\\\/gateau-jungle-boys-zkittlez\\\/\"]}]},{\"@type\":\"ImageObject\",\"inLanguage\":\"fr-FR\",\"@id\":\"https:\\\/\\\/510premiumcarts.com\\\/index.php\\\/product\\\/gateau-jungle-boys-zkittlez\\\/#primaryimage\",\"url\":\"https:\\\/\\\/510premiumcarts.com\\\/wp-content\\\/uploads\\\/2023\\\/03\\\/1668124530-jungle-boys-zkittlez-cake-10g-pops-flower-white-bag.png\",\"contentUrl\":\"https:\\\/\\\/510premiumcarts.com\\\/wp-content\\\/uploads\\\/2023\\\/03\\\/1668124530-jungle-boys-zkittlez-cake-10g-pops-flower-white-bag.png\",\"width\":1250,\"height\":1250,\"caption\":\"G\u00e2teau Jungle Boys Zkittlez\"},{\"@type\":\"BreadcrumbList\",\"@id\":\"https:\\\/\\\/510premiumcarts.com\\\/index.php\\\/product\\\/gateau-jungle-boys-zkittlez\\\/#breadcrumb\",\"itemListElement\":[{\"@type\":\"ListItem\",\"position\":1,\"name\":\"Home\",\"item\":\"https:\\\/\\\/510premiumcarts.com\\\/\"},{\"@type\":\"ListItem\",\"position\":2,\"name\":\"Marques de vapotage\",\"item\":\"https:\\\/\\\/510premiumcarts.com\\\/index.php\\\/acheter-du-cannabis\\\/\"},{\"@type\":\"ListItem\",\"position\":3,\"name\":\"Jungle Boys Zkittlez Cake\"}]},{\"@type\":\"WebSite\",\"@id\":\"https:\\\/\\\/510premiumcarts.com\\\/#website\",\"url\":\"https:\\\/\\\/510premiumcarts.com\\\/\",\"name\":\"510 Premium Carts\",\"description\":\"Just another WordPress site\",\"potentialAction\":[{\"@type\":\"SearchAction\",\"target\":{\"@type\":\"EntryPoint\",\"urlTemplate\":\"https:\\\/\\\/510premiumcarts.com\\\/?s={search_term_string}\"},\"query-input\":{\"@type\":\"PropertyValueSpecification\",\"valueRequired\":true,\"valueName\":\"search_term_string\"}}],\"inLanguage\":\"fr-FR\"}]}<\/script>\n<!-- \/ Yoast SEO plugin. -->","yoast_head_json":{"title":"G\u00e2teau Jungle Boys Zkittlez - 510 Premium Carts","description":"G\u00e2teau Jungle Boys Zkittlez Firstly, Jungle Boys Zkittlez Cake est une vari\u00e9t\u00e9 hybride \u00e0 dominante Indica (70 % Indica\/30 % Sativa ou 60 % Indica\/40 % Sati","robots":{"index":"index","follow":"follow","max-snippet":"max-snippet:-1","max-image-preview":"max-image-preview:large","max-video-preview":"max-video-preview:-1"},"canonical":"https:\/\/510premiumcarts.com\/index.php\/product\/gateau-jungle-boys-zkittlez\/","og_locale":"fr_FR","og_type":"article","og_title":"G\u00e2teau Jungle Boys Zkittlez - 510 Premium Carts","og_description":"G\u00e2teau Jungle Boys Zkittlez Firstly, Jungle Boys Zkittlez Cake est une vari\u00e9t\u00e9 hybride \u00e0 dominante Indica (70 % Indica\/30 % Sativa ou 60 % Indica\/40 % Sati","og_url":"https:\/\/510premiumcarts.com\/index.php\/product\/gateau-jungle-boys-zkittlez\/","og_site_name":"510 Premium Carts","article_modified_time":"2023-03-11T00:04:23+00:00","og_image":[{"width":1250,"height":1250,"url":"http:\/\/510premiumcarts.com\/wp-content\/uploads\/2023\/03\/1668124530-jungle-boys-zkittlez-cake-10g-pops-flower-white-bag.png","type":"image\/png"}],"twitter_card":"summary_large_image","twitter_misc":{"Dur\u00e9e de lecture estim\u00e9e":"4 minutes"},"schema":{"@context":"https:\/\/schema.org","@graph":[{"@type":"WebPage","@id":"https:\/\/510premiumcarts.com\/index.php\/product\/gateau-jungle-boys-zkittlez\/","url":"https:\/\/510premiumcarts.com\/index.php\/product\/gateau-jungle-boys-zkittlez\/","name":"G\u00e2teau Jungle Boys Zkittlez - 510 Premium Carts","isPartOf":{"@id":"https:\/\/510premiumcarts.com\/#website"},"primaryImageOfPage":{"@id":"https:\/\/510premiumcarts.com\/index.php\/product\/gateau-jungle-boys-zkittlez\/#primaryimage"},"image":{"@id":"https:\/\/510premiumcarts.com\/index.php\/product\/gateau-jungle-boys-zkittlez\/#primaryimage"},"thumbnailUrl":"https:\/\/510premiumcarts.com\/wp-content\/uploads\/2023\/03\/1668124530-jungle-boys-zkittlez-cake-10g-pops-flower-white-bag.png","datePublished":"2023-03-07T16:03:26+00:00","dateModified":"2023-03-11T00:04:23+00:00","description":"G\u00e2teau Jungle Boys Zkittlez Firstly, Jungle Boys Zkittlez Cake est une vari\u00e9t\u00e9 hybride \u00e0 dominante Indica (70 % Indica\/30 % Sativa ou 60 % Indica\/40 % Sati","breadcrumb":{"@id":"https:\/\/510premiumcarts.com\/index.php\/product\/gateau-jungle-boys-zkittlez\/#breadcrumb"},"inLanguage":"fr-FR","potentialAction":[{"@type":"ReadAction","target":["https:\/\/510premiumcarts.com\/index.php\/product\/gateau-jungle-boys-zkittlez\/"]}]},{"@type":"ImageObject","inLanguage":"fr-FR","@id":"https:\/\/510premiumcarts.com\/index.php\/product\/gateau-jungle-boys-zkittlez\/#primaryimage","url":"https:\/\/510premiumcarts.com\/wp-content\/uploads\/2023\/03\/1668124530-jungle-boys-zkittlez-cake-10g-pops-flower-white-bag.png","contentUrl":"https:\/\/510premiumcarts.com\/wp-content\/uploads\/2023\/03\/1668124530-jungle-boys-zkittlez-cake-10g-pops-flower-white-bag.png","width":1250,"height":1250,"caption":"G\u00e2teau Jungle Boys Zkittlez"},{"@type":"BreadcrumbList","@id":"https:\/\/510premiumcarts.com\/index.php\/product\/gateau-jungle-boys-zkittlez\/#breadcrumb","itemListElement":[{"@type":"ListItem","position":1,"name":"Home","item":"https:\/\/510premiumcarts.com\/"},{"@type":"ListItem","position":2,"name":"Marques de vapotage","item":"https:\/\/510premiumcarts.com\/index.php\/acheter-du-cannabis\/"},{"@type":"ListItem","position":3,"name":"Jungle Boys Zkittlez Cake"}]},{"@type":"WebSite","@id":"https:\/\/510premiumcarts.com\/#website","url":"https:\/\/510premiumcarts.com\/","name":"510 Premium Carts","description":"Just another WordPress site","potentialAction":[{"@type":"SearchAction","target":{"@type":"EntryPoint","urlTemplate":"https:\/\/510premiumcarts.com\/?s={search_term_string}"},"query-input":{"@type":"PropertyValueSpecification","valueRequired":true,"valueName":"search_term_string"}}],"inLanguage":"fr-FR"}]}},"jetpack_sharing_enabled":true,"_links":{"self":[{"href":"https:\/\/510premiumcarts.com\/index.php\/wp-json\/wp\/v2\/product\/1822","targetHints":{"allow":["GET"]}}],"collection":[{"href":"https:\/\/510premiumcarts.com\/index.php\/wp-json\/wp\/v2\/product"}],"about":[{"href":"https:\/\/510premiumcarts.com\/index.php\/wp-json\/wp\/v2\/types\/product"}],"replies":[{"embeddable":true,"href":"https:\/\/510premiumcarts.com\/index.php\/wp-json\/wp\/v2\/comments?post=1822"}],"wp:featuredmedia":[{"embeddable":true,"href":"https:\/\/510premiumcarts.com\/index.php\/wp-json\/wp\/v2\/media\/1823"}],"wp:attachment":[{"href":"https:\/\/510premiumcarts.com\/index.php\/wp-json\/wp\/v2\/media?parent=1822"}],"wp:term":[{"taxonomy":"product_brand","embeddable":true,"href":"https:\/\/510premiumcarts.com\/index.php\/wp-json\/wp\/v2\/product_brand?post=1822"},{"taxonomy":"product_cat","embeddable":true,"href":"https:\/\/510premiumcarts.com\/index.php\/wp-json\/wp\/v2\/product_cat?post=1822"},{"taxonomy":"product_tag","embeddable":true,"href":"https:\/\/510premiumcarts.com\/index.php\/wp-json\/wp\/v2\/product_tag?post=1822"}],"curies":[{"name":"wp","href":"https:\/\/api.w.org\/{rel}","templated":true}]}}