{"id":1824,"date":"2023-03-07T16:26:37","date_gmt":"2023-03-07T16:26:37","guid":{"rendered":"https:\/\/510premiumcarts.com\/?post_type=product&#038;p=1824"},"modified":"2023-03-10T23:47:36","modified_gmt":"2023-03-10T23:47:36","slug":"jungle-boys-wifi-menthes","status":"publish","type":"product","link":"https:\/\/510premiumcarts.com\/index.php\/product\/jungle-boys-wifi-menthes\/","title":{"rendered":"Jungle Boys Wifi Menthes"},"content":{"rendered":"<h1><a href=\"https:\/\/510premiumcarts.com\/index.php\/product\/jungle-boys-wookies-blancs\/\"><span style=\"color: #ffcc00;\">ACHETER DES MENTHEES WIFI JUNGLE BOYS EN LIGNE<\/span><\/a><\/h1>\n<p>gar\u00e7ons de la jungle menthes wifi<\/p>\n<p>acheter jungle boys wifi menthes en ligne<\/p>\n<p>Achetez de l&rsquo;herbe Wifi Mints en ligne. Les <a href=\"https:\/\/ogdispensary.org\/product\/jungle-boys-white-wookies\/\">Wifi<\/a> Mints des gar\u00e7ons de la jungle (\u00e9galement connues sous le nom de menthes de feu blanches\u00a0ou\u00a0wifi OG) sont une herbe tr\u00e8s puissante qui vous emm\u00e8ne directement sur la lune. il est id\u00e9al pour sortir ou aller au gymnase. La souche Wifi Mints est un croisement de la souche White Fire OG et de la souche Animal Mints. Le m\u00eame m\u00e2le Seed Junky Genetics utilis\u00e9 pour cr\u00e9er Wedding Cake. Il a une expiration terreuse caract\u00e9ristique avec des \u00e9pices ajout\u00e9es de sa lign\u00e9e Girl Scout Cookies et un parfum de menthe. le high a des propri\u00e9t\u00e9s plus indica. Pour moi, il procure un high tr\u00e8s fort, \u00e9pais, relaxant et exaltant. Ce high n&rsquo;est pas particuli\u00e8rement durable, mais il produit un effet puissant et fonctionne tr\u00e8s bien comme relaxant musculaire. acheter la vari\u00e9t\u00e9 Wifi Mints dans notre boutique en ligne<\/p>\n<p>80% Indica \/ 20% Sativa<\/p>\n<p>THC\u00a0: 26,73\u00a0%<\/p>\n<p>CBD : 0,01 %<\/p>\n<p>Poids net : 7 grammes.<\/p>\n<p>Jungle Boys Wifi Menthe<\/p>\n<p>Packs de mauvaises herbes \u00e0 vendre en ligne, souches hybrides, indica, sativa, prix de toutes les saveurs, avis et livraison disponibles.<\/p>\n<p>Maintenant disponible en ligne pour achat.<\/p>\n<p>Aimez-vous ce produit,? D&rsquo;autres aiment aussi Jungle Boys Jungle Apples<\/p>\n<h3>JUNGLE BOYS WIFI MENTHE \u00c0 VENDRE<\/h3>\n<p>Jungle boys wifi mints est un croisement de menthes animales et de feu blanc # 43, achetez une souche de menthes wifi, des menthes wifi sur Facebook, des menthes wifi 420 magasins en ligne. Wifi Mints est un croisement entre White Fire 43 (\u00e9lev\u00e9 par OG Rascal) et Animal Mints (le m\u00eame m\u00e2le Seed Junky Genetics utilis\u00e9 pour cr\u00e9er Wedding Cake). C&rsquo;est la troisi\u00e8me fois que nous d\u00e9veloppons Wifi Mints, et la deuxi\u00e8me fois que nous l&rsquo;incluons dans notre rotation principale. L&rsquo;ar\u00f4me et la saveur ont des notes de carburant, de menthe fra\u00eeche et de kush classique. les gar\u00e7ons de la jungle<\/p>\n<p>Il a une expiration kushy signature avec des notes ajout\u00e9es de menthe et d&rsquo;\u00e9pices de sa lign\u00e9e Girl Scout Cookies. Nous aimons la consid\u00e9rer comme une vari\u00e9t\u00e9 kush \u00e0 th\u00e8me alpin. \u00c0 mon avis, le high a plus de propri\u00e9t\u00e9s indica. Pour moi, il offre un effet tr\u00e8s fort, \u00e9pais et relaxant. Ce high n&rsquo;est pas particuli\u00e8rement durable, mais il produit un effet puissant et fonctionne tr\u00e8s bien comme relaxant musculaire.<\/p>\n<h3>JUNGLE BOYS WIFI MENTHE<\/h3>\n<p>Une telle souche \u00e9difiante. M&rsquo;a tout sourire quand je fume une bonne menthe fine, achetez une souche de menthes wifi. Tr\u00e8s relaxant mais pas somnolent relax 420 menthes wifi express. Un bon high bien dense qui s&rsquo;estompe si bien. Cette vari\u00e9t\u00e9 est comme une m\u00e9daill\u00e9e d&rsquo;or olympique des highs. On a vraiment l&rsquo;impression d&rsquo;\u00eatre un chef-d&rsquo;\u0153uvre. Je le recommande vivement en grande quantit\u00e9. Le genre d&rsquo;herbe qui va vraiment g\u00e2ter un fumeur, je l&rsquo;ach\u00e8te plut\u00f4t dans les magasins wifi mints 420.<\/p>\n<p>Un mot peut vraiment augmenter cette vari\u00e9t\u00e9\u2026 PUISSANCE. Sous forme d&rsquo;huile, cela m&rsquo;a fortement s\u00e9datif de la meilleure fa\u00e7on possible. Si sacr\u00e9ment fort que je peux prendre deux d\u00e9chirures du stylo et \u00eatre d\u00e9fonc\u00e9 comme un enfer.<\/p>\n","protected":false},"excerpt":{"rendered":"<p>acheter jungle boys wifi menthes en ligne. Jungle boys wifi mints est l&rsquo;un des meilleurs hybrides avec un THC tr\u00e8s \u00e9lev\u00e9. commandez en ligne depuis chez vous. Achetez maintenant<\/p>\n","protected":false},"featured_media":1825,"comment_status":"open","ping_status":"closed","template":"","meta":{"_monsterinsights_skip_tracking":false,"_monsterinsights_sitenote_active":false,"_monsterinsights_sitenote_note":"","_monsterinsights_sitenote_category":0},"product_brand":[],"product_cat":[5201],"product_tag":[5280,5249,5274,5266,5289,5272,5250,5282,5281,5254,5285,5262,5268,5273,5261,5259,5278,5279,5252,5251,5277,5269,5260,5287,5270,5283,5257,5258,5288,5276,5255,5267,5263,5253,5256,5275,5286,5207,5208,5265,5271,5284,5264],"class_list":{"0":"post-1824","1":"product","2":"type-product","3":"status-publish","4":"has-post-thumbnail","6":"product_cat-jungle-boys-weed-packs","7":"product_tag-best-jungle-boys-strain","8":"product_tag-jungle-boys","9":"product_tag-jungle-boys-california","10":"product_tag-jungle-boys-cannabis","11":"product_tag-jungle-boys-cart","12":"product_tag-jungle-boys-carts","13":"product_tag-jungle-boys-dispensary","14":"product_tag-jungle-boys-dispensary-florida","15":"product_tag-jungle-boys-dispensary-ocala-florida","16":"product_tag-jungle-boys-florida","17":"product_tag-jungle-boys-florida-menu","18":"product_tag-jungle-boys-la","19":"product_tag-jungle-boys-la-mesa","20":"product_tag-jungle-boys-logo","21":"product_tag-jungle-boys-los-angeles","22":"product_tag-jungle-boys-menu","23":"product_tag-jungle-boys-near-me","24":"product_tag-jungle-boys-net-worth","25":"product_tag-jungle-boys-oc","26":"product_tag-jungle-boys-ocala","27":"product_tag-jungle-boys-ocala-fl","28":"product_tag-jungle-boys-ocala-florida","29":"product_tag-jungle-boys-ocala-menu","30":"product_tag-jungle-boys-ocala-photos","31":"product_tag-jungle-boys-orlando","32":"product_tag-jungle-boys-pre-rolls","33":"product_tag-jungle-boys-raid","34":"product_tag-jungle-boys-raided","35":"product_tag-jungle-boys-san-diego","36":"product_tag-jungle-boys-santa-ana","37":"product_tag-jungle-boys-seeds","38":"product_tag-jungle-boys-seeds-for-sale","39":"product_tag-jungle-boys-strain","40":"product_tag-jungle-boys-strains","41":"product_tag-jungle-boys-tlc","42":"product_tag-jungle-boys-wax","43":"product_tag-jungle-boys-wedding-cake","44":"product_tag-jungle-boys-weed","45":"product_tag-jungle-boys-weed-shop","46":"product_tag-jungle-boys-weedmaps","47":"product_tag-ocala-jungle-boys","48":"product_tag-the-jungle-boys","49":"product_tag-tlc-jungle-boys","51":"first","52":"instock","53":"shipping-taxable","54":"purchasable","55":"product-type-simple"},"yoast_head":"<!-- This site is optimized with the Yoast SEO plugin v27.3 - https:\/\/yoast.com\/product\/yoast-seo-wordpress\/ -->\n<title>Jungle Boys Wifi Menthes - 510 Premium Carts - jungle boys<\/title>\n<meta name=\"description\" content=\"Jungle Boys Wifi Mints (\u00e9galement connu sous le nom de menthes de feu blanches\u00a0ou\u00a0wifi OG), est une herbe tr\u00e8s puissante qui vous emm\u00e8ne directement sur la lune. c&#039;est id\u00e9al pour le zonage\" \/>\n<meta name=\"robots\" content=\"index, follow, max-snippet:-1, max-image-preview:large, max-video-preview:-1\" \/>\n<link rel=\"canonical\" href=\"https:\/\/510premiumcarts.com\/index.php\/product\/jungle-boys-wifi-menthes\/\" \/>\n<meta property=\"og:locale\" content=\"fr_FR\" \/>\n<meta property=\"og:type\" content=\"article\" \/>\n<meta property=\"og:title\" content=\"Jungle Boys Wifi Menthes - 510 Premium Carts - jungle boys\" \/>\n<meta property=\"og:description\" content=\"Jungle Boys Wifi Mints (\u00e9galement connu sous le nom de menthes de feu blanches\u00a0ou\u00a0wifi OG), est une herbe tr\u00e8s puissante qui vous emm\u00e8ne directement sur la lune. c&#039;est id\u00e9al pour le zonage\" \/>\n<meta property=\"og:url\" content=\"https:\/\/510premiumcarts.com\/index.php\/product\/jungle-boys-wifi-menthes\/\" \/>\n<meta property=\"og:site_name\" content=\"510 Premium Carts\" \/>\n<meta property=\"article:modified_time\" content=\"2023-03-10T23:47:36+00:00\" \/>\n<meta property=\"og:image\" content=\"http:\/\/510premiumcarts.com\/wp-content\/uploads\/2023\/03\/jungle-boys-wifi-mints-8th-flower.png\" \/>\n\t<meta property=\"og:image:width\" content=\"1250\" \/>\n\t<meta property=\"og:image:height\" content=\"1250\" \/>\n\t<meta property=\"og:image:type\" content=\"image\/png\" \/>\n<meta name=\"twitter:card\" content=\"summary_large_image\" \/>\n<meta name=\"twitter:label1\" content=\"Dur\u00e9e de lecture estim\u00e9e\" \/>\n\t<meta name=\"twitter:data1\" content=\"3 minutes\" \/>\n<script type=\"application\/ld+json\" class=\"yoast-schema-graph\">{\"@context\":\"https:\\\/\\\/schema.org\",\"@graph\":[{\"@type\":\"WebPage\",\"@id\":\"https:\\\/\\\/510premiumcarts.com\\\/index.php\\\/product\\\/jungle-boys-wifi-menthes\\\/\",\"url\":\"https:\\\/\\\/510premiumcarts.com\\\/index.php\\\/product\\\/jungle-boys-wifi-menthes\\\/\",\"name\":\"Jungle Boys Wifi Menthes - 510 Premium Carts - jungle boys\",\"isPartOf\":{\"@id\":\"https:\\\/\\\/510premiumcarts.com\\\/#website\"},\"primaryImageOfPage\":{\"@id\":\"https:\\\/\\\/510premiumcarts.com\\\/index.php\\\/product\\\/jungle-boys-wifi-menthes\\\/#primaryimage\"},\"image\":{\"@id\":\"https:\\\/\\\/510premiumcarts.com\\\/index.php\\\/product\\\/jungle-boys-wifi-menthes\\\/#primaryimage\"},\"thumbnailUrl\":\"https:\\\/\\\/510premiumcarts.com\\\/wp-content\\\/uploads\\\/2023\\\/03\\\/jungle-boys-wifi-mints-8th-flower.png\",\"datePublished\":\"2023-03-07T16:26:37+00:00\",\"dateModified\":\"2023-03-10T23:47:36+00:00\",\"description\":\"Jungle Boys Wifi Mints (\u00e9galement connu sous le nom de menthes de feu blanches\u00a0ou\u00a0wifi OG), est une herbe tr\u00e8s puissante qui vous emm\u00e8ne directement sur la lune. c'est id\u00e9al pour le zonage\",\"breadcrumb\":{\"@id\":\"https:\\\/\\\/510premiumcarts.com\\\/index.php\\\/product\\\/jungle-boys-wifi-menthes\\\/#breadcrumb\"},\"inLanguage\":\"fr-FR\",\"potentialAction\":[{\"@type\":\"ReadAction\",\"target\":[\"https:\\\/\\\/510premiumcarts.com\\\/index.php\\\/product\\\/jungle-boys-wifi-menthes\\\/\"]}]},{\"@type\":\"ImageObject\",\"inLanguage\":\"fr-FR\",\"@id\":\"https:\\\/\\\/510premiumcarts.com\\\/index.php\\\/product\\\/jungle-boys-wifi-menthes\\\/#primaryimage\",\"url\":\"https:\\\/\\\/510premiumcarts.com\\\/wp-content\\\/uploads\\\/2023\\\/03\\\/jungle-boys-wifi-mints-8th-flower.png\",\"contentUrl\":\"https:\\\/\\\/510premiumcarts.com\\\/wp-content\\\/uploads\\\/2023\\\/03\\\/jungle-boys-wifi-mints-8th-flower.png\",\"width\":1250,\"height\":1250},{\"@type\":\"BreadcrumbList\",\"@id\":\"https:\\\/\\\/510premiumcarts.com\\\/index.php\\\/product\\\/jungle-boys-wifi-menthes\\\/#breadcrumb\",\"itemListElement\":[{\"@type\":\"ListItem\",\"position\":1,\"name\":\"Home\",\"item\":\"https:\\\/\\\/510premiumcarts.com\\\/\"},{\"@type\":\"ListItem\",\"position\":2,\"name\":\"Marques de vapotage\",\"item\":\"https:\\\/\\\/510premiumcarts.com\\\/index.php\\\/acheter-du-cannabis\\\/\"},{\"@type\":\"ListItem\",\"position\":3,\"name\":\"Jungle Boys Wifi Menthes\"}]},{\"@type\":\"WebSite\",\"@id\":\"https:\\\/\\\/510premiumcarts.com\\\/#website\",\"url\":\"https:\\\/\\\/510premiumcarts.com\\\/\",\"name\":\"510 Premium Carts\",\"description\":\"Just another WordPress site\",\"potentialAction\":[{\"@type\":\"SearchAction\",\"target\":{\"@type\":\"EntryPoint\",\"urlTemplate\":\"https:\\\/\\\/510premiumcarts.com\\\/?s={search_term_string}\"},\"query-input\":{\"@type\":\"PropertyValueSpecification\",\"valueRequired\":true,\"valueName\":\"search_term_string\"}}],\"inLanguage\":\"fr-FR\"}]}<\/script>\n<!-- \/ Yoast SEO plugin. -->","yoast_head_json":{"title":"Jungle Boys Wifi Menthes - 510 Premium Carts - jungle boys","description":"Jungle Boys Wifi Mints (\u00e9galement connu sous le nom de menthes de feu blanches\u00a0ou\u00a0wifi OG), est une herbe tr\u00e8s puissante qui vous emm\u00e8ne directement sur la lune. c'est id\u00e9al pour le zonage","robots":{"index":"index","follow":"follow","max-snippet":"max-snippet:-1","max-image-preview":"max-image-preview:large","max-video-preview":"max-video-preview:-1"},"canonical":"https:\/\/510premiumcarts.com\/index.php\/product\/jungle-boys-wifi-menthes\/","og_locale":"fr_FR","og_type":"article","og_title":"Jungle Boys Wifi Menthes - 510 Premium Carts - jungle boys","og_description":"Jungle Boys Wifi Mints (\u00e9galement connu sous le nom de menthes de feu blanches\u00a0ou\u00a0wifi OG), est une herbe tr\u00e8s puissante qui vous emm\u00e8ne directement sur la lune. c'est id\u00e9al pour le zonage","og_url":"https:\/\/510premiumcarts.com\/index.php\/product\/jungle-boys-wifi-menthes\/","og_site_name":"510 Premium Carts","article_modified_time":"2023-03-10T23:47:36+00:00","og_image":[{"width":1250,"height":1250,"url":"http:\/\/510premiumcarts.com\/wp-content\/uploads\/2023\/03\/jungle-boys-wifi-mints-8th-flower.png","type":"image\/png"}],"twitter_card":"summary_large_image","twitter_misc":{"Dur\u00e9e de lecture estim\u00e9e":"3 minutes"},"schema":{"@context":"https:\/\/schema.org","@graph":[{"@type":"WebPage","@id":"https:\/\/510premiumcarts.com\/index.php\/product\/jungle-boys-wifi-menthes\/","url":"https:\/\/510premiumcarts.com\/index.php\/product\/jungle-boys-wifi-menthes\/","name":"Jungle Boys Wifi Menthes - 510 Premium Carts - jungle boys","isPartOf":{"@id":"https:\/\/510premiumcarts.com\/#website"},"primaryImageOfPage":{"@id":"https:\/\/510premiumcarts.com\/index.php\/product\/jungle-boys-wifi-menthes\/#primaryimage"},"image":{"@id":"https:\/\/510premiumcarts.com\/index.php\/product\/jungle-boys-wifi-menthes\/#primaryimage"},"thumbnailUrl":"https:\/\/510premiumcarts.com\/wp-content\/uploads\/2023\/03\/jungle-boys-wifi-mints-8th-flower.png","datePublished":"2023-03-07T16:26:37+00:00","dateModified":"2023-03-10T23:47:36+00:00","description":"Jungle Boys Wifi Mints (\u00e9galement connu sous le nom de menthes de feu blanches\u00a0ou\u00a0wifi OG), est une herbe tr\u00e8s puissante qui vous emm\u00e8ne directement sur la lune. c'est id\u00e9al pour le zonage","breadcrumb":{"@id":"https:\/\/510premiumcarts.com\/index.php\/product\/jungle-boys-wifi-menthes\/#breadcrumb"},"inLanguage":"fr-FR","potentialAction":[{"@type":"ReadAction","target":["https:\/\/510premiumcarts.com\/index.php\/product\/jungle-boys-wifi-menthes\/"]}]},{"@type":"ImageObject","inLanguage":"fr-FR","@id":"https:\/\/510premiumcarts.com\/index.php\/product\/jungle-boys-wifi-menthes\/#primaryimage","url":"https:\/\/510premiumcarts.com\/wp-content\/uploads\/2023\/03\/jungle-boys-wifi-mints-8th-flower.png","contentUrl":"https:\/\/510premiumcarts.com\/wp-content\/uploads\/2023\/03\/jungle-boys-wifi-mints-8th-flower.png","width":1250,"height":1250},{"@type":"BreadcrumbList","@id":"https:\/\/510premiumcarts.com\/index.php\/product\/jungle-boys-wifi-menthes\/#breadcrumb","itemListElement":[{"@type":"ListItem","position":1,"name":"Home","item":"https:\/\/510premiumcarts.com\/"},{"@type":"ListItem","position":2,"name":"Marques de vapotage","item":"https:\/\/510premiumcarts.com\/index.php\/acheter-du-cannabis\/"},{"@type":"ListItem","position":3,"name":"Jungle Boys Wifi Menthes"}]},{"@type":"WebSite","@id":"https:\/\/510premiumcarts.com\/#website","url":"https:\/\/510premiumcarts.com\/","name":"510 Premium Carts","description":"Just another WordPress site","potentialAction":[{"@type":"SearchAction","target":{"@type":"EntryPoint","urlTemplate":"https:\/\/510premiumcarts.com\/?s={search_term_string}"},"query-input":{"@type":"PropertyValueSpecification","valueRequired":true,"valueName":"search_term_string"}}],"inLanguage":"fr-FR"}]}},"jetpack_sharing_enabled":true,"_links":{"self":[{"href":"https:\/\/510premiumcarts.com\/index.php\/wp-json\/wp\/v2\/product\/1824","targetHints":{"allow":["GET"]}}],"collection":[{"href":"https:\/\/510premiumcarts.com\/index.php\/wp-json\/wp\/v2\/product"}],"about":[{"href":"https:\/\/510premiumcarts.com\/index.php\/wp-json\/wp\/v2\/types\/product"}],"replies":[{"embeddable":true,"href":"https:\/\/510premiumcarts.com\/index.php\/wp-json\/wp\/v2\/comments?post=1824"}],"wp:featuredmedia":[{"embeddable":true,"href":"https:\/\/510premiumcarts.com\/index.php\/wp-json\/wp\/v2\/media\/1825"}],"wp:attachment":[{"href":"https:\/\/510premiumcarts.com\/index.php\/wp-json\/wp\/v2\/media?parent=1824"}],"wp:term":[{"taxonomy":"product_brand","embeddable":true,"href":"https:\/\/510premiumcarts.com\/index.php\/wp-json\/wp\/v2\/product_brand?post=1824"},{"taxonomy":"product_cat","embeddable":true,"href":"https:\/\/510premiumcarts.com\/index.php\/wp-json\/wp\/v2\/product_cat?post=1824"},{"taxonomy":"product_tag","embeddable":true,"href":"https:\/\/510premiumcarts.com\/index.php\/wp-json\/wp\/v2\/product_tag?post=1824"}],"curies":[{"name":"wp","href":"https:\/\/api.w.org\/{rel}","templated":true}]}}