{"id":1883,"date":"2023-03-10T22:48:43","date_gmt":"2023-03-10T22:48:43","guid":{"rendered":"https:\/\/510premiumcarts.com\/?post_type=product&#038;p=1883"},"modified":"2023-03-10T23:37:46","modified_gmt":"2023-03-10T23:37:46","slug":"jungle-boys-wookies-blancs","status":"publish","type":"product","link":"https:\/\/510premiumcarts.com\/index.php\/product\/jungle-boys-wookies-blancs\/","title":{"rendered":"Jungle Boys Wookies blancs"},"content":{"rendered":"<h1><a href=\"https:\/\/510premiumcarts.com\/index.php\/product-category\/weed-packs\/jungle-boys-weed-packs\/\"><strong><span style=\"color: #ffcc00;\"><span style=\"vertical-align: inherit;\"><span style=\"vertical-align: inherit;\"><span style=\"vertical-align: inherit;\"><span style=\"vertical-align: inherit;\">BUY WHITE JUNGLE BOYS WOOKIES ONLINE<\/span><\/span><\/span><\/span><\/span><\/strong><\/a><\/h1>\n<p>gar\u00e7ons de la jungle wookies blancs<\/p>\n<p>acheter des wookies blancs jungle boys en ligne<\/p>\n<p>Packs de mauvaises herbes Jungle Boys<\/p>\n<p>Saveur : Wookies blancs<\/p>\n<p>Poids net : 7 grammes.<\/p>\n<p>Wookies blancs Jungle Boys, packs de mauvaises herbes \u00e0 vendre en ligne, souches hybrides, indica, sativa, prix de toutes les saveurs, avis et livraison disponibles.<\/p>\n<p>D\u00e9couvrez \u00e9galement Jungle Boys Sfvxtk, en tant que produits similaires avec des notes presque identiques. Disponible en ligne sur 420delivery avec services d&rsquo;exp\u00e9dition et de livraison.<\/p>\n<p>White Wookies Jungleboys USA, White Wookies Jungleboys en gros, Commander White Wookies Jungleboys, Acheter White Wookies Jungleboys, White Wookies Jungleboys en gros<\/p>\n<p>Les wookies blancs, aussi parfois appel\u00e9s wookies (les noms sont litt\u00e9ralement interchangeables), sont une vari\u00e9t\u00e9 de marijuana douce et enivrante avec un nom qui correspond \u00e0 ses effets \u00e9l\u00e9vateurs et \u00e0 son profil de saveur savoureux.<\/p>\n<p>agit comme un m\u00e9dicament bien \u00e9quilibr\u00e9, id\u00e9al surtout le soir ou plus tard apr\u00e8s les heures, o\u00f9 cette vari\u00e9t\u00e9 de cannabis hybride peut briller le mieux.<\/p>\n<h3>WOOKIES BLANCS JUNGLE BOYS A VENDRE<\/h3>\n<p>De plus, la cr\u00e9ation sp\u00e9cifique de cette race a \u00e9t\u00e9 la modification d&rsquo;un favori des fans, Girl Scout Cookies. Acheter Jungleboys White Wookies, Jungleboys White Wookies USA, Acheter Jungleboys Online, Commander Jungleboys White Wookies<\/p>\n<p>Je recommanderais de prendre des m\u00e9dicaments sur Gelato #33 apr\u00e8s le travail car cette souche d\u00e9tendra votre corps, mais votre cerveau peut ralentir un peu lorsqu&rsquo;il est m\u00e9dicament\u00e9. Je ne recommanderais pas cette souche lorsque vous avez des choses importantes dans votre emploi du temps. , mais cette vari\u00e9t\u00e9 apporte un sentiment de positivit\u00e9, ce qui la rend id\u00e9ale pour les films comiques, le stand-up ou pour sortir avec des amis proches sans responsabilit\u00e9 pour la nuit.<\/p>\n<p>Jungle Boys Wookies (\u00e0 ne pas confondre avec la souche \u00ab\u00a0Wookie\u00a0\u00bb ou les \u00e9normes ours de l&rsquo;espace sensibles de Star Wars) est un croisement \u00e0 dominance Indica de White 91 (The White x Chemdawg 91) et Girl Scout Cookies. Connu pour son fort profil terp\u00e9nique et son pourcentage \u00e9lev\u00e9 de THC, Wookies cultive la lign\u00e9e g\u00e9n\u00e9tique Cookies tout en<\/p>\n<p>Sentiments<\/p>\n<p>Heureux 74%<\/p>\n<p>D\u00e9tendu 51%<\/p>\n<p>Euphorique 40%<\/p>\n<p>\u00c9lev\u00e9 33\u00a0%<\/p>\n<p>Cr\u00e9atif 33%<\/p>\n<p>Aider \u00e0<\/p>\n<p>Stress 37%<\/p>\n<p>Anxi\u00e9t\u00e9 28%<\/p>\n<p>D\u00e9pression 25%<\/p>\n<p>Insomnie 23%<\/p>\n<p>Pain 29%<\/p>\n<p>n\u00e9gatifs<\/p>\n<p>Maux de t\u00eate 1\u00a0%<\/p>\n<p>Anxieux 4%<\/p>\n<p>Yeux secs 4%<\/p>\n<p>Parano\u00efaque 2%<\/p>\n<p>Bouche s\u00e8che 11%<\/p>\n<h3>WOOKIES BLANCS JUNGLE BOYS<\/h3>\n<p>acheter jungle boys souche white wookies<\/p>\n<p>Cette vari\u00e9t\u00e9 est g\u00e9niale. Un de mes amis m&rsquo;a fait quelques b\u00e9b\u00e9s avec ce qu&rsquo;il avait et j&rsquo;ai pu grandir ces derni\u00e8res ann\u00e9es. C&rsquo;\u00e9tait une croissance organique et j&rsquo;ai fini avec un rendement moyen, en achetant une vari\u00e9t\u00e9 de wookies blancs.<\/p>\n<p>souche de wookis blancs<\/p>\n<p>Votre corps se sent rocheux et d\u00e9tendu alors que votre t\u00eate est lev\u00e9e dans le pays des sourires. Un effet tellement joyeux, amusant et relaxant. C&rsquo;est comme de la musique reggae en \u00e9t\u00e9. Je devrai peut-\u00eatre y retourner pour plus, White Wookies souche shop.<\/p>\n<p>wookies blancs<\/p>\n<p>Ce bourgeon est tr\u00e8s agr\u00e9able me donne ce sentiment tr\u00e8s pur et \u00e9difiant que j&rsquo;appr\u00e9cie la relaxation que j&rsquo;obtiens de ce high. Un tr\u00e8s bel hybride du march\u00e9 des wookies blancs en ligne. J&rsquo;aime la fa\u00e7on dont vous pouvez vraiment le go\u00fbter au moins une fois que vous l&rsquo;avez tamponn\u00e9, c&rsquo;est juste une bonne sensation corporelle de valeur, une grande saveur. acheter des gar\u00e7ons de la jungle en ligne<\/p>\n<p>J&rsquo;ai trouv\u00e9 cette souche utile pendant les p\u00e9riodes d&rsquo;anxi\u00e9t\u00e9 et de stress, principalement pendant les moments de la journ\u00e9e o\u00f9 le stress est le plus \u00e9lev\u00e9, mais cette souche me garde toujours sur mes orteils. Les wookies blancs sur le march\u00e9 Facebook sont faciles \u00e0 obtenir.<\/p>\n","protected":false},"excerpt":{"rendered":"<p>Pack de mauvaises herbes Jungle Boys<\/p>\n<p>Saveur : Wookies blancs<\/p>\n<p>Poids net : 7 grammes<\/p>\n","protected":false},"featured_media":1885,"comment_status":"open","ping_status":"closed","template":"","meta":{"_monsterinsights_skip_tracking":false,"_monsterinsights_sitenote_active":false,"_monsterinsights_sitenote_note":"","_monsterinsights_sitenote_category":0},"product_brand":[],"product_cat":[5201],"product_tag":[5382,5361,5341,5339,5338,5340,5358,5342,5357,5343,5344,5347,5348,5349,5350,5351,5352,5353,5354,5355,5356,5345,5346,5359,5383,5363,5376,5377,5379,5378,5380,5371,5372,5373,5374,5360,5313,5375,5365,5369,5367,5366,5368,5370,5381,5364,5362],"class_list":{"0":"post-1883","1":"product","2":"type-product","3":"status-publish","4":"has-post-thumbnail","6":"product_cat-jungle-boys-weed-packs","7":"product_tag-accessoires-de-mauvaises-herbes-acheter-en-ligne-inde","8":"product_tag-achat-de-weed-en-ligne","9":"product_tag-acheter-de-la-bonne-weed-en-ligne","10":"product_tag-acheter-de-la-weed-comestible-en-ligne","11":"product_tag-acheter-de-la-weed-en-vrac-en-ligne","12":"product_tag-acheter-de-la-weed-exotique-en-ligne","13":"product_tag-acheter-de-la-weed-livraison-en-ligne-en-europe","14":"product_tag-acheter-en-ligne-weed-canada-coupon","15":"product_tag-acheter-weed-avis-en-ligne-de-lue","16":"product_tag-acheter-weed-eater-en-ligne","17":"product_tag-acheter-weed-edibles-en-ligne","18":"product_tag-acheter-weed-en-ligne-arizona","19":"product_tag-acheter-weed-en-ligne-asie","20":"product_tag-acheter-weed-en-ligne-az","21":"product_tag-acheter-weed-en-ligne-belgique","22":"product_tag-acheter-weed-en-ligne-brantford","23":"product_tag-acheter-weed-en-ligne-canada-alberta","24":"product_tag-acheter-weed-en-ligne-danemark","25":"product_tag-acheter-weed-en-ligne-dhaka","26":"product_tag-acheter-weed-en-ligne-e-transfert","27":"product_tag-acheter-weed-en-ligne-etobicoke","28":"product_tag-acheter-weed-grinder-en-ligne","29":"product_tag-acheter-weed-gummies-en-ligne","30":"product_tag-acheter-white-wookies-jungleboys","31":"product_tag-blanc-wooki","32":"product_tag-concessionnaire-de-weed-en-ligne","33":"product_tag-dispensaire-de-mauvaises-herbes-en-ligne-eugene","34":"product_tag-dispensaire-de-mauvaises-herbes-en-ligne-mota","35":"product_tag-dispensaire-de-mauvaises-herbes-en-ligne-qui-est-expedie-aux-etats-unis","36":"product_tag-dispensaire-de-mauvaises-herbes-en-ligne-sans-carte","37":"product_tag-dispensaire-de-mauvaises-herbes-en-ligne-usa","38":"product_tag-dispensaire-de-weed-en-ligne","39":"product_tag-dispensaire-de-weed-en-ligne-canada","40":"product_tag-dispensaire-de-weed-en-ligne-colorado","41":"product_tag-en-ligne-livraison-de-dispensaire-de-mauvaises-herbes","42":"product_tag-gta-en-ligne-weed-farm-achat-fournitures","43":"product_tag-jungleboys","44":"product_tag-livraison-de-dispensaire-de-mauvaises-herbes-en-ligne-usa","45":"product_tag-livraison-de-weed-en-ligne","46":"product_tag-livraison-de-weed-en-ligne-a-lechelle-nationale","47":"product_tag-livraison-de-weed-en-ligne-aux-etats-unis","48":"product_tag-livraison-de-weed-en-ligne-californie","49":"product_tag-livraison-de-weed-en-ligne-los-angeles","50":"product_tag-livraison-de-weed-en-ligne-top-sites","51":"product_tag-medecin-de-mauvaises-herbes-en-ligne","52":"product_tag-weed-en-ligne-livre-bon-marche","53":"product_tag-weed-en-ligne-par-gram","55":"first","56":"instock","57":"shipping-taxable","58":"purchasable","59":"product-type-simple"},"yoast_head":"<!-- This site is optimized with the Yoast SEO plugin v27.3 - https:\/\/yoast.com\/product\/yoast-seo-wordpress\/ -->\n<title>Jungle Boys Wookies blancs - 510 Premium Carts Commandez maintenant<\/title>\n<meta name=\"description\" content=\"Jungle Boys Wookies blancs packs de mauvaises herbes \u00e0 vendre en ligne, souches hybrides, indica, sativa, prix de toutes les saveurs, avis et livraison\" \/>\n<meta name=\"robots\" content=\"index, follow, max-snippet:-1, max-image-preview:large, max-video-preview:-1\" \/>\n<link rel=\"canonical\" href=\"https:\/\/510premiumcarts.com\/index.php\/product\/jungle-boys-wookies-blancs\/\" \/>\n<meta property=\"og:locale\" content=\"fr_FR\" \/>\n<meta property=\"og:type\" content=\"article\" \/>\n<meta property=\"og:title\" content=\"Jungle Boys Wookies blancs - 510 Premium Carts Commandez maintenant\" \/>\n<meta property=\"og:description\" content=\"Jungle Boys Wookies blancs packs de mauvaises herbes \u00e0 vendre en ligne, souches hybrides, indica, sativa, prix de toutes les saveurs, avis et livraison\" \/>\n<meta property=\"og:url\" content=\"https:\/\/510premiumcarts.com\/index.php\/product\/jungle-boys-wookies-blancs\/\" \/>\n<meta property=\"og:site_name\" content=\"510 Premium Carts\" \/>\n<meta property=\"article:modified_time\" content=\"2023-03-10T23:37:46+00:00\" \/>\n<meta property=\"og:image\" content=\"http:\/\/510premiumcarts.com\/wp-content\/uploads\/2023\/03\/WhatsApp-Image-2020-01-14-at-2.24.08-AM-600x392-1.jpeg\" \/>\n\t<meta property=\"og:image:width\" content=\"600\" \/>\n\t<meta property=\"og:image:height\" content=\"392\" \/>\n\t<meta property=\"og:image:type\" content=\"image\/jpeg\" \/>\n<meta name=\"twitter:card\" content=\"summary_large_image\" \/>\n<meta name=\"twitter:label1\" content=\"Dur\u00e9e de lecture estim\u00e9e\" \/>\n\t<meta name=\"twitter:data1\" content=\"4 minutes\" \/>\n<script type=\"application\/ld+json\" class=\"yoast-schema-graph\">{\"@context\":\"https:\\\/\\\/schema.org\",\"@graph\":[{\"@type\":\"WebPage\",\"@id\":\"https:\\\/\\\/510premiumcarts.com\\\/index.php\\\/product\\\/jungle-boys-wookies-blancs\\\/\",\"url\":\"https:\\\/\\\/510premiumcarts.com\\\/index.php\\\/product\\\/jungle-boys-wookies-blancs\\\/\",\"name\":\"Jungle Boys Wookies blancs - 510 Premium Carts Commandez maintenant\",\"isPartOf\":{\"@id\":\"https:\\\/\\\/510premiumcarts.com\\\/#website\"},\"primaryImageOfPage\":{\"@id\":\"https:\\\/\\\/510premiumcarts.com\\\/index.php\\\/product\\\/jungle-boys-wookies-blancs\\\/#primaryimage\"},\"image\":{\"@id\":\"https:\\\/\\\/510premiumcarts.com\\\/index.php\\\/product\\\/jungle-boys-wookies-blancs\\\/#primaryimage\"},\"thumbnailUrl\":\"https:\\\/\\\/510premiumcarts.com\\\/wp-content\\\/uploads\\\/2023\\\/03\\\/WhatsApp-Image-2020-01-14-at-2.24.08-AM-600x392-1.jpeg\",\"datePublished\":\"2023-03-10T22:48:43+00:00\",\"dateModified\":\"2023-03-10T23:37:46+00:00\",\"description\":\"Jungle Boys Wookies blancs packs de mauvaises herbes \u00e0 vendre en ligne, souches hybrides, indica, sativa, prix de toutes les saveurs, avis et livraison\",\"breadcrumb\":{\"@id\":\"https:\\\/\\\/510premiumcarts.com\\\/index.php\\\/product\\\/jungle-boys-wookies-blancs\\\/#breadcrumb\"},\"inLanguage\":\"fr-FR\",\"potentialAction\":[{\"@type\":\"ReadAction\",\"target\":[\"https:\\\/\\\/510premiumcarts.com\\\/index.php\\\/product\\\/jungle-boys-wookies-blancs\\\/\"]}]},{\"@type\":\"ImageObject\",\"inLanguage\":\"fr-FR\",\"@id\":\"https:\\\/\\\/510premiumcarts.com\\\/index.php\\\/product\\\/jungle-boys-wookies-blancs\\\/#primaryimage\",\"url\":\"https:\\\/\\\/510premiumcarts.com\\\/wp-content\\\/uploads\\\/2023\\\/03\\\/WhatsApp-Image-2020-01-14-at-2.24.08-AM-600x392-1.jpeg\",\"contentUrl\":\"https:\\\/\\\/510premiumcarts.com\\\/wp-content\\\/uploads\\\/2023\\\/03\\\/WhatsApp-Image-2020-01-14-at-2.24.08-AM-600x392-1.jpeg\",\"width\":600,\"height\":392,\"caption\":\"Jungle Boys Wookies blancs\"},{\"@type\":\"BreadcrumbList\",\"@id\":\"https:\\\/\\\/510premiumcarts.com\\\/index.php\\\/product\\\/jungle-boys-wookies-blancs\\\/#breadcrumb\",\"itemListElement\":[{\"@type\":\"ListItem\",\"position\":1,\"name\":\"Home\",\"item\":\"https:\\\/\\\/510premiumcarts.com\\\/\"},{\"@type\":\"ListItem\",\"position\":2,\"name\":\"Marques de vapotage\",\"item\":\"https:\\\/\\\/510premiumcarts.com\\\/index.php\\\/acheter-du-cannabis\\\/\"},{\"@type\":\"ListItem\",\"position\":3,\"name\":\"Jungle Boys Wookies blancs\"}]},{\"@type\":\"WebSite\",\"@id\":\"https:\\\/\\\/510premiumcarts.com\\\/#website\",\"url\":\"https:\\\/\\\/510premiumcarts.com\\\/\",\"name\":\"510 Premium Carts\",\"description\":\"Just another WordPress site\",\"potentialAction\":[{\"@type\":\"SearchAction\",\"target\":{\"@type\":\"EntryPoint\",\"urlTemplate\":\"https:\\\/\\\/510premiumcarts.com\\\/?s={search_term_string}\"},\"query-input\":{\"@type\":\"PropertyValueSpecification\",\"valueRequired\":true,\"valueName\":\"search_term_string\"}}],\"inLanguage\":\"fr-FR\"}]}<\/script>\n<!-- \/ Yoast SEO plugin. -->","yoast_head_json":{"title":"Jungle Boys Wookies blancs - 510 Premium Carts Commandez maintenant","description":"Jungle Boys Wookies blancs packs de mauvaises herbes \u00e0 vendre en ligne, souches hybrides, indica, sativa, prix de toutes les saveurs, avis et livraison","robots":{"index":"index","follow":"follow","max-snippet":"max-snippet:-1","max-image-preview":"max-image-preview:large","max-video-preview":"max-video-preview:-1"},"canonical":"https:\/\/510premiumcarts.com\/index.php\/product\/jungle-boys-wookies-blancs\/","og_locale":"fr_FR","og_type":"article","og_title":"Jungle Boys Wookies blancs - 510 Premium Carts Commandez maintenant","og_description":"Jungle Boys Wookies blancs packs de mauvaises herbes \u00e0 vendre en ligne, souches hybrides, indica, sativa, prix de toutes les saveurs, avis et livraison","og_url":"https:\/\/510premiumcarts.com\/index.php\/product\/jungle-boys-wookies-blancs\/","og_site_name":"510 Premium Carts","article_modified_time":"2023-03-10T23:37:46+00:00","og_image":[{"width":600,"height":392,"url":"http:\/\/510premiumcarts.com\/wp-content\/uploads\/2023\/03\/WhatsApp-Image-2020-01-14-at-2.24.08-AM-600x392-1.jpeg","type":"image\/jpeg"}],"twitter_card":"summary_large_image","twitter_misc":{"Dur\u00e9e de lecture estim\u00e9e":"4 minutes"},"schema":{"@context":"https:\/\/schema.org","@graph":[{"@type":"WebPage","@id":"https:\/\/510premiumcarts.com\/index.php\/product\/jungle-boys-wookies-blancs\/","url":"https:\/\/510premiumcarts.com\/index.php\/product\/jungle-boys-wookies-blancs\/","name":"Jungle Boys Wookies blancs - 510 Premium Carts Commandez maintenant","isPartOf":{"@id":"https:\/\/510premiumcarts.com\/#website"},"primaryImageOfPage":{"@id":"https:\/\/510premiumcarts.com\/index.php\/product\/jungle-boys-wookies-blancs\/#primaryimage"},"image":{"@id":"https:\/\/510premiumcarts.com\/index.php\/product\/jungle-boys-wookies-blancs\/#primaryimage"},"thumbnailUrl":"https:\/\/510premiumcarts.com\/wp-content\/uploads\/2023\/03\/WhatsApp-Image-2020-01-14-at-2.24.08-AM-600x392-1.jpeg","datePublished":"2023-03-10T22:48:43+00:00","dateModified":"2023-03-10T23:37:46+00:00","description":"Jungle Boys Wookies blancs packs de mauvaises herbes \u00e0 vendre en ligne, souches hybrides, indica, sativa, prix de toutes les saveurs, avis et livraison","breadcrumb":{"@id":"https:\/\/510premiumcarts.com\/index.php\/product\/jungle-boys-wookies-blancs\/#breadcrumb"},"inLanguage":"fr-FR","potentialAction":[{"@type":"ReadAction","target":["https:\/\/510premiumcarts.com\/index.php\/product\/jungle-boys-wookies-blancs\/"]}]},{"@type":"ImageObject","inLanguage":"fr-FR","@id":"https:\/\/510premiumcarts.com\/index.php\/product\/jungle-boys-wookies-blancs\/#primaryimage","url":"https:\/\/510premiumcarts.com\/wp-content\/uploads\/2023\/03\/WhatsApp-Image-2020-01-14-at-2.24.08-AM-600x392-1.jpeg","contentUrl":"https:\/\/510premiumcarts.com\/wp-content\/uploads\/2023\/03\/WhatsApp-Image-2020-01-14-at-2.24.08-AM-600x392-1.jpeg","width":600,"height":392,"caption":"Jungle Boys Wookies blancs"},{"@type":"BreadcrumbList","@id":"https:\/\/510premiumcarts.com\/index.php\/product\/jungle-boys-wookies-blancs\/#breadcrumb","itemListElement":[{"@type":"ListItem","position":1,"name":"Home","item":"https:\/\/510premiumcarts.com\/"},{"@type":"ListItem","position":2,"name":"Marques de vapotage","item":"https:\/\/510premiumcarts.com\/index.php\/acheter-du-cannabis\/"},{"@type":"ListItem","position":3,"name":"Jungle Boys Wookies blancs"}]},{"@type":"WebSite","@id":"https:\/\/510premiumcarts.com\/#website","url":"https:\/\/510premiumcarts.com\/","name":"510 Premium Carts","description":"Just another WordPress site","potentialAction":[{"@type":"SearchAction","target":{"@type":"EntryPoint","urlTemplate":"https:\/\/510premiumcarts.com\/?s={search_term_string}"},"query-input":{"@type":"PropertyValueSpecification","valueRequired":true,"valueName":"search_term_string"}}],"inLanguage":"fr-FR"}]}},"jetpack_sharing_enabled":true,"_links":{"self":[{"href":"https:\/\/510premiumcarts.com\/index.php\/wp-json\/wp\/v2\/product\/1883","targetHints":{"allow":["GET"]}}],"collection":[{"href":"https:\/\/510premiumcarts.com\/index.php\/wp-json\/wp\/v2\/product"}],"about":[{"href":"https:\/\/510premiumcarts.com\/index.php\/wp-json\/wp\/v2\/types\/product"}],"replies":[{"embeddable":true,"href":"https:\/\/510premiumcarts.com\/index.php\/wp-json\/wp\/v2\/comments?post=1883"}],"wp:featuredmedia":[{"embeddable":true,"href":"https:\/\/510premiumcarts.com\/index.php\/wp-json\/wp\/v2\/media\/1885"}],"wp:attachment":[{"href":"https:\/\/510premiumcarts.com\/index.php\/wp-json\/wp\/v2\/media?parent=1883"}],"wp:term":[{"taxonomy":"product_brand","embeddable":true,"href":"https:\/\/510premiumcarts.com\/index.php\/wp-json\/wp\/v2\/product_brand?post=1883"},{"taxonomy":"product_cat","embeddable":true,"href":"https:\/\/510premiumcarts.com\/index.php\/wp-json\/wp\/v2\/product_cat?post=1883"},{"taxonomy":"product_tag","embeddable":true,"href":"https:\/\/510premiumcarts.com\/index.php\/wp-json\/wp\/v2\/product_tag?post=1883"}],"curies":[{"name":"wp","href":"https:\/\/api.w.org\/{rel}","templated":true}]}}