{"id":196,"date":"2021-10-18T11:13:20","date_gmt":"2021-10-18T11:13:20","guid":{"rendered":"https:\/\/510premiumcarts.com\/?post_type=product&#038;p=196"},"modified":"2023-03-11T14:37:50","modified_gmt":"2023-03-11T14:37:50","slug":"alpine-vapor-stylo-a-vapeur-jetable-pour-e-liquide-infuse-a-la-menthe-fraiche-3g","status":"publish","type":"product","link":"https:\/\/510premiumcarts.com\/index.php\/product\/alpine-vapor-stylo-a-vapeur-jetable-pour-e-liquide-infuse-a-la-menthe-fraiche-3g\/","title":{"rendered":"Chariots alpins Cool Mint"},"content":{"rendered":"<h2 class=\"heading--l mb-sm\"><a href=\"https:\/\/510premiumcarts.com\/index.php\/product\/remedies-cartouche-cbd-21-0-525g-ca\/\">Alpine Vapor &#8211; Stylo \u00e0 vapeur jetable pour e-liiquide infus\u00e9 \u00e0 la menthe fra\u00eeche .3g<\/a><\/h2>\n<p>Le stylo \u00e0 vapeur jetable Alpine est le choix <a href=\"https:\/\/www.leafly.com\/brands\/alpine-vapor\/products\/alpine-vapor-alpine-vapor-cool-mint-infused-e-liquid-disposable-vapor-pen-3g\">ultime<\/a> pour un vapotage discret. Il est livr\u00e9 pr\u00e9-charg\u00e9 et pr\u00e9-rempli avec 300 mg d&rsquo;e-liquide m\u00e9dicamenteux et est pr\u00eat \u00e0 l&#8217;emploi d\u00e8s la sortie de la bo\u00eete. Test\u00e9 \u00e0 plus de 38 % de THC et bon pour plus de 150 bouff\u00e9es, ce stylo mince et l\u00e9ger est parfait pour se soigner en d\u00e9placement.<\/p>\n<p>Nous associons de l&rsquo;huile de cannabis pure et sans solvant \u00e0 des ar\u00f4mes botaniques naturels pour vous offrir un stylo \u00e0 vapeur aussi puissant que d\u00e9licieux.<\/p>\n<p>Hybride | Chill associe la menthe poivr\u00e9e fra\u00eeche \u00e0 l&rsquo;eucalyptus rafra\u00eechissant.<\/p>\n<div>\n<div class=\"bg-white\">\n<div class=\"flex items-center w-full mb-lg\">\n<h2 class=\"jsx-c1be150a0afe040c mb-sm\"><img class=\"max-w-full h-full w-full origin-center lazyloaded\" srcset=\"https:\/\/leafly-public.imgix.net\/brands\/logos\/8yEA5GTrTSuy8vx5tb2D_Alpine_icon.jpg?auto=compress,format&amp;w=64&amp;dpr=1 1x, https:\/\/leafly-public.imgix.net\/brands\/logos\/8yEA5GTrTSuy8vx5tb2D_Alpine_icon.jpg?auto=compress,format&amp;w=64&amp;dpr=2 2x\" alt=\"Logo for the brand Alpine Vapor\" data-srcset=\"https:\/\/leafly-public.imgix.net\/brands\/logos\/8yEA5GTrTSuy8vx5tb2D_Alpine_icon.jpg?auto=compress,format&amp;w=64&amp;dpr=1 1x, https:\/\/leafly-public.imgix.net\/brands\/logos\/8yEA5GTrTSuy8vx5tb2D_Alpine_icon.jpg?auto=compress,format&amp;w=64&amp;dpr=2 2x\" data-testid=\"image-single-image\" \/>\u00c0 propos de cette marque<\/h2>\n<p>La mission d&rsquo;Alpine Vapor est de produire les produits de cannabis les plus purs, les plus s\u00fbrs et les plus discrets du march\u00e9. Nous associons une technologie de distillation de pointe \u00e0 un design beau et accessible pour servir l&rsquo;\u00e9ventail complet des amateurs de cannabis, des nouveaux patients aux connaisseurs exp\u00e9riment\u00e9s. Nous voulons \u00e9lever la barre pour les produits infus\u00e9s au cannabis et offrir au monde An Elevated Experience\u2122. Alpine Vapor &#8211; Stylo \u00e0 vapeur jetable pour e-liquide infus\u00e9 \u00e0 la menthe fra\u00eeche .3g<\/p>\n<h3>Qualit\u00e9 &amp; S\u00e9curit\u00e9<\/h3>\n<p>Tous les produits Alpine sont soumis aux normes de contr\u00f4le et de test de qualit\u00e9 les plus \u00e9lev\u00e9es pour garantir que nous offrons une exp\u00e9rience propre et coh\u00e9rente \u00e0 chaque fois. Nous testons chaque lot \u00e0 l&rsquo;aide de la chromatographie liquide haute pression (HPLC) avanc\u00e9e, ce qui nous permet d&rsquo;affiner l&rsquo;\u00e9quilibre des cannabino\u00efdes et des terp\u00e8nes dans nos produits avec la plus grande pr\u00e9cision. Pour plus de s\u00e9curit\u00e9, nous soumettons \u00e9galement chaque lot \u00e0 SC Labs pour v\u00e9rifier que nos produits sont 100 % exempts de solvants, pesticides et autres impuret\u00e9s.<\/p>\n<p>La mission d&rsquo;Alpine Vapor est de produire les produits de cannabis les plus purs, les plus s\u00fbrs et les plus discrets du march\u00e9. Nous associons une technologie de distillation de pointe \u00e0 un design beau et accessible pour servir l&rsquo;\u00e9ventail complet des amateurs de cannabis, des nouveaux patients aux connaisseurs exp\u00e9riment\u00e9s. Nous voulons \u00e9lever la barre pour les produits infus\u00e9s au cannabis et offrir au monde An Elevated Experience\u2122. Alpine Vapor &#8211; Stylo \u00e0 vapeur jetable pour e-liquide infus\u00e9 \u00e0 la menthe fra\u00eeche .3g<\/p>\n<h3>Qualit\u00e9 &amp; S\u00e9curit\u00e9<\/h3>\n<\/div>\n<div class=\"bg-white\">\n<p>Tous les produits Alpine sont soumis aux normes de contr\u00f4le et de test de qualit\u00e9 les plus \u00e9lev\u00e9es pour garantir que nous offrons une exp\u00e9rience propre et coh\u00e9rente \u00e0 chaque fois. Nous testons chaque lot \u00e0 l&rsquo;aide de la chromatographie liquide haute pression (HPLC) avanc\u00e9e, ce qui nous permet d&rsquo;affiner l&rsquo;\u00e9quilibre des cannabino\u00efdes et des terp\u00e8nes dans nos produits avec la plus grande pr\u00e9cision. Pour plus de s\u00e9curit\u00e9, nous soumettons \u00e9galement chaque lot \u00e0 SC Labs pour v\u00e9rifier que nos produits sont 100 % exempts de solvants, pesticides et autres impuret\u00e9s.<\/p>\n<\/div>\n<\/div>\n<\/div>\n","protected":false},"excerpt":{"rendered":"<p>Le stylo \u00e0 vapeur jetable Alpine est le choix ultime pour un vapotage discret. Il est livr\u00e9 pr\u00e9-charg\u00e9 et pr\u00e9-rempli avec 300 mg d&rsquo;e-liquide m\u00e9dicamenteux et est pr\u00eat \u00e0 l&#8217;emploi d\u00e8s la sortie de la bo\u00eete. Test\u00e9 \u00e0 plus de 38 % de THC et bon pour plus de 150 bouff\u00e9es, ce stylo mince et l\u00e9ger est parfait pour se soigner en d\u00e9placement.<\/p>\n<p>Nous associons de l&rsquo;huile de cannabis pure et sans solvant \u00e0 des ar\u00f4mes botaniques naturels pour vous offrir un stylo \u00e0 vapeur aussi puissant que d\u00e9licieux.<\/p>\n","protected":false},"featured_media":197,"comment_status":"open","ping_status":"closed","template":"","meta":{"_monsterinsights_skip_tracking":false,"_monsterinsights_sitenote_active":false,"_monsterinsights_sitenote_note":"","_monsterinsights_sitenote_category":0},"product_brand":[],"product_cat":[16],"product_tag":[5988,5452,5924,5944,5987,5977,5952,5971,5464,5453,5454,5455,5958,5972,5409,5926,5414,5929,5413,5475,5978,5959,5943,5945,5406,5430,5949,5457,5486,5981,5487,5412,5951,5950,5928,5983,5491,5492,5984,5493,5985,5964,5976,5463,5481,5489,5416,5955,5946,5975,5462,5982,5438,5948,5437,5485,5444,5445,5443,5986,5957,5930,5460,5440,5933,5932,5937,5934,5935,5938,5940,5936,5431,5939,5442,5941,5965,5947,5927,5494,5461,5497,5970,5484,5974,5496,5989,5441,5942,5973,5479,5446,5451,5960,5456,5961,5458,5963,5962,5966,5967,5968,5465,5953,5969,5401,5402,5925,5403,5404,5478,5979,5433,5435,5436,5407,5931,5488,5480,5408,5956,5954,5980,5477,5495],"class_list":{"0":"post-196","1":"product","2":"type-product","3":"status-publish","4":"has-post-thumbnail","6":"product_cat-acheter-alpine-vapor-chariot","7":"product_tag-a-quoi-ressemble-un-stylo-vape-alpin","8":"product_tag-accessoires-pour-stylo-vape-alpin","9":"product_tag-aces-vs-stylo-vape-alpin","10":"product_tag-aide-de-la-cartouche-de-vape-alpine","11":"product_tag-allumer-le-stylo-vape-alpin","12":"product_tag-alpin-configuration-de-la-vape","13":"product_tag-alpin-vape-comment-recharger","14":"product_tag-ananas-vape-alpin-express","15":"product_tag-batterie-courte-du-stylo-vape-alpin","16":"product_tag-batterie-de-stylo-vape-alpin","17":"product_tag-batterie-de-stylo-vape-alpin-ne-fonctionne-pas","18":"product_tag-batterie-de-stylo-vape-alpin-rechargeable","19":"product_tag-batterie-de-stylo-vape-alpin-tension","20":"product_tag-batterie-de-tuyau-vape-alpin","21":"product_tag-batterie-vape-alpine","22":"product_tag-batterie-vape-alpine-amazon","23":"product_tag-batterie-vape-alpine-au-canada","24":"product_tag-batterie-vape-alpine-comment-savoir-si-elle-est-allumee","25":"product_tag-batterie-vape-alpine-en-boite","26":"product_tag-boutique-de-vape-alpine","27":"product_tag-boutique-de-vape-alpine-sur-la-route-de-parker","28":"product_tag-cartouche-de-stylo-vape-alpin","29":"product_tag-cartouche-de-vape-alpine","30":"product_tag-cartouche-de-vape-alpine-jake-herer","31":"product_tag-cartouche-vape-alpine-510","32":"product_tag-cartouches-de-vape-alpine","33":"product_tag-cartouches-de-vape-alpines","34":"product_tag-chargement-du-stylo-vape-alpin","35":"product_tag-charger-la-batterie-vape-alpine","36":"product_tag-charger-la-lumiere-blanche-de-la-batterie-vape-alpine","37":"product_tag-charger-le-stylo-vape-alpin","38":"product_tag-chargeur-de-batterie-vape-alpine","39":"product_tag-chargeur-de-vape-alpin","40":"product_tag-chariots-de-vape-alpins","41":"product_tag-clignotement-de-la-batterie-vape-alpine","42":"product_tag-combien-coute-le-stylo-vape-alpin","43":"product_tag-comment-charger-la-batterie-vape-alpine","44":"product_tag-comment-charger-le-stylo-vape-alpin","45":"product_tag-comment-fumer-correctement-un-stylo-vape-alpin","46":"product_tag-comment-utiliser-le-stylo-vape-alpin","47":"product_tag-comment-utiliser-un-stylo-vape-alpin","48":"product_tag-creme-glacee-a-la-lavande-pour-stylo-vape-alpin","49":"product_tag-critiques-de-la-vape-alpine","50":"product_tag-critiques-du-stylo-vape-alpin","51":"product_tag-depannage-de-vape-alpine","52":"product_tag-directions-stylo-vape-alpin","53":"product_tag-duree-de-vie-de-la-batterie-vape-alpine","54":"product_tag-examen-de-lhuile-de-vape-alpine","55":"product_tag-examen-de-la-cartouche-de-vape-alpine","56":"product_tag-examen-de-la-vape-alpine","57":"product_tag-examen-du-stylo-vape-alpin","58":"product_tag-faire-alpi-les-cartouches-ne-vape-fonctionnent-avec-la-batterie-brassknuckles","59":"product_tag-festivals-de-vape-alpine","60":"product_tag-filetage-de-cartouche-de-vape-alpine","61":"product_tag-flacon-compte-gouttes-de-vape-alpine","62":"product_tag-huile-de-vape-alpine-cbd","63":"product_tag-huile-de-vape-alpine-dispensable","64":"product_tag-huile-de-vape-alpine-dispensable-en-ligne","65":"product_tag-huile-de-vape-alpine-sortant-de-lembout-buccal","66":"product_tag-instructions-dutilisation-du-stylo-vape-alpin","67":"product_tag-instructions-de-batterie-de-stylo-vape-alpin","68":"product_tag-instructions-de-la-batterie-vape-alpine","69":"product_tag-instructions-du-stylo-vape-alpin","70":"product_tag-kit-de-vape-alpine","71":"product_tag-la-batterie-de-vape-alpine-est-courte","72":"product_tag-la-batterie-de-vape-alpine-ne-charge-pas","73":"product_tag-la-batterie-de-vape-alpine-sallume","74":"product_tag-la-taille-de-la-batterie-de-vape-alpine","75":"product_tag-la-temperature-de-la-batterie-de-vape-alpine","76":"product_tag-la-tension-de-la-batterie-de-vape-alpine","77":"product_tag-le-clignotement-de-la-vape-alpine-10-fois","78":"product_tag-le-depannage-de-la-batterie-de-vape-alpine","79":"product_tag-les-cartouches-de-vape-alpine-fonctionnent","80":"product_tag-les-meilleures-saveurs-de-vape-alpine","81":"product_tag-logo-de-vape-alpine","82":"product_tag-lumiere-bleue-clignotante-de-la-vape-alpine","83":"product_tag-manuel-du-stylo-vape-alpin","84":"product_tag-marche-boursier-de-la-cartouche-de-vape-alpine-regarder","85":"product_tag-meilleure-temperature-de-la-batterie-vape-alpine","86":"product_tag-mes-deux-cartouches-de-vape-alpin-contiennent-le-meme-liquide-de-puissance","87":"product_tag-nicotine-du-stylo-vape-alpin","88":"product_tag-ou-acheter-le-stylo-vape-alpin-90504","89":"product_tag-pesticides-vape-alpins","90":"product_tag-pouvez-vous-apporter-des-stylos-vape-alpins-dans-un-avion","91":"product_tag-produits-chimiques-de-vape-alpins-utilises","92":"product_tag-quelle-est-la-tension-du-chargeur-de-batterie-du-stylo-vape-alpin","93":"product_tag-quelle-est-la-tension-du-vape-alpin-batterie-du-stylo","94":"product_tag-resine-vivante-de-vape-alpine","95":"product_tag-reve-bleu-de-la-vape-alpine","96":"product_tag-saut-de-vape-alpin","97":"product_tag-souches-de-vape-alpine","98":"product_tag-stylo-jetable-dhuile-de-vape-alpine","99":"product_tag-stylo-vape-alpin","100":"product_tag-stylo-vape-alpin-bouche","101":"product_tag-stylo-vape-alpin-clignotant","102":"product_tag-stylo-vape-alpin-colorado","103":"product_tag-stylo-vape-alpin-hybride","104":"product_tag-stylo-vape-alpin-indic-a","105":"product_tag-stylo-vape-alpin-messieurs","106":"product_tag-stylo-vape-alpin-ne-fonctionne-pas","107":"product_tag-stylo-vape-alpin-nyc","108":"product_tag-stylo-vape-alpin-pasadena","109":"product_tag-stylo-vape-alpin-trois-clignotements","110":"product_tag-stylos-a-huile-de-vape-alpine","111":"product_tag-stylos-vape-alpins","112":"product_tag-vape-alpine","113":"product_tag-vape-alpine-recharge","114":"product_tag-vape-alpine-1-gramme","115":"product_tag-vape-alpine-1g","116":"product_tag-vape-alpine-1gr","117":"product_tag-vape-alpine-a-cesse-de-frapper","118":"product_tag-vape-alpine-a-temperature-variable","119":"product_tag-vape-alpine-cbd","120":"product_tag-vape-alpine-dab","121":"product_tag-vape-alpine-dank","122":"product_tag-vape-alpine-et-tension-de-la-cartouche","123":"product_tag-vape-alpine-la-lumiere-de-la-batterie-ne-fonctionne-pas","124":"product_tag-vape-alpine-la-moins-chere","125":"product_tag-vape-alpine-le-mec","126":"product_tag-vape-alpine-mauvaise","127":"product_tag-vape-alpine-orange-julius","128":"product_tag-vape-alpine-recharges-dhuile","129":"product_tag-vape-alpine-site-web","130":"product_tag-vape-alpine-sud-pasadena-ca","131":"product_tag-weedmaps-hollywood-vape-alpine","133":"first","134":"instock","135":"shipping-taxable","136":"purchasable","137":"product-type-simple"},"yoast_head":"<!-- This site is optimized with the Yoast SEO plugin v27.3 - https:\/\/yoast.com\/product\/yoast-seo-wordpress\/ -->\n<title>Alpine Vapor - Stylo \u00e0 vapeur jetable pour e-liquide infus\u00e9 \u00e0 la menthe fra\u00eeche .3g<\/title>\n<meta name=\"description\" content=\"Alpine Vapor - Le stylo \u00e0 vapeur jetable pour e-liquide infus\u00e9 \u00e0 la menthe fra\u00eeche .3g est le choix ultime pour un vapotage discret. Il est livr\u00e9 pr\u00e9-charg\u00e9 et pr\u00e9-rempli avec 300 mg d&#039;e-liquide m\u00e9dicamenteux et est pr\u00eat \u00e0 l&#039;emploi d\u00e8s la sortie de la bo\u00eete.\" \/>\n<meta name=\"robots\" content=\"index, follow, max-snippet:-1, max-image-preview:large, max-video-preview:-1\" \/>\n<link rel=\"canonical\" href=\"https:\/\/510premiumcarts.com\/index.php\/product\/alpine-vapor-stylo-a-vapeur-jetable-pour-e-liquide-infuse-a-la-menthe-fraiche-3g\/\" \/>\n<meta property=\"og:locale\" content=\"fr_FR\" \/>\n<meta property=\"og:type\" content=\"article\" \/>\n<meta property=\"og:title\" content=\"Alpine Vapor - Stylo \u00e0 vapeur jetable pour e-liquide infus\u00e9 \u00e0 la menthe fra\u00eeche .3g\" \/>\n<meta property=\"og:description\" content=\"Alpine Vapor - Le stylo \u00e0 vapeur jetable pour e-liquide infus\u00e9 \u00e0 la menthe fra\u00eeche .3g est le choix ultime pour un vapotage discret. Il est livr\u00e9 pr\u00e9-charg\u00e9 et pr\u00e9-rempli avec 300 mg d&#039;e-liquide m\u00e9dicamenteux et est pr\u00eat \u00e0 l&#039;emploi d\u00e8s la sortie de la bo\u00eete.\" \/>\n<meta property=\"og:url\" content=\"https:\/\/510premiumcarts.com\/index.php\/product\/alpine-vapor-stylo-a-vapeur-jetable-pour-e-liquide-infuse-a-la-menthe-fraiche-3g\/\" \/>\n<meta property=\"og:site_name\" content=\"510 Premium Carts\" \/>\n<meta property=\"article:modified_time\" content=\"2023-03-11T14:37:50+00:00\" \/>\n<meta property=\"og:image\" content=\"http:\/\/510premiumcarts.com\/wp-content\/uploads\/2021\/10\/cool-mint.jpg\" \/>\n\t<meta property=\"og:image:width\" content=\"2000\" \/>\n\t<meta property=\"og:image:height\" content=\"2000\" \/>\n\t<meta property=\"og:image:type\" content=\"image\/jpeg\" \/>\n<meta name=\"twitter:card\" content=\"summary_large_image\" \/>\n<meta name=\"twitter:label1\" content=\"Dur\u00e9e de lecture estim\u00e9e\" \/>\n\t<meta name=\"twitter:data1\" content=\"3 minutes\" \/>\n<script type=\"application\/ld+json\" class=\"yoast-schema-graph\">{\"@context\":\"https:\\\/\\\/schema.org\",\"@graph\":[{\"@type\":\"WebPage\",\"@id\":\"https:\\\/\\\/510premiumcarts.com\\\/index.php\\\/product\\\/alpine-vapor-stylo-a-vapeur-jetable-pour-e-liquide-infuse-a-la-menthe-fraiche-3g\\\/\",\"url\":\"https:\\\/\\\/510premiumcarts.com\\\/index.php\\\/product\\\/alpine-vapor-stylo-a-vapeur-jetable-pour-e-liquide-infuse-a-la-menthe-fraiche-3g\\\/\",\"name\":\"Alpine Vapor - Stylo \u00e0 vapeur jetable pour e-liquide infus\u00e9 \u00e0 la menthe fra\u00eeche .3g\",\"isPartOf\":{\"@id\":\"https:\\\/\\\/510premiumcarts.com\\\/#website\"},\"primaryImageOfPage\":{\"@id\":\"https:\\\/\\\/510premiumcarts.com\\\/index.php\\\/product\\\/alpine-vapor-stylo-a-vapeur-jetable-pour-e-liquide-infuse-a-la-menthe-fraiche-3g\\\/#primaryimage\"},\"image\":{\"@id\":\"https:\\\/\\\/510premiumcarts.com\\\/index.php\\\/product\\\/alpine-vapor-stylo-a-vapeur-jetable-pour-e-liquide-infuse-a-la-menthe-fraiche-3g\\\/#primaryimage\"},\"thumbnailUrl\":\"https:\\\/\\\/510premiumcarts.com\\\/wp-content\\\/uploads\\\/2021\\\/10\\\/cool-mint.jpg\",\"datePublished\":\"2021-10-18T11:13:20+00:00\",\"dateModified\":\"2023-03-11T14:37:50+00:00\",\"description\":\"Alpine Vapor - Le stylo \u00e0 vapeur jetable pour e-liquide infus\u00e9 \u00e0 la menthe fra\u00eeche .3g est le choix ultime pour un vapotage discret. Il est livr\u00e9 pr\u00e9-charg\u00e9 et pr\u00e9-rempli avec 300 mg d'e-liquide m\u00e9dicamenteux et est pr\u00eat \u00e0 l'emploi d\u00e8s la sortie de la bo\u00eete.\",\"breadcrumb\":{\"@id\":\"https:\\\/\\\/510premiumcarts.com\\\/index.php\\\/product\\\/alpine-vapor-stylo-a-vapeur-jetable-pour-e-liquide-infuse-a-la-menthe-fraiche-3g\\\/#breadcrumb\"},\"inLanguage\":\"fr-FR\",\"potentialAction\":[{\"@type\":\"ReadAction\",\"target\":[\"https:\\\/\\\/510premiumcarts.com\\\/index.php\\\/product\\\/alpine-vapor-stylo-a-vapeur-jetable-pour-e-liquide-infuse-a-la-menthe-fraiche-3g\\\/\"]}]},{\"@type\":\"ImageObject\",\"inLanguage\":\"fr-FR\",\"@id\":\"https:\\\/\\\/510premiumcarts.com\\\/index.php\\\/product\\\/alpine-vapor-stylo-a-vapeur-jetable-pour-e-liquide-infuse-a-la-menthe-fraiche-3g\\\/#primaryimage\",\"url\":\"https:\\\/\\\/510premiumcarts.com\\\/wp-content\\\/uploads\\\/2021\\\/10\\\/cool-mint.jpg\",\"contentUrl\":\"https:\\\/\\\/510premiumcarts.com\\\/wp-content\\\/uploads\\\/2021\\\/10\\\/cool-mint.jpg\",\"width\":2000,\"height\":2000,\"caption\":\"Alpine Vapor - Stylo \u00e0 vapeur jetable pour e-liquide infus\u00e9 \u00e0 la menthe fra\u00eeche .3g\"},{\"@type\":\"BreadcrumbList\",\"@id\":\"https:\\\/\\\/510premiumcarts.com\\\/index.php\\\/product\\\/alpine-vapor-stylo-a-vapeur-jetable-pour-e-liquide-infuse-a-la-menthe-fraiche-3g\\\/#breadcrumb\",\"itemListElement\":[{\"@type\":\"ListItem\",\"position\":1,\"name\":\"Home\",\"item\":\"https:\\\/\\\/510premiumcarts.com\\\/\"},{\"@type\":\"ListItem\",\"position\":2,\"name\":\"Marques de vapotage\",\"item\":\"https:\\\/\\\/510premiumcarts.com\\\/index.php\\\/acheter-du-cannabis\\\/\"},{\"@type\":\"ListItem\",\"position\":3,\"name\":\"Chariots alpins Cool Mint\"}]},{\"@type\":\"WebSite\",\"@id\":\"https:\\\/\\\/510premiumcarts.com\\\/#website\",\"url\":\"https:\\\/\\\/510premiumcarts.com\\\/\",\"name\":\"510 Premium Carts\",\"description\":\"Just another WordPress site\",\"potentialAction\":[{\"@type\":\"SearchAction\",\"target\":{\"@type\":\"EntryPoint\",\"urlTemplate\":\"https:\\\/\\\/510premiumcarts.com\\\/?s={search_term_string}\"},\"query-input\":{\"@type\":\"PropertyValueSpecification\",\"valueRequired\":true,\"valueName\":\"search_term_string\"}}],\"inLanguage\":\"fr-FR\"}]}<\/script>\n<!-- \/ Yoast SEO plugin. -->","yoast_head_json":{"title":"Alpine Vapor - Stylo \u00e0 vapeur jetable pour e-liquide infus\u00e9 \u00e0 la menthe fra\u00eeche .3g","description":"Alpine Vapor - Le stylo \u00e0 vapeur jetable pour e-liquide infus\u00e9 \u00e0 la menthe fra\u00eeche .3g est le choix ultime pour un vapotage discret. Il est livr\u00e9 pr\u00e9-charg\u00e9 et pr\u00e9-rempli avec 300 mg d'e-liquide m\u00e9dicamenteux et est pr\u00eat \u00e0 l'emploi d\u00e8s la sortie de la bo\u00eete.","robots":{"index":"index","follow":"follow","max-snippet":"max-snippet:-1","max-image-preview":"max-image-preview:large","max-video-preview":"max-video-preview:-1"},"canonical":"https:\/\/510premiumcarts.com\/index.php\/product\/alpine-vapor-stylo-a-vapeur-jetable-pour-e-liquide-infuse-a-la-menthe-fraiche-3g\/","og_locale":"fr_FR","og_type":"article","og_title":"Alpine Vapor - Stylo \u00e0 vapeur jetable pour e-liquide infus\u00e9 \u00e0 la menthe fra\u00eeche .3g","og_description":"Alpine Vapor - Le stylo \u00e0 vapeur jetable pour e-liquide infus\u00e9 \u00e0 la menthe fra\u00eeche .3g est le choix ultime pour un vapotage discret. Il est livr\u00e9 pr\u00e9-charg\u00e9 et pr\u00e9-rempli avec 300 mg d'e-liquide m\u00e9dicamenteux et est pr\u00eat \u00e0 l'emploi d\u00e8s la sortie de la bo\u00eete.","og_url":"https:\/\/510premiumcarts.com\/index.php\/product\/alpine-vapor-stylo-a-vapeur-jetable-pour-e-liquide-infuse-a-la-menthe-fraiche-3g\/","og_site_name":"510 Premium Carts","article_modified_time":"2023-03-11T14:37:50+00:00","og_image":[{"width":2000,"height":2000,"url":"http:\/\/510premiumcarts.com\/wp-content\/uploads\/2021\/10\/cool-mint.jpg","type":"image\/jpeg"}],"twitter_card":"summary_large_image","twitter_misc":{"Dur\u00e9e de lecture estim\u00e9e":"3 minutes"},"schema":{"@context":"https:\/\/schema.org","@graph":[{"@type":"WebPage","@id":"https:\/\/510premiumcarts.com\/index.php\/product\/alpine-vapor-stylo-a-vapeur-jetable-pour-e-liquide-infuse-a-la-menthe-fraiche-3g\/","url":"https:\/\/510premiumcarts.com\/index.php\/product\/alpine-vapor-stylo-a-vapeur-jetable-pour-e-liquide-infuse-a-la-menthe-fraiche-3g\/","name":"Alpine Vapor - Stylo \u00e0 vapeur jetable pour e-liquide infus\u00e9 \u00e0 la menthe fra\u00eeche .3g","isPartOf":{"@id":"https:\/\/510premiumcarts.com\/#website"},"primaryImageOfPage":{"@id":"https:\/\/510premiumcarts.com\/index.php\/product\/alpine-vapor-stylo-a-vapeur-jetable-pour-e-liquide-infuse-a-la-menthe-fraiche-3g\/#primaryimage"},"image":{"@id":"https:\/\/510premiumcarts.com\/index.php\/product\/alpine-vapor-stylo-a-vapeur-jetable-pour-e-liquide-infuse-a-la-menthe-fraiche-3g\/#primaryimage"},"thumbnailUrl":"https:\/\/510premiumcarts.com\/wp-content\/uploads\/2021\/10\/cool-mint.jpg","datePublished":"2021-10-18T11:13:20+00:00","dateModified":"2023-03-11T14:37:50+00:00","description":"Alpine Vapor - Le stylo \u00e0 vapeur jetable pour e-liquide infus\u00e9 \u00e0 la menthe fra\u00eeche .3g est le choix ultime pour un vapotage discret. Il est livr\u00e9 pr\u00e9-charg\u00e9 et pr\u00e9-rempli avec 300 mg d'e-liquide m\u00e9dicamenteux et est pr\u00eat \u00e0 l'emploi d\u00e8s la sortie de la bo\u00eete.","breadcrumb":{"@id":"https:\/\/510premiumcarts.com\/index.php\/product\/alpine-vapor-stylo-a-vapeur-jetable-pour-e-liquide-infuse-a-la-menthe-fraiche-3g\/#breadcrumb"},"inLanguage":"fr-FR","potentialAction":[{"@type":"ReadAction","target":["https:\/\/510premiumcarts.com\/index.php\/product\/alpine-vapor-stylo-a-vapeur-jetable-pour-e-liquide-infuse-a-la-menthe-fraiche-3g\/"]}]},{"@type":"ImageObject","inLanguage":"fr-FR","@id":"https:\/\/510premiumcarts.com\/index.php\/product\/alpine-vapor-stylo-a-vapeur-jetable-pour-e-liquide-infuse-a-la-menthe-fraiche-3g\/#primaryimage","url":"https:\/\/510premiumcarts.com\/wp-content\/uploads\/2021\/10\/cool-mint.jpg","contentUrl":"https:\/\/510premiumcarts.com\/wp-content\/uploads\/2021\/10\/cool-mint.jpg","width":2000,"height":2000,"caption":"Alpine Vapor - Stylo \u00e0 vapeur jetable pour e-liquide infus\u00e9 \u00e0 la menthe fra\u00eeche .3g"},{"@type":"BreadcrumbList","@id":"https:\/\/510premiumcarts.com\/index.php\/product\/alpine-vapor-stylo-a-vapeur-jetable-pour-e-liquide-infuse-a-la-menthe-fraiche-3g\/#breadcrumb","itemListElement":[{"@type":"ListItem","position":1,"name":"Home","item":"https:\/\/510premiumcarts.com\/"},{"@type":"ListItem","position":2,"name":"Marques de vapotage","item":"https:\/\/510premiumcarts.com\/index.php\/acheter-du-cannabis\/"},{"@type":"ListItem","position":3,"name":"Chariots alpins Cool Mint"}]},{"@type":"WebSite","@id":"https:\/\/510premiumcarts.com\/#website","url":"https:\/\/510premiumcarts.com\/","name":"510 Premium Carts","description":"Just another WordPress site","potentialAction":[{"@type":"SearchAction","target":{"@type":"EntryPoint","urlTemplate":"https:\/\/510premiumcarts.com\/?s={search_term_string}"},"query-input":{"@type":"PropertyValueSpecification","valueRequired":true,"valueName":"search_term_string"}}],"inLanguage":"fr-FR"}]}},"jetpack_sharing_enabled":true,"_links":{"self":[{"href":"https:\/\/510premiumcarts.com\/index.php\/wp-json\/wp\/v2\/product\/196","targetHints":{"allow":["GET"]}}],"collection":[{"href":"https:\/\/510premiumcarts.com\/index.php\/wp-json\/wp\/v2\/product"}],"about":[{"href":"https:\/\/510premiumcarts.com\/index.php\/wp-json\/wp\/v2\/types\/product"}],"replies":[{"embeddable":true,"href":"https:\/\/510premiumcarts.com\/index.php\/wp-json\/wp\/v2\/comments?post=196"}],"wp:featuredmedia":[{"embeddable":true,"href":"https:\/\/510premiumcarts.com\/index.php\/wp-json\/wp\/v2\/media\/197"}],"wp:attachment":[{"href":"https:\/\/510premiumcarts.com\/index.php\/wp-json\/wp\/v2\/media?parent=196"}],"wp:term":[{"taxonomy":"product_brand","embeddable":true,"href":"https:\/\/510premiumcarts.com\/index.php\/wp-json\/wp\/v2\/product_brand?post=196"},{"taxonomy":"product_cat","embeddable":true,"href":"https:\/\/510premiumcarts.com\/index.php\/wp-json\/wp\/v2\/product_cat?post=196"},{"taxonomy":"product_tag","embeddable":true,"href":"https:\/\/510premiumcarts.com\/index.php\/wp-json\/wp\/v2\/product_tag?post=196"}],"curies":[{"name":"wp","href":"https:\/\/api.w.org\/{rel}","templated":true}]}}