{"id":198,"date":"2021-10-18T11:20:29","date_gmt":"2021-10-18T11:20:29","guid":{"rendered":"https:\/\/510premiumcarts.com\/?post_type=product&#038;p=198"},"modified":"2023-03-11T14:43:15","modified_gmt":"2023-03-11T14:43:15","slug":"chariots-alpins-dubble-bubble","status":"publish","type":"product","link":"https:\/\/510premiumcarts.com\/index.php\/product\/chariots-alpins-dubble-bubble\/","title":{"rendered":"Chariots alpins Dubble Bubble"},"content":{"rendered":"<h1><strong><span style=\"color: #ffcc00;\">Stylo jetable Alpine <a style=\"color: #ffcc00;\" href=\"https:\/\/weedmaps.com\/brands\/alpine-vapor\">Vape<\/a> <a style=\"color: #ffcc00;\" href=\"https:\/\/legalvapestore.com\/\">Oil<\/a><\/span><\/strong><\/h1>\n<div>La mission d&rsquo;Alpine Vape est de produire les produits de cannabis les plus purs, les plus s\u00fbrs et les plus discrets sur<br \/>\nle march\u00e9. Nous associons une technologie de distillation de pointe \u00e0 un design beau et accessible pour servir l&rsquo;ensemble du spectre<br \/>\nde passionn\u00e9s de cannabis, des premiers patients aux connaisseurs exp\u00e9riment\u00e9s. Nous voulons \u00e9lever la barre pour<br \/>\nproduits infus\u00e9s au cannabis et offrir au monde An Elevated Experience\u2122. Qualit\u00e9 et s\u00e9curit\u00e9 Tous les produits Alpine sont<br \/>\nsoumis aux normes de contr\u00f4le et de test de qualit\u00e9 les plus \u00e9lev\u00e9es pour garantir que nous offrons une exp\u00e9rience propre et coh\u00e9rente<br \/>\n\u00e0 chaque fois. Nous testons chaque lot \u00e0 l&rsquo;aide d&rsquo;une chromatographie liquide haute pression (HPLC) avanc\u00e9e, ce qui nous permet d&rsquo;affiner l&rsquo;\u00e9quilibre des cannabino\u00efdes et des terp\u00e8nes dans nos produits avec la plus grande pr\u00e9cision. Pour plus de s\u00e9curit\u00e9, nous avons \u00e9galement<br \/>\nsoumettez chaque lot \u00e0 SC Labs pour v\u00e9rifier que nos produits sont 100 % exempts de solvants, de pesticides et d&rsquo;autres impuret\u00e9s.<\/div>\n<div class=\"src__Box-sc-1sbtrzs-0 deCLYH\">\n<h3>Les cartouches Alpine sont-elles bonnes?<\/h3>\n<p>Revue de la cartouche Alpine Vapor : Excellente saveur et tr\u00e8s forte en force. Ce chariot pr\u00e9-rempli contient certaines des huiles de CO2 les plus savoureuses lorsqu&rsquo;elles sont vapot\u00e9es. \u2026 La vapeur alpine peut avoir de belles cartouches pr\u00e9remplies, mais cela s&rsquo;arr\u00eate l\u00e0 pour les \u00e9loges. Les performances de vapotage ne sont pas aussi agr\u00e9ables que je le pensais avec un si beau design ext\u00e9rieur.<\/p>\n<h3>Les cartouches Alpine sont-elles s\u00fbres ?<\/h3>\n<p>La mission d&rsquo;Alpine Vape est de produire les produits \u00e0 base de cannabis les plus purs, les plus s\u00fbrs et les plus discrets du march\u00e9. \u2026 Pour plus de s\u00e9curit\u00e9, nous soumettons \u00e9galement chaque lot \u00e0 SC Labs pour v\u00e9rifier que nos produits sont 100 % exempts de solvants, pesticides et autres impuret\u00e9s.<\/p>\n<h3>Les vapes alpines sont-elles l\u00e9gitimes?<\/h3>\n<p>oui, ils sont tr\u00e8s tr\u00e8s s\u00fbrs, purs et 100% l\u00e9gitimes et fortement recommand\u00e9s.<\/p>\n<h3>Saveurs alpines<\/h3>\n<p>Tangie | super brume argent\u00e9e | r\u00eave bleu | Jack Herer | GG#4 | SGC | OG Kush | Grand-p\u00e8re violet | Aurores bor\u00e9ales | Vrai OG | Skywalker<\/p>\n<h3>O\u00f9 puis-je acheter des chariots l\u00e9gitimes?<\/h3>\n<p>Vous pouvez obtenir les meilleurs chariots authentiques de dispensaires en ligne l\u00e9gitimes comme les magasins de vapotage l\u00e9gaux aux meilleurs prix et les chariots seront livr\u00e9s directement \u00e0 votre porte pour plus de s\u00e9curit\u00e9.<\/p>\n<\/div>\n","protected":false},"excerpt":{"rendered":"<p>Stylo jetable Alpine Vape<br \/>\nSATIVA<\/p>\n<p>AMPLIFIER<\/p>\n<p>Une souche est connue pour son effet classique, parfait pour quiconque l&rsquo;utilise<\/p>\n<p>Les saveurs comprennent :<\/p>\n<p>Tangie, super silver haze, blue dream, jack herer<\/p>\n<p>HYBRIDE<\/p>\n<p>D\u00c9VELOPPER<\/p>\n<p>Complexe et polyvalent. Obtenez les avantages des deux mondes avec cette vari\u00e9t\u00e9 m\u00e9lang\u00e9e.<\/p>\n<p>Les saveurs incluent;<\/p>\n<p>GG#4, CGC, OG Kush<\/p>\n<p>INDICA<\/p>\n<p>CR\u00c9ER<\/p>\n<p>Apaisant et th\u00e9rapeutique. Passez du jour \u00e0 la nuit et ressentez une relaxation profonde.<\/p>\n<p>Les saveurs incluent;<\/p>\n<p>Grand-p\u00e8re violet, Aurores bor\u00e9ales, True OG, Skywalker<\/p>\n","protected":false},"featured_media":199,"comment_status":"open","ping_status":"closed","template":"","meta":{"_monsterinsights_skip_tracking":false,"_monsterinsights_sitenote_active":false,"_monsterinsights_sitenote_note":"","_monsterinsights_sitenote_category":0},"product_brand":[],"product_cat":[16],"product_tag":[5988,5997,5924,6006,6008,6007,5944,5987,1481,5971,6002,5453,5454,5455,5972,5409,5926,5414,5929,5413,5475,5978,5959,5943,5945,5406,5430,5949,5991,5457,5486,6009,5487,5412,5434,5432,5928,5999,5983,6014,5491,5492,6010,5985,5474,5964,6001,6003,5992,5481,5489,6012,6013,5416,5955,5946,5462,5438,5948,5437,5485,5444,5445,5443,5957,5930,5460,6011,5440,5933,5932,5937,5934,5935,5938,5940,5936,5490,5939,6015,5442,5941,5965,5990,5927,5494,5461,6017,5970,5484,5974,6016,5496,5996,5441,5942,5472,6005,5479,5994,5446,5451,5960,5961,6000,5459,5962,5966,5967,5968,5465,5969,5998,5401,5402,5925,5403,5404,5478,5439,5407,5931,5488,5480,5408,5470,5995,5477,6004,5993,5495],"class_list":{"0":"post-198","1":"product","2":"type-product","3":"status-publish","4":"has-post-thumbnail","6":"product_cat-acheter-alpine-vapor-chariot","7":"product_tag-a-quoi-ressemble-un-stylo-vape-alpin","8":"product_tag-accessoires-de-stylo-vape-alpin","9":"product_tag-aces-vs-stylo-vape-alpin","10":"product_tag-acheter-alpine-vape-en-ligne","11":"product_tag-acheter-des-chariots-vape-en-ligne","12":"product_tag-acheter-un-stylo-jetable","13":"product_tag-aide-de-la-cartouche-de-vape-alpine","14":"product_tag-allumer-le-stylo-vape-alpin","15":"product_tag-alpine-vape-orange-julius","16":"product_tag-ananas-vape-alpin-express","17":"product_tag-batterie-courte-de-stylo-vape-alpin","18":"product_tag-batterie-de-stylo-vape-alpin","19":"product_tag-batterie-de-stylo-vape-alpin-ne-fonctionne-pas","20":"product_tag-batterie-de-stylo-vape-alpin-rechargeable","21":"product_tag-batterie-de-tuyau-vape-alpin","22":"product_tag-batterie-vape-alpine","23":"product_tag-batterie-vape-alpine-amazon","24":"product_tag-batterie-vape-alpine-au-canada","25":"product_tag-batterie-vape-alpine-comment-savoir-si-elle-est-allumee","26":"product_tag-batterie-vape-alpine-en-boite","27":"product_tag-boutique-de-vape-alpine","28":"product_tag-boutique-de-vape-alpine-sur-la-route-de-parker","29":"product_tag-cartouche-de-stylo-vape-alpin","30":"product_tag-cartouche-de-vape-alpine","31":"product_tag-cartouche-de-vape-alpine-jake-herer","32":"product_tag-cartouche-vape-alpine-510","33":"product_tag-cartouches-de-vape-alpine","34":"product_tag-cartouches-de-vape-alpines","35":"product_tag-cbd-de-vape-alpine","36":"product_tag-chargement-du-stylo-vape-alpin","37":"product_tag-charger-la-batterie-vape-alpine","38":"product_tag-charger-la-batterie-vape-alpine-w-frapper-la-lumiere","39":"product_tag-charger-le-stylo-vape-alpin","40":"product_tag-chargeur-de-batterie-vape-alpine","41":"product_tag-chargeur-de-vape-alpine","42":"product_tag-chariots-de-vape-alpine","43":"product_tag-clignotement-de-la-batterie-vape-alpine","44":"product_tag-clignotement-du-stylo-vape-alpin","45":"product_tag-combien-coute-le-stylo-vape-alpin","46":"product_tag-commander-alpine-vape-en-ligne","47":"product_tag-comment-charger-la-batterie-vape-alpine","48":"product_tag-comment-charger-le-stylo-vape-alpin","49":"product_tag-comment-pour-fumer-correctement-un-stylo-vape-alpin","50":"product_tag-comment-utiliser-un-stylo-vape-alpin","51":"product_tag-configuration-de-vape-alpine","52":"product_tag-creme-glacee-a-la-lavande-pour-stylo-vape-alpin","53":"product_tag-critiques-de-stylo-vape-alpin","54":"product_tag-critiques-de-vape-alpine","55":"product_tag-dab-de-vape-alpine","56":"product_tag-depannage-de-vape-alpine","57":"product_tag-directions-stylo-vape-alpin","58":"product_tag-dispensaire-de-marijuana-pres-de-chez-moi","59":"product_tag-dispensaire-en-ligne","60":"product_tag-duree-de-vie-de-la-batterie-vape-alpine","61":"product_tag-examen-de-lhuile-de-vape-alpine","62":"product_tag-examen-de-la-cartouche-de-vape-alpine","63":"product_tag-examen-du-stylo-vape-alpin","64":"product_tag-festivals-de-vape-alpine","65":"product_tag-filetage-de-cartouche-de-vape-alpine","66":"product_tag-flacon-compte-gouttes-de-vape-alpine","67":"product_tag-huile-de-vape-alpine-cbd","68":"product_tag-huile-de-vape-alpine-dispensable","69":"product_tag-huile-de-vape-alpine-dispensable-en-ligne","70":"product_tag-huile-de-vape-alpine-sortant-de-lembout-buccal","71":"product_tag-instructions-de-batterie-de-stylo-vape-alpin","72":"product_tag-instructions-de-la-batterie-vape-alpine","73":"product_tag-instructions-du-stylo-vape-alpin","74":"product_tag-instructions-utiliser-un-stylo-vape-alpin","75":"product_tag-kit-de-vape-alpine","76":"product_tag-la-batterie-de-vape-alpine-est-courte","77":"product_tag-la-batterie-de-vape-alpine-ne-charge-pas","78":"product_tag-la-batterie-de-vape-alpine-sallume","79":"product_tag-la-taille-de-la-batterie-de-vape-alpine","80":"product_tag-la-temperature-de-la-batterie-de-vape-alpine","81":"product_tag-la-tension-de-la-batterie-de-vape-alpine","82":"product_tag-le-clignotement-de-la-vape-alpine-10-fois","83":"product_tag-le-depannage-de-la-batterie-de-vape-alpine","84":"product_tag-les-cartouches-vape-alpines-fonctionnent-elles-avec-la-batterie-brassknuckles","85":"product_tag-les-meilleures-saveurs-de-vape-alpine","86":"product_tag-livraison-de-mauvaises-herbes","87":"product_tag-logo-de-vape-alpine","88":"product_tag-lumiere-bleue-clignotante-de-la-vape-alpine","89":"product_tag-manuel-du-stylo-vape-alpin","90":"product_tag-marche-boursier-de-la-cartouche-de-vape-alpine-montre","91":"product_tag-meilleure-temperature-de-la-batterie-vape-alpine","92":"product_tag-mes-deux-cartouches-de-vape-alpin-contiennent-le-meme-liquide-de-puissance","93":"product_tag-nicotine-du-stylo-vape-alpin","94":"product_tag-ou-acheter-un-stylo-vape-alpin-90504","95":"product_tag-pesticides-vape-alpins","96":"product_tag-pouvez-vous-apporter-des-stylos-vape-alpins-dans-un-avion","97":"product_tag-produits-chimiques-de-vape-alpins-utilises","98":"product_tag-quelle-est-la-tension-de-la-batterie-du-stylo-vape-alpin","99":"product_tag-quelle-est-la-tension-du-chargeur-de-batterie-du-stylo-vape-alpin","100":"product_tag-recharges-dhuile-de-vape-alpine","101":"product_tag-resine-vivante-de-vape-alpine","102":"product_tag-reve-bleu-de-la-vape-alpine","103":"product_tag-revue-de-vape-alpine","104":"product_tag-site-web-alpin-vape","105":"product_tag-souches-de-vape-alpine","106":"product_tag-stylo-jetable-alpine-vape","107":"product_tag-stylo-jetable-dhuile-de-vape-alpine","108":"product_tag-stylo-vape-alpin","109":"product_tag-stylo-vape-alpin-bouche","110":"product_tag-stylo-vape-alpin-colorado","111":"product_tag-stylo-vape-alpin-h-ybrid","112":"product_tag-stylo-vape-alpin-indica","113":"product_tag-stylo-vape-alpin-messieurs","114":"product_tag-stylo-vape-alpin-ne-fonctionne-pas","115":"product_tag-stylo-vape-alpin-nyc","116":"product_tag-stylo-vape-alpin-pasadena","117":"product_tag-stylo-vape-alpin-trois-clignotements","118":"product_tag-stylos-vape-alpins","119":"product_tag-tension-de-la-batterie-du-stylo-vape-alpin","120":"product_tag-vape-alpine","121":"product_tag-vape-alpine-recharge","122":"product_tag-vape-alpine-1-gramme","123":"product_tag-vape-alpine-1g","124":"product_tag-vape-alpine-1gr","125":"product_tag-vape-alpine-a-cesse-de-frapper","126":"product_tag-vape-alpine-comment-recharger","127":"product_tag-vape-alpine-et-tension-de-la-cartouche","128":"product_tag-vape-alpine-la-lumiere-de-la-batterie-ne-fonctionne-pas","129":"product_tag-vape-alpine-la-moins-chere","130":"product_tag-vape-alpine-le-mec","131":"product_tag-vape-alpine-mauvaise","132":"product_tag-vape-alpine-popping","133":"product_tag-vape-alpine-stylos-a-huile","134":"product_tag-vape-alpine-sud-pasadena-ca","135":"product_tag-vape-alpine-temperature-variable","136":"product_tag-vape-dank-alpine","137":"product_tag-weedmaps-hollywood-vape-alpine","139":"first","140":"instock","141":"shipping-taxable","142":"purchasable","143":"product-type-simple"},"yoast_head":"<!-- This site is optimized with the Yoast SEO plugin v27.3 - https:\/\/yoast.com\/product\/yoast-seo-wordpress\/ -->\n<title>Chariots alpins Dubble Bubble - 510 Premium Carts - batterie vape alpine<\/title>\n<meta name=\"description\" content=\"La mission d&#039;Alpine Carts Dubble Bubble est de produire les produits de cannabis les plus purs, les plus s\u00fbrs et les plus discrets du march\u00e9. Nous associons une technologie de distillation de pointe\" \/>\n<meta name=\"robots\" content=\"index, follow, max-snippet:-1, max-image-preview:large, max-video-preview:-1\" \/>\n<link rel=\"canonical\" href=\"https:\/\/510premiumcarts.com\/index.php\/product\/chariots-alpins-dubble-bubble\/\" \/>\n<meta property=\"og:locale\" content=\"fr_FR\" \/>\n<meta property=\"og:type\" content=\"article\" \/>\n<meta property=\"og:title\" content=\"Chariots alpins Dubble Bubble - 510 Premium Carts - batterie vape alpine\" \/>\n<meta property=\"og:description\" content=\"La mission d&#039;Alpine Carts Dubble Bubble est de produire les produits de cannabis les plus purs, les plus s\u00fbrs et les plus discrets du march\u00e9. Nous associons une technologie de distillation de pointe\" \/>\n<meta property=\"og:url\" content=\"https:\/\/510premiumcarts.com\/index.php\/product\/chariots-alpins-dubble-bubble\/\" \/>\n<meta property=\"og:site_name\" content=\"510 Premium Carts\" \/>\n<meta property=\"article:modified_time\" content=\"2023-03-11T14:43:15+00:00\" \/>\n<meta property=\"og:image\" content=\"http:\/\/510premiumcarts.com\/wp-content\/uploads\/2021\/10\/dubble-bubble.jpg\" \/>\n\t<meta property=\"og:image:width\" content=\"576\" \/>\n\t<meta property=\"og:image:height\" content=\"576\" \/>\n\t<meta property=\"og:image:type\" content=\"image\/jpeg\" \/>\n<meta name=\"twitter:card\" content=\"summary_large_image\" \/>\n<meta name=\"twitter:label1\" content=\"Dur\u00e9e de lecture estim\u00e9e\" \/>\n\t<meta name=\"twitter:data1\" content=\"2 minutes\" \/>\n<script type=\"application\/ld+json\" class=\"yoast-schema-graph\">{\"@context\":\"https:\\\/\\\/schema.org\",\"@graph\":[{\"@type\":\"WebPage\",\"@id\":\"https:\\\/\\\/510premiumcarts.com\\\/index.php\\\/product\\\/chariots-alpins-dubble-bubble\\\/\",\"url\":\"https:\\\/\\\/510premiumcarts.com\\\/index.php\\\/product\\\/chariots-alpins-dubble-bubble\\\/\",\"name\":\"Chariots alpins Dubble Bubble - 510 Premium Carts - batterie vape alpine\",\"isPartOf\":{\"@id\":\"https:\\\/\\\/510premiumcarts.com\\\/#website\"},\"primaryImageOfPage\":{\"@id\":\"https:\\\/\\\/510premiumcarts.com\\\/index.php\\\/product\\\/chariots-alpins-dubble-bubble\\\/#primaryimage\"},\"image\":{\"@id\":\"https:\\\/\\\/510premiumcarts.com\\\/index.php\\\/product\\\/chariots-alpins-dubble-bubble\\\/#primaryimage\"},\"thumbnailUrl\":\"https:\\\/\\\/510premiumcarts.com\\\/wp-content\\\/uploads\\\/2021\\\/10\\\/dubble-bubble.jpg\",\"datePublished\":\"2021-10-18T11:20:29+00:00\",\"dateModified\":\"2023-03-11T14:43:15+00:00\",\"description\":\"La mission d'Alpine Carts Dubble Bubble est de produire les produits de cannabis les plus purs, les plus s\u00fbrs et les plus discrets du march\u00e9. Nous associons une technologie de distillation de pointe\",\"breadcrumb\":{\"@id\":\"https:\\\/\\\/510premiumcarts.com\\\/index.php\\\/product\\\/chariots-alpins-dubble-bubble\\\/#breadcrumb\"},\"inLanguage\":\"fr-FR\",\"potentialAction\":[{\"@type\":\"ReadAction\",\"target\":[\"https:\\\/\\\/510premiumcarts.com\\\/index.php\\\/product\\\/chariots-alpins-dubble-bubble\\\/\"]}]},{\"@type\":\"ImageObject\",\"inLanguage\":\"fr-FR\",\"@id\":\"https:\\\/\\\/510premiumcarts.com\\\/index.php\\\/product\\\/chariots-alpins-dubble-bubble\\\/#primaryimage\",\"url\":\"https:\\\/\\\/510premiumcarts.com\\\/wp-content\\\/uploads\\\/2021\\\/10\\\/dubble-bubble.jpg\",\"contentUrl\":\"https:\\\/\\\/510premiumcarts.com\\\/wp-content\\\/uploads\\\/2021\\\/10\\\/dubble-bubble.jpg\",\"width\":576,\"height\":576},{\"@type\":\"BreadcrumbList\",\"@id\":\"https:\\\/\\\/510premiumcarts.com\\\/index.php\\\/product\\\/chariots-alpins-dubble-bubble\\\/#breadcrumb\",\"itemListElement\":[{\"@type\":\"ListItem\",\"position\":1,\"name\":\"Home\",\"item\":\"https:\\\/\\\/510premiumcarts.com\\\/\"},{\"@type\":\"ListItem\",\"position\":2,\"name\":\"Marques de vapotage\",\"item\":\"https:\\\/\\\/510premiumcarts.com\\\/index.php\\\/acheter-du-cannabis\\\/\"},{\"@type\":\"ListItem\",\"position\":3,\"name\":\"Chariots alpins Dubble Bubble\"}]},{\"@type\":\"WebSite\",\"@id\":\"https:\\\/\\\/510premiumcarts.com\\\/#website\",\"url\":\"https:\\\/\\\/510premiumcarts.com\\\/\",\"name\":\"510 Premium Carts\",\"description\":\"Just another WordPress site\",\"potentialAction\":[{\"@type\":\"SearchAction\",\"target\":{\"@type\":\"EntryPoint\",\"urlTemplate\":\"https:\\\/\\\/510premiumcarts.com\\\/?s={search_term_string}\"},\"query-input\":{\"@type\":\"PropertyValueSpecification\",\"valueRequired\":true,\"valueName\":\"search_term_string\"}}],\"inLanguage\":\"fr-FR\"}]}<\/script>\n<!-- \/ Yoast SEO plugin. -->","yoast_head_json":{"title":"Chariots alpins Dubble Bubble - 510 Premium Carts - batterie vape alpine","description":"La mission d'Alpine Carts Dubble Bubble est de produire les produits de cannabis les plus purs, les plus s\u00fbrs et les plus discrets du march\u00e9. Nous associons une technologie de distillation de pointe","robots":{"index":"index","follow":"follow","max-snippet":"max-snippet:-1","max-image-preview":"max-image-preview:large","max-video-preview":"max-video-preview:-1"},"canonical":"https:\/\/510premiumcarts.com\/index.php\/product\/chariots-alpins-dubble-bubble\/","og_locale":"fr_FR","og_type":"article","og_title":"Chariots alpins Dubble Bubble - 510 Premium Carts - batterie vape alpine","og_description":"La mission d'Alpine Carts Dubble Bubble est de produire les produits de cannabis les plus purs, les plus s\u00fbrs et les plus discrets du march\u00e9. Nous associons une technologie de distillation de pointe","og_url":"https:\/\/510premiumcarts.com\/index.php\/product\/chariots-alpins-dubble-bubble\/","og_site_name":"510 Premium Carts","article_modified_time":"2023-03-11T14:43:15+00:00","og_image":[{"width":576,"height":576,"url":"http:\/\/510premiumcarts.com\/wp-content\/uploads\/2021\/10\/dubble-bubble.jpg","type":"image\/jpeg"}],"twitter_card":"summary_large_image","twitter_misc":{"Dur\u00e9e de lecture estim\u00e9e":"2 minutes"},"schema":{"@context":"https:\/\/schema.org","@graph":[{"@type":"WebPage","@id":"https:\/\/510premiumcarts.com\/index.php\/product\/chariots-alpins-dubble-bubble\/","url":"https:\/\/510premiumcarts.com\/index.php\/product\/chariots-alpins-dubble-bubble\/","name":"Chariots alpins Dubble Bubble - 510 Premium Carts - batterie vape alpine","isPartOf":{"@id":"https:\/\/510premiumcarts.com\/#website"},"primaryImageOfPage":{"@id":"https:\/\/510premiumcarts.com\/index.php\/product\/chariots-alpins-dubble-bubble\/#primaryimage"},"image":{"@id":"https:\/\/510premiumcarts.com\/index.php\/product\/chariots-alpins-dubble-bubble\/#primaryimage"},"thumbnailUrl":"https:\/\/510premiumcarts.com\/wp-content\/uploads\/2021\/10\/dubble-bubble.jpg","datePublished":"2021-10-18T11:20:29+00:00","dateModified":"2023-03-11T14:43:15+00:00","description":"La mission d'Alpine Carts Dubble Bubble est de produire les produits de cannabis les plus purs, les plus s\u00fbrs et les plus discrets du march\u00e9. Nous associons une technologie de distillation de pointe","breadcrumb":{"@id":"https:\/\/510premiumcarts.com\/index.php\/product\/chariots-alpins-dubble-bubble\/#breadcrumb"},"inLanguage":"fr-FR","potentialAction":[{"@type":"ReadAction","target":["https:\/\/510premiumcarts.com\/index.php\/product\/chariots-alpins-dubble-bubble\/"]}]},{"@type":"ImageObject","inLanguage":"fr-FR","@id":"https:\/\/510premiumcarts.com\/index.php\/product\/chariots-alpins-dubble-bubble\/#primaryimage","url":"https:\/\/510premiumcarts.com\/wp-content\/uploads\/2021\/10\/dubble-bubble.jpg","contentUrl":"https:\/\/510premiumcarts.com\/wp-content\/uploads\/2021\/10\/dubble-bubble.jpg","width":576,"height":576},{"@type":"BreadcrumbList","@id":"https:\/\/510premiumcarts.com\/index.php\/product\/chariots-alpins-dubble-bubble\/#breadcrumb","itemListElement":[{"@type":"ListItem","position":1,"name":"Home","item":"https:\/\/510premiumcarts.com\/"},{"@type":"ListItem","position":2,"name":"Marques de vapotage","item":"https:\/\/510premiumcarts.com\/index.php\/acheter-du-cannabis\/"},{"@type":"ListItem","position":3,"name":"Chariots alpins Dubble Bubble"}]},{"@type":"WebSite","@id":"https:\/\/510premiumcarts.com\/#website","url":"https:\/\/510premiumcarts.com\/","name":"510 Premium Carts","description":"Just another WordPress site","potentialAction":[{"@type":"SearchAction","target":{"@type":"EntryPoint","urlTemplate":"https:\/\/510premiumcarts.com\/?s={search_term_string}"},"query-input":{"@type":"PropertyValueSpecification","valueRequired":true,"valueName":"search_term_string"}}],"inLanguage":"fr-FR"}]}},"jetpack_sharing_enabled":true,"_links":{"self":[{"href":"https:\/\/510premiumcarts.com\/index.php\/wp-json\/wp\/v2\/product\/198","targetHints":{"allow":["GET"]}}],"collection":[{"href":"https:\/\/510premiumcarts.com\/index.php\/wp-json\/wp\/v2\/product"}],"about":[{"href":"https:\/\/510premiumcarts.com\/index.php\/wp-json\/wp\/v2\/types\/product"}],"replies":[{"embeddable":true,"href":"https:\/\/510premiumcarts.com\/index.php\/wp-json\/wp\/v2\/comments?post=198"}],"wp:featuredmedia":[{"embeddable":true,"href":"https:\/\/510premiumcarts.com\/index.php\/wp-json\/wp\/v2\/media\/199"}],"wp:attachment":[{"href":"https:\/\/510premiumcarts.com\/index.php\/wp-json\/wp\/v2\/media?parent=198"}],"wp:term":[{"taxonomy":"product_brand","embeddable":true,"href":"https:\/\/510premiumcarts.com\/index.php\/wp-json\/wp\/v2\/product_brand?post=198"},{"taxonomy":"product_cat","embeddable":true,"href":"https:\/\/510premiumcarts.com\/index.php\/wp-json\/wp\/v2\/product_cat?post=198"},{"taxonomy":"product_tag","embeddable":true,"href":"https:\/\/510premiumcarts.com\/index.php\/wp-json\/wp\/v2\/product_tag?post=198"}],"curies":[{"name":"wp","href":"https:\/\/api.w.org\/{rel}","templated":true}]}}