{"id":202,"date":"2021-10-18T11:33:57","date_gmt":"2021-10-18T11:33:57","guid":{"rendered":"https:\/\/510premiumcarts.com\/?post_type=product&#038;p=202"},"modified":"2023-03-11T15:01:13","modified_gmt":"2023-03-11T15:01:13","slug":"chariots-alpins-girl-scout-cookies","status":"publish","type":"product","link":"https:\/\/510premiumcarts.com\/index.php\/product\/chariots-alpins-girl-scout-cookies\/","title":{"rendered":"Chariots alpins Girl Scout Cookies"},"content":{"rendered":"<h1 class=\"h1\"><\/h1>\n<h1 class=\"h1\"><a href=\"https:\/\/510premiumcarts.com\/index.php\/product-category\/alpine-vape\/\"><span style=\"color: #ffcc00;\">ALPINE GIRL SCOUT COOKIES PREMIUM CANNABIS OIL CARTRIDGE<\/span><\/a><\/h1>\n<p>Les filles devant le supermarch\u00e9 peuvent \u00eatre <a href=\"https:\/\/420delivery.online\/product\/buy-jungle-boys-white-wookies-online\/\">adorables<\/a> et tout, mais si vous voulez intensifier votre jeu et plonger dans une exp\u00e9rience euphorique savoureuse, ce sont les cookies Girl Scout que vous voulez vraiment. GSC (anciennement connue sous le nom de Girl Scout Cookies) est une vari\u00e9t\u00e9 prim\u00e9e \u00e0 la Cannabis Cup et est parfaite pour une g\u00e2terie apr\u00e8s le d\u00eener ou un dernier verre. <span style=\"color: #ffffff;\">Girl Scout Cookies alpine carts<\/span><\/p>\n<p>Si cela ne suffisait pas \u00e0 vous s\u00e9duire, alors la saveur et l&rsquo;ar\u00f4me vous attireront certainement.<\/p>\n<p>Le high GSC vous catapulte dans une vague d&rsquo;euphorie et de picotements qui enveloppent votre corps avec tr\u00e8s peu d&rsquo;effort. Ces bourgeons ultra-puissants vous feront questionner l&rsquo;espace et le temps, tout en vous collant compl\u00e8tement \u00e0 votre si\u00e8ge. Le verrouillage du canap\u00e9 est r\u00e9el, tout comme les fringales, alors assurez-vous d&rsquo;avoir une bo\u00eete de vrais biscuits Girl Scout \u00e0 port\u00e9e de main pour faire bonne mesure. Tout au long de ces heures de high, vous ressentirez des vagues de vertiges qui pourraient vous causer des crises de rire mineures, bien que cela se transforme en introspection de temps en temps. C&rsquo;est un high engageant qui vous fera certainement sentir cr\u00e9atif, mais essayez comme vous le feriez, vous n&rsquo;aurez probablement aucune motivation pour faire quoi que ce soit. <span style=\"color: #ffffff;\">Girl Scout Cookies alpine carts<\/span><\/p>\n<p>GSC a des effets incroyablement puissants qui sont b\u00e9n\u00e9fiques pour la communaut\u00e9 m\u00e9dicale \u00e0 bien des \u00e9gards. C&rsquo;est avant tout une excellente vari\u00e9t\u00e9 pour traiter la douleur chronique, l&rsquo;inflammation, la tension musculaire et les crampes. Ses propri\u00e9t\u00e9s hautement s\u00e9datives vous procureront un soulagement en un rien de temps. De plus, beaucoup utilisent cette vari\u00e9t\u00e9 comme anti-stress. La sensation de tranquillisant de ce bourgeon vous place dans un lieu de relaxation compl\u00e8te, \u00e9limine le stress et vous pr\u00e9pare m\u00eame pour une bonne nuit de sommeil.<\/p>\n<p>550mg<\/p>\n","protected":false},"excerpt":{"rendered":"<p>Girls out front of the supermarket might be adorable and everything, but if you want to step up your game and dive into a flavorful euphoric experience than these are the Girl Scout cookies you really want. GSC (formerly known as Girl Scout Cookies) is a Cannabis Cup award-winning strain and is perfect for an after-dinner treat or a nightcap.<\/p>\n<div>\n<p>If that wasn\u2019t enough to entice you, then the flavor and aroma will definitely draw you in.<\/p>\n<\/div>\n","protected":false},"featured_media":204,"comment_status":"open","ping_status":"closed","template":"","meta":{"_monsterinsights_skip_tracking":false,"_monsterinsights_sitenote_active":false,"_monsterinsights_sitenote_note":"","_monsterinsights_sitenote_category":0},"product_brand":[],"product_cat":[16],"product_tag":[5988,5452,5924,5944,5987,5977,5952,5971,5464,5453,5454,5455,5958,5972,5409,5926,5414,5929,5413,5475,5978,5959,5943,5945,5406,5430,5949,5457,5486,5981,5487,5412,5951,6051,5950,5928,5983,5491,5492,5984,6052,5985,5964,5976,5463,5481,5489,5416,5955,5946,5975,5462,5982,5438,5948,5437,5485,5444,5445,5443,5986,5957,5930,5460,5440,5933,5932,5937,5934,5935,5938,5940,5936,5431,5939,5442,5941,5965,5947,5927,6053,5461,5497,5970,5484,5974,6054,5496,5441,5942,5973,5479,5446,5451,5960,5456,5961,5458,5963,5962,5966,5967,5968,5465,5953,5969,5401,5402,5925,5403,5404,5478,5979,5433,5435,5436,5407,5931,5488,5480,5408,5956,5954,5980,5477,5495],"class_list":{"0":"post-202","1":"product","2":"type-product","3":"status-publish","4":"has-post-thumbnail","6":"product_cat-acheter-alpine-vapor-chariot","7":"product_tag-a-quoi-ressemble-un-stylo-vape-alpin","8":"product_tag-accessoires-pour-stylo-vape-alpin","9":"product_tag-aces-vs-stylo-vape-alpin","10":"product_tag-aide-de-la-cartouche-de-vape-alpine","11":"product_tag-allumer-le-stylo-vape-alpin","12":"product_tag-alpin-configuration-de-la-vape","13":"product_tag-alpin-vape-comment-recharger","14":"product_tag-ananas-vape-alpin-express","15":"product_tag-batterie-courte-du-stylo-vape-alpin","16":"product_tag-batterie-de-stylo-vape-alpin","17":"product_tag-batterie-de-stylo-vape-alpin-ne-fonctionne-pas","18":"product_tag-batterie-de-stylo-vape-alpin-rechargeable","19":"product_tag-batterie-de-stylo-vape-alpin-tension","20":"product_tag-batterie-de-tuyau-vape-alpin","21":"product_tag-batterie-vape-alpine","22":"product_tag-batterie-vape-alpine-amazon","23":"product_tag-batterie-vape-alpine-au-canada","24":"product_tag-batterie-vape-alpine-comment-savoir-si-elle-est-allumee","25":"product_tag-batterie-vape-alpine-en-boite","26":"product_tag-boutique-de-vape-alpine","27":"product_tag-boutique-de-vape-alpine-sur-la-route-de-parker","28":"product_tag-cartouche-de-stylo-vape-alpin","29":"product_tag-cartouche-de-vape-alpine","30":"product_tag-cartouche-de-vape-alpine-jake-herer","31":"product_tag-cartouche-vape-alpine-510","32":"product_tag-cartouches-de-vape-alpine","33":"product_tag-cartouches-de-vape-alpines","34":"product_tag-chargement-du-stylo-vape-alpin","35":"product_tag-charger-la-batterie-vape-alpine","36":"product_tag-charger-la-lumiere-blanche-de-la-batterie-vape-alpine","37":"product_tag-charger-le-stylo-vape-alpin","38":"product_tag-chargeur-de-batterie-vape-alpine","39":"product_tag-chargeur-de-vape-alpin","40":"product_tag-chariots-alpins-girl-scout-cookies","41":"product_tag-chariots-de-vape-alpins","42":"product_tag-clignotement-de-la-batterie-vape-alpine","43":"product_tag-combien-coute-le-stylo-vape-alpin","44":"product_tag-comment-charger-la-batterie-vape-alpine","45":"product_tag-comment-charger-le-stylo-vape-alpin","46":"product_tag-comment-fumer-correctement-un-stylo-vape-alpin","47":"product_tag-comment-utiliser-alpin-stylo-vape","48":"product_tag-comment-utiliser-un-stylo-vape-alpin","49":"product_tag-creme-glacee-a-la-lavande-pour-stylo-vape-alpin","50":"product_tag-critiques-de-la-vape-alpine","51":"product_tag-critiques-du-stylo-vape-alpin","52":"product_tag-depannage-de-vape-alpine","53":"product_tag-directions-stylo-vape-alpin","54":"product_tag-duree-de-vie-de-la-batterie-vape-alpine","55":"product_tag-examen-de-lhuile-de-vape-alpine","56":"product_tag-examen-de-la-cartouche-de-vape-alpine","57":"product_tag-examen-de-la-vape-alpine","58":"product_tag-examen-du-stylo-vape-alpin","59":"product_tag-faire-alpi-les-cartouches-ne-vape-fonctionnent-avec-la-batterie-brassknuckles","60":"product_tag-festivals-de-vape-alpine","61":"product_tag-filetage-de-cartouche-de-vape-alpine","62":"product_tag-flacon-compte-gouttes-de-vape-alpine","63":"product_tag-huile-de-vape-alpine-cbd","64":"product_tag-huile-de-vape-alpine-dispensable","65":"product_tag-huile-de-vape-alpine-dispensable-en-ligne","66":"product_tag-huile-de-vape-alpine-sortant-de-lembout-buccal","67":"product_tag-instructions-dutilisation-du-stylo-vape-alpin","68":"product_tag-instructions-de-batterie-de-stylo-vape-alpin","69":"product_tag-instructions-de-la-batterie-vape-alpine","70":"product_tag-instructions-du-stylo-vape-alpin","71":"product_tag-kit-de-vape-alpine","72":"product_tag-la-batterie-de-vape-alpine-est-courte","73":"product_tag-la-batterie-de-vape-alpine-ne-charge-pas","74":"product_tag-la-batterie-de-vape-alpine-sallume","75":"product_tag-la-taille-de-la-batterie-de-vape-alpine","76":"product_tag-la-temperature-de-la-batterie-de-vape-alpine","77":"product_tag-la-tension-de-la-batterie-de-vape-alpine","78":"product_tag-le-clignotement-de-la-vape-alpine-10-fois","79":"product_tag-le-depannage-de-la-batterie-de-vape-alpine","80":"product_tag-les-cartouches-de-vape-alpine-fonctionnent","81":"product_tag-les-meilleures-saveurs-de-vape-alpine","82":"product_tag-logo-de-vape-alpine","83":"product_tag-lumiere-bleue-clignotante-de-la-vape-alpine","84":"product_tag-manuel-du-stylo-vape-alpin","85":"product_tag-marche-boursier-de-la-cartouche-de-vape-alpine-regarder","86":"product_tag-meilleure-temperature-de-la-batterie-vape-alpine","87":"product_tag-mes-deux-cartouches-vape-alpines-contiennent-le-meme-liquide-de-puissance","88":"product_tag-nicotine-du-stylo-vape-alpin","89":"product_tag-ou-acheter-le-stylo-vape-alpin-90504","90":"product_tag-pesticides-vape-alpins","91":"product_tag-pouvez-vous-apporter-des-stylos-vape-alpins-dans-un-avion","92":"product_tag-produits-chimiques-de-vape-alpins-utilises","93":"product_tag-quest-ce-que-la-tension-de-la-batterie-du-stylo-vape-alpin","94":"product_tag-quelle-est-la-tension-du-chargeur-de-batterie-du-stylo-vape-alpin","95":"product_tag-resine-vivante-de-vape-alpine","96":"product_tag-reve-bleu-de-la-vape-alpine","97":"product_tag-saut-de-vape-alpin","98":"product_tag-souches-de-vape-alpine","99":"product_tag-stylo-jetable-dhuile-de-vape-alpine","100":"product_tag-stylo-vape-alpin","101":"product_tag-stylo-vape-alpin-bouche","102":"product_tag-stylo-vape-alpin-clignotant","103":"product_tag-stylo-vape-alpin-colorado","104":"product_tag-stylo-vape-alpin-hybride","105":"product_tag-stylo-vape-alpin-indic-a","106":"product_tag-stylo-vape-alpin-messieurs","107":"product_tag-stylo-vape-alpin-ne-fonctionne-pas","108":"product_tag-stylo-vape-alpin-nyc","109":"product_tag-stylo-vape-alpin-pasadena","110":"product_tag-stylo-vape-alpin-trois-clignotements","111":"product_tag-stylos-a-huile-de-vape-alpine","112":"product_tag-stylos-vape-alpins","113":"product_tag-vape-alpine","114":"product_tag-vape-alpine-recharge","115":"product_tag-vape-alpine-1-gramme","116":"product_tag-vape-alpine-1g","117":"product_tag-vape-alpine-1gr","118":"product_tag-vape-alpine-a-cesse-de-frapper","119":"product_tag-vape-alpine-a-temperature-variable","120":"product_tag-vape-alpine-cbd","121":"product_tag-vape-alpine-dab","122":"product_tag-vape-alpine-dank","123":"product_tag-vape-alpine-et-tension-de-la-cartouche","124":"product_tag-vape-alpine-la-lumiere-de-la-batterie-ne-fonctionne-pas","125":"product_tag-vape-alpine-la-moins-chere","126":"product_tag-vape-alpine-le-mec","127":"product_tag-vape-alpine-mauvaise","128":"product_tag-vape-alpine-orange-julius","129":"product_tag-vape-alpine-recharges-dhuile","130":"product_tag-vape-alpine-site-web","131":"product_tag-vape-alpine-sud-pasadena-ca","132":"product_tag-weedmaps-hollywood-vape-alpine","134":"first","135":"instock","136":"shipping-taxable","137":"purchasable","138":"product-type-simple"},"yoast_head":"<!-- This site is optimized with the Yoast SEO plugin v27.3 - https:\/\/yoast.com\/product\/yoast-seo-wordpress\/ -->\n<title>Girl Scout Cookies alpine carts - 510 Premium Carts vape alpine 1g<\/title>\n<meta name=\"description\" content=\"Chariots alpins Girl Scout Cookies Les filles devant le supermarch\u00e9 peuvent \u00eatre adorables et tout, mais si vous voulez intensifier votre jeu et plonger\" \/>\n<meta name=\"robots\" content=\"index, follow, max-snippet:-1, max-image-preview:large, max-video-preview:-1\" \/>\n<link rel=\"canonical\" href=\"https:\/\/510premiumcarts.com\/index.php\/product\/chariots-alpins-girl-scout-cookies\/\" \/>\n<meta property=\"og:locale\" content=\"fr_FR\" \/>\n<meta property=\"og:type\" content=\"article\" \/>\n<meta property=\"og:title\" content=\"Girl Scout Cookies alpine carts - 510 Premium Carts vape alpine 1g\" \/>\n<meta property=\"og:description\" content=\"Chariots alpins Girl Scout Cookies Les filles devant le supermarch\u00e9 peuvent \u00eatre adorables et tout, mais si vous voulez intensifier votre jeu et plonger\" \/>\n<meta property=\"og:url\" content=\"https:\/\/510premiumcarts.com\/index.php\/product\/chariots-alpins-girl-scout-cookies\/\" \/>\n<meta property=\"og:site_name\" content=\"510 Premium Carts\" \/>\n<meta property=\"article:modified_time\" content=\"2023-03-11T15:01:13+00:00\" \/>\n<meta property=\"og:image\" content=\"http:\/\/510premiumcarts.com\/wp-content\/uploads\/2021\/10\/Girl-Scout-Cookies-1.jpg\" \/>\n\t<meta property=\"og:image:width\" content=\"640\" \/>\n\t<meta property=\"og:image:height\" content=\"640\" \/>\n\t<meta property=\"og:image:type\" content=\"image\/jpeg\" \/>\n<meta name=\"twitter:card\" content=\"summary_large_image\" \/>\n<meta name=\"twitter:label1\" content=\"Dur\u00e9e de lecture estim\u00e9e\" \/>\n\t<meta name=\"twitter:data1\" content=\"2 minutes\" \/>\n<script type=\"application\/ld+json\" class=\"yoast-schema-graph\">{\"@context\":\"https:\\\/\\\/schema.org\",\"@graph\":[{\"@type\":\"WebPage\",\"@id\":\"https:\\\/\\\/510premiumcarts.com\\\/index.php\\\/product\\\/chariots-alpins-girl-scout-cookies\\\/\",\"url\":\"https:\\\/\\\/510premiumcarts.com\\\/index.php\\\/product\\\/chariots-alpins-girl-scout-cookies\\\/\",\"name\":\"Girl Scout Cookies alpine carts - 510 Premium Carts vape alpine 1g\",\"isPartOf\":{\"@id\":\"https:\\\/\\\/510premiumcarts.com\\\/#website\"},\"primaryImageOfPage\":{\"@id\":\"https:\\\/\\\/510premiumcarts.com\\\/index.php\\\/product\\\/chariots-alpins-girl-scout-cookies\\\/#primaryimage\"},\"image\":{\"@id\":\"https:\\\/\\\/510premiumcarts.com\\\/index.php\\\/product\\\/chariots-alpins-girl-scout-cookies\\\/#primaryimage\"},\"thumbnailUrl\":\"https:\\\/\\\/510premiumcarts.com\\\/wp-content\\\/uploads\\\/2021\\\/10\\\/Girl-Scout-Cookies-1.jpg\",\"datePublished\":\"2021-10-18T11:33:57+00:00\",\"dateModified\":\"2023-03-11T15:01:13+00:00\",\"description\":\"Chariots alpins Girl Scout Cookies Les filles devant le supermarch\u00e9 peuvent \u00eatre adorables et tout, mais si vous voulez intensifier votre jeu et plonger\",\"breadcrumb\":{\"@id\":\"https:\\\/\\\/510premiumcarts.com\\\/index.php\\\/product\\\/chariots-alpins-girl-scout-cookies\\\/#breadcrumb\"},\"inLanguage\":\"fr-FR\",\"potentialAction\":[{\"@type\":\"ReadAction\",\"target\":[\"https:\\\/\\\/510premiumcarts.com\\\/index.php\\\/product\\\/chariots-alpins-girl-scout-cookies\\\/\"]}]},{\"@type\":\"ImageObject\",\"inLanguage\":\"fr-FR\",\"@id\":\"https:\\\/\\\/510premiumcarts.com\\\/index.php\\\/product\\\/chariots-alpins-girl-scout-cookies\\\/#primaryimage\",\"url\":\"https:\\\/\\\/510premiumcarts.com\\\/wp-content\\\/uploads\\\/2021\\\/10\\\/Girl-Scout-Cookies-1.jpg\",\"contentUrl\":\"https:\\\/\\\/510premiumcarts.com\\\/wp-content\\\/uploads\\\/2021\\\/10\\\/Girl-Scout-Cookies-1.jpg\",\"width\":640,\"height\":640,\"caption\":\"Chariots alpins Girl Scout Cookies\"},{\"@type\":\"BreadcrumbList\",\"@id\":\"https:\\\/\\\/510premiumcarts.com\\\/index.php\\\/product\\\/chariots-alpins-girl-scout-cookies\\\/#breadcrumb\",\"itemListElement\":[{\"@type\":\"ListItem\",\"position\":1,\"name\":\"Home\",\"item\":\"https:\\\/\\\/510premiumcarts.com\\\/\"},{\"@type\":\"ListItem\",\"position\":2,\"name\":\"Marques de vapotage\",\"item\":\"https:\\\/\\\/510premiumcarts.com\\\/index.php\\\/acheter-du-cannabis\\\/\"},{\"@type\":\"ListItem\",\"position\":3,\"name\":\"Chariots alpins Girl Scout Cookies\"}]},{\"@type\":\"WebSite\",\"@id\":\"https:\\\/\\\/510premiumcarts.com\\\/#website\",\"url\":\"https:\\\/\\\/510premiumcarts.com\\\/\",\"name\":\"510 Premium Carts\",\"description\":\"Just another WordPress site\",\"potentialAction\":[{\"@type\":\"SearchAction\",\"target\":{\"@type\":\"EntryPoint\",\"urlTemplate\":\"https:\\\/\\\/510premiumcarts.com\\\/?s={search_term_string}\"},\"query-input\":{\"@type\":\"PropertyValueSpecification\",\"valueRequired\":true,\"valueName\":\"search_term_string\"}}],\"inLanguage\":\"fr-FR\"}]}<\/script>\n<!-- \/ Yoast SEO plugin. -->","yoast_head_json":{"title":"Girl Scout Cookies alpine carts - 510 Premium Carts vape alpine 1g","description":"Chariots alpins Girl Scout Cookies Les filles devant le supermarch\u00e9 peuvent \u00eatre adorables et tout, mais si vous voulez intensifier votre jeu et plonger","robots":{"index":"index","follow":"follow","max-snippet":"max-snippet:-1","max-image-preview":"max-image-preview:large","max-video-preview":"max-video-preview:-1"},"canonical":"https:\/\/510premiumcarts.com\/index.php\/product\/chariots-alpins-girl-scout-cookies\/","og_locale":"fr_FR","og_type":"article","og_title":"Girl Scout Cookies alpine carts - 510 Premium Carts vape alpine 1g","og_description":"Chariots alpins Girl Scout Cookies Les filles devant le supermarch\u00e9 peuvent \u00eatre adorables et tout, mais si vous voulez intensifier votre jeu et plonger","og_url":"https:\/\/510premiumcarts.com\/index.php\/product\/chariots-alpins-girl-scout-cookies\/","og_site_name":"510 Premium Carts","article_modified_time":"2023-03-11T15:01:13+00:00","og_image":[{"width":640,"height":640,"url":"http:\/\/510premiumcarts.com\/wp-content\/uploads\/2021\/10\/Girl-Scout-Cookies-1.jpg","type":"image\/jpeg"}],"twitter_card":"summary_large_image","twitter_misc":{"Dur\u00e9e de lecture estim\u00e9e":"2 minutes"},"schema":{"@context":"https:\/\/schema.org","@graph":[{"@type":"WebPage","@id":"https:\/\/510premiumcarts.com\/index.php\/product\/chariots-alpins-girl-scout-cookies\/","url":"https:\/\/510premiumcarts.com\/index.php\/product\/chariots-alpins-girl-scout-cookies\/","name":"Girl Scout Cookies alpine carts - 510 Premium Carts vape alpine 1g","isPartOf":{"@id":"https:\/\/510premiumcarts.com\/#website"},"primaryImageOfPage":{"@id":"https:\/\/510premiumcarts.com\/index.php\/product\/chariots-alpins-girl-scout-cookies\/#primaryimage"},"image":{"@id":"https:\/\/510premiumcarts.com\/index.php\/product\/chariots-alpins-girl-scout-cookies\/#primaryimage"},"thumbnailUrl":"https:\/\/510premiumcarts.com\/wp-content\/uploads\/2021\/10\/Girl-Scout-Cookies-1.jpg","datePublished":"2021-10-18T11:33:57+00:00","dateModified":"2023-03-11T15:01:13+00:00","description":"Chariots alpins Girl Scout Cookies Les filles devant le supermarch\u00e9 peuvent \u00eatre adorables et tout, mais si vous voulez intensifier votre jeu et plonger","breadcrumb":{"@id":"https:\/\/510premiumcarts.com\/index.php\/product\/chariots-alpins-girl-scout-cookies\/#breadcrumb"},"inLanguage":"fr-FR","potentialAction":[{"@type":"ReadAction","target":["https:\/\/510premiumcarts.com\/index.php\/product\/chariots-alpins-girl-scout-cookies\/"]}]},{"@type":"ImageObject","inLanguage":"fr-FR","@id":"https:\/\/510premiumcarts.com\/index.php\/product\/chariots-alpins-girl-scout-cookies\/#primaryimage","url":"https:\/\/510premiumcarts.com\/wp-content\/uploads\/2021\/10\/Girl-Scout-Cookies-1.jpg","contentUrl":"https:\/\/510premiumcarts.com\/wp-content\/uploads\/2021\/10\/Girl-Scout-Cookies-1.jpg","width":640,"height":640,"caption":"Chariots alpins Girl Scout Cookies"},{"@type":"BreadcrumbList","@id":"https:\/\/510premiumcarts.com\/index.php\/product\/chariots-alpins-girl-scout-cookies\/#breadcrumb","itemListElement":[{"@type":"ListItem","position":1,"name":"Home","item":"https:\/\/510premiumcarts.com\/"},{"@type":"ListItem","position":2,"name":"Marques de vapotage","item":"https:\/\/510premiumcarts.com\/index.php\/acheter-du-cannabis\/"},{"@type":"ListItem","position":3,"name":"Chariots alpins Girl Scout Cookies"}]},{"@type":"WebSite","@id":"https:\/\/510premiumcarts.com\/#website","url":"https:\/\/510premiumcarts.com\/","name":"510 Premium Carts","description":"Just another WordPress site","potentialAction":[{"@type":"SearchAction","target":{"@type":"EntryPoint","urlTemplate":"https:\/\/510premiumcarts.com\/?s={search_term_string}"},"query-input":{"@type":"PropertyValueSpecification","valueRequired":true,"valueName":"search_term_string"}}],"inLanguage":"fr-FR"}]}},"jetpack_sharing_enabled":true,"_links":{"self":[{"href":"https:\/\/510premiumcarts.com\/index.php\/wp-json\/wp\/v2\/product\/202","targetHints":{"allow":["GET"]}}],"collection":[{"href":"https:\/\/510premiumcarts.com\/index.php\/wp-json\/wp\/v2\/product"}],"about":[{"href":"https:\/\/510premiumcarts.com\/index.php\/wp-json\/wp\/v2\/types\/product"}],"replies":[{"embeddable":true,"href":"https:\/\/510premiumcarts.com\/index.php\/wp-json\/wp\/v2\/comments?post=202"}],"wp:featuredmedia":[{"embeddable":true,"href":"https:\/\/510premiumcarts.com\/index.php\/wp-json\/wp\/v2\/media\/204"}],"wp:attachment":[{"href":"https:\/\/510premiumcarts.com\/index.php\/wp-json\/wp\/v2\/media?parent=202"}],"wp:term":[{"taxonomy":"product_brand","embeddable":true,"href":"https:\/\/510premiumcarts.com\/index.php\/wp-json\/wp\/v2\/product_brand?post=202"},{"taxonomy":"product_cat","embeddable":true,"href":"https:\/\/510premiumcarts.com\/index.php\/wp-json\/wp\/v2\/product_cat?post=202"},{"taxonomy":"product_tag","embeddable":true,"href":"https:\/\/510premiumcarts.com\/index.php\/wp-json\/wp\/v2\/product_tag?post=202"}],"curies":[{"name":"wp","href":"https:\/\/api.w.org\/{rel}","templated":true}]}}