{"id":205,"date":"2021-10-18T11:48:54","date_gmt":"2021-10-18T11:48:54","guid":{"rendered":"https:\/\/510premiumcarts.com\/?post_type=product&#038;p=205"},"modified":"2023-03-11T15:20:18","modified_gmt":"2023-03-11T15:20:18","slug":"acheter-honey-rose-vape-cartouche-en-ligne","status":"publish","type":"product","link":"https:\/\/510premiumcarts.com\/index.php\/product\/acheter-honey-rose-vape-cartouche-en-ligne\/","title":{"rendered":"Alpine Chariots Miel Rose"},"content":{"rendered":"<h1><a href=\"https:\/\/510premiumcarts.com\/index.php\/product-category\/alpine-vape\/\"><span style=\"color: #ffcc00;\">Acheter Honey Rose Vape Cartouche en ligne<\/span><\/a><\/h1>\n<p>Achetez Honey Rose Vape Cartridge en ligne-commandez des cartouches Vape en ligne. La cartouche Honey Rose Vape est assez exigeante<br \/>\net un concentr\u00e9 de cannabis tout aussi populaire disponible sur le march\u00e9. Il a \u00e9t\u00e9 essentiellement d\u00e9riv\u00e9 d&rsquo;une Indica de premier plan<br \/>\nlign\u00e9e. Il contient de l&rsquo;huile d&rsquo;atomiseur Honey Rose Clear qui est une Indica fleurie et qui est tr\u00e8s bonne pour votre sommeil et<br \/>\nrelaxation. Cette vari\u00e9t\u00e9 a un ar\u00f4me terreux et un d\u00e9licieux go\u00fbt floral.<\/p>\n<p>Chacun des packs de 300 mg de cette cartouche Honey Rose Vape contient plus de 38% de composition en THC. Il a \u00e9t\u00e9<br \/>\nfabriqu\u00e9 avec l&rsquo;extraction pure et sans solvant du cannabis et un ar\u00f4me botanique naturel. L&rsquo;huile d&rsquo;atomiseur claire utilise le plus<br \/>\ndu processus d&rsquo;extraction sophistiqu\u00e9 en plusieurs \u00e9tapes et a une longueur d&rsquo;avance sur l&rsquo;huile de hasch ordinaire disponible sur le march\u00e9. Clair<br \/>\nL&rsquo;huile d&rsquo;atomiseur utilise du CO2 et d&rsquo;autres fluorocarbures pour extraire le m\u00e9dicament. Acheter des cartouches vape Honey Rose en ligne-commander des cartouches vape en ligne<\/p>\n<p>Il a un peu de miel chaud et un ar\u00f4me parfum\u00e9 de rose. SFE (Supercritical Fluid Extraction) est une m\u00e9thode utilisant une haute pression pour forcer un solvant \u00e0 travers la mati\u00e8re v\u00e9g\u00e9tale. Dans notre cas, le solvant que nous utilisons est le dioxyde de carbone. Lorsque le solvant est pouss\u00e9 \u00e0 travers la mati\u00e8re v\u00e9g\u00e9tale \u00e0 une pression aussi \u00e9lev\u00e9e, il peut s\u00e9parer la mati\u00e8re avec pr\u00e9cision, ce qui nous permet d&rsquo;isoler l&rsquo;essence la plus pure et la plus fine de la souche.<\/p>\n<h3>AVANTAGES <a href=\"https:\/\/420delivery.online\/product\/buy-jungle-boys-white-wookies-online\/\">M\u00c9DICAUX<\/a> DE LA CARTOUCHE DE VAPE HONEY ROSE<\/h3>\n<p>Comme tout autre produit de marijuana hybride, la cartouche Honey Rose Vape peut \u00e9galement \u00eatre tr\u00e8s efficace pour gu\u00e9rir divers probl\u00e8mes m\u00e9dicaux. Comme il contient une composition tr\u00e8s puissante de THC, celui-ci est toujours une pr\u00e9f\u00e9rence prioritaire de tous les patients de marijuana m\u00e9dicale dans le monde.<br \/>\n\u2022 Si vous souffrez d&rsquo;arthrite, de douleurs chroniques, de d\u00e9pression, de fatigue et d&rsquo;autres probl\u00e8mes m\u00e9dicaux connexes, cette vari\u00e9t\u00e9 peut \u00eatre un bon rem\u00e8de naturel pour vous.<br \/>\n\u2022 Cette cartouche vape peut \u00e9galement \u00eatre tr\u00e8s efficace pour soigner les migraines, les naus\u00e9es, le SSPT et un cas de stress l\u00e9ger ou mod\u00e9r\u00e9.<br \/>\n\u2022 Les personnes souffrant d&rsquo;insomnie peuvent trouver un soulagement de qualit\u00e9 avec cette vari\u00e9t\u00e9.<br \/>\n\u2022 Il peut \u00e9galement stimuler votre app\u00e9tit.<br \/>\nEn outre, cette cartouche peut \u00e9galement \u00eatre utilis\u00e9e pour soigner tous ces probl\u00e8mes m\u00e9dicaux n\u00e9cessitant une forte teneur en THC.<\/p>\n","protected":false},"excerpt":{"rendered":"<p>Achetez Honey Rose Vape Cartridge en ligne-commandez des cartouches Vape en ligne. La cartouche Honey Rose Vape est assez exigeante<br \/>\net un concentr\u00e9 de cannabis tout aussi populaire disponible sur le march\u00e9. Il a \u00e9t\u00e9 essentiellement d\u00e9riv\u00e9 d&rsquo;une Indica de premier plan<br \/>\nlign\u00e9e. Il contient de l&rsquo;huile d&rsquo;atomiseur Honey Rose Clear qui est une Indica fleurie et qui est tr\u00e8s bonne pour votre sommeil et<br \/>\nrelaxation. Cette vari\u00e9t\u00e9 a un ar\u00f4me terreux et un d\u00e9licieux go\u00fbt floral.<\/p>\n","protected":false},"featured_media":206,"comment_status":"open","ping_status":"closed","template":"","meta":{"_monsterinsights_skip_tracking":false,"_monsterinsights_sitenote_active":false,"_monsterinsights_sitenote_note":"","_monsterinsights_sitenote_category":0},"product_brand":[],"product_cat":[16],"product_tag":[5924,6069,6068,6067,6066,5425,6059,6086,5926,5414,6058,5929,5413,6057,6084,6071,6077,6080,6078,6065,6079,6085,6087,6064,6073,5424,5406,5426,6090,231,5412,6072,6091,6076,5493,6074,6075,5427,1993,6081,6082,6070,6089,6083,5415,5460,5933,5932,5937,6060,5934,5935,5938,6061,5936,5422,6088,6063,6055,5423,2003,2004,2005,5966,2006,253,2007,2008,6062,5401,5402,5925,5403,5404,6056,5421,5407,5408,2009],"class_list":{"0":"post-205","1":"product","2":"type-product","3":"status-publish","4":"has-post-thumbnail","6":"product_cat-acheter-alpine-vapor-chariot","7":"product_tag-aces-vs-stylo-vape-alpin","8":"product_tag-acheter-de-lherbe-en-ligne","9":"product_tag-acheter-de-la-marijuana-en-ligne","10":"product_tag-acheter-du-cannabis-en-ligne","11":"product_tag-acheter-une-cartouche-de-co2-acdc-en-ligne","12":"product_tag-aide-cartouche-vape-alpine","13":"product_tag-alpin-duree-de-vie-de-la-batterie-de-vape","14":"product_tag-barre-de-chocolat-noir-kiva-blackberry","15":"product_tag-batterie-vape-alpine-amazon","16":"product_tag-batterie-vape-alpine-au-canada","17":"product_tag-batterie-vape-alpine-clignotante","18":"product_tag-batterie-vape-alpine-comment-savoir-si-elle-est-allumee","19":"product_tag-batterie-vape-alpine-en-boite","20":"product_tag-batterie-vape-alpine-meilleure-temperature","21":"product_tag-boites-de-comprimes-infuses-lapin-blanc-125-mg-de-thc-125-mg-de-cbd","22":"product_tag-cartouche-co2-cannatonic","23":"product_tag-cartouche-co2-girl-scout-cookie","24":"product_tag-cartouche-co2-harlequin","25":"product_tag-cartouche-dhuile-co2-grape-ape","26":"product_tag-cartouche-dhuile-de-co2-blueberry","27":"product_tag-cartouche-dhuile-green-crack","28":"product_tag-cartouche-dhuile-jack-herer","29":"product_tag-cartouche-de-vape-lemon-haze","30":"product_tag-cartouche-de-vapeur-alpine","31":"product_tag-cartouche-de-vapeur-dhuile-de-cannabis-au-fromage","32":"product_tag-cartouche-vape-alpine","33":"product_tag-cartouche-vape-alpine-510","34":"product_tag-cartouche-vape-alpine-jake-herer","35":"product_tag-cartouches-vape","36":"product_tag-cbd","37":"product_tag-chargeur-de-batterie-vape-alpine","38":"product_tag-cheeba-chews-deca-dose-175-milligrammes-de-thc","39":"product_tag-cire","40":"product_tag-comestibles","41":"product_tag-comment-utiliser-le-stylo-vape-alpin","42":"product_tag-concentres","43":"product_tag-dreamcatcher-360-chocolate-360-mg-de-thc","44":"product_tag-examen-de-la-cartouche-vape-alpine","45":"product_tag-hash","46":"product_tag-hashman-infused-sativa-dark-chocolate-200mg-de-thc","47":"product_tag-huile-co2-premium-a-haute-teneur-en-cbd","48":"product_tag-huile-de-cannabis","49":"product_tag-huile-de-cannabis-rick-simpson","50":"product_tag-incredible-mile-high-mint-300-mg","51":"product_tag-instructions-de-batterie-vape-alpine","52":"product_tag-instructions-du-stylo-vape-alpin","53":"product_tag-la-batterie-de-vape-alpine-est-courte","54":"product_tag-la-batterie-de-vape-alpine-ne-charge-pas","55":"product_tag-la-batterie-de-vape-alpine-sallume","56":"product_tag-la-lumiere-de-la-batterie-de-vape-alpine-ne-fonctionne-pas","57":"product_tag-la-taille-de-la-batterie-de-vape-alpine","58":"product_tag-la-temperature-de-la-batterie-de-vape-alpine","59":"product_tag-la-tension-de-la-batterie-de-vape-alpine","60":"product_tag-la-vape-alpine-meilleures-saveurs","61":"product_tag-le-depannage-de-la-batterie-de-vape-alpine","62":"product_tag-lumiere-bleue-clignotante-vape-alpine","63":"product_tag-marijuana-medicale","64":"product_tag-prix-du-stylo-vape-alpin","65":"product_tag-prix-du-stylo-vape-jetable-alpin","66":"product_tag-reve-bleu-vape-alpin","67":"product_tag-ringos-gift-co2-cartridge","68":"product_tag-shatter","69":"product_tag-skywalker-og-710-king-en-vape-cartridge","70":"product_tag-stylo-vape-alpin-ne-fonctionne-pas","71":"product_tag-tetra-labs-puregold-cart","72":"product_tag-thc","73":"product_tag-the-highlighter-vape-kit","74":"product_tag-trainwreck-co2-cartridge","75":"product_tag-un-batterie-de-stylo-vape-lpine","76":"product_tag-vape-alpine","77":"product_tag-vape-alpine-recharge","78":"product_tag-vape-alpine-1-gramme","79":"product_tag-vape-alpine-1g","80":"product_tag-vape-alpine-1gr","81":"product_tag-vape-alpine-batterie","82":"product_tag-vape-alpine-clignotant-10-fois","83":"product_tag-vape-alpine-et-tension-de-la-cartouche","84":"product_tag-vape-alpine-mauvaise","85":"product_tag-w-vape-cbd-vape-cartridge-300mg","87":"first","88":"instock","89":"shipping-taxable","90":"purchasable","91":"product-type-simple"},"yoast_head":"<!-- This site is optimized with the Yoast SEO plugin v27.3 - https:\/\/yoast.com\/product\/yoast-seo-wordpress\/ -->\n<title>Acheter Honey Rose Vape Cartouche en ligne - 510 Premium Carts<\/title>\n<meta name=\"description\" content=\"Acheter Honey Rose Vape Cartridge en ligne est un concentr\u00e9 de cannabis assez exigeant et tout aussi populaire disponible sur le march\u00e9. Il a \u00e9t\u00e9\" \/>\n<meta name=\"robots\" content=\"index, follow, max-snippet:-1, max-image-preview:large, max-video-preview:-1\" \/>\n<link rel=\"canonical\" href=\"https:\/\/510premiumcarts.com\/index.php\/product\/acheter-honey-rose-vape-cartouche-en-ligne\/\" \/>\n<meta property=\"og:locale\" content=\"fr_FR\" \/>\n<meta property=\"og:type\" content=\"article\" \/>\n<meta property=\"og:title\" content=\"Acheter Honey Rose Vape Cartouche en ligne - 510 Premium Carts\" \/>\n<meta property=\"og:description\" content=\"Acheter Honey Rose Vape Cartridge en ligne est un concentr\u00e9 de cannabis assez exigeant et tout aussi populaire disponible sur le march\u00e9. Il a \u00e9t\u00e9\" \/>\n<meta property=\"og:url\" content=\"https:\/\/510premiumcarts.com\/index.php\/product\/acheter-honey-rose-vape-cartouche-en-ligne\/\" \/>\n<meta property=\"og:site_name\" content=\"510 Premium Carts\" \/>\n<meta property=\"article:modified_time\" content=\"2023-03-11T15:20:18+00:00\" \/>\n<meta property=\"og:image\" content=\"http:\/\/510premiumcarts.com\/wp-content\/uploads\/2021\/10\/rose.jpg\" \/>\n\t<meta property=\"og:image:width\" content=\"2000\" \/>\n\t<meta property=\"og:image:height\" content=\"2000\" \/>\n\t<meta property=\"og:image:type\" content=\"image\/jpeg\" \/>\n<meta name=\"twitter:card\" content=\"summary_large_image\" \/>\n<meta name=\"twitter:label1\" content=\"Dur\u00e9e de lecture estim\u00e9e\" \/>\n\t<meta name=\"twitter:data1\" content=\"2 minutes\" \/>\n<script type=\"application\/ld+json\" class=\"yoast-schema-graph\">{\"@context\":\"https:\\\/\\\/schema.org\",\"@graph\":[{\"@type\":\"WebPage\",\"@id\":\"https:\\\/\\\/510premiumcarts.com\\\/index.php\\\/product\\\/acheter-honey-rose-vape-cartouche-en-ligne\\\/\",\"url\":\"https:\\\/\\\/510premiumcarts.com\\\/index.php\\\/product\\\/acheter-honey-rose-vape-cartouche-en-ligne\\\/\",\"name\":\"Acheter Honey Rose Vape Cartouche en ligne - 510 Premium Carts\",\"isPartOf\":{\"@id\":\"https:\\\/\\\/510premiumcarts.com\\\/#website\"},\"primaryImageOfPage\":{\"@id\":\"https:\\\/\\\/510premiumcarts.com\\\/index.php\\\/product\\\/acheter-honey-rose-vape-cartouche-en-ligne\\\/#primaryimage\"},\"image\":{\"@id\":\"https:\\\/\\\/510premiumcarts.com\\\/index.php\\\/product\\\/acheter-honey-rose-vape-cartouche-en-ligne\\\/#primaryimage\"},\"thumbnailUrl\":\"https:\\\/\\\/510premiumcarts.com\\\/wp-content\\\/uploads\\\/2021\\\/10\\\/rose.jpg\",\"datePublished\":\"2021-10-18T11:48:54+00:00\",\"dateModified\":\"2023-03-11T15:20:18+00:00\",\"description\":\"Acheter Honey Rose Vape Cartridge en ligne est un concentr\u00e9 de cannabis assez exigeant et tout aussi populaire disponible sur le march\u00e9. Il a \u00e9t\u00e9\",\"breadcrumb\":{\"@id\":\"https:\\\/\\\/510premiumcarts.com\\\/index.php\\\/product\\\/acheter-honey-rose-vape-cartouche-en-ligne\\\/#breadcrumb\"},\"inLanguage\":\"fr-FR\",\"potentialAction\":[{\"@type\":\"ReadAction\",\"target\":[\"https:\\\/\\\/510premiumcarts.com\\\/index.php\\\/product\\\/acheter-honey-rose-vape-cartouche-en-ligne\\\/\"]}]},{\"@type\":\"ImageObject\",\"inLanguage\":\"fr-FR\",\"@id\":\"https:\\\/\\\/510premiumcarts.com\\\/index.php\\\/product\\\/acheter-honey-rose-vape-cartouche-en-ligne\\\/#primaryimage\",\"url\":\"https:\\\/\\\/510premiumcarts.com\\\/wp-content\\\/uploads\\\/2021\\\/10\\\/rose.jpg\",\"contentUrl\":\"https:\\\/\\\/510premiumcarts.com\\\/wp-content\\\/uploads\\\/2021\\\/10\\\/rose.jpg\",\"width\":2000,\"height\":2000,\"caption\":\"Acheter Honey Rose Vape Cartouche en ligne\"},{\"@type\":\"BreadcrumbList\",\"@id\":\"https:\\\/\\\/510premiumcarts.com\\\/index.php\\\/product\\\/acheter-honey-rose-vape-cartouche-en-ligne\\\/#breadcrumb\",\"itemListElement\":[{\"@type\":\"ListItem\",\"position\":1,\"name\":\"Home\",\"item\":\"https:\\\/\\\/510premiumcarts.com\\\/\"},{\"@type\":\"ListItem\",\"position\":2,\"name\":\"Marques de vapotage\",\"item\":\"https:\\\/\\\/510premiumcarts.com\\\/index.php\\\/acheter-du-cannabis\\\/\"},{\"@type\":\"ListItem\",\"position\":3,\"name\":\"Alpine Chariots Miel Rose\"}]},{\"@type\":\"WebSite\",\"@id\":\"https:\\\/\\\/510premiumcarts.com\\\/#website\",\"url\":\"https:\\\/\\\/510premiumcarts.com\\\/\",\"name\":\"510 Premium Carts\",\"description\":\"Just another WordPress site\",\"potentialAction\":[{\"@type\":\"SearchAction\",\"target\":{\"@type\":\"EntryPoint\",\"urlTemplate\":\"https:\\\/\\\/510premiumcarts.com\\\/?s={search_term_string}\"},\"query-input\":{\"@type\":\"PropertyValueSpecification\",\"valueRequired\":true,\"valueName\":\"search_term_string\"}}],\"inLanguage\":\"fr-FR\"}]}<\/script>\n<!-- \/ Yoast SEO plugin. -->","yoast_head_json":{"title":"Acheter Honey Rose Vape Cartouche en ligne - 510 Premium Carts","description":"Acheter Honey Rose Vape Cartridge en ligne est un concentr\u00e9 de cannabis assez exigeant et tout aussi populaire disponible sur le march\u00e9. Il a \u00e9t\u00e9","robots":{"index":"index","follow":"follow","max-snippet":"max-snippet:-1","max-image-preview":"max-image-preview:large","max-video-preview":"max-video-preview:-1"},"canonical":"https:\/\/510premiumcarts.com\/index.php\/product\/acheter-honey-rose-vape-cartouche-en-ligne\/","og_locale":"fr_FR","og_type":"article","og_title":"Acheter Honey Rose Vape Cartouche en ligne - 510 Premium Carts","og_description":"Acheter Honey Rose Vape Cartridge en ligne est un concentr\u00e9 de cannabis assez exigeant et tout aussi populaire disponible sur le march\u00e9. Il a \u00e9t\u00e9","og_url":"https:\/\/510premiumcarts.com\/index.php\/product\/acheter-honey-rose-vape-cartouche-en-ligne\/","og_site_name":"510 Premium Carts","article_modified_time":"2023-03-11T15:20:18+00:00","og_image":[{"width":2000,"height":2000,"url":"http:\/\/510premiumcarts.com\/wp-content\/uploads\/2021\/10\/rose.jpg","type":"image\/jpeg"}],"twitter_card":"summary_large_image","twitter_misc":{"Dur\u00e9e de lecture estim\u00e9e":"2 minutes"},"schema":{"@context":"https:\/\/schema.org","@graph":[{"@type":"WebPage","@id":"https:\/\/510premiumcarts.com\/index.php\/product\/acheter-honey-rose-vape-cartouche-en-ligne\/","url":"https:\/\/510premiumcarts.com\/index.php\/product\/acheter-honey-rose-vape-cartouche-en-ligne\/","name":"Acheter Honey Rose Vape Cartouche en ligne - 510 Premium Carts","isPartOf":{"@id":"https:\/\/510premiumcarts.com\/#website"},"primaryImageOfPage":{"@id":"https:\/\/510premiumcarts.com\/index.php\/product\/acheter-honey-rose-vape-cartouche-en-ligne\/#primaryimage"},"image":{"@id":"https:\/\/510premiumcarts.com\/index.php\/product\/acheter-honey-rose-vape-cartouche-en-ligne\/#primaryimage"},"thumbnailUrl":"https:\/\/510premiumcarts.com\/wp-content\/uploads\/2021\/10\/rose.jpg","datePublished":"2021-10-18T11:48:54+00:00","dateModified":"2023-03-11T15:20:18+00:00","description":"Acheter Honey Rose Vape Cartridge en ligne est un concentr\u00e9 de cannabis assez exigeant et tout aussi populaire disponible sur le march\u00e9. Il a \u00e9t\u00e9","breadcrumb":{"@id":"https:\/\/510premiumcarts.com\/index.php\/product\/acheter-honey-rose-vape-cartouche-en-ligne\/#breadcrumb"},"inLanguage":"fr-FR","potentialAction":[{"@type":"ReadAction","target":["https:\/\/510premiumcarts.com\/index.php\/product\/acheter-honey-rose-vape-cartouche-en-ligne\/"]}]},{"@type":"ImageObject","inLanguage":"fr-FR","@id":"https:\/\/510premiumcarts.com\/index.php\/product\/acheter-honey-rose-vape-cartouche-en-ligne\/#primaryimage","url":"https:\/\/510premiumcarts.com\/wp-content\/uploads\/2021\/10\/rose.jpg","contentUrl":"https:\/\/510premiumcarts.com\/wp-content\/uploads\/2021\/10\/rose.jpg","width":2000,"height":2000,"caption":"Acheter Honey Rose Vape Cartouche en ligne"},{"@type":"BreadcrumbList","@id":"https:\/\/510premiumcarts.com\/index.php\/product\/acheter-honey-rose-vape-cartouche-en-ligne\/#breadcrumb","itemListElement":[{"@type":"ListItem","position":1,"name":"Home","item":"https:\/\/510premiumcarts.com\/"},{"@type":"ListItem","position":2,"name":"Marques de vapotage","item":"https:\/\/510premiumcarts.com\/index.php\/acheter-du-cannabis\/"},{"@type":"ListItem","position":3,"name":"Alpine Chariots Miel Rose"}]},{"@type":"WebSite","@id":"https:\/\/510premiumcarts.com\/#website","url":"https:\/\/510premiumcarts.com\/","name":"510 Premium Carts","description":"Just another WordPress site","potentialAction":[{"@type":"SearchAction","target":{"@type":"EntryPoint","urlTemplate":"https:\/\/510premiumcarts.com\/?s={search_term_string}"},"query-input":{"@type":"PropertyValueSpecification","valueRequired":true,"valueName":"search_term_string"}}],"inLanguage":"fr-FR"}]}},"jetpack_sharing_enabled":true,"_links":{"self":[{"href":"https:\/\/510premiumcarts.com\/index.php\/wp-json\/wp\/v2\/product\/205","targetHints":{"allow":["GET"]}}],"collection":[{"href":"https:\/\/510premiumcarts.com\/index.php\/wp-json\/wp\/v2\/product"}],"about":[{"href":"https:\/\/510premiumcarts.com\/index.php\/wp-json\/wp\/v2\/types\/product"}],"replies":[{"embeddable":true,"href":"https:\/\/510premiumcarts.com\/index.php\/wp-json\/wp\/v2\/comments?post=205"}],"wp:featuredmedia":[{"embeddable":true,"href":"https:\/\/510premiumcarts.com\/index.php\/wp-json\/wp\/v2\/media\/206"}],"wp:attachment":[{"href":"https:\/\/510premiumcarts.com\/index.php\/wp-json\/wp\/v2\/media?parent=205"}],"wp:term":[{"taxonomy":"product_brand","embeddable":true,"href":"https:\/\/510premiumcarts.com\/index.php\/wp-json\/wp\/v2\/product_brand?post=205"},{"taxonomy":"product_cat","embeddable":true,"href":"https:\/\/510premiumcarts.com\/index.php\/wp-json\/wp\/v2\/product_cat?post=205"},{"taxonomy":"product_tag","embeddable":true,"href":"https:\/\/510premiumcarts.com\/index.php\/wp-json\/wp\/v2\/product_tag?post=205"}],"curies":[{"name":"wp","href":"https:\/\/api.w.org\/{rel}","templated":true}]}}