{"id":209,"date":"2021-10-18T12:04:54","date_gmt":"2021-10-18T12:04:54","guid":{"rendered":"https:\/\/510premiumcarts.com\/?post_type=product&#038;p=209"},"modified":"2023-03-11T15:32:59","modified_gmt":"2023-03-11T15:32:59","slug":"cartouche-alpine-vapor-ice-cream-lavande","status":"publish","type":"product","link":"https:\/\/510premiumcarts.com\/index.php\/product\/cartouche-alpine-vapor-ice-cream-lavande\/","title":{"rendered":"Chariots \u00e0 vapeur alpins \u00e0 la cr\u00e8me glac\u00e9e \u00e0 la lavande"},"content":{"rendered":"<h1><a href=\"https:\/\/510premiumcarts.com\/index.php\/product-category\/alpine-vape\/\"><span style=\"color: #ffcc00;\">Cartouche Alpine Vapor Ice Cream Lavande<\/span><\/a><\/h1>\n<p>Alpine Vapor Cartridge est peut-\u00eatre une entreprise leader connue pour sa qualit\u00e9 et ses produits standard. Son stylo \u00e0 vapeur jetable est superbe pour ceux qui cherchent \u00e0 se d\u00e9tendre. Sa grande puret\u00e9 cr\u00e9e une formule singuli\u00e8re qui donne un go\u00fbt agr\u00e9able sans arri\u00e8re-go\u00fbt amer ou plastique. Ce <a href=\"https:\/\/weedonlineworld.com\/product\/alpine-vapor-cartridge\/\">vaporisateur<\/a> est simple \u00e0 utiliser et offre les meilleurs effets. Il ne n\u00e9cessite aucune charge ni classement, mais convient parfaitement \u00e0 la m\u00e9ditation en d\u00e9placement.<\/p>\n<h3>Teneur <a href=\"https:\/\/www.iheartjane.com\/products\/13620\/alpine-vapor-lavender-ice-cream-300mg\">en<\/a> vapeur <a href=\"https:\/\/weedonlineworld.com\/product\/alpine-vapor-cartridge\/\">alpine<\/a><\/h3>\n<p>Les ingr\u00e9dients d&rsquo;Alpine Vapor sont des ar\u00f4mes naturels et des terp\u00e8nes, de l&rsquo;huile de cannabis distill\u00e9e mol\u00e9culairement sans solvant. La m\u00e9thode de purification des m\u00e9thodes Alpine Vapor offre un excellent go\u00fbt de e-liquide sans donner de go\u00fbt amer par la suite. Formul\u00e9 \u00e0 partir d&rsquo;un m\u00e9lange de poly\u00e9thyl\u00e8ne glycol et de propanediol, il est parfait pour ceux qui cherchent \u00e0 d\u00e9tendre leur esprit. Alpine Vapor Cartridge est disponible dans un certain nombre de saveurs &#8211; Indica, Lavender Ice-cream, Orange Julius, Dubble bubble, chills et Honey Rose. <span style=\"color: #ffffff;\">Cartouche Alpine Vapor Ice Cream Lavande<\/span><\/p>\n","protected":false},"excerpt":{"rendered":"<p>Alpine Vapor Cartridge may be a leading company known for its quality and standard products. Its disposable vapor pen is superb for those that are seeking to urge relaxation. Its high purity creates a singular formula that gives enjoyable taste with none bitter or plastic-y aftertaste. This vaporizer is straightforward to use and offers utmost effects. It doesn&rsquo;t require any charging or filing but is right for meditating on the go.<\/p>\n","protected":false},"featured_media":210,"comment_status":"open","ping_status":"closed","template":"","meta":{"_monsterinsights_skip_tracking":false,"_monsterinsights_sitenote_active":false,"_monsterinsights_sitenote_note":"","_monsterinsights_sitenote_category":0},"product_brand":[],"product_cat":[16],"product_tag":[5988,5452,5924,5944,5987,5977,5952,5971,5464,5453,5454,5455,5958,5972,5409,5926,5414,5929,5413,5475,5978,5959,5943,5945,5406,5430,5949,5457,5486,5981,5487,5412,5951,5950,5928,5983,5491,5492,5984,5493,5985,5964,5976,5463,5481,5489,5416,5955,5946,5975,5462,5982,5438,5948,5437,5485,5444,5445,5443,5986,5957,5930,5460,5440,5933,5932,5937,5934,5935,5938,5940,5936,5431,5939,5442,5941,5965,5947,5927,5494,5461,5497,5970,5484,5974,5496,5989,5441,5942,5973,5479,5446,5451,5960,5456,5961,5458,5963,5962,5966,5967,5968,5465,5953,5969,5401,5402,5925,5403,5404,5478,5979,5433,5435,5436,5407,5931,5488,5480,5408,5956,5954,5980,5477,5495],"class_list":{"0":"post-209","1":"product","2":"type-product","3":"status-publish","4":"has-post-thumbnail","6":"product_cat-acheter-alpine-vapor-chariot","7":"product_tag-a-quoi-ressemble-un-stylo-vape-alpin","8":"product_tag-accessoires-pour-stylo-vape-alpin","9":"product_tag-aces-vs-stylo-vape-alpin","10":"product_tag-aide-de-la-cartouche-de-vape-alpine","11":"product_tag-allumer-le-stylo-vape-alpin","12":"product_tag-alpin-configuration-de-la-vape","13":"product_tag-alpin-vape-comment-recharger","14":"product_tag-ananas-vape-alpin-express","15":"product_tag-batterie-courte-du-stylo-vape-alpin","16":"product_tag-batterie-de-stylo-vape-alpin","17":"product_tag-batterie-de-stylo-vape-alpin-ne-fonctionne-pas","18":"product_tag-batterie-de-stylo-vape-alpin-rechargeable","19":"product_tag-batterie-de-stylo-vape-alpin-tension","20":"product_tag-batterie-de-tuyau-vape-alpin","21":"product_tag-batterie-vape-alpine","22":"product_tag-batterie-vape-alpine-amazon","23":"product_tag-batterie-vape-alpine-au-canada","24":"product_tag-batterie-vape-alpine-comment-savoir-si-elle-est-allumee","25":"product_tag-batterie-vape-alpine-en-boite","26":"product_tag-boutique-de-vape-alpine","27":"product_tag-boutique-de-vape-alpine-sur-la-route-de-parker","28":"product_tag-cartouche-de-stylo-vape-alpin","29":"product_tag-cartouche-de-vape-alpine","30":"product_tag-cartouche-de-vape-alpine-jake-herer","31":"product_tag-cartouche-vape-alpine-510","32":"product_tag-cartouches-de-vape-alpine","33":"product_tag-cartouches-de-vape-alpines","34":"product_tag-chargement-du-stylo-vape-alpin","35":"product_tag-charger-la-batterie-vape-alpine","36":"product_tag-charger-la-lumiere-blanche-de-la-batterie-vape-alpine","37":"product_tag-charger-le-stylo-vape-alpin","38":"product_tag-chargeur-de-batterie-vape-alpine","39":"product_tag-chargeur-de-vape-alpin","40":"product_tag-chariots-de-vape-alpins","41":"product_tag-clignotement-de-la-batterie-vape-alpine","42":"product_tag-combien-coute-le-stylo-vape-alpin","43":"product_tag-comment-charger-la-batterie-vape-alpine","44":"product_tag-comment-charger-le-stylo-vape-alpin","45":"product_tag-comment-fumer-correctement-un-stylo-vape-alpin","46":"product_tag-comment-utiliser-le-stylo-vape-alpin","47":"product_tag-comment-utiliser-un-stylo-vape-alpin","48":"product_tag-creme-glacee-a-la-lavande-pour-stylo-vape-alpin","49":"product_tag-critiques-de-la-vape-alpine","50":"product_tag-critiques-du-stylo-vape-alpin","51":"product_tag-depannage-de-vape-alpine","52":"product_tag-directions-stylo-vape-alpin","53":"product_tag-duree-de-vie-de-la-batterie-vape-alpine","54":"product_tag-examen-de-lhuile-de-vape-alpine","55":"product_tag-examen-de-la-cartouche-de-vape-alpine","56":"product_tag-examen-de-la-vape-alpine","57":"product_tag-examen-du-stylo-vape-alpin","58":"product_tag-faire-alpi-les-cartouches-ne-vape-fonctionnent-avec-la-batterie-brassknuckles","59":"product_tag-festivals-de-vape-alpine","60":"product_tag-filetage-de-cartouche-de-vape-alpine","61":"product_tag-flacon-compte-gouttes-de-vape-alpine","62":"product_tag-huile-de-vape-alpine-cbd","63":"product_tag-huile-de-vape-alpine-dispensable","64":"product_tag-huile-de-vape-alpine-dispensable-en-ligne","65":"product_tag-huile-de-vape-alpine-sortant-de-lembout-buccal","66":"product_tag-instructions-dutilisation-du-stylo-vape-alpin","67":"product_tag-instructions-de-batterie-de-stylo-vape-alpin","68":"product_tag-instructions-de-la-batterie-vape-alpine","69":"product_tag-instructions-du-stylo-vape-alpin","70":"product_tag-kit-de-vape-alpine","71":"product_tag-la-batterie-de-vape-alpine-est-courte","72":"product_tag-la-batterie-de-vape-alpine-ne-charge-pas","73":"product_tag-la-batterie-de-vape-alpine-sallume","74":"product_tag-la-taille-de-la-batterie-de-vape-alpine","75":"product_tag-la-temperature-de-la-batterie-de-vape-alpine","76":"product_tag-la-tension-de-la-batterie-de-vape-alpine","77":"product_tag-le-clignotement-de-la-vape-alpine-10-fois","78":"product_tag-le-depannage-de-la-batterie-de-vape-alpine","79":"product_tag-les-cartouches-de-vape-alpine-fonctionnent","80":"product_tag-les-meilleures-saveurs-de-vape-alpine","81":"product_tag-logo-de-vape-alpine","82":"product_tag-lumiere-bleue-clignotante-de-la-vape-alpine","83":"product_tag-manuel-du-stylo-vape-alpin","84":"product_tag-marche-boursier-de-la-cartouche-de-vape-alpine-regarder","85":"product_tag-meilleure-temperature-de-la-batterie-vape-alpine","86":"product_tag-mes-deux-cartouches-de-vape-alpin-contiennent-le-meme-liquide-de-puissance","87":"product_tag-nicotine-du-stylo-vape-alpin","88":"product_tag-ou-acheter-le-stylo-vape-alpin-90504","89":"product_tag-pesticides-vape-alpins","90":"product_tag-pouvez-vous-apporter-des-stylos-vape-alpins-dans-un-avion","91":"product_tag-produits-chimiques-de-vape-alpins-utilises","92":"product_tag-quelle-est-la-tension-du-chargeur-de-batterie-du-stylo-vape-alpin","93":"product_tag-quelle-est-la-tension-du-vape-alpin-batterie-du-stylo","94":"product_tag-resine-vivante-de-vape-alpine","95":"product_tag-reve-bleu-de-la-vape-alpine","96":"product_tag-saut-de-vape-alpin","97":"product_tag-souches-de-vape-alpine","98":"product_tag-stylo-jetable-dhuile-de-vape-alpine","99":"product_tag-stylo-vape-alpin","100":"product_tag-stylo-vape-alpin-bouche","101":"product_tag-stylo-vape-alpin-clignotant","102":"product_tag-stylo-vape-alpin-colorado","103":"product_tag-stylo-vape-alpin-hybride","104":"product_tag-stylo-vape-alpin-indic-a","105":"product_tag-stylo-vape-alpin-messieurs","106":"product_tag-stylo-vape-alpin-ne-fonctionne-pas","107":"product_tag-stylo-vape-alpin-nyc","108":"product_tag-stylo-vape-alpin-pasadena","109":"product_tag-stylo-vape-alpin-trois-clignotements","110":"product_tag-stylos-a-huile-de-vape-alpine","111":"product_tag-stylos-vape-alpins","112":"product_tag-vape-alpine","113":"product_tag-vape-alpine-recharge","114":"product_tag-vape-alpine-1-gramme","115":"product_tag-vape-alpine-1g","116":"product_tag-vape-alpine-1gr","117":"product_tag-vape-alpine-a-cesse-de-frapper","118":"product_tag-vape-alpine-a-temperature-variable","119":"product_tag-vape-alpine-cbd","120":"product_tag-vape-alpine-dab","121":"product_tag-vape-alpine-dank","122":"product_tag-vape-alpine-et-tension-de-la-cartouche","123":"product_tag-vape-alpine-la-lumiere-de-la-batterie-ne-fonctionne-pas","124":"product_tag-vape-alpine-la-moins-chere","125":"product_tag-vape-alpine-le-mec","126":"product_tag-vape-alpine-mauvaise","127":"product_tag-vape-alpine-orange-julius","128":"product_tag-vape-alpine-recharges-dhuile","129":"product_tag-vape-alpine-site-web","130":"product_tag-vape-alpine-sud-pasadena-ca","131":"product_tag-weedmaps-hollywood-vape-alpine","133":"first","134":"instock","135":"shipping-taxable","136":"purchasable","137":"product-type-simple"},"yoast_head":"<!-- This site is optimized with the Yoast SEO plugin v27.3 - https:\/\/yoast.com\/product\/yoast-seo-wordpress\/ -->\n<title>Cartouche Alpine Vapor Ice Cream Lavande - 510 Premium Carts<\/title>\n<meta name=\"description\" content=\"La cartouche Alpine Vapor de cr\u00e8me glac\u00e9e \u00e0 la lavande est peut-\u00eatre une entreprise leader connue pour sa qualit\u00e9 et ses produits standard. Son stylo \u00e0 vapeur jetable est superbe pour ceux\" \/>\n<meta name=\"robots\" content=\"index, follow, max-snippet:-1, max-image-preview:large, max-video-preview:-1\" \/>\n<link rel=\"canonical\" href=\"https:\/\/510premiumcarts.com\/index.php\/product\/cartouche-alpine-vapor-ice-cream-lavande\/\" \/>\n<meta property=\"og:locale\" content=\"fr_FR\" \/>\n<meta property=\"og:type\" content=\"article\" \/>\n<meta property=\"og:title\" content=\"Cartouche Alpine Vapor Ice Cream Lavande - 510 Premium Carts\" \/>\n<meta property=\"og:description\" content=\"La cartouche Alpine Vapor de cr\u00e8me glac\u00e9e \u00e0 la lavande est peut-\u00eatre une entreprise leader connue pour sa qualit\u00e9 et ses produits standard. Son stylo \u00e0 vapeur jetable est superbe pour ceux\" \/>\n<meta property=\"og:url\" content=\"https:\/\/510premiumcarts.com\/index.php\/product\/cartouche-alpine-vapor-ice-cream-lavande\/\" \/>\n<meta property=\"og:site_name\" content=\"510 Premium Carts\" \/>\n<meta property=\"article:modified_time\" content=\"2023-03-11T15:32:59+00:00\" \/>\n<meta property=\"og:image\" content=\"http:\/\/510premiumcarts.com\/wp-content\/uploads\/2021\/10\/Lavender-Ice-Cream.jpg\" \/>\n\t<meta property=\"og:image:width\" content=\"2000\" \/>\n\t<meta property=\"og:image:height\" content=\"2000\" \/>\n\t<meta property=\"og:image:type\" content=\"image\/jpeg\" \/>\n<meta name=\"twitter:card\" content=\"summary_large_image\" \/>\n<meta name=\"twitter:label1\" content=\"Dur\u00e9e de lecture estim\u00e9e\" \/>\n\t<meta name=\"twitter:data1\" content=\"1 minute\" \/>\n<script type=\"application\/ld+json\" class=\"yoast-schema-graph\">{\"@context\":\"https:\\\/\\\/schema.org\",\"@graph\":[{\"@type\":\"WebPage\",\"@id\":\"https:\\\/\\\/510premiumcarts.com\\\/index.php\\\/product\\\/cartouche-alpine-vapor-ice-cream-lavande\\\/\",\"url\":\"https:\\\/\\\/510premiumcarts.com\\\/index.php\\\/product\\\/cartouche-alpine-vapor-ice-cream-lavande\\\/\",\"name\":\"Cartouche Alpine Vapor Ice Cream Lavande - 510 Premium Carts\",\"isPartOf\":{\"@id\":\"https:\\\/\\\/510premiumcarts.com\\\/#website\"},\"primaryImageOfPage\":{\"@id\":\"https:\\\/\\\/510premiumcarts.com\\\/index.php\\\/product\\\/cartouche-alpine-vapor-ice-cream-lavande\\\/#primaryimage\"},\"image\":{\"@id\":\"https:\\\/\\\/510premiumcarts.com\\\/index.php\\\/product\\\/cartouche-alpine-vapor-ice-cream-lavande\\\/#primaryimage\"},\"thumbnailUrl\":\"https:\\\/\\\/510premiumcarts.com\\\/wp-content\\\/uploads\\\/2021\\\/10\\\/Lavender-Ice-Cream.jpg\",\"datePublished\":\"2021-10-18T12:04:54+00:00\",\"dateModified\":\"2023-03-11T15:32:59+00:00\",\"description\":\"La cartouche Alpine Vapor de cr\u00e8me glac\u00e9e \u00e0 la lavande est peut-\u00eatre une entreprise leader connue pour sa qualit\u00e9 et ses produits standard. Son stylo \u00e0 vapeur jetable est superbe pour ceux\",\"breadcrumb\":{\"@id\":\"https:\\\/\\\/510premiumcarts.com\\\/index.php\\\/product\\\/cartouche-alpine-vapor-ice-cream-lavande\\\/#breadcrumb\"},\"inLanguage\":\"fr-FR\",\"potentialAction\":[{\"@type\":\"ReadAction\",\"target\":[\"https:\\\/\\\/510premiumcarts.com\\\/index.php\\\/product\\\/cartouche-alpine-vapor-ice-cream-lavande\\\/\"]}]},{\"@type\":\"ImageObject\",\"inLanguage\":\"fr-FR\",\"@id\":\"https:\\\/\\\/510premiumcarts.com\\\/index.php\\\/product\\\/cartouche-alpine-vapor-ice-cream-lavande\\\/#primaryimage\",\"url\":\"https:\\\/\\\/510premiumcarts.com\\\/wp-content\\\/uploads\\\/2021\\\/10\\\/Lavender-Ice-Cream.jpg\",\"contentUrl\":\"https:\\\/\\\/510premiumcarts.com\\\/wp-content\\\/uploads\\\/2021\\\/10\\\/Lavender-Ice-Cream.jpg\",\"width\":2000,\"height\":2000,\"caption\":\"Cartouche Alpine Vapor Ice Cream Lavande\"},{\"@type\":\"BreadcrumbList\",\"@id\":\"https:\\\/\\\/510premiumcarts.com\\\/index.php\\\/product\\\/cartouche-alpine-vapor-ice-cream-lavande\\\/#breadcrumb\",\"itemListElement\":[{\"@type\":\"ListItem\",\"position\":1,\"name\":\"Home\",\"item\":\"https:\\\/\\\/510premiumcarts.com\\\/\"},{\"@type\":\"ListItem\",\"position\":2,\"name\":\"Marques de vapotage\",\"item\":\"https:\\\/\\\/510premiumcarts.com\\\/index.php\\\/acheter-du-cannabis\\\/\"},{\"@type\":\"ListItem\",\"position\":3,\"name\":\"Chariots \u00e0 vapeur alpins \u00e0 la cr\u00e8me glac\u00e9e \u00e0 la lavande\"}]},{\"@type\":\"WebSite\",\"@id\":\"https:\\\/\\\/510premiumcarts.com\\\/#website\",\"url\":\"https:\\\/\\\/510premiumcarts.com\\\/\",\"name\":\"510 Premium Carts\",\"description\":\"Just another WordPress site\",\"potentialAction\":[{\"@type\":\"SearchAction\",\"target\":{\"@type\":\"EntryPoint\",\"urlTemplate\":\"https:\\\/\\\/510premiumcarts.com\\\/?s={search_term_string}\"},\"query-input\":{\"@type\":\"PropertyValueSpecification\",\"valueRequired\":true,\"valueName\":\"search_term_string\"}}],\"inLanguage\":\"fr-FR\"}]}<\/script>\n<!-- \/ Yoast SEO plugin. -->","yoast_head_json":{"title":"Cartouche Alpine Vapor Ice Cream Lavande - 510 Premium Carts","description":"La cartouche Alpine Vapor de cr\u00e8me glac\u00e9e \u00e0 la lavande est peut-\u00eatre une entreprise leader connue pour sa qualit\u00e9 et ses produits standard. Son stylo \u00e0 vapeur jetable est superbe pour ceux","robots":{"index":"index","follow":"follow","max-snippet":"max-snippet:-1","max-image-preview":"max-image-preview:large","max-video-preview":"max-video-preview:-1"},"canonical":"https:\/\/510premiumcarts.com\/index.php\/product\/cartouche-alpine-vapor-ice-cream-lavande\/","og_locale":"fr_FR","og_type":"article","og_title":"Cartouche Alpine Vapor Ice Cream Lavande - 510 Premium Carts","og_description":"La cartouche Alpine Vapor de cr\u00e8me glac\u00e9e \u00e0 la lavande est peut-\u00eatre une entreprise leader connue pour sa qualit\u00e9 et ses produits standard. Son stylo \u00e0 vapeur jetable est superbe pour ceux","og_url":"https:\/\/510premiumcarts.com\/index.php\/product\/cartouche-alpine-vapor-ice-cream-lavande\/","og_site_name":"510 Premium Carts","article_modified_time":"2023-03-11T15:32:59+00:00","og_image":[{"width":2000,"height":2000,"url":"http:\/\/510premiumcarts.com\/wp-content\/uploads\/2021\/10\/Lavender-Ice-Cream.jpg","type":"image\/jpeg"}],"twitter_card":"summary_large_image","twitter_misc":{"Dur\u00e9e de lecture estim\u00e9e":"1 minute"},"schema":{"@context":"https:\/\/schema.org","@graph":[{"@type":"WebPage","@id":"https:\/\/510premiumcarts.com\/index.php\/product\/cartouche-alpine-vapor-ice-cream-lavande\/","url":"https:\/\/510premiumcarts.com\/index.php\/product\/cartouche-alpine-vapor-ice-cream-lavande\/","name":"Cartouche Alpine Vapor Ice Cream Lavande - 510 Premium Carts","isPartOf":{"@id":"https:\/\/510premiumcarts.com\/#website"},"primaryImageOfPage":{"@id":"https:\/\/510premiumcarts.com\/index.php\/product\/cartouche-alpine-vapor-ice-cream-lavande\/#primaryimage"},"image":{"@id":"https:\/\/510premiumcarts.com\/index.php\/product\/cartouche-alpine-vapor-ice-cream-lavande\/#primaryimage"},"thumbnailUrl":"https:\/\/510premiumcarts.com\/wp-content\/uploads\/2021\/10\/Lavender-Ice-Cream.jpg","datePublished":"2021-10-18T12:04:54+00:00","dateModified":"2023-03-11T15:32:59+00:00","description":"La cartouche Alpine Vapor de cr\u00e8me glac\u00e9e \u00e0 la lavande est peut-\u00eatre une entreprise leader connue pour sa qualit\u00e9 et ses produits standard. Son stylo \u00e0 vapeur jetable est superbe pour ceux","breadcrumb":{"@id":"https:\/\/510premiumcarts.com\/index.php\/product\/cartouche-alpine-vapor-ice-cream-lavande\/#breadcrumb"},"inLanguage":"fr-FR","potentialAction":[{"@type":"ReadAction","target":["https:\/\/510premiumcarts.com\/index.php\/product\/cartouche-alpine-vapor-ice-cream-lavande\/"]}]},{"@type":"ImageObject","inLanguage":"fr-FR","@id":"https:\/\/510premiumcarts.com\/index.php\/product\/cartouche-alpine-vapor-ice-cream-lavande\/#primaryimage","url":"https:\/\/510premiumcarts.com\/wp-content\/uploads\/2021\/10\/Lavender-Ice-Cream.jpg","contentUrl":"https:\/\/510premiumcarts.com\/wp-content\/uploads\/2021\/10\/Lavender-Ice-Cream.jpg","width":2000,"height":2000,"caption":"Cartouche Alpine Vapor Ice Cream Lavande"},{"@type":"BreadcrumbList","@id":"https:\/\/510premiumcarts.com\/index.php\/product\/cartouche-alpine-vapor-ice-cream-lavande\/#breadcrumb","itemListElement":[{"@type":"ListItem","position":1,"name":"Home","item":"https:\/\/510premiumcarts.com\/"},{"@type":"ListItem","position":2,"name":"Marques de vapotage","item":"https:\/\/510premiumcarts.com\/index.php\/acheter-du-cannabis\/"},{"@type":"ListItem","position":3,"name":"Chariots \u00e0 vapeur alpins \u00e0 la cr\u00e8me glac\u00e9e \u00e0 la lavande"}]},{"@type":"WebSite","@id":"https:\/\/510premiumcarts.com\/#website","url":"https:\/\/510premiumcarts.com\/","name":"510 Premium Carts","description":"Just another WordPress site","potentialAction":[{"@type":"SearchAction","target":{"@type":"EntryPoint","urlTemplate":"https:\/\/510premiumcarts.com\/?s={search_term_string}"},"query-input":{"@type":"PropertyValueSpecification","valueRequired":true,"valueName":"search_term_string"}}],"inLanguage":"fr-FR"}]}},"jetpack_sharing_enabled":true,"_links":{"self":[{"href":"https:\/\/510premiumcarts.com\/index.php\/wp-json\/wp\/v2\/product\/209","targetHints":{"allow":["GET"]}}],"collection":[{"href":"https:\/\/510premiumcarts.com\/index.php\/wp-json\/wp\/v2\/product"}],"about":[{"href":"https:\/\/510premiumcarts.com\/index.php\/wp-json\/wp\/v2\/types\/product"}],"replies":[{"embeddable":true,"href":"https:\/\/510premiumcarts.com\/index.php\/wp-json\/wp\/v2\/comments?post=209"}],"wp:featuredmedia":[{"embeddable":true,"href":"https:\/\/510premiumcarts.com\/index.php\/wp-json\/wp\/v2\/media\/210"}],"wp:attachment":[{"href":"https:\/\/510premiumcarts.com\/index.php\/wp-json\/wp\/v2\/media?parent=209"}],"wp:term":[{"taxonomy":"product_brand","embeddable":true,"href":"https:\/\/510premiumcarts.com\/index.php\/wp-json\/wp\/v2\/product_brand?post=209"},{"taxonomy":"product_cat","embeddable":true,"href":"https:\/\/510premiumcarts.com\/index.php\/wp-json\/wp\/v2\/product_cat?post=209"},{"taxonomy":"product_tag","embeddable":true,"href":"https:\/\/510premiumcarts.com\/index.php\/wp-json\/wp\/v2\/product_tag?post=209"}],"curies":[{"name":"wp","href":"https:\/\/api.w.org\/{rel}","templated":true}]}}