{"id":222,"date":"2021-10-18T12:48:15","date_gmt":"2021-10-18T12:48:15","guid":{"rendered":"https:\/\/510premiumcarts.com\/?post_type=product&#038;p=222"},"modified":"2023-03-11T16:22:46","modified_gmt":"2023-03-11T16:22:46","slug":"big-chief-apple-jack","status":"publish","type":"product","link":"https:\/\/510premiumcarts.com\/index.php\/product\/big-chief-apple-jack\/","title":{"rendered":"Big Chief Apple Jack"},"content":{"rendered":"<h1><a href=\"https:\/\/510premiumcarts.com\/index.php\/product-category\/big-chiefs-carts\/\"><span style=\"color: #ffcc00;\">Big Chief Apple Jack<\/span><\/a><\/h1>\n<p>La souche Apple Jack est une sacr\u00e9e souche, <a href=\"https:\/\/www.bigchiefcarts.org\/\">c&rsquo;est<\/a> un croisement entre la c\u00e9l\u00e8bre Jack Herer et la veuve de toutes les veuves, la souche White Widow. Cette vari\u00e9t\u00e9 est la meilleure lorsqu&rsquo;il s&rsquo;agit de ceux qui aiment un effet relaxant doux et chaud. Il donne une sensation de douceur et un effet calmant lorsque vous avez termin\u00e9.<\/p>\n<p>La souche Apple Jack est fortement recommand\u00e9e \u00e0 ceux qui <a href=\"https:\/\/orders.confidentcannabis.com\/report\/public\/sample\/9e9f020f-838d-443d-ae64-a5886111dec2\">souffrent,<\/a> en particulier les douleurs physiques, car elle calme tout en vous donnant le sentiment d&rsquo;\u00eatre bien m\u00eame lorsque vous ne l&rsquo;\u00eates pas. Il s&rsquo;agit en effet d&rsquo;une forte vari\u00e9t\u00e9 pour ceux d&rsquo;entre vous qui aiment quand votre high arrive fort et s&rsquo;en va lentement.<\/p>\n<p>Buy apple jack big chief carts online only from\u00a0<a href=\"https:\/\/www.bigchiefcarts.org\/\">Big chief carts<\/a>\u00a0and get the premium taste everyone is talking about.<\/p>\n","protected":false},"excerpt":{"rendered":"<p>Apple Jack est le croisement de deux vari\u00e9t\u00e9s l\u00e9gendaires &#8211; Jack Herer et White Widow &#8211; cr\u00e9\u00e9es par Seedism Seeds. Selon Amsterdam Seed Center, il a une saveur fruit\u00e9e acidul\u00e9e et terreuse et un ar\u00f4me assorti, ainsi que des niveaux de THC de 15% \u00e0 20% en moyenne<\/p>\n","protected":false},"featured_media":223,"comment_status":"open","ping_status":"closed","template":"","meta":{"_monsterinsights_skip_tracking":false,"_monsterinsights_sitenote_active":false,"_monsterinsights_sitenote_note":"","_monsterinsights_sitenote_category":0},"product_brand":[],"product_cat":[17],"product_tag":[1278,6092,6093,1281,6094,1283,1284,6095,6098,6096,6045,6042,6048,6043,6044,6046,6047,6099,6100,6101,6097,6049,1299,1300],"class_list":{"0":"post-222","1":"product","2":"type-product","3":"status-publish","4":"has-post-thumbnail","6":"product_cat-big-chiefs-chariots","7":"product_tag-apple-jack-big-chief-cart","8":"product_tag-apple-jack-big-chief-souche","9":"product_tag-apple-jack-souche-big-chief","10":"product_tag-big-chief-apple-jack","11":"product_tag-big-chief-apple-jack-chariot","12":"product_tag-big-chief-apple-jack-review","13":"product_tag-big-chief-apple-jack-sativa","14":"product_tag-big-chief-apple-jack-sativa-ou-indica","15":"product_tag-charrettes","16":"product_tag-gros-souche-principale-apple-jack","17":"product_tag-huile-thc-allemagne","18":"product_tag-huile-thc-autriche","19":"product_tag-huile-thc-en-europe","20":"product_tag-huile-thc-finlande","21":"product_tag-huile-thc-france","22":"product_tag-huile-thc-grece","23":"product_tag-huile-thc-hongrie","24":"product_tag-huile-thc-irlande","25":"product_tag-huile-thc-italie","26":"product_tag-quelle-souche-est-apple-jack-big-chief","27":"product_tag-stylos-vape-big-chief","28":"product_tag-thc-oil-pologne","29":"product_tag-thc-oil-portugal","30":"product_tag-thc-oil-spain","32":"first","33":"instock","34":"shipping-taxable","35":"purchasable","36":"product-type-simple"},"yoast_head":"<!-- This site is optimized with the Yoast SEO plugin v27.3 - https:\/\/yoast.com\/product\/yoast-seo-wordpress\/ -->\n<title>Big Chief Apple Jack - 510 Premium Carts -big chief apple jack now<\/title>\n<meta name=\"description\" content=\"Big Chief Apple Jack profil terp\u00e9nique poss\u00e9dant un ar\u00f4me qui rend justice au nom - des pommes sucr\u00e9es cuites soutenues par un accent de skunk et de terre. Vari\u00e9t\u00e9 : Sativa.\" \/>\n<meta name=\"robots\" content=\"index, follow, max-snippet:-1, max-image-preview:large, max-video-preview:-1\" \/>\n<link rel=\"canonical\" href=\"https:\/\/510premiumcarts.com\/index.php\/product\/big-chief-apple-jack\/\" \/>\n<meta property=\"og:locale\" content=\"fr_FR\" \/>\n<meta property=\"og:type\" content=\"article\" \/>\n<meta property=\"og:title\" content=\"Big Chief Apple Jack - 510 Premium Carts -big chief apple jack now\" \/>\n<meta property=\"og:description\" content=\"Big Chief Apple Jack profil terp\u00e9nique poss\u00e9dant un ar\u00f4me qui rend justice au nom - des pommes sucr\u00e9es cuites soutenues par un accent de skunk et de terre. Vari\u00e9t\u00e9 : Sativa.\" \/>\n<meta property=\"og:url\" content=\"https:\/\/510premiumcarts.com\/index.php\/product\/big-chief-apple-jack\/\" \/>\n<meta property=\"og:site_name\" content=\"510 Premium Carts\" \/>\n<meta property=\"article:modified_time\" content=\"2023-03-11T16:22:46+00:00\" \/>\n<meta property=\"og:image\" content=\"http:\/\/510premiumcarts.com\/wp-content\/uploads\/2021\/10\/Appel-Jack.jpg\" \/>\n\t<meta property=\"og:image:width\" content=\"640\" \/>\n\t<meta property=\"og:image:height\" content=\"640\" \/>\n\t<meta property=\"og:image:type\" content=\"image\/jpeg\" \/>\n<meta name=\"twitter:card\" content=\"summary_large_image\" \/>\n<meta name=\"twitter:label1\" content=\"Dur\u00e9e de lecture estim\u00e9e\" \/>\n\t<meta name=\"twitter:data1\" content=\"1 minute\" \/>\n<script type=\"application\/ld+json\" class=\"yoast-schema-graph\">{\"@context\":\"https:\\\/\\\/schema.org\",\"@graph\":[{\"@type\":\"WebPage\",\"@id\":\"https:\\\/\\\/510premiumcarts.com\\\/index.php\\\/product\\\/big-chief-apple-jack\\\/\",\"url\":\"https:\\\/\\\/510premiumcarts.com\\\/index.php\\\/product\\\/big-chief-apple-jack\\\/\",\"name\":\"Big Chief Apple Jack - 510 Premium Carts -big chief apple jack now\",\"isPartOf\":{\"@id\":\"https:\\\/\\\/510premiumcarts.com\\\/#website\"},\"primaryImageOfPage\":{\"@id\":\"https:\\\/\\\/510premiumcarts.com\\\/index.php\\\/product\\\/big-chief-apple-jack\\\/#primaryimage\"},\"image\":{\"@id\":\"https:\\\/\\\/510premiumcarts.com\\\/index.php\\\/product\\\/big-chief-apple-jack\\\/#primaryimage\"},\"thumbnailUrl\":\"https:\\\/\\\/510premiumcarts.com\\\/wp-content\\\/uploads\\\/2021\\\/10\\\/Appel-Jack.jpg\",\"datePublished\":\"2021-10-18T12:48:15+00:00\",\"dateModified\":\"2023-03-11T16:22:46+00:00\",\"description\":\"Big Chief Apple Jack profil terp\u00e9nique poss\u00e9dant un ar\u00f4me qui rend justice au nom - des pommes sucr\u00e9es cuites soutenues par un accent de skunk et de terre. Vari\u00e9t\u00e9 : Sativa.\",\"breadcrumb\":{\"@id\":\"https:\\\/\\\/510premiumcarts.com\\\/index.php\\\/product\\\/big-chief-apple-jack\\\/#breadcrumb\"},\"inLanguage\":\"fr-FR\",\"potentialAction\":[{\"@type\":\"ReadAction\",\"target\":[\"https:\\\/\\\/510premiumcarts.com\\\/index.php\\\/product\\\/big-chief-apple-jack\\\/\"]}]},{\"@type\":\"ImageObject\",\"inLanguage\":\"fr-FR\",\"@id\":\"https:\\\/\\\/510premiumcarts.com\\\/index.php\\\/product\\\/big-chief-apple-jack\\\/#primaryimage\",\"url\":\"https:\\\/\\\/510premiumcarts.com\\\/wp-content\\\/uploads\\\/2021\\\/10\\\/Appel-Jack.jpg\",\"contentUrl\":\"https:\\\/\\\/510premiumcarts.com\\\/wp-content\\\/uploads\\\/2021\\\/10\\\/Appel-Jack.jpg\",\"width\":640,\"height\":640,\"caption\":\"Big Chief Apple Jack\"},{\"@type\":\"BreadcrumbList\",\"@id\":\"https:\\\/\\\/510premiumcarts.com\\\/index.php\\\/product\\\/big-chief-apple-jack\\\/#breadcrumb\",\"itemListElement\":[{\"@type\":\"ListItem\",\"position\":1,\"name\":\"Home\",\"item\":\"https:\\\/\\\/510premiumcarts.com\\\/\"},{\"@type\":\"ListItem\",\"position\":2,\"name\":\"Marques de vapotage\",\"item\":\"https:\\\/\\\/510premiumcarts.com\\\/index.php\\\/acheter-du-cannabis\\\/\"},{\"@type\":\"ListItem\",\"position\":3,\"name\":\"Big Chief Apple Jack\"}]},{\"@type\":\"WebSite\",\"@id\":\"https:\\\/\\\/510premiumcarts.com\\\/#website\",\"url\":\"https:\\\/\\\/510premiumcarts.com\\\/\",\"name\":\"510 Premium Carts\",\"description\":\"Just another WordPress site\",\"potentialAction\":[{\"@type\":\"SearchAction\",\"target\":{\"@type\":\"EntryPoint\",\"urlTemplate\":\"https:\\\/\\\/510premiumcarts.com\\\/?s={search_term_string}\"},\"query-input\":{\"@type\":\"PropertyValueSpecification\",\"valueRequired\":true,\"valueName\":\"search_term_string\"}}],\"inLanguage\":\"fr-FR\"}]}<\/script>\n<!-- \/ Yoast SEO plugin. -->","yoast_head_json":{"title":"Big Chief Apple Jack - 510 Premium Carts -big chief apple jack now","description":"Big Chief Apple Jack profil terp\u00e9nique poss\u00e9dant un ar\u00f4me qui rend justice au nom - des pommes sucr\u00e9es cuites soutenues par un accent de skunk et de terre. Vari\u00e9t\u00e9 : Sativa.","robots":{"index":"index","follow":"follow","max-snippet":"max-snippet:-1","max-image-preview":"max-image-preview:large","max-video-preview":"max-video-preview:-1"},"canonical":"https:\/\/510premiumcarts.com\/index.php\/product\/big-chief-apple-jack\/","og_locale":"fr_FR","og_type":"article","og_title":"Big Chief Apple Jack - 510 Premium Carts -big chief apple jack now","og_description":"Big Chief Apple Jack profil terp\u00e9nique poss\u00e9dant un ar\u00f4me qui rend justice au nom - des pommes sucr\u00e9es cuites soutenues par un accent de skunk et de terre. Vari\u00e9t\u00e9 : Sativa.","og_url":"https:\/\/510premiumcarts.com\/index.php\/product\/big-chief-apple-jack\/","og_site_name":"510 Premium Carts","article_modified_time":"2023-03-11T16:22:46+00:00","og_image":[{"width":640,"height":640,"url":"http:\/\/510premiumcarts.com\/wp-content\/uploads\/2021\/10\/Appel-Jack.jpg","type":"image\/jpeg"}],"twitter_card":"summary_large_image","twitter_misc":{"Dur\u00e9e de lecture estim\u00e9e":"1 minute"},"schema":{"@context":"https:\/\/schema.org","@graph":[{"@type":"WebPage","@id":"https:\/\/510premiumcarts.com\/index.php\/product\/big-chief-apple-jack\/","url":"https:\/\/510premiumcarts.com\/index.php\/product\/big-chief-apple-jack\/","name":"Big Chief Apple Jack - 510 Premium Carts -big chief apple jack now","isPartOf":{"@id":"https:\/\/510premiumcarts.com\/#website"},"primaryImageOfPage":{"@id":"https:\/\/510premiumcarts.com\/index.php\/product\/big-chief-apple-jack\/#primaryimage"},"image":{"@id":"https:\/\/510premiumcarts.com\/index.php\/product\/big-chief-apple-jack\/#primaryimage"},"thumbnailUrl":"https:\/\/510premiumcarts.com\/wp-content\/uploads\/2021\/10\/Appel-Jack.jpg","datePublished":"2021-10-18T12:48:15+00:00","dateModified":"2023-03-11T16:22:46+00:00","description":"Big Chief Apple Jack profil terp\u00e9nique poss\u00e9dant un ar\u00f4me qui rend justice au nom - des pommes sucr\u00e9es cuites soutenues par un accent de skunk et de terre. Vari\u00e9t\u00e9 : Sativa.","breadcrumb":{"@id":"https:\/\/510premiumcarts.com\/index.php\/product\/big-chief-apple-jack\/#breadcrumb"},"inLanguage":"fr-FR","potentialAction":[{"@type":"ReadAction","target":["https:\/\/510premiumcarts.com\/index.php\/product\/big-chief-apple-jack\/"]}]},{"@type":"ImageObject","inLanguage":"fr-FR","@id":"https:\/\/510premiumcarts.com\/index.php\/product\/big-chief-apple-jack\/#primaryimage","url":"https:\/\/510premiumcarts.com\/wp-content\/uploads\/2021\/10\/Appel-Jack.jpg","contentUrl":"https:\/\/510premiumcarts.com\/wp-content\/uploads\/2021\/10\/Appel-Jack.jpg","width":640,"height":640,"caption":"Big Chief Apple Jack"},{"@type":"BreadcrumbList","@id":"https:\/\/510premiumcarts.com\/index.php\/product\/big-chief-apple-jack\/#breadcrumb","itemListElement":[{"@type":"ListItem","position":1,"name":"Home","item":"https:\/\/510premiumcarts.com\/"},{"@type":"ListItem","position":2,"name":"Marques de vapotage","item":"https:\/\/510premiumcarts.com\/index.php\/acheter-du-cannabis\/"},{"@type":"ListItem","position":3,"name":"Big Chief Apple Jack"}]},{"@type":"WebSite","@id":"https:\/\/510premiumcarts.com\/#website","url":"https:\/\/510premiumcarts.com\/","name":"510 Premium Carts","description":"Just another WordPress site","potentialAction":[{"@type":"SearchAction","target":{"@type":"EntryPoint","urlTemplate":"https:\/\/510premiumcarts.com\/?s={search_term_string}"},"query-input":{"@type":"PropertyValueSpecification","valueRequired":true,"valueName":"search_term_string"}}],"inLanguage":"fr-FR"}]}},"jetpack_sharing_enabled":true,"_links":{"self":[{"href":"https:\/\/510premiumcarts.com\/index.php\/wp-json\/wp\/v2\/product\/222","targetHints":{"allow":["GET"]}}],"collection":[{"href":"https:\/\/510premiumcarts.com\/index.php\/wp-json\/wp\/v2\/product"}],"about":[{"href":"https:\/\/510premiumcarts.com\/index.php\/wp-json\/wp\/v2\/types\/product"}],"replies":[{"embeddable":true,"href":"https:\/\/510premiumcarts.com\/index.php\/wp-json\/wp\/v2\/comments?post=222"}],"wp:featuredmedia":[{"embeddable":true,"href":"https:\/\/510premiumcarts.com\/index.php\/wp-json\/wp\/v2\/media\/223"}],"wp:attachment":[{"href":"https:\/\/510premiumcarts.com\/index.php\/wp-json\/wp\/v2\/media?parent=222"}],"wp:term":[{"taxonomy":"product_brand","embeddable":true,"href":"https:\/\/510premiumcarts.com\/index.php\/wp-json\/wp\/v2\/product_brand?post=222"},{"taxonomy":"product_cat","embeddable":true,"href":"https:\/\/510premiumcarts.com\/index.php\/wp-json\/wp\/v2\/product_cat?post=222"},{"taxonomy":"product_tag","embeddable":true,"href":"https:\/\/510premiumcarts.com\/index.php\/wp-json\/wp\/v2\/product_tag?post=222"}],"curies":[{"name":"wp","href":"https:\/\/api.w.org\/{rel}","templated":true}]}}