{"id":228,"date":"2021-10-18T12:58:43","date_gmt":"2021-10-18T12:58:43","guid":{"rendered":"https:\/\/510premiumcarts.com\/?post_type=product&#038;p=228"},"modified":"2026-03-13T10:27:11","modified_gmt":"2026-03-13T10:27:11","slug":"cartouche-big-chief-thc-1g-gorilla-glue-4","status":"publish","type":"product","link":"https:\/\/510premiumcarts.com\/index.php\/product\/cartouche-big-chief-thc-1g-gorilla-glue-4\/","title":{"rendered":"Cartouche Big Chief THC 1G &#8211; Gorilla Glue 4"},"content":{"rendered":"<h1 id=\"et_prod_title\" class=\"\"><a href=\"https:\/\/510premiumcarts.com\/index.php\/product-category\/big-chiefs-carts\/\"><span style=\"color: #ffcc00;\"><bdi>Cartouche Big Chief THC 1G &#8211; Gorilla Glue 4<\/bdi><\/span><\/a><\/h1>\n<p>Big Chief Gorilla Glue 4 ou GG4, que nous appelons maintenant \u00ab\u00a0Original Glue\u00a0\u00bb en raison de la licence du nom de la soci\u00e9t\u00e9 d&rsquo;adh\u00e9sifs, est un hybride aromatique \u00e0 dominante indica originaire du Nevada. L&rsquo;\u00e9leveur de GG Strains, Joesy Whales, a d\u00e9cid\u00e9 d&rsquo;appeler cette vari\u00e9t\u00e9 \u00ab\u00a0Gorilla Glue\u00a0\u00bb en raison de la viscosit\u00e9 de la r\u00e9sine du bourgeon &#8211; lors de la taille de la plante, tout collait \u00e0 ses doigts et \u00e0 ses ciseaux comme le puissant adh\u00e9sif. Cartouche Big Chief THC 1G &#8211; Gorilla Glue 4<\/p>\n<p>Le profil terp\u00e9nique Big Chief Extracts Gorilla Glue #4 poss\u00e9dant des ar\u00f4mes piquants, terreux et de pin accompagne une relaxation intense et offre un soulagement du stress, de la douleur et de la perte d&rsquo;app\u00e9tit. Magasin de vapotage exotique vous laissera la meilleure exp\u00e9rience de vapotage de tous les temps.<\/p>\n<p><strong>Acheter une souche de gorille blanc<\/strong><\/p>\n<p>GG4 a \u00e9t\u00e9 cr\u00e9\u00e9 en <a href=\"https:\/\/www.allbud.com\/marijuana-strains\/indica-dominant-hybrid\/gorilla-glue-4\">croisant<\/a> Chem&rsquo;s Sister avec <a href=\"https:\/\/exoticvapeshop.com\/product\/big-chief-gorilla-glue-4\/\">Chocolate<\/a> Diesel et Sour Dubb. Le r\u00e9sultat <a href=\"https:\/\/weedbates.com\/vape-pens\/cartridges\/big-chief-thc-cartridge-1g-gorilla-glue-4\/\">est<\/a> <a href=\"https:\/\/exoticvapeshop.com\/product\/big-chief-gorilla-glue-4\/\">une<\/a> fleur puissante avec un ar\u00f4me de pin, de chocolat et de diesel. Il a \u00e9t\u00e9 rapport\u00e9 qu&rsquo;il produit de la relaxation, de l&rsquo;euphorie et de la somnolence. Ce qui en fait une vari\u00e9t\u00e9 tr\u00e8s populaire parmi les consommateurs de cannabis v\u00e9t\u00e9rans.<\/p>\n<p>Cette vari\u00e9t\u00e9 collante a remport\u00e9 plusieurs prix, dont <a href=\"https:\/\/www.onlyplatinum.me\/product\/big-chief-thc-cartridge-1g-gorilla-glue-4\/\">celui<\/a> de la meilleure fleur hybride. \u00c0 la World Cannabis Cup 2015 et 2e place pour la meilleure fleur hybride \u00e0 la Colorado Cannabis Cup 2016. 90,1\u00a0% de <a href=\"https:\/\/www.onlyplatinum.me\/product\/big-chief-thc-cartridge-1g-gorilla-glue-4\/\">THC<\/a> total<\/p>\n<h2 id=\"9\"><a href=\"https:\/\/bigchiefofficial.co\/product\/gorilla-glue-4\/\">Bienfaits m\u00e9dicaux de la Gorilla Glue #4<\/a><\/h2>\n<p>Gorilla Glue #4 a acquis la r\u00e9putation d&rsquo;aider ceux qui recherchent un soulagement <a href=\"https:\/\/bigchiefofficial.co\/product\/gorilla-glue-4\/\">pour<\/a> des affections telles que les maladies des gencives et les spasmes musculaires. Sa teneur en CBD et CBN est assez faible ; ce qui signifie que les patients ne le recherchent g\u00e9n\u00e9ralement pas avec des <a href=\"https:\/\/bigchiefofficial.co\/product\/gorilla-glue-4\/\">choses<\/a> comme des convulsions et des troubles nerveux. De nombreuses autres vari\u00e9t\u00e9s de cannabis \u00e0 forte teneur en CBD vous conviendront mieux ; si vous souffrez d&rsquo;une condition m\u00e9dicale plus grave.<\/p>\n<p><a href=\"https:\/\/exoticvapeshop.com\/product-category\/big-chief-cartridge\/\">Achetez d&rsquo;autres extraits de grands chefs ici.<\/a><\/p>\n","protected":false},"excerpt":{"rendered":"<p>Le profil de terp\u00e8ne Gorilla Glue #4 poss\u00e9dant des ar\u00f4mes piquants, terreux et de pin accompagne une relaxation intense et offre un soulagement du stress, de la douleur et de la perte d&rsquo;app\u00e9tit. 90,1\u00a0% de THC total<\/p>\n","protected":false},"featured_media":229,"comment_status":"open","ping_status":"closed","template":"","meta":{"_monsterinsights_skip_tracking":false,"_monsterinsights_sitenote_active":false,"_monsterinsights_sitenote_note":"","_monsterinsights_sitenote_category":0},"product_brand":[],"product_cat":[17],"product_tag":[6145,6141,6128,6142,6143,6121,6126,6127,1258,6146,6147,6148,6129,6124,6125,6140,1347,1348,1349,6139,1351,6102,6131,6133,6123,6122,6120,6157,6099,6100,6155,6156,1262,6134,6135,6132,6118,6119,6136,6130,6138,6158,6144,5396,1276,6154,1289,6151,6149,6150,6152,6153,6137],"class_list":{"0":"post-228","1":"product","2":"type-product","3":"status-publish","4":"has-post-thumbnail","6":"product_cat-big-chiefs-chariots","7":"product_tag-biscuits-og","8":"product_tag-chariot-de-colle-de-gorille-grand-chef","9":"product_tag-chariot-de-colle-gorille-grand-chef-4","10":"product_tag-chariot-de-kush","11":"product_tag-chariots-de-kush","12":"product_tag-chariots-gros-chef","13":"product_tag-colle-de-gorille-grand-chef","14":"product_tag-colle-de-gorille-grand-chef-4","15":"product_tag-cookie-og","16":"product_tag-coucher-de-soleil-gelato","17":"product_tag-coucher-de-soleil-gelato-grand-chef","18":"product_tag-coucher-de-soleil-og","19":"product_tag-examen-de-la-colle-de-gorille-grand-chef","20":"product_tag-extraits-de-grand-chef","21":"product_tag-extraits-de-grand-chef-gorille-colle-4","22":"product_tag-gorilla-chariot-de-colle","23":"product_tag-gorilla-glue-4-big-chief","24":"product_tag-gorilla-glue-4-big-chief-cart","25":"product_tag-gorilla-glue-4-big-chief-cart-review","26":"product_tag-gorilla-glue-4-souche-big-chief","27":"product_tag-gorilla-glue-big-chief","28":"product_tag-grand-chef","29":"product_tag-grand-fumeur-en-chef","30":"product_tag-grands-chefs","31":"product_tag-gros-chariots-chef-examen-de-la-colle-gorille","32":"product_tag-gros-chariots-chef-gorille-colle-4-souche","33":"product_tag-gros-chariots-cheif","34":"product_tag-huile-thc-espagne","35":"product_tag-huile-thc-irlande","36":"product_tag-huile-thc-italie","37":"product_tag-huile-thc-pologne","38":"product_tag-huile-thc-portugal","39":"product_tag-napalm-og","40":"product_tag-og-deau-noire","41":"product_tag-og-deau-noire-souche","42":"product_tag-pneu-grand-chef","43":"product_tag-souche-apple-jack","44":"product_tag-souche-apple-jacks","45":"product_tag-souche-deau-noire","46":"product_tag-souche-de-colle-de-gorille-grand-chef","47":"product_tag-souche-de-gateau-de-colle","48":"product_tag-souche-de-gorille-blanc","49":"product_tag-souche-de-napalm-og","50":"product_tag-stylos-vape-grand-chef","51":"product_tag-tangie-og","52":"product_tag-thc-huile-en-europe","53":"product_tag-thc-oil-austria","54":"product_tag-thc-petrole-allemagne","55":"product_tag-thc-petrole-finlande","56":"product_tag-thc-petrole-france","57":"product_tag-thc-petrole-grece","58":"product_tag-thc-petrole-hongrie","59":"product_tag-vapeur-de-chef","61":"first","62":"instock","63":"shipping-taxable","64":"purchasable","65":"product-type-simple"},"yoast_head":"<!-- This site is optimized with the Yoast SEO plugin v27.3 - https:\/\/yoast.com\/product\/yoast-seo-wordpress\/ -->\n<title>Cartouche Big Chief THC 1G - Gorilla Glue 4 - 510 Premium Carts<\/title>\n<meta name=\"description\" content=\"Cartouche Big Chief THC 1G - Gorilla Glue 4 Cette Gorilla Glue est limpide, non moussante, r\u00e9sistante \u00e0 l&#039;eau, extr\u00eamement s. Rendre le travail plus facile. Tout ce dont vous avez besoin. Propri\u00e9t\u00e9 familiale + exploit\u00e9\" \/>\n<meta name=\"robots\" content=\"index, follow, max-snippet:-1, max-image-preview:large, max-video-preview:-1\" \/>\n<link rel=\"canonical\" href=\"https:\/\/510premiumcarts.com\/index.php\/product\/cartouche-big-chief-thc-1g-gorilla-glue-4\/\" \/>\n<meta property=\"og:locale\" content=\"fr_FR\" \/>\n<meta property=\"og:type\" content=\"article\" \/>\n<meta property=\"og:title\" content=\"Cartouche Big Chief THC 1G - Gorilla Glue 4 - 510 Premium Carts\" \/>\n<meta property=\"og:description\" content=\"Cartouche Big Chief THC 1G - Gorilla Glue 4 Cette Gorilla Glue est limpide, non moussante, r\u00e9sistante \u00e0 l&#039;eau, extr\u00eamement s. Rendre le travail plus facile. Tout ce dont vous avez besoin. Propri\u00e9t\u00e9 familiale + exploit\u00e9\" \/>\n<meta property=\"og:url\" content=\"https:\/\/510premiumcarts.com\/index.php\/product\/cartouche-big-chief-thc-1g-gorilla-glue-4\/\" \/>\n<meta property=\"og:site_name\" content=\"510 Premium Carts\" \/>\n<meta property=\"article:modified_time\" content=\"2026-03-13T10:27:11+00:00\" \/>\n<meta property=\"og:image\" content=\"http:\/\/510premiumcarts.com\/wp-content\/uploads\/2021\/10\/Gorilla-Glue-4.jpg\" \/>\n\t<meta property=\"og:image:width\" content=\"800\" \/>\n\t<meta property=\"og:image:height\" content=\"600\" \/>\n\t<meta property=\"og:image:type\" content=\"image\/jpeg\" \/>\n<meta name=\"twitter:card\" content=\"summary_large_image\" \/>\n<meta name=\"twitter:label1\" content=\"Dur\u00e9e de lecture estim\u00e9e\" \/>\n\t<meta name=\"twitter:data1\" content=\"2 minutes\" \/>\n<script type=\"application\/ld+json\" class=\"yoast-schema-graph\">{\"@context\":\"https:\\\/\\\/schema.org\",\"@graph\":[{\"@type\":\"WebPage\",\"@id\":\"https:\\\/\\\/510premiumcarts.com\\\/index.php\\\/product\\\/cartouche-big-chief-thc-1g-gorilla-glue-4\\\/\",\"url\":\"https:\\\/\\\/510premiumcarts.com\\\/index.php\\\/product\\\/cartouche-big-chief-thc-1g-gorilla-glue-4\\\/\",\"name\":\"Cartouche Big Chief THC 1G - Gorilla Glue 4 - 510 Premium Carts\",\"isPartOf\":{\"@id\":\"https:\\\/\\\/510premiumcarts.com\\\/#website\"},\"primaryImageOfPage\":{\"@id\":\"https:\\\/\\\/510premiumcarts.com\\\/index.php\\\/product\\\/cartouche-big-chief-thc-1g-gorilla-glue-4\\\/#primaryimage\"},\"image\":{\"@id\":\"https:\\\/\\\/510premiumcarts.com\\\/index.php\\\/product\\\/cartouche-big-chief-thc-1g-gorilla-glue-4\\\/#primaryimage\"},\"thumbnailUrl\":\"https:\\\/\\\/510premiumcarts.com\\\/wp-content\\\/uploads\\\/2021\\\/10\\\/Gorilla-Glue-4.jpg\",\"datePublished\":\"2021-10-18T12:58:43+00:00\",\"dateModified\":\"2026-03-13T10:27:11+00:00\",\"description\":\"Cartouche Big Chief THC 1G - Gorilla Glue 4 Cette Gorilla Glue est limpide, non moussante, r\u00e9sistante \u00e0 l'eau, extr\u00eamement s. Rendre le travail plus facile. Tout ce dont vous avez besoin. Propri\u00e9t\u00e9 familiale + exploit\u00e9\",\"breadcrumb\":{\"@id\":\"https:\\\/\\\/510premiumcarts.com\\\/index.php\\\/product\\\/cartouche-big-chief-thc-1g-gorilla-glue-4\\\/#breadcrumb\"},\"inLanguage\":\"fr-FR\",\"potentialAction\":[{\"@type\":\"ReadAction\",\"target\":[\"https:\\\/\\\/510premiumcarts.com\\\/index.php\\\/product\\\/cartouche-big-chief-thc-1g-gorilla-glue-4\\\/\"]}]},{\"@type\":\"ImageObject\",\"inLanguage\":\"fr-FR\",\"@id\":\"https:\\\/\\\/510premiumcarts.com\\\/index.php\\\/product\\\/cartouche-big-chief-thc-1g-gorilla-glue-4\\\/#primaryimage\",\"url\":\"https:\\\/\\\/510premiumcarts.com\\\/wp-content\\\/uploads\\\/2021\\\/10\\\/Gorilla-Glue-4.jpg\",\"contentUrl\":\"https:\\\/\\\/510premiumcarts.com\\\/wp-content\\\/uploads\\\/2021\\\/10\\\/Gorilla-Glue-4.jpg\",\"width\":800,\"height\":600},{\"@type\":\"BreadcrumbList\",\"@id\":\"https:\\\/\\\/510premiumcarts.com\\\/index.php\\\/product\\\/cartouche-big-chief-thc-1g-gorilla-glue-4\\\/#breadcrumb\",\"itemListElement\":[{\"@type\":\"ListItem\",\"position\":1,\"name\":\"Home\",\"item\":\"https:\\\/\\\/510premiumcarts.com\\\/\"},{\"@type\":\"ListItem\",\"position\":2,\"name\":\"Marques de vapotage\",\"item\":\"https:\\\/\\\/510premiumcarts.com\\\/index.php\\\/acheter-du-cannabis\\\/\"},{\"@type\":\"ListItem\",\"position\":3,\"name\":\"Cartouche Big Chief THC 1G &#8211; Gorilla Glue 4\"}]},{\"@type\":\"WebSite\",\"@id\":\"https:\\\/\\\/510premiumcarts.com\\\/#website\",\"url\":\"https:\\\/\\\/510premiumcarts.com\\\/\",\"name\":\"510 Premium Carts\",\"description\":\"Just another WordPress site\",\"potentialAction\":[{\"@type\":\"SearchAction\",\"target\":{\"@type\":\"EntryPoint\",\"urlTemplate\":\"https:\\\/\\\/510premiumcarts.com\\\/?s={search_term_string}\"},\"query-input\":{\"@type\":\"PropertyValueSpecification\",\"valueRequired\":true,\"valueName\":\"search_term_string\"}}],\"inLanguage\":\"fr-FR\"}]}<\/script>\n<!-- \/ Yoast SEO plugin. -->","yoast_head_json":{"title":"Cartouche Big Chief THC 1G - Gorilla Glue 4 - 510 Premium Carts","description":"Cartouche Big Chief THC 1G - Gorilla Glue 4 Cette Gorilla Glue est limpide, non moussante, r\u00e9sistante \u00e0 l'eau, extr\u00eamement s. Rendre le travail plus facile. Tout ce dont vous avez besoin. Propri\u00e9t\u00e9 familiale + exploit\u00e9","robots":{"index":"index","follow":"follow","max-snippet":"max-snippet:-1","max-image-preview":"max-image-preview:large","max-video-preview":"max-video-preview:-1"},"canonical":"https:\/\/510premiumcarts.com\/index.php\/product\/cartouche-big-chief-thc-1g-gorilla-glue-4\/","og_locale":"fr_FR","og_type":"article","og_title":"Cartouche Big Chief THC 1G - Gorilla Glue 4 - 510 Premium Carts","og_description":"Cartouche Big Chief THC 1G - Gorilla Glue 4 Cette Gorilla Glue est limpide, non moussante, r\u00e9sistante \u00e0 l'eau, extr\u00eamement s. Rendre le travail plus facile. Tout ce dont vous avez besoin. Propri\u00e9t\u00e9 familiale + exploit\u00e9","og_url":"https:\/\/510premiumcarts.com\/index.php\/product\/cartouche-big-chief-thc-1g-gorilla-glue-4\/","og_site_name":"510 Premium Carts","article_modified_time":"2026-03-13T10:27:11+00:00","og_image":[{"width":800,"height":600,"url":"http:\/\/510premiumcarts.com\/wp-content\/uploads\/2021\/10\/Gorilla-Glue-4.jpg","type":"image\/jpeg"}],"twitter_card":"summary_large_image","twitter_misc":{"Dur\u00e9e de lecture estim\u00e9e":"2 minutes"},"schema":{"@context":"https:\/\/schema.org","@graph":[{"@type":"WebPage","@id":"https:\/\/510premiumcarts.com\/index.php\/product\/cartouche-big-chief-thc-1g-gorilla-glue-4\/","url":"https:\/\/510premiumcarts.com\/index.php\/product\/cartouche-big-chief-thc-1g-gorilla-glue-4\/","name":"Cartouche Big Chief THC 1G - Gorilla Glue 4 - 510 Premium Carts","isPartOf":{"@id":"https:\/\/510premiumcarts.com\/#website"},"primaryImageOfPage":{"@id":"https:\/\/510premiumcarts.com\/index.php\/product\/cartouche-big-chief-thc-1g-gorilla-glue-4\/#primaryimage"},"image":{"@id":"https:\/\/510premiumcarts.com\/index.php\/product\/cartouche-big-chief-thc-1g-gorilla-glue-4\/#primaryimage"},"thumbnailUrl":"https:\/\/510premiumcarts.com\/wp-content\/uploads\/2021\/10\/Gorilla-Glue-4.jpg","datePublished":"2021-10-18T12:58:43+00:00","dateModified":"2026-03-13T10:27:11+00:00","description":"Cartouche Big Chief THC 1G - Gorilla Glue 4 Cette Gorilla Glue est limpide, non moussante, r\u00e9sistante \u00e0 l'eau, extr\u00eamement s. Rendre le travail plus facile. Tout ce dont vous avez besoin. Propri\u00e9t\u00e9 familiale + exploit\u00e9","breadcrumb":{"@id":"https:\/\/510premiumcarts.com\/index.php\/product\/cartouche-big-chief-thc-1g-gorilla-glue-4\/#breadcrumb"},"inLanguage":"fr-FR","potentialAction":[{"@type":"ReadAction","target":["https:\/\/510premiumcarts.com\/index.php\/product\/cartouche-big-chief-thc-1g-gorilla-glue-4\/"]}]},{"@type":"ImageObject","inLanguage":"fr-FR","@id":"https:\/\/510premiumcarts.com\/index.php\/product\/cartouche-big-chief-thc-1g-gorilla-glue-4\/#primaryimage","url":"https:\/\/510premiumcarts.com\/wp-content\/uploads\/2021\/10\/Gorilla-Glue-4.jpg","contentUrl":"https:\/\/510premiumcarts.com\/wp-content\/uploads\/2021\/10\/Gorilla-Glue-4.jpg","width":800,"height":600},{"@type":"BreadcrumbList","@id":"https:\/\/510premiumcarts.com\/index.php\/product\/cartouche-big-chief-thc-1g-gorilla-glue-4\/#breadcrumb","itemListElement":[{"@type":"ListItem","position":1,"name":"Home","item":"https:\/\/510premiumcarts.com\/"},{"@type":"ListItem","position":2,"name":"Marques de vapotage","item":"https:\/\/510premiumcarts.com\/index.php\/acheter-du-cannabis\/"},{"@type":"ListItem","position":3,"name":"Cartouche Big Chief THC 1G &#8211; Gorilla Glue 4"}]},{"@type":"WebSite","@id":"https:\/\/510premiumcarts.com\/#website","url":"https:\/\/510premiumcarts.com\/","name":"510 Premium Carts","description":"Just another WordPress site","potentialAction":[{"@type":"SearchAction","target":{"@type":"EntryPoint","urlTemplate":"https:\/\/510premiumcarts.com\/?s={search_term_string}"},"query-input":{"@type":"PropertyValueSpecification","valueRequired":true,"valueName":"search_term_string"}}],"inLanguage":"fr-FR"}]}},"jetpack_sharing_enabled":true,"_links":{"self":[{"href":"https:\/\/510premiumcarts.com\/index.php\/wp-json\/wp\/v2\/product\/228","targetHints":{"allow":["GET"]}}],"collection":[{"href":"https:\/\/510premiumcarts.com\/index.php\/wp-json\/wp\/v2\/product"}],"about":[{"href":"https:\/\/510premiumcarts.com\/index.php\/wp-json\/wp\/v2\/types\/product"}],"replies":[{"embeddable":true,"href":"https:\/\/510premiumcarts.com\/index.php\/wp-json\/wp\/v2\/comments?post=228"}],"wp:featuredmedia":[{"embeddable":true,"href":"https:\/\/510premiumcarts.com\/index.php\/wp-json\/wp\/v2\/media\/229"}],"wp:attachment":[{"href":"https:\/\/510premiumcarts.com\/index.php\/wp-json\/wp\/v2\/media?parent=228"}],"wp:term":[{"taxonomy":"product_brand","embeddable":true,"href":"https:\/\/510premiumcarts.com\/index.php\/wp-json\/wp\/v2\/product_brand?post=228"},{"taxonomy":"product_cat","embeddable":true,"href":"https:\/\/510premiumcarts.com\/index.php\/wp-json\/wp\/v2\/product_cat?post=228"},{"taxonomy":"product_tag","embeddable":true,"href":"https:\/\/510premiumcarts.com\/index.php\/wp-json\/wp\/v2\/product_tag?post=228"}],"curies":[{"name":"wp","href":"https:\/\/api.w.org\/{rel}","templated":true}]}}