{"id":230,"date":"2021-10-18T13:00:43","date_gmt":"2021-10-18T13:00:43","guid":{"rendered":"https:\/\/510premiumcarts.com\/?post_type=product&#038;p=230"},"modified":"2023-03-11T18:29:16","modified_gmt":"2023-03-11T18:29:16","slug":"grand-daddy-purp","status":"publish","type":"product","link":"https:\/\/510premiumcarts.com\/index.php\/product\/grand-daddy-purp\/","title":{"rendered":"Big Chief Grand Daddy Violet"},"content":{"rendered":"<h1><a href=\"https:\/\/510premiumcarts.com\/index.php\/product-category\/big-chiefs-carts\/\"><span style=\"color: #ffcc00;\">Big Chief Grand Daddy Purple<\/span><\/a><\/h1>\n<p>Buy Big Chief Carts est une marque bas\u00e9e en Californie qui vise \u00e0 \u00e9tablir les normes en mati\u00e8re de mise sur le march\u00e9 des produits les plus purs et de la meilleure qualit\u00e9.<\/p>\n<p>Pour y parvenir, nous avons construit notre marque en utilisant une \u00e9quipe qui comprend les meilleurs de l&rsquo;industrie.<\/p>\n<p>Nous sommes int\u00e9gr\u00e9s verticalement, ce qui <a href=\"https:\/\/www.bigchiefcarts.org\/product\/big-chief-grand-daddy-purple\/\">nous<\/a> permet de contr\u00f4ler <a href=\"https:\/\/www.bigchiefcarts.org\/product\/big-chief-grand-daddy-purple\/\">l&rsquo;ensemble<\/a> de notre processus, de la graine au produit final.<\/p>\n<p>La marque est destin\u00e9e \u00e0 ceux qui visent \u00e0 devenir les meilleurs dans ce qu&rsquo;ils font. Restez Big Chief&rsquo;s!<\/p>\n<p>Achetez des extraits de grands chefs en ligne pour le fournisseur de vape et de chariots le plus r\u00e9put\u00e9 bud 510premiumcarts en ligne, sans tracas et avec une exp\u00e9dition garantie le lendemain. Nous avons une garantie de remboursement en cas de livraison impromptue ou erron\u00e9e et tous nos produits sont de qualit\u00e9 sup\u00e9rieure et \u00e0 moindre co\u00fbt. Commandez maintenant des extraits de grands chefs avec nous pour les meilleures offres. Grand<\/p>\n<p><span style=\"color: #ffffff; font-size: 14.4px;\"> Chief Grand Daddy Purple<\/span><\/p>\n<h3>Grands <a href=\"https:\/\/purpledranklean.com\/product\/big-chief-grand-daddy-purple\/\">extraits<\/a> de chef Saveurs<\/h3>\n<p>OG D&rsquo;EAU <a href=\"https:\/\/weedbates.com\/vape-pens\/cartridges\/big-chief-thc-cartridge-1g-granddaddypurple\/?vendor_id=0\">NOIRE<\/a> (I)<br \/>\n\u2022POMME CRIC (<a href=\"https:\/\/805-cannabis.com\/product\/big-chief-granddaddy-purple-cartridge-1g\/\">S<\/a>)<br \/>\n\u2022<a href=\"https:\/\/purpledranklean.com\/product\/big-chief-grand-daddy-purple\/\">BLACKBERRY<\/a> <a href=\"https:\/\/whiteruntzbuds.com\/product\/big-chief-extracts-grand-daddy-purple\/\">KUSH<\/a> (I)<br \/>\n\u2022SOUR TANGIE (S)<br \/>\n\u2022 GLACE AU COUCHER DE SOLEIL (H)<br \/>\n\u2022 GORILLE COLLE 4 (H)<br \/>\n\u2022 GRAND PAPA PURP (I)<br \/>\n\u2022 VEUVE <a href=\"https:\/\/weedbates.com\/vape-pens\/cartridges\/big-chief-thc-cartridge-1g-granddaddypurple\/?vendor_id=0\">BLANCHE<\/a> (S)<br \/>\n\u2022NAPALM OG (I)<\/p>\n<h3><strong><a href=\"https:\/\/thehollyweed.com\/all-weed-products\/cartridges\/big-chief-extracts-the-distillate-cartridge-grand-daddy-purple\/\">Avertissement<\/a>.<\/strong><\/h3>\n<p>Ce produit contient du cannabis, une substance r\u00e9pertori\u00e9e. <a href=\"https:\/\/whiteruntzbuds.com\/product\/big-chief-extracts-grand-daddy-purple\/\">Tenir<\/a> hors de la port\u00e9e des enfants et des animaux. Les produits \u00e0 base de cannabis ne peuvent \u00eatre que poss\u00e9d\u00e9s ou consomm\u00e9s. par des personnes de plus de 21\u00a0ans, sauf si la personne est un patient qualifi\u00e9. Les effets enivrants des produits \u00e0 base de cannabis peuvent durer jusqu&rsquo;\u00e0 deux heures. La consommation de cannabis pendant la grossesse ou l&rsquo;allaitement peut \u00eatre nocive. La consommation de ces produits alt\u00e8re votre capacit\u00e9 \u00e0 conduire des machines. Veuillez faire preuve d&rsquo;une extr\u00eame prudence.<\/p>\n<p>Acheter des extraits de grands chefs en ligne<\/p>\n","protected":false},"excerpt":{"rendered":"<p>Big Chief Grand Daddy Purple Buy Big Chief Carts est une marque bas\u00e9e en Californie qui vise \u00e0 \u00e9tablir les normes en mati\u00e8re de mise sur le march\u00e9 des produits les plus purs et de la meilleure qualit\u00e9. Pour y parvenir, nous avons construit notre marque en utilisant une \u00e9quipe qui comprend les meilleurs de [&#8230;]\n","protected":false},"featured_media":231,"comment_status":"open","ping_status":"closed","template":"","meta":{"_monsterinsights_skip_tracking":false,"_monsterinsights_sitenote_active":false,"_monsterinsights_sitenote_note":"","_monsterinsights_sitenote_category":0},"product_brand":[],"product_cat":[17],"product_tag":[6159,6184,6181,6180,6182,6183,6179,6171,6172,6174,6190,6173,6188,6185,6186,6187,6162,6192,6164,6170,6161,6177,6165,6191,6169,6167,6189,1375,6102,6168,6175,6160,6166,6176,6163,6178,6193],"class_list":{"0":"post-230","1":"product","2":"type-product","3":"status-publish","4":"has-post-thumbnail","6":"product_cat-big-chiefs-chariots","7":"product_tag-710-laboratoires","8":"product_tag-acheter-aigre-chariots-enchevetrement","9":"product_tag-acheter-des-chariots-big-chief-en-ligne","10":"product_tag-acheter-des-chariots-big-chief-grand-daddy-purple-en-ligne","11":"product_tag-acheter-des-chariots-big-chief","12":"product_tag-acheter-des-chariots-puissants-en-ligne","13":"product_tag-acheter-une-cartouche-big-chief","14":"product_tag-big-chief-grand-daddy-violet","15":"product_tag-big-chief-grand-daddy-violet-a-vendre","16":"product_tag-cartouches-de-grand-chef-haute-puissance","17":"product_tag-chariots-de-grand-chef-de-code-qr","18":"product_tag-chariots-de-grand-chef-haute-puissance","19":"product_tag-chariots-de-grand-chef-testes-en-laboratoire","20":"product_tag-chariots-violets-grand-pere","21":"product_tag-comment-acheter-des-extraits-de-grand-chef","22":"product_tag-comment-acheter-du-grand-chef-en-ligne","23":"product_tag-enchevetrement-aigre-du-grand-chef","24":"product_tag-examen-de-lenchevetrement-aigre","25":"product_tag-examen-des-cartouches-du-grand-chef","26":"product_tag-examen-des-extraits-de-grand-chef","27":"product_tag-examen-des-gros-chariots","28":"product_tag-examen-du-grand-chef-sour-tangie","29":"product_tag-examen-en-ligne-des-chariots-du-grand-chef","30":"product_tag-extraits-de-grand-chef-de-code-qr","31":"product_tag-extraits-de-grand-chef-grand-papa-violet","32":"product_tag-extraits-du-grand-chef","33":"product_tag-feuillus","34":"product_tag-gdp","35":"product_tag-grand-chef","36":"product_tag-grand-chef-chariots-dextraits","37":"product_tag-grand-chef-en-direct-resine","38":"product_tag-les-gros-chariots-en-chef-sont-bons","39":"product_tag-prix-des-chariots-du-grand-chef","40":"product_tag-prix-du-grand-chef","41":"product_tag-saveurs-du-chariot-du-grand-chef-a-vendre","42":"product_tag-site-web-du-grand-chef","43":"product_tag-thc-vape-chariots","45":"first","46":"instock","47":"shipping-taxable","48":"purchasable","49":"product-type-simple"},"yoast_head":"<!-- This site is optimized with the Yoast SEO plugin v27.3 - https:\/\/yoast.com\/product\/yoast-seo-wordpress\/ -->\n<title>Big Chief Grand Daddy Purple - 510 Premium Carts<\/title>\n<meta name=\"description\" content=\"Big Chief Grand Daddy Purple Achetez des extraits de grands chefs en ligne. Granddaddy Purple est l&#039;une des souches Indica les plus populaires en Californie et est peut-\u00eatre la \u00ab violette \u00bb la plus connue.\" \/>\n<meta name=\"robots\" content=\"index, follow, max-snippet:-1, max-image-preview:large, max-video-preview:-1\" \/>\n<link rel=\"canonical\" href=\"https:\/\/510premiumcarts.com\/index.php\/product\/grand-daddy-purp\/\" \/>\n<meta property=\"og:locale\" content=\"fr_FR\" \/>\n<meta property=\"og:type\" content=\"article\" \/>\n<meta property=\"og:title\" content=\"Big Chief Grand Daddy Purple - 510 Premium Carts\" \/>\n<meta property=\"og:description\" content=\"Big Chief Grand Daddy Purple Achetez des extraits de grands chefs en ligne. Granddaddy Purple est l&#039;une des souches Indica les plus populaires en Californie et est peut-\u00eatre la \u00ab violette \u00bb la plus connue.\" \/>\n<meta property=\"og:url\" content=\"https:\/\/510premiumcarts.com\/index.php\/product\/grand-daddy-purp\/\" \/>\n<meta property=\"og:site_name\" content=\"510 Premium Carts\" \/>\n<meta property=\"article:modified_time\" content=\"2023-03-11T18:29:16+00:00\" \/>\n<meta property=\"og:image\" content=\"http:\/\/510premiumcarts.com\/wp-content\/uploads\/2021\/10\/Grand-Daddy-Purp.jpg\" \/>\n\t<meta property=\"og:image:width\" content=\"1000\" \/>\n\t<meta property=\"og:image:height\" content=\"1000\" \/>\n\t<meta property=\"og:image:type\" content=\"image\/jpeg\" \/>\n<meta name=\"twitter:card\" content=\"summary_large_image\" \/>\n<meta name=\"twitter:label1\" content=\"Dur\u00e9e de lecture estim\u00e9e\" \/>\n\t<meta name=\"twitter:data1\" content=\"2 minutes\" \/>\n<script type=\"application\/ld+json\" class=\"yoast-schema-graph\">{\"@context\":\"https:\\\/\\\/schema.org\",\"@graph\":[{\"@type\":\"WebPage\",\"@id\":\"https:\\\/\\\/510premiumcarts.com\\\/index.php\\\/product\\\/grand-daddy-purp\\\/\",\"url\":\"https:\\\/\\\/510premiumcarts.com\\\/index.php\\\/product\\\/grand-daddy-purp\\\/\",\"name\":\"Big Chief Grand Daddy Purple - 510 Premium Carts\",\"isPartOf\":{\"@id\":\"https:\\\/\\\/510premiumcarts.com\\\/#website\"},\"primaryImageOfPage\":{\"@id\":\"https:\\\/\\\/510premiumcarts.com\\\/index.php\\\/product\\\/grand-daddy-purp\\\/#primaryimage\"},\"image\":{\"@id\":\"https:\\\/\\\/510premiumcarts.com\\\/index.php\\\/product\\\/grand-daddy-purp\\\/#primaryimage\"},\"thumbnailUrl\":\"https:\\\/\\\/510premiumcarts.com\\\/wp-content\\\/uploads\\\/2021\\\/10\\\/Grand-Daddy-Purp.jpg\",\"datePublished\":\"2021-10-18T13:00:43+00:00\",\"dateModified\":\"2023-03-11T18:29:16+00:00\",\"description\":\"Big Chief Grand Daddy Purple Achetez des extraits de grands chefs en ligne. Granddaddy Purple est l'une des souches Indica les plus populaires en Californie et est peut-\u00eatre la \u00ab violette \u00bb la plus connue.\",\"breadcrumb\":{\"@id\":\"https:\\\/\\\/510premiumcarts.com\\\/index.php\\\/product\\\/grand-daddy-purp\\\/#breadcrumb\"},\"inLanguage\":\"fr-FR\",\"potentialAction\":[{\"@type\":\"ReadAction\",\"target\":[\"https:\\\/\\\/510premiumcarts.com\\\/index.php\\\/product\\\/grand-daddy-purp\\\/\"]}]},{\"@type\":\"ImageObject\",\"inLanguage\":\"fr-FR\",\"@id\":\"https:\\\/\\\/510premiumcarts.com\\\/index.php\\\/product\\\/grand-daddy-purp\\\/#primaryimage\",\"url\":\"https:\\\/\\\/510premiumcarts.com\\\/wp-content\\\/uploads\\\/2021\\\/10\\\/Grand-Daddy-Purp.jpg\",\"contentUrl\":\"https:\\\/\\\/510premiumcarts.com\\\/wp-content\\\/uploads\\\/2021\\\/10\\\/Grand-Daddy-Purp.jpg\",\"width\":1000,\"height\":1000,\"caption\":\"Big Chief Grand Daddy Purple\"},{\"@type\":\"BreadcrumbList\",\"@id\":\"https:\\\/\\\/510premiumcarts.com\\\/index.php\\\/product\\\/grand-daddy-purp\\\/#breadcrumb\",\"itemListElement\":[{\"@type\":\"ListItem\",\"position\":1,\"name\":\"Home\",\"item\":\"https:\\\/\\\/510premiumcarts.com\\\/\"},{\"@type\":\"ListItem\",\"position\":2,\"name\":\"Marques de vapotage\",\"item\":\"https:\\\/\\\/510premiumcarts.com\\\/index.php\\\/acheter-du-cannabis\\\/\"},{\"@type\":\"ListItem\",\"position\":3,\"name\":\"Big Chief Grand Daddy Violet\"}]},{\"@type\":\"WebSite\",\"@id\":\"https:\\\/\\\/510premiumcarts.com\\\/#website\",\"url\":\"https:\\\/\\\/510premiumcarts.com\\\/\",\"name\":\"510 Premium Carts\",\"description\":\"Just another WordPress site\",\"potentialAction\":[{\"@type\":\"SearchAction\",\"target\":{\"@type\":\"EntryPoint\",\"urlTemplate\":\"https:\\\/\\\/510premiumcarts.com\\\/?s={search_term_string}\"},\"query-input\":{\"@type\":\"PropertyValueSpecification\",\"valueRequired\":true,\"valueName\":\"search_term_string\"}}],\"inLanguage\":\"fr-FR\"}]}<\/script>\n<!-- \/ Yoast SEO plugin. -->","yoast_head_json":{"title":"Big Chief Grand Daddy Purple - 510 Premium Carts","description":"Big Chief Grand Daddy Purple Achetez des extraits de grands chefs en ligne. Granddaddy Purple est l'une des souches Indica les plus populaires en Californie et est peut-\u00eatre la \u00ab violette \u00bb la plus connue.","robots":{"index":"index","follow":"follow","max-snippet":"max-snippet:-1","max-image-preview":"max-image-preview:large","max-video-preview":"max-video-preview:-1"},"canonical":"https:\/\/510premiumcarts.com\/index.php\/product\/grand-daddy-purp\/","og_locale":"fr_FR","og_type":"article","og_title":"Big Chief Grand Daddy Purple - 510 Premium Carts","og_description":"Big Chief Grand Daddy Purple Achetez des extraits de grands chefs en ligne. Granddaddy Purple est l'une des souches Indica les plus populaires en Californie et est peut-\u00eatre la \u00ab violette \u00bb la plus connue.","og_url":"https:\/\/510premiumcarts.com\/index.php\/product\/grand-daddy-purp\/","og_site_name":"510 Premium Carts","article_modified_time":"2023-03-11T18:29:16+00:00","og_image":[{"width":1000,"height":1000,"url":"http:\/\/510premiumcarts.com\/wp-content\/uploads\/2021\/10\/Grand-Daddy-Purp.jpg","type":"image\/jpeg"}],"twitter_card":"summary_large_image","twitter_misc":{"Dur\u00e9e de lecture estim\u00e9e":"2 minutes"},"schema":{"@context":"https:\/\/schema.org","@graph":[{"@type":"WebPage","@id":"https:\/\/510premiumcarts.com\/index.php\/product\/grand-daddy-purp\/","url":"https:\/\/510premiumcarts.com\/index.php\/product\/grand-daddy-purp\/","name":"Big Chief Grand Daddy Purple - 510 Premium Carts","isPartOf":{"@id":"https:\/\/510premiumcarts.com\/#website"},"primaryImageOfPage":{"@id":"https:\/\/510premiumcarts.com\/index.php\/product\/grand-daddy-purp\/#primaryimage"},"image":{"@id":"https:\/\/510premiumcarts.com\/index.php\/product\/grand-daddy-purp\/#primaryimage"},"thumbnailUrl":"https:\/\/510premiumcarts.com\/wp-content\/uploads\/2021\/10\/Grand-Daddy-Purp.jpg","datePublished":"2021-10-18T13:00:43+00:00","dateModified":"2023-03-11T18:29:16+00:00","description":"Big Chief Grand Daddy Purple Achetez des extraits de grands chefs en ligne. Granddaddy Purple est l'une des souches Indica les plus populaires en Californie et est peut-\u00eatre la \u00ab violette \u00bb la plus connue.","breadcrumb":{"@id":"https:\/\/510premiumcarts.com\/index.php\/product\/grand-daddy-purp\/#breadcrumb"},"inLanguage":"fr-FR","potentialAction":[{"@type":"ReadAction","target":["https:\/\/510premiumcarts.com\/index.php\/product\/grand-daddy-purp\/"]}]},{"@type":"ImageObject","inLanguage":"fr-FR","@id":"https:\/\/510premiumcarts.com\/index.php\/product\/grand-daddy-purp\/#primaryimage","url":"https:\/\/510premiumcarts.com\/wp-content\/uploads\/2021\/10\/Grand-Daddy-Purp.jpg","contentUrl":"https:\/\/510premiumcarts.com\/wp-content\/uploads\/2021\/10\/Grand-Daddy-Purp.jpg","width":1000,"height":1000,"caption":"Big Chief Grand Daddy Purple"},{"@type":"BreadcrumbList","@id":"https:\/\/510premiumcarts.com\/index.php\/product\/grand-daddy-purp\/#breadcrumb","itemListElement":[{"@type":"ListItem","position":1,"name":"Home","item":"https:\/\/510premiumcarts.com\/"},{"@type":"ListItem","position":2,"name":"Marques de vapotage","item":"https:\/\/510premiumcarts.com\/index.php\/acheter-du-cannabis\/"},{"@type":"ListItem","position":3,"name":"Big Chief Grand Daddy Violet"}]},{"@type":"WebSite","@id":"https:\/\/510premiumcarts.com\/#website","url":"https:\/\/510premiumcarts.com\/","name":"510 Premium Carts","description":"Just another WordPress site","potentialAction":[{"@type":"SearchAction","target":{"@type":"EntryPoint","urlTemplate":"https:\/\/510premiumcarts.com\/?s={search_term_string}"},"query-input":{"@type":"PropertyValueSpecification","valueRequired":true,"valueName":"search_term_string"}}],"inLanguage":"fr-FR"}]}},"jetpack_sharing_enabled":true,"_links":{"self":[{"href":"https:\/\/510premiumcarts.com\/index.php\/wp-json\/wp\/v2\/product\/230","targetHints":{"allow":["GET"]}}],"collection":[{"href":"https:\/\/510premiumcarts.com\/index.php\/wp-json\/wp\/v2\/product"}],"about":[{"href":"https:\/\/510premiumcarts.com\/index.php\/wp-json\/wp\/v2\/types\/product"}],"replies":[{"embeddable":true,"href":"https:\/\/510premiumcarts.com\/index.php\/wp-json\/wp\/v2\/comments?post=230"}],"wp:featuredmedia":[{"embeddable":true,"href":"https:\/\/510premiumcarts.com\/index.php\/wp-json\/wp\/v2\/media\/231"}],"wp:attachment":[{"href":"https:\/\/510premiumcarts.com\/index.php\/wp-json\/wp\/v2\/media?parent=230"}],"wp:term":[{"taxonomy":"product_brand","embeddable":true,"href":"https:\/\/510premiumcarts.com\/index.php\/wp-json\/wp\/v2\/product_brand?post=230"},{"taxonomy":"product_cat","embeddable":true,"href":"https:\/\/510premiumcarts.com\/index.php\/wp-json\/wp\/v2\/product_cat?post=230"},{"taxonomy":"product_tag","embeddable":true,"href":"https:\/\/510premiumcarts.com\/index.php\/wp-json\/wp\/v2\/product_tag?post=230"}],"curies":[{"name":"wp","href":"https:\/\/api.w.org\/{rel}","templated":true}]}}