{"id":232,"date":"2021-10-18T13:32:43","date_gmt":"2021-10-18T13:32:43","guid":{"rendered":"https:\/\/510premiumcarts.com\/?post_type=product&#038;p=232"},"modified":"2026-02-27T22:23:13","modified_gmt":"2026-02-27T22:23:13","slug":"cartouche-big-chief-thc-1g-og-kush","status":"publish","type":"product","link":"https:\/\/510premiumcarts.com\/index.php\/product\/cartouche-big-chief-thc-1g-og-kush\/","title":{"rendered":"Cartouche Big Chief THC 1G &#8211; OG Kush"},"content":{"rendered":"<h1 id=\"et_prod_title\" class=\"\"><a href=\"https:\/\/510premiumcarts.com\/index.php\/product-category\/big-chiefs-carts\/\"><span style=\"color: #ffcc00;\"><bdi>Cartouche Big Chief THC 1G &#8211; OG Kush<\/bdi><\/span><\/a><\/h1>\n<p>OG Kush, \u00e9galement connue sous le nom de \u00ab\u00a0Premium OG Kush\u00a0\u00bb, a \u00e9t\u00e9 cultiv\u00e9e pour la premi\u00e8re fois en Floride au d\u00e9but des ann\u00e9es 90 lorsqu&rsquo;une vari\u00e9t\u00e9 de marijuana du nord de la Californie a \u00e9t\u00e9 soi-disant crois\u00e9e avec Chemdawg, Lemon Thai et une plante Hindu Kush d&rsquo;Amsterdam. Le r\u00e9sultat \u00e9tait un hybride avec un profil terp\u00e9nique unique qui poss\u00e8de un ar\u00f4me complexe avec des notes de carburant, de skunk et d&rsquo;\u00e9pices. OG fait souvent r\u00e9f\u00e9rence \u00e0 Original Gangster, indiquant soit l&rsquo;authenticit\u00e9 soit l&rsquo;intensit\u00e9 des vari\u00e9t\u00e9s. OG Kush devrait sentir le citron-pin-carburant avec un effet t\u00eate et corps \u00e0 haute teneur en THC. Il est souvent appr\u00e9ci\u00e9 dans la deuxi\u00e8me moiti\u00e9 de la journ\u00e9e pour att\u00e9nuer le stress. <span style=\"color: #ffffff;\">Cartouche Big Chief THC 1G &#8211; OG Kush<\/span><\/p>\n<h3><strong>\u00c0 propos de cette vari\u00e9t\u00e9: OG Kush<\/strong><\/h3>\n<p>OG Kush est une vari\u00e9t\u00e9 de renomm\u00e9e mondiale <a href=\"https:\/\/www.onlyplatinum.me\/product\/big-chief-thc-cartridge-1g-skywalker-og\/\">propag\u00e9e <\/a>pour la premi\u00e8re fois par Matt Berger en Floride. La vari\u00e9t\u00e9 a ensuite \u00e9t\u00e9 popularis\u00e9e apr\u00e8s que Josh Del Rosso, alias JoshD, ait pu perfectionner les conditions de culture et introduire la vari\u00e9t\u00e9 sur le march\u00e9 de Los Angeles. JoshD Farms rapporte que les utilisateurs d&rsquo;OG Kush peuvent s&rsquo;attendre \u00e0 une euphorie durable, lourde mais polyvalente et \u00e0 une saveur et un ar\u00f4me d&rsquo;agrumes skunk. La soci\u00e9t\u00e9 se concentre d\u00e9sormais exclusivement sur le d\u00e9veloppement de souches et de produits d\u00e9riv\u00e9s d&rsquo;OG Kush. JoshD Farms rapporte une teneur moyenne en THC de 20 % d&rsquo;OG Kush, avec des tests de culture en int\u00e9rieur atteignant 26 %. Le myrc\u00e8ne, le limon\u00e8ne et le caryophyll\u00e8ne sont les terp\u00e8nes dominants de la vari\u00e9t\u00e9. Selon JoshD Farms, les ph\u00e9notypes et la prog\u00e9niture qui honorent l&rsquo;effet caract\u00e9ristique et le profil de saveur d&rsquo;OG Kush incluent Kosher Kush, Triangle Kush, Skywalker OG et Loompa&rsquo;s Headband. Berger a d\u00e9clar\u00e9 avoir obtenu la souche d&rsquo;origine, une favorite des ann\u00e9es 90 de Snoop Dogg et B-Real de Cypress Hill, en Floride, o\u00f9 elle \u00e9tait partag\u00e9e exclusivement entre les producteurs locaux sous le nom de Kryptonite ou Krippy. Berger, qui a \u00e9t\u00e9 le premier \u00e0 cultiver des graines de Kush \u00e0 partir d&rsquo;un sac de fleurs au hasard, a ensuite partag\u00e9 la vari\u00e9t\u00e9 avec Del Rosso \u00e0 Los Angeles. Berger aurait \u00e9galement \u00e9t\u00e9 le premier \u00e0 inventer le nom de Kush apr\u00e8s qu&rsquo;un ami ait appel\u00e9 les colas particuli\u00e8rement givr\u00e9s de la vari\u00e9t\u00e9 \u00ab\u00a0Kushberries\u00a0\u00bb, sans aucune r\u00e9f\u00e9rence intentionnelle aux montagnes de l&rsquo;Hindu Kush d&rsquo;o\u00f9 proviennent d&rsquo;autres vari\u00e9t\u00e9s de Kush. OG Kush est \u00e9galement arriv\u00e9e \u00e0 la 1\u00e8re place du concours Weedmaps March Madness en 2020.<\/p>\n","protected":false},"excerpt":{"rendered":"<p>MARQUE\u00a0:\u00a0Big <a href=\"https:\/\/weedbates.com\/vape-pens\/cartridges\/?features_hash=10-1269\">Chief<\/a>,\u00a0TYPE DE CANNABIS\u00a0:\u00a0Indica,\u00a0EFFETS\u00a0:\u00a0D\u00e9tendu, Heureux, Giggly,\u00a0SAVEUR\u00a0:\u00a0Terreux, Citron, Fraise<\/p>\n","protected":false},"featured_media":876,"comment_status":"open","ping_status":"closed","template":"","meta":{"_monsterinsights_skip_tracking":false,"_monsterinsights_sitenote_active":false,"_monsterinsights_sitenote_note":"","_monsterinsights_sitenote_category":0},"product_brand":[],"product_cat":[17],"product_tag":[6194,6097,1289,6195,1290,1291,1292,1293,1294,1295,1296,1297,6049,1299],"class_list":{"0":"post-232","1":"product","2":"type-product","3":"status-publish","4":"has-post-thumbnail","6":"product_cat-big-chiefs-chariots","7":"product_tag-cartouche-big-chief-thc-1g-og-kush","8":"product_tag-stylos-vape-big-chief","9":"product_tag-thc-oil-austria","10":"product_tag-thc-oil-espagne","11":"product_tag-thc-oil-finland","12":"product_tag-thc-oil-france","13":"product_tag-thc-oil-germany","14":"product_tag-thc-oil-greece","15":"product_tag-thc-oil-hungary","16":"product_tag-thc-oil-in-europe","17":"product_tag-thc-oil-ireland","18":"product_tag-thc-oil-italy","19":"product_tag-thc-oil-pologne","20":"product_tag-thc-oil-portugal","22":"first","23":"instock","24":"shipping-taxable","25":"purchasable","26":"product-type-simple"},"yoast_head":"<!-- This site is optimized with the Yoast SEO plugin v27.3 - https:\/\/yoast.com\/product\/yoast-seo-wordpress\/ -->\n<title>Cartouche Big Chief THC 1G - OG Kush - 510 Premium Carts - THC Oil Hungary<\/title>\n<meta name=\"description\" content=\"Cartouche Big Chief THC 1G - OG Kush, \u00e9galement connue sous le nom de &quot;Premium OG Kush&quot;, a \u00e9t\u00e9 cultiv\u00e9e pour la premi\u00e8re fois en Floride au d\u00e9but des ann\u00e9es 90 lorsqu&#039;une vari\u00e9t\u00e9 de marijuana du nord de la Californie aurait \u00e9t\u00e9 crois\u00e9e avec Chemdawg.\" \/>\n<meta name=\"robots\" content=\"index, follow, max-snippet:-1, max-image-preview:large, max-video-preview:-1\" \/>\n<link rel=\"canonical\" href=\"https:\/\/510premiumcarts.com\/index.php\/product\/cartouche-big-chief-thc-1g-og-kush\/\" \/>\n<meta property=\"og:locale\" content=\"fr_FR\" \/>\n<meta property=\"og:type\" content=\"article\" \/>\n<meta property=\"og:title\" content=\"Cartouche Big Chief THC 1G - OG Kush - 510 Premium Carts - THC Oil Hungary\" \/>\n<meta property=\"og:description\" content=\"Cartouche Big Chief THC 1G - OG Kush, \u00e9galement connue sous le nom de &quot;Premium OG Kush&quot;, a \u00e9t\u00e9 cultiv\u00e9e pour la premi\u00e8re fois en Floride au d\u00e9but des ann\u00e9es 90 lorsqu&#039;une vari\u00e9t\u00e9 de marijuana du nord de la Californie aurait \u00e9t\u00e9 crois\u00e9e avec Chemdawg.\" \/>\n<meta property=\"og:url\" content=\"https:\/\/510premiumcarts.com\/index.php\/product\/cartouche-big-chief-thc-1g-og-kush\/\" \/>\n<meta property=\"og:site_name\" content=\"510 Premium Carts\" \/>\n<meta property=\"article:modified_time\" content=\"2026-02-27T22:23:13+00:00\" \/>\n<meta property=\"og:image\" content=\"http:\/\/510premiumcarts.com\/wp-content\/uploads\/2021\/10\/12_6db1-uc.png\" \/>\n\t<meta property=\"og:image:width\" content=\"590\" \/>\n\t<meta property=\"og:image:height\" content=\"590\" \/>\n\t<meta property=\"og:image:type\" content=\"image\/png\" \/>\n<meta name=\"twitter:card\" content=\"summary_large_image\" \/>\n<meta name=\"twitter:label1\" content=\"Dur\u00e9e de lecture estim\u00e9e\" \/>\n\t<meta name=\"twitter:data1\" content=\"2 minutes\" \/>\n<script type=\"application\/ld+json\" class=\"yoast-schema-graph\">{\"@context\":\"https:\\\/\\\/schema.org\",\"@graph\":[{\"@type\":\"WebPage\",\"@id\":\"https:\\\/\\\/510premiumcarts.com\\\/index.php\\\/product\\\/cartouche-big-chief-thc-1g-og-kush\\\/\",\"url\":\"https:\\\/\\\/510premiumcarts.com\\\/index.php\\\/product\\\/cartouche-big-chief-thc-1g-og-kush\\\/\",\"name\":\"Cartouche Big Chief THC 1G - OG Kush - 510 Premium Carts - THC Oil Hungary\",\"isPartOf\":{\"@id\":\"https:\\\/\\\/510premiumcarts.com\\\/#website\"},\"primaryImageOfPage\":{\"@id\":\"https:\\\/\\\/510premiumcarts.com\\\/index.php\\\/product\\\/cartouche-big-chief-thc-1g-og-kush\\\/#primaryimage\"},\"image\":{\"@id\":\"https:\\\/\\\/510premiumcarts.com\\\/index.php\\\/product\\\/cartouche-big-chief-thc-1g-og-kush\\\/#primaryimage\"},\"thumbnailUrl\":\"https:\\\/\\\/510premiumcarts.com\\\/wp-content\\\/uploads\\\/2021\\\/10\\\/12_6db1-uc.png\",\"datePublished\":\"2021-10-18T13:32:43+00:00\",\"dateModified\":\"2026-02-27T22:23:13+00:00\",\"description\":\"Cartouche Big Chief THC 1G - OG Kush, \u00e9galement connue sous le nom de \\\"Premium OG Kush\\\", a \u00e9t\u00e9 cultiv\u00e9e pour la premi\u00e8re fois en Floride au d\u00e9but des ann\u00e9es 90 lorsqu'une vari\u00e9t\u00e9 de marijuana du nord de la Californie aurait \u00e9t\u00e9 crois\u00e9e avec Chemdawg.\",\"breadcrumb\":{\"@id\":\"https:\\\/\\\/510premiumcarts.com\\\/index.php\\\/product\\\/cartouche-big-chief-thc-1g-og-kush\\\/#breadcrumb\"},\"inLanguage\":\"fr-FR\",\"potentialAction\":[{\"@type\":\"ReadAction\",\"target\":[\"https:\\\/\\\/510premiumcarts.com\\\/index.php\\\/product\\\/cartouche-big-chief-thc-1g-og-kush\\\/\"]}]},{\"@type\":\"ImageObject\",\"inLanguage\":\"fr-FR\",\"@id\":\"https:\\\/\\\/510premiumcarts.com\\\/index.php\\\/product\\\/cartouche-big-chief-thc-1g-og-kush\\\/#primaryimage\",\"url\":\"https:\\\/\\\/510premiumcarts.com\\\/wp-content\\\/uploads\\\/2021\\\/10\\\/12_6db1-uc.png\",\"contentUrl\":\"https:\\\/\\\/510premiumcarts.com\\\/wp-content\\\/uploads\\\/2021\\\/10\\\/12_6db1-uc.png\",\"width\":590,\"height\":590,\"caption\":\"Cartouche Big Chief THC 1G - OG Kush\"},{\"@type\":\"BreadcrumbList\",\"@id\":\"https:\\\/\\\/510premiumcarts.com\\\/index.php\\\/product\\\/cartouche-big-chief-thc-1g-og-kush\\\/#breadcrumb\",\"itemListElement\":[{\"@type\":\"ListItem\",\"position\":1,\"name\":\"Home\",\"item\":\"https:\\\/\\\/510premiumcarts.com\\\/\"},{\"@type\":\"ListItem\",\"position\":2,\"name\":\"Marques de vapotage\",\"item\":\"https:\\\/\\\/510premiumcarts.com\\\/index.php\\\/acheter-du-cannabis\\\/\"},{\"@type\":\"ListItem\",\"position\":3,\"name\":\"Cartouche Big Chief THC 1G &#8211; OG Kush\"}]},{\"@type\":\"WebSite\",\"@id\":\"https:\\\/\\\/510premiumcarts.com\\\/#website\",\"url\":\"https:\\\/\\\/510premiumcarts.com\\\/\",\"name\":\"510 Premium Carts\",\"description\":\"Just another WordPress site\",\"potentialAction\":[{\"@type\":\"SearchAction\",\"target\":{\"@type\":\"EntryPoint\",\"urlTemplate\":\"https:\\\/\\\/510premiumcarts.com\\\/?s={search_term_string}\"},\"query-input\":{\"@type\":\"PropertyValueSpecification\",\"valueRequired\":true,\"valueName\":\"search_term_string\"}}],\"inLanguage\":\"fr-FR\"}]}<\/script>\n<!-- \/ Yoast SEO plugin. -->","yoast_head_json":{"title":"Cartouche Big Chief THC 1G - OG Kush - 510 Premium Carts - THC Oil Hungary","description":"Cartouche Big Chief THC 1G - OG Kush, \u00e9galement connue sous le nom de \"Premium OG Kush\", a \u00e9t\u00e9 cultiv\u00e9e pour la premi\u00e8re fois en Floride au d\u00e9but des ann\u00e9es 90 lorsqu'une vari\u00e9t\u00e9 de marijuana du nord de la Californie aurait \u00e9t\u00e9 crois\u00e9e avec Chemdawg.","robots":{"index":"index","follow":"follow","max-snippet":"max-snippet:-1","max-image-preview":"max-image-preview:large","max-video-preview":"max-video-preview:-1"},"canonical":"https:\/\/510premiumcarts.com\/index.php\/product\/cartouche-big-chief-thc-1g-og-kush\/","og_locale":"fr_FR","og_type":"article","og_title":"Cartouche Big Chief THC 1G - OG Kush - 510 Premium Carts - THC Oil Hungary","og_description":"Cartouche Big Chief THC 1G - OG Kush, \u00e9galement connue sous le nom de \"Premium OG Kush\", a \u00e9t\u00e9 cultiv\u00e9e pour la premi\u00e8re fois en Floride au d\u00e9but des ann\u00e9es 90 lorsqu'une vari\u00e9t\u00e9 de marijuana du nord de la Californie aurait \u00e9t\u00e9 crois\u00e9e avec Chemdawg.","og_url":"https:\/\/510premiumcarts.com\/index.php\/product\/cartouche-big-chief-thc-1g-og-kush\/","og_site_name":"510 Premium Carts","article_modified_time":"2026-02-27T22:23:13+00:00","og_image":[{"width":590,"height":590,"url":"http:\/\/510premiumcarts.com\/wp-content\/uploads\/2021\/10\/12_6db1-uc.png","type":"image\/png"}],"twitter_card":"summary_large_image","twitter_misc":{"Dur\u00e9e de lecture estim\u00e9e":"2 minutes"},"schema":{"@context":"https:\/\/schema.org","@graph":[{"@type":"WebPage","@id":"https:\/\/510premiumcarts.com\/index.php\/product\/cartouche-big-chief-thc-1g-og-kush\/","url":"https:\/\/510premiumcarts.com\/index.php\/product\/cartouche-big-chief-thc-1g-og-kush\/","name":"Cartouche Big Chief THC 1G - OG Kush - 510 Premium Carts - THC Oil Hungary","isPartOf":{"@id":"https:\/\/510premiumcarts.com\/#website"},"primaryImageOfPage":{"@id":"https:\/\/510premiumcarts.com\/index.php\/product\/cartouche-big-chief-thc-1g-og-kush\/#primaryimage"},"image":{"@id":"https:\/\/510premiumcarts.com\/index.php\/product\/cartouche-big-chief-thc-1g-og-kush\/#primaryimage"},"thumbnailUrl":"https:\/\/510premiumcarts.com\/wp-content\/uploads\/2021\/10\/12_6db1-uc.png","datePublished":"2021-10-18T13:32:43+00:00","dateModified":"2026-02-27T22:23:13+00:00","description":"Cartouche Big Chief THC 1G - OG Kush, \u00e9galement connue sous le nom de \"Premium OG Kush\", a \u00e9t\u00e9 cultiv\u00e9e pour la premi\u00e8re fois en Floride au d\u00e9but des ann\u00e9es 90 lorsqu'une vari\u00e9t\u00e9 de marijuana du nord de la Californie aurait \u00e9t\u00e9 crois\u00e9e avec Chemdawg.","breadcrumb":{"@id":"https:\/\/510premiumcarts.com\/index.php\/product\/cartouche-big-chief-thc-1g-og-kush\/#breadcrumb"},"inLanguage":"fr-FR","potentialAction":[{"@type":"ReadAction","target":["https:\/\/510premiumcarts.com\/index.php\/product\/cartouche-big-chief-thc-1g-og-kush\/"]}]},{"@type":"ImageObject","inLanguage":"fr-FR","@id":"https:\/\/510premiumcarts.com\/index.php\/product\/cartouche-big-chief-thc-1g-og-kush\/#primaryimage","url":"https:\/\/510premiumcarts.com\/wp-content\/uploads\/2021\/10\/12_6db1-uc.png","contentUrl":"https:\/\/510premiumcarts.com\/wp-content\/uploads\/2021\/10\/12_6db1-uc.png","width":590,"height":590,"caption":"Cartouche Big Chief THC 1G - OG Kush"},{"@type":"BreadcrumbList","@id":"https:\/\/510premiumcarts.com\/index.php\/product\/cartouche-big-chief-thc-1g-og-kush\/#breadcrumb","itemListElement":[{"@type":"ListItem","position":1,"name":"Home","item":"https:\/\/510premiumcarts.com\/"},{"@type":"ListItem","position":2,"name":"Marques de vapotage","item":"https:\/\/510premiumcarts.com\/index.php\/acheter-du-cannabis\/"},{"@type":"ListItem","position":3,"name":"Cartouche Big Chief THC 1G &#8211; OG Kush"}]},{"@type":"WebSite","@id":"https:\/\/510premiumcarts.com\/#website","url":"https:\/\/510premiumcarts.com\/","name":"510 Premium Carts","description":"Just another WordPress site","potentialAction":[{"@type":"SearchAction","target":{"@type":"EntryPoint","urlTemplate":"https:\/\/510premiumcarts.com\/?s={search_term_string}"},"query-input":{"@type":"PropertyValueSpecification","valueRequired":true,"valueName":"search_term_string"}}],"inLanguage":"fr-FR"}]}},"jetpack_sharing_enabled":true,"_links":{"self":[{"href":"https:\/\/510premiumcarts.com\/index.php\/wp-json\/wp\/v2\/product\/232","targetHints":{"allow":["GET"]}}],"collection":[{"href":"https:\/\/510premiumcarts.com\/index.php\/wp-json\/wp\/v2\/product"}],"about":[{"href":"https:\/\/510premiumcarts.com\/index.php\/wp-json\/wp\/v2\/types\/product"}],"replies":[{"embeddable":true,"href":"https:\/\/510premiumcarts.com\/index.php\/wp-json\/wp\/v2\/comments?post=232"}],"wp:featuredmedia":[{"embeddable":true,"href":"https:\/\/510premiumcarts.com\/index.php\/wp-json\/wp\/v2\/media\/876"}],"wp:attachment":[{"href":"https:\/\/510premiumcarts.com\/index.php\/wp-json\/wp\/v2\/media?parent=232"}],"wp:term":[{"taxonomy":"product_brand","embeddable":true,"href":"https:\/\/510premiumcarts.com\/index.php\/wp-json\/wp\/v2\/product_brand?post=232"},{"taxonomy":"product_cat","embeddable":true,"href":"https:\/\/510premiumcarts.com\/index.php\/wp-json\/wp\/v2\/product_cat?post=232"},{"taxonomy":"product_tag","embeddable":true,"href":"https:\/\/510premiumcarts.com\/index.php\/wp-json\/wp\/v2\/product_tag?post=232"}],"curies":[{"name":"wp","href":"https:\/\/api.w.org\/{rel}","templated":true}]}}