{"id":236,"date":"2021-10-18T13:38:08","date_gmt":"2021-10-18T13:38:08","guid":{"rendered":"https:\/\/510premiumcarts.com\/?post_type=product&#038;p=236"},"modified":"2023-03-12T18:31:09","modified_gmt":"2023-03-12T18:31:09","slug":"cartouche-big-chief-thc-1g-sunset-gelato","status":"publish","type":"product","link":"https:\/\/510premiumcarts.com\/index.php\/product\/cartouche-big-chief-thc-1g-sunset-gelato\/","title":{"rendered":"Cartouche Big Chief THC 1G \u2013 Sunset Gelato"},"content":{"rendered":"<h1><a href=\"https:\/\/510premiumcarts.com\/index.php\/product-category\/big-chiefs-carts\/\"><span style=\"color: #ffcc00;\">Cartouche Big Chief THC 1G \u2013 Sunset Gelato<\/span><\/a><\/h1>\n<p>Gelato est un croisement entre Sunset Sherbet et Thin Mint Girl Scout Cookies, nomm\u00e9 en hommage \u00e0 son ar\u00f4me sucr\u00e9. Aussi connu sous le nom de Larry Bird, Gelato (#33) a d&rsquo;abord \u00e9t\u00e9 cultiv\u00e9 dans la r\u00e9gion de la baie de Californie du Nord et est d\u00e9riv\u00e9 d&rsquo;une banque profonde de g\u00e9n\u00e9tiques cr\u00e9\u00e9e par la famille Cookie, la famille Sherbinskis et le cultivateur Mario Guzman.<\/p>\n<h3>Qu&rsquo;est-ce que la cartouche Big Chief THC 1G &#8211; Sunset Gelato ?<\/h3>\n<p>La cartouche Sunset Gelato <a href=\"https:\/\/discreetcannabismedshop.com\/product\/big-chief-thc-vape-cartridge-1g-sunset-gelato\/\">Cannabis<\/a> THC est <a href=\"https:\/\/www.bigchiefcarts.org\/product\/big-chief-sunset-gelato\/\">une<\/a> <a href=\"https:\/\/www.onlyplatinum.me\/product\/big-chief-thc-cartridge-1g-sunset-gelato\/\">superbe<\/a> forme pour <a href=\"https:\/\/bigchiefextracts.com\/products\/big-chief-thc-cartridge-1g-sunset-gelato\">savourer<\/a> les <a href=\"https:\/\/bigchiefextracts.com\/products\/big-chief-thc-cartridge-1g-sunset-gelato\">utilisations<\/a> du THC sans fumer. Cette puissante cartouche de vape premium est fabriqu\u00e9e avec des extraits de cannabis de la plus haute qualit\u00e9. Il pr\u00e9sente un m\u00e9lange de Sunset Sherbet et de Thin Mint Girl Scout Cookies, <a href=\"https:\/\/weedbates.com\/vape-pens\/cartridges\/big-chief-thc-cartridge-1g-sunset-gelato\/\">cr\u00e9ant<\/a> un ar\u00f4me qui fera danser vos papilles gustatives. Pr\u00e9parez-vous pour l&rsquo;exp\u00e9rience ultime du cannabis avec la <a href=\"https:\/\/weedbates.com\/vape-pens\/cartridges\/big-chief-thc-cartridge-1g-sunset-gelato\/\">cartouche<\/a> THC 1G de Big Chief &#8211; Sunset Gelato !<\/p>\n<h3>Les avantages de l&rsquo;utilisation de la cartouche Big <a href=\"https:\/\/www.bigchiefcarts.org\/product\/big-chief-sunset-gelato\/\">Chief<\/a> THC 1G<\/h3>\n<p>1) Big Chief THC Cartridge 1G &#8211; Sunset Gelato est une forme facile et appropri\u00e9e pour respecter le CBD. D\u00e9vissez le capuchon, retirez l&#8217;embout buccal et vissez la cartouche sur la batterie de votre stylo vape.<\/p>\n<p>2) La cartouche Big Chief THC 1G &#8211; Sunset Gelato est exceptionnellement puissante, contenant 1000 mg de CBD par cartouche. Cela implique que vous n&rsquo;aurez besoin que de bouff\u00e9es occasionnelles pour atteindre le r\u00e9sultat escompt\u00e9.<\/p>\n<p>3) Contrairement \u00e0 d&rsquo;autres formes de CBD, telles que les produits comestibles ou les huiles, lorsque vous vapotez, le CBD p\u00e9n\u00e8tre imm\u00e9diatement dans votre circulation sanguine, vous procurant un soulagement plus rapide de conditions telles que l&rsquo;anxi\u00e9t\u00e9 ou la douleur.<\/p>\n<p>4) Le vapotage est \u00e9galement l&rsquo;un des moyens les plus efficaces de prendre du CBD, car jusqu&rsquo;\u00e0 56 % de l&rsquo;huile peut \u00eatre absorb\u00e9e par votre corps, contre seulement 20 \u00e0 30 % par voie orale.<\/p>\n<h3>La d\u00e9licieuse saveur de Sunset Gelato<\/h3>\n<p>La combinaison de saveurs de gelato en fait une cartouche de vape d\u00e9licieuse et rafra\u00eechissante qui plaira \u00e0 coup s\u00fbr \u00e0 vos papilles. L&rsquo;acidit\u00e9 de la vanille est parfaitement \u00e9quilibr\u00e9e par la douceur de la glace, ce qui donne une saveur unique et d\u00e9licieuse. Vous appr\u00e9cierez toujours cette g\u00e2terie savoureuse!<\/p>\n<p><strong>Les bienfaits du cannabis pour la sant\u00e9<\/strong><\/p>\n<p>En plus d&rsquo;\u00eatre d\u00e9licieux, les bienfaits du cannabis pour la sant\u00e9 sont nombreux. Le cannabis est utile pour r\u00e9pondre \u00e0 diverses exigences m\u00e9dicales, notamment la d\u00e9tresse, la pression, les convulsions, etc. De plus, comme il ne produit aucun sous-produit nocif lorsqu&rsquo;il est consomm\u00e9, le cannabis est beaucoup plus sain pour vous que les produits du tabac comme les cigarettes. Si vous cherchez une fa\u00e7on saine de profiter de votre vari\u00e9t\u00e9 de cannabis pr\u00e9f\u00e9r\u00e9e, ne cherchez pas plus loin qu&rsquo;une cartouche de vape Sunset Gelato !<\/p>\n<h3>Comment utiliser la cartouche Sunset Gelato ?<\/h3>\n<p>Pour remplir d&rsquo;abord votre cartouche Sunset Gelato\u00a0:<\/p>\n<p>1 Retirez l&#8217;embout buccal.<br \/>\n2 Utilisez un outil de remplissage de liquide ou un petit entonnoir pour remplir lentement la chambre de la cartouche avec l&rsquo;huile ou la substance de votre choix.<br \/>\n3 Soyez attentif au bon chargement de la chambre, car cela peut g\u00e9n\u00e9rer des probl\u00e8mes de bon fonctionnement de la cartouche.<br \/>\n4 Revissez fermement l&#8217;embout buccal.<\/p>\n<p>Si vous rencontrez des difficult\u00e9s pour faire fonctionner correctement votre cartouche Sunset Gelato, l&rsquo;amor\u00e7age peut vous aider. Pour ce faire, retirez l&#8217;embout buccal et maintenez l&rsquo;extr\u00e9mit\u00e9 de la cartouche devant une source lumineuse. D&rsquo;autre part, utilisez un petit objet comme un cure-dent pour appliquer une pression au centre de la m\u00e8che \u00e0 l&rsquo;int\u00e9rieur de la chambre de la cartouche. Cela aidera \u00e0 d\u00e9marrer les choses afin que le liquide coule plus facilement lorsque vous essayez de l&rsquo;utiliser.<\/p>\n<p>Une fois votre cartouche Sunset Gelato remplie et amorc\u00e9e, elle devrait \u00eatre pr\u00eate \u00e0 l&#8217;emploi ! Attachez-le \u00e0 la batterie de votre vaporisateur et inspirez lentement et r\u00e9guli\u00e8rement par l&#8217;embout buccal jusqu&rsquo;\u00e0 ce que vous obteniez l&rsquo;effet d\u00e9sir\u00e9. N&rsquo;oubliez pas que cela peut prendre quelques minutes pour ressentir quoi que ce soit au d\u00e9but, alors continuez si rien ne se produit imm\u00e9diatement.<\/p>\n<h3>Comment tirer le maximum de la cartouche Sunset Gelato\u00a0?<\/h3>\n<p>Pour tirer le meilleur parti de votre cartouche Sunset Gelato, il est essentiel de bien la ranger. Lorsqu&rsquo;elle n&rsquo;est pas utilis\u00e9e, conservez la cartouche dans un endroit frais et sombre. \u00c9vitez l&rsquo;exposition aux rayons naturels ou \u00e0 la chaleur extr\u00eame, car cela peut d\u00e9grader la qualit\u00e9 de l&rsquo;huile.<\/p>\n<p><strong>Utilisez la cartouche r\u00e9guli\u00e8rement<\/strong><\/p>\n<p>Pour maintenir des performances optimales, il est essentiel d&rsquo;utiliser r\u00e9guli\u00e8rement votre cartouche Sunset Gelato. Si vous pr\u00e9voyez de l&rsquo;utiliser pendant une courte p\u00e9riode, assurez-vous de vider la cartouche et de la nettoyer avant de la ranger.<\/p>\n<p><strong>Gardez la cartouche propre<\/strong><\/p>\n<p>Afin de maintenir le bon fonctionnement de votre cartouche Sunset Gelato, il est crucial de la garder propre. Au fil du temps, des r\u00e9sidus peuvent s&rsquo;accumuler sur l&rsquo;\u00e9l\u00e9ment chauffant et l&#8217;embout buccal, affectant le go\u00fbt et la production de vapeur de votre appareil. Pour nettoyer votre cartouche, retirez l&#8217;embout buccal et faites-le tremper dans de l&rsquo;alcool isopropylique pendant plusieurs minutes avant de le rincer \u00e0 l&rsquo;eau ti\u00e8de et de le laisser s\u00e9cher compl\u00e8tement \u00e0 l&rsquo;air.<\/p>\n<h3>Les avantages des cartouches vape pen<\/h3>\n<p>Le vapotage est une option beaucoup plus th\u00e9rapeutique que le tabagisme, car il \u00e9limine de nombreux sous-produits nocifs de la combustion. Les vapoteurs sont \u00e9galement plus prudents que le tabagisme et peuvent \u00eatre utilis\u00e9s dans des endroits o\u00f9 vous ne pouvez pas fumer. Enfin, les vaporisateurs stylos fournissent une dose de cannabis plus pr\u00e9cise que les autres m\u00e9thodes, ce qui permet d&rsquo;\u00e9viter une surconsommation accidentelle.<\/p>\n<p><strong>Comment s\u00e9lectionner les cartouches de stylo vape appropri\u00e9es<\/strong><\/p>\n<p>La premi\u00e8re action dans la s\u00e9lection d&rsquo;un stylo vape appropri\u00e9 est d&rsquo;\u00e9valuer vos besoins. Avez-vous besoin de quelque chose de discret? Quelque chose qui produit beaucoup de vapeur ? Quelque chose qui est facile \u00e0 utiliser ?<\/p>\n<p>Vous devez commencer \u00e0 lire les critiques si vous savez ce que vous recherchez. Recherchez des sources d&rsquo;information dignes de confiance, comme des magazines ou des sites Web sp\u00e9cialis\u00e9s dans le vapotage. Consid\u00e9rez \u00e0 la fois les commentaires optimistes et pessimistes, et recherchez les caract\u00e9ristiques essentielles parmi eux.<\/p>\n<p>Adressez-vous \u00e0 un sp\u00e9cialiste si vous avez encore besoin de d\u00e9terminer quel stylo vape vous convient.<\/p>\n","protected":false},"excerpt":{"rendered":"<p>Cartouche Big Chief THC 1G \u2013 Sunset Gelato Gelato est un croisement entre Sunset Sherbet et Thin Mint Girl Scout Cookies, nomm\u00e9 en hommage \u00e0 son ar\u00f4me sucr\u00e9. Aussi connu sous le nom de Larry Bird, Gelato (#33) a d&rsquo;abord \u00e9t\u00e9 cultiv\u00e9 dans la r\u00e9gion de la baie de Californie du Nord et est d\u00e9riv\u00e9 [&#8230;]\n","protected":false},"featured_media":237,"comment_status":"open","ping_status":"closed","template":"","meta":{"_monsterinsights_skip_tracking":false,"_monsterinsights_sitenote_active":false,"_monsterinsights_sitenote_note":"","_monsterinsights_sitenote_category":0},"product_brand":[],"product_cat":[17],"product_tag":[6197,1241,1331,1337,6090,6199,6097,1289,1290,1291,1292,1299,6200,6204,6152,6153,6201,6202,6203,1336,6198],"class_list":{"0":"post-236","1":"product","2":"type-product","3":"status-publish","4":"has-post-thumbnail","6":"product_cat-big-chiefs-chariots","7":"product_tag-acheter-stylos-vape","8":"product_tag-big-chief","9":"product_tag-big-chief-sunset-gelato","10":"product_tag-big-chief-thc-cartridge-1g-sunset-gelato","11":"product_tag-cartouches-vape","12":"product_tag-stylo-vape-en-ligne","13":"product_tag-stylos-vape-big-chief","14":"product_tag-thc-oil-austria","15":"product_tag-thc-oil-finland","16":"product_tag-thc-oil-france","17":"product_tag-thc-oil-germany","18":"product_tag-thc-oil-portugal","19":"product_tag-thc-petrole-en-europe","20":"product_tag-thc-petrole-espagne","21":"product_tag-thc-petrole-grece","22":"product_tag-thc-petrole-hongrie","23":"product_tag-thc-petrole-irlande","24":"product_tag-thc-petrole-italie","25":"product_tag-thc-petrole-pologne","26":"product_tag-vape-pods","27":"product_tag-vaporisateurs-medicaux","29":"first","30":"instock","31":"shipping-taxable","32":"purchasable","33":"product-type-simple"},"yoast_head":"<!-- This site is optimized with the Yoast SEO plugin v27.3 - https:\/\/yoast.com\/product\/yoast-seo-wordpress\/ -->\n<title>Cartouche Big Chief THC 1G \u2013 Sunset Gelato - 510 Premium Carts<\/title>\n<meta name=\"description\" content=\"Cartouche Big Chief THC 1G \u2013 Sunset Gelato Un m\u00e9lange de Sunset Sherbet et Thin Mint GSC (f.k.a. Thin Mint Girl Scout Cookies), Gelato est un puissant lib\u00e9rateur\" \/>\n<meta name=\"robots\" content=\"index, follow, max-snippet:-1, max-image-preview:large, max-video-preview:-1\" \/>\n<link rel=\"canonical\" href=\"https:\/\/510premiumcarts.com\/index.php\/product\/cartouche-big-chief-thc-1g-sunset-gelato\/\" \/>\n<meta property=\"og:locale\" content=\"fr_FR\" \/>\n<meta property=\"og:type\" content=\"article\" \/>\n<meta property=\"og:title\" content=\"Cartouche Big Chief THC 1G \u2013 Sunset Gelato - 510 Premium Carts\" \/>\n<meta property=\"og:description\" content=\"Cartouche Big Chief THC 1G \u2013 Sunset Gelato Un m\u00e9lange de Sunset Sherbet et Thin Mint GSC (f.k.a. Thin Mint Girl Scout Cookies), Gelato est un puissant lib\u00e9rateur\" \/>\n<meta property=\"og:url\" content=\"https:\/\/510premiumcarts.com\/index.php\/product\/cartouche-big-chief-thc-1g-sunset-gelato\/\" \/>\n<meta property=\"og:site_name\" content=\"510 Premium Carts\" \/>\n<meta property=\"article:modified_time\" content=\"2023-03-12T18:31:09+00:00\" \/>\n<meta property=\"og:image\" content=\"http:\/\/510premiumcarts.com\/wp-content\/uploads\/2021\/10\/Sunset-Gelato.jpeg\" \/>\n\t<meta property=\"og:image:width\" content=\"600\" \/>\n\t<meta property=\"og:image:height\" content=\"600\" \/>\n\t<meta property=\"og:image:type\" content=\"image\/jpeg\" \/>\n<meta name=\"twitter:card\" content=\"summary_large_image\" \/>\n<meta name=\"twitter:label1\" content=\"Dur\u00e9e de lecture estim\u00e9e\" \/>\n\t<meta name=\"twitter:data1\" content=\"5 minutes\" \/>\n<script type=\"application\/ld+json\" class=\"yoast-schema-graph\">{\"@context\":\"https:\\\/\\\/schema.org\",\"@graph\":[{\"@type\":\"WebPage\",\"@id\":\"https:\\\/\\\/510premiumcarts.com\\\/index.php\\\/product\\\/cartouche-big-chief-thc-1g-sunset-gelato\\\/\",\"url\":\"https:\\\/\\\/510premiumcarts.com\\\/index.php\\\/product\\\/cartouche-big-chief-thc-1g-sunset-gelato\\\/\",\"name\":\"Cartouche Big Chief THC 1G \u2013 Sunset Gelato - 510 Premium Carts\",\"isPartOf\":{\"@id\":\"https:\\\/\\\/510premiumcarts.com\\\/#website\"},\"primaryImageOfPage\":{\"@id\":\"https:\\\/\\\/510premiumcarts.com\\\/index.php\\\/product\\\/cartouche-big-chief-thc-1g-sunset-gelato\\\/#primaryimage\"},\"image\":{\"@id\":\"https:\\\/\\\/510premiumcarts.com\\\/index.php\\\/product\\\/cartouche-big-chief-thc-1g-sunset-gelato\\\/#primaryimage\"},\"thumbnailUrl\":\"https:\\\/\\\/510premiumcarts.com\\\/wp-content\\\/uploads\\\/2021\\\/10\\\/Sunset-Gelato.jpeg\",\"datePublished\":\"2021-10-18T13:38:08+00:00\",\"dateModified\":\"2023-03-12T18:31:09+00:00\",\"description\":\"Cartouche Big Chief THC 1G \u2013 Sunset Gelato Un m\u00e9lange de Sunset Sherbet et Thin Mint GSC (f.k.a. Thin Mint Girl Scout Cookies), Gelato est un puissant lib\u00e9rateur\",\"breadcrumb\":{\"@id\":\"https:\\\/\\\/510premiumcarts.com\\\/index.php\\\/product\\\/cartouche-big-chief-thc-1g-sunset-gelato\\\/#breadcrumb\"},\"inLanguage\":\"fr-FR\",\"potentialAction\":[{\"@type\":\"ReadAction\",\"target\":[\"https:\\\/\\\/510premiumcarts.com\\\/index.php\\\/product\\\/cartouche-big-chief-thc-1g-sunset-gelato\\\/\"]}]},{\"@type\":\"ImageObject\",\"inLanguage\":\"fr-FR\",\"@id\":\"https:\\\/\\\/510premiumcarts.com\\\/index.php\\\/product\\\/cartouche-big-chief-thc-1g-sunset-gelato\\\/#primaryimage\",\"url\":\"https:\\\/\\\/510premiumcarts.com\\\/wp-content\\\/uploads\\\/2021\\\/10\\\/Sunset-Gelato.jpeg\",\"contentUrl\":\"https:\\\/\\\/510premiumcarts.com\\\/wp-content\\\/uploads\\\/2021\\\/10\\\/Sunset-Gelato.jpeg\",\"width\":600,\"height\":600,\"caption\":\"Cartouche Big Chief THC 1G \u2013 Sunset Gelato\"},{\"@type\":\"BreadcrumbList\",\"@id\":\"https:\\\/\\\/510premiumcarts.com\\\/index.php\\\/product\\\/cartouche-big-chief-thc-1g-sunset-gelato\\\/#breadcrumb\",\"itemListElement\":[{\"@type\":\"ListItem\",\"position\":1,\"name\":\"Home\",\"item\":\"https:\\\/\\\/510premiumcarts.com\\\/\"},{\"@type\":\"ListItem\",\"position\":2,\"name\":\"Marques de vapotage\",\"item\":\"https:\\\/\\\/510premiumcarts.com\\\/index.php\\\/acheter-du-cannabis\\\/\"},{\"@type\":\"ListItem\",\"position\":3,\"name\":\"Cartouche Big Chief THC 1G \u2013 Sunset Gelato\"}]},{\"@type\":\"WebSite\",\"@id\":\"https:\\\/\\\/510premiumcarts.com\\\/#website\",\"url\":\"https:\\\/\\\/510premiumcarts.com\\\/\",\"name\":\"510 Premium Carts\",\"description\":\"Just another WordPress site\",\"potentialAction\":[{\"@type\":\"SearchAction\",\"target\":{\"@type\":\"EntryPoint\",\"urlTemplate\":\"https:\\\/\\\/510premiumcarts.com\\\/?s={search_term_string}\"},\"query-input\":{\"@type\":\"PropertyValueSpecification\",\"valueRequired\":true,\"valueName\":\"search_term_string\"}}],\"inLanguage\":\"fr-FR\"}]}<\/script>\n<!-- \/ Yoast SEO plugin. -->","yoast_head_json":{"title":"Cartouche Big Chief THC 1G \u2013 Sunset Gelato - 510 Premium Carts","description":"Cartouche Big Chief THC 1G \u2013 Sunset Gelato Un m\u00e9lange de Sunset Sherbet et Thin Mint GSC (f.k.a. Thin Mint Girl Scout Cookies), Gelato est un puissant lib\u00e9rateur","robots":{"index":"index","follow":"follow","max-snippet":"max-snippet:-1","max-image-preview":"max-image-preview:large","max-video-preview":"max-video-preview:-1"},"canonical":"https:\/\/510premiumcarts.com\/index.php\/product\/cartouche-big-chief-thc-1g-sunset-gelato\/","og_locale":"fr_FR","og_type":"article","og_title":"Cartouche Big Chief THC 1G \u2013 Sunset Gelato - 510 Premium Carts","og_description":"Cartouche Big Chief THC 1G \u2013 Sunset Gelato Un m\u00e9lange de Sunset Sherbet et Thin Mint GSC (f.k.a. Thin Mint Girl Scout Cookies), Gelato est un puissant lib\u00e9rateur","og_url":"https:\/\/510premiumcarts.com\/index.php\/product\/cartouche-big-chief-thc-1g-sunset-gelato\/","og_site_name":"510 Premium Carts","article_modified_time":"2023-03-12T18:31:09+00:00","og_image":[{"width":600,"height":600,"url":"http:\/\/510premiumcarts.com\/wp-content\/uploads\/2021\/10\/Sunset-Gelato.jpeg","type":"image\/jpeg"}],"twitter_card":"summary_large_image","twitter_misc":{"Dur\u00e9e de lecture estim\u00e9e":"5 minutes"},"schema":{"@context":"https:\/\/schema.org","@graph":[{"@type":"WebPage","@id":"https:\/\/510premiumcarts.com\/index.php\/product\/cartouche-big-chief-thc-1g-sunset-gelato\/","url":"https:\/\/510premiumcarts.com\/index.php\/product\/cartouche-big-chief-thc-1g-sunset-gelato\/","name":"Cartouche Big Chief THC 1G \u2013 Sunset Gelato - 510 Premium Carts","isPartOf":{"@id":"https:\/\/510premiumcarts.com\/#website"},"primaryImageOfPage":{"@id":"https:\/\/510premiumcarts.com\/index.php\/product\/cartouche-big-chief-thc-1g-sunset-gelato\/#primaryimage"},"image":{"@id":"https:\/\/510premiumcarts.com\/index.php\/product\/cartouche-big-chief-thc-1g-sunset-gelato\/#primaryimage"},"thumbnailUrl":"https:\/\/510premiumcarts.com\/wp-content\/uploads\/2021\/10\/Sunset-Gelato.jpeg","datePublished":"2021-10-18T13:38:08+00:00","dateModified":"2023-03-12T18:31:09+00:00","description":"Cartouche Big Chief THC 1G \u2013 Sunset Gelato Un m\u00e9lange de Sunset Sherbet et Thin Mint GSC (f.k.a. Thin Mint Girl Scout Cookies), Gelato est un puissant lib\u00e9rateur","breadcrumb":{"@id":"https:\/\/510premiumcarts.com\/index.php\/product\/cartouche-big-chief-thc-1g-sunset-gelato\/#breadcrumb"},"inLanguage":"fr-FR","potentialAction":[{"@type":"ReadAction","target":["https:\/\/510premiumcarts.com\/index.php\/product\/cartouche-big-chief-thc-1g-sunset-gelato\/"]}]},{"@type":"ImageObject","inLanguage":"fr-FR","@id":"https:\/\/510premiumcarts.com\/index.php\/product\/cartouche-big-chief-thc-1g-sunset-gelato\/#primaryimage","url":"https:\/\/510premiumcarts.com\/wp-content\/uploads\/2021\/10\/Sunset-Gelato.jpeg","contentUrl":"https:\/\/510premiumcarts.com\/wp-content\/uploads\/2021\/10\/Sunset-Gelato.jpeg","width":600,"height":600,"caption":"Cartouche Big Chief THC 1G \u2013 Sunset Gelato"},{"@type":"BreadcrumbList","@id":"https:\/\/510premiumcarts.com\/index.php\/product\/cartouche-big-chief-thc-1g-sunset-gelato\/#breadcrumb","itemListElement":[{"@type":"ListItem","position":1,"name":"Home","item":"https:\/\/510premiumcarts.com\/"},{"@type":"ListItem","position":2,"name":"Marques de vapotage","item":"https:\/\/510premiumcarts.com\/index.php\/acheter-du-cannabis\/"},{"@type":"ListItem","position":3,"name":"Cartouche Big Chief THC 1G \u2013 Sunset Gelato"}]},{"@type":"WebSite","@id":"https:\/\/510premiumcarts.com\/#website","url":"https:\/\/510premiumcarts.com\/","name":"510 Premium Carts","description":"Just another WordPress site","potentialAction":[{"@type":"SearchAction","target":{"@type":"EntryPoint","urlTemplate":"https:\/\/510premiumcarts.com\/?s={search_term_string}"},"query-input":{"@type":"PropertyValueSpecification","valueRequired":true,"valueName":"search_term_string"}}],"inLanguage":"fr-FR"}]}},"jetpack_sharing_enabled":true,"_links":{"self":[{"href":"https:\/\/510premiumcarts.com\/index.php\/wp-json\/wp\/v2\/product\/236","targetHints":{"allow":["GET"]}}],"collection":[{"href":"https:\/\/510premiumcarts.com\/index.php\/wp-json\/wp\/v2\/product"}],"about":[{"href":"https:\/\/510premiumcarts.com\/index.php\/wp-json\/wp\/v2\/types\/product"}],"replies":[{"embeddable":true,"href":"https:\/\/510premiumcarts.com\/index.php\/wp-json\/wp\/v2\/comments?post=236"}],"wp:featuredmedia":[{"embeddable":true,"href":"https:\/\/510premiumcarts.com\/index.php\/wp-json\/wp\/v2\/media\/237"}],"wp:attachment":[{"href":"https:\/\/510premiumcarts.com\/index.php\/wp-json\/wp\/v2\/media?parent=236"}],"wp:term":[{"taxonomy":"product_brand","embeddable":true,"href":"https:\/\/510premiumcarts.com\/index.php\/wp-json\/wp\/v2\/product_brand?post=236"},{"taxonomy":"product_cat","embeddable":true,"href":"https:\/\/510premiumcarts.com\/index.php\/wp-json\/wp\/v2\/product_cat?post=236"},{"taxonomy":"product_tag","embeddable":true,"href":"https:\/\/510premiumcarts.com\/index.php\/wp-json\/wp\/v2\/product_tag?post=236"}],"curies":[{"name":"wp","href":"https:\/\/api.w.org\/{rel}","templated":true}]}}